{"id":235805,"date":"2026-04-17T11:27:18","date_gmt":"2026-04-17T09:27:18","guid":{"rendered":"https:\/\/shop.bantam.ch\/produit\/erweiterungskit-fuer-3-fahrrad-schwarz\/"},"modified":"2026-04-18T00:00:03","modified_gmt":"2026-04-17T22:00:03","slug":"erweiterungskit-fuer-3-fahrrad-schwarz","status":"publish","type":"product","link":"https:\/\/shop.bantam.ch\/de\/produkt\/erweiterungskit-fuer-3-fahrrad-schwarz\/","title":{"rendered":"Erweiterungskit f\u00fcr 3. Fahrrad, schwarz"},"content":{"rendered":"<p data-start=\"0\" data-end=\"80\"><span data-start=\"0\" data-end=\"80\">Zusatzschiene f\u00fcr VANBIKE Fahrradtr\u00e4ger \u2013 Erweiterungskit f\u00fcr das 3. Fahrrad.\u00a0<\/span>Ben\u00f6tigen Sie auf Ihren Reisen ein zus\u00e4tzliches Fahrrad? Diese VANBIKE-Zusatzschiene ist die ideale L\u00f6sung, um die Kapazit\u00e4t Ihres Fahrradtr\u00e4gers ganz einfach zu erweitern. Sie wurde so entwickelt, dass sie sich nahtlos in das bestehende System integriert und das sichere sowie praktische Mitf\u00fchren eines dritten Fahrrads erm\u00f6glicht.\u00a0Ein Fahrrad mehr \u2013 ganz ohne Einschr\u00e4nkungen.\u00a0Mit diesem Erweiterungskit k\u00f6nnen Sie Ihren VANBIKE-Fahrradtr\u00e4ger um ein zus\u00e4tzliches Fahrrad erweitern. Ideal f\u00fcr Reisen mit dem Van oder Wohnmobil \u2013 es passt sich Ihren Bed\u00fcrfnissen an und bietet mehr Freiheit unterwegs.\u00a0Stabilit\u00e4t und einfache Handhabung im Alltag.\u00a0Die Schiene ist f\u00fcr den regelm\u00e4\u00dfigen Einsatz konzipiert und sorgt f\u00fcr einen stabilen und sicheren Halt des Fahrrads w\u00e4hrend des Transports. Dank der robusten Bauweise und des einfachen Befestigungssystems erfolgt die Montage schnell und unkompliziert.\u00a0Komplett-Set, montagefertig.\u00a0Das Kit enth\u00e4lt alles, was f\u00fcr die Installation ben\u00f6tigt wird:\u00a02 Halterungen \/ Befestigungen.\u00a01 Fahrradschiene.\u00a01 langer Haltearm.\u00a0Inklusive Montageschrauben.\u00a0Alles ist f\u00fcr eine sofortige Installation vorbereitet.<\/p>\n","protected":false},"excerpt":{"rendered":"<p>Zusatzschiene f\u00fcr VANBIKE Fahrradtr\u00e4ger \u2013 Erweiterungskit f\u00fcr das 3. Fahrrad.\u00a0Ben\u00f6tigen Sie auf Ihren Reisen ein zus\u00e4tzliches Fahrrad? Diese VANBIKE-Zusatzschiene ist die ideale L\u00f6sung, um die Kapazit\u00e4t Ihres Fahrradtr\u00e4gers ganz einfach zu erweitern. Sie wurde so entwickelt, dass sie sich nahtlos in das bestehende System integriert und das sichere sowie praktische Mitf\u00fchren eines dritten Fahrrads erm\u00f6glicht.\u00a0Ein [&hellip;]<\/p>\n","protected":false},"featured_media":235803,"template":"","meta":{"_acf_changed":false},"product_featured_cat":[],"product_brand":[5384],"product_cat":[4698],"product_tag":[],"class_list":{"0":"post-235805","1":"product","2":"type-product","3":"status-publish","4":"has-post-thumbnail","6":"product_brand-vanbike-de","7":"product_cat-fahrradtraeger-zubehoer","9":"first","10":"instock","11":"taxable","12":"shipping-taxable","13":"purchasable","14":"product-type-simple"},"acf":[],"yoast_head":"<!-- This site is optimized with the Yoast SEO plugin v27.4 - https:\/\/yoast.com\/product\/yoast-seo-wordpress\/ -->\n<title>Erweiterungskit f\u00fcr 3. Fahrrad, schwarz - Bantam Camping AG<\/title>\n<meta name=\"robots\" content=\"index, follow, max-snippet:-1, max-image-preview:large, max-video-preview:-1\" \/>\n<link rel=\"canonical\" href=\"https:\/\/shop.bantam.ch\/de\/produkt\/erweiterungskit-fuer-3-fahrrad-schwarz\/\" \/>\n<meta property=\"og:locale\" content=\"de_DE\" \/>\n<meta property=\"og:type\" content=\"article\" \/>\n<meta property=\"og:title\" content=\"Erweiterungskit f\u00fcr 3. Fahrrad, schwarz - Bantam Camping AG\" \/>\n<meta property=\"og:description\" content=\"Zusatzschiene f\u00fcr VANBIKE Fahrradtr\u00e4ger \u2013 Erweiterungskit f\u00fcr das 3. Fahrrad.\u00a0Ben\u00f6tigen Sie auf Ihren Reisen ein zus\u00e4tzliches Fahrrad? Diese VANBIKE-Zusatzschiene ist die ideale L\u00f6sung, um die Kapazit\u00e4t Ihres Fahrradtr\u00e4gers ganz einfach zu erweitern. Sie wurde so entwickelt, dass sie sich nahtlos in das bestehende System integriert und das sichere sowie praktische Mitf\u00fchren eines dritten Fahrrads erm\u00f6glicht.\u00a0Ein [&hellip;]\" \/>\n<meta property=\"og:url\" content=\"https:\/\/shop.bantam.ch\/de\/produkt\/erweiterungskit-fuer-3-fahrrad-schwarz\/\" \/>\n<meta property=\"og:site_name\" content=\"Bantam Camping AG\" \/>\n<meta property=\"article:modified_time\" content=\"2026-04-17T22:00:03+00:00\" \/>\n<meta property=\"og:image\" content=\"https:\/\/shop.bantam.ch\/wp-content\/uploads\/2026\/04\/77326018.jpg\" \/>\n\t<meta property=\"og:image:width\" content=\"455\" \/>\n\t<meta property=\"og:image:height\" content=\"460\" \/>\n\t<meta property=\"og:image:type\" content=\"image\/jpeg\" \/>\n<meta name=\"twitter:card\" content=\"summary_large_image\" \/>\n<meta name=\"twitter:label1\" content=\"Gesch\u00e4tzte Lesezeit\" \/>\n\t<meta name=\"twitter:data1\" content=\"1\u00a0Minute\" \/>\n<script type=\"application\/ld+json\" class=\"yoast-schema-graph\">{\"@context\":\"https:\\\/\\\/schema.org\",\"@graph\":[{\"@type\":\"WebPage\",\"@id\":\"https:\\\/\\\/shop.bantam.ch\\\/de\\\/produkt\\\/erweiterungskit-fuer-3-fahrrad-schwarz\\\/\",\"url\":\"https:\\\/\\\/shop.bantam.ch\\\/de\\\/produkt\\\/erweiterungskit-fuer-3-fahrrad-schwarz\\\/\",\"name\":\"Erweiterungskit f\u00fcr 3. Fahrrad, schwarz - Bantam Camping AG\",\"isPartOf\":{\"@id\":\"https:\\\/\\\/shop.bantam.ch\\\/de\\\/#website\"},\"primaryImageOfPage\":{\"@id\":\"https:\\\/\\\/shop.bantam.ch\\\/de\\\/produkt\\\/erweiterungskit-fuer-3-fahrrad-schwarz\\\/#primaryimage\"},\"image\":{\"@id\":\"https:\\\/\\\/shop.bantam.ch\\\/de\\\/produkt\\\/erweiterungskit-fuer-3-fahrrad-schwarz\\\/#primaryimage\"},\"thumbnailUrl\":\"https:\\\/\\\/shop.bantam.ch\\\/wp-content\\\/uploads\\\/2026\\\/04\\\/77326018.jpg\",\"datePublished\":\"2026-04-17T09:27:18+00:00\",\"dateModified\":\"2026-04-17T22:00:03+00:00\",\"breadcrumb\":{\"@id\":\"https:\\\/\\\/shop.bantam.ch\\\/de\\\/produkt\\\/erweiterungskit-fuer-3-fahrrad-schwarz\\\/#breadcrumb\"},\"inLanguage\":\"de\",\"potentialAction\":[{\"@type\":\"ReadAction\",\"target\":[\"https:\\\/\\\/shop.bantam.ch\\\/de\\\/produkt\\\/erweiterungskit-fuer-3-fahrrad-schwarz\\\/\"]}]},{\"@type\":\"ImageObject\",\"inLanguage\":\"de\",\"@id\":\"https:\\\/\\\/shop.bantam.ch\\\/de\\\/produkt\\\/erweiterungskit-fuer-3-fahrrad-schwarz\\\/#primaryimage\",\"url\":\"https:\\\/\\\/shop.bantam.ch\\\/wp-content\\\/uploads\\\/2026\\\/04\\\/77326018.jpg\",\"contentUrl\":\"https:\\\/\\\/shop.bantam.ch\\\/wp-content\\\/uploads\\\/2026\\\/04\\\/77326018.jpg\",\"width\":455,\"height\":460},{\"@type\":\"BreadcrumbList\",\"@id\":\"https:\\\/\\\/shop.bantam.ch\\\/de\\\/produkt\\\/erweiterungskit-fuer-3-fahrrad-schwarz\\\/#breadcrumb\",\"itemListElement\":[{\"@type\":\"ListItem\",\"position\":1,\"name\":\"Accueil\",\"item\":\"https:\\\/\\\/shop.bantam.ch\\\/de\\\/\"},{\"@type\":\"ListItem\",\"position\":2,\"name\":\"Shop\",\"item\":\"https:\\\/\\\/shop.bantam.ch\\\/de\\\/shop\\\/\"},{\"@type\":\"ListItem\",\"position\":3,\"name\":\"Erweiterungskit f\u00fcr 3. Fahrrad, schwarz\"}]},{\"@type\":\"WebSite\",\"@id\":\"https:\\\/\\\/shop.bantam.ch\\\/de\\\/#website\",\"url\":\"https:\\\/\\\/shop.bantam.ch\\\/de\\\/\",\"name\":\"Bantam Camping AG\",\"description\":\"\",\"publisher\":{\"@id\":\"https:\\\/\\\/shop.bantam.ch\\\/de\\\/#organization\"},\"inLanguage\":\"de\"},{\"@type\":\"Organization\",\"@id\":\"https:\\\/\\\/shop.bantam.ch\\\/de\\\/#organization\",\"name\":\"Bantam Camping AG\",\"url\":\"https:\\\/\\\/shop.bantam.ch\\\/de\\\/\",\"logo\":{\"@type\":\"ImageObject\",\"inLanguage\":\"de\",\"@id\":\"https:\\\/\\\/shop.bantam.ch\\\/de\\\/#\\\/schema\\\/logo\\\/image\\\/\",\"url\":\"https:\\\/\\\/shop.bantam.ch\\\/wp-content\\\/uploads\\\/2022\\\/12\\\/bantam-logo.png\",\"contentUrl\":\"https:\\\/\\\/shop.bantam.ch\\\/wp-content\\\/uploads\\\/2022\\\/12\\\/bantam-logo.png\",\"width\":320,\"height\":71,\"caption\":\"Bantam Camping AG\"},\"image\":{\"@id\":\"https:\\\/\\\/shop.bantam.ch\\\/de\\\/#\\\/schema\\\/logo\\\/image\\\/\"}}]}<\/script>\n<!-- \/ Yoast SEO plugin. -->","yoast_head_json":{"title":"Erweiterungskit f\u00fcr 3. Fahrrad, schwarz - Bantam Camping AG","robots":{"index":"index","follow":"follow","max-snippet":"max-snippet:-1","max-image-preview":"max-image-preview:large","max-video-preview":"max-video-preview:-1"},"canonical":"https:\/\/shop.bantam.ch\/de\/produkt\/erweiterungskit-fuer-3-fahrrad-schwarz\/","og_locale":"de_DE","og_type":"article","og_title":"Erweiterungskit f\u00fcr 3. Fahrrad, schwarz - Bantam Camping AG","og_description":"Zusatzschiene f\u00fcr VANBIKE Fahrradtr\u00e4ger \u2013 Erweiterungskit f\u00fcr das 3. Fahrrad.\u00a0Ben\u00f6tigen Sie auf Ihren Reisen ein zus\u00e4tzliches Fahrrad? Diese VANBIKE-Zusatzschiene ist die ideale L\u00f6sung, um die Kapazit\u00e4t Ihres Fahrradtr\u00e4gers ganz einfach zu erweitern. Sie wurde so entwickelt, dass sie sich nahtlos in das bestehende System integriert und das sichere sowie praktische Mitf\u00fchren eines dritten Fahrrads erm\u00f6glicht.\u00a0Ein [&hellip;]","og_url":"https:\/\/shop.bantam.ch\/de\/produkt\/erweiterungskit-fuer-3-fahrrad-schwarz\/","og_site_name":"Bantam Camping AG","article_modified_time":"2026-04-17T22:00:03+00:00","og_image":[{"width":455,"height":460,"url":"https:\/\/shop.bantam.ch\/wp-content\/uploads\/2026\/04\/77326018.jpg","type":"image\/jpeg"}],"twitter_card":"summary_large_image","twitter_misc":{"Gesch\u00e4tzte Lesezeit":"1\u00a0Minute"},"schema":{"@context":"https:\/\/schema.org","@graph":[{"@type":"WebPage","@id":"https:\/\/shop.bantam.ch\/de\/produkt\/erweiterungskit-fuer-3-fahrrad-schwarz\/","url":"https:\/\/shop.bantam.ch\/de\/produkt\/erweiterungskit-fuer-3-fahrrad-schwarz\/","name":"Erweiterungskit f\u00fcr 3. Fahrrad, schwarz - Bantam Camping AG","isPartOf":{"@id":"https:\/\/shop.bantam.ch\/de\/#website"},"primaryImageOfPage":{"@id":"https:\/\/shop.bantam.ch\/de\/produkt\/erweiterungskit-fuer-3-fahrrad-schwarz\/#primaryimage"},"image":{"@id":"https:\/\/shop.bantam.ch\/de\/produkt\/erweiterungskit-fuer-3-fahrrad-schwarz\/#primaryimage"},"thumbnailUrl":"https:\/\/shop.bantam.ch\/wp-content\/uploads\/2026\/04\/77326018.jpg","datePublished":"2026-04-17T09:27:18+00:00","dateModified":"2026-04-17T22:00:03+00:00","breadcrumb":{"@id":"https:\/\/shop.bantam.ch\/de\/produkt\/erweiterungskit-fuer-3-fahrrad-schwarz\/#breadcrumb"},"inLanguage":"de","potentialAction":[{"@type":"ReadAction","target":["https:\/\/shop.bantam.ch\/de\/produkt\/erweiterungskit-fuer-3-fahrrad-schwarz\/"]}]},{"@type":"ImageObject","inLanguage":"de","@id":"https:\/\/shop.bantam.ch\/de\/produkt\/erweiterungskit-fuer-3-fahrrad-schwarz\/#primaryimage","url":"https:\/\/shop.bantam.ch\/wp-content\/uploads\/2026\/04\/77326018.jpg","contentUrl":"https:\/\/shop.bantam.ch\/wp-content\/uploads\/2026\/04\/77326018.jpg","width":455,"height":460},{"@type":"BreadcrumbList","@id":"https:\/\/shop.bantam.ch\/de\/produkt\/erweiterungskit-fuer-3-fahrrad-schwarz\/#breadcrumb","itemListElement":[{"@type":"ListItem","position":1,"name":"Accueil","item":"https:\/\/shop.bantam.ch\/de\/"},{"@type":"ListItem","position":2,"name":"Shop","item":"https:\/\/shop.bantam.ch\/de\/shop\/"},{"@type":"ListItem","position":3,"name":"Erweiterungskit f\u00fcr 3. Fahrrad, schwarz"}]},{"@type":"WebSite","@id":"https:\/\/shop.bantam.ch\/de\/#website","url":"https:\/\/shop.bantam.ch\/de\/","name":"Bantam Camping AG","description":"","publisher":{"@id":"https:\/\/shop.bantam.ch\/de\/#organization"},"inLanguage":"de"},{"@type":"Organization","@id":"https:\/\/shop.bantam.ch\/de\/#organization","name":"Bantam Camping AG","url":"https:\/\/shop.bantam.ch\/de\/","logo":{"@type":"ImageObject","inLanguage":"de","@id":"https:\/\/shop.bantam.ch\/de\/#\/schema\/logo\/image\/","url":"https:\/\/shop.bantam.ch\/wp-content\/uploads\/2022\/12\/bantam-logo.png","contentUrl":"https:\/\/shop.bantam.ch\/wp-content\/uploads\/2022\/12\/bantam-logo.png","width":320,"height":71,"caption":"Bantam Camping AG"},"image":{"@id":"https:\/\/shop.bantam.ch\/de\/#\/schema\/logo\/image\/"}}]}},"_links":{"self":[{"href":"https:\/\/shop.bantam.ch\/de\/wp-json\/wp\/v2\/product\/235805","targetHints":{"allow":["GET"]}}],"collection":[{"href":"https:\/\/shop.bantam.ch\/de\/wp-json\/wp\/v2\/product"}],"about":[{"href":"https:\/\/shop.bantam.ch\/de\/wp-json\/wp\/v2\/types\/product"}],"wp:featuredmedia":[{"embeddable":true,"href":"https:\/\/shop.bantam.ch\/de\/wp-json\/wp\/v2\/media\/235803"}],"wp:attachment":[{"href":"https:\/\/shop.bantam.ch\/de\/wp-json\/wp\/v2\/media?parent=235805"}],"wp:term":[{"taxonomy":"product_featured_cat","embeddable":true,"href":"https:\/\/shop.bantam.ch\/de\/wp-json\/wp\/v2\/product_featured_cat?post=235805"},{"taxonomy":"product_brand","embeddable":true,"href":"https:\/\/shop.bantam.ch\/de\/wp-json\/wp\/v2\/product_brand?post=235805"},{"taxonomy":"product_cat","embeddable":true,"href":"https:\/\/shop.bantam.ch\/de\/wp-json\/wp\/v2\/product_cat?post=235805"},{"taxonomy":"product_tag","embeddable":true,"href":"https:\/\/shop.bantam.ch\/de\/wp-json\/wp\/v2\/product_tag?post=235805"}],"curies":[{"name":"wp","href":"https:\/\/api.w.org\/{rel}","templated":true}]}}