{"id":235801,"date":"2026-04-17T11:22:27","date_gmt":"2026-04-17T09:22:27","guid":{"rendered":"https:\/\/shop.bantam.ch\/produit\/automatische-satellitenantenne-orbiter-85-satmatic-hd-fransat\/"},"modified":"2026-04-19T00:03:47","modified_gmt":"2026-04-18T22:03:47","slug":"automatische-satellitenantenne-orbiter-85-satmatic-hd-fransat","status":"publish","type":"product","link":"https:\/\/shop.bantam.ch\/de\/produkt\/automatische-satellitenantenne-orbiter-85-satmatic-hd-fransat\/","title":{"rendered":"Automatische Satellitenantenne Orbiter 85 Satmatic HD Fransat"},"content":{"rendered":"<p>Die automatische Satellitenantenne Orbiter von Alden ist f\u00fcr die Montage auf dem Fahrzeugdach konzipiert. Sie zeichnet sich durch ihre franz\u00f6sische Herstellung, ihr funktionales Design und ihre geringe Aufbauh\u00f6he aus. Design und Abmessungen. Die Orbiter-Antenne hat eine Aufbauh\u00f6he von nur 21 cm. Ihre Konstruktion ist leicht und langlebig ausgelegt. Die Parabolspiegel wurden so entwickelt, dass der Windwiderstand m\u00f6glichst gering bleibt. Versionen und Steuerungssysteme. Je nach gew\u00e4hlter Version stehen vier Steuerungsvarianten zur Verf\u00fcgung: Satmatic HD FRANSAT: Zugriff auf das FRANSAT-Angebot \u00fcber den Satelliten EUTELSAT 5WB. Satmatic HD TNTSAT: Zugriff auf das TNTSAT-Angebot \u00fcber den Satelliten ASTRA 19,2\u00b0E. AIO Satmatic-HD: Integrierter \u201eAll-in-One\u201c-Fernseher mit FRANSAT-Receiver und Antennensteuerung. S.S.C. HD: Lieferung mit Steuerger\u00e4t, ohne Receiver. Parabolgr\u00f6\u00dfen und Ausf\u00fchrungen. Die Orbiter-Antenne ist in vier Gr\u00f6\u00dfen erh\u00e4ltlich: 60 \/ 65 \/ 80 \/ 85 cm. Zwei Ausf\u00fchrungen stehen zur Wahl: Wei\u00df oder Platinium. Empfang und Funktionen. Receiver mit integriertem akustischen Satellitenfinder. Zugang zu kostenlosem HD-Fernsehen (TNT) \u00fcber FRANSAT.<br \/>\nMarke: Alden<br \/>\nModell: Orbiter<br \/>\nFarbe: Wei\u00df \/ Platinium<br \/>\nDach\u00fcberstand: 21 cm<br \/>\nParabolgr\u00f6\u00dfen: 60 \/ 65 \/ 80 \/ 85 cm<br \/>\nOptionen: LNB Twin, Skew GPS (bei Bestellung anzugeben)<br \/>\nHerkunft: Hergestellt in Frankreich<br \/>\nWeitere Eigenschaften<br \/>\nStromversorgung: 12 V<br \/>\nMobile Netzantenne: Nein<br \/>\nFarbe: Wei\u00df<br \/>\nSpiegeldurchmesser: 85 cm<br \/>\nH\u00f6he: 21 cm<br \/>\nBreite: 75 cm<br \/>\nL\u00e4nge: 96 cm<br \/>\nLieferumfang: 12-Volt-Stromkabel<br \/>\nVersion: Fransat<br \/>\nSuchmodus: Automatisch<br \/>\nNettogewicht: 9,2 kg<br \/>\nAutomatischer Skew: Nein<br \/>\nTwin LNB: Nein<br \/>\nAntennentyp: Rotierend**<\/p>\n","protected":false},"excerpt":{"rendered":"<p>Die automatische Satellitenantenne Orbiter von Alden ist f\u00fcr die Montage auf dem Fahrzeugdach konzipiert. Sie zeichnet sich durch ihre franz\u00f6sische Herstellung, ihr funktionales Design und ihre geringe Aufbauh\u00f6he aus. Design und Abmessungen. Die Orbiter-Antenne hat eine Aufbauh\u00f6he von nur 21 cm. Ihre Konstruktion ist leicht und langlebig ausgelegt. Die Parabolspiegel wurden so entwickelt, dass der [&hellip;]<\/p>\n","protected":false},"featured_media":235797,"template":"","meta":{"_acf_changed":false},"product_featured_cat":[],"product_brand":[3077],"product_cat":[4524],"product_tag":[],"class_list":{"0":"post-235801","1":"product","2":"type-product","3":"status-publish","4":"has-post-thumbnail","6":"product_brand-alden-de","7":"product_cat-sat-anlagen","9":"first","10":"instock","11":"taxable","12":"shipping-taxable","13":"purchasable","14":"product-type-simple"},"acf":[],"yoast_head":"<!-- This site is optimized with the Yoast SEO plugin v27.4 - https:\/\/yoast.com\/product\/yoast-seo-wordpress\/ -->\n<title>Automatische Satellitenantenne Orbiter 85 Satmatic HD Fransat - Bantam Camping AG<\/title>\n<meta name=\"robots\" content=\"index, follow, max-snippet:-1, max-image-preview:large, max-video-preview:-1\" \/>\n<link rel=\"canonical\" href=\"https:\/\/shop.bantam.ch\/de\/produkt\/automatische-satellitenantenne-orbiter-85-satmatic-hd-fransat\/\" \/>\n<meta property=\"og:locale\" content=\"de_DE\" \/>\n<meta property=\"og:type\" content=\"article\" \/>\n<meta property=\"og:title\" content=\"Automatische Satellitenantenne Orbiter 85 Satmatic HD Fransat - Bantam Camping AG\" \/>\n<meta property=\"og:description\" content=\"Die automatische Satellitenantenne Orbiter von Alden ist f\u00fcr die Montage auf dem Fahrzeugdach konzipiert. Sie zeichnet sich durch ihre franz\u00f6sische Herstellung, ihr funktionales Design und ihre geringe Aufbauh\u00f6he aus. Design und Abmessungen. Die Orbiter-Antenne hat eine Aufbauh\u00f6he von nur 21 cm. Ihre Konstruktion ist leicht und langlebig ausgelegt. Die Parabolspiegel wurden so entwickelt, dass der [&hellip;]\" \/>\n<meta property=\"og:url\" content=\"https:\/\/shop.bantam.ch\/de\/produkt\/automatische-satellitenantenne-orbiter-85-satmatic-hd-fransat\/\" \/>\n<meta property=\"og:site_name\" content=\"Bantam Camping AG\" \/>\n<meta property=\"article:modified_time\" content=\"2026-04-18T22:03:47+00:00\" \/>\n<meta property=\"og:image\" content=\"https:\/\/shop.bantam.ch\/wp-content\/uploads\/2026\/04\/77326017.jpg\" \/>\n\t<meta property=\"og:image:width\" content=\"455\" \/>\n\t<meta property=\"og:image:height\" content=\"460\" \/>\n\t<meta property=\"og:image:type\" content=\"image\/jpeg\" \/>\n<meta name=\"twitter:card\" content=\"summary_large_image\" \/>\n<meta name=\"twitter:label1\" content=\"Gesch\u00e4tzte Lesezeit\" \/>\n\t<meta name=\"twitter:data1\" content=\"1\u00a0Minute\" \/>\n<script type=\"application\/ld+json\" class=\"yoast-schema-graph\">{\"@context\":\"https:\\\/\\\/schema.org\",\"@graph\":[{\"@type\":\"WebPage\",\"@id\":\"https:\\\/\\\/shop.bantam.ch\\\/de\\\/produkt\\\/automatische-satellitenantenne-orbiter-85-satmatic-hd-fransat\\\/\",\"url\":\"https:\\\/\\\/shop.bantam.ch\\\/de\\\/produkt\\\/automatische-satellitenantenne-orbiter-85-satmatic-hd-fransat\\\/\",\"name\":\"Automatische Satellitenantenne Orbiter 85 Satmatic HD Fransat - Bantam Camping AG\",\"isPartOf\":{\"@id\":\"https:\\\/\\\/shop.bantam.ch\\\/de\\\/#website\"},\"primaryImageOfPage\":{\"@id\":\"https:\\\/\\\/shop.bantam.ch\\\/de\\\/produkt\\\/automatische-satellitenantenne-orbiter-85-satmatic-hd-fransat\\\/#primaryimage\"},\"image\":{\"@id\":\"https:\\\/\\\/shop.bantam.ch\\\/de\\\/produkt\\\/automatische-satellitenantenne-orbiter-85-satmatic-hd-fransat\\\/#primaryimage\"},\"thumbnailUrl\":\"https:\\\/\\\/shop.bantam.ch\\\/wp-content\\\/uploads\\\/2026\\\/04\\\/77326017.jpg\",\"datePublished\":\"2026-04-17T09:22:27+00:00\",\"dateModified\":\"2026-04-18T22:03:47+00:00\",\"breadcrumb\":{\"@id\":\"https:\\\/\\\/shop.bantam.ch\\\/de\\\/produkt\\\/automatische-satellitenantenne-orbiter-85-satmatic-hd-fransat\\\/#breadcrumb\"},\"inLanguage\":\"de\",\"potentialAction\":[{\"@type\":\"ReadAction\",\"target\":[\"https:\\\/\\\/shop.bantam.ch\\\/de\\\/produkt\\\/automatische-satellitenantenne-orbiter-85-satmatic-hd-fransat\\\/\"]}]},{\"@type\":\"ImageObject\",\"inLanguage\":\"de\",\"@id\":\"https:\\\/\\\/shop.bantam.ch\\\/de\\\/produkt\\\/automatische-satellitenantenne-orbiter-85-satmatic-hd-fransat\\\/#primaryimage\",\"url\":\"https:\\\/\\\/shop.bantam.ch\\\/wp-content\\\/uploads\\\/2026\\\/04\\\/77326017.jpg\",\"contentUrl\":\"https:\\\/\\\/shop.bantam.ch\\\/wp-content\\\/uploads\\\/2026\\\/04\\\/77326017.jpg\",\"width\":455,\"height\":460},{\"@type\":\"BreadcrumbList\",\"@id\":\"https:\\\/\\\/shop.bantam.ch\\\/de\\\/produkt\\\/automatische-satellitenantenne-orbiter-85-satmatic-hd-fransat\\\/#breadcrumb\",\"itemListElement\":[{\"@type\":\"ListItem\",\"position\":1,\"name\":\"Accueil\",\"item\":\"https:\\\/\\\/shop.bantam.ch\\\/de\\\/\"},{\"@type\":\"ListItem\",\"position\":2,\"name\":\"Shop\",\"item\":\"https:\\\/\\\/shop.bantam.ch\\\/de\\\/shop\\\/\"},{\"@type\":\"ListItem\",\"position\":3,\"name\":\"Automatische Satellitenantenne Orbiter 85 Satmatic HD Fransat\"}]},{\"@type\":\"WebSite\",\"@id\":\"https:\\\/\\\/shop.bantam.ch\\\/de\\\/#website\",\"url\":\"https:\\\/\\\/shop.bantam.ch\\\/de\\\/\",\"name\":\"Bantam Camping AG\",\"description\":\"\",\"publisher\":{\"@id\":\"https:\\\/\\\/shop.bantam.ch\\\/de\\\/#organization\"},\"inLanguage\":\"de\"},{\"@type\":\"Organization\",\"@id\":\"https:\\\/\\\/shop.bantam.ch\\\/de\\\/#organization\",\"name\":\"Bantam Camping AG\",\"url\":\"https:\\\/\\\/shop.bantam.ch\\\/de\\\/\",\"logo\":{\"@type\":\"ImageObject\",\"inLanguage\":\"de\",\"@id\":\"https:\\\/\\\/shop.bantam.ch\\\/de\\\/#\\\/schema\\\/logo\\\/image\\\/\",\"url\":\"https:\\\/\\\/shop.bantam.ch\\\/wp-content\\\/uploads\\\/2022\\\/12\\\/bantam-logo.png\",\"contentUrl\":\"https:\\\/\\\/shop.bantam.ch\\\/wp-content\\\/uploads\\\/2022\\\/12\\\/bantam-logo.png\",\"width\":320,\"height\":71,\"caption\":\"Bantam Camping AG\"},\"image\":{\"@id\":\"https:\\\/\\\/shop.bantam.ch\\\/de\\\/#\\\/schema\\\/logo\\\/image\\\/\"}}]}<\/script>\n<!-- \/ Yoast SEO plugin. -->","yoast_head_json":{"title":"Automatische Satellitenantenne Orbiter 85 Satmatic HD Fransat - Bantam Camping AG","robots":{"index":"index","follow":"follow","max-snippet":"max-snippet:-1","max-image-preview":"max-image-preview:large","max-video-preview":"max-video-preview:-1"},"canonical":"https:\/\/shop.bantam.ch\/de\/produkt\/automatische-satellitenantenne-orbiter-85-satmatic-hd-fransat\/","og_locale":"de_DE","og_type":"article","og_title":"Automatische Satellitenantenne Orbiter 85 Satmatic HD Fransat - Bantam Camping AG","og_description":"Die automatische Satellitenantenne Orbiter von Alden ist f\u00fcr die Montage auf dem Fahrzeugdach konzipiert. Sie zeichnet sich durch ihre franz\u00f6sische Herstellung, ihr funktionales Design und ihre geringe Aufbauh\u00f6he aus. Design und Abmessungen. Die Orbiter-Antenne hat eine Aufbauh\u00f6he von nur 21 cm. Ihre Konstruktion ist leicht und langlebig ausgelegt. Die Parabolspiegel wurden so entwickelt, dass der [&hellip;]","og_url":"https:\/\/shop.bantam.ch\/de\/produkt\/automatische-satellitenantenne-orbiter-85-satmatic-hd-fransat\/","og_site_name":"Bantam Camping AG","article_modified_time":"2026-04-18T22:03:47+00:00","og_image":[{"width":455,"height":460,"url":"https:\/\/shop.bantam.ch\/wp-content\/uploads\/2026\/04\/77326017.jpg","type":"image\/jpeg"}],"twitter_card":"summary_large_image","twitter_misc":{"Gesch\u00e4tzte Lesezeit":"1\u00a0Minute"},"schema":{"@context":"https:\/\/schema.org","@graph":[{"@type":"WebPage","@id":"https:\/\/shop.bantam.ch\/de\/produkt\/automatische-satellitenantenne-orbiter-85-satmatic-hd-fransat\/","url":"https:\/\/shop.bantam.ch\/de\/produkt\/automatische-satellitenantenne-orbiter-85-satmatic-hd-fransat\/","name":"Automatische Satellitenantenne Orbiter 85 Satmatic HD Fransat - Bantam Camping AG","isPartOf":{"@id":"https:\/\/shop.bantam.ch\/de\/#website"},"primaryImageOfPage":{"@id":"https:\/\/shop.bantam.ch\/de\/produkt\/automatische-satellitenantenne-orbiter-85-satmatic-hd-fransat\/#primaryimage"},"image":{"@id":"https:\/\/shop.bantam.ch\/de\/produkt\/automatische-satellitenantenne-orbiter-85-satmatic-hd-fransat\/#primaryimage"},"thumbnailUrl":"https:\/\/shop.bantam.ch\/wp-content\/uploads\/2026\/04\/77326017.jpg","datePublished":"2026-04-17T09:22:27+00:00","dateModified":"2026-04-18T22:03:47+00:00","breadcrumb":{"@id":"https:\/\/shop.bantam.ch\/de\/produkt\/automatische-satellitenantenne-orbiter-85-satmatic-hd-fransat\/#breadcrumb"},"inLanguage":"de","potentialAction":[{"@type":"ReadAction","target":["https:\/\/shop.bantam.ch\/de\/produkt\/automatische-satellitenantenne-orbiter-85-satmatic-hd-fransat\/"]}]},{"@type":"ImageObject","inLanguage":"de","@id":"https:\/\/shop.bantam.ch\/de\/produkt\/automatische-satellitenantenne-orbiter-85-satmatic-hd-fransat\/#primaryimage","url":"https:\/\/shop.bantam.ch\/wp-content\/uploads\/2026\/04\/77326017.jpg","contentUrl":"https:\/\/shop.bantam.ch\/wp-content\/uploads\/2026\/04\/77326017.jpg","width":455,"height":460},{"@type":"BreadcrumbList","@id":"https:\/\/shop.bantam.ch\/de\/produkt\/automatische-satellitenantenne-orbiter-85-satmatic-hd-fransat\/#breadcrumb","itemListElement":[{"@type":"ListItem","position":1,"name":"Accueil","item":"https:\/\/shop.bantam.ch\/de\/"},{"@type":"ListItem","position":2,"name":"Shop","item":"https:\/\/shop.bantam.ch\/de\/shop\/"},{"@type":"ListItem","position":3,"name":"Automatische Satellitenantenne Orbiter 85 Satmatic HD Fransat"}]},{"@type":"WebSite","@id":"https:\/\/shop.bantam.ch\/de\/#website","url":"https:\/\/shop.bantam.ch\/de\/","name":"Bantam Camping AG","description":"","publisher":{"@id":"https:\/\/shop.bantam.ch\/de\/#organization"},"inLanguage":"de"},{"@type":"Organization","@id":"https:\/\/shop.bantam.ch\/de\/#organization","name":"Bantam Camping AG","url":"https:\/\/shop.bantam.ch\/de\/","logo":{"@type":"ImageObject","inLanguage":"de","@id":"https:\/\/shop.bantam.ch\/de\/#\/schema\/logo\/image\/","url":"https:\/\/shop.bantam.ch\/wp-content\/uploads\/2022\/12\/bantam-logo.png","contentUrl":"https:\/\/shop.bantam.ch\/wp-content\/uploads\/2022\/12\/bantam-logo.png","width":320,"height":71,"caption":"Bantam Camping AG"},"image":{"@id":"https:\/\/shop.bantam.ch\/de\/#\/schema\/logo\/image\/"}}]}},"_links":{"self":[{"href":"https:\/\/shop.bantam.ch\/de\/wp-json\/wp\/v2\/product\/235801","targetHints":{"allow":["GET"]}}],"collection":[{"href":"https:\/\/shop.bantam.ch\/de\/wp-json\/wp\/v2\/product"}],"about":[{"href":"https:\/\/shop.bantam.ch\/de\/wp-json\/wp\/v2\/types\/product"}],"wp:featuredmedia":[{"embeddable":true,"href":"https:\/\/shop.bantam.ch\/de\/wp-json\/wp\/v2\/media\/235797"}],"wp:attachment":[{"href":"https:\/\/shop.bantam.ch\/de\/wp-json\/wp\/v2\/media?parent=235801"}],"wp:term":[{"taxonomy":"product_featured_cat","embeddable":true,"href":"https:\/\/shop.bantam.ch\/de\/wp-json\/wp\/v2\/product_featured_cat?post=235801"},{"taxonomy":"product_brand","embeddable":true,"href":"https:\/\/shop.bantam.ch\/de\/wp-json\/wp\/v2\/product_brand?post=235801"},{"taxonomy":"product_cat","embeddable":true,"href":"https:\/\/shop.bantam.ch\/de\/wp-json\/wp\/v2\/product_cat?post=235801"},{"taxonomy":"product_tag","embeddable":true,"href":"https:\/\/shop.bantam.ch\/de\/wp-json\/wp\/v2\/product_tag?post=235801"}],"curies":[{"name":"wp","href":"https:\/\/api.w.org\/{rel}","templated":true}]}}