{"id":235756,"date":"2026-04-15T10:21:20","date_gmt":"2026-04-15T08:21:20","guid":{"rendered":"https:\/\/shop.bantam.ch\/produit\/wohnmobil-set-starlink-mini-12v-24v-inkl-selfsat-mwr-5550\/"},"modified":"2026-04-19T02:39:34","modified_gmt":"2026-04-19T00:39:34","slug":"wohnmobil-set-starlink-mini-12v-24v-inkl-selfsat-mwr-5550","status":"publish","type":"product","link":"https:\/\/shop.bantam.ch\/de\/produkt\/wohnmobil-set-starlink-mini-12v-24v-inkl-selfsat-mwr-5550\/","title":{"rendered":"Wohnmobil-Set Starlink Mini (12V\/24V) inkl. Selfsat MWR 5550"},"content":{"rendered":"<p>&lt;!&#8211;StartFragment &#8211;&gt;Dieses fertige Set bietet maximale Internetm\u00f6glichkeiten per STARLINK, 5G Mobilfunknetz oder Campingplatz WLAN.<\/p>\n<p>Es besteht aus dem STARLINK MINI, der STARLINK MINI MOBILE HALTERUNG, einer Dachmontageplatte, einer Dachdurchf\u00fchrung, einem 12 Volt Zigarettenanz\u00fcnderkabel f\u00fcr STARLINK MINI 3 m, einem Netzwerkkabel zum STARLINK mit 3 m L\u00e4nge und abdichtenden Steckern, einem LAN Kabel mit 1,5 m L\u00e4nge zum Router und dem SELFSAT MWR 5550 Router mit SELFSAT Antenne in schwarz.<\/p>\n<p>Produktbeschreibung STARLINK MINI:<\/p>\n<p>HIGHSPEED INTERNET AUF DER GANZEN WELT:<\/p>\n<p>Starlink bietet fast \u00fcberall auf der Welt Highspeed Internet. Mit den Reise Servicetarifen k\u00f6nnen Sie in Ihrem eigenen Land \u00fcberallhin reisen, sowie Auslandsreisen in M\u00e4rkte machen, in denen Starlink live ist. Starlink stellt innerhalb von Minuten eine Verbindung her.<\/p>\n<p>NUTZEN SIE STARLINK IN BEWEGUNG:<\/p>\n<p>Die Nutzung in Bewegung wird von allen Starlink Reise Servicetarifen und bis 160 km\/h unterst\u00fctzt.<\/p>\n<p>WETTERBEST\u00c4NDIG:<\/p>\n<p>Starlinks sind so konzipiert, dass sie auch schwierigen Witterungsbedingungen standhalten \u2013 sie k\u00f6nnen Schnee schmelzen und Graupel, Starkregen und starken St\u00fcrmen standhalten.<\/p>\n<p>GEHEN SIE IN WENIGEN MINUTEN ONLINE:<\/p>\n<p>Anschlie\u00dfen und auf den Himmel richten. Starlink erfordert eine freie Sicht auf den Himmel. Laden Sie die Starlink App herunter, um die beste Ausrichtung zu ermitteln.<\/p>\n<p>Verbrauchsabh\u00e4ngige Abrechnung:<\/p>\n<p>Starlink bietet aktuell den Servicetarif REISE 50 GB oder REISE UNBEGRENZT. Die Abrechnung erfolgt monatlich. Der Service l\u00e4sst sich mit der Grundversorgung gegen eine geringe monatliche Geb\u00fchr jederzeit pausieren und fortsetzen und erm\u00f6glicht so den Empfang von Nachrichten im Notfall und eine einfache Reaktivierung in Funkl\u00f6chern.<\/p>\n<p>SCHNELL UND SICHER F\u00dcR ABGELEGENE EINSATZORTE:<\/p>\n<p>Sie k\u00f6nnen jederzeit und \u00fcberall nahtlos arbeiten. Starlink sch\u00fctzt Ihre Daten und die Vertraulichkeit des Datenverkehrs von Nutzern mit einer Ende zu Ende Verschl\u00fcsselung.<\/p>\n<p>Der Mini Starlink ist ein kompaktes, tragbares Kit, das problemlos in einen Rucksack passt und f\u00fcr Highspeed Internet mit geringer Latenz unterwegs entwickelt wurde. Es bietet einen integrierten WLAN Router, geringeren Stromverbrauch, Gleichstromanschluss und maximale Download Geschwindigkeiten von \u00fcber 100 Mbits.<\/p>\n<p>STARLINK MINI:<\/p>\n<ul>\n<li>Sichtfeld 110\u00b0<\/li>\n<li>Gewicht 1,1 kg, 1,16 kg m. St\u00e4nder<\/li>\n<li>Schutzklasse IP67 Typ 4<\/li>\n<li>Betriebstemperatur -30\u00b0 bis 50\u00b0C<\/li>\n<li>Energieverbrauch \u00d8 25 40 W<\/li>\n<li>Eingangsspannung 12 48 V, 60 W<\/li>\n<li>USB PD Anf. 100 W, min. 20 V \/ 5 A<\/li>\n<li>WLAN 5<\/li>\n<li>1 Ethernetanschluss<\/li>\n<li>Abmessung 30 x 26 x 4 cm<\/li>\n<\/ul>\n<p>STARLINK NETZTEIL:<\/p>\n<ul>\n<li>Leistungsspez. 100 240 V, ~ 1,6 A<\/li>\n<li>Abmessung 10 x 5 x 5 cm<\/li>\n<\/ul>\n<p>PRODUKTBESCHREIBUNG SELFSAT MWR 5550 mit SELFSAT Dachantenne:<\/p>\n<ul>\n<li>Verbindung zum 5G Mobilfunknetz (bis 3,3 Gbps) oder 4G LTE (Cat 20)<\/li>\n<li>Verbindung zu Campingplatz WLANs mit und ohne Anmeldeseite (Captive Portal)<\/li>\n<li>Verbindung zu Starlink bei Anschluss einer Starlink Antenne<\/li>\n<li>2 SIM Karten Einsch\u00fcbe<\/li>\n<li>Besonders einfache Einrichtung und Bedienung<\/li>\n<li>GPS Ortung des Wohnmobils oder Wohnwagens m\u00f6glich<\/li>\n<li>VPN f\u00e4hig, z. B. zum Streamen im Ausland<\/li>\n<\/ul>\n<p>Im Wohnmobil oder Wohnwagen ist eine stabile Internetverbindung f\u00fcr Smartphone, Tablet, Laptop, Smart TV oder Spielekonsole oft eine Herausforderung. SELFSAT bietet verschiedene L\u00f6sungen f\u00fcr WLAN Versorgung unterwegs. Die SELFSAT Router k\u00f6nnen \u00fcber das 12\/24 Volt Bordnetz betrieben werden und empfangen WLAN oder Mobilfunknetz Signale von au\u00dfen, um sie im Fahrzeug als privates, gesch\u00fctztes WLAN auszustrahlen. Eine Au\u00dfenantenne sorgt f\u00fcr guten Empfang und die \u00dcberbr\u00fcckung der Abschirmung der Au\u00dfenh\u00fclle des Fahrzeugs. Die Montage ist einfach und die Antenne ist staub- und wasserdicht. Die Verbindung mit dem Router erfolgt \u00fcber QR Codes oder WLAN Namen und Passwort. Die Bedienung ist benutzerfreundlich, erfolgt \u00fcber den Internet Browser und erfordert somit keine separate App. Der Router unterst\u00fctzt die Anmeldung an Campingplatz WLANs mit Anmeldeseite (Captive Portal), die GPS Ortung des Wohnmobils, die Installation von VPNs zum Streamen im Ausland und ist Starlink kompatibel.<\/p>\n<p>Leistungsmerkmale Router:<\/p>\n<ul>\n<li>Unterst\u00fctzte Mobilfunk Generationen: 5G (bis 3,3 Gbps), 4G LTE (Cat 20 bis zu 2,0 Gbps), 3G (bis zu 42 Mbps)<\/li>\n<li>Unterst\u00fctzte WiFi Frequenzen (Eingang): 2.4 GHz, 5 GHz<\/li>\n<li>Unterst\u00fctzte WiFi Frequenzen (Ausgabe): 2.4 GHz, 5 GHz<\/li>\n<li>Unterst\u00fctzt GPS zur Ortung und Zeitsynchronisation<\/li>\n<li>2 SIM Karten Einsch\u00fcbe: Mini SIM (2FF)<\/li>\n<li>Ethernet Schnittstellen: 1 x WAN, 4 x LAN RJ45<\/li>\n<li>Spannungsversorgung: 9 50 Volt DC<\/li>\n<li>Abmessung: 132 x 45 x 96 mm<\/li>\n<li>Gewicht: 533 g<\/li>\n<li>Betriebstemperatur: -40\u00b0C 75\u00b0C<\/li>\n<li>Schutzklasse: IP30<\/li>\n<\/ul>\n<p>Leistungsmerkmale Antenne:<\/p>\n<ul>\n<li>4G \/ LTE \/ 5G<\/li>\n<li>MIMO Frequenzbereich: 698 960 MHz, 1710 2690 MHz, 2900 3600 MHz<\/li>\n<li>Signalgewinn: 4 dBi<\/li>\n<li>Kabel: 4 x LMR100 (besonders niedriger Signalverlust), L\u00e4nge 1 m (1 m oder 2 m Kabelverl\u00e4ngerung optional erh\u00e4ltlich)<\/li>\n<li>Anschl\u00fcsse: SMA m\u00e4nnlich \/ male<\/li>\n<li>WLAN 2.4 GHz \/ 5 GHz<\/li>\n<li>Frequenzbereich: 2400 2483.5 MHz, 4900 5825 MHz<\/li>\n<li>Signalgewinn: 4 dBi<\/li>\n<li>Kabel: 1 x LMR100 (besonders niedriger Signalverlust), L\u00e4nge 1 m (1 m oder 2 m Kabelverl\u00e4ngerung optional erh\u00e4ltlich)<\/li>\n<li>Anschluss: RP SMA m\u00e4nnlich \/ male<\/li>\n<li>GPS<\/li>\n<li>Frequenzbereich: 1.562 1612 MHz<\/li>\n<li>Signalgewinn: 26 dB<\/li>\n<li>Kabel: 1 x LMR100 (besonders niedriger Signalverlust), L\u00e4nge 1 m (1 m oder 2 m Kabelverl\u00e4ngerung optional erh\u00e4ltlich)<\/li>\n<li>Anschluss: SMA m\u00e4nnlich \/ male<\/li>\n<li>Betriebstemperatur: -40\u00b0C 85\u00b0C<\/li>\n<li>Schutzklasse: IP67 (ausgenommen Kabelausgang)<\/li>\n<li>Abmessung: 189 x 182 x 85 mm<\/li>\n<\/ul>\n<p>&lt;!&#8211;EndFragment &#8211;&gt;<\/p>\n","protected":false},"excerpt":{"rendered":"<p>&lt;!&#8211;StartFragment &#8211;&gt;Dieses fertige Set bietet maximale Internetm\u00f6glichkeiten per STARLINK, 5G Mobilfunknetz oder Campingplatz WLAN. Es besteht aus dem STARLINK MINI, der STARLINK MINI MOBILE HALTERUNG, einer Dachmontageplatte, einer Dachdurchf\u00fchrung, einem 12 Volt Zigarettenanz\u00fcnderkabel f\u00fcr STARLINK MINI 3 m, einem Netzwerkkabel zum STARLINK mit 3 m L\u00e4nge und abdichtenden Steckern, einem LAN Kabel mit 1,5 m [&hellip;]<\/p>\n","protected":false},"featured_media":235746,"template":"","meta":{"_acf_changed":false},"product_featured_cat":[],"product_brand":[5382],"product_cat":[5152],"product_tag":[],"class_list":{"0":"post-235756","1":"product","2":"type-product","3":"status-publish","4":"has-post-thumbnail","6":"product_brand-selfast-de","7":"product_cat-wlan-lte-antennen","9":"first","10":"instock","11":"taxable","12":"shipping-taxable","13":"purchasable","14":"product-type-variable"},"acf":[],"yoast_head":"<!-- This site is optimized with the Yoast SEO plugin v27.4 - https:\/\/yoast.com\/product\/yoast-seo-wordpress\/ -->\n<title>Wohnmobil-Set Starlink Mini (12V\/24V) inkl. Selfsat MWR 5550 - Bantam Camping AG<\/title>\n<meta name=\"robots\" content=\"index, follow, max-snippet:-1, max-image-preview:large, max-video-preview:-1\" \/>\n<link rel=\"canonical\" href=\"https:\/\/shop.bantam.ch\/de\/produkt\/wohnmobil-set-starlink-mini-12v-24v-inkl-selfsat-mwr-5550\/\" \/>\n<meta property=\"og:locale\" content=\"de_DE\" \/>\n<meta property=\"og:type\" content=\"article\" \/>\n<meta property=\"og:title\" content=\"Wohnmobil-Set Starlink Mini (12V\/24V) inkl. Selfsat MWR 5550 - Bantam Camping AG\" \/>\n<meta property=\"og:description\" content=\"&lt;!&#8211;StartFragment &#8211;&gt;Dieses fertige Set bietet maximale Internetm\u00f6glichkeiten per STARLINK, 5G Mobilfunknetz oder Campingplatz WLAN. Es besteht aus dem STARLINK MINI, der STARLINK MINI MOBILE HALTERUNG, einer Dachmontageplatte, einer Dachdurchf\u00fchrung, einem 12 Volt Zigarettenanz\u00fcnderkabel f\u00fcr STARLINK MINI 3 m, einem Netzwerkkabel zum STARLINK mit 3 m L\u00e4nge und abdichtenden Steckern, einem LAN Kabel mit 1,5 m [&hellip;]\" \/>\n<meta property=\"og:url\" content=\"https:\/\/shop.bantam.ch\/de\/produkt\/wohnmobil-set-starlink-mini-12v-24v-inkl-selfsat-mwr-5550\/\" \/>\n<meta property=\"og:site_name\" content=\"Bantam Camping AG\" \/>\n<meta property=\"article:modified_time\" content=\"2026-04-19T00:39:34+00:00\" \/>\n<meta property=\"og:image\" content=\"https:\/\/shop.bantam.ch\/wp-content\/uploads\/2026\/04\/Movera-L-9976192100.jpg\" \/>\n\t<meta property=\"og:image:width\" content=\"640\" \/>\n\t<meta property=\"og:image:height\" content=\"480\" \/>\n\t<meta property=\"og:image:type\" content=\"image\/jpeg\" \/>\n<meta name=\"twitter:card\" content=\"summary_large_image\" \/>\n<meta name=\"twitter:label1\" content=\"Gesch\u00e4tzte Lesezeit\" \/>\n\t<meta name=\"twitter:data1\" content=\"4\u00a0Minuten\" \/>\n<script type=\"application\/ld+json\" class=\"yoast-schema-graph\">{\"@context\":\"https:\\\/\\\/schema.org\",\"@graph\":[{\"@type\":\"WebPage\",\"@id\":\"https:\\\/\\\/shop.bantam.ch\\\/de\\\/produkt\\\/wohnmobil-set-starlink-mini-12v-24v-inkl-selfsat-mwr-5550\\\/\",\"url\":\"https:\\\/\\\/shop.bantam.ch\\\/de\\\/produkt\\\/wohnmobil-set-starlink-mini-12v-24v-inkl-selfsat-mwr-5550\\\/\",\"name\":\"Wohnmobil-Set Starlink Mini (12V\\\/24V) inkl. Selfsat MWR 5550 - Bantam Camping AG\",\"isPartOf\":{\"@id\":\"https:\\\/\\\/shop.bantam.ch\\\/de\\\/#website\"},\"primaryImageOfPage\":{\"@id\":\"https:\\\/\\\/shop.bantam.ch\\\/de\\\/produkt\\\/wohnmobil-set-starlink-mini-12v-24v-inkl-selfsat-mwr-5550\\\/#primaryimage\"},\"image\":{\"@id\":\"https:\\\/\\\/shop.bantam.ch\\\/de\\\/produkt\\\/wohnmobil-set-starlink-mini-12v-24v-inkl-selfsat-mwr-5550\\\/#primaryimage\"},\"thumbnailUrl\":\"https:\\\/\\\/shop.bantam.ch\\\/wp-content\\\/uploads\\\/2026\\\/04\\\/Movera-L-9976192100.jpg\",\"datePublished\":\"2026-04-15T08:21:20+00:00\",\"dateModified\":\"2026-04-19T00:39:34+00:00\",\"breadcrumb\":{\"@id\":\"https:\\\/\\\/shop.bantam.ch\\\/de\\\/produkt\\\/wohnmobil-set-starlink-mini-12v-24v-inkl-selfsat-mwr-5550\\\/#breadcrumb\"},\"inLanguage\":\"de\",\"potentialAction\":[{\"@type\":\"ReadAction\",\"target\":[\"https:\\\/\\\/shop.bantam.ch\\\/de\\\/produkt\\\/wohnmobil-set-starlink-mini-12v-24v-inkl-selfsat-mwr-5550\\\/\"]}]},{\"@type\":\"ImageObject\",\"inLanguage\":\"de\",\"@id\":\"https:\\\/\\\/shop.bantam.ch\\\/de\\\/produkt\\\/wohnmobil-set-starlink-mini-12v-24v-inkl-selfsat-mwr-5550\\\/#primaryimage\",\"url\":\"https:\\\/\\\/shop.bantam.ch\\\/wp-content\\\/uploads\\\/2026\\\/04\\\/Movera-L-9976192100.jpg\",\"contentUrl\":\"https:\\\/\\\/shop.bantam.ch\\\/wp-content\\\/uploads\\\/2026\\\/04\\\/Movera-L-9976192100.jpg\",\"width\":640,\"height\":480},{\"@type\":\"BreadcrumbList\",\"@id\":\"https:\\\/\\\/shop.bantam.ch\\\/de\\\/produkt\\\/wohnmobil-set-starlink-mini-12v-24v-inkl-selfsat-mwr-5550\\\/#breadcrumb\",\"itemListElement\":[{\"@type\":\"ListItem\",\"position\":1,\"name\":\"Accueil\",\"item\":\"https:\\\/\\\/shop.bantam.ch\\\/de\\\/\"},{\"@type\":\"ListItem\",\"position\":2,\"name\":\"Shop\",\"item\":\"https:\\\/\\\/shop.bantam.ch\\\/de\\\/shop\\\/\"},{\"@type\":\"ListItem\",\"position\":3,\"name\":\"Wohnmobil-Set Starlink Mini (12V\\\/24V) inkl. Selfsat MWR 5550\"}]},{\"@type\":\"WebSite\",\"@id\":\"https:\\\/\\\/shop.bantam.ch\\\/de\\\/#website\",\"url\":\"https:\\\/\\\/shop.bantam.ch\\\/de\\\/\",\"name\":\"Bantam Camping AG\",\"description\":\"\",\"publisher\":{\"@id\":\"https:\\\/\\\/shop.bantam.ch\\\/de\\\/#organization\"},\"inLanguage\":\"de\"},{\"@type\":\"Organization\",\"@id\":\"https:\\\/\\\/shop.bantam.ch\\\/de\\\/#organization\",\"name\":\"Bantam Camping AG\",\"url\":\"https:\\\/\\\/shop.bantam.ch\\\/de\\\/\",\"logo\":{\"@type\":\"ImageObject\",\"inLanguage\":\"de\",\"@id\":\"https:\\\/\\\/shop.bantam.ch\\\/de\\\/#\\\/schema\\\/logo\\\/image\\\/\",\"url\":\"https:\\\/\\\/shop.bantam.ch\\\/wp-content\\\/uploads\\\/2022\\\/12\\\/bantam-logo.png\",\"contentUrl\":\"https:\\\/\\\/shop.bantam.ch\\\/wp-content\\\/uploads\\\/2022\\\/12\\\/bantam-logo.png\",\"width\":320,\"height\":71,\"caption\":\"Bantam Camping AG\"},\"image\":{\"@id\":\"https:\\\/\\\/shop.bantam.ch\\\/de\\\/#\\\/schema\\\/logo\\\/image\\\/\"}}]}<\/script>\n<!-- \/ Yoast SEO plugin. -->","yoast_head_json":{"title":"Wohnmobil-Set Starlink Mini (12V\/24V) inkl. Selfsat MWR 5550 - Bantam Camping AG","robots":{"index":"index","follow":"follow","max-snippet":"max-snippet:-1","max-image-preview":"max-image-preview:large","max-video-preview":"max-video-preview:-1"},"canonical":"https:\/\/shop.bantam.ch\/de\/produkt\/wohnmobil-set-starlink-mini-12v-24v-inkl-selfsat-mwr-5550\/","og_locale":"de_DE","og_type":"article","og_title":"Wohnmobil-Set Starlink Mini (12V\/24V) inkl. Selfsat MWR 5550 - Bantam Camping AG","og_description":"&lt;!&#8211;StartFragment &#8211;&gt;Dieses fertige Set bietet maximale Internetm\u00f6glichkeiten per STARLINK, 5G Mobilfunknetz oder Campingplatz WLAN. Es besteht aus dem STARLINK MINI, der STARLINK MINI MOBILE HALTERUNG, einer Dachmontageplatte, einer Dachdurchf\u00fchrung, einem 12 Volt Zigarettenanz\u00fcnderkabel f\u00fcr STARLINK MINI 3 m, einem Netzwerkkabel zum STARLINK mit 3 m L\u00e4nge und abdichtenden Steckern, einem LAN Kabel mit 1,5 m [&hellip;]","og_url":"https:\/\/shop.bantam.ch\/de\/produkt\/wohnmobil-set-starlink-mini-12v-24v-inkl-selfsat-mwr-5550\/","og_site_name":"Bantam Camping AG","article_modified_time":"2026-04-19T00:39:34+00:00","og_image":[{"width":640,"height":480,"url":"https:\/\/shop.bantam.ch\/wp-content\/uploads\/2026\/04\/Movera-L-9976192100.jpg","type":"image\/jpeg"}],"twitter_card":"summary_large_image","twitter_misc":{"Gesch\u00e4tzte Lesezeit":"4\u00a0Minuten"},"schema":{"@context":"https:\/\/schema.org","@graph":[{"@type":"WebPage","@id":"https:\/\/shop.bantam.ch\/de\/produkt\/wohnmobil-set-starlink-mini-12v-24v-inkl-selfsat-mwr-5550\/","url":"https:\/\/shop.bantam.ch\/de\/produkt\/wohnmobil-set-starlink-mini-12v-24v-inkl-selfsat-mwr-5550\/","name":"Wohnmobil-Set Starlink Mini (12V\/24V) inkl. Selfsat MWR 5550 - Bantam Camping AG","isPartOf":{"@id":"https:\/\/shop.bantam.ch\/de\/#website"},"primaryImageOfPage":{"@id":"https:\/\/shop.bantam.ch\/de\/produkt\/wohnmobil-set-starlink-mini-12v-24v-inkl-selfsat-mwr-5550\/#primaryimage"},"image":{"@id":"https:\/\/shop.bantam.ch\/de\/produkt\/wohnmobil-set-starlink-mini-12v-24v-inkl-selfsat-mwr-5550\/#primaryimage"},"thumbnailUrl":"https:\/\/shop.bantam.ch\/wp-content\/uploads\/2026\/04\/Movera-L-9976192100.jpg","datePublished":"2026-04-15T08:21:20+00:00","dateModified":"2026-04-19T00:39:34+00:00","breadcrumb":{"@id":"https:\/\/shop.bantam.ch\/de\/produkt\/wohnmobil-set-starlink-mini-12v-24v-inkl-selfsat-mwr-5550\/#breadcrumb"},"inLanguage":"de","potentialAction":[{"@type":"ReadAction","target":["https:\/\/shop.bantam.ch\/de\/produkt\/wohnmobil-set-starlink-mini-12v-24v-inkl-selfsat-mwr-5550\/"]}]},{"@type":"ImageObject","inLanguage":"de","@id":"https:\/\/shop.bantam.ch\/de\/produkt\/wohnmobil-set-starlink-mini-12v-24v-inkl-selfsat-mwr-5550\/#primaryimage","url":"https:\/\/shop.bantam.ch\/wp-content\/uploads\/2026\/04\/Movera-L-9976192100.jpg","contentUrl":"https:\/\/shop.bantam.ch\/wp-content\/uploads\/2026\/04\/Movera-L-9976192100.jpg","width":640,"height":480},{"@type":"BreadcrumbList","@id":"https:\/\/shop.bantam.ch\/de\/produkt\/wohnmobil-set-starlink-mini-12v-24v-inkl-selfsat-mwr-5550\/#breadcrumb","itemListElement":[{"@type":"ListItem","position":1,"name":"Accueil","item":"https:\/\/shop.bantam.ch\/de\/"},{"@type":"ListItem","position":2,"name":"Shop","item":"https:\/\/shop.bantam.ch\/de\/shop\/"},{"@type":"ListItem","position":3,"name":"Wohnmobil-Set Starlink Mini (12V\/24V) inkl. Selfsat MWR 5550"}]},{"@type":"WebSite","@id":"https:\/\/shop.bantam.ch\/de\/#website","url":"https:\/\/shop.bantam.ch\/de\/","name":"Bantam Camping AG","description":"","publisher":{"@id":"https:\/\/shop.bantam.ch\/de\/#organization"},"inLanguage":"de"},{"@type":"Organization","@id":"https:\/\/shop.bantam.ch\/de\/#organization","name":"Bantam Camping AG","url":"https:\/\/shop.bantam.ch\/de\/","logo":{"@type":"ImageObject","inLanguage":"de","@id":"https:\/\/shop.bantam.ch\/de\/#\/schema\/logo\/image\/","url":"https:\/\/shop.bantam.ch\/wp-content\/uploads\/2022\/12\/bantam-logo.png","contentUrl":"https:\/\/shop.bantam.ch\/wp-content\/uploads\/2022\/12\/bantam-logo.png","width":320,"height":71,"caption":"Bantam Camping AG"},"image":{"@id":"https:\/\/shop.bantam.ch\/de\/#\/schema\/logo\/image\/"}}]}},"_links":{"self":[{"href":"https:\/\/shop.bantam.ch\/de\/wp-json\/wp\/v2\/product\/235756","targetHints":{"allow":["GET"]}}],"collection":[{"href":"https:\/\/shop.bantam.ch\/de\/wp-json\/wp\/v2\/product"}],"about":[{"href":"https:\/\/shop.bantam.ch\/de\/wp-json\/wp\/v2\/types\/product"}],"wp:featuredmedia":[{"embeddable":true,"href":"https:\/\/shop.bantam.ch\/de\/wp-json\/wp\/v2\/media\/235746"}],"wp:attachment":[{"href":"https:\/\/shop.bantam.ch\/de\/wp-json\/wp\/v2\/media?parent=235756"}],"wp:term":[{"taxonomy":"product_featured_cat","embeddable":true,"href":"https:\/\/shop.bantam.ch\/de\/wp-json\/wp\/v2\/product_featured_cat?post=235756"},{"taxonomy":"product_brand","embeddable":true,"href":"https:\/\/shop.bantam.ch\/de\/wp-json\/wp\/v2\/product_brand?post=235756"},{"taxonomy":"product_cat","embeddable":true,"href":"https:\/\/shop.bantam.ch\/de\/wp-json\/wp\/v2\/product_cat?post=235756"},{"taxonomy":"product_tag","embeddable":true,"href":"https:\/\/shop.bantam.ch\/de\/wp-json\/wp\/v2\/product_tag?post=235756"}],"curies":[{"name":"wp","href":"https:\/\/api.w.org\/{rel}","templated":true}]}}