{"id":235506,"date":"2026-04-01T16:02:51","date_gmt":"2026-04-01T14:02:51","guid":{"rendered":"https:\/\/shop.bantam.ch\/produit\/wheel-wosher-mit-mehrsprachigem-etikett-ch-version\/"},"modified":"2026-04-17T23:59:49","modified_gmt":"2026-04-17T21:59:49","slug":"wheel-wosher-mit-mehrsprachigem-etikett-ch-version","status":"publish","type":"product","link":"https:\/\/shop.bantam.ch\/de\/produkt\/wheel-wosher-mit-mehrsprachigem-etikett-ch-version\/","title":{"rendered":"Wheel Wosher &#8211; mit mehrsprachigem Etikett &#8211; CH-Version"},"content":{"rendered":"<p>Der FELGEN WOSHER beseitigt typische Verschmutzungen wie Bremsstaub, selbst wenn dieser schon leicht eingebrannt ist. Da er ohne S\u00e4ure auskommt ist der FELGEN WOSHER auch f\u00fcr polierte und verchromte Felgen geeignet.<\/p>\n<ul>\n<li>Effektiver Felgenreiniger<\/li>\n<li>F\u00fcr Felgen aller Art<\/li>\n<li>Einzigartiger XTRA Skin Effekt<\/li>\n<\/ul>\n<p>\u00a0<\/p>\n<p>Flasche mit mehrsprachigem Etikett:<\/p>\n<ul>\n<li>Deutsch<\/li>\n<li>Englisch<\/li>\n<li>Franz\u00f6sisch<\/li>\n<li>Italienisch<\/li>\n<\/ul>\n","protected":false},"excerpt":{"rendered":"<p>Der FELGEN WOSHER beseitigt typische Verschmutzungen wie Bremsstaub, selbst wenn dieser schon leicht eingebrannt ist. Da er ohne S\u00e4ure auskommt ist der FELGEN WOSHER auch f\u00fcr polierte und verchromte Felgen geeignet. Effektiver Felgenreiniger F\u00fcr Felgen aller Art Einzigartiger XTRA Skin Effekt \u00a0 Flasche mit mehrsprachigem Etikett: Deutsch Englisch Franz\u00f6sisch Italienisch<\/p>\n","protected":false},"featured_media":235504,"template":"","meta":{"_acf_changed":false},"product_featured_cat":[],"product_brand":[3942],"product_cat":[5092],"product_tag":[],"class_list":{"0":"post-235506","1":"product","2":"type-product","3":"status-publish","4":"has-post-thumbnail","6":"product_brand-woshup-de","7":"product_cat-reinigung-spezialreiniger","9":"first","10":"instock","11":"taxable","12":"shipping-taxable","13":"purchasable","14":"product-type-simple"},"acf":[],"yoast_head":"<!-- This site is optimized with the Yoast SEO plugin v27.4 - https:\/\/yoast.com\/product\/yoast-seo-wordpress\/ -->\n<title>Wheel Wosher - mit mehrsprachigem Etikett - CH-Version - Bantam Camping AG<\/title>\n<meta name=\"robots\" content=\"index, follow, max-snippet:-1, max-image-preview:large, max-video-preview:-1\" \/>\n<link rel=\"canonical\" href=\"https:\/\/shop.bantam.ch\/de\/produkt\/wheel-wosher-mit-mehrsprachigem-etikett-ch-version\/\" \/>\n<meta property=\"og:locale\" content=\"de_DE\" \/>\n<meta property=\"og:type\" content=\"article\" \/>\n<meta property=\"og:title\" content=\"Wheel Wosher - mit mehrsprachigem Etikett - CH-Version - Bantam Camping AG\" \/>\n<meta property=\"og:description\" content=\"Der FELGEN WOSHER beseitigt typische Verschmutzungen wie Bremsstaub, selbst wenn dieser schon leicht eingebrannt ist. Da er ohne S\u00e4ure auskommt ist der FELGEN WOSHER auch f\u00fcr polierte und verchromte Felgen geeignet. Effektiver Felgenreiniger F\u00fcr Felgen aller Art Einzigartiger XTRA Skin Effekt \u00a0 Flasche mit mehrsprachigem Etikett: Deutsch Englisch Franz\u00f6sisch Italienisch\" \/>\n<meta property=\"og:url\" content=\"https:\/\/shop.bantam.ch\/de\/produkt\/wheel-wosher-mit-mehrsprachigem-etikett-ch-version\/\" \/>\n<meta property=\"og:site_name\" content=\"Bantam Camping AG\" \/>\n<meta property=\"article:modified_time\" content=\"2026-04-17T21:59:49+00:00\" \/>\n<meta property=\"og:image\" content=\"https:\/\/shop.bantam.ch\/wp-content\/uploads\/2026\/04\/Movera-L-9966275100.jpg\" \/>\n\t<meta property=\"og:image:width\" content=\"640\" \/>\n\t<meta property=\"og:image:height\" content=\"640\" \/>\n\t<meta property=\"og:image:type\" content=\"image\/jpeg\" \/>\n<meta name=\"twitter:card\" content=\"summary_large_image\" \/>\n<script type=\"application\/ld+json\" class=\"yoast-schema-graph\">{\"@context\":\"https:\\\/\\\/schema.org\",\"@graph\":[{\"@type\":\"WebPage\",\"@id\":\"https:\\\/\\\/shop.bantam.ch\\\/de\\\/produkt\\\/wheel-wosher-mit-mehrsprachigem-etikett-ch-version\\\/\",\"url\":\"https:\\\/\\\/shop.bantam.ch\\\/de\\\/produkt\\\/wheel-wosher-mit-mehrsprachigem-etikett-ch-version\\\/\",\"name\":\"Wheel Wosher - mit mehrsprachigem Etikett - CH-Version - Bantam Camping AG\",\"isPartOf\":{\"@id\":\"https:\\\/\\\/shop.bantam.ch\\\/de\\\/#website\"},\"primaryImageOfPage\":{\"@id\":\"https:\\\/\\\/shop.bantam.ch\\\/de\\\/produkt\\\/wheel-wosher-mit-mehrsprachigem-etikett-ch-version\\\/#primaryimage\"},\"image\":{\"@id\":\"https:\\\/\\\/shop.bantam.ch\\\/de\\\/produkt\\\/wheel-wosher-mit-mehrsprachigem-etikett-ch-version\\\/#primaryimage\"},\"thumbnailUrl\":\"https:\\\/\\\/shop.bantam.ch\\\/wp-content\\\/uploads\\\/2026\\\/04\\\/Movera-L-9966275100.jpg\",\"datePublished\":\"2026-04-01T14:02:51+00:00\",\"dateModified\":\"2026-04-17T21:59:49+00:00\",\"breadcrumb\":{\"@id\":\"https:\\\/\\\/shop.bantam.ch\\\/de\\\/produkt\\\/wheel-wosher-mit-mehrsprachigem-etikett-ch-version\\\/#breadcrumb\"},\"inLanguage\":\"de\",\"potentialAction\":[{\"@type\":\"ReadAction\",\"target\":[\"https:\\\/\\\/shop.bantam.ch\\\/de\\\/produkt\\\/wheel-wosher-mit-mehrsprachigem-etikett-ch-version\\\/\"]}]},{\"@type\":\"ImageObject\",\"inLanguage\":\"de\",\"@id\":\"https:\\\/\\\/shop.bantam.ch\\\/de\\\/produkt\\\/wheel-wosher-mit-mehrsprachigem-etikett-ch-version\\\/#primaryimage\",\"url\":\"https:\\\/\\\/shop.bantam.ch\\\/wp-content\\\/uploads\\\/2026\\\/04\\\/Movera-L-9966275100.jpg\",\"contentUrl\":\"https:\\\/\\\/shop.bantam.ch\\\/wp-content\\\/uploads\\\/2026\\\/04\\\/Movera-L-9966275100.jpg\",\"width\":640,\"height\":640},{\"@type\":\"BreadcrumbList\",\"@id\":\"https:\\\/\\\/shop.bantam.ch\\\/de\\\/produkt\\\/wheel-wosher-mit-mehrsprachigem-etikett-ch-version\\\/#breadcrumb\",\"itemListElement\":[{\"@type\":\"ListItem\",\"position\":1,\"name\":\"Accueil\",\"item\":\"https:\\\/\\\/shop.bantam.ch\\\/de\\\/\"},{\"@type\":\"ListItem\",\"position\":2,\"name\":\"Shop\",\"item\":\"https:\\\/\\\/shop.bantam.ch\\\/de\\\/shop\\\/\"},{\"@type\":\"ListItem\",\"position\":3,\"name\":\"Wheel Wosher &#8211; mit mehrsprachigem Etikett &#8211; CH-Version\"}]},{\"@type\":\"WebSite\",\"@id\":\"https:\\\/\\\/shop.bantam.ch\\\/de\\\/#website\",\"url\":\"https:\\\/\\\/shop.bantam.ch\\\/de\\\/\",\"name\":\"Bantam Camping AG\",\"description\":\"\",\"publisher\":{\"@id\":\"https:\\\/\\\/shop.bantam.ch\\\/de\\\/#organization\"},\"inLanguage\":\"de\"},{\"@type\":\"Organization\",\"@id\":\"https:\\\/\\\/shop.bantam.ch\\\/de\\\/#organization\",\"name\":\"Bantam Camping AG\",\"url\":\"https:\\\/\\\/shop.bantam.ch\\\/de\\\/\",\"logo\":{\"@type\":\"ImageObject\",\"inLanguage\":\"de\",\"@id\":\"https:\\\/\\\/shop.bantam.ch\\\/de\\\/#\\\/schema\\\/logo\\\/image\\\/\",\"url\":\"https:\\\/\\\/shop.bantam.ch\\\/wp-content\\\/uploads\\\/2022\\\/12\\\/bantam-logo.png\",\"contentUrl\":\"https:\\\/\\\/shop.bantam.ch\\\/wp-content\\\/uploads\\\/2022\\\/12\\\/bantam-logo.png\",\"width\":320,\"height\":71,\"caption\":\"Bantam Camping AG\"},\"image\":{\"@id\":\"https:\\\/\\\/shop.bantam.ch\\\/de\\\/#\\\/schema\\\/logo\\\/image\\\/\"}}]}<\/script>\n<!-- \/ Yoast SEO plugin. -->","yoast_head_json":{"title":"Wheel Wosher - mit mehrsprachigem Etikett - CH-Version - Bantam Camping AG","robots":{"index":"index","follow":"follow","max-snippet":"max-snippet:-1","max-image-preview":"max-image-preview:large","max-video-preview":"max-video-preview:-1"},"canonical":"https:\/\/shop.bantam.ch\/de\/produkt\/wheel-wosher-mit-mehrsprachigem-etikett-ch-version\/","og_locale":"de_DE","og_type":"article","og_title":"Wheel Wosher - mit mehrsprachigem Etikett - CH-Version - Bantam Camping AG","og_description":"Der FELGEN WOSHER beseitigt typische Verschmutzungen wie Bremsstaub, selbst wenn dieser schon leicht eingebrannt ist. Da er ohne S\u00e4ure auskommt ist der FELGEN WOSHER auch f\u00fcr polierte und verchromte Felgen geeignet. Effektiver Felgenreiniger F\u00fcr Felgen aller Art Einzigartiger XTRA Skin Effekt \u00a0 Flasche mit mehrsprachigem Etikett: Deutsch Englisch Franz\u00f6sisch Italienisch","og_url":"https:\/\/shop.bantam.ch\/de\/produkt\/wheel-wosher-mit-mehrsprachigem-etikett-ch-version\/","og_site_name":"Bantam Camping AG","article_modified_time":"2026-04-17T21:59:49+00:00","og_image":[{"width":640,"height":640,"url":"https:\/\/shop.bantam.ch\/wp-content\/uploads\/2026\/04\/Movera-L-9966275100.jpg","type":"image\/jpeg"}],"twitter_card":"summary_large_image","schema":{"@context":"https:\/\/schema.org","@graph":[{"@type":"WebPage","@id":"https:\/\/shop.bantam.ch\/de\/produkt\/wheel-wosher-mit-mehrsprachigem-etikett-ch-version\/","url":"https:\/\/shop.bantam.ch\/de\/produkt\/wheel-wosher-mit-mehrsprachigem-etikett-ch-version\/","name":"Wheel Wosher - mit mehrsprachigem Etikett - CH-Version - Bantam Camping AG","isPartOf":{"@id":"https:\/\/shop.bantam.ch\/de\/#website"},"primaryImageOfPage":{"@id":"https:\/\/shop.bantam.ch\/de\/produkt\/wheel-wosher-mit-mehrsprachigem-etikett-ch-version\/#primaryimage"},"image":{"@id":"https:\/\/shop.bantam.ch\/de\/produkt\/wheel-wosher-mit-mehrsprachigem-etikett-ch-version\/#primaryimage"},"thumbnailUrl":"https:\/\/shop.bantam.ch\/wp-content\/uploads\/2026\/04\/Movera-L-9966275100.jpg","datePublished":"2026-04-01T14:02:51+00:00","dateModified":"2026-04-17T21:59:49+00:00","breadcrumb":{"@id":"https:\/\/shop.bantam.ch\/de\/produkt\/wheel-wosher-mit-mehrsprachigem-etikett-ch-version\/#breadcrumb"},"inLanguage":"de","potentialAction":[{"@type":"ReadAction","target":["https:\/\/shop.bantam.ch\/de\/produkt\/wheel-wosher-mit-mehrsprachigem-etikett-ch-version\/"]}]},{"@type":"ImageObject","inLanguage":"de","@id":"https:\/\/shop.bantam.ch\/de\/produkt\/wheel-wosher-mit-mehrsprachigem-etikett-ch-version\/#primaryimage","url":"https:\/\/shop.bantam.ch\/wp-content\/uploads\/2026\/04\/Movera-L-9966275100.jpg","contentUrl":"https:\/\/shop.bantam.ch\/wp-content\/uploads\/2026\/04\/Movera-L-9966275100.jpg","width":640,"height":640},{"@type":"BreadcrumbList","@id":"https:\/\/shop.bantam.ch\/de\/produkt\/wheel-wosher-mit-mehrsprachigem-etikett-ch-version\/#breadcrumb","itemListElement":[{"@type":"ListItem","position":1,"name":"Accueil","item":"https:\/\/shop.bantam.ch\/de\/"},{"@type":"ListItem","position":2,"name":"Shop","item":"https:\/\/shop.bantam.ch\/de\/shop\/"},{"@type":"ListItem","position":3,"name":"Wheel Wosher &#8211; mit mehrsprachigem Etikett &#8211; CH-Version"}]},{"@type":"WebSite","@id":"https:\/\/shop.bantam.ch\/de\/#website","url":"https:\/\/shop.bantam.ch\/de\/","name":"Bantam Camping AG","description":"","publisher":{"@id":"https:\/\/shop.bantam.ch\/de\/#organization"},"inLanguage":"de"},{"@type":"Organization","@id":"https:\/\/shop.bantam.ch\/de\/#organization","name":"Bantam Camping AG","url":"https:\/\/shop.bantam.ch\/de\/","logo":{"@type":"ImageObject","inLanguage":"de","@id":"https:\/\/shop.bantam.ch\/de\/#\/schema\/logo\/image\/","url":"https:\/\/shop.bantam.ch\/wp-content\/uploads\/2022\/12\/bantam-logo.png","contentUrl":"https:\/\/shop.bantam.ch\/wp-content\/uploads\/2022\/12\/bantam-logo.png","width":320,"height":71,"caption":"Bantam Camping AG"},"image":{"@id":"https:\/\/shop.bantam.ch\/de\/#\/schema\/logo\/image\/"}}]}},"_links":{"self":[{"href":"https:\/\/shop.bantam.ch\/de\/wp-json\/wp\/v2\/product\/235506","targetHints":{"allow":["GET"]}}],"collection":[{"href":"https:\/\/shop.bantam.ch\/de\/wp-json\/wp\/v2\/product"}],"about":[{"href":"https:\/\/shop.bantam.ch\/de\/wp-json\/wp\/v2\/types\/product"}],"wp:featuredmedia":[{"embeddable":true,"href":"https:\/\/shop.bantam.ch\/de\/wp-json\/wp\/v2\/media\/235504"}],"wp:attachment":[{"href":"https:\/\/shop.bantam.ch\/de\/wp-json\/wp\/v2\/media?parent=235506"}],"wp:term":[{"taxonomy":"product_featured_cat","embeddable":true,"href":"https:\/\/shop.bantam.ch\/de\/wp-json\/wp\/v2\/product_featured_cat?post=235506"},{"taxonomy":"product_brand","embeddable":true,"href":"https:\/\/shop.bantam.ch\/de\/wp-json\/wp\/v2\/product_brand?post=235506"},{"taxonomy":"product_cat","embeddable":true,"href":"https:\/\/shop.bantam.ch\/de\/wp-json\/wp\/v2\/product_cat?post=235506"},{"taxonomy":"product_tag","embeddable":true,"href":"https:\/\/shop.bantam.ch\/de\/wp-json\/wp\/v2\/product_tag?post=235506"}],"curies":[{"name":"wp","href":"https:\/\/api.w.org\/{rel}","templated":true}]}}