{"id":235486,"date":"2026-04-01T15:56:02","date_gmt":"2026-04-01T13:56:02","guid":{"rendered":"https:\/\/shop.bantam.ch\/produit\/mosquito-ciao-mit-mehrsprachigem-etikett-ch-version\/"},"modified":"2026-04-17T23:59:42","modified_gmt":"2026-04-17T21:59:42","slug":"mosquito-ciao-mit-mehrsprachigem-etikett-ch-version","status":"publish","type":"product","link":"https:\/\/shop.bantam.ch\/de\/produkt\/mosquito-ciao-mit-mehrsprachigem-etikett-ch-version\/","title":{"rendered":"Mosquito Ciao! &#8211; mit mehrsprachigem Etikett &#8211; CH-Version"},"content":{"rendered":"<p>Der INSEKTEN CIAO! sagt Adieu zu jeglicher Art von Insektenr\u00fcckst\u00e4nden. Er wirkt extra stark, trotzdem schonend und kommt nat\u00fcrlich mit unserem innovativen XTRA Skin Effekt.<\/p>\n<ul>\n<li>Beseitigt Insektenr\u00fcckst\u00e4nde<\/li>\n<li>Einzigartiger XTRA Skin Effekt<\/li>\n<li>Biologisch abbaubar<\/li>\n<\/ul>\n<p>\u00a0<\/p>\n<p>Flasche mit mehrsprachigem Etikett:<\/p>\n<ul>\n<li>Deutsch<\/li>\n<li>Englisch<\/li>\n<li>Franz\u00f6sisch<\/li>\n<li>Italienisch<\/li>\n<\/ul>\n","protected":false},"excerpt":{"rendered":"<p>Der INSEKTEN CIAO! sagt Adieu zu jeglicher Art von Insektenr\u00fcckst\u00e4nden. Er wirkt extra stark, trotzdem schonend und kommt nat\u00fcrlich mit unserem innovativen XTRA Skin Effekt. Beseitigt Insektenr\u00fcckst\u00e4nde Einzigartiger XTRA Skin Effekt Biologisch abbaubar \u00a0 Flasche mit mehrsprachigem Etikett: Deutsch Englisch Franz\u00f6sisch Italienisch<\/p>\n","protected":false},"featured_media":235484,"template":"","meta":{"_acf_changed":false},"product_featured_cat":[],"product_brand":[3942],"product_cat":[5092],"product_tag":[],"class_list":{"0":"post-235486","1":"product","2":"type-product","3":"status-publish","4":"has-post-thumbnail","6":"product_brand-woshup-de","7":"product_cat-reinigung-spezialreiniger","9":"first","10":"instock","11":"taxable","12":"shipping-taxable","13":"purchasable","14":"product-type-simple"},"acf":[],"yoast_head":"<!-- This site is optimized with the Yoast SEO plugin v27.4 - https:\/\/yoast.com\/product\/yoast-seo-wordpress\/ -->\n<title>Mosquito Ciao! - mit mehrsprachigem Etikett - CH-Version - Bantam Camping AG<\/title>\n<meta name=\"robots\" content=\"index, follow, max-snippet:-1, max-image-preview:large, max-video-preview:-1\" \/>\n<link rel=\"canonical\" href=\"https:\/\/shop.bantam.ch\/de\/produkt\/mosquito-ciao-mit-mehrsprachigem-etikett-ch-version\/\" \/>\n<meta property=\"og:locale\" content=\"de_DE\" \/>\n<meta property=\"og:type\" content=\"article\" \/>\n<meta property=\"og:title\" content=\"Mosquito Ciao! - mit mehrsprachigem Etikett - CH-Version - Bantam Camping AG\" \/>\n<meta property=\"og:description\" content=\"Der INSEKTEN CIAO! sagt Adieu zu jeglicher Art von Insektenr\u00fcckst\u00e4nden. Er wirkt extra stark, trotzdem schonend und kommt nat\u00fcrlich mit unserem innovativen XTRA Skin Effekt. Beseitigt Insektenr\u00fcckst\u00e4nde Einzigartiger XTRA Skin Effekt Biologisch abbaubar \u00a0 Flasche mit mehrsprachigem Etikett: Deutsch Englisch Franz\u00f6sisch Italienisch\" \/>\n<meta property=\"og:url\" content=\"https:\/\/shop.bantam.ch\/de\/produkt\/mosquito-ciao-mit-mehrsprachigem-etikett-ch-version\/\" \/>\n<meta property=\"og:site_name\" content=\"Bantam Camping AG\" \/>\n<meta property=\"article:modified_time\" content=\"2026-04-17T21:59:42+00:00\" \/>\n<meta property=\"og:image\" content=\"https:\/\/shop.bantam.ch\/wp-content\/uploads\/2026\/04\/Movera-L-9966264100.jpg\" \/>\n\t<meta property=\"og:image:width\" content=\"640\" \/>\n\t<meta property=\"og:image:height\" content=\"640\" \/>\n\t<meta property=\"og:image:type\" content=\"image\/jpeg\" \/>\n<meta name=\"twitter:card\" content=\"summary_large_image\" \/>\n<script type=\"application\/ld+json\" class=\"yoast-schema-graph\">{\"@context\":\"https:\\\/\\\/schema.org\",\"@graph\":[{\"@type\":\"WebPage\",\"@id\":\"https:\\\/\\\/shop.bantam.ch\\\/de\\\/produkt\\\/mosquito-ciao-mit-mehrsprachigem-etikett-ch-version\\\/\",\"url\":\"https:\\\/\\\/shop.bantam.ch\\\/de\\\/produkt\\\/mosquito-ciao-mit-mehrsprachigem-etikett-ch-version\\\/\",\"name\":\"Mosquito Ciao! - mit mehrsprachigem Etikett - CH-Version - Bantam Camping AG\",\"isPartOf\":{\"@id\":\"https:\\\/\\\/shop.bantam.ch\\\/de\\\/#website\"},\"primaryImageOfPage\":{\"@id\":\"https:\\\/\\\/shop.bantam.ch\\\/de\\\/produkt\\\/mosquito-ciao-mit-mehrsprachigem-etikett-ch-version\\\/#primaryimage\"},\"image\":{\"@id\":\"https:\\\/\\\/shop.bantam.ch\\\/de\\\/produkt\\\/mosquito-ciao-mit-mehrsprachigem-etikett-ch-version\\\/#primaryimage\"},\"thumbnailUrl\":\"https:\\\/\\\/shop.bantam.ch\\\/wp-content\\\/uploads\\\/2026\\\/04\\\/Movera-L-9966264100.jpg\",\"datePublished\":\"2026-04-01T13:56:02+00:00\",\"dateModified\":\"2026-04-17T21:59:42+00:00\",\"breadcrumb\":{\"@id\":\"https:\\\/\\\/shop.bantam.ch\\\/de\\\/produkt\\\/mosquito-ciao-mit-mehrsprachigem-etikett-ch-version\\\/#breadcrumb\"},\"inLanguage\":\"de\",\"potentialAction\":[{\"@type\":\"ReadAction\",\"target\":[\"https:\\\/\\\/shop.bantam.ch\\\/de\\\/produkt\\\/mosquito-ciao-mit-mehrsprachigem-etikett-ch-version\\\/\"]}]},{\"@type\":\"ImageObject\",\"inLanguage\":\"de\",\"@id\":\"https:\\\/\\\/shop.bantam.ch\\\/de\\\/produkt\\\/mosquito-ciao-mit-mehrsprachigem-etikett-ch-version\\\/#primaryimage\",\"url\":\"https:\\\/\\\/shop.bantam.ch\\\/wp-content\\\/uploads\\\/2026\\\/04\\\/Movera-L-9966264100.jpg\",\"contentUrl\":\"https:\\\/\\\/shop.bantam.ch\\\/wp-content\\\/uploads\\\/2026\\\/04\\\/Movera-L-9966264100.jpg\",\"width\":640,\"height\":640},{\"@type\":\"BreadcrumbList\",\"@id\":\"https:\\\/\\\/shop.bantam.ch\\\/de\\\/produkt\\\/mosquito-ciao-mit-mehrsprachigem-etikett-ch-version\\\/#breadcrumb\",\"itemListElement\":[{\"@type\":\"ListItem\",\"position\":1,\"name\":\"Accueil\",\"item\":\"https:\\\/\\\/shop.bantam.ch\\\/de\\\/\"},{\"@type\":\"ListItem\",\"position\":2,\"name\":\"Shop\",\"item\":\"https:\\\/\\\/shop.bantam.ch\\\/de\\\/shop\\\/\"},{\"@type\":\"ListItem\",\"position\":3,\"name\":\"Mosquito Ciao! &#8211; mit mehrsprachigem Etikett &#8211; CH-Version\"}]},{\"@type\":\"WebSite\",\"@id\":\"https:\\\/\\\/shop.bantam.ch\\\/de\\\/#website\",\"url\":\"https:\\\/\\\/shop.bantam.ch\\\/de\\\/\",\"name\":\"Bantam Camping AG\",\"description\":\"\",\"publisher\":{\"@id\":\"https:\\\/\\\/shop.bantam.ch\\\/de\\\/#organization\"},\"inLanguage\":\"de\"},{\"@type\":\"Organization\",\"@id\":\"https:\\\/\\\/shop.bantam.ch\\\/de\\\/#organization\",\"name\":\"Bantam Camping AG\",\"url\":\"https:\\\/\\\/shop.bantam.ch\\\/de\\\/\",\"logo\":{\"@type\":\"ImageObject\",\"inLanguage\":\"de\",\"@id\":\"https:\\\/\\\/shop.bantam.ch\\\/de\\\/#\\\/schema\\\/logo\\\/image\\\/\",\"url\":\"https:\\\/\\\/shop.bantam.ch\\\/wp-content\\\/uploads\\\/2022\\\/12\\\/bantam-logo.png\",\"contentUrl\":\"https:\\\/\\\/shop.bantam.ch\\\/wp-content\\\/uploads\\\/2022\\\/12\\\/bantam-logo.png\",\"width\":320,\"height\":71,\"caption\":\"Bantam Camping AG\"},\"image\":{\"@id\":\"https:\\\/\\\/shop.bantam.ch\\\/de\\\/#\\\/schema\\\/logo\\\/image\\\/\"}}]}<\/script>\n<!-- \/ Yoast SEO plugin. -->","yoast_head_json":{"title":"Mosquito Ciao! - mit mehrsprachigem Etikett - CH-Version - Bantam Camping AG","robots":{"index":"index","follow":"follow","max-snippet":"max-snippet:-1","max-image-preview":"max-image-preview:large","max-video-preview":"max-video-preview:-1"},"canonical":"https:\/\/shop.bantam.ch\/de\/produkt\/mosquito-ciao-mit-mehrsprachigem-etikett-ch-version\/","og_locale":"de_DE","og_type":"article","og_title":"Mosquito Ciao! - mit mehrsprachigem Etikett - CH-Version - Bantam Camping AG","og_description":"Der INSEKTEN CIAO! sagt Adieu zu jeglicher Art von Insektenr\u00fcckst\u00e4nden. Er wirkt extra stark, trotzdem schonend und kommt nat\u00fcrlich mit unserem innovativen XTRA Skin Effekt. Beseitigt Insektenr\u00fcckst\u00e4nde Einzigartiger XTRA Skin Effekt Biologisch abbaubar \u00a0 Flasche mit mehrsprachigem Etikett: Deutsch Englisch Franz\u00f6sisch Italienisch","og_url":"https:\/\/shop.bantam.ch\/de\/produkt\/mosquito-ciao-mit-mehrsprachigem-etikett-ch-version\/","og_site_name":"Bantam Camping AG","article_modified_time":"2026-04-17T21:59:42+00:00","og_image":[{"width":640,"height":640,"url":"https:\/\/shop.bantam.ch\/wp-content\/uploads\/2026\/04\/Movera-L-9966264100.jpg","type":"image\/jpeg"}],"twitter_card":"summary_large_image","schema":{"@context":"https:\/\/schema.org","@graph":[{"@type":"WebPage","@id":"https:\/\/shop.bantam.ch\/de\/produkt\/mosquito-ciao-mit-mehrsprachigem-etikett-ch-version\/","url":"https:\/\/shop.bantam.ch\/de\/produkt\/mosquito-ciao-mit-mehrsprachigem-etikett-ch-version\/","name":"Mosquito Ciao! - mit mehrsprachigem Etikett - CH-Version - Bantam Camping AG","isPartOf":{"@id":"https:\/\/shop.bantam.ch\/de\/#website"},"primaryImageOfPage":{"@id":"https:\/\/shop.bantam.ch\/de\/produkt\/mosquito-ciao-mit-mehrsprachigem-etikett-ch-version\/#primaryimage"},"image":{"@id":"https:\/\/shop.bantam.ch\/de\/produkt\/mosquito-ciao-mit-mehrsprachigem-etikett-ch-version\/#primaryimage"},"thumbnailUrl":"https:\/\/shop.bantam.ch\/wp-content\/uploads\/2026\/04\/Movera-L-9966264100.jpg","datePublished":"2026-04-01T13:56:02+00:00","dateModified":"2026-04-17T21:59:42+00:00","breadcrumb":{"@id":"https:\/\/shop.bantam.ch\/de\/produkt\/mosquito-ciao-mit-mehrsprachigem-etikett-ch-version\/#breadcrumb"},"inLanguage":"de","potentialAction":[{"@type":"ReadAction","target":["https:\/\/shop.bantam.ch\/de\/produkt\/mosquito-ciao-mit-mehrsprachigem-etikett-ch-version\/"]}]},{"@type":"ImageObject","inLanguage":"de","@id":"https:\/\/shop.bantam.ch\/de\/produkt\/mosquito-ciao-mit-mehrsprachigem-etikett-ch-version\/#primaryimage","url":"https:\/\/shop.bantam.ch\/wp-content\/uploads\/2026\/04\/Movera-L-9966264100.jpg","contentUrl":"https:\/\/shop.bantam.ch\/wp-content\/uploads\/2026\/04\/Movera-L-9966264100.jpg","width":640,"height":640},{"@type":"BreadcrumbList","@id":"https:\/\/shop.bantam.ch\/de\/produkt\/mosquito-ciao-mit-mehrsprachigem-etikett-ch-version\/#breadcrumb","itemListElement":[{"@type":"ListItem","position":1,"name":"Accueil","item":"https:\/\/shop.bantam.ch\/de\/"},{"@type":"ListItem","position":2,"name":"Shop","item":"https:\/\/shop.bantam.ch\/de\/shop\/"},{"@type":"ListItem","position":3,"name":"Mosquito Ciao! &#8211; mit mehrsprachigem Etikett &#8211; CH-Version"}]},{"@type":"WebSite","@id":"https:\/\/shop.bantam.ch\/de\/#website","url":"https:\/\/shop.bantam.ch\/de\/","name":"Bantam Camping AG","description":"","publisher":{"@id":"https:\/\/shop.bantam.ch\/de\/#organization"},"inLanguage":"de"},{"@type":"Organization","@id":"https:\/\/shop.bantam.ch\/de\/#organization","name":"Bantam Camping AG","url":"https:\/\/shop.bantam.ch\/de\/","logo":{"@type":"ImageObject","inLanguage":"de","@id":"https:\/\/shop.bantam.ch\/de\/#\/schema\/logo\/image\/","url":"https:\/\/shop.bantam.ch\/wp-content\/uploads\/2022\/12\/bantam-logo.png","contentUrl":"https:\/\/shop.bantam.ch\/wp-content\/uploads\/2022\/12\/bantam-logo.png","width":320,"height":71,"caption":"Bantam Camping AG"},"image":{"@id":"https:\/\/shop.bantam.ch\/de\/#\/schema\/logo\/image\/"}}]}},"_links":{"self":[{"href":"https:\/\/shop.bantam.ch\/de\/wp-json\/wp\/v2\/product\/235486","targetHints":{"allow":["GET"]}}],"collection":[{"href":"https:\/\/shop.bantam.ch\/de\/wp-json\/wp\/v2\/product"}],"about":[{"href":"https:\/\/shop.bantam.ch\/de\/wp-json\/wp\/v2\/types\/product"}],"wp:featuredmedia":[{"embeddable":true,"href":"https:\/\/shop.bantam.ch\/de\/wp-json\/wp\/v2\/media\/235484"}],"wp:attachment":[{"href":"https:\/\/shop.bantam.ch\/de\/wp-json\/wp\/v2\/media?parent=235486"}],"wp:term":[{"taxonomy":"product_featured_cat","embeddable":true,"href":"https:\/\/shop.bantam.ch\/de\/wp-json\/wp\/v2\/product_featured_cat?post=235486"},{"taxonomy":"product_brand","embeddable":true,"href":"https:\/\/shop.bantam.ch\/de\/wp-json\/wp\/v2\/product_brand?post=235486"},{"taxonomy":"product_cat","embeddable":true,"href":"https:\/\/shop.bantam.ch\/de\/wp-json\/wp\/v2\/product_cat?post=235486"},{"taxonomy":"product_tag","embeddable":true,"href":"https:\/\/shop.bantam.ch\/de\/wp-json\/wp\/v2\/product_tag?post=235486"}],"curies":[{"name":"wp","href":"https:\/\/api.w.org\/{rel}","templated":true}]}}