{"id":235436,"date":"2026-04-01T11:12:44","date_gmt":"2026-04-01T09:12:44","guid":{"rendered":"https:\/\/shop.bantam.ch\/produit\/kuemmerlyfrey-wanderkarte-31-fribourg-160-000-160000\/"},"modified":"2026-04-17T23:59:27","modified_gmt":"2026-04-17T21:59:27","slug":"kuemmerlyfrey-wanderkarte-31-fribourg-160-000-160000","status":"publish","type":"product","link":"https:\/\/shop.bantam.ch\/de\/produkt\/kuemmerlyfrey-wanderkarte-31-fribourg-160-000-160000\/","title":{"rendered":"K\u00fcmmerly+Frey Wanderkarte 31 Fribourg 1:60.000. 1:60&#8217;000"},"content":{"rendered":"<p>Wandern in der Schweiz In Zusammenarbeit mit den kantonalen und \u00f6rtlichen Wanderwegorganisationen hat K\u00fcmmerly+Frey eine Wanderkarten-Serie geschaffen, welche die ganze Schweiz abdeckt. 33 Bl\u00e4tter, die meisten davon im &#8222;idealen&#8220; Wandermassstab 1:60 000, f\u00fchren durch die sch\u00f6nsten Wander- und Tourengebiete der Schweiz. Die Wanderungen sind unterteilt in &#8222;Wanderweg&#8220;, &#8222;Bergweg&#8220; und &#8222;Alpine Route&#8220;. Jede Karte mit n\u00fctzlichen Zusatzinformationen: Unterkunft, Verpflegung, Sport, Freizeit.<br \/>\nMit Index und Anfahrtskarte der Region. Karte wasser- und reissfest. Massstab: 1:60 000 Neu Matt Laminiert<\/p>\n","protected":false},"excerpt":{"rendered":"<p>Wandern in der Schweiz In Zusammenarbeit mit den kantonalen und \u00f6rtlichen Wanderwegorganisationen hat K\u00fcmmerly+Frey eine Wanderkarten-Serie geschaffen, welche die ganze Schweiz abdeckt. 33 Bl\u00e4tter, die meisten davon im &#8222;idealen&#8220; Wandermassstab 1:60 000, f\u00fchren durch die sch\u00f6nsten Wander- und Tourengebiete der Schweiz. Die Wanderungen sind unterteilt in &#8222;Wanderweg&#8220;, &#8222;Bergweg&#8220; und &#8222;Alpine Route&#8220;. Jede Karte mit n\u00fctzlichen [&hellip;]<\/p>\n","protected":false},"featured_media":235434,"template":"","meta":{"_acf_changed":false},"product_featured_cat":[],"product_brand":[3693],"product_cat":[4352],"product_tag":[],"class_list":{"0":"post-235436","1":"product","2":"type-product","3":"status-publish","4":"has-post-thumbnail","6":"product_brand-kummerly-frey-de","7":"product_cat-reisefuehrer","9":"first","10":"instock","11":"taxable","12":"shipping-taxable","13":"purchasable","14":"product-type-simple"},"acf":[],"yoast_head":"<!-- This site is optimized with the Yoast SEO plugin v27.4 - https:\/\/yoast.com\/product\/yoast-seo-wordpress\/ -->\n<title>K\u00fcmmerly+Frey Wanderkarte 31 Fribourg 1:60.000. 1:60&#039;000 - Bantam Camping AG<\/title>\n<meta name=\"robots\" content=\"index, follow, max-snippet:-1, max-image-preview:large, max-video-preview:-1\" \/>\n<link rel=\"canonical\" href=\"https:\/\/shop.bantam.ch\/de\/produkt\/kuemmerlyfrey-wanderkarte-31-fribourg-160-000-160000\/\" \/>\n<meta property=\"og:locale\" content=\"de_DE\" \/>\n<meta property=\"og:type\" content=\"article\" \/>\n<meta property=\"og:title\" content=\"K\u00fcmmerly+Frey Wanderkarte 31 Fribourg 1:60.000. 1:60&#039;000 - Bantam Camping AG\" \/>\n<meta property=\"og:description\" content=\"Wandern in der Schweiz In Zusammenarbeit mit den kantonalen und \u00f6rtlichen Wanderwegorganisationen hat K\u00fcmmerly+Frey eine Wanderkarten-Serie geschaffen, welche die ganze Schweiz abdeckt. 33 Bl\u00e4tter, die meisten davon im &#8222;idealen&#8220; Wandermassstab 1:60 000, f\u00fchren durch die sch\u00f6nsten Wander- und Tourengebiete der Schweiz. Die Wanderungen sind unterteilt in &#8222;Wanderweg&#8220;, &#8222;Bergweg&#8220; und &#8222;Alpine Route&#8220;. Jede Karte mit n\u00fctzlichen [&hellip;]\" \/>\n<meta property=\"og:url\" content=\"https:\/\/shop.bantam.ch\/de\/produkt\/kuemmerlyfrey-wanderkarte-31-fribourg-160-000-160000\/\" \/>\n<meta property=\"og:site_name\" content=\"Bantam Camping AG\" \/>\n<meta property=\"article:modified_time\" content=\"2026-04-17T21:59:27+00:00\" \/>\n<meta property=\"og:image\" content=\"https:\/\/shop.bantam.ch\/wp-content\/uploads\/2026\/04\/76326038.jpg\" \/>\n\t<meta property=\"og:image:width\" content=\"111\" \/>\n\t<meta property=\"og:image:height\" content=\"180\" \/>\n\t<meta property=\"og:image:type\" content=\"image\/jpeg\" \/>\n<meta name=\"twitter:card\" content=\"summary_large_image\" \/>\n<script type=\"application\/ld+json\" class=\"yoast-schema-graph\">{\"@context\":\"https:\\\/\\\/schema.org\",\"@graph\":[{\"@type\":\"WebPage\",\"@id\":\"https:\\\/\\\/shop.bantam.ch\\\/de\\\/produkt\\\/kuemmerlyfrey-wanderkarte-31-fribourg-160-000-160000\\\/\",\"url\":\"https:\\\/\\\/shop.bantam.ch\\\/de\\\/produkt\\\/kuemmerlyfrey-wanderkarte-31-fribourg-160-000-160000\\\/\",\"name\":\"K\u00fcmmerly+Frey Wanderkarte 31 Fribourg 1:60.000. 1:60'000 - Bantam Camping AG\",\"isPartOf\":{\"@id\":\"https:\\\/\\\/shop.bantam.ch\\\/de\\\/#website\"},\"primaryImageOfPage\":{\"@id\":\"https:\\\/\\\/shop.bantam.ch\\\/de\\\/produkt\\\/kuemmerlyfrey-wanderkarte-31-fribourg-160-000-160000\\\/#primaryimage\"},\"image\":{\"@id\":\"https:\\\/\\\/shop.bantam.ch\\\/de\\\/produkt\\\/kuemmerlyfrey-wanderkarte-31-fribourg-160-000-160000\\\/#primaryimage\"},\"thumbnailUrl\":\"https:\\\/\\\/shop.bantam.ch\\\/wp-content\\\/uploads\\\/2026\\\/04\\\/76326038.jpg\",\"datePublished\":\"2026-04-01T09:12:44+00:00\",\"dateModified\":\"2026-04-17T21:59:27+00:00\",\"breadcrumb\":{\"@id\":\"https:\\\/\\\/shop.bantam.ch\\\/de\\\/produkt\\\/kuemmerlyfrey-wanderkarte-31-fribourg-160-000-160000\\\/#breadcrumb\"},\"inLanguage\":\"de\",\"potentialAction\":[{\"@type\":\"ReadAction\",\"target\":[\"https:\\\/\\\/shop.bantam.ch\\\/de\\\/produkt\\\/kuemmerlyfrey-wanderkarte-31-fribourg-160-000-160000\\\/\"]}]},{\"@type\":\"ImageObject\",\"inLanguage\":\"de\",\"@id\":\"https:\\\/\\\/shop.bantam.ch\\\/de\\\/produkt\\\/kuemmerlyfrey-wanderkarte-31-fribourg-160-000-160000\\\/#primaryimage\",\"url\":\"https:\\\/\\\/shop.bantam.ch\\\/wp-content\\\/uploads\\\/2026\\\/04\\\/76326038.jpg\",\"contentUrl\":\"https:\\\/\\\/shop.bantam.ch\\\/wp-content\\\/uploads\\\/2026\\\/04\\\/76326038.jpg\",\"width\":111,\"height\":180},{\"@type\":\"BreadcrumbList\",\"@id\":\"https:\\\/\\\/shop.bantam.ch\\\/de\\\/produkt\\\/kuemmerlyfrey-wanderkarte-31-fribourg-160-000-160000\\\/#breadcrumb\",\"itemListElement\":[{\"@type\":\"ListItem\",\"position\":1,\"name\":\"Accueil\",\"item\":\"https:\\\/\\\/shop.bantam.ch\\\/de\\\/\"},{\"@type\":\"ListItem\",\"position\":2,\"name\":\"Shop\",\"item\":\"https:\\\/\\\/shop.bantam.ch\\\/de\\\/shop\\\/\"},{\"@type\":\"ListItem\",\"position\":3,\"name\":\"K\u00fcmmerly+Frey Wanderkarte 31 Fribourg 1:60.000. 1:60&rsquo;000\"}]},{\"@type\":\"WebSite\",\"@id\":\"https:\\\/\\\/shop.bantam.ch\\\/de\\\/#website\",\"url\":\"https:\\\/\\\/shop.bantam.ch\\\/de\\\/\",\"name\":\"Bantam Camping AG\",\"description\":\"\",\"publisher\":{\"@id\":\"https:\\\/\\\/shop.bantam.ch\\\/de\\\/#organization\"},\"inLanguage\":\"de\"},{\"@type\":\"Organization\",\"@id\":\"https:\\\/\\\/shop.bantam.ch\\\/de\\\/#organization\",\"name\":\"Bantam Camping AG\",\"url\":\"https:\\\/\\\/shop.bantam.ch\\\/de\\\/\",\"logo\":{\"@type\":\"ImageObject\",\"inLanguage\":\"de\",\"@id\":\"https:\\\/\\\/shop.bantam.ch\\\/de\\\/#\\\/schema\\\/logo\\\/image\\\/\",\"url\":\"https:\\\/\\\/shop.bantam.ch\\\/wp-content\\\/uploads\\\/2022\\\/12\\\/bantam-logo.png\",\"contentUrl\":\"https:\\\/\\\/shop.bantam.ch\\\/wp-content\\\/uploads\\\/2022\\\/12\\\/bantam-logo.png\",\"width\":320,\"height\":71,\"caption\":\"Bantam Camping AG\"},\"image\":{\"@id\":\"https:\\\/\\\/shop.bantam.ch\\\/de\\\/#\\\/schema\\\/logo\\\/image\\\/\"}}]}<\/script>\n<!-- \/ Yoast SEO plugin. -->","yoast_head_json":{"title":"K\u00fcmmerly+Frey Wanderkarte 31 Fribourg 1:60.000. 1:60'000 - Bantam Camping AG","robots":{"index":"index","follow":"follow","max-snippet":"max-snippet:-1","max-image-preview":"max-image-preview:large","max-video-preview":"max-video-preview:-1"},"canonical":"https:\/\/shop.bantam.ch\/de\/produkt\/kuemmerlyfrey-wanderkarte-31-fribourg-160-000-160000\/","og_locale":"de_DE","og_type":"article","og_title":"K\u00fcmmerly+Frey Wanderkarte 31 Fribourg 1:60.000. 1:60'000 - Bantam Camping AG","og_description":"Wandern in der Schweiz In Zusammenarbeit mit den kantonalen und \u00f6rtlichen Wanderwegorganisationen hat K\u00fcmmerly+Frey eine Wanderkarten-Serie geschaffen, welche die ganze Schweiz abdeckt. 33 Bl\u00e4tter, die meisten davon im &#8222;idealen&#8220; Wandermassstab 1:60 000, f\u00fchren durch die sch\u00f6nsten Wander- und Tourengebiete der Schweiz. Die Wanderungen sind unterteilt in &#8222;Wanderweg&#8220;, &#8222;Bergweg&#8220; und &#8222;Alpine Route&#8220;. Jede Karte mit n\u00fctzlichen [&hellip;]","og_url":"https:\/\/shop.bantam.ch\/de\/produkt\/kuemmerlyfrey-wanderkarte-31-fribourg-160-000-160000\/","og_site_name":"Bantam Camping AG","article_modified_time":"2026-04-17T21:59:27+00:00","og_image":[{"width":111,"height":180,"url":"https:\/\/shop.bantam.ch\/wp-content\/uploads\/2026\/04\/76326038.jpg","type":"image\/jpeg"}],"twitter_card":"summary_large_image","schema":{"@context":"https:\/\/schema.org","@graph":[{"@type":"WebPage","@id":"https:\/\/shop.bantam.ch\/de\/produkt\/kuemmerlyfrey-wanderkarte-31-fribourg-160-000-160000\/","url":"https:\/\/shop.bantam.ch\/de\/produkt\/kuemmerlyfrey-wanderkarte-31-fribourg-160-000-160000\/","name":"K\u00fcmmerly+Frey Wanderkarte 31 Fribourg 1:60.000. 1:60'000 - Bantam Camping AG","isPartOf":{"@id":"https:\/\/shop.bantam.ch\/de\/#website"},"primaryImageOfPage":{"@id":"https:\/\/shop.bantam.ch\/de\/produkt\/kuemmerlyfrey-wanderkarte-31-fribourg-160-000-160000\/#primaryimage"},"image":{"@id":"https:\/\/shop.bantam.ch\/de\/produkt\/kuemmerlyfrey-wanderkarte-31-fribourg-160-000-160000\/#primaryimage"},"thumbnailUrl":"https:\/\/shop.bantam.ch\/wp-content\/uploads\/2026\/04\/76326038.jpg","datePublished":"2026-04-01T09:12:44+00:00","dateModified":"2026-04-17T21:59:27+00:00","breadcrumb":{"@id":"https:\/\/shop.bantam.ch\/de\/produkt\/kuemmerlyfrey-wanderkarte-31-fribourg-160-000-160000\/#breadcrumb"},"inLanguage":"de","potentialAction":[{"@type":"ReadAction","target":["https:\/\/shop.bantam.ch\/de\/produkt\/kuemmerlyfrey-wanderkarte-31-fribourg-160-000-160000\/"]}]},{"@type":"ImageObject","inLanguage":"de","@id":"https:\/\/shop.bantam.ch\/de\/produkt\/kuemmerlyfrey-wanderkarte-31-fribourg-160-000-160000\/#primaryimage","url":"https:\/\/shop.bantam.ch\/wp-content\/uploads\/2026\/04\/76326038.jpg","contentUrl":"https:\/\/shop.bantam.ch\/wp-content\/uploads\/2026\/04\/76326038.jpg","width":111,"height":180},{"@type":"BreadcrumbList","@id":"https:\/\/shop.bantam.ch\/de\/produkt\/kuemmerlyfrey-wanderkarte-31-fribourg-160-000-160000\/#breadcrumb","itemListElement":[{"@type":"ListItem","position":1,"name":"Accueil","item":"https:\/\/shop.bantam.ch\/de\/"},{"@type":"ListItem","position":2,"name":"Shop","item":"https:\/\/shop.bantam.ch\/de\/shop\/"},{"@type":"ListItem","position":3,"name":"K\u00fcmmerly+Frey Wanderkarte 31 Fribourg 1:60.000. 1:60&rsquo;000"}]},{"@type":"WebSite","@id":"https:\/\/shop.bantam.ch\/de\/#website","url":"https:\/\/shop.bantam.ch\/de\/","name":"Bantam Camping AG","description":"","publisher":{"@id":"https:\/\/shop.bantam.ch\/de\/#organization"},"inLanguage":"de"},{"@type":"Organization","@id":"https:\/\/shop.bantam.ch\/de\/#organization","name":"Bantam Camping AG","url":"https:\/\/shop.bantam.ch\/de\/","logo":{"@type":"ImageObject","inLanguage":"de","@id":"https:\/\/shop.bantam.ch\/de\/#\/schema\/logo\/image\/","url":"https:\/\/shop.bantam.ch\/wp-content\/uploads\/2022\/12\/bantam-logo.png","contentUrl":"https:\/\/shop.bantam.ch\/wp-content\/uploads\/2022\/12\/bantam-logo.png","width":320,"height":71,"caption":"Bantam Camping AG"},"image":{"@id":"https:\/\/shop.bantam.ch\/de\/#\/schema\/logo\/image\/"}}]}},"_links":{"self":[{"href":"https:\/\/shop.bantam.ch\/de\/wp-json\/wp\/v2\/product\/235436","targetHints":{"allow":["GET"]}}],"collection":[{"href":"https:\/\/shop.bantam.ch\/de\/wp-json\/wp\/v2\/product"}],"about":[{"href":"https:\/\/shop.bantam.ch\/de\/wp-json\/wp\/v2\/types\/product"}],"wp:featuredmedia":[{"embeddable":true,"href":"https:\/\/shop.bantam.ch\/de\/wp-json\/wp\/v2\/media\/235434"}],"wp:attachment":[{"href":"https:\/\/shop.bantam.ch\/de\/wp-json\/wp\/v2\/media?parent=235436"}],"wp:term":[{"taxonomy":"product_featured_cat","embeddable":true,"href":"https:\/\/shop.bantam.ch\/de\/wp-json\/wp\/v2\/product_featured_cat?post=235436"},{"taxonomy":"product_brand","embeddable":true,"href":"https:\/\/shop.bantam.ch\/de\/wp-json\/wp\/v2\/product_brand?post=235436"},{"taxonomy":"product_cat","embeddable":true,"href":"https:\/\/shop.bantam.ch\/de\/wp-json\/wp\/v2\/product_cat?post=235436"},{"taxonomy":"product_tag","embeddable":true,"href":"https:\/\/shop.bantam.ch\/de\/wp-json\/wp\/v2\/product_tag?post=235436"}],"curies":[{"name":"wp","href":"https:\/\/api.w.org\/{rel}","templated":true}]}}