{"id":235397,"date":"2026-03-31T16:46:39","date_gmt":"2026-03-31T14:46:39","guid":{"rendered":"https:\/\/shop.bantam.ch\/produit\/kuemmerlyfrey-regional-strassenkarte-6-ligurien-1200-000-1200000\/"},"modified":"2026-04-17T23:59:20","modified_gmt":"2026-04-17T21:59:20","slug":"kuemmerlyfrey-regional-strassenkarte-6-ligurien-1200-000-1200000","status":"publish","type":"product","link":"https:\/\/shop.bantam.ch\/de\/produkt\/kuemmerlyfrey-regional-strassenkarte-6-ligurien-1200-000-1200000\/","title":{"rendered":"K\u00fcmmerly+Frey Regional-Strassenkarte 6 Ligurien 1:200.000. 1:200&#8217;000"},"content":{"rendered":"<p>In der K\u00fcmmerly+Frey Strassenkarte Ligurien im Massstab 1:200&#8217;000 finden Sie alles was Sie zur Orientierung und Inspiration brauchen.Die Karte zeigt von Rivoli, Torino, Cavour, Vercelli, Alessandria, Tortona, Piacenza, La Spezia, Levanto, Chiavari, Cinque Terre, Genova, Sanremo, Monaco, etc die wichtigsten Gebiete von Interesse.Dank den deutlich gekennzeichneten, leicht lesbaren und aktuellen Strassen, dem aufger\u00e4umten, aktuellen Kartenbild sowie der Detailgenauigkeit, ist die Karte das perfekte Hilfsmittel, um das Beste aus Ihrem Besuch in dieser aussergew\u00f6hnlichen Region zu machen.  Die thematische Karte enth\u00e4lt detaillierte Informationen \u00fcber Ortschaften und das verbindende Strassennetz.Reisende mit Auto oder Motorrad finden dank den gut erkennbaren, \u00fcbersichtlich dargestellten Autobahnen, Autostrassen, Hauptverkehrsstrassen, Landstrassen und Nebenstrassen immer den richtigen Weg. Die integrierten Stadtpl\u00e4ne helfen dabei, sich in und rund um die St\u00e4dte orientieren zu k\u00f6nnen. Auch die integrierten F\u00e4hrverbindungen sorgen daf\u00fcr, dass Sie Ihr Ziel erreichen.Die eingeklebte 4-sprachige Brosch\u00fcre mit Ortsindex, Citypl\u00e4nen, Reiseinformationen, Top-Attraktionen und Reisetipps vervollst\u00e4ndigen das Kartenwerk.Die Faltkarte f\u00fcr Autofahrer oder Motorradfahrer besteht aus einem stabilen Cover und robustem Papier. Auch nach mehrmaligem Gebrauch l\u00e4sst sie Sie nicht im Stich.Sollte das GPS mal nicht funktionieren oder das Handy keinen Akku mehr haben, helfen Ihnen die auf der Karte deutlich verzeichneten Strassen, Aussichtspunkten, Bahnh\u00f6fen, Einkehrm\u00f6glichkeiten, Campingpl\u00e4tzen, Parkpl\u00e4tzen, etc. stets die Orientierung zu behalten.Sprachen: Deutsch, Italienisch, Englisch, Franz\u00f6sisch, Spanisch, Niederl\u00e4ndisch<\/p>\n","protected":false},"excerpt":{"rendered":"<p>In der K\u00fcmmerly+Frey Strassenkarte Ligurien im Massstab 1:200&#8217;000 finden Sie alles was Sie zur Orientierung und Inspiration brauchen.Die Karte zeigt von Rivoli, Torino, Cavour, Vercelli, Alessandria, Tortona, Piacenza, La Spezia, Levanto, Chiavari, Cinque Terre, Genova, Sanremo, Monaco, etc die wichtigsten Gebiete von Interesse.Dank den deutlich gekennzeichneten, leicht lesbaren und aktuellen Strassen, dem aufger\u00e4umten, aktuellen Kartenbild [&hellip;]<\/p>\n","protected":false},"featured_media":235395,"template":"","meta":{"_acf_changed":false},"product_featured_cat":[],"product_brand":[3693],"product_cat":[4352],"product_tag":[],"class_list":{"0":"post-235397","1":"product","2":"type-product","3":"status-publish","4":"has-post-thumbnail","6":"product_brand-kummerly-frey-de","7":"product_cat-reisefuehrer","9":"first","10":"instock","11":"taxable","12":"shipping-taxable","13":"purchasable","14":"product-type-simple"},"acf":[],"yoast_head":"<!-- This site is optimized with the Yoast SEO plugin v27.4 - https:\/\/yoast.com\/product\/yoast-seo-wordpress\/ -->\n<title>K\u00fcmmerly+Frey Regional-Strassenkarte 6 Ligurien 1:200.000. 1:200&#039;000 - Bantam Camping AG<\/title>\n<meta name=\"robots\" content=\"index, follow, max-snippet:-1, max-image-preview:large, max-video-preview:-1\" \/>\n<link rel=\"canonical\" href=\"https:\/\/shop.bantam.ch\/de\/produkt\/kuemmerlyfrey-regional-strassenkarte-6-ligurien-1200-000-1200000\/\" \/>\n<meta property=\"og:locale\" content=\"de_DE\" \/>\n<meta property=\"og:type\" content=\"article\" \/>\n<meta property=\"og:title\" content=\"K\u00fcmmerly+Frey Regional-Strassenkarte 6 Ligurien 1:200.000. 1:200&#039;000 - Bantam Camping AG\" \/>\n<meta property=\"og:description\" content=\"In der K\u00fcmmerly+Frey Strassenkarte Ligurien im Massstab 1:200&#8217;000 finden Sie alles was Sie zur Orientierung und Inspiration brauchen.Die Karte zeigt von Rivoli, Torino, Cavour, Vercelli, Alessandria, Tortona, Piacenza, La Spezia, Levanto, Chiavari, Cinque Terre, Genova, Sanremo, Monaco, etc die wichtigsten Gebiete von Interesse.Dank den deutlich gekennzeichneten, leicht lesbaren und aktuellen Strassen, dem aufger\u00e4umten, aktuellen Kartenbild [&hellip;]\" \/>\n<meta property=\"og:url\" content=\"https:\/\/shop.bantam.ch\/de\/produkt\/kuemmerlyfrey-regional-strassenkarte-6-ligurien-1200-000-1200000\/\" \/>\n<meta property=\"og:site_name\" content=\"Bantam Camping AG\" \/>\n<meta property=\"article:modified_time\" content=\"2026-04-17T21:59:20+00:00\" \/>\n<meta property=\"og:image\" content=\"https:\/\/shop.bantam.ch\/wp-content\/uploads\/2026\/03\/76326032.jpg\" \/>\n\t<meta property=\"og:image:width\" content=\"93\" \/>\n\t<meta property=\"og:image:height\" content=\"180\" \/>\n\t<meta property=\"og:image:type\" content=\"image\/jpeg\" \/>\n<meta name=\"twitter:card\" content=\"summary_large_image\" \/>\n<meta name=\"twitter:label1\" content=\"Gesch\u00e4tzte Lesezeit\" \/>\n\t<meta name=\"twitter:data1\" content=\"1\u00a0Minute\" \/>\n<script type=\"application\/ld+json\" class=\"yoast-schema-graph\">{\"@context\":\"https:\\\/\\\/schema.org\",\"@graph\":[{\"@type\":\"WebPage\",\"@id\":\"https:\\\/\\\/shop.bantam.ch\\\/de\\\/produkt\\\/kuemmerlyfrey-regional-strassenkarte-6-ligurien-1200-000-1200000\\\/\",\"url\":\"https:\\\/\\\/shop.bantam.ch\\\/de\\\/produkt\\\/kuemmerlyfrey-regional-strassenkarte-6-ligurien-1200-000-1200000\\\/\",\"name\":\"K\u00fcmmerly+Frey Regional-Strassenkarte 6 Ligurien 1:200.000. 1:200'000 - Bantam Camping AG\",\"isPartOf\":{\"@id\":\"https:\\\/\\\/shop.bantam.ch\\\/de\\\/#website\"},\"primaryImageOfPage\":{\"@id\":\"https:\\\/\\\/shop.bantam.ch\\\/de\\\/produkt\\\/kuemmerlyfrey-regional-strassenkarte-6-ligurien-1200-000-1200000\\\/#primaryimage\"},\"image\":{\"@id\":\"https:\\\/\\\/shop.bantam.ch\\\/de\\\/produkt\\\/kuemmerlyfrey-regional-strassenkarte-6-ligurien-1200-000-1200000\\\/#primaryimage\"},\"thumbnailUrl\":\"https:\\\/\\\/shop.bantam.ch\\\/wp-content\\\/uploads\\\/2026\\\/03\\\/76326032.jpg\",\"datePublished\":\"2026-03-31T14:46:39+00:00\",\"dateModified\":\"2026-04-17T21:59:20+00:00\",\"breadcrumb\":{\"@id\":\"https:\\\/\\\/shop.bantam.ch\\\/de\\\/produkt\\\/kuemmerlyfrey-regional-strassenkarte-6-ligurien-1200-000-1200000\\\/#breadcrumb\"},\"inLanguage\":\"de\",\"potentialAction\":[{\"@type\":\"ReadAction\",\"target\":[\"https:\\\/\\\/shop.bantam.ch\\\/de\\\/produkt\\\/kuemmerlyfrey-regional-strassenkarte-6-ligurien-1200-000-1200000\\\/\"]}]},{\"@type\":\"ImageObject\",\"inLanguage\":\"de\",\"@id\":\"https:\\\/\\\/shop.bantam.ch\\\/de\\\/produkt\\\/kuemmerlyfrey-regional-strassenkarte-6-ligurien-1200-000-1200000\\\/#primaryimage\",\"url\":\"https:\\\/\\\/shop.bantam.ch\\\/wp-content\\\/uploads\\\/2026\\\/03\\\/76326032.jpg\",\"contentUrl\":\"https:\\\/\\\/shop.bantam.ch\\\/wp-content\\\/uploads\\\/2026\\\/03\\\/76326032.jpg\",\"width\":93,\"height\":180},{\"@type\":\"BreadcrumbList\",\"@id\":\"https:\\\/\\\/shop.bantam.ch\\\/de\\\/produkt\\\/kuemmerlyfrey-regional-strassenkarte-6-ligurien-1200-000-1200000\\\/#breadcrumb\",\"itemListElement\":[{\"@type\":\"ListItem\",\"position\":1,\"name\":\"Accueil\",\"item\":\"https:\\\/\\\/shop.bantam.ch\\\/de\\\/\"},{\"@type\":\"ListItem\",\"position\":2,\"name\":\"Shop\",\"item\":\"https:\\\/\\\/shop.bantam.ch\\\/de\\\/shop\\\/\"},{\"@type\":\"ListItem\",\"position\":3,\"name\":\"K\u00fcmmerly+Frey Regional-Strassenkarte 6 Ligurien 1:200.000. 1:200&rsquo;000\"}]},{\"@type\":\"WebSite\",\"@id\":\"https:\\\/\\\/shop.bantam.ch\\\/de\\\/#website\",\"url\":\"https:\\\/\\\/shop.bantam.ch\\\/de\\\/\",\"name\":\"Bantam Camping AG\",\"description\":\"\",\"publisher\":{\"@id\":\"https:\\\/\\\/shop.bantam.ch\\\/de\\\/#organization\"},\"inLanguage\":\"de\"},{\"@type\":\"Organization\",\"@id\":\"https:\\\/\\\/shop.bantam.ch\\\/de\\\/#organization\",\"name\":\"Bantam Camping AG\",\"url\":\"https:\\\/\\\/shop.bantam.ch\\\/de\\\/\",\"logo\":{\"@type\":\"ImageObject\",\"inLanguage\":\"de\",\"@id\":\"https:\\\/\\\/shop.bantam.ch\\\/de\\\/#\\\/schema\\\/logo\\\/image\\\/\",\"url\":\"https:\\\/\\\/shop.bantam.ch\\\/wp-content\\\/uploads\\\/2022\\\/12\\\/bantam-logo.png\",\"contentUrl\":\"https:\\\/\\\/shop.bantam.ch\\\/wp-content\\\/uploads\\\/2022\\\/12\\\/bantam-logo.png\",\"width\":320,\"height\":71,\"caption\":\"Bantam Camping AG\"},\"image\":{\"@id\":\"https:\\\/\\\/shop.bantam.ch\\\/de\\\/#\\\/schema\\\/logo\\\/image\\\/\"}}]}<\/script>\n<!-- \/ Yoast SEO plugin. -->","yoast_head_json":{"title":"K\u00fcmmerly+Frey Regional-Strassenkarte 6 Ligurien 1:200.000. 1:200'000 - Bantam Camping AG","robots":{"index":"index","follow":"follow","max-snippet":"max-snippet:-1","max-image-preview":"max-image-preview:large","max-video-preview":"max-video-preview:-1"},"canonical":"https:\/\/shop.bantam.ch\/de\/produkt\/kuemmerlyfrey-regional-strassenkarte-6-ligurien-1200-000-1200000\/","og_locale":"de_DE","og_type":"article","og_title":"K\u00fcmmerly+Frey Regional-Strassenkarte 6 Ligurien 1:200.000. 1:200'000 - Bantam Camping AG","og_description":"In der K\u00fcmmerly+Frey Strassenkarte Ligurien im Massstab 1:200&#8217;000 finden Sie alles was Sie zur Orientierung und Inspiration brauchen.Die Karte zeigt von Rivoli, Torino, Cavour, Vercelli, Alessandria, Tortona, Piacenza, La Spezia, Levanto, Chiavari, Cinque Terre, Genova, Sanremo, Monaco, etc die wichtigsten Gebiete von Interesse.Dank den deutlich gekennzeichneten, leicht lesbaren und aktuellen Strassen, dem aufger\u00e4umten, aktuellen Kartenbild [&hellip;]","og_url":"https:\/\/shop.bantam.ch\/de\/produkt\/kuemmerlyfrey-regional-strassenkarte-6-ligurien-1200-000-1200000\/","og_site_name":"Bantam Camping AG","article_modified_time":"2026-04-17T21:59:20+00:00","og_image":[{"width":93,"height":180,"url":"https:\/\/shop.bantam.ch\/wp-content\/uploads\/2026\/03\/76326032.jpg","type":"image\/jpeg"}],"twitter_card":"summary_large_image","twitter_misc":{"Gesch\u00e4tzte Lesezeit":"1\u00a0Minute"},"schema":{"@context":"https:\/\/schema.org","@graph":[{"@type":"WebPage","@id":"https:\/\/shop.bantam.ch\/de\/produkt\/kuemmerlyfrey-regional-strassenkarte-6-ligurien-1200-000-1200000\/","url":"https:\/\/shop.bantam.ch\/de\/produkt\/kuemmerlyfrey-regional-strassenkarte-6-ligurien-1200-000-1200000\/","name":"K\u00fcmmerly+Frey Regional-Strassenkarte 6 Ligurien 1:200.000. 1:200'000 - Bantam Camping AG","isPartOf":{"@id":"https:\/\/shop.bantam.ch\/de\/#website"},"primaryImageOfPage":{"@id":"https:\/\/shop.bantam.ch\/de\/produkt\/kuemmerlyfrey-regional-strassenkarte-6-ligurien-1200-000-1200000\/#primaryimage"},"image":{"@id":"https:\/\/shop.bantam.ch\/de\/produkt\/kuemmerlyfrey-regional-strassenkarte-6-ligurien-1200-000-1200000\/#primaryimage"},"thumbnailUrl":"https:\/\/shop.bantam.ch\/wp-content\/uploads\/2026\/03\/76326032.jpg","datePublished":"2026-03-31T14:46:39+00:00","dateModified":"2026-04-17T21:59:20+00:00","breadcrumb":{"@id":"https:\/\/shop.bantam.ch\/de\/produkt\/kuemmerlyfrey-regional-strassenkarte-6-ligurien-1200-000-1200000\/#breadcrumb"},"inLanguage":"de","potentialAction":[{"@type":"ReadAction","target":["https:\/\/shop.bantam.ch\/de\/produkt\/kuemmerlyfrey-regional-strassenkarte-6-ligurien-1200-000-1200000\/"]}]},{"@type":"ImageObject","inLanguage":"de","@id":"https:\/\/shop.bantam.ch\/de\/produkt\/kuemmerlyfrey-regional-strassenkarte-6-ligurien-1200-000-1200000\/#primaryimage","url":"https:\/\/shop.bantam.ch\/wp-content\/uploads\/2026\/03\/76326032.jpg","contentUrl":"https:\/\/shop.bantam.ch\/wp-content\/uploads\/2026\/03\/76326032.jpg","width":93,"height":180},{"@type":"BreadcrumbList","@id":"https:\/\/shop.bantam.ch\/de\/produkt\/kuemmerlyfrey-regional-strassenkarte-6-ligurien-1200-000-1200000\/#breadcrumb","itemListElement":[{"@type":"ListItem","position":1,"name":"Accueil","item":"https:\/\/shop.bantam.ch\/de\/"},{"@type":"ListItem","position":2,"name":"Shop","item":"https:\/\/shop.bantam.ch\/de\/shop\/"},{"@type":"ListItem","position":3,"name":"K\u00fcmmerly+Frey Regional-Strassenkarte 6 Ligurien 1:200.000. 1:200&rsquo;000"}]},{"@type":"WebSite","@id":"https:\/\/shop.bantam.ch\/de\/#website","url":"https:\/\/shop.bantam.ch\/de\/","name":"Bantam Camping AG","description":"","publisher":{"@id":"https:\/\/shop.bantam.ch\/de\/#organization"},"inLanguage":"de"},{"@type":"Organization","@id":"https:\/\/shop.bantam.ch\/de\/#organization","name":"Bantam Camping AG","url":"https:\/\/shop.bantam.ch\/de\/","logo":{"@type":"ImageObject","inLanguage":"de","@id":"https:\/\/shop.bantam.ch\/de\/#\/schema\/logo\/image\/","url":"https:\/\/shop.bantam.ch\/wp-content\/uploads\/2022\/12\/bantam-logo.png","contentUrl":"https:\/\/shop.bantam.ch\/wp-content\/uploads\/2022\/12\/bantam-logo.png","width":320,"height":71,"caption":"Bantam Camping AG"},"image":{"@id":"https:\/\/shop.bantam.ch\/de\/#\/schema\/logo\/image\/"}}]}},"_links":{"self":[{"href":"https:\/\/shop.bantam.ch\/de\/wp-json\/wp\/v2\/product\/235397","targetHints":{"allow":["GET"]}}],"collection":[{"href":"https:\/\/shop.bantam.ch\/de\/wp-json\/wp\/v2\/product"}],"about":[{"href":"https:\/\/shop.bantam.ch\/de\/wp-json\/wp\/v2\/types\/product"}],"wp:featuredmedia":[{"embeddable":true,"href":"https:\/\/shop.bantam.ch\/de\/wp-json\/wp\/v2\/media\/235395"}],"wp:attachment":[{"href":"https:\/\/shop.bantam.ch\/de\/wp-json\/wp\/v2\/media?parent=235397"}],"wp:term":[{"taxonomy":"product_featured_cat","embeddable":true,"href":"https:\/\/shop.bantam.ch\/de\/wp-json\/wp\/v2\/product_featured_cat?post=235397"},{"taxonomy":"product_brand","embeddable":true,"href":"https:\/\/shop.bantam.ch\/de\/wp-json\/wp\/v2\/product_brand?post=235397"},{"taxonomy":"product_cat","embeddable":true,"href":"https:\/\/shop.bantam.ch\/de\/wp-json\/wp\/v2\/product_cat?post=235397"},{"taxonomy":"product_tag","embeddable":true,"href":"https:\/\/shop.bantam.ch\/de\/wp-json\/wp\/v2\/product_tag?post=235397"}],"curies":[{"name":"wp","href":"https:\/\/api.w.org\/{rel}","templated":true}]}}