{"id":235393,"date":"2026-03-31T16:43:39","date_gmt":"2026-03-31T14:43:39","guid":{"rendered":"https:\/\/shop.bantam.ch\/produit\/hallwag-strassenkarte-reisekarte-schweiz-1200-000-1200000\/"},"modified":"2026-04-20T00:06:34","modified_gmt":"2026-04-19T22:06:34","slug":"hallwag-strassenkarte-reisekarte-schweiz-1200-000-1200000","status":"publish","type":"product","link":"https:\/\/shop.bantam.ch\/de\/produkt\/hallwag-strassenkarte-reisekarte-schweiz-1200-000-1200000\/","title":{"rendered":"Hallwag Strassenkarte Reisekarte Schweiz 1:200.000. 1:200&#8217;000"},"content":{"rendered":"<p>In der Hallwag Reisekarte Schweiz im Massstab 1:200.000 finden Sie alles, was Sie zur Orientierung und Inspiration brauchen. Die Karte zeigt von Genf, Lausanne, Basel, Bern, Zermatt, Winterthur, Davos, St. Moritz, Lugano usw. die wichtigsten Gebiete von Interesse. Dank dem gr\u00f6sseren Massstab von 1:200.000 bietet Ihnen diese Karte eine Vielzahl von Vorteilen: Beispielsweise werden Strassen, Wege und topografische Details deutlich detaillierter dargestellt, und s\u00e4mtliche Bezeichnungen auf der Karte wie St\u00e4dte- sowie Ortsnamen, Autobahnausfahrten, Sehensw\u00fcrdigkeiten usw. sind in einer gr\u00f6sseren Schriftart wiedergegeben. Die einzigartige, benutzerfreundliche Technik zum Aufklappen der in vier Teilen eingeteilten Strassenkarte ist ein weiterer Vorteil dieser Karte. Neben der Strassenkarte hilft die eingelegte 6-sprachige Brosch\u00fcre mit Transitpl\u00e4nen und Index, sich in und rund um die St\u00e4dte orientieren zu k\u00f6nnen. Die Reisekarte Schweiz besteht aus einem robustem, weitgehend wasserresistentem und reissfestem Papier. Auch nach mehrmaligem Gebrauch l\u00e4sst sie Sie nicht im Stich. Sollte das GPS mal nicht funktionieren oder das Handy keinen Akku mehr haben, helfen Ihnen die auf der Karte deutlich verzeichneten Strassen, Aussichtspunkten, Bahnh\u00f6fen, Einkehrm\u00f6glichkeiten, Campingpl\u00e4tzen, Parkpl\u00e4tzen, etc. stets die Orientierung zu behalten.<\/p>\n","protected":false},"excerpt":{"rendered":"<p>In der Hallwag Reisekarte Schweiz im Massstab 1:200.000 finden Sie alles, was Sie zur Orientierung und Inspiration brauchen. Die Karte zeigt von Genf, Lausanne, Basel, Bern, Zermatt, Winterthur, Davos, St. Moritz, Lugano usw. die wichtigsten Gebiete von Interesse. Dank dem gr\u00f6sseren Massstab von 1:200.000 bietet Ihnen diese Karte eine Vielzahl von Vorteilen: Beispielsweise werden Strassen, [&hellip;]<\/p>\n","protected":false},"featured_media":235391,"template":"","meta":{"_acf_changed":false},"product_featured_cat":[],"product_brand":[3691],"product_cat":[4352],"product_tag":[],"class_list":{"0":"post-235393","1":"product","2":"type-product","3":"status-publish","4":"has-post-thumbnail","6":"product_brand-hallwag-de","7":"product_cat-reisefuehrer","9":"first","10":"instock","11":"taxable","12":"shipping-taxable","13":"purchasable","14":"product-type-simple"},"acf":[],"yoast_head":"<!-- This site is optimized with the Yoast SEO plugin v27.4 - https:\/\/yoast.com\/product\/yoast-seo-wordpress\/ -->\n<title>Hallwag Strassenkarte Reisekarte Schweiz 1:200.000. 1:200&#039;000 - Bantam Camping AG<\/title>\n<meta name=\"robots\" content=\"index, follow, max-snippet:-1, max-image-preview:large, max-video-preview:-1\" \/>\n<link rel=\"canonical\" href=\"https:\/\/shop.bantam.ch\/de\/produkt\/hallwag-strassenkarte-reisekarte-schweiz-1200-000-1200000\/\" \/>\n<meta property=\"og:locale\" content=\"de_DE\" \/>\n<meta property=\"og:type\" content=\"article\" \/>\n<meta property=\"og:title\" content=\"Hallwag Strassenkarte Reisekarte Schweiz 1:200.000. 1:200&#039;000 - Bantam Camping AG\" \/>\n<meta property=\"og:description\" content=\"In der Hallwag Reisekarte Schweiz im Massstab 1:200.000 finden Sie alles, was Sie zur Orientierung und Inspiration brauchen. Die Karte zeigt von Genf, Lausanne, Basel, Bern, Zermatt, Winterthur, Davos, St. Moritz, Lugano usw. die wichtigsten Gebiete von Interesse. Dank dem gr\u00f6sseren Massstab von 1:200.000 bietet Ihnen diese Karte eine Vielzahl von Vorteilen: Beispielsweise werden Strassen, [&hellip;]\" \/>\n<meta property=\"og:url\" content=\"https:\/\/shop.bantam.ch\/de\/produkt\/hallwag-strassenkarte-reisekarte-schweiz-1200-000-1200000\/\" \/>\n<meta property=\"og:site_name\" content=\"Bantam Camping AG\" \/>\n<meta property=\"article:modified_time\" content=\"2026-04-19T22:06:34+00:00\" \/>\n<meta property=\"og:image\" content=\"https:\/\/shop.bantam.ch\/wp-content\/uploads\/2026\/03\/76326031.jpg\" \/>\n\t<meta property=\"og:image:width\" content=\"93\" \/>\n\t<meta property=\"og:image:height\" content=\"180\" \/>\n\t<meta property=\"og:image:type\" content=\"image\/jpeg\" \/>\n<meta name=\"twitter:card\" content=\"summary_large_image\" \/>\n<meta name=\"twitter:label1\" content=\"Gesch\u00e4tzte Lesezeit\" \/>\n\t<meta name=\"twitter:data1\" content=\"1\u00a0Minute\" \/>\n<script type=\"application\/ld+json\" class=\"yoast-schema-graph\">{\"@context\":\"https:\\\/\\\/schema.org\",\"@graph\":[{\"@type\":\"WebPage\",\"@id\":\"https:\\\/\\\/shop.bantam.ch\\\/de\\\/produkt\\\/hallwag-strassenkarte-reisekarte-schweiz-1200-000-1200000\\\/\",\"url\":\"https:\\\/\\\/shop.bantam.ch\\\/de\\\/produkt\\\/hallwag-strassenkarte-reisekarte-schweiz-1200-000-1200000\\\/\",\"name\":\"Hallwag Strassenkarte Reisekarte Schweiz 1:200.000. 1:200'000 - Bantam Camping AG\",\"isPartOf\":{\"@id\":\"https:\\\/\\\/shop.bantam.ch\\\/de\\\/#website\"},\"primaryImageOfPage\":{\"@id\":\"https:\\\/\\\/shop.bantam.ch\\\/de\\\/produkt\\\/hallwag-strassenkarte-reisekarte-schweiz-1200-000-1200000\\\/#primaryimage\"},\"image\":{\"@id\":\"https:\\\/\\\/shop.bantam.ch\\\/de\\\/produkt\\\/hallwag-strassenkarte-reisekarte-schweiz-1200-000-1200000\\\/#primaryimage\"},\"thumbnailUrl\":\"https:\\\/\\\/shop.bantam.ch\\\/wp-content\\\/uploads\\\/2026\\\/03\\\/76326031.jpg\",\"datePublished\":\"2026-03-31T14:43:39+00:00\",\"dateModified\":\"2026-04-19T22:06:34+00:00\",\"breadcrumb\":{\"@id\":\"https:\\\/\\\/shop.bantam.ch\\\/de\\\/produkt\\\/hallwag-strassenkarte-reisekarte-schweiz-1200-000-1200000\\\/#breadcrumb\"},\"inLanguage\":\"de\",\"potentialAction\":[{\"@type\":\"ReadAction\",\"target\":[\"https:\\\/\\\/shop.bantam.ch\\\/de\\\/produkt\\\/hallwag-strassenkarte-reisekarte-schweiz-1200-000-1200000\\\/\"]}]},{\"@type\":\"ImageObject\",\"inLanguage\":\"de\",\"@id\":\"https:\\\/\\\/shop.bantam.ch\\\/de\\\/produkt\\\/hallwag-strassenkarte-reisekarte-schweiz-1200-000-1200000\\\/#primaryimage\",\"url\":\"https:\\\/\\\/shop.bantam.ch\\\/wp-content\\\/uploads\\\/2026\\\/03\\\/76326031.jpg\",\"contentUrl\":\"https:\\\/\\\/shop.bantam.ch\\\/wp-content\\\/uploads\\\/2026\\\/03\\\/76326031.jpg\",\"width\":93,\"height\":180},{\"@type\":\"BreadcrumbList\",\"@id\":\"https:\\\/\\\/shop.bantam.ch\\\/de\\\/produkt\\\/hallwag-strassenkarte-reisekarte-schweiz-1200-000-1200000\\\/#breadcrumb\",\"itemListElement\":[{\"@type\":\"ListItem\",\"position\":1,\"name\":\"Accueil\",\"item\":\"https:\\\/\\\/shop.bantam.ch\\\/de\\\/\"},{\"@type\":\"ListItem\",\"position\":2,\"name\":\"Shop\",\"item\":\"https:\\\/\\\/shop.bantam.ch\\\/de\\\/shop\\\/\"},{\"@type\":\"ListItem\",\"position\":3,\"name\":\"Hallwag Strassenkarte Reisekarte Schweiz 1:200.000. 1:200&rsquo;000\"}]},{\"@type\":\"WebSite\",\"@id\":\"https:\\\/\\\/shop.bantam.ch\\\/de\\\/#website\",\"url\":\"https:\\\/\\\/shop.bantam.ch\\\/de\\\/\",\"name\":\"Bantam Camping AG\",\"description\":\"\",\"publisher\":{\"@id\":\"https:\\\/\\\/shop.bantam.ch\\\/de\\\/#organization\"},\"inLanguage\":\"de\"},{\"@type\":\"Organization\",\"@id\":\"https:\\\/\\\/shop.bantam.ch\\\/de\\\/#organization\",\"name\":\"Bantam Camping AG\",\"url\":\"https:\\\/\\\/shop.bantam.ch\\\/de\\\/\",\"logo\":{\"@type\":\"ImageObject\",\"inLanguage\":\"de\",\"@id\":\"https:\\\/\\\/shop.bantam.ch\\\/de\\\/#\\\/schema\\\/logo\\\/image\\\/\",\"url\":\"https:\\\/\\\/shop.bantam.ch\\\/wp-content\\\/uploads\\\/2022\\\/12\\\/bantam-logo.png\",\"contentUrl\":\"https:\\\/\\\/shop.bantam.ch\\\/wp-content\\\/uploads\\\/2022\\\/12\\\/bantam-logo.png\",\"width\":320,\"height\":71,\"caption\":\"Bantam Camping AG\"},\"image\":{\"@id\":\"https:\\\/\\\/shop.bantam.ch\\\/de\\\/#\\\/schema\\\/logo\\\/image\\\/\"}}]}<\/script>\n<!-- \/ Yoast SEO plugin. -->","yoast_head_json":{"title":"Hallwag Strassenkarte Reisekarte Schweiz 1:200.000. 1:200'000 - Bantam Camping AG","robots":{"index":"index","follow":"follow","max-snippet":"max-snippet:-1","max-image-preview":"max-image-preview:large","max-video-preview":"max-video-preview:-1"},"canonical":"https:\/\/shop.bantam.ch\/de\/produkt\/hallwag-strassenkarte-reisekarte-schweiz-1200-000-1200000\/","og_locale":"de_DE","og_type":"article","og_title":"Hallwag Strassenkarte Reisekarte Schweiz 1:200.000. 1:200'000 - Bantam Camping AG","og_description":"In der Hallwag Reisekarte Schweiz im Massstab 1:200.000 finden Sie alles, was Sie zur Orientierung und Inspiration brauchen. Die Karte zeigt von Genf, Lausanne, Basel, Bern, Zermatt, Winterthur, Davos, St. Moritz, Lugano usw. die wichtigsten Gebiete von Interesse. Dank dem gr\u00f6sseren Massstab von 1:200.000 bietet Ihnen diese Karte eine Vielzahl von Vorteilen: Beispielsweise werden Strassen, [&hellip;]","og_url":"https:\/\/shop.bantam.ch\/de\/produkt\/hallwag-strassenkarte-reisekarte-schweiz-1200-000-1200000\/","og_site_name":"Bantam Camping AG","article_modified_time":"2026-04-19T22:06:34+00:00","og_image":[{"width":93,"height":180,"url":"https:\/\/shop.bantam.ch\/wp-content\/uploads\/2026\/03\/76326031.jpg","type":"image\/jpeg"}],"twitter_card":"summary_large_image","twitter_misc":{"Gesch\u00e4tzte Lesezeit":"1\u00a0Minute"},"schema":{"@context":"https:\/\/schema.org","@graph":[{"@type":"WebPage","@id":"https:\/\/shop.bantam.ch\/de\/produkt\/hallwag-strassenkarte-reisekarte-schweiz-1200-000-1200000\/","url":"https:\/\/shop.bantam.ch\/de\/produkt\/hallwag-strassenkarte-reisekarte-schweiz-1200-000-1200000\/","name":"Hallwag Strassenkarte Reisekarte Schweiz 1:200.000. 1:200'000 - Bantam Camping AG","isPartOf":{"@id":"https:\/\/shop.bantam.ch\/de\/#website"},"primaryImageOfPage":{"@id":"https:\/\/shop.bantam.ch\/de\/produkt\/hallwag-strassenkarte-reisekarte-schweiz-1200-000-1200000\/#primaryimage"},"image":{"@id":"https:\/\/shop.bantam.ch\/de\/produkt\/hallwag-strassenkarte-reisekarte-schweiz-1200-000-1200000\/#primaryimage"},"thumbnailUrl":"https:\/\/shop.bantam.ch\/wp-content\/uploads\/2026\/03\/76326031.jpg","datePublished":"2026-03-31T14:43:39+00:00","dateModified":"2026-04-19T22:06:34+00:00","breadcrumb":{"@id":"https:\/\/shop.bantam.ch\/de\/produkt\/hallwag-strassenkarte-reisekarte-schweiz-1200-000-1200000\/#breadcrumb"},"inLanguage":"de","potentialAction":[{"@type":"ReadAction","target":["https:\/\/shop.bantam.ch\/de\/produkt\/hallwag-strassenkarte-reisekarte-schweiz-1200-000-1200000\/"]}]},{"@type":"ImageObject","inLanguage":"de","@id":"https:\/\/shop.bantam.ch\/de\/produkt\/hallwag-strassenkarte-reisekarte-schweiz-1200-000-1200000\/#primaryimage","url":"https:\/\/shop.bantam.ch\/wp-content\/uploads\/2026\/03\/76326031.jpg","contentUrl":"https:\/\/shop.bantam.ch\/wp-content\/uploads\/2026\/03\/76326031.jpg","width":93,"height":180},{"@type":"BreadcrumbList","@id":"https:\/\/shop.bantam.ch\/de\/produkt\/hallwag-strassenkarte-reisekarte-schweiz-1200-000-1200000\/#breadcrumb","itemListElement":[{"@type":"ListItem","position":1,"name":"Accueil","item":"https:\/\/shop.bantam.ch\/de\/"},{"@type":"ListItem","position":2,"name":"Shop","item":"https:\/\/shop.bantam.ch\/de\/shop\/"},{"@type":"ListItem","position":3,"name":"Hallwag Strassenkarte Reisekarte Schweiz 1:200.000. 1:200&rsquo;000"}]},{"@type":"WebSite","@id":"https:\/\/shop.bantam.ch\/de\/#website","url":"https:\/\/shop.bantam.ch\/de\/","name":"Bantam Camping AG","description":"","publisher":{"@id":"https:\/\/shop.bantam.ch\/de\/#organization"},"inLanguage":"de"},{"@type":"Organization","@id":"https:\/\/shop.bantam.ch\/de\/#organization","name":"Bantam Camping AG","url":"https:\/\/shop.bantam.ch\/de\/","logo":{"@type":"ImageObject","inLanguage":"de","@id":"https:\/\/shop.bantam.ch\/de\/#\/schema\/logo\/image\/","url":"https:\/\/shop.bantam.ch\/wp-content\/uploads\/2022\/12\/bantam-logo.png","contentUrl":"https:\/\/shop.bantam.ch\/wp-content\/uploads\/2022\/12\/bantam-logo.png","width":320,"height":71,"caption":"Bantam Camping AG"},"image":{"@id":"https:\/\/shop.bantam.ch\/de\/#\/schema\/logo\/image\/"}}]}},"_links":{"self":[{"href":"https:\/\/shop.bantam.ch\/de\/wp-json\/wp\/v2\/product\/235393","targetHints":{"allow":["GET"]}}],"collection":[{"href":"https:\/\/shop.bantam.ch\/de\/wp-json\/wp\/v2\/product"}],"about":[{"href":"https:\/\/shop.bantam.ch\/de\/wp-json\/wp\/v2\/types\/product"}],"wp:featuredmedia":[{"embeddable":true,"href":"https:\/\/shop.bantam.ch\/de\/wp-json\/wp\/v2\/media\/235391"}],"wp:attachment":[{"href":"https:\/\/shop.bantam.ch\/de\/wp-json\/wp\/v2\/media?parent=235393"}],"wp:term":[{"taxonomy":"product_featured_cat","embeddable":true,"href":"https:\/\/shop.bantam.ch\/de\/wp-json\/wp\/v2\/product_featured_cat?post=235393"},{"taxonomy":"product_brand","embeddable":true,"href":"https:\/\/shop.bantam.ch\/de\/wp-json\/wp\/v2\/product_brand?post=235393"},{"taxonomy":"product_cat","embeddable":true,"href":"https:\/\/shop.bantam.ch\/de\/wp-json\/wp\/v2\/product_cat?post=235393"},{"taxonomy":"product_tag","embeddable":true,"href":"https:\/\/shop.bantam.ch\/de\/wp-json\/wp\/v2\/product_tag?post=235393"}],"curies":[{"name":"wp","href":"https:\/\/api.w.org\/{rel}","templated":true}]}}