{"id":235389,"date":"2026-03-31T16:40:42","date_gmt":"2026-03-31T14:40:42","guid":{"rendered":"https:\/\/shop.bantam.ch\/produit\/hallwag-strassenkarte-grand-tour-of-switzerland-map-1275-000-1275000\/"},"modified":"2026-04-17T23:59:14","modified_gmt":"2026-04-17T21:59:14","slug":"hallwag-strassenkarte-grand-tour-of-switzerland-map-1275-000-1275000","status":"publish","type":"product","link":"https:\/\/shop.bantam.ch\/de\/produkt\/hallwag-strassenkarte-grand-tour-of-switzerland-map-1275-000-1275000\/","title":{"rendered":"Hallwag Strassenkarte Grand Tour of Switzerland Map 1:275.000. 1:275&#8217;000"},"content":{"rendered":"<p>So speziell wie die &#8222;Grand Tour of Switzerland&#8220;, so speziell ist die Karte im Massstab 1:275 000, in laminierter Ausf\u00fchrung. 44 Highlights der Route von 1600 km L\u00e4nge und die sch\u00f6nsten Streckenabschnitte sind besonders gekennzeichnet. Die Karte ist ein kleiner Reisef\u00fchrer in sich. Fotos und ein viersprachiger Text (deutsch, franz\u00f6sisch, italienisch, englisch) erg\u00e4nzen die kartografische Grundlage. So lassen sich die Attraktionen der denkw\u00fcrdigen &#8222;Grand Tour of Switzerland&#8220; ideal vor- und nacherleben. Sprachen: Deutsch, Englisch, Franz\u00f6sisch, Italienisch<\/p>\n","protected":false},"excerpt":{"rendered":"<p>So speziell wie die &#8222;Grand Tour of Switzerland&#8220;, so speziell ist die Karte im Massstab 1:275 000, in laminierter Ausf\u00fchrung. 44 Highlights der Route von 1600 km L\u00e4nge und die sch\u00f6nsten Streckenabschnitte sind besonders gekennzeichnet. Die Karte ist ein kleiner Reisef\u00fchrer in sich. Fotos und ein viersprachiger Text (deutsch, franz\u00f6sisch, italienisch, englisch) erg\u00e4nzen die kartografische [&hellip;]<\/p>\n","protected":false},"featured_media":235387,"template":"","meta":{"_acf_changed":false},"product_featured_cat":[],"product_brand":[3691],"product_cat":[4352],"product_tag":[],"class_list":{"0":"post-235389","1":"product","2":"type-product","3":"status-publish","4":"has-post-thumbnail","6":"product_brand-hallwag-de","7":"product_cat-reisefuehrer","9":"first","10":"instock","11":"taxable","12":"shipping-taxable","13":"purchasable","14":"product-type-simple"},"acf":[],"yoast_head":"<!-- This site is optimized with the Yoast SEO plugin v27.4 - https:\/\/yoast.com\/product\/yoast-seo-wordpress\/ -->\n<title>Hallwag Strassenkarte Grand Tour of Switzerland Map 1:275.000. 1:275&#039;000 - Bantam Camping AG<\/title>\n<meta name=\"robots\" content=\"index, follow, max-snippet:-1, max-image-preview:large, max-video-preview:-1\" \/>\n<link rel=\"canonical\" href=\"https:\/\/shop.bantam.ch\/de\/produkt\/hallwag-strassenkarte-grand-tour-of-switzerland-map-1275-000-1275000\/\" \/>\n<meta property=\"og:locale\" content=\"de_DE\" \/>\n<meta property=\"og:type\" content=\"article\" \/>\n<meta property=\"og:title\" content=\"Hallwag Strassenkarte Grand Tour of Switzerland Map 1:275.000. 1:275&#039;000 - Bantam Camping AG\" \/>\n<meta property=\"og:description\" content=\"So speziell wie die &#8222;Grand Tour of Switzerland&#8220;, so speziell ist die Karte im Massstab 1:275 000, in laminierter Ausf\u00fchrung. 44 Highlights der Route von 1600 km L\u00e4nge und die sch\u00f6nsten Streckenabschnitte sind besonders gekennzeichnet. Die Karte ist ein kleiner Reisef\u00fchrer in sich. Fotos und ein viersprachiger Text (deutsch, franz\u00f6sisch, italienisch, englisch) erg\u00e4nzen die kartografische [&hellip;]\" \/>\n<meta property=\"og:url\" content=\"https:\/\/shop.bantam.ch\/de\/produkt\/hallwag-strassenkarte-grand-tour-of-switzerland-map-1275-000-1275000\/\" \/>\n<meta property=\"og:site_name\" content=\"Bantam Camping AG\" \/>\n<meta property=\"article:modified_time\" content=\"2026-04-17T21:59:14+00:00\" \/>\n<meta property=\"og:image\" content=\"https:\/\/shop.bantam.ch\/wp-content\/uploads\/2026\/03\/76326030.jpg\" \/>\n\t<meta property=\"og:image:width\" content=\"100\" \/>\n\t<meta property=\"og:image:height\" content=\"180\" \/>\n\t<meta property=\"og:image:type\" content=\"image\/jpeg\" \/>\n<meta name=\"twitter:card\" content=\"summary_large_image\" \/>\n<script type=\"application\/ld+json\" class=\"yoast-schema-graph\">{\"@context\":\"https:\\\/\\\/schema.org\",\"@graph\":[{\"@type\":\"WebPage\",\"@id\":\"https:\\\/\\\/shop.bantam.ch\\\/de\\\/produkt\\\/hallwag-strassenkarte-grand-tour-of-switzerland-map-1275-000-1275000\\\/\",\"url\":\"https:\\\/\\\/shop.bantam.ch\\\/de\\\/produkt\\\/hallwag-strassenkarte-grand-tour-of-switzerland-map-1275-000-1275000\\\/\",\"name\":\"Hallwag Strassenkarte Grand Tour of Switzerland Map 1:275.000. 1:275'000 - Bantam Camping AG\",\"isPartOf\":{\"@id\":\"https:\\\/\\\/shop.bantam.ch\\\/de\\\/#website\"},\"primaryImageOfPage\":{\"@id\":\"https:\\\/\\\/shop.bantam.ch\\\/de\\\/produkt\\\/hallwag-strassenkarte-grand-tour-of-switzerland-map-1275-000-1275000\\\/#primaryimage\"},\"image\":{\"@id\":\"https:\\\/\\\/shop.bantam.ch\\\/de\\\/produkt\\\/hallwag-strassenkarte-grand-tour-of-switzerland-map-1275-000-1275000\\\/#primaryimage\"},\"thumbnailUrl\":\"https:\\\/\\\/shop.bantam.ch\\\/wp-content\\\/uploads\\\/2026\\\/03\\\/76326030.jpg\",\"datePublished\":\"2026-03-31T14:40:42+00:00\",\"dateModified\":\"2026-04-17T21:59:14+00:00\",\"breadcrumb\":{\"@id\":\"https:\\\/\\\/shop.bantam.ch\\\/de\\\/produkt\\\/hallwag-strassenkarte-grand-tour-of-switzerland-map-1275-000-1275000\\\/#breadcrumb\"},\"inLanguage\":\"de\",\"potentialAction\":[{\"@type\":\"ReadAction\",\"target\":[\"https:\\\/\\\/shop.bantam.ch\\\/de\\\/produkt\\\/hallwag-strassenkarte-grand-tour-of-switzerland-map-1275-000-1275000\\\/\"]}]},{\"@type\":\"ImageObject\",\"inLanguage\":\"de\",\"@id\":\"https:\\\/\\\/shop.bantam.ch\\\/de\\\/produkt\\\/hallwag-strassenkarte-grand-tour-of-switzerland-map-1275-000-1275000\\\/#primaryimage\",\"url\":\"https:\\\/\\\/shop.bantam.ch\\\/wp-content\\\/uploads\\\/2026\\\/03\\\/76326030.jpg\",\"contentUrl\":\"https:\\\/\\\/shop.bantam.ch\\\/wp-content\\\/uploads\\\/2026\\\/03\\\/76326030.jpg\",\"width\":100,\"height\":180},{\"@type\":\"BreadcrumbList\",\"@id\":\"https:\\\/\\\/shop.bantam.ch\\\/de\\\/produkt\\\/hallwag-strassenkarte-grand-tour-of-switzerland-map-1275-000-1275000\\\/#breadcrumb\",\"itemListElement\":[{\"@type\":\"ListItem\",\"position\":1,\"name\":\"Accueil\",\"item\":\"https:\\\/\\\/shop.bantam.ch\\\/de\\\/\"},{\"@type\":\"ListItem\",\"position\":2,\"name\":\"Shop\",\"item\":\"https:\\\/\\\/shop.bantam.ch\\\/de\\\/shop\\\/\"},{\"@type\":\"ListItem\",\"position\":3,\"name\":\"Hallwag Strassenkarte Grand Tour of Switzerland Map 1:275.000. 1:275&rsquo;000\"}]},{\"@type\":\"WebSite\",\"@id\":\"https:\\\/\\\/shop.bantam.ch\\\/de\\\/#website\",\"url\":\"https:\\\/\\\/shop.bantam.ch\\\/de\\\/\",\"name\":\"Bantam Camping AG\",\"description\":\"\",\"publisher\":{\"@id\":\"https:\\\/\\\/shop.bantam.ch\\\/de\\\/#organization\"},\"inLanguage\":\"de\"},{\"@type\":\"Organization\",\"@id\":\"https:\\\/\\\/shop.bantam.ch\\\/de\\\/#organization\",\"name\":\"Bantam Camping AG\",\"url\":\"https:\\\/\\\/shop.bantam.ch\\\/de\\\/\",\"logo\":{\"@type\":\"ImageObject\",\"inLanguage\":\"de\",\"@id\":\"https:\\\/\\\/shop.bantam.ch\\\/de\\\/#\\\/schema\\\/logo\\\/image\\\/\",\"url\":\"https:\\\/\\\/shop.bantam.ch\\\/wp-content\\\/uploads\\\/2022\\\/12\\\/bantam-logo.png\",\"contentUrl\":\"https:\\\/\\\/shop.bantam.ch\\\/wp-content\\\/uploads\\\/2022\\\/12\\\/bantam-logo.png\",\"width\":320,\"height\":71,\"caption\":\"Bantam Camping AG\"},\"image\":{\"@id\":\"https:\\\/\\\/shop.bantam.ch\\\/de\\\/#\\\/schema\\\/logo\\\/image\\\/\"}}]}<\/script>\n<!-- \/ Yoast SEO plugin. -->","yoast_head_json":{"title":"Hallwag Strassenkarte Grand Tour of Switzerland Map 1:275.000. 1:275'000 - Bantam Camping AG","robots":{"index":"index","follow":"follow","max-snippet":"max-snippet:-1","max-image-preview":"max-image-preview:large","max-video-preview":"max-video-preview:-1"},"canonical":"https:\/\/shop.bantam.ch\/de\/produkt\/hallwag-strassenkarte-grand-tour-of-switzerland-map-1275-000-1275000\/","og_locale":"de_DE","og_type":"article","og_title":"Hallwag Strassenkarte Grand Tour of Switzerland Map 1:275.000. 1:275'000 - Bantam Camping AG","og_description":"So speziell wie die &#8222;Grand Tour of Switzerland&#8220;, so speziell ist die Karte im Massstab 1:275 000, in laminierter Ausf\u00fchrung. 44 Highlights der Route von 1600 km L\u00e4nge und die sch\u00f6nsten Streckenabschnitte sind besonders gekennzeichnet. Die Karte ist ein kleiner Reisef\u00fchrer in sich. Fotos und ein viersprachiger Text (deutsch, franz\u00f6sisch, italienisch, englisch) erg\u00e4nzen die kartografische [&hellip;]","og_url":"https:\/\/shop.bantam.ch\/de\/produkt\/hallwag-strassenkarte-grand-tour-of-switzerland-map-1275-000-1275000\/","og_site_name":"Bantam Camping AG","article_modified_time":"2026-04-17T21:59:14+00:00","og_image":[{"width":100,"height":180,"url":"https:\/\/shop.bantam.ch\/wp-content\/uploads\/2026\/03\/76326030.jpg","type":"image\/jpeg"}],"twitter_card":"summary_large_image","schema":{"@context":"https:\/\/schema.org","@graph":[{"@type":"WebPage","@id":"https:\/\/shop.bantam.ch\/de\/produkt\/hallwag-strassenkarte-grand-tour-of-switzerland-map-1275-000-1275000\/","url":"https:\/\/shop.bantam.ch\/de\/produkt\/hallwag-strassenkarte-grand-tour-of-switzerland-map-1275-000-1275000\/","name":"Hallwag Strassenkarte Grand Tour of Switzerland Map 1:275.000. 1:275'000 - Bantam Camping AG","isPartOf":{"@id":"https:\/\/shop.bantam.ch\/de\/#website"},"primaryImageOfPage":{"@id":"https:\/\/shop.bantam.ch\/de\/produkt\/hallwag-strassenkarte-grand-tour-of-switzerland-map-1275-000-1275000\/#primaryimage"},"image":{"@id":"https:\/\/shop.bantam.ch\/de\/produkt\/hallwag-strassenkarte-grand-tour-of-switzerland-map-1275-000-1275000\/#primaryimage"},"thumbnailUrl":"https:\/\/shop.bantam.ch\/wp-content\/uploads\/2026\/03\/76326030.jpg","datePublished":"2026-03-31T14:40:42+00:00","dateModified":"2026-04-17T21:59:14+00:00","breadcrumb":{"@id":"https:\/\/shop.bantam.ch\/de\/produkt\/hallwag-strassenkarte-grand-tour-of-switzerland-map-1275-000-1275000\/#breadcrumb"},"inLanguage":"de","potentialAction":[{"@type":"ReadAction","target":["https:\/\/shop.bantam.ch\/de\/produkt\/hallwag-strassenkarte-grand-tour-of-switzerland-map-1275-000-1275000\/"]}]},{"@type":"ImageObject","inLanguage":"de","@id":"https:\/\/shop.bantam.ch\/de\/produkt\/hallwag-strassenkarte-grand-tour-of-switzerland-map-1275-000-1275000\/#primaryimage","url":"https:\/\/shop.bantam.ch\/wp-content\/uploads\/2026\/03\/76326030.jpg","contentUrl":"https:\/\/shop.bantam.ch\/wp-content\/uploads\/2026\/03\/76326030.jpg","width":100,"height":180},{"@type":"BreadcrumbList","@id":"https:\/\/shop.bantam.ch\/de\/produkt\/hallwag-strassenkarte-grand-tour-of-switzerland-map-1275-000-1275000\/#breadcrumb","itemListElement":[{"@type":"ListItem","position":1,"name":"Accueil","item":"https:\/\/shop.bantam.ch\/de\/"},{"@type":"ListItem","position":2,"name":"Shop","item":"https:\/\/shop.bantam.ch\/de\/shop\/"},{"@type":"ListItem","position":3,"name":"Hallwag Strassenkarte Grand Tour of Switzerland Map 1:275.000. 1:275&rsquo;000"}]},{"@type":"WebSite","@id":"https:\/\/shop.bantam.ch\/de\/#website","url":"https:\/\/shop.bantam.ch\/de\/","name":"Bantam Camping AG","description":"","publisher":{"@id":"https:\/\/shop.bantam.ch\/de\/#organization"},"inLanguage":"de"},{"@type":"Organization","@id":"https:\/\/shop.bantam.ch\/de\/#organization","name":"Bantam Camping AG","url":"https:\/\/shop.bantam.ch\/de\/","logo":{"@type":"ImageObject","inLanguage":"de","@id":"https:\/\/shop.bantam.ch\/de\/#\/schema\/logo\/image\/","url":"https:\/\/shop.bantam.ch\/wp-content\/uploads\/2022\/12\/bantam-logo.png","contentUrl":"https:\/\/shop.bantam.ch\/wp-content\/uploads\/2022\/12\/bantam-logo.png","width":320,"height":71,"caption":"Bantam Camping AG"},"image":{"@id":"https:\/\/shop.bantam.ch\/de\/#\/schema\/logo\/image\/"}}]}},"_links":{"self":[{"href":"https:\/\/shop.bantam.ch\/de\/wp-json\/wp\/v2\/product\/235389","targetHints":{"allow":["GET"]}}],"collection":[{"href":"https:\/\/shop.bantam.ch\/de\/wp-json\/wp\/v2\/product"}],"about":[{"href":"https:\/\/shop.bantam.ch\/de\/wp-json\/wp\/v2\/types\/product"}],"wp:featuredmedia":[{"embeddable":true,"href":"https:\/\/shop.bantam.ch\/de\/wp-json\/wp\/v2\/media\/235387"}],"wp:attachment":[{"href":"https:\/\/shop.bantam.ch\/de\/wp-json\/wp\/v2\/media?parent=235389"}],"wp:term":[{"taxonomy":"product_featured_cat","embeddable":true,"href":"https:\/\/shop.bantam.ch\/de\/wp-json\/wp\/v2\/product_featured_cat?post=235389"},{"taxonomy":"product_brand","embeddable":true,"href":"https:\/\/shop.bantam.ch\/de\/wp-json\/wp\/v2\/product_brand?post=235389"},{"taxonomy":"product_cat","embeddable":true,"href":"https:\/\/shop.bantam.ch\/de\/wp-json\/wp\/v2\/product_cat?post=235389"},{"taxonomy":"product_tag","embeddable":true,"href":"https:\/\/shop.bantam.ch\/de\/wp-json\/wp\/v2\/product_tag?post=235389"}],"curies":[{"name":"wp","href":"https:\/\/api.w.org\/{rel}","templated":true}]}}