{"id":235369,"date":"2026-03-31T16:26:59","date_gmt":"2026-03-31T14:26:59","guid":{"rendered":"https:\/\/shop.bantam.ch\/produit\/raus-wandern-panoramawege\/"},"modified":"2026-04-17T23:59:07","modified_gmt":"2026-04-17T21:59:07","slug":"raus-wandern-panoramawege","status":"publish","type":"product","link":"https:\/\/shop.bantam.ch\/de\/produkt\/raus-wandern-panoramawege\/","title":{"rendered":"Raus + Wandern Panoramawege"},"content":{"rendered":"<p>DIE KOMBINATION AUS OUTDOOR-F\u00dcHRER UND BILDBAND zeichnet diese Reihe aus, in der Wander- und Radthemen versammelt sind. Im Mittelpunkt stehen Raus-Momente, die zu Entspannung und Entschleunigung f\u00fchren, Achtsamkeit \u00fcben und eine Verbindung zur Natur aufbauen. Sie sind das Highlight einer jeden der 25 bis 30 Touren oder Etappen. Die Wegbeschreibungen werden erg\u00e4nzt von H\u00f6henprofilen, Kartendetails, Wanderinfos wie Einkehr und Anfahrt sowie herunterladbaren GPS-Tracks.F\u00fcr den Band &#8222;Panoramawege Schweiz&#8220; haben Yvonne Z\u00fcrrer und Claudia Ruf von WegWandern.ch ihre Expertise zur Verf\u00fcgung gestellt und 30 aussichtsreiche Touren zusammengestellt, f\u00fcr die sich der Aufstieg lohnt. Die vielseitigen Naturlandschaften der Schweiz bieten atemberaubende Ausblicke von Klassikern wie dem Panorama-H\u00f6henweg Aletsch bis zu unbekannteren Touren wie dem Wildheupfad in den Urner Alpen. Also nichts wie raus an die frische Luft!<\/p>\n","protected":false},"excerpt":{"rendered":"<p>DIE KOMBINATION AUS OUTDOOR-F\u00dcHRER UND BILDBAND zeichnet diese Reihe aus, in der Wander- und Radthemen versammelt sind. Im Mittelpunkt stehen Raus-Momente, die zu Entspannung und Entschleunigung f\u00fchren, Achtsamkeit \u00fcben und eine Verbindung zur Natur aufbauen. Sie sind das Highlight einer jeden der 25 bis 30 Touren oder Etappen. Die Wegbeschreibungen werden erg\u00e4nzt von H\u00f6henprofilen, Kartendetails, [&hellip;]<\/p>\n","protected":false},"featured_media":235367,"template":"","meta":{"_acf_changed":false},"product_featured_cat":[],"product_brand":[3693],"product_cat":[4352],"product_tag":[],"class_list":{"0":"post-235369","1":"product","2":"type-product","3":"status-publish","4":"has-post-thumbnail","6":"product_brand-kummerly-frey-de","7":"product_cat-reisefuehrer","9":"first","10":"instock","11":"taxable","12":"shipping-taxable","13":"purchasable","14":"product-type-simple"},"acf":[],"yoast_head":"<!-- This site is optimized with the Yoast SEO plugin v27.4 - https:\/\/yoast.com\/product\/yoast-seo-wordpress\/ -->\n<title>Raus + Wandern Panoramawege - Bantam Camping AG<\/title>\n<meta name=\"robots\" content=\"index, follow, max-snippet:-1, max-image-preview:large, max-video-preview:-1\" \/>\n<link rel=\"canonical\" href=\"https:\/\/shop.bantam.ch\/de\/produkt\/raus-wandern-panoramawege\/\" \/>\n<meta property=\"og:locale\" content=\"de_DE\" \/>\n<meta property=\"og:type\" content=\"article\" \/>\n<meta property=\"og:title\" content=\"Raus + Wandern Panoramawege - Bantam Camping AG\" \/>\n<meta property=\"og:description\" content=\"DIE KOMBINATION AUS OUTDOOR-F\u00dcHRER UND BILDBAND zeichnet diese Reihe aus, in der Wander- und Radthemen versammelt sind. Im Mittelpunkt stehen Raus-Momente, die zu Entspannung und Entschleunigung f\u00fchren, Achtsamkeit \u00fcben und eine Verbindung zur Natur aufbauen. Sie sind das Highlight einer jeden der 25 bis 30 Touren oder Etappen. Die Wegbeschreibungen werden erg\u00e4nzt von H\u00f6henprofilen, Kartendetails, [&hellip;]\" \/>\n<meta property=\"og:url\" content=\"https:\/\/shop.bantam.ch\/de\/produkt\/raus-wandern-panoramawege\/\" \/>\n<meta property=\"og:site_name\" content=\"Bantam Camping AG\" \/>\n<meta property=\"article:modified_time\" content=\"2026-04-17T21:59:07+00:00\" \/>\n<meta property=\"og:image\" content=\"https:\/\/shop.bantam.ch\/wp-content\/uploads\/2026\/03\/76326025.jpg\" \/>\n\t<meta property=\"og:image:width\" content=\"119\" \/>\n\t<meta property=\"og:image:height\" content=\"180\" \/>\n\t<meta property=\"og:image:type\" content=\"image\/jpeg\" \/>\n<meta name=\"twitter:card\" content=\"summary_large_image\" \/>\n<meta name=\"twitter:label1\" content=\"Gesch\u00e4tzte Lesezeit\" \/>\n\t<meta name=\"twitter:data1\" content=\"1\u00a0Minute\" \/>\n<script type=\"application\/ld+json\" class=\"yoast-schema-graph\">{\"@context\":\"https:\\\/\\\/schema.org\",\"@graph\":[{\"@type\":\"WebPage\",\"@id\":\"https:\\\/\\\/shop.bantam.ch\\\/de\\\/produkt\\\/raus-wandern-panoramawege\\\/\",\"url\":\"https:\\\/\\\/shop.bantam.ch\\\/de\\\/produkt\\\/raus-wandern-panoramawege\\\/\",\"name\":\"Raus + Wandern Panoramawege - Bantam Camping AG\",\"isPartOf\":{\"@id\":\"https:\\\/\\\/shop.bantam.ch\\\/de\\\/#website\"},\"primaryImageOfPage\":{\"@id\":\"https:\\\/\\\/shop.bantam.ch\\\/de\\\/produkt\\\/raus-wandern-panoramawege\\\/#primaryimage\"},\"image\":{\"@id\":\"https:\\\/\\\/shop.bantam.ch\\\/de\\\/produkt\\\/raus-wandern-panoramawege\\\/#primaryimage\"},\"thumbnailUrl\":\"https:\\\/\\\/shop.bantam.ch\\\/wp-content\\\/uploads\\\/2026\\\/03\\\/76326025.jpg\",\"datePublished\":\"2026-03-31T14:26:59+00:00\",\"dateModified\":\"2026-04-17T21:59:07+00:00\",\"breadcrumb\":{\"@id\":\"https:\\\/\\\/shop.bantam.ch\\\/de\\\/produkt\\\/raus-wandern-panoramawege\\\/#breadcrumb\"},\"inLanguage\":\"de\",\"potentialAction\":[{\"@type\":\"ReadAction\",\"target\":[\"https:\\\/\\\/shop.bantam.ch\\\/de\\\/produkt\\\/raus-wandern-panoramawege\\\/\"]}]},{\"@type\":\"ImageObject\",\"inLanguage\":\"de\",\"@id\":\"https:\\\/\\\/shop.bantam.ch\\\/de\\\/produkt\\\/raus-wandern-panoramawege\\\/#primaryimage\",\"url\":\"https:\\\/\\\/shop.bantam.ch\\\/wp-content\\\/uploads\\\/2026\\\/03\\\/76326025.jpg\",\"contentUrl\":\"https:\\\/\\\/shop.bantam.ch\\\/wp-content\\\/uploads\\\/2026\\\/03\\\/76326025.jpg\",\"width\":119,\"height\":180},{\"@type\":\"BreadcrumbList\",\"@id\":\"https:\\\/\\\/shop.bantam.ch\\\/de\\\/produkt\\\/raus-wandern-panoramawege\\\/#breadcrumb\",\"itemListElement\":[{\"@type\":\"ListItem\",\"position\":1,\"name\":\"Accueil\",\"item\":\"https:\\\/\\\/shop.bantam.ch\\\/de\\\/\"},{\"@type\":\"ListItem\",\"position\":2,\"name\":\"Shop\",\"item\":\"https:\\\/\\\/shop.bantam.ch\\\/de\\\/shop\\\/\"},{\"@type\":\"ListItem\",\"position\":3,\"name\":\"Raus + Wandern Panoramawege\"}]},{\"@type\":\"WebSite\",\"@id\":\"https:\\\/\\\/shop.bantam.ch\\\/de\\\/#website\",\"url\":\"https:\\\/\\\/shop.bantam.ch\\\/de\\\/\",\"name\":\"Bantam Camping AG\",\"description\":\"\",\"publisher\":{\"@id\":\"https:\\\/\\\/shop.bantam.ch\\\/de\\\/#organization\"},\"inLanguage\":\"de\"},{\"@type\":\"Organization\",\"@id\":\"https:\\\/\\\/shop.bantam.ch\\\/de\\\/#organization\",\"name\":\"Bantam Camping AG\",\"url\":\"https:\\\/\\\/shop.bantam.ch\\\/de\\\/\",\"logo\":{\"@type\":\"ImageObject\",\"inLanguage\":\"de\",\"@id\":\"https:\\\/\\\/shop.bantam.ch\\\/de\\\/#\\\/schema\\\/logo\\\/image\\\/\",\"url\":\"https:\\\/\\\/shop.bantam.ch\\\/wp-content\\\/uploads\\\/2022\\\/12\\\/bantam-logo.png\",\"contentUrl\":\"https:\\\/\\\/shop.bantam.ch\\\/wp-content\\\/uploads\\\/2022\\\/12\\\/bantam-logo.png\",\"width\":320,\"height\":71,\"caption\":\"Bantam Camping AG\"},\"image\":{\"@id\":\"https:\\\/\\\/shop.bantam.ch\\\/de\\\/#\\\/schema\\\/logo\\\/image\\\/\"}}]}<\/script>\n<!-- \/ Yoast SEO plugin. -->","yoast_head_json":{"title":"Raus + Wandern Panoramawege - Bantam Camping AG","robots":{"index":"index","follow":"follow","max-snippet":"max-snippet:-1","max-image-preview":"max-image-preview:large","max-video-preview":"max-video-preview:-1"},"canonical":"https:\/\/shop.bantam.ch\/de\/produkt\/raus-wandern-panoramawege\/","og_locale":"de_DE","og_type":"article","og_title":"Raus + Wandern Panoramawege - Bantam Camping AG","og_description":"DIE KOMBINATION AUS OUTDOOR-F\u00dcHRER UND BILDBAND zeichnet diese Reihe aus, in der Wander- und Radthemen versammelt sind. Im Mittelpunkt stehen Raus-Momente, die zu Entspannung und Entschleunigung f\u00fchren, Achtsamkeit \u00fcben und eine Verbindung zur Natur aufbauen. Sie sind das Highlight einer jeden der 25 bis 30 Touren oder Etappen. Die Wegbeschreibungen werden erg\u00e4nzt von H\u00f6henprofilen, Kartendetails, [&hellip;]","og_url":"https:\/\/shop.bantam.ch\/de\/produkt\/raus-wandern-panoramawege\/","og_site_name":"Bantam Camping AG","article_modified_time":"2026-04-17T21:59:07+00:00","og_image":[{"width":119,"height":180,"url":"https:\/\/shop.bantam.ch\/wp-content\/uploads\/2026\/03\/76326025.jpg","type":"image\/jpeg"}],"twitter_card":"summary_large_image","twitter_misc":{"Gesch\u00e4tzte Lesezeit":"1\u00a0Minute"},"schema":{"@context":"https:\/\/schema.org","@graph":[{"@type":"WebPage","@id":"https:\/\/shop.bantam.ch\/de\/produkt\/raus-wandern-panoramawege\/","url":"https:\/\/shop.bantam.ch\/de\/produkt\/raus-wandern-panoramawege\/","name":"Raus + Wandern Panoramawege - Bantam Camping AG","isPartOf":{"@id":"https:\/\/shop.bantam.ch\/de\/#website"},"primaryImageOfPage":{"@id":"https:\/\/shop.bantam.ch\/de\/produkt\/raus-wandern-panoramawege\/#primaryimage"},"image":{"@id":"https:\/\/shop.bantam.ch\/de\/produkt\/raus-wandern-panoramawege\/#primaryimage"},"thumbnailUrl":"https:\/\/shop.bantam.ch\/wp-content\/uploads\/2026\/03\/76326025.jpg","datePublished":"2026-03-31T14:26:59+00:00","dateModified":"2026-04-17T21:59:07+00:00","breadcrumb":{"@id":"https:\/\/shop.bantam.ch\/de\/produkt\/raus-wandern-panoramawege\/#breadcrumb"},"inLanguage":"de","potentialAction":[{"@type":"ReadAction","target":["https:\/\/shop.bantam.ch\/de\/produkt\/raus-wandern-panoramawege\/"]}]},{"@type":"ImageObject","inLanguage":"de","@id":"https:\/\/shop.bantam.ch\/de\/produkt\/raus-wandern-panoramawege\/#primaryimage","url":"https:\/\/shop.bantam.ch\/wp-content\/uploads\/2026\/03\/76326025.jpg","contentUrl":"https:\/\/shop.bantam.ch\/wp-content\/uploads\/2026\/03\/76326025.jpg","width":119,"height":180},{"@type":"BreadcrumbList","@id":"https:\/\/shop.bantam.ch\/de\/produkt\/raus-wandern-panoramawege\/#breadcrumb","itemListElement":[{"@type":"ListItem","position":1,"name":"Accueil","item":"https:\/\/shop.bantam.ch\/de\/"},{"@type":"ListItem","position":2,"name":"Shop","item":"https:\/\/shop.bantam.ch\/de\/shop\/"},{"@type":"ListItem","position":3,"name":"Raus + Wandern Panoramawege"}]},{"@type":"WebSite","@id":"https:\/\/shop.bantam.ch\/de\/#website","url":"https:\/\/shop.bantam.ch\/de\/","name":"Bantam Camping AG","description":"","publisher":{"@id":"https:\/\/shop.bantam.ch\/de\/#organization"},"inLanguage":"de"},{"@type":"Organization","@id":"https:\/\/shop.bantam.ch\/de\/#organization","name":"Bantam Camping AG","url":"https:\/\/shop.bantam.ch\/de\/","logo":{"@type":"ImageObject","inLanguage":"de","@id":"https:\/\/shop.bantam.ch\/de\/#\/schema\/logo\/image\/","url":"https:\/\/shop.bantam.ch\/wp-content\/uploads\/2022\/12\/bantam-logo.png","contentUrl":"https:\/\/shop.bantam.ch\/wp-content\/uploads\/2022\/12\/bantam-logo.png","width":320,"height":71,"caption":"Bantam Camping AG"},"image":{"@id":"https:\/\/shop.bantam.ch\/de\/#\/schema\/logo\/image\/"}}]}},"_links":{"self":[{"href":"https:\/\/shop.bantam.ch\/de\/wp-json\/wp\/v2\/product\/235369","targetHints":{"allow":["GET"]}}],"collection":[{"href":"https:\/\/shop.bantam.ch\/de\/wp-json\/wp\/v2\/product"}],"about":[{"href":"https:\/\/shop.bantam.ch\/de\/wp-json\/wp\/v2\/types\/product"}],"wp:featuredmedia":[{"embeddable":true,"href":"https:\/\/shop.bantam.ch\/de\/wp-json\/wp\/v2\/media\/235367"}],"wp:attachment":[{"href":"https:\/\/shop.bantam.ch\/de\/wp-json\/wp\/v2\/media?parent=235369"}],"wp:term":[{"taxonomy":"product_featured_cat","embeddable":true,"href":"https:\/\/shop.bantam.ch\/de\/wp-json\/wp\/v2\/product_featured_cat?post=235369"},{"taxonomy":"product_brand","embeddable":true,"href":"https:\/\/shop.bantam.ch\/de\/wp-json\/wp\/v2\/product_brand?post=235369"},{"taxonomy":"product_cat","embeddable":true,"href":"https:\/\/shop.bantam.ch\/de\/wp-json\/wp\/v2\/product_cat?post=235369"},{"taxonomy":"product_tag","embeddable":true,"href":"https:\/\/shop.bantam.ch\/de\/wp-json\/wp\/v2\/product_tag?post=235369"}],"curies":[{"name":"wp","href":"https:\/\/api.w.org\/{rel}","templated":true}]}}