{"id":235357,"date":"2026-03-31T16:18:31","date_gmt":"2026-03-31T14:18:31","guid":{"rendered":"https:\/\/shop.bantam.ch\/produit\/raus-wandern-durch-4-jahreszeiten\/"},"modified":"2026-04-17T23:59:06","modified_gmt":"2026-04-17T21:59:06","slug":"raus-wandern-durch-4-jahreszeiten","status":"publish","type":"product","link":"https:\/\/shop.bantam.ch\/de\/produkt\/raus-wandern-durch-4-jahreszeiten\/","title":{"rendered":"Raus + Wandern durch 4 Jahreszeiten"},"content":{"rendered":"<p>Raus und Wandern in der Schweiz mit dembildstarken Outdoorf\u00fchrer von K\u00fcmmerly+Frey. Von Fr\u00fchlingserwachen bis Winterzauber &#8211; erlebe die Highlights einer jeden Jahreszeit wandernd! Von einer Apfelbl\u00fctenwanderung im Thurgau \u00fcber einen Ausflug mit Gletscherblick im Sommer sowie eine Route durch die herbstlichen Weinreben bis zu einem Wintersagenweg versammelt dieser Band die sch\u00f6nsten Wanderungen im jahreszeitlichen Wandel der Schweiz. Im Mittelpunkt stehen Raus-Momente, die zu Entspannung und Entschleunigung f\u00fchren, eine Verbindung zur Natur aufbauen und das Highlight einer jeden der abwechslungsreichen 30 Touren sind. Die detaillierten Wegbeschreibungen werden erg\u00e4nzt von H\u00f6henprofilen, Kartendetails, praktischen Infos wie Einkehr und Anfahrt sowie herunterladbaren GPS-Daten in Form von GPX-Tracks. Also nichts wie raus an die frische Luft!<\/p>\n","protected":false},"excerpt":{"rendered":"<p>Raus und Wandern in der Schweiz mit dembildstarken Outdoorf\u00fchrer von K\u00fcmmerly+Frey. Von Fr\u00fchlingserwachen bis Winterzauber &#8211; erlebe die Highlights einer jeden Jahreszeit wandernd! Von einer Apfelbl\u00fctenwanderung im Thurgau \u00fcber einen Ausflug mit Gletscherblick im Sommer sowie eine Route durch die herbstlichen Weinreben bis zu einem Wintersagenweg versammelt dieser Band die sch\u00f6nsten Wanderungen im jahreszeitlichen Wandel [&hellip;]<\/p>\n","protected":false},"featured_media":235355,"template":"","meta":{"_acf_changed":false},"product_featured_cat":[],"product_brand":[3693],"product_cat":[4352],"product_tag":[],"class_list":{"0":"post-235357","1":"product","2":"type-product","3":"status-publish","4":"has-post-thumbnail","6":"product_brand-kummerly-frey-de","7":"product_cat-reisefuehrer","9":"first","10":"instock","11":"taxable","12":"shipping-taxable","13":"purchasable","14":"product-type-simple"},"acf":[],"yoast_head":"<!-- This site is optimized with the Yoast SEO plugin v27.4 - https:\/\/yoast.com\/product\/yoast-seo-wordpress\/ -->\n<title>Raus + Wandern durch 4 Jahreszeiten - Bantam Camping AG<\/title>\n<meta name=\"robots\" content=\"index, follow, max-snippet:-1, max-image-preview:large, max-video-preview:-1\" \/>\n<link rel=\"canonical\" href=\"https:\/\/shop.bantam.ch\/de\/produkt\/raus-wandern-durch-4-jahreszeiten\/\" \/>\n<meta property=\"og:locale\" content=\"de_DE\" \/>\n<meta property=\"og:type\" content=\"article\" \/>\n<meta property=\"og:title\" content=\"Raus + Wandern durch 4 Jahreszeiten - Bantam Camping AG\" \/>\n<meta property=\"og:description\" content=\"Raus und Wandern in der Schweiz mit dembildstarken Outdoorf\u00fchrer von K\u00fcmmerly+Frey. Von Fr\u00fchlingserwachen bis Winterzauber &#8211; erlebe die Highlights einer jeden Jahreszeit wandernd! Von einer Apfelbl\u00fctenwanderung im Thurgau \u00fcber einen Ausflug mit Gletscherblick im Sommer sowie eine Route durch die herbstlichen Weinreben bis zu einem Wintersagenweg versammelt dieser Band die sch\u00f6nsten Wanderungen im jahreszeitlichen Wandel [&hellip;]\" \/>\n<meta property=\"og:url\" content=\"https:\/\/shop.bantam.ch\/de\/produkt\/raus-wandern-durch-4-jahreszeiten\/\" \/>\n<meta property=\"og:site_name\" content=\"Bantam Camping AG\" \/>\n<meta property=\"article:modified_time\" content=\"2026-04-17T21:59:06+00:00\" \/>\n<meta property=\"og:image\" content=\"https:\/\/shop.bantam.ch\/wp-content\/uploads\/2026\/03\/76326022.jpg\" \/>\n\t<meta property=\"og:image:width\" content=\"120\" \/>\n\t<meta property=\"og:image:height\" content=\"180\" \/>\n\t<meta property=\"og:image:type\" content=\"image\/jpeg\" \/>\n<meta name=\"twitter:card\" content=\"summary_large_image\" \/>\n<meta name=\"twitter:label1\" content=\"Gesch\u00e4tzte Lesezeit\" \/>\n\t<meta name=\"twitter:data1\" content=\"1\u00a0Minute\" \/>\n<script type=\"application\/ld+json\" class=\"yoast-schema-graph\">{\"@context\":\"https:\\\/\\\/schema.org\",\"@graph\":[{\"@type\":\"WebPage\",\"@id\":\"https:\\\/\\\/shop.bantam.ch\\\/de\\\/produkt\\\/raus-wandern-durch-4-jahreszeiten\\\/\",\"url\":\"https:\\\/\\\/shop.bantam.ch\\\/de\\\/produkt\\\/raus-wandern-durch-4-jahreszeiten\\\/\",\"name\":\"Raus + Wandern durch 4 Jahreszeiten - Bantam Camping AG\",\"isPartOf\":{\"@id\":\"https:\\\/\\\/shop.bantam.ch\\\/de\\\/#website\"},\"primaryImageOfPage\":{\"@id\":\"https:\\\/\\\/shop.bantam.ch\\\/de\\\/produkt\\\/raus-wandern-durch-4-jahreszeiten\\\/#primaryimage\"},\"image\":{\"@id\":\"https:\\\/\\\/shop.bantam.ch\\\/de\\\/produkt\\\/raus-wandern-durch-4-jahreszeiten\\\/#primaryimage\"},\"thumbnailUrl\":\"https:\\\/\\\/shop.bantam.ch\\\/wp-content\\\/uploads\\\/2026\\\/03\\\/76326022.jpg\",\"datePublished\":\"2026-03-31T14:18:31+00:00\",\"dateModified\":\"2026-04-17T21:59:06+00:00\",\"breadcrumb\":{\"@id\":\"https:\\\/\\\/shop.bantam.ch\\\/de\\\/produkt\\\/raus-wandern-durch-4-jahreszeiten\\\/#breadcrumb\"},\"inLanguage\":\"de\",\"potentialAction\":[{\"@type\":\"ReadAction\",\"target\":[\"https:\\\/\\\/shop.bantam.ch\\\/de\\\/produkt\\\/raus-wandern-durch-4-jahreszeiten\\\/\"]}]},{\"@type\":\"ImageObject\",\"inLanguage\":\"de\",\"@id\":\"https:\\\/\\\/shop.bantam.ch\\\/de\\\/produkt\\\/raus-wandern-durch-4-jahreszeiten\\\/#primaryimage\",\"url\":\"https:\\\/\\\/shop.bantam.ch\\\/wp-content\\\/uploads\\\/2026\\\/03\\\/76326022.jpg\",\"contentUrl\":\"https:\\\/\\\/shop.bantam.ch\\\/wp-content\\\/uploads\\\/2026\\\/03\\\/76326022.jpg\",\"width\":120,\"height\":180},{\"@type\":\"BreadcrumbList\",\"@id\":\"https:\\\/\\\/shop.bantam.ch\\\/de\\\/produkt\\\/raus-wandern-durch-4-jahreszeiten\\\/#breadcrumb\",\"itemListElement\":[{\"@type\":\"ListItem\",\"position\":1,\"name\":\"Accueil\",\"item\":\"https:\\\/\\\/shop.bantam.ch\\\/de\\\/\"},{\"@type\":\"ListItem\",\"position\":2,\"name\":\"Shop\",\"item\":\"https:\\\/\\\/shop.bantam.ch\\\/de\\\/shop\\\/\"},{\"@type\":\"ListItem\",\"position\":3,\"name\":\"Raus + Wandern durch 4 Jahreszeiten\"}]},{\"@type\":\"WebSite\",\"@id\":\"https:\\\/\\\/shop.bantam.ch\\\/de\\\/#website\",\"url\":\"https:\\\/\\\/shop.bantam.ch\\\/de\\\/\",\"name\":\"Bantam Camping AG\",\"description\":\"\",\"publisher\":{\"@id\":\"https:\\\/\\\/shop.bantam.ch\\\/de\\\/#organization\"},\"inLanguage\":\"de\"},{\"@type\":\"Organization\",\"@id\":\"https:\\\/\\\/shop.bantam.ch\\\/de\\\/#organization\",\"name\":\"Bantam Camping AG\",\"url\":\"https:\\\/\\\/shop.bantam.ch\\\/de\\\/\",\"logo\":{\"@type\":\"ImageObject\",\"inLanguage\":\"de\",\"@id\":\"https:\\\/\\\/shop.bantam.ch\\\/de\\\/#\\\/schema\\\/logo\\\/image\\\/\",\"url\":\"https:\\\/\\\/shop.bantam.ch\\\/wp-content\\\/uploads\\\/2022\\\/12\\\/bantam-logo.png\",\"contentUrl\":\"https:\\\/\\\/shop.bantam.ch\\\/wp-content\\\/uploads\\\/2022\\\/12\\\/bantam-logo.png\",\"width\":320,\"height\":71,\"caption\":\"Bantam Camping AG\"},\"image\":{\"@id\":\"https:\\\/\\\/shop.bantam.ch\\\/de\\\/#\\\/schema\\\/logo\\\/image\\\/\"}}]}<\/script>\n<!-- \/ Yoast SEO plugin. -->","yoast_head_json":{"title":"Raus + Wandern durch 4 Jahreszeiten - Bantam Camping AG","robots":{"index":"index","follow":"follow","max-snippet":"max-snippet:-1","max-image-preview":"max-image-preview:large","max-video-preview":"max-video-preview:-1"},"canonical":"https:\/\/shop.bantam.ch\/de\/produkt\/raus-wandern-durch-4-jahreszeiten\/","og_locale":"de_DE","og_type":"article","og_title":"Raus + Wandern durch 4 Jahreszeiten - Bantam Camping AG","og_description":"Raus und Wandern in der Schweiz mit dembildstarken Outdoorf\u00fchrer von K\u00fcmmerly+Frey. Von Fr\u00fchlingserwachen bis Winterzauber &#8211; erlebe die Highlights einer jeden Jahreszeit wandernd! Von einer Apfelbl\u00fctenwanderung im Thurgau \u00fcber einen Ausflug mit Gletscherblick im Sommer sowie eine Route durch die herbstlichen Weinreben bis zu einem Wintersagenweg versammelt dieser Band die sch\u00f6nsten Wanderungen im jahreszeitlichen Wandel [&hellip;]","og_url":"https:\/\/shop.bantam.ch\/de\/produkt\/raus-wandern-durch-4-jahreszeiten\/","og_site_name":"Bantam Camping AG","article_modified_time":"2026-04-17T21:59:06+00:00","og_image":[{"width":120,"height":180,"url":"https:\/\/shop.bantam.ch\/wp-content\/uploads\/2026\/03\/76326022.jpg","type":"image\/jpeg"}],"twitter_card":"summary_large_image","twitter_misc":{"Gesch\u00e4tzte Lesezeit":"1\u00a0Minute"},"schema":{"@context":"https:\/\/schema.org","@graph":[{"@type":"WebPage","@id":"https:\/\/shop.bantam.ch\/de\/produkt\/raus-wandern-durch-4-jahreszeiten\/","url":"https:\/\/shop.bantam.ch\/de\/produkt\/raus-wandern-durch-4-jahreszeiten\/","name":"Raus + Wandern durch 4 Jahreszeiten - Bantam Camping AG","isPartOf":{"@id":"https:\/\/shop.bantam.ch\/de\/#website"},"primaryImageOfPage":{"@id":"https:\/\/shop.bantam.ch\/de\/produkt\/raus-wandern-durch-4-jahreszeiten\/#primaryimage"},"image":{"@id":"https:\/\/shop.bantam.ch\/de\/produkt\/raus-wandern-durch-4-jahreszeiten\/#primaryimage"},"thumbnailUrl":"https:\/\/shop.bantam.ch\/wp-content\/uploads\/2026\/03\/76326022.jpg","datePublished":"2026-03-31T14:18:31+00:00","dateModified":"2026-04-17T21:59:06+00:00","breadcrumb":{"@id":"https:\/\/shop.bantam.ch\/de\/produkt\/raus-wandern-durch-4-jahreszeiten\/#breadcrumb"},"inLanguage":"de","potentialAction":[{"@type":"ReadAction","target":["https:\/\/shop.bantam.ch\/de\/produkt\/raus-wandern-durch-4-jahreszeiten\/"]}]},{"@type":"ImageObject","inLanguage":"de","@id":"https:\/\/shop.bantam.ch\/de\/produkt\/raus-wandern-durch-4-jahreszeiten\/#primaryimage","url":"https:\/\/shop.bantam.ch\/wp-content\/uploads\/2026\/03\/76326022.jpg","contentUrl":"https:\/\/shop.bantam.ch\/wp-content\/uploads\/2026\/03\/76326022.jpg","width":120,"height":180},{"@type":"BreadcrumbList","@id":"https:\/\/shop.bantam.ch\/de\/produkt\/raus-wandern-durch-4-jahreszeiten\/#breadcrumb","itemListElement":[{"@type":"ListItem","position":1,"name":"Accueil","item":"https:\/\/shop.bantam.ch\/de\/"},{"@type":"ListItem","position":2,"name":"Shop","item":"https:\/\/shop.bantam.ch\/de\/shop\/"},{"@type":"ListItem","position":3,"name":"Raus + Wandern durch 4 Jahreszeiten"}]},{"@type":"WebSite","@id":"https:\/\/shop.bantam.ch\/de\/#website","url":"https:\/\/shop.bantam.ch\/de\/","name":"Bantam Camping AG","description":"","publisher":{"@id":"https:\/\/shop.bantam.ch\/de\/#organization"},"inLanguage":"de"},{"@type":"Organization","@id":"https:\/\/shop.bantam.ch\/de\/#organization","name":"Bantam Camping AG","url":"https:\/\/shop.bantam.ch\/de\/","logo":{"@type":"ImageObject","inLanguage":"de","@id":"https:\/\/shop.bantam.ch\/de\/#\/schema\/logo\/image\/","url":"https:\/\/shop.bantam.ch\/wp-content\/uploads\/2022\/12\/bantam-logo.png","contentUrl":"https:\/\/shop.bantam.ch\/wp-content\/uploads\/2022\/12\/bantam-logo.png","width":320,"height":71,"caption":"Bantam Camping AG"},"image":{"@id":"https:\/\/shop.bantam.ch\/de\/#\/schema\/logo\/image\/"}}]}},"_links":{"self":[{"href":"https:\/\/shop.bantam.ch\/de\/wp-json\/wp\/v2\/product\/235357","targetHints":{"allow":["GET"]}}],"collection":[{"href":"https:\/\/shop.bantam.ch\/de\/wp-json\/wp\/v2\/product"}],"about":[{"href":"https:\/\/shop.bantam.ch\/de\/wp-json\/wp\/v2\/types\/product"}],"wp:featuredmedia":[{"embeddable":true,"href":"https:\/\/shop.bantam.ch\/de\/wp-json\/wp\/v2\/media\/235355"}],"wp:attachment":[{"href":"https:\/\/shop.bantam.ch\/de\/wp-json\/wp\/v2\/media?parent=235357"}],"wp:term":[{"taxonomy":"product_featured_cat","embeddable":true,"href":"https:\/\/shop.bantam.ch\/de\/wp-json\/wp\/v2\/product_featured_cat?post=235357"},{"taxonomy":"product_brand","embeddable":true,"href":"https:\/\/shop.bantam.ch\/de\/wp-json\/wp\/v2\/product_brand?post=235357"},{"taxonomy":"product_cat","embeddable":true,"href":"https:\/\/shop.bantam.ch\/de\/wp-json\/wp\/v2\/product_cat?post=235357"},{"taxonomy":"product_tag","embeddable":true,"href":"https:\/\/shop.bantam.ch\/de\/wp-json\/wp\/v2\/product_tag?post=235357"}],"curies":[{"name":"wp","href":"https:\/\/api.w.org\/{rel}","templated":true}]}}