{"id":235353,"date":"2026-03-31T16:15:59","date_gmt":"2026-03-31T14:15:59","guid":{"rendered":"https:\/\/shop.bantam.ch\/produit\/raus-wandern-kanton-zuerich\/"},"modified":"2026-04-17T23:59:06","modified_gmt":"2026-04-17T21:59:06","slug":"raus-wandern-kanton-zuerich","status":"publish","type":"product","link":"https:\/\/shop.bantam.ch\/de\/produkt\/raus-wandern-kanton-zuerich\/","title":{"rendered":"Raus + Wandern Kanton Z\u00fcrich"},"content":{"rendered":"<p>Wir zeigen die Aussichten, f\u00fcr die sich der Aufstieg lohnt, und verraten, wo die besten Panoramablicke rund um Z\u00fcrich fotografiert werden k\u00f6nnen.Das alles und noch mehr bietet der Bildwanderf\u00fchrer Raus und Wandern Z\u00fcrich:- Die aussichtsreichsten Wanderwege rund um Z\u00fcrich- Einzigartige Fotos von aufstrebenden Fotograf:innen- Experten-Fototipps zum Nachmachen der beeindruckenden Fotografien- Erfahrene Wandernde liefern einzigartige Wanderrouten mit ausf\u00fchrlichen Wegbeschreibungen &#8211; Jede Tour ist mit einem \u00fcbersichtlichen H\u00f6henprofil ausgestattet- Aktuellste Karten f\u00fcr die perfekte Orientierung- GPX-Tracks zu jeder Tour downloadbar<\/p>\n","protected":false},"excerpt":{"rendered":"<p>Wir zeigen die Aussichten, f\u00fcr die sich der Aufstieg lohnt, und verraten, wo die besten Panoramablicke rund um Z\u00fcrich fotografiert werden k\u00f6nnen.Das alles und noch mehr bietet der Bildwanderf\u00fchrer Raus und Wandern Z\u00fcrich:- Die aussichtsreichsten Wanderwege rund um Z\u00fcrich- Einzigartige Fotos von aufstrebenden Fotograf:innen- Experten-Fototipps zum Nachmachen der beeindruckenden Fotografien- Erfahrene Wandernde liefern einzigartige Wanderrouten [&hellip;]<\/p>\n","protected":false},"featured_media":235351,"template":"","meta":{"_acf_changed":false},"product_featured_cat":[],"product_brand":[3693],"product_cat":[4352],"product_tag":[],"class_list":{"0":"post-235353","1":"product","2":"type-product","3":"status-publish","4":"has-post-thumbnail","6":"product_brand-kummerly-frey-de","7":"product_cat-reisefuehrer","9":"first","10":"instock","11":"taxable","12":"shipping-taxable","13":"purchasable","14":"product-type-simple"},"acf":[],"yoast_head":"<!-- This site is optimized with the Yoast SEO plugin v27.4 - https:\/\/yoast.com\/product\/yoast-seo-wordpress\/ -->\n<title>Raus + Wandern Kanton Z\u00fcrich - Bantam Camping AG<\/title>\n<meta name=\"robots\" content=\"index, follow, max-snippet:-1, max-image-preview:large, max-video-preview:-1\" \/>\n<link rel=\"canonical\" href=\"https:\/\/shop.bantam.ch\/de\/produkt\/raus-wandern-kanton-zuerich\/\" \/>\n<meta property=\"og:locale\" content=\"de_DE\" \/>\n<meta property=\"og:type\" content=\"article\" \/>\n<meta property=\"og:title\" content=\"Raus + Wandern Kanton Z\u00fcrich - Bantam Camping AG\" \/>\n<meta property=\"og:description\" content=\"Wir zeigen die Aussichten, f\u00fcr die sich der Aufstieg lohnt, und verraten, wo die besten Panoramablicke rund um Z\u00fcrich fotografiert werden k\u00f6nnen.Das alles und noch mehr bietet der Bildwanderf\u00fchrer Raus und Wandern Z\u00fcrich:- Die aussichtsreichsten Wanderwege rund um Z\u00fcrich- Einzigartige Fotos von aufstrebenden Fotograf:innen- Experten-Fototipps zum Nachmachen der beeindruckenden Fotografien- Erfahrene Wandernde liefern einzigartige Wanderrouten [&hellip;]\" \/>\n<meta property=\"og:url\" content=\"https:\/\/shop.bantam.ch\/de\/produkt\/raus-wandern-kanton-zuerich\/\" \/>\n<meta property=\"og:site_name\" content=\"Bantam Camping AG\" \/>\n<meta property=\"article:modified_time\" content=\"2026-04-17T21:59:06+00:00\" \/>\n<meta property=\"og:image\" content=\"https:\/\/shop.bantam.ch\/wp-content\/uploads\/2026\/03\/76326021.jpg\" \/>\n\t<meta property=\"og:image:width\" content=\"121\" \/>\n\t<meta property=\"og:image:height\" content=\"180\" \/>\n\t<meta property=\"og:image:type\" content=\"image\/jpeg\" \/>\n<meta name=\"twitter:card\" content=\"summary_large_image\" \/>\n<script type=\"application\/ld+json\" class=\"yoast-schema-graph\">{\"@context\":\"https:\\\/\\\/schema.org\",\"@graph\":[{\"@type\":\"WebPage\",\"@id\":\"https:\\\/\\\/shop.bantam.ch\\\/de\\\/produkt\\\/raus-wandern-kanton-zuerich\\\/\",\"url\":\"https:\\\/\\\/shop.bantam.ch\\\/de\\\/produkt\\\/raus-wandern-kanton-zuerich\\\/\",\"name\":\"Raus + Wandern Kanton Z\u00fcrich - Bantam Camping AG\",\"isPartOf\":{\"@id\":\"https:\\\/\\\/shop.bantam.ch\\\/de\\\/#website\"},\"primaryImageOfPage\":{\"@id\":\"https:\\\/\\\/shop.bantam.ch\\\/de\\\/produkt\\\/raus-wandern-kanton-zuerich\\\/#primaryimage\"},\"image\":{\"@id\":\"https:\\\/\\\/shop.bantam.ch\\\/de\\\/produkt\\\/raus-wandern-kanton-zuerich\\\/#primaryimage\"},\"thumbnailUrl\":\"https:\\\/\\\/shop.bantam.ch\\\/wp-content\\\/uploads\\\/2026\\\/03\\\/76326021.jpg\",\"datePublished\":\"2026-03-31T14:15:59+00:00\",\"dateModified\":\"2026-04-17T21:59:06+00:00\",\"breadcrumb\":{\"@id\":\"https:\\\/\\\/shop.bantam.ch\\\/de\\\/produkt\\\/raus-wandern-kanton-zuerich\\\/#breadcrumb\"},\"inLanguage\":\"de\",\"potentialAction\":[{\"@type\":\"ReadAction\",\"target\":[\"https:\\\/\\\/shop.bantam.ch\\\/de\\\/produkt\\\/raus-wandern-kanton-zuerich\\\/\"]}]},{\"@type\":\"ImageObject\",\"inLanguage\":\"de\",\"@id\":\"https:\\\/\\\/shop.bantam.ch\\\/de\\\/produkt\\\/raus-wandern-kanton-zuerich\\\/#primaryimage\",\"url\":\"https:\\\/\\\/shop.bantam.ch\\\/wp-content\\\/uploads\\\/2026\\\/03\\\/76326021.jpg\",\"contentUrl\":\"https:\\\/\\\/shop.bantam.ch\\\/wp-content\\\/uploads\\\/2026\\\/03\\\/76326021.jpg\",\"width\":121,\"height\":180},{\"@type\":\"BreadcrumbList\",\"@id\":\"https:\\\/\\\/shop.bantam.ch\\\/de\\\/produkt\\\/raus-wandern-kanton-zuerich\\\/#breadcrumb\",\"itemListElement\":[{\"@type\":\"ListItem\",\"position\":1,\"name\":\"Accueil\",\"item\":\"https:\\\/\\\/shop.bantam.ch\\\/de\\\/\"},{\"@type\":\"ListItem\",\"position\":2,\"name\":\"Shop\",\"item\":\"https:\\\/\\\/shop.bantam.ch\\\/de\\\/shop\\\/\"},{\"@type\":\"ListItem\",\"position\":3,\"name\":\"Raus + Wandern Kanton Z\u00fcrich\"}]},{\"@type\":\"WebSite\",\"@id\":\"https:\\\/\\\/shop.bantam.ch\\\/de\\\/#website\",\"url\":\"https:\\\/\\\/shop.bantam.ch\\\/de\\\/\",\"name\":\"Bantam Camping AG\",\"description\":\"\",\"publisher\":{\"@id\":\"https:\\\/\\\/shop.bantam.ch\\\/de\\\/#organization\"},\"inLanguage\":\"de\"},{\"@type\":\"Organization\",\"@id\":\"https:\\\/\\\/shop.bantam.ch\\\/de\\\/#organization\",\"name\":\"Bantam Camping AG\",\"url\":\"https:\\\/\\\/shop.bantam.ch\\\/de\\\/\",\"logo\":{\"@type\":\"ImageObject\",\"inLanguage\":\"de\",\"@id\":\"https:\\\/\\\/shop.bantam.ch\\\/de\\\/#\\\/schema\\\/logo\\\/image\\\/\",\"url\":\"https:\\\/\\\/shop.bantam.ch\\\/wp-content\\\/uploads\\\/2022\\\/12\\\/bantam-logo.png\",\"contentUrl\":\"https:\\\/\\\/shop.bantam.ch\\\/wp-content\\\/uploads\\\/2022\\\/12\\\/bantam-logo.png\",\"width\":320,\"height\":71,\"caption\":\"Bantam Camping AG\"},\"image\":{\"@id\":\"https:\\\/\\\/shop.bantam.ch\\\/de\\\/#\\\/schema\\\/logo\\\/image\\\/\"}}]}<\/script>\n<!-- \/ Yoast SEO plugin. -->","yoast_head_json":{"title":"Raus + Wandern Kanton Z\u00fcrich - Bantam Camping AG","robots":{"index":"index","follow":"follow","max-snippet":"max-snippet:-1","max-image-preview":"max-image-preview:large","max-video-preview":"max-video-preview:-1"},"canonical":"https:\/\/shop.bantam.ch\/de\/produkt\/raus-wandern-kanton-zuerich\/","og_locale":"de_DE","og_type":"article","og_title":"Raus + Wandern Kanton Z\u00fcrich - Bantam Camping AG","og_description":"Wir zeigen die Aussichten, f\u00fcr die sich der Aufstieg lohnt, und verraten, wo die besten Panoramablicke rund um Z\u00fcrich fotografiert werden k\u00f6nnen.Das alles und noch mehr bietet der Bildwanderf\u00fchrer Raus und Wandern Z\u00fcrich:- Die aussichtsreichsten Wanderwege rund um Z\u00fcrich- Einzigartige Fotos von aufstrebenden Fotograf:innen- Experten-Fototipps zum Nachmachen der beeindruckenden Fotografien- Erfahrene Wandernde liefern einzigartige Wanderrouten [&hellip;]","og_url":"https:\/\/shop.bantam.ch\/de\/produkt\/raus-wandern-kanton-zuerich\/","og_site_name":"Bantam Camping AG","article_modified_time":"2026-04-17T21:59:06+00:00","og_image":[{"width":121,"height":180,"url":"https:\/\/shop.bantam.ch\/wp-content\/uploads\/2026\/03\/76326021.jpg","type":"image\/jpeg"}],"twitter_card":"summary_large_image","schema":{"@context":"https:\/\/schema.org","@graph":[{"@type":"WebPage","@id":"https:\/\/shop.bantam.ch\/de\/produkt\/raus-wandern-kanton-zuerich\/","url":"https:\/\/shop.bantam.ch\/de\/produkt\/raus-wandern-kanton-zuerich\/","name":"Raus + Wandern Kanton Z\u00fcrich - Bantam Camping AG","isPartOf":{"@id":"https:\/\/shop.bantam.ch\/de\/#website"},"primaryImageOfPage":{"@id":"https:\/\/shop.bantam.ch\/de\/produkt\/raus-wandern-kanton-zuerich\/#primaryimage"},"image":{"@id":"https:\/\/shop.bantam.ch\/de\/produkt\/raus-wandern-kanton-zuerich\/#primaryimage"},"thumbnailUrl":"https:\/\/shop.bantam.ch\/wp-content\/uploads\/2026\/03\/76326021.jpg","datePublished":"2026-03-31T14:15:59+00:00","dateModified":"2026-04-17T21:59:06+00:00","breadcrumb":{"@id":"https:\/\/shop.bantam.ch\/de\/produkt\/raus-wandern-kanton-zuerich\/#breadcrumb"},"inLanguage":"de","potentialAction":[{"@type":"ReadAction","target":["https:\/\/shop.bantam.ch\/de\/produkt\/raus-wandern-kanton-zuerich\/"]}]},{"@type":"ImageObject","inLanguage":"de","@id":"https:\/\/shop.bantam.ch\/de\/produkt\/raus-wandern-kanton-zuerich\/#primaryimage","url":"https:\/\/shop.bantam.ch\/wp-content\/uploads\/2026\/03\/76326021.jpg","contentUrl":"https:\/\/shop.bantam.ch\/wp-content\/uploads\/2026\/03\/76326021.jpg","width":121,"height":180},{"@type":"BreadcrumbList","@id":"https:\/\/shop.bantam.ch\/de\/produkt\/raus-wandern-kanton-zuerich\/#breadcrumb","itemListElement":[{"@type":"ListItem","position":1,"name":"Accueil","item":"https:\/\/shop.bantam.ch\/de\/"},{"@type":"ListItem","position":2,"name":"Shop","item":"https:\/\/shop.bantam.ch\/de\/shop\/"},{"@type":"ListItem","position":3,"name":"Raus + Wandern Kanton Z\u00fcrich"}]},{"@type":"WebSite","@id":"https:\/\/shop.bantam.ch\/de\/#website","url":"https:\/\/shop.bantam.ch\/de\/","name":"Bantam Camping AG","description":"","publisher":{"@id":"https:\/\/shop.bantam.ch\/de\/#organization"},"inLanguage":"de"},{"@type":"Organization","@id":"https:\/\/shop.bantam.ch\/de\/#organization","name":"Bantam Camping AG","url":"https:\/\/shop.bantam.ch\/de\/","logo":{"@type":"ImageObject","inLanguage":"de","@id":"https:\/\/shop.bantam.ch\/de\/#\/schema\/logo\/image\/","url":"https:\/\/shop.bantam.ch\/wp-content\/uploads\/2022\/12\/bantam-logo.png","contentUrl":"https:\/\/shop.bantam.ch\/wp-content\/uploads\/2022\/12\/bantam-logo.png","width":320,"height":71,"caption":"Bantam Camping AG"},"image":{"@id":"https:\/\/shop.bantam.ch\/de\/#\/schema\/logo\/image\/"}}]}},"_links":{"self":[{"href":"https:\/\/shop.bantam.ch\/de\/wp-json\/wp\/v2\/product\/235353","targetHints":{"allow":["GET"]}}],"collection":[{"href":"https:\/\/shop.bantam.ch\/de\/wp-json\/wp\/v2\/product"}],"about":[{"href":"https:\/\/shop.bantam.ch\/de\/wp-json\/wp\/v2\/types\/product"}],"wp:featuredmedia":[{"embeddable":true,"href":"https:\/\/shop.bantam.ch\/de\/wp-json\/wp\/v2\/media\/235351"}],"wp:attachment":[{"href":"https:\/\/shop.bantam.ch\/de\/wp-json\/wp\/v2\/media?parent=235353"}],"wp:term":[{"taxonomy":"product_featured_cat","embeddable":true,"href":"https:\/\/shop.bantam.ch\/de\/wp-json\/wp\/v2\/product_featured_cat?post=235353"},{"taxonomy":"product_brand","embeddable":true,"href":"https:\/\/shop.bantam.ch\/de\/wp-json\/wp\/v2\/product_brand?post=235353"},{"taxonomy":"product_cat","embeddable":true,"href":"https:\/\/shop.bantam.ch\/de\/wp-json\/wp\/v2\/product_cat?post=235353"},{"taxonomy":"product_tag","embeddable":true,"href":"https:\/\/shop.bantam.ch\/de\/wp-json\/wp\/v2\/product_tag?post=235353"}],"curies":[{"name":"wp","href":"https:\/\/api.w.org\/{rel}","templated":true}]}}