{"id":235341,"date":"2026-03-31T16:06:56","date_gmt":"2026-03-31T14:06:56","guid":{"rendered":"https:\/\/shop.bantam.ch\/produit\/erlebnis-schweiz-gratwanderung\/"},"modified":"2026-05-10T23:58:06","modified_gmt":"2026-05-10T21:58:06","slug":"erlebnis-schweiz-gratwanderung","status":"publish","type":"product","link":"https:\/\/shop.bantam.ch\/de\/produkt\/erlebnis-schweiz-gratwanderung\/","title":{"rendered":"Erlebnis Schweiz Gratwanderung"},"content":{"rendered":"<p>COUCH-POTATOES WAREN GESTERN &#8211; heute ist aktive Freizeitgestaltung angesagt. Ob Spass und Spannung, Action und Unterhaltung oder Einblicke in Unbekanntes &#8211; Ausfl\u00fcge in die Natur, in St\u00e4dte und zu Sehensw\u00fcrdigkeiten liegen im Trend. Und das Angebot ist un\u00fcberschaubar. Hier hilft Erlebnis Schweiz &#8211; mit 32 B\u00e4nden voller Tipps und Empfehlungen f\u00fcr eine aktive Freizeit und Infos zu spektakul\u00e4ren, trendigen, (ent-)spannenden und ausgefallenen Touren und Zielen. Der neue Wanderf\u00fchrer &#8222;Gratwanderungen&#8220; f\u00fchrt Sie auf 72 sorgf\u00e4ltig ausgesuchten Routen \u00fcber spektakul\u00e4re Wege und Pfade in die H\u00f6hen der Schweizer Bergwelt. Zahlreiche Touren erschlie\u00dfen H\u00f6henz\u00fcge im hochalpinen Raum, aber auch viele Bergk\u00e4mme in den mittleren Regionen der Alpen und den Mittelgebirgen des Landes bieten Panorama-Touren der Extraklasse.<\/p>\n","protected":false},"excerpt":{"rendered":"<p>COUCH-POTATOES WAREN GESTERN &#8211; heute ist aktive Freizeitgestaltung angesagt. Ob Spass und Spannung, Action und Unterhaltung oder Einblicke in Unbekanntes &#8211; Ausfl\u00fcge in die Natur, in St\u00e4dte und zu Sehensw\u00fcrdigkeiten liegen im Trend. Und das Angebot ist un\u00fcberschaubar. Hier hilft Erlebnis Schweiz &#8211; mit 32 B\u00e4nden voller Tipps und Empfehlungen f\u00fcr eine aktive Freizeit und [&hellip;]<\/p>\n","protected":false},"featured_media":235339,"template":"","meta":{"_acf_changed":false},"product_featured_cat":[],"product_brand":[3693],"product_cat":[4352],"product_tag":[],"class_list":{"0":"post-235341","1":"product","2":"type-product","3":"status-publish","4":"has-post-thumbnail","6":"product_brand-kummerly-frey-de","7":"product_cat-reisefuehrer","9":"first","10":"instock","11":"taxable","12":"shipping-taxable","13":"purchasable","14":"product-type-simple"},"acf":[],"yoast_head":"<!-- This site is optimized with the Yoast SEO plugin v27.5 - https:\/\/yoast.com\/product\/yoast-seo-wordpress\/ -->\n<title>Erlebnis Schweiz Gratwanderung - Bantam<\/title>\n<meta name=\"robots\" content=\"index, follow, max-snippet:-1, max-image-preview:large, max-video-preview:-1\" \/>\n<link rel=\"canonical\" href=\"https:\/\/shop.bantam.ch\/de\/produkt\/erlebnis-schweiz-gratwanderung\/\" \/>\n<meta property=\"og:locale\" content=\"de_DE\" \/>\n<meta property=\"og:type\" content=\"article\" \/>\n<meta property=\"og:title\" content=\"Erlebnis Schweiz Gratwanderung - Bantam\" \/>\n<meta property=\"og:description\" content=\"COUCH-POTATOES WAREN GESTERN &#8211; heute ist aktive Freizeitgestaltung angesagt. Ob Spass und Spannung, Action und Unterhaltung oder Einblicke in Unbekanntes &#8211; Ausfl\u00fcge in die Natur, in St\u00e4dte und zu Sehensw\u00fcrdigkeiten liegen im Trend. Und das Angebot ist un\u00fcberschaubar. Hier hilft Erlebnis Schweiz &#8211; mit 32 B\u00e4nden voller Tipps und Empfehlungen f\u00fcr eine aktive Freizeit und [&hellip;]\" \/>\n<meta property=\"og:url\" content=\"https:\/\/shop.bantam.ch\/de\/produkt\/erlebnis-schweiz-gratwanderung\/\" \/>\n<meta property=\"og:site_name\" content=\"Bantam\" \/>\n<meta property=\"article:modified_time\" content=\"2026-05-10T21:58:06+00:00\" \/>\n<meta property=\"og:image\" content=\"https:\/\/shop.bantam.ch\/wp-content\/uploads\/2026\/03\/76326018.jpg\" \/>\n\t<meta property=\"og:image:width\" content=\"120\" \/>\n\t<meta property=\"og:image:height\" content=\"180\" \/>\n\t<meta property=\"og:image:type\" content=\"image\/jpeg\" \/>\n<meta name=\"twitter:card\" content=\"summary_large_image\" \/>\n<meta name=\"twitter:label1\" content=\"Gesch\u00e4tzte Lesezeit\" \/>\n\t<meta name=\"twitter:data1\" content=\"1\u00a0Minute\" \/>\n<script type=\"application\/ld+json\" class=\"yoast-schema-graph\">{\"@context\":\"https:\\\/\\\/schema.org\",\"@graph\":[{\"@type\":\"WebPage\",\"@id\":\"https:\\\/\\\/shop.bantam.ch\\\/de\\\/produkt\\\/erlebnis-schweiz-gratwanderung\\\/\",\"url\":\"https:\\\/\\\/shop.bantam.ch\\\/de\\\/produkt\\\/erlebnis-schweiz-gratwanderung\\\/\",\"name\":\"Erlebnis Schweiz Gratwanderung - Bantam\",\"isPartOf\":{\"@id\":\"https:\\\/\\\/shop.bantam.ch\\\/de\\\/#website\"},\"primaryImageOfPage\":{\"@id\":\"https:\\\/\\\/shop.bantam.ch\\\/de\\\/produkt\\\/erlebnis-schweiz-gratwanderung\\\/#primaryimage\"},\"image\":{\"@id\":\"https:\\\/\\\/shop.bantam.ch\\\/de\\\/produkt\\\/erlebnis-schweiz-gratwanderung\\\/#primaryimage\"},\"thumbnailUrl\":\"https:\\\/\\\/shop.bantam.ch\\\/wp-content\\\/uploads\\\/2026\\\/03\\\/76326018.jpg\",\"datePublished\":\"2026-03-31T14:06:56+00:00\",\"dateModified\":\"2026-05-10T21:58:06+00:00\",\"breadcrumb\":{\"@id\":\"https:\\\/\\\/shop.bantam.ch\\\/de\\\/produkt\\\/erlebnis-schweiz-gratwanderung\\\/#breadcrumb\"},\"inLanguage\":\"de\",\"potentialAction\":[{\"@type\":\"ReadAction\",\"target\":[\"https:\\\/\\\/shop.bantam.ch\\\/de\\\/produkt\\\/erlebnis-schweiz-gratwanderung\\\/\"]}]},{\"@type\":\"ImageObject\",\"inLanguage\":\"de\",\"@id\":\"https:\\\/\\\/shop.bantam.ch\\\/de\\\/produkt\\\/erlebnis-schweiz-gratwanderung\\\/#primaryimage\",\"url\":\"https:\\\/\\\/shop.bantam.ch\\\/wp-content\\\/uploads\\\/2026\\\/03\\\/76326018.jpg\",\"contentUrl\":\"https:\\\/\\\/shop.bantam.ch\\\/wp-content\\\/uploads\\\/2026\\\/03\\\/76326018.jpg\",\"width\":120,\"height\":180},{\"@type\":\"BreadcrumbList\",\"@id\":\"https:\\\/\\\/shop.bantam.ch\\\/de\\\/produkt\\\/erlebnis-schweiz-gratwanderung\\\/#breadcrumb\",\"itemListElement\":[{\"@type\":\"ListItem\",\"position\":1,\"name\":\"Accueil\",\"item\":\"https:\\\/\\\/shop.bantam.ch\\\/de\\\/\"},{\"@type\":\"ListItem\",\"position\":2,\"name\":\"Shop\",\"item\":\"https:\\\/\\\/shop.bantam.ch\\\/de\\\/shop\\\/\"},{\"@type\":\"ListItem\",\"position\":3,\"name\":\"Erlebnis Schweiz Gratwanderung\"}]},{\"@type\":\"WebSite\",\"@id\":\"https:\\\/\\\/shop.bantam.ch\\\/de\\\/#website\",\"url\":\"https:\\\/\\\/shop.bantam.ch\\\/de\\\/\",\"name\":\"Bantam\",\"description\":\"\",\"publisher\":{\"@id\":\"https:\\\/\\\/shop.bantam.ch\\\/de\\\/#organization\"},\"inLanguage\":\"de\"},{\"@type\":\"Organization\",\"@id\":\"https:\\\/\\\/shop.bantam.ch\\\/de\\\/#organization\",\"name\":\"Bantam\",\"url\":\"https:\\\/\\\/shop.bantam.ch\\\/de\\\/\",\"logo\":{\"@type\":\"ImageObject\",\"inLanguage\":\"de\",\"@id\":\"https:\\\/\\\/shop.bantam.ch\\\/de\\\/#\\\/schema\\\/logo\\\/image\\\/\",\"url\":\"https:\\\/\\\/shop.bantam.ch\\\/wp-content\\\/uploads\\\/2022\\\/12\\\/bantam-logo.png\",\"contentUrl\":\"https:\\\/\\\/shop.bantam.ch\\\/wp-content\\\/uploads\\\/2022\\\/12\\\/bantam-logo.png\",\"width\":320,\"height\":71,\"caption\":\"Bantam\"},\"image\":{\"@id\":\"https:\\\/\\\/shop.bantam.ch\\\/de\\\/#\\\/schema\\\/logo\\\/image\\\/\"}}]}<\/script>\n<!-- \/ Yoast SEO plugin. -->","yoast_head_json":{"title":"Erlebnis Schweiz Gratwanderung - Bantam","robots":{"index":"index","follow":"follow","max-snippet":"max-snippet:-1","max-image-preview":"max-image-preview:large","max-video-preview":"max-video-preview:-1"},"canonical":"https:\/\/shop.bantam.ch\/de\/produkt\/erlebnis-schweiz-gratwanderung\/","og_locale":"de_DE","og_type":"article","og_title":"Erlebnis Schweiz Gratwanderung - Bantam","og_description":"COUCH-POTATOES WAREN GESTERN &#8211; heute ist aktive Freizeitgestaltung angesagt. Ob Spass und Spannung, Action und Unterhaltung oder Einblicke in Unbekanntes &#8211; Ausfl\u00fcge in die Natur, in St\u00e4dte und zu Sehensw\u00fcrdigkeiten liegen im Trend. Und das Angebot ist un\u00fcberschaubar. Hier hilft Erlebnis Schweiz &#8211; mit 32 B\u00e4nden voller Tipps und Empfehlungen f\u00fcr eine aktive Freizeit und [&hellip;]","og_url":"https:\/\/shop.bantam.ch\/de\/produkt\/erlebnis-schweiz-gratwanderung\/","og_site_name":"Bantam","article_modified_time":"2026-05-10T21:58:06+00:00","og_image":[{"width":120,"height":180,"url":"https:\/\/shop.bantam.ch\/wp-content\/uploads\/2026\/03\/76326018.jpg","type":"image\/jpeg"}],"twitter_card":"summary_large_image","twitter_misc":{"Gesch\u00e4tzte Lesezeit":"1\u00a0Minute"},"schema":{"@context":"https:\/\/schema.org","@graph":[{"@type":"WebPage","@id":"https:\/\/shop.bantam.ch\/de\/produkt\/erlebnis-schweiz-gratwanderung\/","url":"https:\/\/shop.bantam.ch\/de\/produkt\/erlebnis-schweiz-gratwanderung\/","name":"Erlebnis Schweiz Gratwanderung - Bantam","isPartOf":{"@id":"https:\/\/shop.bantam.ch\/de\/#website"},"primaryImageOfPage":{"@id":"https:\/\/shop.bantam.ch\/de\/produkt\/erlebnis-schweiz-gratwanderung\/#primaryimage"},"image":{"@id":"https:\/\/shop.bantam.ch\/de\/produkt\/erlebnis-schweiz-gratwanderung\/#primaryimage"},"thumbnailUrl":"https:\/\/shop.bantam.ch\/wp-content\/uploads\/2026\/03\/76326018.jpg","datePublished":"2026-03-31T14:06:56+00:00","dateModified":"2026-05-10T21:58:06+00:00","breadcrumb":{"@id":"https:\/\/shop.bantam.ch\/de\/produkt\/erlebnis-schweiz-gratwanderung\/#breadcrumb"},"inLanguage":"de","potentialAction":[{"@type":"ReadAction","target":["https:\/\/shop.bantam.ch\/de\/produkt\/erlebnis-schweiz-gratwanderung\/"]}]},{"@type":"ImageObject","inLanguage":"de","@id":"https:\/\/shop.bantam.ch\/de\/produkt\/erlebnis-schweiz-gratwanderung\/#primaryimage","url":"https:\/\/shop.bantam.ch\/wp-content\/uploads\/2026\/03\/76326018.jpg","contentUrl":"https:\/\/shop.bantam.ch\/wp-content\/uploads\/2026\/03\/76326018.jpg","width":120,"height":180},{"@type":"BreadcrumbList","@id":"https:\/\/shop.bantam.ch\/de\/produkt\/erlebnis-schweiz-gratwanderung\/#breadcrumb","itemListElement":[{"@type":"ListItem","position":1,"name":"Accueil","item":"https:\/\/shop.bantam.ch\/de\/"},{"@type":"ListItem","position":2,"name":"Shop","item":"https:\/\/shop.bantam.ch\/de\/shop\/"},{"@type":"ListItem","position":3,"name":"Erlebnis Schweiz Gratwanderung"}]},{"@type":"WebSite","@id":"https:\/\/shop.bantam.ch\/de\/#website","url":"https:\/\/shop.bantam.ch\/de\/","name":"Bantam","description":"","publisher":{"@id":"https:\/\/shop.bantam.ch\/de\/#organization"},"inLanguage":"de"},{"@type":"Organization","@id":"https:\/\/shop.bantam.ch\/de\/#organization","name":"Bantam","url":"https:\/\/shop.bantam.ch\/de\/","logo":{"@type":"ImageObject","inLanguage":"de","@id":"https:\/\/shop.bantam.ch\/de\/#\/schema\/logo\/image\/","url":"https:\/\/shop.bantam.ch\/wp-content\/uploads\/2022\/12\/bantam-logo.png","contentUrl":"https:\/\/shop.bantam.ch\/wp-content\/uploads\/2022\/12\/bantam-logo.png","width":320,"height":71,"caption":"Bantam"},"image":{"@id":"https:\/\/shop.bantam.ch\/de\/#\/schema\/logo\/image\/"}}]}},"_links":{"self":[{"href":"https:\/\/shop.bantam.ch\/de\/wp-json\/wp\/v2\/product\/235341","targetHints":{"allow":["GET"]}}],"collection":[{"href":"https:\/\/shop.bantam.ch\/de\/wp-json\/wp\/v2\/product"}],"about":[{"href":"https:\/\/shop.bantam.ch\/de\/wp-json\/wp\/v2\/types\/product"}],"wp:featuredmedia":[{"embeddable":true,"href":"https:\/\/shop.bantam.ch\/de\/wp-json\/wp\/v2\/media\/235339"}],"wp:attachment":[{"href":"https:\/\/shop.bantam.ch\/de\/wp-json\/wp\/v2\/media?parent=235341"}],"wp:term":[{"taxonomy":"product_featured_cat","embeddable":true,"href":"https:\/\/shop.bantam.ch\/de\/wp-json\/wp\/v2\/product_featured_cat?post=235341"},{"taxonomy":"product_brand","embeddable":true,"href":"https:\/\/shop.bantam.ch\/de\/wp-json\/wp\/v2\/product_brand?post=235341"},{"taxonomy":"product_cat","embeddable":true,"href":"https:\/\/shop.bantam.ch\/de\/wp-json\/wp\/v2\/product_cat?post=235341"},{"taxonomy":"product_tag","embeddable":true,"href":"https:\/\/shop.bantam.ch\/de\/wp-json\/wp\/v2\/product_tag?post=235341"}],"curies":[{"name":"wp","href":"https:\/\/api.w.org\/{rel}","templated":true}]}}