{"id":235337,"date":"2026-03-31T16:04:30","date_gmt":"2026-03-31T14:04:30","guid":{"rendered":"https:\/\/shop.bantam.ch\/produit\/erlebnis-schweiz-wander-rundtouren\/"},"modified":"2026-05-11T23:56:39","modified_gmt":"2026-05-11T21:56:39","slug":"erlebnis-schweiz-wander-rundtouren","status":"publish","type":"product","link":"https:\/\/shop.bantam.ch\/de\/produkt\/erlebnis-schweiz-wander-rundtouren\/","title":{"rendered":"Erlebnis Schweiz Wander-Rundtouren"},"content":{"rendered":"<p>Die ausgew\u00e4hlten Rundtouren in diesem Band f\u00fchren Sie auf 73 spektakul\u00e4ren Wegen durch einzigartige Landschaften, \u00fcber bl\u00fchende Almwiesen oder durch verwunschene W\u00e4lder entlang und versprechen unvergessliche Wandererlebnisse in der ganzen Schweiz. Das Beste daran ist: Sie kehren zum sinnvoll gew\u00e4hlten Ausgangspunkt zur\u00fcck, eine praktische Erleichterung f\u00fcr die An- und Abreise und die Planung der attraktiven Rundwanderungen.<\/p>\n","protected":false},"excerpt":{"rendered":"<p>Die ausgew\u00e4hlten Rundtouren in diesem Band f\u00fchren Sie auf 73 spektakul\u00e4ren Wegen durch einzigartige Landschaften, \u00fcber bl\u00fchende Almwiesen oder durch verwunschene W\u00e4lder entlang und versprechen unvergessliche Wandererlebnisse in der ganzen Schweiz. Das Beste daran ist: Sie kehren zum sinnvoll gew\u00e4hlten Ausgangspunkt zur\u00fcck, eine praktische Erleichterung f\u00fcr die An- und Abreise und die Planung der attraktiven [&hellip;]<\/p>\n","protected":false},"featured_media":235335,"template":"","meta":{"_acf_changed":false},"product_featured_cat":[],"product_brand":[3693],"product_cat":[4352],"product_tag":[],"class_list":{"0":"post-235337","1":"product","2":"type-product","3":"status-publish","4":"has-post-thumbnail","6":"product_brand-kummerly-frey-de","7":"product_cat-reisefuehrer","9":"first","10":"instock","11":"taxable","12":"shipping-taxable","13":"purchasable","14":"product-type-simple"},"acf":[],"yoast_head":"<!-- This site is optimized with the Yoast SEO plugin v27.5 - https:\/\/yoast.com\/product\/yoast-seo-wordpress\/ -->\n<title>Erlebnis Schweiz Wander-Rundtouren - Bantam<\/title>\n<meta name=\"robots\" content=\"index, follow, max-snippet:-1, max-image-preview:large, max-video-preview:-1\" \/>\n<link rel=\"canonical\" href=\"https:\/\/shop.bantam.ch\/de\/produkt\/erlebnis-schweiz-wander-rundtouren\/\" \/>\n<meta property=\"og:locale\" content=\"de_DE\" \/>\n<meta property=\"og:type\" content=\"article\" \/>\n<meta property=\"og:title\" content=\"Erlebnis Schweiz Wander-Rundtouren - Bantam\" \/>\n<meta property=\"og:description\" content=\"Die ausgew\u00e4hlten Rundtouren in diesem Band f\u00fchren Sie auf 73 spektakul\u00e4ren Wegen durch einzigartige Landschaften, \u00fcber bl\u00fchende Almwiesen oder durch verwunschene W\u00e4lder entlang und versprechen unvergessliche Wandererlebnisse in der ganzen Schweiz. Das Beste daran ist: Sie kehren zum sinnvoll gew\u00e4hlten Ausgangspunkt zur\u00fcck, eine praktische Erleichterung f\u00fcr die An- und Abreise und die Planung der attraktiven [&hellip;]\" \/>\n<meta property=\"og:url\" content=\"https:\/\/shop.bantam.ch\/de\/produkt\/erlebnis-schweiz-wander-rundtouren\/\" \/>\n<meta property=\"og:site_name\" content=\"Bantam\" \/>\n<meta property=\"article:modified_time\" content=\"2026-05-11T21:56:39+00:00\" \/>\n<meta property=\"og:image\" content=\"https:\/\/shop.bantam.ch\/wp-content\/uploads\/2026\/03\/76326017.jpg\" \/>\n\t<meta property=\"og:image:width\" content=\"120\" \/>\n\t<meta property=\"og:image:height\" content=\"180\" \/>\n\t<meta property=\"og:image:type\" content=\"image\/jpeg\" \/>\n<meta name=\"twitter:card\" content=\"summary_large_image\" \/>\n<script type=\"application\/ld+json\" class=\"yoast-schema-graph\">{\"@context\":\"https:\\\/\\\/schema.org\",\"@graph\":[{\"@type\":\"WebPage\",\"@id\":\"https:\\\/\\\/shop.bantam.ch\\\/de\\\/produkt\\\/erlebnis-schweiz-wander-rundtouren\\\/\",\"url\":\"https:\\\/\\\/shop.bantam.ch\\\/de\\\/produkt\\\/erlebnis-schweiz-wander-rundtouren\\\/\",\"name\":\"Erlebnis Schweiz Wander-Rundtouren - Bantam\",\"isPartOf\":{\"@id\":\"https:\\\/\\\/shop.bantam.ch\\\/de\\\/#website\"},\"primaryImageOfPage\":{\"@id\":\"https:\\\/\\\/shop.bantam.ch\\\/de\\\/produkt\\\/erlebnis-schweiz-wander-rundtouren\\\/#primaryimage\"},\"image\":{\"@id\":\"https:\\\/\\\/shop.bantam.ch\\\/de\\\/produkt\\\/erlebnis-schweiz-wander-rundtouren\\\/#primaryimage\"},\"thumbnailUrl\":\"https:\\\/\\\/shop.bantam.ch\\\/wp-content\\\/uploads\\\/2026\\\/03\\\/76326017.jpg\",\"datePublished\":\"2026-03-31T14:04:30+00:00\",\"dateModified\":\"2026-05-11T21:56:39+00:00\",\"breadcrumb\":{\"@id\":\"https:\\\/\\\/shop.bantam.ch\\\/de\\\/produkt\\\/erlebnis-schweiz-wander-rundtouren\\\/#breadcrumb\"},\"inLanguage\":\"de\",\"potentialAction\":[{\"@type\":\"ReadAction\",\"target\":[\"https:\\\/\\\/shop.bantam.ch\\\/de\\\/produkt\\\/erlebnis-schweiz-wander-rundtouren\\\/\"]}]},{\"@type\":\"ImageObject\",\"inLanguage\":\"de\",\"@id\":\"https:\\\/\\\/shop.bantam.ch\\\/de\\\/produkt\\\/erlebnis-schweiz-wander-rundtouren\\\/#primaryimage\",\"url\":\"https:\\\/\\\/shop.bantam.ch\\\/wp-content\\\/uploads\\\/2026\\\/03\\\/76326017.jpg\",\"contentUrl\":\"https:\\\/\\\/shop.bantam.ch\\\/wp-content\\\/uploads\\\/2026\\\/03\\\/76326017.jpg\",\"width\":120,\"height\":180},{\"@type\":\"BreadcrumbList\",\"@id\":\"https:\\\/\\\/shop.bantam.ch\\\/de\\\/produkt\\\/erlebnis-schweiz-wander-rundtouren\\\/#breadcrumb\",\"itemListElement\":[{\"@type\":\"ListItem\",\"position\":1,\"name\":\"Accueil\",\"item\":\"https:\\\/\\\/shop.bantam.ch\\\/de\\\/\"},{\"@type\":\"ListItem\",\"position\":2,\"name\":\"Shop\",\"item\":\"https:\\\/\\\/shop.bantam.ch\\\/de\\\/shop\\\/\"},{\"@type\":\"ListItem\",\"position\":3,\"name\":\"Erlebnis Schweiz Wander-Rundtouren\"}]},{\"@type\":\"WebSite\",\"@id\":\"https:\\\/\\\/shop.bantam.ch\\\/de\\\/#website\",\"url\":\"https:\\\/\\\/shop.bantam.ch\\\/de\\\/\",\"name\":\"Bantam\",\"description\":\"\",\"publisher\":{\"@id\":\"https:\\\/\\\/shop.bantam.ch\\\/de\\\/#organization\"},\"inLanguage\":\"de\"},{\"@type\":\"Organization\",\"@id\":\"https:\\\/\\\/shop.bantam.ch\\\/de\\\/#organization\",\"name\":\"Bantam\",\"url\":\"https:\\\/\\\/shop.bantam.ch\\\/de\\\/\",\"logo\":{\"@type\":\"ImageObject\",\"inLanguage\":\"de\",\"@id\":\"https:\\\/\\\/shop.bantam.ch\\\/de\\\/#\\\/schema\\\/logo\\\/image\\\/\",\"url\":\"https:\\\/\\\/shop.bantam.ch\\\/wp-content\\\/uploads\\\/2022\\\/12\\\/bantam-logo.png\",\"contentUrl\":\"https:\\\/\\\/shop.bantam.ch\\\/wp-content\\\/uploads\\\/2022\\\/12\\\/bantam-logo.png\",\"width\":320,\"height\":71,\"caption\":\"Bantam\"},\"image\":{\"@id\":\"https:\\\/\\\/shop.bantam.ch\\\/de\\\/#\\\/schema\\\/logo\\\/image\\\/\"}}]}<\/script>\n<!-- \/ Yoast SEO plugin. -->","yoast_head_json":{"title":"Erlebnis Schweiz Wander-Rundtouren - Bantam","robots":{"index":"index","follow":"follow","max-snippet":"max-snippet:-1","max-image-preview":"max-image-preview:large","max-video-preview":"max-video-preview:-1"},"canonical":"https:\/\/shop.bantam.ch\/de\/produkt\/erlebnis-schweiz-wander-rundtouren\/","og_locale":"de_DE","og_type":"article","og_title":"Erlebnis Schweiz Wander-Rundtouren - Bantam","og_description":"Die ausgew\u00e4hlten Rundtouren in diesem Band f\u00fchren Sie auf 73 spektakul\u00e4ren Wegen durch einzigartige Landschaften, \u00fcber bl\u00fchende Almwiesen oder durch verwunschene W\u00e4lder entlang und versprechen unvergessliche Wandererlebnisse in der ganzen Schweiz. Das Beste daran ist: Sie kehren zum sinnvoll gew\u00e4hlten Ausgangspunkt zur\u00fcck, eine praktische Erleichterung f\u00fcr die An- und Abreise und die Planung der attraktiven [&hellip;]","og_url":"https:\/\/shop.bantam.ch\/de\/produkt\/erlebnis-schweiz-wander-rundtouren\/","og_site_name":"Bantam","article_modified_time":"2026-05-11T21:56:39+00:00","og_image":[{"width":120,"height":180,"url":"https:\/\/shop.bantam.ch\/wp-content\/uploads\/2026\/03\/76326017.jpg","type":"image\/jpeg"}],"twitter_card":"summary_large_image","schema":{"@context":"https:\/\/schema.org","@graph":[{"@type":"WebPage","@id":"https:\/\/shop.bantam.ch\/de\/produkt\/erlebnis-schweiz-wander-rundtouren\/","url":"https:\/\/shop.bantam.ch\/de\/produkt\/erlebnis-schweiz-wander-rundtouren\/","name":"Erlebnis Schweiz Wander-Rundtouren - Bantam","isPartOf":{"@id":"https:\/\/shop.bantam.ch\/de\/#website"},"primaryImageOfPage":{"@id":"https:\/\/shop.bantam.ch\/de\/produkt\/erlebnis-schweiz-wander-rundtouren\/#primaryimage"},"image":{"@id":"https:\/\/shop.bantam.ch\/de\/produkt\/erlebnis-schweiz-wander-rundtouren\/#primaryimage"},"thumbnailUrl":"https:\/\/shop.bantam.ch\/wp-content\/uploads\/2026\/03\/76326017.jpg","datePublished":"2026-03-31T14:04:30+00:00","dateModified":"2026-05-11T21:56:39+00:00","breadcrumb":{"@id":"https:\/\/shop.bantam.ch\/de\/produkt\/erlebnis-schweiz-wander-rundtouren\/#breadcrumb"},"inLanguage":"de","potentialAction":[{"@type":"ReadAction","target":["https:\/\/shop.bantam.ch\/de\/produkt\/erlebnis-schweiz-wander-rundtouren\/"]}]},{"@type":"ImageObject","inLanguage":"de","@id":"https:\/\/shop.bantam.ch\/de\/produkt\/erlebnis-schweiz-wander-rundtouren\/#primaryimage","url":"https:\/\/shop.bantam.ch\/wp-content\/uploads\/2026\/03\/76326017.jpg","contentUrl":"https:\/\/shop.bantam.ch\/wp-content\/uploads\/2026\/03\/76326017.jpg","width":120,"height":180},{"@type":"BreadcrumbList","@id":"https:\/\/shop.bantam.ch\/de\/produkt\/erlebnis-schweiz-wander-rundtouren\/#breadcrumb","itemListElement":[{"@type":"ListItem","position":1,"name":"Accueil","item":"https:\/\/shop.bantam.ch\/de\/"},{"@type":"ListItem","position":2,"name":"Shop","item":"https:\/\/shop.bantam.ch\/de\/shop\/"},{"@type":"ListItem","position":3,"name":"Erlebnis Schweiz Wander-Rundtouren"}]},{"@type":"WebSite","@id":"https:\/\/shop.bantam.ch\/de\/#website","url":"https:\/\/shop.bantam.ch\/de\/","name":"Bantam","description":"","publisher":{"@id":"https:\/\/shop.bantam.ch\/de\/#organization"},"inLanguage":"de"},{"@type":"Organization","@id":"https:\/\/shop.bantam.ch\/de\/#organization","name":"Bantam","url":"https:\/\/shop.bantam.ch\/de\/","logo":{"@type":"ImageObject","inLanguage":"de","@id":"https:\/\/shop.bantam.ch\/de\/#\/schema\/logo\/image\/","url":"https:\/\/shop.bantam.ch\/wp-content\/uploads\/2022\/12\/bantam-logo.png","contentUrl":"https:\/\/shop.bantam.ch\/wp-content\/uploads\/2022\/12\/bantam-logo.png","width":320,"height":71,"caption":"Bantam"},"image":{"@id":"https:\/\/shop.bantam.ch\/de\/#\/schema\/logo\/image\/"}}]}},"_links":{"self":[{"href":"https:\/\/shop.bantam.ch\/de\/wp-json\/wp\/v2\/product\/235337","targetHints":{"allow":["GET"]}}],"collection":[{"href":"https:\/\/shop.bantam.ch\/de\/wp-json\/wp\/v2\/product"}],"about":[{"href":"https:\/\/shop.bantam.ch\/de\/wp-json\/wp\/v2\/types\/product"}],"wp:featuredmedia":[{"embeddable":true,"href":"https:\/\/shop.bantam.ch\/de\/wp-json\/wp\/v2\/media\/235335"}],"wp:attachment":[{"href":"https:\/\/shop.bantam.ch\/de\/wp-json\/wp\/v2\/media?parent=235337"}],"wp:term":[{"taxonomy":"product_featured_cat","embeddable":true,"href":"https:\/\/shop.bantam.ch\/de\/wp-json\/wp\/v2\/product_featured_cat?post=235337"},{"taxonomy":"product_brand","embeddable":true,"href":"https:\/\/shop.bantam.ch\/de\/wp-json\/wp\/v2\/product_brand?post=235337"},{"taxonomy":"product_cat","embeddable":true,"href":"https:\/\/shop.bantam.ch\/de\/wp-json\/wp\/v2\/product_cat?post=235337"},{"taxonomy":"product_tag","embeddable":true,"href":"https:\/\/shop.bantam.ch\/de\/wp-json\/wp\/v2\/product_tag?post=235337"}],"curies":[{"name":"wp","href":"https:\/\/api.w.org\/{rel}","templated":true}]}}