{"id":235329,"date":"2026-03-31T15:58:12","date_gmt":"2026-03-31T13:58:12","guid":{"rendered":"https:\/\/shop.bantam.ch\/produit\/erlebnis-schweiz-e-bike-touren-velof\/"},"modified":"2026-04-17T23:58:53","modified_gmt":"2026-04-17T21:58:53","slug":"erlebnis-schweiz-e-bike-touren-velof","status":"publish","type":"product","link":"https:\/\/shop.bantam.ch\/de\/produkt\/erlebnis-schweiz-e-bike-touren-velof\/","title":{"rendered":"Erlebnis Schweiz E-Bike Touren Velof."},"content":{"rendered":"<p>E-BIKE-FANS kommen in diesem Band voll auf ihre Kosten. Mit 60 sorgf\u00e4ltig ausgew\u00e4hlten Routen durch die sch\u00f6nsten Regionen der Schweiz, ob gem\u00fctlich am Fluss oder herausfordernd in den Bergen, ist f\u00fcr jeden etwas dabei. Naturerlebnisse, kulturelle Highlights und regionale K\u00f6stlichkeiten machen jede Tour einzigartig.<\/p>\n","protected":false},"excerpt":{"rendered":"<p>E-BIKE-FANS kommen in diesem Band voll auf ihre Kosten. Mit 60 sorgf\u00e4ltig ausgew\u00e4hlten Routen durch die sch\u00f6nsten Regionen der Schweiz, ob gem\u00fctlich am Fluss oder herausfordernd in den Bergen, ist f\u00fcr jeden etwas dabei. Naturerlebnisse, kulturelle Highlights und regionale K\u00f6stlichkeiten machen jede Tour einzigartig.<\/p>\n","protected":false},"featured_media":235327,"template":"","meta":{"_acf_changed":false},"product_featured_cat":[],"product_brand":[3693],"product_cat":[4352],"product_tag":[],"class_list":{"0":"post-235329","1":"product","2":"type-product","3":"status-publish","4":"has-post-thumbnail","6":"product_brand-kummerly-frey-de","7":"product_cat-reisefuehrer","9":"first","10":"instock","11":"taxable","12":"shipping-taxable","13":"purchasable","14":"product-type-simple"},"acf":[],"yoast_head":"<!-- This site is optimized with the Yoast SEO plugin v27.4 - https:\/\/yoast.com\/product\/yoast-seo-wordpress\/ -->\n<title>Erlebnis Schweiz E-Bike Touren Velof. - Bantam Camping AG<\/title>\n<meta name=\"robots\" content=\"index, follow, max-snippet:-1, max-image-preview:large, max-video-preview:-1\" \/>\n<link rel=\"canonical\" href=\"https:\/\/shop.bantam.ch\/de\/produkt\/erlebnis-schweiz-e-bike-touren-velof\/\" \/>\n<meta property=\"og:locale\" content=\"de_DE\" \/>\n<meta property=\"og:type\" content=\"article\" \/>\n<meta property=\"og:title\" content=\"Erlebnis Schweiz E-Bike Touren Velof. - Bantam Camping AG\" \/>\n<meta property=\"og:description\" content=\"E-BIKE-FANS kommen in diesem Band voll auf ihre Kosten. Mit 60 sorgf\u00e4ltig ausgew\u00e4hlten Routen durch die sch\u00f6nsten Regionen der Schweiz, ob gem\u00fctlich am Fluss oder herausfordernd in den Bergen, ist f\u00fcr jeden etwas dabei. Naturerlebnisse, kulturelle Highlights und regionale K\u00f6stlichkeiten machen jede Tour einzigartig.\" \/>\n<meta property=\"og:url\" content=\"https:\/\/shop.bantam.ch\/de\/produkt\/erlebnis-schweiz-e-bike-touren-velof\/\" \/>\n<meta property=\"og:site_name\" content=\"Bantam Camping AG\" \/>\n<meta property=\"article:modified_time\" content=\"2026-04-17T21:58:53+00:00\" \/>\n<meta property=\"og:image\" content=\"https:\/\/shop.bantam.ch\/wp-content\/uploads\/2026\/03\/76326015.jpg\" \/>\n\t<meta property=\"og:image:width\" content=\"120\" \/>\n\t<meta property=\"og:image:height\" content=\"180\" \/>\n\t<meta property=\"og:image:type\" content=\"image\/jpeg\" \/>\n<meta name=\"twitter:card\" content=\"summary_large_image\" \/>\n<script type=\"application\/ld+json\" class=\"yoast-schema-graph\">{\"@context\":\"https:\\\/\\\/schema.org\",\"@graph\":[{\"@type\":\"WebPage\",\"@id\":\"https:\\\/\\\/shop.bantam.ch\\\/de\\\/produkt\\\/erlebnis-schweiz-e-bike-touren-velof\\\/\",\"url\":\"https:\\\/\\\/shop.bantam.ch\\\/de\\\/produkt\\\/erlebnis-schweiz-e-bike-touren-velof\\\/\",\"name\":\"Erlebnis Schweiz E-Bike Touren Velof. - Bantam Camping AG\",\"isPartOf\":{\"@id\":\"https:\\\/\\\/shop.bantam.ch\\\/de\\\/#website\"},\"primaryImageOfPage\":{\"@id\":\"https:\\\/\\\/shop.bantam.ch\\\/de\\\/produkt\\\/erlebnis-schweiz-e-bike-touren-velof\\\/#primaryimage\"},\"image\":{\"@id\":\"https:\\\/\\\/shop.bantam.ch\\\/de\\\/produkt\\\/erlebnis-schweiz-e-bike-touren-velof\\\/#primaryimage\"},\"thumbnailUrl\":\"https:\\\/\\\/shop.bantam.ch\\\/wp-content\\\/uploads\\\/2026\\\/03\\\/76326015.jpg\",\"datePublished\":\"2026-03-31T13:58:12+00:00\",\"dateModified\":\"2026-04-17T21:58:53+00:00\",\"breadcrumb\":{\"@id\":\"https:\\\/\\\/shop.bantam.ch\\\/de\\\/produkt\\\/erlebnis-schweiz-e-bike-touren-velof\\\/#breadcrumb\"},\"inLanguage\":\"de\",\"potentialAction\":[{\"@type\":\"ReadAction\",\"target\":[\"https:\\\/\\\/shop.bantam.ch\\\/de\\\/produkt\\\/erlebnis-schweiz-e-bike-touren-velof\\\/\"]}]},{\"@type\":\"ImageObject\",\"inLanguage\":\"de\",\"@id\":\"https:\\\/\\\/shop.bantam.ch\\\/de\\\/produkt\\\/erlebnis-schweiz-e-bike-touren-velof\\\/#primaryimage\",\"url\":\"https:\\\/\\\/shop.bantam.ch\\\/wp-content\\\/uploads\\\/2026\\\/03\\\/76326015.jpg\",\"contentUrl\":\"https:\\\/\\\/shop.bantam.ch\\\/wp-content\\\/uploads\\\/2026\\\/03\\\/76326015.jpg\",\"width\":120,\"height\":180},{\"@type\":\"BreadcrumbList\",\"@id\":\"https:\\\/\\\/shop.bantam.ch\\\/de\\\/produkt\\\/erlebnis-schweiz-e-bike-touren-velof\\\/#breadcrumb\",\"itemListElement\":[{\"@type\":\"ListItem\",\"position\":1,\"name\":\"Accueil\",\"item\":\"https:\\\/\\\/shop.bantam.ch\\\/de\\\/\"},{\"@type\":\"ListItem\",\"position\":2,\"name\":\"Shop\",\"item\":\"https:\\\/\\\/shop.bantam.ch\\\/de\\\/shop\\\/\"},{\"@type\":\"ListItem\",\"position\":3,\"name\":\"Erlebnis Schweiz E-Bike Touren Velof.\"}]},{\"@type\":\"WebSite\",\"@id\":\"https:\\\/\\\/shop.bantam.ch\\\/de\\\/#website\",\"url\":\"https:\\\/\\\/shop.bantam.ch\\\/de\\\/\",\"name\":\"Bantam Camping AG\",\"description\":\"\",\"publisher\":{\"@id\":\"https:\\\/\\\/shop.bantam.ch\\\/de\\\/#organization\"},\"inLanguage\":\"de\"},{\"@type\":\"Organization\",\"@id\":\"https:\\\/\\\/shop.bantam.ch\\\/de\\\/#organization\",\"name\":\"Bantam Camping AG\",\"url\":\"https:\\\/\\\/shop.bantam.ch\\\/de\\\/\",\"logo\":{\"@type\":\"ImageObject\",\"inLanguage\":\"de\",\"@id\":\"https:\\\/\\\/shop.bantam.ch\\\/de\\\/#\\\/schema\\\/logo\\\/image\\\/\",\"url\":\"https:\\\/\\\/shop.bantam.ch\\\/wp-content\\\/uploads\\\/2022\\\/12\\\/bantam-logo.png\",\"contentUrl\":\"https:\\\/\\\/shop.bantam.ch\\\/wp-content\\\/uploads\\\/2022\\\/12\\\/bantam-logo.png\",\"width\":320,\"height\":71,\"caption\":\"Bantam Camping AG\"},\"image\":{\"@id\":\"https:\\\/\\\/shop.bantam.ch\\\/de\\\/#\\\/schema\\\/logo\\\/image\\\/\"}}]}<\/script>\n<!-- \/ Yoast SEO plugin. -->","yoast_head_json":{"title":"Erlebnis Schweiz E-Bike Touren Velof. - Bantam Camping AG","robots":{"index":"index","follow":"follow","max-snippet":"max-snippet:-1","max-image-preview":"max-image-preview:large","max-video-preview":"max-video-preview:-1"},"canonical":"https:\/\/shop.bantam.ch\/de\/produkt\/erlebnis-schweiz-e-bike-touren-velof\/","og_locale":"de_DE","og_type":"article","og_title":"Erlebnis Schweiz E-Bike Touren Velof. - Bantam Camping AG","og_description":"E-BIKE-FANS kommen in diesem Band voll auf ihre Kosten. Mit 60 sorgf\u00e4ltig ausgew\u00e4hlten Routen durch die sch\u00f6nsten Regionen der Schweiz, ob gem\u00fctlich am Fluss oder herausfordernd in den Bergen, ist f\u00fcr jeden etwas dabei. Naturerlebnisse, kulturelle Highlights und regionale K\u00f6stlichkeiten machen jede Tour einzigartig.","og_url":"https:\/\/shop.bantam.ch\/de\/produkt\/erlebnis-schweiz-e-bike-touren-velof\/","og_site_name":"Bantam Camping AG","article_modified_time":"2026-04-17T21:58:53+00:00","og_image":[{"width":120,"height":180,"url":"https:\/\/shop.bantam.ch\/wp-content\/uploads\/2026\/03\/76326015.jpg","type":"image\/jpeg"}],"twitter_card":"summary_large_image","schema":{"@context":"https:\/\/schema.org","@graph":[{"@type":"WebPage","@id":"https:\/\/shop.bantam.ch\/de\/produkt\/erlebnis-schweiz-e-bike-touren-velof\/","url":"https:\/\/shop.bantam.ch\/de\/produkt\/erlebnis-schweiz-e-bike-touren-velof\/","name":"Erlebnis Schweiz E-Bike Touren Velof. - Bantam Camping AG","isPartOf":{"@id":"https:\/\/shop.bantam.ch\/de\/#website"},"primaryImageOfPage":{"@id":"https:\/\/shop.bantam.ch\/de\/produkt\/erlebnis-schweiz-e-bike-touren-velof\/#primaryimage"},"image":{"@id":"https:\/\/shop.bantam.ch\/de\/produkt\/erlebnis-schweiz-e-bike-touren-velof\/#primaryimage"},"thumbnailUrl":"https:\/\/shop.bantam.ch\/wp-content\/uploads\/2026\/03\/76326015.jpg","datePublished":"2026-03-31T13:58:12+00:00","dateModified":"2026-04-17T21:58:53+00:00","breadcrumb":{"@id":"https:\/\/shop.bantam.ch\/de\/produkt\/erlebnis-schweiz-e-bike-touren-velof\/#breadcrumb"},"inLanguage":"de","potentialAction":[{"@type":"ReadAction","target":["https:\/\/shop.bantam.ch\/de\/produkt\/erlebnis-schweiz-e-bike-touren-velof\/"]}]},{"@type":"ImageObject","inLanguage":"de","@id":"https:\/\/shop.bantam.ch\/de\/produkt\/erlebnis-schweiz-e-bike-touren-velof\/#primaryimage","url":"https:\/\/shop.bantam.ch\/wp-content\/uploads\/2026\/03\/76326015.jpg","contentUrl":"https:\/\/shop.bantam.ch\/wp-content\/uploads\/2026\/03\/76326015.jpg","width":120,"height":180},{"@type":"BreadcrumbList","@id":"https:\/\/shop.bantam.ch\/de\/produkt\/erlebnis-schweiz-e-bike-touren-velof\/#breadcrumb","itemListElement":[{"@type":"ListItem","position":1,"name":"Accueil","item":"https:\/\/shop.bantam.ch\/de\/"},{"@type":"ListItem","position":2,"name":"Shop","item":"https:\/\/shop.bantam.ch\/de\/shop\/"},{"@type":"ListItem","position":3,"name":"Erlebnis Schweiz E-Bike Touren Velof."}]},{"@type":"WebSite","@id":"https:\/\/shop.bantam.ch\/de\/#website","url":"https:\/\/shop.bantam.ch\/de\/","name":"Bantam Camping AG","description":"","publisher":{"@id":"https:\/\/shop.bantam.ch\/de\/#organization"},"inLanguage":"de"},{"@type":"Organization","@id":"https:\/\/shop.bantam.ch\/de\/#organization","name":"Bantam Camping AG","url":"https:\/\/shop.bantam.ch\/de\/","logo":{"@type":"ImageObject","inLanguage":"de","@id":"https:\/\/shop.bantam.ch\/de\/#\/schema\/logo\/image\/","url":"https:\/\/shop.bantam.ch\/wp-content\/uploads\/2022\/12\/bantam-logo.png","contentUrl":"https:\/\/shop.bantam.ch\/wp-content\/uploads\/2022\/12\/bantam-logo.png","width":320,"height":71,"caption":"Bantam Camping AG"},"image":{"@id":"https:\/\/shop.bantam.ch\/de\/#\/schema\/logo\/image\/"}}]}},"_links":{"self":[{"href":"https:\/\/shop.bantam.ch\/de\/wp-json\/wp\/v2\/product\/235329","targetHints":{"allow":["GET"]}}],"collection":[{"href":"https:\/\/shop.bantam.ch\/de\/wp-json\/wp\/v2\/product"}],"about":[{"href":"https:\/\/shop.bantam.ch\/de\/wp-json\/wp\/v2\/types\/product"}],"wp:featuredmedia":[{"embeddable":true,"href":"https:\/\/shop.bantam.ch\/de\/wp-json\/wp\/v2\/media\/235327"}],"wp:attachment":[{"href":"https:\/\/shop.bantam.ch\/de\/wp-json\/wp\/v2\/media?parent=235329"}],"wp:term":[{"taxonomy":"product_featured_cat","embeddable":true,"href":"https:\/\/shop.bantam.ch\/de\/wp-json\/wp\/v2\/product_featured_cat?post=235329"},{"taxonomy":"product_brand","embeddable":true,"href":"https:\/\/shop.bantam.ch\/de\/wp-json\/wp\/v2\/product_brand?post=235329"},{"taxonomy":"product_cat","embeddable":true,"href":"https:\/\/shop.bantam.ch\/de\/wp-json\/wp\/v2\/product_cat?post=235329"},{"taxonomy":"product_tag","embeddable":true,"href":"https:\/\/shop.bantam.ch\/de\/wp-json\/wp\/v2\/product_tag?post=235329"}],"curies":[{"name":"wp","href":"https:\/\/api.w.org\/{rel}","templated":true}]}}