{"id":235317,"date":"2026-03-31T15:48:29","date_gmt":"2026-03-31T13:48:29","guid":{"rendered":"https:\/\/shop.bantam.ch\/produit\/marco-polo-camper-guide\/"},"modified":"2026-05-10T23:57:59","modified_gmt":"2026-05-10T21:57:59","slug":"marco-polo-camper-guide","status":"publish","type":"product","link":"https:\/\/shop.bantam.ch\/de\/produkt\/marco-polo-camper-guide\/","title":{"rendered":"Marco Polo Camper Guide"},"content":{"rendered":"<p>Mit MARCO POLO unterwegs an der Ostseek\u00fcste &amp; Mecklenburgische Seenplatte: Ab ins Wohnmobil und raus in die Welt!Frischer Ostseewind und tausend Seen Blauer Himmel \u00fcber gelben Rapsfeldern, feinsandige Str\u00e4nde am windzerzausten Meer, kleine Fischerorte neben traditionsreichen Hafenst\u00e4dten: Die deutsche Ostseek\u00fcste ist jedes Erinnerungsfoto wert! In der Mecklenburgischen Seenplatte geh\u00f6rt dir die Natur fast schon allein. Hier planschst du jeden Tag in einem anderen Gew\u00e4sser oder erkundest das Land zwischen den Seen auf dem Fahrrad &#8211; mit MARCO POLO stellst du dir genau die Ostseek\u00fcste &amp; Mecklenburgische Seenplatte-Route zusammen, die dir gef\u00e4llt! Erlebe die tollsten Ausfl\u00fcgen, wichtigsten Sehensw\u00fcrdigkeiten und bekomme Regentipps f\u00fcr schlechtes Wetter, Restaurant- Empfehlungen f\u00fcr jeden Geschmack sowie Einkaufsadressen f\u00fcr die Womok\u00fcche und Souvenirs f\u00fcr Zuhause. Und auch f\u00fcr die Reise- und Routenplanung findest du alles Notwendige in deinem MARCO POLO Camper Guide Ostseek\u00fcste &amp; Mecklenburgische Seenplatte:- Die besten Stellpl\u00e4tze, Campingpl\u00e4tze und Insider-Tipps von unseren Autor:innen, die f\u00fcr dich on the road waren- Einfachste Routenplanung: 8 Touren zu den Highlights und zu weniger bekannten Stopps f\u00fcr dein individuelles Abenteuer- Perfekte Orientierung mit vielen \u00dcberblickskarten sowie GPS-Koordinaten- Touren-Download in Form eines GPX-Tracks zur einfachen Navigation- Rundum-Sorglos-Paket: Gut zu wissen-Infos, Camper-Packliste sowie Fahrzeugcheckliste- Mit Profi-Tipps und -Tricks von PaulCamper, den Experten f\u00fcr privates Campersharing Wissen, wo&#8217;s langgeht, mit dem MARCO POLO Camper Guide Ostseek\u00fcste &amp; Mecklenburgische Seenplatte!<\/p>\n","protected":false},"excerpt":{"rendered":"<p>Mit MARCO POLO unterwegs an der Ostseek\u00fcste &amp; Mecklenburgische Seenplatte: Ab ins Wohnmobil und raus in die Welt!Frischer Ostseewind und tausend Seen Blauer Himmel \u00fcber gelben Rapsfeldern, feinsandige Str\u00e4nde am windzerzausten Meer, kleine Fischerorte neben traditionsreichen Hafenst\u00e4dten: Die deutsche Ostseek\u00fcste ist jedes Erinnerungsfoto wert! In der Mecklenburgischen Seenplatte geh\u00f6rt dir die Natur fast schon allein. [&hellip;]<\/p>\n","protected":false},"featured_media":235315,"template":"","meta":{"_acf_changed":false},"product_featured_cat":[],"product_brand":[5364],"product_cat":[4352],"product_tag":[],"class_list":{"0":"post-235317","1":"product","2":"type-product","3":"status-publish","4":"has-post-thumbnail","6":"product_brand-marco-polo-de","7":"product_cat-reisefuehrer","9":"first","10":"instock","11":"taxable","12":"shipping-taxable","13":"purchasable","14":"product-type-simple"},"acf":[],"yoast_head":"<!-- This site is optimized with the Yoast SEO plugin v27.5 - https:\/\/yoast.com\/product\/yoast-seo-wordpress\/ -->\n<title>Marco Polo Camper Guide - Bantam<\/title>\n<meta name=\"robots\" content=\"index, follow, max-snippet:-1, max-image-preview:large, max-video-preview:-1\" \/>\n<link rel=\"canonical\" href=\"https:\/\/shop.bantam.ch\/de\/produkt\/marco-polo-camper-guide\/\" \/>\n<meta property=\"og:locale\" content=\"de_DE\" \/>\n<meta property=\"og:type\" content=\"article\" \/>\n<meta property=\"og:title\" content=\"Marco Polo Camper Guide - Bantam\" \/>\n<meta property=\"og:description\" content=\"Mit MARCO POLO unterwegs an der Ostseek\u00fcste &amp; Mecklenburgische Seenplatte: Ab ins Wohnmobil und raus in die Welt!Frischer Ostseewind und tausend Seen Blauer Himmel \u00fcber gelben Rapsfeldern, feinsandige Str\u00e4nde am windzerzausten Meer, kleine Fischerorte neben traditionsreichen Hafenst\u00e4dten: Die deutsche Ostseek\u00fcste ist jedes Erinnerungsfoto wert! In der Mecklenburgischen Seenplatte geh\u00f6rt dir die Natur fast schon allein. [&hellip;]\" \/>\n<meta property=\"og:url\" content=\"https:\/\/shop.bantam.ch\/de\/produkt\/marco-polo-camper-guide\/\" \/>\n<meta property=\"og:site_name\" content=\"Bantam\" \/>\n<meta property=\"article:modified_time\" content=\"2026-05-10T21:57:59+00:00\" \/>\n<meta property=\"og:image\" content=\"https:\/\/shop.bantam.ch\/wp-content\/uploads\/2026\/03\/76326011.jpg\" \/>\n\t<meta property=\"og:image:width\" content=\"127\" \/>\n\t<meta property=\"og:image:height\" content=\"180\" \/>\n\t<meta property=\"og:image:type\" content=\"image\/jpeg\" \/>\n<meta name=\"twitter:card\" content=\"summary_large_image\" \/>\n<meta name=\"twitter:label1\" content=\"Gesch\u00e4tzte Lesezeit\" \/>\n\t<meta name=\"twitter:data1\" content=\"1\u00a0Minute\" \/>\n<script type=\"application\/ld+json\" class=\"yoast-schema-graph\">{\"@context\":\"https:\\\/\\\/schema.org\",\"@graph\":[{\"@type\":\"WebPage\",\"@id\":\"https:\\\/\\\/shop.bantam.ch\\\/de\\\/produkt\\\/marco-polo-camper-guide\\\/\",\"url\":\"https:\\\/\\\/shop.bantam.ch\\\/de\\\/produkt\\\/marco-polo-camper-guide\\\/\",\"name\":\"Marco Polo Camper Guide - Bantam\",\"isPartOf\":{\"@id\":\"https:\\\/\\\/shop.bantam.ch\\\/de\\\/#website\"},\"primaryImageOfPage\":{\"@id\":\"https:\\\/\\\/shop.bantam.ch\\\/de\\\/produkt\\\/marco-polo-camper-guide\\\/#primaryimage\"},\"image\":{\"@id\":\"https:\\\/\\\/shop.bantam.ch\\\/de\\\/produkt\\\/marco-polo-camper-guide\\\/#primaryimage\"},\"thumbnailUrl\":\"https:\\\/\\\/shop.bantam.ch\\\/wp-content\\\/uploads\\\/2026\\\/03\\\/76326011.jpg\",\"datePublished\":\"2026-03-31T13:48:29+00:00\",\"dateModified\":\"2026-05-10T21:57:59+00:00\",\"breadcrumb\":{\"@id\":\"https:\\\/\\\/shop.bantam.ch\\\/de\\\/produkt\\\/marco-polo-camper-guide\\\/#breadcrumb\"},\"inLanguage\":\"de\",\"potentialAction\":[{\"@type\":\"ReadAction\",\"target\":[\"https:\\\/\\\/shop.bantam.ch\\\/de\\\/produkt\\\/marco-polo-camper-guide\\\/\"]}]},{\"@type\":\"ImageObject\",\"inLanguage\":\"de\",\"@id\":\"https:\\\/\\\/shop.bantam.ch\\\/de\\\/produkt\\\/marco-polo-camper-guide\\\/#primaryimage\",\"url\":\"https:\\\/\\\/shop.bantam.ch\\\/wp-content\\\/uploads\\\/2026\\\/03\\\/76326011.jpg\",\"contentUrl\":\"https:\\\/\\\/shop.bantam.ch\\\/wp-content\\\/uploads\\\/2026\\\/03\\\/76326011.jpg\",\"width\":127,\"height\":180},{\"@type\":\"BreadcrumbList\",\"@id\":\"https:\\\/\\\/shop.bantam.ch\\\/de\\\/produkt\\\/marco-polo-camper-guide\\\/#breadcrumb\",\"itemListElement\":[{\"@type\":\"ListItem\",\"position\":1,\"name\":\"Accueil\",\"item\":\"https:\\\/\\\/shop.bantam.ch\\\/de\\\/\"},{\"@type\":\"ListItem\",\"position\":2,\"name\":\"Shop\",\"item\":\"https:\\\/\\\/shop.bantam.ch\\\/de\\\/shop\\\/\"},{\"@type\":\"ListItem\",\"position\":3,\"name\":\"Marco Polo Camper Guide\"}]},{\"@type\":\"WebSite\",\"@id\":\"https:\\\/\\\/shop.bantam.ch\\\/de\\\/#website\",\"url\":\"https:\\\/\\\/shop.bantam.ch\\\/de\\\/\",\"name\":\"Bantam\",\"description\":\"\",\"publisher\":{\"@id\":\"https:\\\/\\\/shop.bantam.ch\\\/de\\\/#organization\"},\"inLanguage\":\"de\"},{\"@type\":\"Organization\",\"@id\":\"https:\\\/\\\/shop.bantam.ch\\\/de\\\/#organization\",\"name\":\"Bantam\",\"url\":\"https:\\\/\\\/shop.bantam.ch\\\/de\\\/\",\"logo\":{\"@type\":\"ImageObject\",\"inLanguage\":\"de\",\"@id\":\"https:\\\/\\\/shop.bantam.ch\\\/de\\\/#\\\/schema\\\/logo\\\/image\\\/\",\"url\":\"https:\\\/\\\/shop.bantam.ch\\\/wp-content\\\/uploads\\\/2022\\\/12\\\/bantam-logo.png\",\"contentUrl\":\"https:\\\/\\\/shop.bantam.ch\\\/wp-content\\\/uploads\\\/2022\\\/12\\\/bantam-logo.png\",\"width\":320,\"height\":71,\"caption\":\"Bantam\"},\"image\":{\"@id\":\"https:\\\/\\\/shop.bantam.ch\\\/de\\\/#\\\/schema\\\/logo\\\/image\\\/\"}}]}<\/script>\n<!-- \/ Yoast SEO plugin. -->","yoast_head_json":{"title":"Marco Polo Camper Guide - Bantam","robots":{"index":"index","follow":"follow","max-snippet":"max-snippet:-1","max-image-preview":"max-image-preview:large","max-video-preview":"max-video-preview:-1"},"canonical":"https:\/\/shop.bantam.ch\/de\/produkt\/marco-polo-camper-guide\/","og_locale":"de_DE","og_type":"article","og_title":"Marco Polo Camper Guide - Bantam","og_description":"Mit MARCO POLO unterwegs an der Ostseek\u00fcste &amp; Mecklenburgische Seenplatte: Ab ins Wohnmobil und raus in die Welt!Frischer Ostseewind und tausend Seen Blauer Himmel \u00fcber gelben Rapsfeldern, feinsandige Str\u00e4nde am windzerzausten Meer, kleine Fischerorte neben traditionsreichen Hafenst\u00e4dten: Die deutsche Ostseek\u00fcste ist jedes Erinnerungsfoto wert! In der Mecklenburgischen Seenplatte geh\u00f6rt dir die Natur fast schon allein. [&hellip;]","og_url":"https:\/\/shop.bantam.ch\/de\/produkt\/marco-polo-camper-guide\/","og_site_name":"Bantam","article_modified_time":"2026-05-10T21:57:59+00:00","og_image":[{"width":127,"height":180,"url":"https:\/\/shop.bantam.ch\/wp-content\/uploads\/2026\/03\/76326011.jpg","type":"image\/jpeg"}],"twitter_card":"summary_large_image","twitter_misc":{"Gesch\u00e4tzte Lesezeit":"1\u00a0Minute"},"schema":{"@context":"https:\/\/schema.org","@graph":[{"@type":"WebPage","@id":"https:\/\/shop.bantam.ch\/de\/produkt\/marco-polo-camper-guide\/","url":"https:\/\/shop.bantam.ch\/de\/produkt\/marco-polo-camper-guide\/","name":"Marco Polo Camper Guide - Bantam","isPartOf":{"@id":"https:\/\/shop.bantam.ch\/de\/#website"},"primaryImageOfPage":{"@id":"https:\/\/shop.bantam.ch\/de\/produkt\/marco-polo-camper-guide\/#primaryimage"},"image":{"@id":"https:\/\/shop.bantam.ch\/de\/produkt\/marco-polo-camper-guide\/#primaryimage"},"thumbnailUrl":"https:\/\/shop.bantam.ch\/wp-content\/uploads\/2026\/03\/76326011.jpg","datePublished":"2026-03-31T13:48:29+00:00","dateModified":"2026-05-10T21:57:59+00:00","breadcrumb":{"@id":"https:\/\/shop.bantam.ch\/de\/produkt\/marco-polo-camper-guide\/#breadcrumb"},"inLanguage":"de","potentialAction":[{"@type":"ReadAction","target":["https:\/\/shop.bantam.ch\/de\/produkt\/marco-polo-camper-guide\/"]}]},{"@type":"ImageObject","inLanguage":"de","@id":"https:\/\/shop.bantam.ch\/de\/produkt\/marco-polo-camper-guide\/#primaryimage","url":"https:\/\/shop.bantam.ch\/wp-content\/uploads\/2026\/03\/76326011.jpg","contentUrl":"https:\/\/shop.bantam.ch\/wp-content\/uploads\/2026\/03\/76326011.jpg","width":127,"height":180},{"@type":"BreadcrumbList","@id":"https:\/\/shop.bantam.ch\/de\/produkt\/marco-polo-camper-guide\/#breadcrumb","itemListElement":[{"@type":"ListItem","position":1,"name":"Accueil","item":"https:\/\/shop.bantam.ch\/de\/"},{"@type":"ListItem","position":2,"name":"Shop","item":"https:\/\/shop.bantam.ch\/de\/shop\/"},{"@type":"ListItem","position":3,"name":"Marco Polo Camper Guide"}]},{"@type":"WebSite","@id":"https:\/\/shop.bantam.ch\/de\/#website","url":"https:\/\/shop.bantam.ch\/de\/","name":"Bantam","description":"","publisher":{"@id":"https:\/\/shop.bantam.ch\/de\/#organization"},"inLanguage":"de"},{"@type":"Organization","@id":"https:\/\/shop.bantam.ch\/de\/#organization","name":"Bantam","url":"https:\/\/shop.bantam.ch\/de\/","logo":{"@type":"ImageObject","inLanguage":"de","@id":"https:\/\/shop.bantam.ch\/de\/#\/schema\/logo\/image\/","url":"https:\/\/shop.bantam.ch\/wp-content\/uploads\/2022\/12\/bantam-logo.png","contentUrl":"https:\/\/shop.bantam.ch\/wp-content\/uploads\/2022\/12\/bantam-logo.png","width":320,"height":71,"caption":"Bantam"},"image":{"@id":"https:\/\/shop.bantam.ch\/de\/#\/schema\/logo\/image\/"}}]}},"_links":{"self":[{"href":"https:\/\/shop.bantam.ch\/de\/wp-json\/wp\/v2\/product\/235317","targetHints":{"allow":["GET"]}}],"collection":[{"href":"https:\/\/shop.bantam.ch\/de\/wp-json\/wp\/v2\/product"}],"about":[{"href":"https:\/\/shop.bantam.ch\/de\/wp-json\/wp\/v2\/types\/product"}],"wp:featuredmedia":[{"embeddable":true,"href":"https:\/\/shop.bantam.ch\/de\/wp-json\/wp\/v2\/media\/235315"}],"wp:attachment":[{"href":"https:\/\/shop.bantam.ch\/de\/wp-json\/wp\/v2\/media?parent=235317"}],"wp:term":[{"taxonomy":"product_featured_cat","embeddable":true,"href":"https:\/\/shop.bantam.ch\/de\/wp-json\/wp\/v2\/product_featured_cat?post=235317"},{"taxonomy":"product_brand","embeddable":true,"href":"https:\/\/shop.bantam.ch\/de\/wp-json\/wp\/v2\/product_brand?post=235317"},{"taxonomy":"product_cat","embeddable":true,"href":"https:\/\/shop.bantam.ch\/de\/wp-json\/wp\/v2\/product_cat?post=235317"},{"taxonomy":"product_tag","embeddable":true,"href":"https:\/\/shop.bantam.ch\/de\/wp-json\/wp\/v2\/product_tag?post=235317"}],"curies":[{"name":"wp","href":"https:\/\/api.w.org\/{rel}","templated":true}]}}