{"id":235114,"date":"2026-03-21T16:42:11","date_gmt":"2026-03-21T15:42:11","guid":{"rendered":"https:\/\/shop.bantam.ch\/produit\/abdeckhaube-deluxe-o-47-cm-grills-carri-chef-50\/"},"modified":"2026-04-17T23:58:46","modified_gmt":"2026-04-17T21:58:46","slug":"abdeckhaube-deluxe-o-47-cm-grills-carri-chef-50","status":"publish","type":"product","link":"https:\/\/shop.bantam.ch\/de\/produkt\/abdeckhaube-deluxe-o-47-cm-grills-carri-chef-50\/","title":{"rendered":"Abdeckhaube Deluxe \u00d8 47 cm Grills (Carri Chef 50)"},"content":{"rendered":"<p>Sch\u00fctzen Sie Ihren CADAC Campinggrill mit \u00d8 47 cm (z.B. Carri Chef 50) vor Witterungseinfl\u00fcssen und anderen Verschmutzungen. Die CADAC Abdeckhaube bietet hier einen optimalen Schutz und kann mit einem Kordelverschluss einfach fixiert werden. CADAC Abdeckhaube f\u00fcr \u00d8 47 cm Grills aus strapazierf\u00e4higem, wasserabweisendem Vinyl. Die strapazierf\u00e4hige Schutzhaube ist aus wasserabweisendem, UV-best\u00e4ndigem Vinyl gefertigt. Sie bedeckt den gesamten Grill und sorgt so f\u00fcr eine l\u00e4ngere Lebensdauer Ihres Campinggrills. Die Haube besitzt an der Oberseite einen praktischen Griff f\u00fcr ein leichtes Abnehmen.<\/p>\n","protected":false},"excerpt":{"rendered":"<p>Sch\u00fctzen Sie Ihren CADAC Campinggrill mit \u00d8 47 cm (z.B. Carri Chef 50) vor Witterungseinfl\u00fcssen und anderen Verschmutzungen. Die CADAC Abdeckhaube bietet hier einen optimalen Schutz und kann mit einem Kordelverschluss einfach fixiert werden. CADAC Abdeckhaube f\u00fcr \u00d8 47 cm Grills aus strapazierf\u00e4higem, wasserabweisendem Vinyl. Die strapazierf\u00e4hige Schutzhaube ist aus wasserabweisendem, UV-best\u00e4ndigem Vinyl gefertigt. Sie [&hellip;]<\/p>\n","protected":false},"featured_media":235112,"template":"","meta":{"_acf_changed":false},"product_featured_cat":[],"product_brand":[3669],"product_cat":[4340],"product_tag":[],"class_list":{"0":"post-235114","1":"product","2":"type-product","3":"status-publish","4":"has-post-thumbnail","6":"product_brand-cadac-de","7":"product_cat-grillzubehoer","9":"first","10":"instock","11":"taxable","12":"shipping-taxable","13":"purchasable","14":"product-type-simple"},"acf":[],"yoast_head":"<!-- This site is optimized with the Yoast SEO plugin v27.4 - https:\/\/yoast.com\/product\/yoast-seo-wordpress\/ -->\n<title>Abdeckhaube Deluxe \u00d8 47 cm Grills (Carri Chef 50) - Bantam Camping AG<\/title>\n<meta name=\"robots\" content=\"index, follow, max-snippet:-1, max-image-preview:large, max-video-preview:-1\" \/>\n<link rel=\"canonical\" href=\"https:\/\/shop.bantam.ch\/de\/produkt\/abdeckhaube-deluxe-o-47-cm-grills-carri-chef-50\/\" \/>\n<meta property=\"og:locale\" content=\"de_DE\" \/>\n<meta property=\"og:type\" content=\"article\" \/>\n<meta property=\"og:title\" content=\"Abdeckhaube Deluxe \u00d8 47 cm Grills (Carri Chef 50) - Bantam Camping AG\" \/>\n<meta property=\"og:description\" content=\"Sch\u00fctzen Sie Ihren CADAC Campinggrill mit \u00d8 47 cm (z.B. Carri Chef 50) vor Witterungseinfl\u00fcssen und anderen Verschmutzungen. Die CADAC Abdeckhaube bietet hier einen optimalen Schutz und kann mit einem Kordelverschluss einfach fixiert werden. CADAC Abdeckhaube f\u00fcr \u00d8 47 cm Grills aus strapazierf\u00e4higem, wasserabweisendem Vinyl. Die strapazierf\u00e4hige Schutzhaube ist aus wasserabweisendem, UV-best\u00e4ndigem Vinyl gefertigt. Sie [&hellip;]\" \/>\n<meta property=\"og:url\" content=\"https:\/\/shop.bantam.ch\/de\/produkt\/abdeckhaube-deluxe-o-47-cm-grills-carri-chef-50\/\" \/>\n<meta property=\"og:site_name\" content=\"Bantam Camping AG\" \/>\n<meta property=\"article:modified_time\" content=\"2026-04-17T21:58:46+00:00\" \/>\n<meta property=\"og:image\" content=\"https:\/\/shop.bantam.ch\/wp-content\/uploads\/2026\/03\/9933729.jpg\" \/>\n\t<meta property=\"og:image:width\" content=\"641\" \/>\n\t<meta property=\"og:image:height\" content=\"800\" \/>\n\t<meta property=\"og:image:type\" content=\"image\/jpeg\" \/>\n<meta name=\"twitter:card\" content=\"summary_large_image\" \/>\n<script type=\"application\/ld+json\" class=\"yoast-schema-graph\">{\"@context\":\"https:\\\/\\\/schema.org\",\"@graph\":[{\"@type\":\"WebPage\",\"@id\":\"https:\\\/\\\/shop.bantam.ch\\\/de\\\/produkt\\\/abdeckhaube-deluxe-o-47-cm-grills-carri-chef-50\\\/\",\"url\":\"https:\\\/\\\/shop.bantam.ch\\\/de\\\/produkt\\\/abdeckhaube-deluxe-o-47-cm-grills-carri-chef-50\\\/\",\"name\":\"Abdeckhaube Deluxe \u00d8 47 cm Grills (Carri Chef 50) - Bantam Camping AG\",\"isPartOf\":{\"@id\":\"https:\\\/\\\/shop.bantam.ch\\\/de\\\/#website\"},\"primaryImageOfPage\":{\"@id\":\"https:\\\/\\\/shop.bantam.ch\\\/de\\\/produkt\\\/abdeckhaube-deluxe-o-47-cm-grills-carri-chef-50\\\/#primaryimage\"},\"image\":{\"@id\":\"https:\\\/\\\/shop.bantam.ch\\\/de\\\/produkt\\\/abdeckhaube-deluxe-o-47-cm-grills-carri-chef-50\\\/#primaryimage\"},\"thumbnailUrl\":\"https:\\\/\\\/shop.bantam.ch\\\/wp-content\\\/uploads\\\/2026\\\/03\\\/9933729.jpg\",\"datePublished\":\"2026-03-21T15:42:11+00:00\",\"dateModified\":\"2026-04-17T21:58:46+00:00\",\"breadcrumb\":{\"@id\":\"https:\\\/\\\/shop.bantam.ch\\\/de\\\/produkt\\\/abdeckhaube-deluxe-o-47-cm-grills-carri-chef-50\\\/#breadcrumb\"},\"inLanguage\":\"de\",\"potentialAction\":[{\"@type\":\"ReadAction\",\"target\":[\"https:\\\/\\\/shop.bantam.ch\\\/de\\\/produkt\\\/abdeckhaube-deluxe-o-47-cm-grills-carri-chef-50\\\/\"]}]},{\"@type\":\"ImageObject\",\"inLanguage\":\"de\",\"@id\":\"https:\\\/\\\/shop.bantam.ch\\\/de\\\/produkt\\\/abdeckhaube-deluxe-o-47-cm-grills-carri-chef-50\\\/#primaryimage\",\"url\":\"https:\\\/\\\/shop.bantam.ch\\\/wp-content\\\/uploads\\\/2026\\\/03\\\/9933729.jpg\",\"contentUrl\":\"https:\\\/\\\/shop.bantam.ch\\\/wp-content\\\/uploads\\\/2026\\\/03\\\/9933729.jpg\",\"width\":641,\"height\":800},{\"@type\":\"BreadcrumbList\",\"@id\":\"https:\\\/\\\/shop.bantam.ch\\\/de\\\/produkt\\\/abdeckhaube-deluxe-o-47-cm-grills-carri-chef-50\\\/#breadcrumb\",\"itemListElement\":[{\"@type\":\"ListItem\",\"position\":1,\"name\":\"Accueil\",\"item\":\"https:\\\/\\\/shop.bantam.ch\\\/de\\\/\"},{\"@type\":\"ListItem\",\"position\":2,\"name\":\"Shop\",\"item\":\"https:\\\/\\\/shop.bantam.ch\\\/de\\\/shop\\\/\"},{\"@type\":\"ListItem\",\"position\":3,\"name\":\"Abdeckhaube Deluxe \u00d8 47 cm Grills (Carri Chef 50)\"}]},{\"@type\":\"WebSite\",\"@id\":\"https:\\\/\\\/shop.bantam.ch\\\/de\\\/#website\",\"url\":\"https:\\\/\\\/shop.bantam.ch\\\/de\\\/\",\"name\":\"Bantam Camping AG\",\"description\":\"\",\"publisher\":{\"@id\":\"https:\\\/\\\/shop.bantam.ch\\\/de\\\/#organization\"},\"inLanguage\":\"de\"},{\"@type\":\"Organization\",\"@id\":\"https:\\\/\\\/shop.bantam.ch\\\/de\\\/#organization\",\"name\":\"Bantam Camping AG\",\"url\":\"https:\\\/\\\/shop.bantam.ch\\\/de\\\/\",\"logo\":{\"@type\":\"ImageObject\",\"inLanguage\":\"de\",\"@id\":\"https:\\\/\\\/shop.bantam.ch\\\/de\\\/#\\\/schema\\\/logo\\\/image\\\/\",\"url\":\"https:\\\/\\\/shop.bantam.ch\\\/wp-content\\\/uploads\\\/2022\\\/12\\\/bantam-logo.png\",\"contentUrl\":\"https:\\\/\\\/shop.bantam.ch\\\/wp-content\\\/uploads\\\/2022\\\/12\\\/bantam-logo.png\",\"width\":320,\"height\":71,\"caption\":\"Bantam Camping AG\"},\"image\":{\"@id\":\"https:\\\/\\\/shop.bantam.ch\\\/de\\\/#\\\/schema\\\/logo\\\/image\\\/\"}}]}<\/script>\n<!-- \/ Yoast SEO plugin. -->","yoast_head_json":{"title":"Abdeckhaube Deluxe \u00d8 47 cm Grills (Carri Chef 50) - Bantam Camping AG","robots":{"index":"index","follow":"follow","max-snippet":"max-snippet:-1","max-image-preview":"max-image-preview:large","max-video-preview":"max-video-preview:-1"},"canonical":"https:\/\/shop.bantam.ch\/de\/produkt\/abdeckhaube-deluxe-o-47-cm-grills-carri-chef-50\/","og_locale":"de_DE","og_type":"article","og_title":"Abdeckhaube Deluxe \u00d8 47 cm Grills (Carri Chef 50) - Bantam Camping AG","og_description":"Sch\u00fctzen Sie Ihren CADAC Campinggrill mit \u00d8 47 cm (z.B. Carri Chef 50) vor Witterungseinfl\u00fcssen und anderen Verschmutzungen. Die CADAC Abdeckhaube bietet hier einen optimalen Schutz und kann mit einem Kordelverschluss einfach fixiert werden. CADAC Abdeckhaube f\u00fcr \u00d8 47 cm Grills aus strapazierf\u00e4higem, wasserabweisendem Vinyl. Die strapazierf\u00e4hige Schutzhaube ist aus wasserabweisendem, UV-best\u00e4ndigem Vinyl gefertigt. Sie [&hellip;]","og_url":"https:\/\/shop.bantam.ch\/de\/produkt\/abdeckhaube-deluxe-o-47-cm-grills-carri-chef-50\/","og_site_name":"Bantam Camping AG","article_modified_time":"2026-04-17T21:58:46+00:00","og_image":[{"width":641,"height":800,"url":"https:\/\/shop.bantam.ch\/wp-content\/uploads\/2026\/03\/9933729.jpg","type":"image\/jpeg"}],"twitter_card":"summary_large_image","schema":{"@context":"https:\/\/schema.org","@graph":[{"@type":"WebPage","@id":"https:\/\/shop.bantam.ch\/de\/produkt\/abdeckhaube-deluxe-o-47-cm-grills-carri-chef-50\/","url":"https:\/\/shop.bantam.ch\/de\/produkt\/abdeckhaube-deluxe-o-47-cm-grills-carri-chef-50\/","name":"Abdeckhaube Deluxe \u00d8 47 cm Grills (Carri Chef 50) - Bantam Camping AG","isPartOf":{"@id":"https:\/\/shop.bantam.ch\/de\/#website"},"primaryImageOfPage":{"@id":"https:\/\/shop.bantam.ch\/de\/produkt\/abdeckhaube-deluxe-o-47-cm-grills-carri-chef-50\/#primaryimage"},"image":{"@id":"https:\/\/shop.bantam.ch\/de\/produkt\/abdeckhaube-deluxe-o-47-cm-grills-carri-chef-50\/#primaryimage"},"thumbnailUrl":"https:\/\/shop.bantam.ch\/wp-content\/uploads\/2026\/03\/9933729.jpg","datePublished":"2026-03-21T15:42:11+00:00","dateModified":"2026-04-17T21:58:46+00:00","breadcrumb":{"@id":"https:\/\/shop.bantam.ch\/de\/produkt\/abdeckhaube-deluxe-o-47-cm-grills-carri-chef-50\/#breadcrumb"},"inLanguage":"de","potentialAction":[{"@type":"ReadAction","target":["https:\/\/shop.bantam.ch\/de\/produkt\/abdeckhaube-deluxe-o-47-cm-grills-carri-chef-50\/"]}]},{"@type":"ImageObject","inLanguage":"de","@id":"https:\/\/shop.bantam.ch\/de\/produkt\/abdeckhaube-deluxe-o-47-cm-grills-carri-chef-50\/#primaryimage","url":"https:\/\/shop.bantam.ch\/wp-content\/uploads\/2026\/03\/9933729.jpg","contentUrl":"https:\/\/shop.bantam.ch\/wp-content\/uploads\/2026\/03\/9933729.jpg","width":641,"height":800},{"@type":"BreadcrumbList","@id":"https:\/\/shop.bantam.ch\/de\/produkt\/abdeckhaube-deluxe-o-47-cm-grills-carri-chef-50\/#breadcrumb","itemListElement":[{"@type":"ListItem","position":1,"name":"Accueil","item":"https:\/\/shop.bantam.ch\/de\/"},{"@type":"ListItem","position":2,"name":"Shop","item":"https:\/\/shop.bantam.ch\/de\/shop\/"},{"@type":"ListItem","position":3,"name":"Abdeckhaube Deluxe \u00d8 47 cm Grills (Carri Chef 50)"}]},{"@type":"WebSite","@id":"https:\/\/shop.bantam.ch\/de\/#website","url":"https:\/\/shop.bantam.ch\/de\/","name":"Bantam Camping AG","description":"","publisher":{"@id":"https:\/\/shop.bantam.ch\/de\/#organization"},"inLanguage":"de"},{"@type":"Organization","@id":"https:\/\/shop.bantam.ch\/de\/#organization","name":"Bantam Camping AG","url":"https:\/\/shop.bantam.ch\/de\/","logo":{"@type":"ImageObject","inLanguage":"de","@id":"https:\/\/shop.bantam.ch\/de\/#\/schema\/logo\/image\/","url":"https:\/\/shop.bantam.ch\/wp-content\/uploads\/2022\/12\/bantam-logo.png","contentUrl":"https:\/\/shop.bantam.ch\/wp-content\/uploads\/2022\/12\/bantam-logo.png","width":320,"height":71,"caption":"Bantam Camping AG"},"image":{"@id":"https:\/\/shop.bantam.ch\/de\/#\/schema\/logo\/image\/"}}]}},"_links":{"self":[{"href":"https:\/\/shop.bantam.ch\/de\/wp-json\/wp\/v2\/product\/235114","targetHints":{"allow":["GET"]}}],"collection":[{"href":"https:\/\/shop.bantam.ch\/de\/wp-json\/wp\/v2\/product"}],"about":[{"href":"https:\/\/shop.bantam.ch\/de\/wp-json\/wp\/v2\/types\/product"}],"wp:featuredmedia":[{"embeddable":true,"href":"https:\/\/shop.bantam.ch\/de\/wp-json\/wp\/v2\/media\/235112"}],"wp:attachment":[{"href":"https:\/\/shop.bantam.ch\/de\/wp-json\/wp\/v2\/media?parent=235114"}],"wp:term":[{"taxonomy":"product_featured_cat","embeddable":true,"href":"https:\/\/shop.bantam.ch\/de\/wp-json\/wp\/v2\/product_featured_cat?post=235114"},{"taxonomy":"product_brand","embeddable":true,"href":"https:\/\/shop.bantam.ch\/de\/wp-json\/wp\/v2\/product_brand?post=235114"},{"taxonomy":"product_cat","embeddable":true,"href":"https:\/\/shop.bantam.ch\/de\/wp-json\/wp\/v2\/product_cat?post=235114"},{"taxonomy":"product_tag","embeddable":true,"href":"https:\/\/shop.bantam.ch\/de\/wp-json\/wp\/v2\/product_tag?post=235114"}],"curies":[{"name":"wp","href":"https:\/\/api.w.org\/{rel}","templated":true}]}}