{"id":234985,"date":"2026-03-20T09:57:55","date_gmt":"2026-03-20T08:57:55","guid":{"rendered":"https:\/\/shop.bantam.ch\/produit\/tragbare-toilette-cinderella-travel-gas\/"},"modified":"2026-04-19T00:02:09","modified_gmt":"2026-04-18T22:02:09","slug":"tragbare-toilette-cinderella-travel-gas","status":"publish","type":"product","link":"https:\/\/shop.bantam.ch\/de\/produkt\/tragbare-toilette-cinderella-travel-gas\/","title":{"rendered":"Tragbare Toilette Cinderella Travel Gas"},"content":{"rendered":"<p>Die Cinderella Travel Gas ist eine Toilettenl\u00f6sung, die speziell f\u00fcr Wohnmobile, Wohnwagen und Freizeitboote entwickelt wurde. Sie stellt eine v\u00f6llig neue Art dar, die Abfallentsorgung zu betrachten. Die Toiletten werden in Norwegen hergestellt und sind bekannt f\u00fcr ihre lange Lebensdauer, hohe Qualit\u00e4t, gro\u00dfe Kapazit\u00e4t sowie ihr langlebiges und umweltfreundliches Design. Zudem \u00fcberzeugen sie durch ihre Leistung ohne sch\u00e4dliche Emissionen. Mit Cinderella Travel ist es hygienisch und einfach, Toilettenabf\u00e4lle verantwortungsvoll zu entsorgen \u2013 sowohl unterwegs als auch auf dem Wasser. Die Cinderella Travel Gas wurde 2013 eingef\u00fchrt und ist eine Weiterentwicklung der beliebten Verbrennungstoiletten von Cinderella, die es bereits seit 1997 gibt.<br \/>\nDie umweltfreundliche Travel-Version ben\u00f6tigt keinen Stromanschluss und funktioniert ausschlie\u00dflich mit Propan sowie einer 12V-Steuerspannung.<\/p>\n","protected":false},"excerpt":{"rendered":"<p>Die Cinderella Travel Gas ist eine Toilettenl\u00f6sung, die speziell f\u00fcr Wohnmobile, Wohnwagen und Freizeitboote entwickelt wurde. Sie stellt eine v\u00f6llig neue Art dar, die Abfallentsorgung zu betrachten. Die Toiletten werden in Norwegen hergestellt und sind bekannt f\u00fcr ihre lange Lebensdauer, hohe Qualit\u00e4t, gro\u00dfe Kapazit\u00e4t sowie ihr langlebiges und umweltfreundliches Design. Zudem \u00fcberzeugen sie durch ihre [&hellip;]<\/p>\n","protected":false},"featured_media":234979,"template":"","meta":{"_acf_changed":false},"product_featured_cat":[],"product_brand":[5380],"product_cat":[4594],"product_tag":[],"class_list":{"0":"post-234985","1":"product","2":"type-product","3":"status-publish","4":"has-post-thumbnail","6":"product_brand-cinderella-de","7":"product_cat-eimertoiletten","9":"first","10":"instock","11":"taxable","12":"shipping-taxable","13":"purchasable","14":"product-type-simple"},"acf":[],"yoast_head":"<!-- This site is optimized with the Yoast SEO plugin v27.4 - https:\/\/yoast.com\/product\/yoast-seo-wordpress\/ -->\n<title>Tragbare Toilette Cinderella Travel Gas - Bantam Camping AG<\/title>\n<meta name=\"robots\" content=\"index, follow, max-snippet:-1, max-image-preview:large, max-video-preview:-1\" \/>\n<link rel=\"canonical\" href=\"https:\/\/shop.bantam.ch\/de\/produkt\/tragbare-toilette-cinderella-travel-gas\/\" \/>\n<meta property=\"og:locale\" content=\"de_DE\" \/>\n<meta property=\"og:type\" content=\"article\" \/>\n<meta property=\"og:title\" content=\"Tragbare Toilette Cinderella Travel Gas - Bantam Camping AG\" \/>\n<meta property=\"og:description\" content=\"Die Cinderella Travel Gas ist eine Toilettenl\u00f6sung, die speziell f\u00fcr Wohnmobile, Wohnwagen und Freizeitboote entwickelt wurde. Sie stellt eine v\u00f6llig neue Art dar, die Abfallentsorgung zu betrachten. Die Toiletten werden in Norwegen hergestellt und sind bekannt f\u00fcr ihre lange Lebensdauer, hohe Qualit\u00e4t, gro\u00dfe Kapazit\u00e4t sowie ihr langlebiges und umweltfreundliches Design. Zudem \u00fcberzeugen sie durch ihre [&hellip;]\" \/>\n<meta property=\"og:url\" content=\"https:\/\/shop.bantam.ch\/de\/produkt\/tragbare-toilette-cinderella-travel-gas\/\" \/>\n<meta property=\"og:site_name\" content=\"Bantam Camping AG\" \/>\n<meta property=\"article:modified_time\" content=\"2026-04-18T22:02:09+00:00\" \/>\n<meta property=\"og:image\" content=\"https:\/\/shop.bantam.ch\/wp-content\/uploads\/2026\/03\/20025045.jpg\" \/>\n\t<meta property=\"og:image:width\" content=\"800\" \/>\n\t<meta property=\"og:image:height\" content=\"800\" \/>\n\t<meta property=\"og:image:type\" content=\"image\/jpeg\" \/>\n<meta name=\"twitter:card\" content=\"summary_large_image\" \/>\n<meta name=\"twitter:label1\" content=\"Gesch\u00e4tzte Lesezeit\" \/>\n\t<meta name=\"twitter:data1\" content=\"1\u00a0Minute\" \/>\n<script type=\"application\/ld+json\" class=\"yoast-schema-graph\">{\"@context\":\"https:\\\/\\\/schema.org\",\"@graph\":[{\"@type\":\"WebPage\",\"@id\":\"https:\\\/\\\/shop.bantam.ch\\\/de\\\/produkt\\\/tragbare-toilette-cinderella-travel-gas\\\/\",\"url\":\"https:\\\/\\\/shop.bantam.ch\\\/de\\\/produkt\\\/tragbare-toilette-cinderella-travel-gas\\\/\",\"name\":\"Tragbare Toilette Cinderella Travel Gas - Bantam Camping AG\",\"isPartOf\":{\"@id\":\"https:\\\/\\\/shop.bantam.ch\\\/de\\\/#website\"},\"primaryImageOfPage\":{\"@id\":\"https:\\\/\\\/shop.bantam.ch\\\/de\\\/produkt\\\/tragbare-toilette-cinderella-travel-gas\\\/#primaryimage\"},\"image\":{\"@id\":\"https:\\\/\\\/shop.bantam.ch\\\/de\\\/produkt\\\/tragbare-toilette-cinderella-travel-gas\\\/#primaryimage\"},\"thumbnailUrl\":\"https:\\\/\\\/shop.bantam.ch\\\/wp-content\\\/uploads\\\/2026\\\/03\\\/20025045.jpg\",\"datePublished\":\"2026-03-20T08:57:55+00:00\",\"dateModified\":\"2026-04-18T22:02:09+00:00\",\"breadcrumb\":{\"@id\":\"https:\\\/\\\/shop.bantam.ch\\\/de\\\/produkt\\\/tragbare-toilette-cinderella-travel-gas\\\/#breadcrumb\"},\"inLanguage\":\"de\",\"potentialAction\":[{\"@type\":\"ReadAction\",\"target\":[\"https:\\\/\\\/shop.bantam.ch\\\/de\\\/produkt\\\/tragbare-toilette-cinderella-travel-gas\\\/\"]}]},{\"@type\":\"ImageObject\",\"inLanguage\":\"de\",\"@id\":\"https:\\\/\\\/shop.bantam.ch\\\/de\\\/produkt\\\/tragbare-toilette-cinderella-travel-gas\\\/#primaryimage\",\"url\":\"https:\\\/\\\/shop.bantam.ch\\\/wp-content\\\/uploads\\\/2026\\\/03\\\/20025045.jpg\",\"contentUrl\":\"https:\\\/\\\/shop.bantam.ch\\\/wp-content\\\/uploads\\\/2026\\\/03\\\/20025045.jpg\",\"width\":800,\"height\":800},{\"@type\":\"BreadcrumbList\",\"@id\":\"https:\\\/\\\/shop.bantam.ch\\\/de\\\/produkt\\\/tragbare-toilette-cinderella-travel-gas\\\/#breadcrumb\",\"itemListElement\":[{\"@type\":\"ListItem\",\"position\":1,\"name\":\"Accueil\",\"item\":\"https:\\\/\\\/shop.bantam.ch\\\/de\\\/\"},{\"@type\":\"ListItem\",\"position\":2,\"name\":\"Shop\",\"item\":\"https:\\\/\\\/shop.bantam.ch\\\/de\\\/shop\\\/\"},{\"@type\":\"ListItem\",\"position\":3,\"name\":\"Tragbare Toilette Cinderella Travel Gas\"}]},{\"@type\":\"WebSite\",\"@id\":\"https:\\\/\\\/shop.bantam.ch\\\/de\\\/#website\",\"url\":\"https:\\\/\\\/shop.bantam.ch\\\/de\\\/\",\"name\":\"Bantam Camping AG\",\"description\":\"\",\"publisher\":{\"@id\":\"https:\\\/\\\/shop.bantam.ch\\\/de\\\/#organization\"},\"inLanguage\":\"de\"},{\"@type\":\"Organization\",\"@id\":\"https:\\\/\\\/shop.bantam.ch\\\/de\\\/#organization\",\"name\":\"Bantam Camping AG\",\"url\":\"https:\\\/\\\/shop.bantam.ch\\\/de\\\/\",\"logo\":{\"@type\":\"ImageObject\",\"inLanguage\":\"de\",\"@id\":\"https:\\\/\\\/shop.bantam.ch\\\/de\\\/#\\\/schema\\\/logo\\\/image\\\/\",\"url\":\"https:\\\/\\\/shop.bantam.ch\\\/wp-content\\\/uploads\\\/2022\\\/12\\\/bantam-logo.png\",\"contentUrl\":\"https:\\\/\\\/shop.bantam.ch\\\/wp-content\\\/uploads\\\/2022\\\/12\\\/bantam-logo.png\",\"width\":320,\"height\":71,\"caption\":\"Bantam Camping AG\"},\"image\":{\"@id\":\"https:\\\/\\\/shop.bantam.ch\\\/de\\\/#\\\/schema\\\/logo\\\/image\\\/\"}}]}<\/script>\n<!-- \/ Yoast SEO plugin. -->","yoast_head_json":{"title":"Tragbare Toilette Cinderella Travel Gas - Bantam Camping AG","robots":{"index":"index","follow":"follow","max-snippet":"max-snippet:-1","max-image-preview":"max-image-preview:large","max-video-preview":"max-video-preview:-1"},"canonical":"https:\/\/shop.bantam.ch\/de\/produkt\/tragbare-toilette-cinderella-travel-gas\/","og_locale":"de_DE","og_type":"article","og_title":"Tragbare Toilette Cinderella Travel Gas - Bantam Camping AG","og_description":"Die Cinderella Travel Gas ist eine Toilettenl\u00f6sung, die speziell f\u00fcr Wohnmobile, Wohnwagen und Freizeitboote entwickelt wurde. Sie stellt eine v\u00f6llig neue Art dar, die Abfallentsorgung zu betrachten. Die Toiletten werden in Norwegen hergestellt und sind bekannt f\u00fcr ihre lange Lebensdauer, hohe Qualit\u00e4t, gro\u00dfe Kapazit\u00e4t sowie ihr langlebiges und umweltfreundliches Design. Zudem \u00fcberzeugen sie durch ihre [&hellip;]","og_url":"https:\/\/shop.bantam.ch\/de\/produkt\/tragbare-toilette-cinderella-travel-gas\/","og_site_name":"Bantam Camping AG","article_modified_time":"2026-04-18T22:02:09+00:00","og_image":[{"width":800,"height":800,"url":"https:\/\/shop.bantam.ch\/wp-content\/uploads\/2026\/03\/20025045.jpg","type":"image\/jpeg"}],"twitter_card":"summary_large_image","twitter_misc":{"Gesch\u00e4tzte Lesezeit":"1\u00a0Minute"},"schema":{"@context":"https:\/\/schema.org","@graph":[{"@type":"WebPage","@id":"https:\/\/shop.bantam.ch\/de\/produkt\/tragbare-toilette-cinderella-travel-gas\/","url":"https:\/\/shop.bantam.ch\/de\/produkt\/tragbare-toilette-cinderella-travel-gas\/","name":"Tragbare Toilette Cinderella Travel Gas - Bantam Camping AG","isPartOf":{"@id":"https:\/\/shop.bantam.ch\/de\/#website"},"primaryImageOfPage":{"@id":"https:\/\/shop.bantam.ch\/de\/produkt\/tragbare-toilette-cinderella-travel-gas\/#primaryimage"},"image":{"@id":"https:\/\/shop.bantam.ch\/de\/produkt\/tragbare-toilette-cinderella-travel-gas\/#primaryimage"},"thumbnailUrl":"https:\/\/shop.bantam.ch\/wp-content\/uploads\/2026\/03\/20025045.jpg","datePublished":"2026-03-20T08:57:55+00:00","dateModified":"2026-04-18T22:02:09+00:00","breadcrumb":{"@id":"https:\/\/shop.bantam.ch\/de\/produkt\/tragbare-toilette-cinderella-travel-gas\/#breadcrumb"},"inLanguage":"de","potentialAction":[{"@type":"ReadAction","target":["https:\/\/shop.bantam.ch\/de\/produkt\/tragbare-toilette-cinderella-travel-gas\/"]}]},{"@type":"ImageObject","inLanguage":"de","@id":"https:\/\/shop.bantam.ch\/de\/produkt\/tragbare-toilette-cinderella-travel-gas\/#primaryimage","url":"https:\/\/shop.bantam.ch\/wp-content\/uploads\/2026\/03\/20025045.jpg","contentUrl":"https:\/\/shop.bantam.ch\/wp-content\/uploads\/2026\/03\/20025045.jpg","width":800,"height":800},{"@type":"BreadcrumbList","@id":"https:\/\/shop.bantam.ch\/de\/produkt\/tragbare-toilette-cinderella-travel-gas\/#breadcrumb","itemListElement":[{"@type":"ListItem","position":1,"name":"Accueil","item":"https:\/\/shop.bantam.ch\/de\/"},{"@type":"ListItem","position":2,"name":"Shop","item":"https:\/\/shop.bantam.ch\/de\/shop\/"},{"@type":"ListItem","position":3,"name":"Tragbare Toilette Cinderella Travel Gas"}]},{"@type":"WebSite","@id":"https:\/\/shop.bantam.ch\/de\/#website","url":"https:\/\/shop.bantam.ch\/de\/","name":"Bantam Camping AG","description":"","publisher":{"@id":"https:\/\/shop.bantam.ch\/de\/#organization"},"inLanguage":"de"},{"@type":"Organization","@id":"https:\/\/shop.bantam.ch\/de\/#organization","name":"Bantam Camping AG","url":"https:\/\/shop.bantam.ch\/de\/","logo":{"@type":"ImageObject","inLanguage":"de","@id":"https:\/\/shop.bantam.ch\/de\/#\/schema\/logo\/image\/","url":"https:\/\/shop.bantam.ch\/wp-content\/uploads\/2022\/12\/bantam-logo.png","contentUrl":"https:\/\/shop.bantam.ch\/wp-content\/uploads\/2022\/12\/bantam-logo.png","width":320,"height":71,"caption":"Bantam Camping AG"},"image":{"@id":"https:\/\/shop.bantam.ch\/de\/#\/schema\/logo\/image\/"}}]}},"_links":{"self":[{"href":"https:\/\/shop.bantam.ch\/de\/wp-json\/wp\/v2\/product\/234985","targetHints":{"allow":["GET"]}}],"collection":[{"href":"https:\/\/shop.bantam.ch\/de\/wp-json\/wp\/v2\/product"}],"about":[{"href":"https:\/\/shop.bantam.ch\/de\/wp-json\/wp\/v2\/types\/product"}],"wp:featuredmedia":[{"embeddable":true,"href":"https:\/\/shop.bantam.ch\/de\/wp-json\/wp\/v2\/media\/234979"}],"wp:attachment":[{"href":"https:\/\/shop.bantam.ch\/de\/wp-json\/wp\/v2\/media?parent=234985"}],"wp:term":[{"taxonomy":"product_featured_cat","embeddable":true,"href":"https:\/\/shop.bantam.ch\/de\/wp-json\/wp\/v2\/product_featured_cat?post=234985"},{"taxonomy":"product_brand","embeddable":true,"href":"https:\/\/shop.bantam.ch\/de\/wp-json\/wp\/v2\/product_brand?post=234985"},{"taxonomy":"product_cat","embeddable":true,"href":"https:\/\/shop.bantam.ch\/de\/wp-json\/wp\/v2\/product_cat?post=234985"},{"taxonomy":"product_tag","embeddable":true,"href":"https:\/\/shop.bantam.ch\/de\/wp-json\/wp\/v2\/product_tag?post=234985"}],"curies":[{"name":"wp","href":"https:\/\/api.w.org\/{rel}","templated":true}]}}