{"id":234779,"date":"2026-03-11T11:36:55","date_gmt":"2026-03-11T10:36:55","guid":{"rendered":"https:\/\/shop.bantam.ch\/produit\/vorzelt-castello-11\/"},"modified":"2026-04-20T00:05:38","modified_gmt":"2026-04-19T22:05:38","slug":"vorzelt-castello-11","status":"publish","type":"product","link":"https:\/\/shop.bantam.ch\/de\/produkt\/vorzelt-castello-11\/","title":{"rendered":"Vorzelt Castello 11"},"content":{"rendered":"<p>Du sollst im Urlaub nicht auf Lebensqualit\u00e4t verzichten. Unser klassisches Vorzelt Castello mit umlaufendem Dach\u00fcberstand, der durch Gest\u00e4nge verst\u00e4rkt wird, ist mit allen wichtigen Ausstattungsdetails f\u00fcr saisonales und dauerhaftes Camping ausgestattet:<br \/>\nSchweres PVC-Dachgewebe, beidseitig beschichtet; Rei\u00dfverschl\u00fcsse mit zus\u00e4tzlichen Wetterschutzabdeckungen; Frontwand mit variablem Klimafenster (vollst\u00e4ndige Gaze mit Folienabdeckung und Stoff); beide Seitenw\u00e4nde mit komfortablen Panoramafenstern, die optimale Bel\u00fcftungsm\u00f6glichkeiten schaffen. Ausf\u00fchrung: 9-teiliges Vorzelt, PVC-Dach, beidseitig beschichtet. Umlaufender Dach\u00fcberstand f\u00fcr guten Schutz der Vorder- und Seitenw\u00e4nde. Alle Elemente der Frontwand (Gr\u00f6\u00dfe 10\u201315 = 4, Gr\u00f6\u00dfe 16\u201319 = 6, Gr\u00f6\u00dfe GX = 6\u20138 Elemente) sind austauschbar. Eingang wahlweise platzierbar. Frontwand mit variablem Klimafenster. Frontwand abklappbar zur Bildung einer Veranda. Die Rei\u00dfverschl\u00fcsse der Frontwand sowie der beiden Seitenw\u00e4nde sind mit Wetterschutzabdeckungen versehen. Abdeckungen. Seitenw\u00e4nde jeweils mit einem L\u00fcftungsfenster f\u00fcr eine gute Querl\u00fcftung. Dekorative Vorh\u00e4nge in den Seitenw\u00e4nden. Aufrollbare Eingangst\u00fcr. Hochentl\u00fcftung in der Frontwand (mit Rei\u00dfverschluss verschlie\u00dfbar). Verwendbar als Vorzelt, als Vorzelt mit Windschutz auf einer oder beiden Seiten oder nur als Sonnendach. Stahlrohrgest\u00e4nge \u00d8 28 mm mit PowerGrip-System. Mit Dach\u00fcberstandsverst\u00e4rkung. Zelttiefe: 240 cm.<\/p>\n","protected":false},"excerpt":{"rendered":"<p>Du sollst im Urlaub nicht auf Lebensqualit\u00e4t verzichten. Unser klassisches Vorzelt Castello mit umlaufendem Dach\u00fcberstand, der durch Gest\u00e4nge verst\u00e4rkt wird, ist mit allen wichtigen Ausstattungsdetails f\u00fcr saisonales und dauerhaftes Camping ausgestattet: Schweres PVC-Dachgewebe, beidseitig beschichtet; Rei\u00dfverschl\u00fcsse mit zus\u00e4tzlichen Wetterschutzabdeckungen; Frontwand mit variablem Klimafenster (vollst\u00e4ndige Gaze mit Folienabdeckung und Stoff); beide Seitenw\u00e4nde mit komfortablen Panoramafenstern, die [&hellip;]<\/p>\n","protected":false},"featured_media":234777,"template":"","meta":{"_acf_changed":false},"product_featured_cat":[],"product_brand":[3717],"product_cat":[4248],"product_tag":[],"class_list":{"0":"post-234779","1":"product","2":"type-product","3":"status-publish","4":"has-post-thumbnail","6":"product_brand-kundert-de","7":"product_cat-vorzelte-zelte","9":"first","10":"instock","11":"taxable","12":"shipping-taxable","13":"purchasable","14":"product-type-simple"},"acf":[],"yoast_head":"<!-- This site is optimized with the Yoast SEO plugin v27.4 - https:\/\/yoast.com\/product\/yoast-seo-wordpress\/ -->\n<title>Vorzelt Castello 11 - Bantam Camping AG<\/title>\n<meta name=\"robots\" content=\"index, follow, max-snippet:-1, max-image-preview:large, max-video-preview:-1\" \/>\n<link rel=\"canonical\" href=\"https:\/\/shop.bantam.ch\/de\/produkt\/vorzelt-castello-11\/\" \/>\n<meta property=\"og:locale\" content=\"de_DE\" \/>\n<meta property=\"og:type\" content=\"article\" \/>\n<meta property=\"og:title\" content=\"Vorzelt Castello 11 - Bantam Camping AG\" \/>\n<meta property=\"og:description\" content=\"Du sollst im Urlaub nicht auf Lebensqualit\u00e4t verzichten. Unser klassisches Vorzelt Castello mit umlaufendem Dach\u00fcberstand, der durch Gest\u00e4nge verst\u00e4rkt wird, ist mit allen wichtigen Ausstattungsdetails f\u00fcr saisonales und dauerhaftes Camping ausgestattet: Schweres PVC-Dachgewebe, beidseitig beschichtet; Rei\u00dfverschl\u00fcsse mit zus\u00e4tzlichen Wetterschutzabdeckungen; Frontwand mit variablem Klimafenster (vollst\u00e4ndige Gaze mit Folienabdeckung und Stoff); beide Seitenw\u00e4nde mit komfortablen Panoramafenstern, die [&hellip;]\" \/>\n<meta property=\"og:url\" content=\"https:\/\/shop.bantam.ch\/de\/produkt\/vorzelt-castello-11\/\" \/>\n<meta property=\"og:site_name\" content=\"Bantam Camping AG\" \/>\n<meta property=\"article:modified_time\" content=\"2026-04-19T22:05:38+00:00\" \/>\n<meta property=\"og:image\" content=\"https:\/\/shop.bantam.ch\/wp-content\/uploads\/2026\/03\/15026013.jpg\" \/>\n\t<meta property=\"og:image:width\" content=\"800\" \/>\n\t<meta property=\"og:image:height\" content=\"800\" \/>\n\t<meta property=\"og:image:type\" content=\"image\/jpeg\" \/>\n<meta name=\"twitter:card\" content=\"summary_large_image\" \/>\n<meta name=\"twitter:label1\" content=\"Gesch\u00e4tzte Lesezeit\" \/>\n\t<meta name=\"twitter:data1\" content=\"1\u00a0Minute\" \/>\n<script type=\"application\/ld+json\" class=\"yoast-schema-graph\">{\"@context\":\"https:\\\/\\\/schema.org\",\"@graph\":[{\"@type\":\"WebPage\",\"@id\":\"https:\\\/\\\/shop.bantam.ch\\\/de\\\/produkt\\\/vorzelt-castello-11\\\/\",\"url\":\"https:\\\/\\\/shop.bantam.ch\\\/de\\\/produkt\\\/vorzelt-castello-11\\\/\",\"name\":\"Vorzelt Castello 11 - Bantam Camping AG\",\"isPartOf\":{\"@id\":\"https:\\\/\\\/shop.bantam.ch\\\/de\\\/#website\"},\"primaryImageOfPage\":{\"@id\":\"https:\\\/\\\/shop.bantam.ch\\\/de\\\/produkt\\\/vorzelt-castello-11\\\/#primaryimage\"},\"image\":{\"@id\":\"https:\\\/\\\/shop.bantam.ch\\\/de\\\/produkt\\\/vorzelt-castello-11\\\/#primaryimage\"},\"thumbnailUrl\":\"https:\\\/\\\/shop.bantam.ch\\\/wp-content\\\/uploads\\\/2026\\\/03\\\/15026013.jpg\",\"datePublished\":\"2026-03-11T10:36:55+00:00\",\"dateModified\":\"2026-04-19T22:05:38+00:00\",\"breadcrumb\":{\"@id\":\"https:\\\/\\\/shop.bantam.ch\\\/de\\\/produkt\\\/vorzelt-castello-11\\\/#breadcrumb\"},\"inLanguage\":\"de\",\"potentialAction\":[{\"@type\":\"ReadAction\",\"target\":[\"https:\\\/\\\/shop.bantam.ch\\\/de\\\/produkt\\\/vorzelt-castello-11\\\/\"]}]},{\"@type\":\"ImageObject\",\"inLanguage\":\"de\",\"@id\":\"https:\\\/\\\/shop.bantam.ch\\\/de\\\/produkt\\\/vorzelt-castello-11\\\/#primaryimage\",\"url\":\"https:\\\/\\\/shop.bantam.ch\\\/wp-content\\\/uploads\\\/2026\\\/03\\\/15026013.jpg\",\"contentUrl\":\"https:\\\/\\\/shop.bantam.ch\\\/wp-content\\\/uploads\\\/2026\\\/03\\\/15026013.jpg\",\"width\":800,\"height\":800},{\"@type\":\"BreadcrumbList\",\"@id\":\"https:\\\/\\\/shop.bantam.ch\\\/de\\\/produkt\\\/vorzelt-castello-11\\\/#breadcrumb\",\"itemListElement\":[{\"@type\":\"ListItem\",\"position\":1,\"name\":\"Accueil\",\"item\":\"https:\\\/\\\/shop.bantam.ch\\\/de\\\/\"},{\"@type\":\"ListItem\",\"position\":2,\"name\":\"Shop\",\"item\":\"https:\\\/\\\/shop.bantam.ch\\\/de\\\/shop\\\/\"},{\"@type\":\"ListItem\",\"position\":3,\"name\":\"Vorzelt Castello 11\"}]},{\"@type\":\"WebSite\",\"@id\":\"https:\\\/\\\/shop.bantam.ch\\\/de\\\/#website\",\"url\":\"https:\\\/\\\/shop.bantam.ch\\\/de\\\/\",\"name\":\"Bantam Camping AG\",\"description\":\"\",\"publisher\":{\"@id\":\"https:\\\/\\\/shop.bantam.ch\\\/de\\\/#organization\"},\"inLanguage\":\"de\"},{\"@type\":\"Organization\",\"@id\":\"https:\\\/\\\/shop.bantam.ch\\\/de\\\/#organization\",\"name\":\"Bantam Camping AG\",\"url\":\"https:\\\/\\\/shop.bantam.ch\\\/de\\\/\",\"logo\":{\"@type\":\"ImageObject\",\"inLanguage\":\"de\",\"@id\":\"https:\\\/\\\/shop.bantam.ch\\\/de\\\/#\\\/schema\\\/logo\\\/image\\\/\",\"url\":\"https:\\\/\\\/shop.bantam.ch\\\/wp-content\\\/uploads\\\/2022\\\/12\\\/bantam-logo.png\",\"contentUrl\":\"https:\\\/\\\/shop.bantam.ch\\\/wp-content\\\/uploads\\\/2022\\\/12\\\/bantam-logo.png\",\"width\":320,\"height\":71,\"caption\":\"Bantam Camping AG\"},\"image\":{\"@id\":\"https:\\\/\\\/shop.bantam.ch\\\/de\\\/#\\\/schema\\\/logo\\\/image\\\/\"}}]}<\/script>\n<!-- \/ Yoast SEO plugin. -->","yoast_head_json":{"title":"Vorzelt Castello 11 - Bantam Camping AG","robots":{"index":"index","follow":"follow","max-snippet":"max-snippet:-1","max-image-preview":"max-image-preview:large","max-video-preview":"max-video-preview:-1"},"canonical":"https:\/\/shop.bantam.ch\/de\/produkt\/vorzelt-castello-11\/","og_locale":"de_DE","og_type":"article","og_title":"Vorzelt Castello 11 - Bantam Camping AG","og_description":"Du sollst im Urlaub nicht auf Lebensqualit\u00e4t verzichten. Unser klassisches Vorzelt Castello mit umlaufendem Dach\u00fcberstand, der durch Gest\u00e4nge verst\u00e4rkt wird, ist mit allen wichtigen Ausstattungsdetails f\u00fcr saisonales und dauerhaftes Camping ausgestattet: Schweres PVC-Dachgewebe, beidseitig beschichtet; Rei\u00dfverschl\u00fcsse mit zus\u00e4tzlichen Wetterschutzabdeckungen; Frontwand mit variablem Klimafenster (vollst\u00e4ndige Gaze mit Folienabdeckung und Stoff); beide Seitenw\u00e4nde mit komfortablen Panoramafenstern, die [&hellip;]","og_url":"https:\/\/shop.bantam.ch\/de\/produkt\/vorzelt-castello-11\/","og_site_name":"Bantam Camping AG","article_modified_time":"2026-04-19T22:05:38+00:00","og_image":[{"width":800,"height":800,"url":"https:\/\/shop.bantam.ch\/wp-content\/uploads\/2026\/03\/15026013.jpg","type":"image\/jpeg"}],"twitter_card":"summary_large_image","twitter_misc":{"Gesch\u00e4tzte Lesezeit":"1\u00a0Minute"},"schema":{"@context":"https:\/\/schema.org","@graph":[{"@type":"WebPage","@id":"https:\/\/shop.bantam.ch\/de\/produkt\/vorzelt-castello-11\/","url":"https:\/\/shop.bantam.ch\/de\/produkt\/vorzelt-castello-11\/","name":"Vorzelt Castello 11 - Bantam Camping AG","isPartOf":{"@id":"https:\/\/shop.bantam.ch\/de\/#website"},"primaryImageOfPage":{"@id":"https:\/\/shop.bantam.ch\/de\/produkt\/vorzelt-castello-11\/#primaryimage"},"image":{"@id":"https:\/\/shop.bantam.ch\/de\/produkt\/vorzelt-castello-11\/#primaryimage"},"thumbnailUrl":"https:\/\/shop.bantam.ch\/wp-content\/uploads\/2026\/03\/15026013.jpg","datePublished":"2026-03-11T10:36:55+00:00","dateModified":"2026-04-19T22:05:38+00:00","breadcrumb":{"@id":"https:\/\/shop.bantam.ch\/de\/produkt\/vorzelt-castello-11\/#breadcrumb"},"inLanguage":"de","potentialAction":[{"@type":"ReadAction","target":["https:\/\/shop.bantam.ch\/de\/produkt\/vorzelt-castello-11\/"]}]},{"@type":"ImageObject","inLanguage":"de","@id":"https:\/\/shop.bantam.ch\/de\/produkt\/vorzelt-castello-11\/#primaryimage","url":"https:\/\/shop.bantam.ch\/wp-content\/uploads\/2026\/03\/15026013.jpg","contentUrl":"https:\/\/shop.bantam.ch\/wp-content\/uploads\/2026\/03\/15026013.jpg","width":800,"height":800},{"@type":"BreadcrumbList","@id":"https:\/\/shop.bantam.ch\/de\/produkt\/vorzelt-castello-11\/#breadcrumb","itemListElement":[{"@type":"ListItem","position":1,"name":"Accueil","item":"https:\/\/shop.bantam.ch\/de\/"},{"@type":"ListItem","position":2,"name":"Shop","item":"https:\/\/shop.bantam.ch\/de\/shop\/"},{"@type":"ListItem","position":3,"name":"Vorzelt Castello 11"}]},{"@type":"WebSite","@id":"https:\/\/shop.bantam.ch\/de\/#website","url":"https:\/\/shop.bantam.ch\/de\/","name":"Bantam Camping AG","description":"","publisher":{"@id":"https:\/\/shop.bantam.ch\/de\/#organization"},"inLanguage":"de"},{"@type":"Organization","@id":"https:\/\/shop.bantam.ch\/de\/#organization","name":"Bantam Camping AG","url":"https:\/\/shop.bantam.ch\/de\/","logo":{"@type":"ImageObject","inLanguage":"de","@id":"https:\/\/shop.bantam.ch\/de\/#\/schema\/logo\/image\/","url":"https:\/\/shop.bantam.ch\/wp-content\/uploads\/2022\/12\/bantam-logo.png","contentUrl":"https:\/\/shop.bantam.ch\/wp-content\/uploads\/2022\/12\/bantam-logo.png","width":320,"height":71,"caption":"Bantam Camping AG"},"image":{"@id":"https:\/\/shop.bantam.ch\/de\/#\/schema\/logo\/image\/"}}]}},"_links":{"self":[{"href":"https:\/\/shop.bantam.ch\/de\/wp-json\/wp\/v2\/product\/234779","targetHints":{"allow":["GET"]}}],"collection":[{"href":"https:\/\/shop.bantam.ch\/de\/wp-json\/wp\/v2\/product"}],"about":[{"href":"https:\/\/shop.bantam.ch\/de\/wp-json\/wp\/v2\/types\/product"}],"wp:featuredmedia":[{"embeddable":true,"href":"https:\/\/shop.bantam.ch\/de\/wp-json\/wp\/v2\/media\/234777"}],"wp:attachment":[{"href":"https:\/\/shop.bantam.ch\/de\/wp-json\/wp\/v2\/media?parent=234779"}],"wp:term":[{"taxonomy":"product_featured_cat","embeddable":true,"href":"https:\/\/shop.bantam.ch\/de\/wp-json\/wp\/v2\/product_featured_cat?post=234779"},{"taxonomy":"product_brand","embeddable":true,"href":"https:\/\/shop.bantam.ch\/de\/wp-json\/wp\/v2\/product_brand?post=234779"},{"taxonomy":"product_cat","embeddable":true,"href":"https:\/\/shop.bantam.ch\/de\/wp-json\/wp\/v2\/product_cat?post=234779"},{"taxonomy":"product_tag","embeddable":true,"href":"https:\/\/shop.bantam.ch\/de\/wp-json\/wp\/v2\/product_tag?post=234779"}],"curies":[{"name":"wp","href":"https:\/\/api.w.org\/{rel}","templated":true}]}}