{"id":234756,"date":"2026-03-11T08:22:58","date_gmt":"2026-03-11T07:22:58","guid":{"rendered":"https:\/\/shop.bantam.ch\/produit\/le-vrai-claude-3-0-wmr-adult\/"},"modified":"2026-04-18T02:55:44","modified_gmt":"2026-04-18T00:55:44","slug":"le-vrai-claude-3-0-wmr-adult","status":"publish","type":"product","link":"https:\/\/shop.bantam.ch\/de\/produkt\/le-vrai-claude-3-0-wmr-adult\/","title":{"rendered":"Le Vrai Claude 3.0 WMR Adult"},"content":{"rendered":"<p>Die kurze Claude-Jacke, ein ikonisches Modell, zeichnet sich durch ein unisex Design aus und ist aus wasserabweisendem und winddichtem Ripstop-Gewebe gefertigt. Die innen verschwei\u00dften N\u00e4hte sorgen f\u00fcr eine optimale Isolierung gegen schlechtes Wetter. Doch ihr gr\u00f6\u00dfter Vorteil? Zusammengefaltet und in einer der beiden Taschen verstaut, nimmt sie kaum Platz ein \u2013 die ideale Notfall-Windjacke, die man immer in der Tasche oder im Rucksack dabeihaben sollte. Zusammensetzung : 100 % Nylon. Wasserdichtes, wasserabweisendes, winddichtes und atmungsaktives Ripstop-Gewebe. Kompakt verstaubar (leicht faltbar f\u00fcr den Transport). Verschwei\u00dfte N\u00e4hte. Verstellbare Kapuze mit elastischen Kordeln. Rei\u00dfverschluss. Innere Windschutzleiste und Bel\u00fcftungs\u00f6ffnung am R\u00fccken. Elastische \u00c4rmelb\u00fcndchen. 2 Rei\u00dfverschlusstaschen. Verstellbarer Saum mit elastischen Kordeln. Regul\u00e4re Passform. Aufgedrucktes, farbiges Logo<\/p>\n","protected":false},"excerpt":{"rendered":"<p>Die kurze Claude-Jacke, ein ikonisches Modell, zeichnet sich durch ein unisex Design aus und ist aus wasserabweisendem und winddichtem Ripstop-Gewebe gefertigt. Die innen verschwei\u00dften N\u00e4hte sorgen f\u00fcr eine optimale Isolierung gegen schlechtes Wetter. Doch ihr gr\u00f6\u00dfter Vorteil? Zusammengefaltet und in einer der beiden Taschen verstaut, nimmt sie kaum Platz ein \u2013 die ideale Notfall-Windjacke, die [&hellip;]<\/p>\n","protected":false},"featured_media":234748,"template":"","meta":{"_acf_changed":false},"product_featured_cat":[],"product_brand":[5310],"product_cat":[3954],"product_tag":[],"class_list":{"0":"post-234756","1":"product","2":"type-product","3":"status-publish","4":"has-post-thumbnail","6":"product_brand-furore-sports-de","7":"product_cat-freizeit","9":"first","10":"instock","11":"taxable","12":"shipping-taxable","13":"purchasable","14":"product-type-variable"},"acf":[],"yoast_head":"<!-- This site is optimized with the Yoast SEO plugin v27.4 - https:\/\/yoast.com\/product\/yoast-seo-wordpress\/ -->\n<title>Le Vrai Claude 3.0 WMR Adult - Bantam Camping AG<\/title>\n<meta name=\"robots\" content=\"index, follow, max-snippet:-1, max-image-preview:large, max-video-preview:-1\" \/>\n<link rel=\"canonical\" href=\"https:\/\/shop.bantam.ch\/de\/produkt\/le-vrai-claude-3-0-wmr-adult\/\" \/>\n<meta property=\"og:locale\" content=\"de_DE\" \/>\n<meta property=\"og:type\" content=\"article\" \/>\n<meta property=\"og:title\" content=\"Le Vrai Claude 3.0 WMR Adult - Bantam Camping AG\" \/>\n<meta property=\"og:description\" content=\"Die kurze Claude-Jacke, ein ikonisches Modell, zeichnet sich durch ein unisex Design aus und ist aus wasserabweisendem und winddichtem Ripstop-Gewebe gefertigt. Die innen verschwei\u00dften N\u00e4hte sorgen f\u00fcr eine optimale Isolierung gegen schlechtes Wetter. Doch ihr gr\u00f6\u00dfter Vorteil? Zusammengefaltet und in einer der beiden Taschen verstaut, nimmt sie kaum Platz ein \u2013 die ideale Notfall-Windjacke, die [&hellip;]\" \/>\n<meta property=\"og:url\" content=\"https:\/\/shop.bantam.ch\/de\/produkt\/le-vrai-claude-3-0-wmr-adult\/\" \/>\n<meta property=\"og:site_name\" content=\"Bantam Camping AG\" \/>\n<meta property=\"article:modified_time\" content=\"2026-04-18T00:55:44+00:00\" \/>\n<meta property=\"og:image\" content=\"https:\/\/shop.bantam.ch\/wp-content\/uploads\/2026\/03\/79426012.jpg\" \/>\n\t<meta property=\"og:image:width\" content=\"800\" \/>\n\t<meta property=\"og:image:height\" content=\"800\" \/>\n\t<meta property=\"og:image:type\" content=\"image\/jpeg\" \/>\n<meta name=\"twitter:card\" content=\"summary_large_image\" \/>\n<meta name=\"twitter:label1\" content=\"Gesch\u00e4tzte Lesezeit\" \/>\n\t<meta name=\"twitter:data1\" content=\"1\u00a0Minute\" \/>\n<script type=\"application\/ld+json\" class=\"yoast-schema-graph\">{\"@context\":\"https:\\\/\\\/schema.org\",\"@graph\":[{\"@type\":\"WebPage\",\"@id\":\"https:\\\/\\\/shop.bantam.ch\\\/de\\\/produkt\\\/le-vrai-claude-3-0-wmr-adult\\\/\",\"url\":\"https:\\\/\\\/shop.bantam.ch\\\/de\\\/produkt\\\/le-vrai-claude-3-0-wmr-adult\\\/\",\"name\":\"Le Vrai Claude 3.0 WMR Adult - Bantam Camping AG\",\"isPartOf\":{\"@id\":\"https:\\\/\\\/shop.bantam.ch\\\/de\\\/#website\"},\"primaryImageOfPage\":{\"@id\":\"https:\\\/\\\/shop.bantam.ch\\\/de\\\/produkt\\\/le-vrai-claude-3-0-wmr-adult\\\/#primaryimage\"},\"image\":{\"@id\":\"https:\\\/\\\/shop.bantam.ch\\\/de\\\/produkt\\\/le-vrai-claude-3-0-wmr-adult\\\/#primaryimage\"},\"thumbnailUrl\":\"https:\\\/\\\/shop.bantam.ch\\\/wp-content\\\/uploads\\\/2026\\\/03\\\/79426012.jpg\",\"datePublished\":\"2026-03-11T07:22:58+00:00\",\"dateModified\":\"2026-04-18T00:55:44+00:00\",\"breadcrumb\":{\"@id\":\"https:\\\/\\\/shop.bantam.ch\\\/de\\\/produkt\\\/le-vrai-claude-3-0-wmr-adult\\\/#breadcrumb\"},\"inLanguage\":\"de\",\"potentialAction\":[{\"@type\":\"ReadAction\",\"target\":[\"https:\\\/\\\/shop.bantam.ch\\\/de\\\/produkt\\\/le-vrai-claude-3-0-wmr-adult\\\/\"]}]},{\"@type\":\"ImageObject\",\"inLanguage\":\"de\",\"@id\":\"https:\\\/\\\/shop.bantam.ch\\\/de\\\/produkt\\\/le-vrai-claude-3-0-wmr-adult\\\/#primaryimage\",\"url\":\"https:\\\/\\\/shop.bantam.ch\\\/wp-content\\\/uploads\\\/2026\\\/03\\\/79426012.jpg\",\"contentUrl\":\"https:\\\/\\\/shop.bantam.ch\\\/wp-content\\\/uploads\\\/2026\\\/03\\\/79426012.jpg\",\"width\":800,\"height\":800},{\"@type\":\"BreadcrumbList\",\"@id\":\"https:\\\/\\\/shop.bantam.ch\\\/de\\\/produkt\\\/le-vrai-claude-3-0-wmr-adult\\\/#breadcrumb\",\"itemListElement\":[{\"@type\":\"ListItem\",\"position\":1,\"name\":\"Accueil\",\"item\":\"https:\\\/\\\/shop.bantam.ch\\\/de\\\/\"},{\"@type\":\"ListItem\",\"position\":2,\"name\":\"Shop\",\"item\":\"https:\\\/\\\/shop.bantam.ch\\\/de\\\/shop\\\/\"},{\"@type\":\"ListItem\",\"position\":3,\"name\":\"Le Vrai Claude 3.0 WMR Adult\"}]},{\"@type\":\"WebSite\",\"@id\":\"https:\\\/\\\/shop.bantam.ch\\\/de\\\/#website\",\"url\":\"https:\\\/\\\/shop.bantam.ch\\\/de\\\/\",\"name\":\"Bantam Camping AG\",\"description\":\"\",\"publisher\":{\"@id\":\"https:\\\/\\\/shop.bantam.ch\\\/de\\\/#organization\"},\"inLanguage\":\"de\"},{\"@type\":\"Organization\",\"@id\":\"https:\\\/\\\/shop.bantam.ch\\\/de\\\/#organization\",\"name\":\"Bantam Camping AG\",\"url\":\"https:\\\/\\\/shop.bantam.ch\\\/de\\\/\",\"logo\":{\"@type\":\"ImageObject\",\"inLanguage\":\"de\",\"@id\":\"https:\\\/\\\/shop.bantam.ch\\\/de\\\/#\\\/schema\\\/logo\\\/image\\\/\",\"url\":\"https:\\\/\\\/shop.bantam.ch\\\/wp-content\\\/uploads\\\/2022\\\/12\\\/bantam-logo.png\",\"contentUrl\":\"https:\\\/\\\/shop.bantam.ch\\\/wp-content\\\/uploads\\\/2022\\\/12\\\/bantam-logo.png\",\"width\":320,\"height\":71,\"caption\":\"Bantam Camping AG\"},\"image\":{\"@id\":\"https:\\\/\\\/shop.bantam.ch\\\/de\\\/#\\\/schema\\\/logo\\\/image\\\/\"}}]}<\/script>\n<!-- \/ Yoast SEO plugin. -->","yoast_head_json":{"title":"Le Vrai Claude 3.0 WMR Adult - Bantam Camping AG","robots":{"index":"index","follow":"follow","max-snippet":"max-snippet:-1","max-image-preview":"max-image-preview:large","max-video-preview":"max-video-preview:-1"},"canonical":"https:\/\/shop.bantam.ch\/de\/produkt\/le-vrai-claude-3-0-wmr-adult\/","og_locale":"de_DE","og_type":"article","og_title":"Le Vrai Claude 3.0 WMR Adult - Bantam Camping AG","og_description":"Die kurze Claude-Jacke, ein ikonisches Modell, zeichnet sich durch ein unisex Design aus und ist aus wasserabweisendem und winddichtem Ripstop-Gewebe gefertigt. Die innen verschwei\u00dften N\u00e4hte sorgen f\u00fcr eine optimale Isolierung gegen schlechtes Wetter. Doch ihr gr\u00f6\u00dfter Vorteil? Zusammengefaltet und in einer der beiden Taschen verstaut, nimmt sie kaum Platz ein \u2013 die ideale Notfall-Windjacke, die [&hellip;]","og_url":"https:\/\/shop.bantam.ch\/de\/produkt\/le-vrai-claude-3-0-wmr-adult\/","og_site_name":"Bantam Camping AG","article_modified_time":"2026-04-18T00:55:44+00:00","og_image":[{"width":800,"height":800,"url":"https:\/\/shop.bantam.ch\/wp-content\/uploads\/2026\/03\/79426012.jpg","type":"image\/jpeg"}],"twitter_card":"summary_large_image","twitter_misc":{"Gesch\u00e4tzte Lesezeit":"1\u00a0Minute"},"schema":{"@context":"https:\/\/schema.org","@graph":[{"@type":"WebPage","@id":"https:\/\/shop.bantam.ch\/de\/produkt\/le-vrai-claude-3-0-wmr-adult\/","url":"https:\/\/shop.bantam.ch\/de\/produkt\/le-vrai-claude-3-0-wmr-adult\/","name":"Le Vrai Claude 3.0 WMR Adult - Bantam Camping AG","isPartOf":{"@id":"https:\/\/shop.bantam.ch\/de\/#website"},"primaryImageOfPage":{"@id":"https:\/\/shop.bantam.ch\/de\/produkt\/le-vrai-claude-3-0-wmr-adult\/#primaryimage"},"image":{"@id":"https:\/\/shop.bantam.ch\/de\/produkt\/le-vrai-claude-3-0-wmr-adult\/#primaryimage"},"thumbnailUrl":"https:\/\/shop.bantam.ch\/wp-content\/uploads\/2026\/03\/79426012.jpg","datePublished":"2026-03-11T07:22:58+00:00","dateModified":"2026-04-18T00:55:44+00:00","breadcrumb":{"@id":"https:\/\/shop.bantam.ch\/de\/produkt\/le-vrai-claude-3-0-wmr-adult\/#breadcrumb"},"inLanguage":"de","potentialAction":[{"@type":"ReadAction","target":["https:\/\/shop.bantam.ch\/de\/produkt\/le-vrai-claude-3-0-wmr-adult\/"]}]},{"@type":"ImageObject","inLanguage":"de","@id":"https:\/\/shop.bantam.ch\/de\/produkt\/le-vrai-claude-3-0-wmr-adult\/#primaryimage","url":"https:\/\/shop.bantam.ch\/wp-content\/uploads\/2026\/03\/79426012.jpg","contentUrl":"https:\/\/shop.bantam.ch\/wp-content\/uploads\/2026\/03\/79426012.jpg","width":800,"height":800},{"@type":"BreadcrumbList","@id":"https:\/\/shop.bantam.ch\/de\/produkt\/le-vrai-claude-3-0-wmr-adult\/#breadcrumb","itemListElement":[{"@type":"ListItem","position":1,"name":"Accueil","item":"https:\/\/shop.bantam.ch\/de\/"},{"@type":"ListItem","position":2,"name":"Shop","item":"https:\/\/shop.bantam.ch\/de\/shop\/"},{"@type":"ListItem","position":3,"name":"Le Vrai Claude 3.0 WMR Adult"}]},{"@type":"WebSite","@id":"https:\/\/shop.bantam.ch\/de\/#website","url":"https:\/\/shop.bantam.ch\/de\/","name":"Bantam Camping AG","description":"","publisher":{"@id":"https:\/\/shop.bantam.ch\/de\/#organization"},"inLanguage":"de"},{"@type":"Organization","@id":"https:\/\/shop.bantam.ch\/de\/#organization","name":"Bantam Camping AG","url":"https:\/\/shop.bantam.ch\/de\/","logo":{"@type":"ImageObject","inLanguage":"de","@id":"https:\/\/shop.bantam.ch\/de\/#\/schema\/logo\/image\/","url":"https:\/\/shop.bantam.ch\/wp-content\/uploads\/2022\/12\/bantam-logo.png","contentUrl":"https:\/\/shop.bantam.ch\/wp-content\/uploads\/2022\/12\/bantam-logo.png","width":320,"height":71,"caption":"Bantam Camping AG"},"image":{"@id":"https:\/\/shop.bantam.ch\/de\/#\/schema\/logo\/image\/"}}]}},"_links":{"self":[{"href":"https:\/\/shop.bantam.ch\/de\/wp-json\/wp\/v2\/product\/234756","targetHints":{"allow":["GET"]}}],"collection":[{"href":"https:\/\/shop.bantam.ch\/de\/wp-json\/wp\/v2\/product"}],"about":[{"href":"https:\/\/shop.bantam.ch\/de\/wp-json\/wp\/v2\/types\/product"}],"wp:featuredmedia":[{"embeddable":true,"href":"https:\/\/shop.bantam.ch\/de\/wp-json\/wp\/v2\/media\/234748"}],"wp:attachment":[{"href":"https:\/\/shop.bantam.ch\/de\/wp-json\/wp\/v2\/media?parent=234756"}],"wp:term":[{"taxonomy":"product_featured_cat","embeddable":true,"href":"https:\/\/shop.bantam.ch\/de\/wp-json\/wp\/v2\/product_featured_cat?post=234756"},{"taxonomy":"product_brand","embeddable":true,"href":"https:\/\/shop.bantam.ch\/de\/wp-json\/wp\/v2\/product_brand?post=234756"},{"taxonomy":"product_cat","embeddable":true,"href":"https:\/\/shop.bantam.ch\/de\/wp-json\/wp\/v2\/product_cat?post=234756"},{"taxonomy":"product_tag","embeddable":true,"href":"https:\/\/shop.bantam.ch\/de\/wp-json\/wp\/v2\/product_tag?post=234756"}],"curies":[{"name":"wp","href":"https:\/\/api.w.org\/{rel}","templated":true}]}}