{"id":234740,"date":"2026-03-10T16:48:59","date_gmt":"2026-03-10T15:48:59","guid":{"rendered":"https:\/\/shop.bantam.ch\/produit\/le-vrai-claude-3-0-bleu-royal-marine-adult\/"},"modified":"2026-04-17T23:58:24","modified_gmt":"2026-04-17T21:58:24","slug":"le-vrai-claude-3-0-bleu-royal-marine-adult","status":"publish","type":"product","link":"https:\/\/shop.bantam.ch\/de\/produkt\/le-vrai-claude-3-0-bleu-royal-marine-adult\/","title":{"rendered":"Le Vrai Claude 3.0 Bleu royal Marine Adult"},"content":{"rendered":"<p>Gr\u00f6sse M<\/p>\n<p>Die kurze Jacke Claude von K-Way ist eine Ikone, die den Geist der Marke in jedem Detail verk\u00f6rpert. Sie besteht aus einem innovativen Micro-Ripstop-4.0-Gewebe aus 100 % recyceltem Material, das dank einer Wassers\u00e4ule von 10K und einer Atmungsaktivit\u00e4t von 10K noch wetterbest\u00e4ndiger und atmungsaktiver ist. Innenliegende, thermoversiegelte N\u00e4hte sorgen zudem f\u00fcr eine hervorragende Isolierung gegen Wind und Regen. Das besondere Merkmal dieses Unisex-Modells ist sein geringes Packma\u00df, wenn es zusammengefaltet und in einer seiner beiden Taschen verstaut wird. Dadurch l\u00e4sst sich die Jacke ideal in einer Tasche oder einem Rucksack mitnehmen und ist perfekt geeignet, um pl\u00f6tzlichem Regen oder Wind problemlos standzuhalten. Eigenschaften : Wasserdichtes, wasserabweisendes, winddichtes und atmungsaktives Nylon-Ripstop-Gewebe.<br \/>\nDWR-Behandlung (Durable Water Repellent). Wasserdichtigkeit : 10.000 mm Wassers\u00e4ule. Atmungsaktivit\u00e4t : 10.000 g\/m\u00b2\/24 h.<br \/>\nPackbar \/ faltbar. Thermoversiegelte N\u00e4hte. Verstellbare Kapuze mit Kordelzug. Rei\u00dfverschluss. Innenliegende Windschutzleiste.<br \/>\nBel\u00fcftungs\u00f6ffnung auf der R\u00fcckseite. Elastische \u00c4rmelb\u00fcndchen. 2 Rei\u00dfverschlusstaschen. Verstellbarer Saum mit Kordelzug.<br \/>\nNormale Passform<\/p>\n","protected":false},"excerpt":{"rendered":"<p>Gr\u00f6sse M Die kurze Jacke Claude von K-Way ist eine Ikone, die den Geist der Marke in jedem Detail verk\u00f6rpert. Sie besteht aus einem innovativen Micro-Ripstop-4.0-Gewebe aus 100 % recyceltem Material, das dank einer Wassers\u00e4ule von 10K und einer Atmungsaktivit\u00e4t von 10K noch wetterbest\u00e4ndiger und atmungsaktiver ist. Innenliegende, thermoversiegelte N\u00e4hte sorgen zudem f\u00fcr eine hervorragende [&hellip;]<\/p>\n","protected":false},"featured_media":234736,"template":"","meta":{"_acf_changed":false},"product_featured_cat":[],"product_brand":[5310],"product_cat":[3954],"product_tag":[],"class_list":{"0":"post-234740","1":"product","2":"type-product","3":"status-publish","4":"has-post-thumbnail","6":"product_brand-furore-sports-de","7":"product_cat-freizeit","9":"first","10":"instock","11":"taxable","12":"shipping-taxable","13":"purchasable","14":"product-type-simple"},"acf":[],"yoast_head":"<!-- This site is optimized with the Yoast SEO plugin v27.4 - https:\/\/yoast.com\/product\/yoast-seo-wordpress\/ -->\n<title>Le Vrai Claude 3.0 Bleu royal Marine Adult - Bantam Camping AG<\/title>\n<meta name=\"robots\" content=\"index, follow, max-snippet:-1, max-image-preview:large, max-video-preview:-1\" \/>\n<link rel=\"canonical\" href=\"https:\/\/shop.bantam.ch\/de\/produkt\/le-vrai-claude-3-0-bleu-royal-marine-adult\/\" \/>\n<meta property=\"og:locale\" content=\"de_DE\" \/>\n<meta property=\"og:type\" content=\"article\" \/>\n<meta property=\"og:title\" content=\"Le Vrai Claude 3.0 Bleu royal Marine Adult - Bantam Camping AG\" \/>\n<meta property=\"og:description\" content=\"Gr\u00f6sse M Die kurze Jacke Claude von K-Way ist eine Ikone, die den Geist der Marke in jedem Detail verk\u00f6rpert. Sie besteht aus einem innovativen Micro-Ripstop-4.0-Gewebe aus 100 % recyceltem Material, das dank einer Wassers\u00e4ule von 10K und einer Atmungsaktivit\u00e4t von 10K noch wetterbest\u00e4ndiger und atmungsaktiver ist. Innenliegende, thermoversiegelte N\u00e4hte sorgen zudem f\u00fcr eine hervorragende [&hellip;]\" \/>\n<meta property=\"og:url\" content=\"https:\/\/shop.bantam.ch\/de\/produkt\/le-vrai-claude-3-0-bleu-royal-marine-adult\/\" \/>\n<meta property=\"og:site_name\" content=\"Bantam Camping AG\" \/>\n<meta property=\"article:modified_time\" content=\"2026-04-17T21:58:24+00:00\" \/>\n<meta property=\"og:image\" content=\"https:\/\/shop.bantam.ch\/wp-content\/uploads\/2026\/03\/79426011.jpg\" \/>\n\t<meta property=\"og:image:width\" content=\"800\" \/>\n\t<meta property=\"og:image:height\" content=\"800\" \/>\n\t<meta property=\"og:image:type\" content=\"image\/jpeg\" \/>\n<meta name=\"twitter:card\" content=\"summary_large_image\" \/>\n<meta name=\"twitter:label1\" content=\"Gesch\u00e4tzte Lesezeit\" \/>\n\t<meta name=\"twitter:data1\" content=\"1\u00a0Minute\" \/>\n<script type=\"application\/ld+json\" class=\"yoast-schema-graph\">{\"@context\":\"https:\\\/\\\/schema.org\",\"@graph\":[{\"@type\":\"WebPage\",\"@id\":\"https:\\\/\\\/shop.bantam.ch\\\/de\\\/produkt\\\/le-vrai-claude-3-0-bleu-royal-marine-adult\\\/\",\"url\":\"https:\\\/\\\/shop.bantam.ch\\\/de\\\/produkt\\\/le-vrai-claude-3-0-bleu-royal-marine-adult\\\/\",\"name\":\"Le Vrai Claude 3.0 Bleu royal Marine Adult - Bantam Camping AG\",\"isPartOf\":{\"@id\":\"https:\\\/\\\/shop.bantam.ch\\\/de\\\/#website\"},\"primaryImageOfPage\":{\"@id\":\"https:\\\/\\\/shop.bantam.ch\\\/de\\\/produkt\\\/le-vrai-claude-3-0-bleu-royal-marine-adult\\\/#primaryimage\"},\"image\":{\"@id\":\"https:\\\/\\\/shop.bantam.ch\\\/de\\\/produkt\\\/le-vrai-claude-3-0-bleu-royal-marine-adult\\\/#primaryimage\"},\"thumbnailUrl\":\"https:\\\/\\\/shop.bantam.ch\\\/wp-content\\\/uploads\\\/2026\\\/03\\\/79426011.jpg\",\"datePublished\":\"2026-03-10T15:48:59+00:00\",\"dateModified\":\"2026-04-17T21:58:24+00:00\",\"breadcrumb\":{\"@id\":\"https:\\\/\\\/shop.bantam.ch\\\/de\\\/produkt\\\/le-vrai-claude-3-0-bleu-royal-marine-adult\\\/#breadcrumb\"},\"inLanguage\":\"de\",\"potentialAction\":[{\"@type\":\"ReadAction\",\"target\":[\"https:\\\/\\\/shop.bantam.ch\\\/de\\\/produkt\\\/le-vrai-claude-3-0-bleu-royal-marine-adult\\\/\"]}]},{\"@type\":\"ImageObject\",\"inLanguage\":\"de\",\"@id\":\"https:\\\/\\\/shop.bantam.ch\\\/de\\\/produkt\\\/le-vrai-claude-3-0-bleu-royal-marine-adult\\\/#primaryimage\",\"url\":\"https:\\\/\\\/shop.bantam.ch\\\/wp-content\\\/uploads\\\/2026\\\/03\\\/79426011.jpg\",\"contentUrl\":\"https:\\\/\\\/shop.bantam.ch\\\/wp-content\\\/uploads\\\/2026\\\/03\\\/79426011.jpg\",\"width\":800,\"height\":800},{\"@type\":\"BreadcrumbList\",\"@id\":\"https:\\\/\\\/shop.bantam.ch\\\/de\\\/produkt\\\/le-vrai-claude-3-0-bleu-royal-marine-adult\\\/#breadcrumb\",\"itemListElement\":[{\"@type\":\"ListItem\",\"position\":1,\"name\":\"Accueil\",\"item\":\"https:\\\/\\\/shop.bantam.ch\\\/de\\\/\"},{\"@type\":\"ListItem\",\"position\":2,\"name\":\"Shop\",\"item\":\"https:\\\/\\\/shop.bantam.ch\\\/de\\\/shop\\\/\"},{\"@type\":\"ListItem\",\"position\":3,\"name\":\"Le Vrai Claude 3.0 Bleu royal Marine Adult\"}]},{\"@type\":\"WebSite\",\"@id\":\"https:\\\/\\\/shop.bantam.ch\\\/de\\\/#website\",\"url\":\"https:\\\/\\\/shop.bantam.ch\\\/de\\\/\",\"name\":\"Bantam Camping AG\",\"description\":\"\",\"publisher\":{\"@id\":\"https:\\\/\\\/shop.bantam.ch\\\/de\\\/#organization\"},\"inLanguage\":\"de\"},{\"@type\":\"Organization\",\"@id\":\"https:\\\/\\\/shop.bantam.ch\\\/de\\\/#organization\",\"name\":\"Bantam Camping AG\",\"url\":\"https:\\\/\\\/shop.bantam.ch\\\/de\\\/\",\"logo\":{\"@type\":\"ImageObject\",\"inLanguage\":\"de\",\"@id\":\"https:\\\/\\\/shop.bantam.ch\\\/de\\\/#\\\/schema\\\/logo\\\/image\\\/\",\"url\":\"https:\\\/\\\/shop.bantam.ch\\\/wp-content\\\/uploads\\\/2022\\\/12\\\/bantam-logo.png\",\"contentUrl\":\"https:\\\/\\\/shop.bantam.ch\\\/wp-content\\\/uploads\\\/2022\\\/12\\\/bantam-logo.png\",\"width\":320,\"height\":71,\"caption\":\"Bantam Camping AG\"},\"image\":{\"@id\":\"https:\\\/\\\/shop.bantam.ch\\\/de\\\/#\\\/schema\\\/logo\\\/image\\\/\"}}]}<\/script>\n<!-- \/ Yoast SEO plugin. -->","yoast_head_json":{"title":"Le Vrai Claude 3.0 Bleu royal Marine Adult - Bantam Camping AG","robots":{"index":"index","follow":"follow","max-snippet":"max-snippet:-1","max-image-preview":"max-image-preview:large","max-video-preview":"max-video-preview:-1"},"canonical":"https:\/\/shop.bantam.ch\/de\/produkt\/le-vrai-claude-3-0-bleu-royal-marine-adult\/","og_locale":"de_DE","og_type":"article","og_title":"Le Vrai Claude 3.0 Bleu royal Marine Adult - Bantam Camping AG","og_description":"Gr\u00f6sse M Die kurze Jacke Claude von K-Way ist eine Ikone, die den Geist der Marke in jedem Detail verk\u00f6rpert. Sie besteht aus einem innovativen Micro-Ripstop-4.0-Gewebe aus 100 % recyceltem Material, das dank einer Wassers\u00e4ule von 10K und einer Atmungsaktivit\u00e4t von 10K noch wetterbest\u00e4ndiger und atmungsaktiver ist. Innenliegende, thermoversiegelte N\u00e4hte sorgen zudem f\u00fcr eine hervorragende [&hellip;]","og_url":"https:\/\/shop.bantam.ch\/de\/produkt\/le-vrai-claude-3-0-bleu-royal-marine-adult\/","og_site_name":"Bantam Camping AG","article_modified_time":"2026-04-17T21:58:24+00:00","og_image":[{"width":800,"height":800,"url":"https:\/\/shop.bantam.ch\/wp-content\/uploads\/2026\/03\/79426011.jpg","type":"image\/jpeg"}],"twitter_card":"summary_large_image","twitter_misc":{"Gesch\u00e4tzte Lesezeit":"1\u00a0Minute"},"schema":{"@context":"https:\/\/schema.org","@graph":[{"@type":"WebPage","@id":"https:\/\/shop.bantam.ch\/de\/produkt\/le-vrai-claude-3-0-bleu-royal-marine-adult\/","url":"https:\/\/shop.bantam.ch\/de\/produkt\/le-vrai-claude-3-0-bleu-royal-marine-adult\/","name":"Le Vrai Claude 3.0 Bleu royal Marine Adult - Bantam Camping AG","isPartOf":{"@id":"https:\/\/shop.bantam.ch\/de\/#website"},"primaryImageOfPage":{"@id":"https:\/\/shop.bantam.ch\/de\/produkt\/le-vrai-claude-3-0-bleu-royal-marine-adult\/#primaryimage"},"image":{"@id":"https:\/\/shop.bantam.ch\/de\/produkt\/le-vrai-claude-3-0-bleu-royal-marine-adult\/#primaryimage"},"thumbnailUrl":"https:\/\/shop.bantam.ch\/wp-content\/uploads\/2026\/03\/79426011.jpg","datePublished":"2026-03-10T15:48:59+00:00","dateModified":"2026-04-17T21:58:24+00:00","breadcrumb":{"@id":"https:\/\/shop.bantam.ch\/de\/produkt\/le-vrai-claude-3-0-bleu-royal-marine-adult\/#breadcrumb"},"inLanguage":"de","potentialAction":[{"@type":"ReadAction","target":["https:\/\/shop.bantam.ch\/de\/produkt\/le-vrai-claude-3-0-bleu-royal-marine-adult\/"]}]},{"@type":"ImageObject","inLanguage":"de","@id":"https:\/\/shop.bantam.ch\/de\/produkt\/le-vrai-claude-3-0-bleu-royal-marine-adult\/#primaryimage","url":"https:\/\/shop.bantam.ch\/wp-content\/uploads\/2026\/03\/79426011.jpg","contentUrl":"https:\/\/shop.bantam.ch\/wp-content\/uploads\/2026\/03\/79426011.jpg","width":800,"height":800},{"@type":"BreadcrumbList","@id":"https:\/\/shop.bantam.ch\/de\/produkt\/le-vrai-claude-3-0-bleu-royal-marine-adult\/#breadcrumb","itemListElement":[{"@type":"ListItem","position":1,"name":"Accueil","item":"https:\/\/shop.bantam.ch\/de\/"},{"@type":"ListItem","position":2,"name":"Shop","item":"https:\/\/shop.bantam.ch\/de\/shop\/"},{"@type":"ListItem","position":3,"name":"Le Vrai Claude 3.0 Bleu royal Marine Adult"}]},{"@type":"WebSite","@id":"https:\/\/shop.bantam.ch\/de\/#website","url":"https:\/\/shop.bantam.ch\/de\/","name":"Bantam Camping AG","description":"","publisher":{"@id":"https:\/\/shop.bantam.ch\/de\/#organization"},"inLanguage":"de"},{"@type":"Organization","@id":"https:\/\/shop.bantam.ch\/de\/#organization","name":"Bantam Camping AG","url":"https:\/\/shop.bantam.ch\/de\/","logo":{"@type":"ImageObject","inLanguage":"de","@id":"https:\/\/shop.bantam.ch\/de\/#\/schema\/logo\/image\/","url":"https:\/\/shop.bantam.ch\/wp-content\/uploads\/2022\/12\/bantam-logo.png","contentUrl":"https:\/\/shop.bantam.ch\/wp-content\/uploads\/2022\/12\/bantam-logo.png","width":320,"height":71,"caption":"Bantam Camping AG"},"image":{"@id":"https:\/\/shop.bantam.ch\/de\/#\/schema\/logo\/image\/"}}]}},"_links":{"self":[{"href":"https:\/\/shop.bantam.ch\/de\/wp-json\/wp\/v2\/product\/234740","targetHints":{"allow":["GET"]}}],"collection":[{"href":"https:\/\/shop.bantam.ch\/de\/wp-json\/wp\/v2\/product"}],"about":[{"href":"https:\/\/shop.bantam.ch\/de\/wp-json\/wp\/v2\/types\/product"}],"wp:featuredmedia":[{"embeddable":true,"href":"https:\/\/shop.bantam.ch\/de\/wp-json\/wp\/v2\/media\/234736"}],"wp:attachment":[{"href":"https:\/\/shop.bantam.ch\/de\/wp-json\/wp\/v2\/media?parent=234740"}],"wp:term":[{"taxonomy":"product_featured_cat","embeddable":true,"href":"https:\/\/shop.bantam.ch\/de\/wp-json\/wp\/v2\/product_featured_cat?post=234740"},{"taxonomy":"product_brand","embeddable":true,"href":"https:\/\/shop.bantam.ch\/de\/wp-json\/wp\/v2\/product_brand?post=234740"},{"taxonomy":"product_cat","embeddable":true,"href":"https:\/\/shop.bantam.ch\/de\/wp-json\/wp\/v2\/product_cat?post=234740"},{"taxonomy":"product_tag","embeddable":true,"href":"https:\/\/shop.bantam.ch\/de\/wp-json\/wp\/v2\/product_tag?post=234740"}],"curies":[{"name":"wp","href":"https:\/\/api.w.org\/{rel}","templated":true}]}}