{"id":234730,"date":"2026-03-10T16:43:16","date_gmt":"2026-03-10T15:43:16","guid":{"rendered":"https:\/\/shop.bantam.ch\/produit\/le-vrai-claude-4-0-pink-geranium\/"},"modified":"2026-04-18T02:55:36","modified_gmt":"2026-04-18T00:55:36","slug":"le-vrai-claude-4-0-pink-geranium","status":"publish","type":"product","link":"https:\/\/shop.bantam.ch\/de\/produkt\/le-vrai-claude-4-0-pink-geranium\/","title":{"rendered":"Le Vrai Claude 4.0 Pink Geranium"},"content":{"rendered":"<p>Claude ist die ikonische kurze Jacke f\u00fcr Kinder, die den typischen K-Way-Style lieben. Dieses Unisex-Modell besteht aus unserem innovativen Micro-Ripstop-4.0-Gewebe aus 100 % recyceltem Material. Dank einer Wassers\u00e4ule von 10K und einer Atmungsaktivit\u00e4t von 10K ist das Material besonders wetterbest\u00e4ndig und gleichzeitig atmungsaktiv. Innenliegende, thermoversiegelte N\u00e4hte bieten eine hervorragende Isolierung gegen Wind und Regen. Das besondere Merkmal dieser Jacke ist ihr geringes Packma\u00df, wenn sie zusammengefaltet und in einer ihrer beiden Taschen verstaut wird. Sie l\u00e4sst sich daher leicht in einem Rucksack f\u00fcr die Schule oder Ausfl\u00fcge mitnehmen und ist ideal, um pl\u00f6tzlichem Regen oder Wind standzuhalten. Eigenschaften : Wasserdichtes, wasserabweisendes, winddichtes und atmungsaktives Nylon-Ripstop-Gewebe. DWR-Behandlung (Durable Water Repellent). Wasserdichtigkeit : 10.000 mm Wassers\u00e4ule. Atmungsaktivit\u00e4t : 10.000 g\/m\u00b2\/24 h. Packbar \/ faltbar.<br \/>\nThermoversiegelte N\u00e4hte. Elastische Kapuze. Rei\u00dfverschluss. Innenliegende Windschutzleiste. Bel\u00fcftungs\u00f6ffnung auf der R\u00fcckseite. Elastische \u00c4rmelb\u00fcndchen und elastischer Saum. 2 Rei\u00dfverschlusstaschen. Gedrucktes Logo.<\/p>\n","protected":false},"excerpt":{"rendered":"<p>Claude ist die ikonische kurze Jacke f\u00fcr Kinder, die den typischen K-Way-Style lieben. Dieses Unisex-Modell besteht aus unserem innovativen Micro-Ripstop-4.0-Gewebe aus 100 % recyceltem Material. Dank einer Wassers\u00e4ule von 10K und einer Atmungsaktivit\u00e4t von 10K ist das Material besonders wetterbest\u00e4ndig und gleichzeitig atmungsaktiv. Innenliegende, thermoversiegelte N\u00e4hte bieten eine hervorragende Isolierung gegen Wind und Regen. Das [&hellip;]<\/p>\n","protected":false},"featured_media":234722,"template":"","meta":{"_acf_changed":false},"product_featured_cat":[],"product_brand":[5310],"product_cat":[3954],"product_tag":[],"class_list":{"0":"post-234730","1":"product","2":"type-product","3":"status-publish","4":"has-post-thumbnail","6":"product_brand-furore-sports-de","7":"product_cat-freizeit","9":"first","10":"instock","11":"taxable","12":"shipping-taxable","13":"purchasable","14":"product-type-variable"},"acf":[],"yoast_head":"<!-- This site is optimized with the Yoast SEO plugin v27.4 - https:\/\/yoast.com\/product\/yoast-seo-wordpress\/ -->\n<title>Le Vrai Claude 4.0 Pink Geranium - Bantam Camping AG<\/title>\n<meta name=\"robots\" content=\"index, follow, max-snippet:-1, max-image-preview:large, max-video-preview:-1\" \/>\n<link rel=\"canonical\" href=\"https:\/\/shop.bantam.ch\/de\/produkt\/le-vrai-claude-4-0-pink-geranium\/\" \/>\n<meta property=\"og:locale\" content=\"de_DE\" \/>\n<meta property=\"og:type\" content=\"article\" \/>\n<meta property=\"og:title\" content=\"Le Vrai Claude 4.0 Pink Geranium - Bantam Camping AG\" \/>\n<meta property=\"og:description\" content=\"Claude ist die ikonische kurze Jacke f\u00fcr Kinder, die den typischen K-Way-Style lieben. Dieses Unisex-Modell besteht aus unserem innovativen Micro-Ripstop-4.0-Gewebe aus 100 % recyceltem Material. Dank einer Wassers\u00e4ule von 10K und einer Atmungsaktivit\u00e4t von 10K ist das Material besonders wetterbest\u00e4ndig und gleichzeitig atmungsaktiv. Innenliegende, thermoversiegelte N\u00e4hte bieten eine hervorragende Isolierung gegen Wind und Regen. Das [&hellip;]\" \/>\n<meta property=\"og:url\" content=\"https:\/\/shop.bantam.ch\/de\/produkt\/le-vrai-claude-4-0-pink-geranium\/\" \/>\n<meta property=\"og:site_name\" content=\"Bantam Camping AG\" \/>\n<meta property=\"article:modified_time\" content=\"2026-04-18T00:55:36+00:00\" \/>\n<meta property=\"og:image\" content=\"https:\/\/shop.bantam.ch\/wp-content\/uploads\/2026\/03\/79426007.jpg\" \/>\n\t<meta property=\"og:image:width\" content=\"800\" \/>\n\t<meta property=\"og:image:height\" content=\"800\" \/>\n\t<meta property=\"og:image:type\" content=\"image\/jpeg\" \/>\n<meta name=\"twitter:card\" content=\"summary_large_image\" \/>\n<meta name=\"twitter:label1\" content=\"Gesch\u00e4tzte Lesezeit\" \/>\n\t<meta name=\"twitter:data1\" content=\"1\u00a0Minute\" \/>\n<script type=\"application\/ld+json\" class=\"yoast-schema-graph\">{\"@context\":\"https:\\\/\\\/schema.org\",\"@graph\":[{\"@type\":\"WebPage\",\"@id\":\"https:\\\/\\\/shop.bantam.ch\\\/de\\\/produkt\\\/le-vrai-claude-4-0-pink-geranium\\\/\",\"url\":\"https:\\\/\\\/shop.bantam.ch\\\/de\\\/produkt\\\/le-vrai-claude-4-0-pink-geranium\\\/\",\"name\":\"Le Vrai Claude 4.0 Pink Geranium - Bantam Camping AG\",\"isPartOf\":{\"@id\":\"https:\\\/\\\/shop.bantam.ch\\\/de\\\/#website\"},\"primaryImageOfPage\":{\"@id\":\"https:\\\/\\\/shop.bantam.ch\\\/de\\\/produkt\\\/le-vrai-claude-4-0-pink-geranium\\\/#primaryimage\"},\"image\":{\"@id\":\"https:\\\/\\\/shop.bantam.ch\\\/de\\\/produkt\\\/le-vrai-claude-4-0-pink-geranium\\\/#primaryimage\"},\"thumbnailUrl\":\"https:\\\/\\\/shop.bantam.ch\\\/wp-content\\\/uploads\\\/2026\\\/03\\\/79426007.jpg\",\"datePublished\":\"2026-03-10T15:43:16+00:00\",\"dateModified\":\"2026-04-18T00:55:36+00:00\",\"breadcrumb\":{\"@id\":\"https:\\\/\\\/shop.bantam.ch\\\/de\\\/produkt\\\/le-vrai-claude-4-0-pink-geranium\\\/#breadcrumb\"},\"inLanguage\":\"de\",\"potentialAction\":[{\"@type\":\"ReadAction\",\"target\":[\"https:\\\/\\\/shop.bantam.ch\\\/de\\\/produkt\\\/le-vrai-claude-4-0-pink-geranium\\\/\"]}]},{\"@type\":\"ImageObject\",\"inLanguage\":\"de\",\"@id\":\"https:\\\/\\\/shop.bantam.ch\\\/de\\\/produkt\\\/le-vrai-claude-4-0-pink-geranium\\\/#primaryimage\",\"url\":\"https:\\\/\\\/shop.bantam.ch\\\/wp-content\\\/uploads\\\/2026\\\/03\\\/79426007.jpg\",\"contentUrl\":\"https:\\\/\\\/shop.bantam.ch\\\/wp-content\\\/uploads\\\/2026\\\/03\\\/79426007.jpg\",\"width\":800,\"height\":800},{\"@type\":\"BreadcrumbList\",\"@id\":\"https:\\\/\\\/shop.bantam.ch\\\/de\\\/produkt\\\/le-vrai-claude-4-0-pink-geranium\\\/#breadcrumb\",\"itemListElement\":[{\"@type\":\"ListItem\",\"position\":1,\"name\":\"Accueil\",\"item\":\"https:\\\/\\\/shop.bantam.ch\\\/de\\\/\"},{\"@type\":\"ListItem\",\"position\":2,\"name\":\"Shop\",\"item\":\"https:\\\/\\\/shop.bantam.ch\\\/de\\\/shop\\\/\"},{\"@type\":\"ListItem\",\"position\":3,\"name\":\"Le Vrai Claude 4.0 Pink Geranium\"}]},{\"@type\":\"WebSite\",\"@id\":\"https:\\\/\\\/shop.bantam.ch\\\/de\\\/#website\",\"url\":\"https:\\\/\\\/shop.bantam.ch\\\/de\\\/\",\"name\":\"Bantam Camping AG\",\"description\":\"\",\"publisher\":{\"@id\":\"https:\\\/\\\/shop.bantam.ch\\\/de\\\/#organization\"},\"inLanguage\":\"de\"},{\"@type\":\"Organization\",\"@id\":\"https:\\\/\\\/shop.bantam.ch\\\/de\\\/#organization\",\"name\":\"Bantam Camping AG\",\"url\":\"https:\\\/\\\/shop.bantam.ch\\\/de\\\/\",\"logo\":{\"@type\":\"ImageObject\",\"inLanguage\":\"de\",\"@id\":\"https:\\\/\\\/shop.bantam.ch\\\/de\\\/#\\\/schema\\\/logo\\\/image\\\/\",\"url\":\"https:\\\/\\\/shop.bantam.ch\\\/wp-content\\\/uploads\\\/2022\\\/12\\\/bantam-logo.png\",\"contentUrl\":\"https:\\\/\\\/shop.bantam.ch\\\/wp-content\\\/uploads\\\/2022\\\/12\\\/bantam-logo.png\",\"width\":320,\"height\":71,\"caption\":\"Bantam Camping AG\"},\"image\":{\"@id\":\"https:\\\/\\\/shop.bantam.ch\\\/de\\\/#\\\/schema\\\/logo\\\/image\\\/\"}}]}<\/script>\n<!-- \/ Yoast SEO plugin. -->","yoast_head_json":{"title":"Le Vrai Claude 4.0 Pink Geranium - Bantam Camping AG","robots":{"index":"index","follow":"follow","max-snippet":"max-snippet:-1","max-image-preview":"max-image-preview:large","max-video-preview":"max-video-preview:-1"},"canonical":"https:\/\/shop.bantam.ch\/de\/produkt\/le-vrai-claude-4-0-pink-geranium\/","og_locale":"de_DE","og_type":"article","og_title":"Le Vrai Claude 4.0 Pink Geranium - Bantam Camping AG","og_description":"Claude ist die ikonische kurze Jacke f\u00fcr Kinder, die den typischen K-Way-Style lieben. Dieses Unisex-Modell besteht aus unserem innovativen Micro-Ripstop-4.0-Gewebe aus 100 % recyceltem Material. Dank einer Wassers\u00e4ule von 10K und einer Atmungsaktivit\u00e4t von 10K ist das Material besonders wetterbest\u00e4ndig und gleichzeitig atmungsaktiv. Innenliegende, thermoversiegelte N\u00e4hte bieten eine hervorragende Isolierung gegen Wind und Regen. Das [&hellip;]","og_url":"https:\/\/shop.bantam.ch\/de\/produkt\/le-vrai-claude-4-0-pink-geranium\/","og_site_name":"Bantam Camping AG","article_modified_time":"2026-04-18T00:55:36+00:00","og_image":[{"width":800,"height":800,"url":"https:\/\/shop.bantam.ch\/wp-content\/uploads\/2026\/03\/79426007.jpg","type":"image\/jpeg"}],"twitter_card":"summary_large_image","twitter_misc":{"Gesch\u00e4tzte Lesezeit":"1\u00a0Minute"},"schema":{"@context":"https:\/\/schema.org","@graph":[{"@type":"WebPage","@id":"https:\/\/shop.bantam.ch\/de\/produkt\/le-vrai-claude-4-0-pink-geranium\/","url":"https:\/\/shop.bantam.ch\/de\/produkt\/le-vrai-claude-4-0-pink-geranium\/","name":"Le Vrai Claude 4.0 Pink Geranium - Bantam Camping AG","isPartOf":{"@id":"https:\/\/shop.bantam.ch\/de\/#website"},"primaryImageOfPage":{"@id":"https:\/\/shop.bantam.ch\/de\/produkt\/le-vrai-claude-4-0-pink-geranium\/#primaryimage"},"image":{"@id":"https:\/\/shop.bantam.ch\/de\/produkt\/le-vrai-claude-4-0-pink-geranium\/#primaryimage"},"thumbnailUrl":"https:\/\/shop.bantam.ch\/wp-content\/uploads\/2026\/03\/79426007.jpg","datePublished":"2026-03-10T15:43:16+00:00","dateModified":"2026-04-18T00:55:36+00:00","breadcrumb":{"@id":"https:\/\/shop.bantam.ch\/de\/produkt\/le-vrai-claude-4-0-pink-geranium\/#breadcrumb"},"inLanguage":"de","potentialAction":[{"@type":"ReadAction","target":["https:\/\/shop.bantam.ch\/de\/produkt\/le-vrai-claude-4-0-pink-geranium\/"]}]},{"@type":"ImageObject","inLanguage":"de","@id":"https:\/\/shop.bantam.ch\/de\/produkt\/le-vrai-claude-4-0-pink-geranium\/#primaryimage","url":"https:\/\/shop.bantam.ch\/wp-content\/uploads\/2026\/03\/79426007.jpg","contentUrl":"https:\/\/shop.bantam.ch\/wp-content\/uploads\/2026\/03\/79426007.jpg","width":800,"height":800},{"@type":"BreadcrumbList","@id":"https:\/\/shop.bantam.ch\/de\/produkt\/le-vrai-claude-4-0-pink-geranium\/#breadcrumb","itemListElement":[{"@type":"ListItem","position":1,"name":"Accueil","item":"https:\/\/shop.bantam.ch\/de\/"},{"@type":"ListItem","position":2,"name":"Shop","item":"https:\/\/shop.bantam.ch\/de\/shop\/"},{"@type":"ListItem","position":3,"name":"Le Vrai Claude 4.0 Pink Geranium"}]},{"@type":"WebSite","@id":"https:\/\/shop.bantam.ch\/de\/#website","url":"https:\/\/shop.bantam.ch\/de\/","name":"Bantam Camping AG","description":"","publisher":{"@id":"https:\/\/shop.bantam.ch\/de\/#organization"},"inLanguage":"de"},{"@type":"Organization","@id":"https:\/\/shop.bantam.ch\/de\/#organization","name":"Bantam Camping AG","url":"https:\/\/shop.bantam.ch\/de\/","logo":{"@type":"ImageObject","inLanguage":"de","@id":"https:\/\/shop.bantam.ch\/de\/#\/schema\/logo\/image\/","url":"https:\/\/shop.bantam.ch\/wp-content\/uploads\/2022\/12\/bantam-logo.png","contentUrl":"https:\/\/shop.bantam.ch\/wp-content\/uploads\/2022\/12\/bantam-logo.png","width":320,"height":71,"caption":"Bantam Camping AG"},"image":{"@id":"https:\/\/shop.bantam.ch\/de\/#\/schema\/logo\/image\/"}}]}},"_links":{"self":[{"href":"https:\/\/shop.bantam.ch\/de\/wp-json\/wp\/v2\/product\/234730","targetHints":{"allow":["GET"]}}],"collection":[{"href":"https:\/\/shop.bantam.ch\/de\/wp-json\/wp\/v2\/product"}],"about":[{"href":"https:\/\/shop.bantam.ch\/de\/wp-json\/wp\/v2\/types\/product"}],"wp:featuredmedia":[{"embeddable":true,"href":"https:\/\/shop.bantam.ch\/de\/wp-json\/wp\/v2\/media\/234722"}],"wp:attachment":[{"href":"https:\/\/shop.bantam.ch\/de\/wp-json\/wp\/v2\/media?parent=234730"}],"wp:term":[{"taxonomy":"product_featured_cat","embeddable":true,"href":"https:\/\/shop.bantam.ch\/de\/wp-json\/wp\/v2\/product_featured_cat?post=234730"},{"taxonomy":"product_brand","embeddable":true,"href":"https:\/\/shop.bantam.ch\/de\/wp-json\/wp\/v2\/product_brand?post=234730"},{"taxonomy":"product_cat","embeddable":true,"href":"https:\/\/shop.bantam.ch\/de\/wp-json\/wp\/v2\/product_cat?post=234730"},{"taxonomy":"product_tag","embeddable":true,"href":"https:\/\/shop.bantam.ch\/de\/wp-json\/wp\/v2\/product_tag?post=234730"}],"curies":[{"name":"wp","href":"https:\/\/api.w.org\/{rel}","templated":true}]}}