{"id":234673,"date":"2026-03-09T10:39:44","date_gmt":"2026-03-09T09:39:44","guid":{"rendered":"https:\/\/shop.bantam.ch\/produit\/vorzelt-roam-air-low\/"},"modified":"2026-04-19T00:02:08","modified_gmt":"2026-04-18T22:02:08","slug":"vorzelt-roam-air-low","status":"publish","type":"product","link":"https:\/\/shop.bantam.ch\/de\/produkt\/vorzelt-roam-air-low\/","title":{"rendered":"Vorzelt Roam Air Low"},"content":{"rendered":"<p>Raumerweiterung. Das Roam Air Low von Dometic ist ein aufblasbares Zelt, das f\u00fcr die Befestigung an Ihrem SUV oder Wohnmobil konzipiert wurde. Es wurde entwickelt, um den Au\u00dfenwohnraum zu vergr\u00f6\u00dfern, und bietet einen direkt an Ihr Fahrzeug angrenzenden zus\u00e4tzlichen Unterstand, ideal f\u00fcr Familien- oder Freundesurlaube. Schneller Aufbau. Dank seiner aufblasbaren Konstruktion ben\u00f6tigt dieses Zelt keinen traditionellen Gest\u00e4ngeaufbau: Innerhalb weniger Minuten entfaltet es sich und wird an Ihr Fahrzeug angeschlossen. Sein kompaktes Design passt sich Fahrzeugen mit einer H\u00f6he von 180 bis 210 cm an, und das Drive-Away-System erm\u00f6glicht es, Ihr Fahrzeug ohne vorheriges Abbauen zu entfernen \u2013 f\u00fcr maximale Flexibilit\u00e4t unterwegs. Produktspezifikationen. Material: 150D Polyester. Anschluss-H\u00f6he: 180\u2013210 cm. Rohre: Air tubes. Packma\u00df: 78 x 38 x 34 cm<\/p>\n","protected":false},"excerpt":{"rendered":"<p>Raumerweiterung. Das Roam Air Low von Dometic ist ein aufblasbares Zelt, das f\u00fcr die Befestigung an Ihrem SUV oder Wohnmobil konzipiert wurde. Es wurde entwickelt, um den Au\u00dfenwohnraum zu vergr\u00f6\u00dfern, und bietet einen direkt an Ihr Fahrzeug angrenzenden zus\u00e4tzlichen Unterstand, ideal f\u00fcr Familien- oder Freundesurlaube. Schneller Aufbau. Dank seiner aufblasbaren Konstruktion ben\u00f6tigt dieses Zelt keinen [&hellip;]<\/p>\n","protected":false},"featured_media":234671,"template":"","meta":{"_acf_changed":false},"product_featured_cat":[],"product_brand":[3717],"product_cat":[4248],"product_tag":[],"class_list":{"0":"post-234673","1":"product","2":"type-product","3":"status-publish","4":"has-post-thumbnail","6":"product_brand-kundert-de","7":"product_cat-vorzelte-zelte","9":"first","10":"instock","11":"taxable","12":"shipping-taxable","13":"purchasable","14":"product-type-simple"},"acf":[],"yoast_head":"<!-- This site is optimized with the Yoast SEO plugin v27.4 - https:\/\/yoast.com\/product\/yoast-seo-wordpress\/ -->\n<title>Vorzelt Roam Air Low - Bantam Camping AG<\/title>\n<meta name=\"robots\" content=\"index, follow, max-snippet:-1, max-image-preview:large, max-video-preview:-1\" \/>\n<link rel=\"canonical\" href=\"https:\/\/shop.bantam.ch\/de\/produkt\/vorzelt-roam-air-low\/\" \/>\n<meta property=\"og:locale\" content=\"de_DE\" \/>\n<meta property=\"og:type\" content=\"article\" \/>\n<meta property=\"og:title\" content=\"Vorzelt Roam Air Low - Bantam Camping AG\" \/>\n<meta property=\"og:description\" content=\"Raumerweiterung. Das Roam Air Low von Dometic ist ein aufblasbares Zelt, das f\u00fcr die Befestigung an Ihrem SUV oder Wohnmobil konzipiert wurde. Es wurde entwickelt, um den Au\u00dfenwohnraum zu vergr\u00f6\u00dfern, und bietet einen direkt an Ihr Fahrzeug angrenzenden zus\u00e4tzlichen Unterstand, ideal f\u00fcr Familien- oder Freundesurlaube. Schneller Aufbau. Dank seiner aufblasbaren Konstruktion ben\u00f6tigt dieses Zelt keinen [&hellip;]\" \/>\n<meta property=\"og:url\" content=\"https:\/\/shop.bantam.ch\/de\/produkt\/vorzelt-roam-air-low\/\" \/>\n<meta property=\"og:site_name\" content=\"Bantam Camping AG\" \/>\n<meta property=\"article:modified_time\" content=\"2026-04-18T22:02:08+00:00\" \/>\n<meta property=\"og:image\" content=\"https:\/\/shop.bantam.ch\/wp-content\/uploads\/2026\/03\/15026012.jpg\" \/>\n\t<meta property=\"og:image:width\" content=\"800\" \/>\n\t<meta property=\"og:image:height\" content=\"415\" \/>\n\t<meta property=\"og:image:type\" content=\"image\/jpeg\" \/>\n<meta name=\"twitter:card\" content=\"summary_large_image\" \/>\n<meta name=\"twitter:label1\" content=\"Gesch\u00e4tzte Lesezeit\" \/>\n\t<meta name=\"twitter:data1\" content=\"1\u00a0Minute\" \/>\n<script type=\"application\/ld+json\" class=\"yoast-schema-graph\">{\"@context\":\"https:\\\/\\\/schema.org\",\"@graph\":[{\"@type\":\"WebPage\",\"@id\":\"https:\\\/\\\/shop.bantam.ch\\\/de\\\/produkt\\\/vorzelt-roam-air-low\\\/\",\"url\":\"https:\\\/\\\/shop.bantam.ch\\\/de\\\/produkt\\\/vorzelt-roam-air-low\\\/\",\"name\":\"Vorzelt Roam Air Low - Bantam Camping AG\",\"isPartOf\":{\"@id\":\"https:\\\/\\\/shop.bantam.ch\\\/de\\\/#website\"},\"primaryImageOfPage\":{\"@id\":\"https:\\\/\\\/shop.bantam.ch\\\/de\\\/produkt\\\/vorzelt-roam-air-low\\\/#primaryimage\"},\"image\":{\"@id\":\"https:\\\/\\\/shop.bantam.ch\\\/de\\\/produkt\\\/vorzelt-roam-air-low\\\/#primaryimage\"},\"thumbnailUrl\":\"https:\\\/\\\/shop.bantam.ch\\\/wp-content\\\/uploads\\\/2026\\\/03\\\/15026012.jpg\",\"datePublished\":\"2026-03-09T09:39:44+00:00\",\"dateModified\":\"2026-04-18T22:02:08+00:00\",\"breadcrumb\":{\"@id\":\"https:\\\/\\\/shop.bantam.ch\\\/de\\\/produkt\\\/vorzelt-roam-air-low\\\/#breadcrumb\"},\"inLanguage\":\"de\",\"potentialAction\":[{\"@type\":\"ReadAction\",\"target\":[\"https:\\\/\\\/shop.bantam.ch\\\/de\\\/produkt\\\/vorzelt-roam-air-low\\\/\"]}]},{\"@type\":\"ImageObject\",\"inLanguage\":\"de\",\"@id\":\"https:\\\/\\\/shop.bantam.ch\\\/de\\\/produkt\\\/vorzelt-roam-air-low\\\/#primaryimage\",\"url\":\"https:\\\/\\\/shop.bantam.ch\\\/wp-content\\\/uploads\\\/2026\\\/03\\\/15026012.jpg\",\"contentUrl\":\"https:\\\/\\\/shop.bantam.ch\\\/wp-content\\\/uploads\\\/2026\\\/03\\\/15026012.jpg\",\"width\":800,\"height\":415},{\"@type\":\"BreadcrumbList\",\"@id\":\"https:\\\/\\\/shop.bantam.ch\\\/de\\\/produkt\\\/vorzelt-roam-air-low\\\/#breadcrumb\",\"itemListElement\":[{\"@type\":\"ListItem\",\"position\":1,\"name\":\"Accueil\",\"item\":\"https:\\\/\\\/shop.bantam.ch\\\/de\\\/\"},{\"@type\":\"ListItem\",\"position\":2,\"name\":\"Shop\",\"item\":\"https:\\\/\\\/shop.bantam.ch\\\/de\\\/shop\\\/\"},{\"@type\":\"ListItem\",\"position\":3,\"name\":\"Vorzelt Roam Air Low\"}]},{\"@type\":\"WebSite\",\"@id\":\"https:\\\/\\\/shop.bantam.ch\\\/de\\\/#website\",\"url\":\"https:\\\/\\\/shop.bantam.ch\\\/de\\\/\",\"name\":\"Bantam Camping AG\",\"description\":\"\",\"publisher\":{\"@id\":\"https:\\\/\\\/shop.bantam.ch\\\/de\\\/#organization\"},\"inLanguage\":\"de\"},{\"@type\":\"Organization\",\"@id\":\"https:\\\/\\\/shop.bantam.ch\\\/de\\\/#organization\",\"name\":\"Bantam Camping AG\",\"url\":\"https:\\\/\\\/shop.bantam.ch\\\/de\\\/\",\"logo\":{\"@type\":\"ImageObject\",\"inLanguage\":\"de\",\"@id\":\"https:\\\/\\\/shop.bantam.ch\\\/de\\\/#\\\/schema\\\/logo\\\/image\\\/\",\"url\":\"https:\\\/\\\/shop.bantam.ch\\\/wp-content\\\/uploads\\\/2022\\\/12\\\/bantam-logo.png\",\"contentUrl\":\"https:\\\/\\\/shop.bantam.ch\\\/wp-content\\\/uploads\\\/2022\\\/12\\\/bantam-logo.png\",\"width\":320,\"height\":71,\"caption\":\"Bantam Camping AG\"},\"image\":{\"@id\":\"https:\\\/\\\/shop.bantam.ch\\\/de\\\/#\\\/schema\\\/logo\\\/image\\\/\"}}]}<\/script>\n<!-- \/ Yoast SEO plugin. -->","yoast_head_json":{"title":"Vorzelt Roam Air Low - Bantam Camping AG","robots":{"index":"index","follow":"follow","max-snippet":"max-snippet:-1","max-image-preview":"max-image-preview:large","max-video-preview":"max-video-preview:-1"},"canonical":"https:\/\/shop.bantam.ch\/de\/produkt\/vorzelt-roam-air-low\/","og_locale":"de_DE","og_type":"article","og_title":"Vorzelt Roam Air Low - Bantam Camping AG","og_description":"Raumerweiterung. Das Roam Air Low von Dometic ist ein aufblasbares Zelt, das f\u00fcr die Befestigung an Ihrem SUV oder Wohnmobil konzipiert wurde. Es wurde entwickelt, um den Au\u00dfenwohnraum zu vergr\u00f6\u00dfern, und bietet einen direkt an Ihr Fahrzeug angrenzenden zus\u00e4tzlichen Unterstand, ideal f\u00fcr Familien- oder Freundesurlaube. Schneller Aufbau. Dank seiner aufblasbaren Konstruktion ben\u00f6tigt dieses Zelt keinen [&hellip;]","og_url":"https:\/\/shop.bantam.ch\/de\/produkt\/vorzelt-roam-air-low\/","og_site_name":"Bantam Camping AG","article_modified_time":"2026-04-18T22:02:08+00:00","og_image":[{"width":800,"height":415,"url":"https:\/\/shop.bantam.ch\/wp-content\/uploads\/2026\/03\/15026012.jpg","type":"image\/jpeg"}],"twitter_card":"summary_large_image","twitter_misc":{"Gesch\u00e4tzte Lesezeit":"1\u00a0Minute"},"schema":{"@context":"https:\/\/schema.org","@graph":[{"@type":"WebPage","@id":"https:\/\/shop.bantam.ch\/de\/produkt\/vorzelt-roam-air-low\/","url":"https:\/\/shop.bantam.ch\/de\/produkt\/vorzelt-roam-air-low\/","name":"Vorzelt Roam Air Low - Bantam Camping AG","isPartOf":{"@id":"https:\/\/shop.bantam.ch\/de\/#website"},"primaryImageOfPage":{"@id":"https:\/\/shop.bantam.ch\/de\/produkt\/vorzelt-roam-air-low\/#primaryimage"},"image":{"@id":"https:\/\/shop.bantam.ch\/de\/produkt\/vorzelt-roam-air-low\/#primaryimage"},"thumbnailUrl":"https:\/\/shop.bantam.ch\/wp-content\/uploads\/2026\/03\/15026012.jpg","datePublished":"2026-03-09T09:39:44+00:00","dateModified":"2026-04-18T22:02:08+00:00","breadcrumb":{"@id":"https:\/\/shop.bantam.ch\/de\/produkt\/vorzelt-roam-air-low\/#breadcrumb"},"inLanguage":"de","potentialAction":[{"@type":"ReadAction","target":["https:\/\/shop.bantam.ch\/de\/produkt\/vorzelt-roam-air-low\/"]}]},{"@type":"ImageObject","inLanguage":"de","@id":"https:\/\/shop.bantam.ch\/de\/produkt\/vorzelt-roam-air-low\/#primaryimage","url":"https:\/\/shop.bantam.ch\/wp-content\/uploads\/2026\/03\/15026012.jpg","contentUrl":"https:\/\/shop.bantam.ch\/wp-content\/uploads\/2026\/03\/15026012.jpg","width":800,"height":415},{"@type":"BreadcrumbList","@id":"https:\/\/shop.bantam.ch\/de\/produkt\/vorzelt-roam-air-low\/#breadcrumb","itemListElement":[{"@type":"ListItem","position":1,"name":"Accueil","item":"https:\/\/shop.bantam.ch\/de\/"},{"@type":"ListItem","position":2,"name":"Shop","item":"https:\/\/shop.bantam.ch\/de\/shop\/"},{"@type":"ListItem","position":3,"name":"Vorzelt Roam Air Low"}]},{"@type":"WebSite","@id":"https:\/\/shop.bantam.ch\/de\/#website","url":"https:\/\/shop.bantam.ch\/de\/","name":"Bantam Camping AG","description":"","publisher":{"@id":"https:\/\/shop.bantam.ch\/de\/#organization"},"inLanguage":"de"},{"@type":"Organization","@id":"https:\/\/shop.bantam.ch\/de\/#organization","name":"Bantam Camping AG","url":"https:\/\/shop.bantam.ch\/de\/","logo":{"@type":"ImageObject","inLanguage":"de","@id":"https:\/\/shop.bantam.ch\/de\/#\/schema\/logo\/image\/","url":"https:\/\/shop.bantam.ch\/wp-content\/uploads\/2022\/12\/bantam-logo.png","contentUrl":"https:\/\/shop.bantam.ch\/wp-content\/uploads\/2022\/12\/bantam-logo.png","width":320,"height":71,"caption":"Bantam Camping AG"},"image":{"@id":"https:\/\/shop.bantam.ch\/de\/#\/schema\/logo\/image\/"}}]}},"_links":{"self":[{"href":"https:\/\/shop.bantam.ch\/de\/wp-json\/wp\/v2\/product\/234673","targetHints":{"allow":["GET"]}}],"collection":[{"href":"https:\/\/shop.bantam.ch\/de\/wp-json\/wp\/v2\/product"}],"about":[{"href":"https:\/\/shop.bantam.ch\/de\/wp-json\/wp\/v2\/types\/product"}],"wp:featuredmedia":[{"embeddable":true,"href":"https:\/\/shop.bantam.ch\/de\/wp-json\/wp\/v2\/media\/234671"}],"wp:attachment":[{"href":"https:\/\/shop.bantam.ch\/de\/wp-json\/wp\/v2\/media?parent=234673"}],"wp:term":[{"taxonomy":"product_featured_cat","embeddable":true,"href":"https:\/\/shop.bantam.ch\/de\/wp-json\/wp\/v2\/product_featured_cat?post=234673"},{"taxonomy":"product_brand","embeddable":true,"href":"https:\/\/shop.bantam.ch\/de\/wp-json\/wp\/v2\/product_brand?post=234673"},{"taxonomy":"product_cat","embeddable":true,"href":"https:\/\/shop.bantam.ch\/de\/wp-json\/wp\/v2\/product_cat?post=234673"},{"taxonomy":"product_tag","embeddable":true,"href":"https:\/\/shop.bantam.ch\/de\/wp-json\/wp\/v2\/product_tag?post=234673"}],"curies":[{"name":"wp","href":"https:\/\/api.w.org\/{rel}","templated":true}]}}