{"id":234669,"date":"2026-03-09T10:31:08","date_gmt":"2026-03-09T09:31:08","guid":{"rendered":"https:\/\/shop.bantam.ch\/produit\/vorzelt-grande-air-stay-390-s\/"},"modified":"2026-04-19T00:02:02","modified_gmt":"2026-04-18T22:02:02","slug":"vorzelt-grande-air-stay-390-s","status":"publish","type":"product","link":"https:\/\/shop.bantam.ch\/de\/produkt\/vorzelt-grande-air-stay-390-s\/","title":{"rendered":"Vorzelt Grande AIR Stay 390 S"},"content":{"rendered":"<p>Der Grande ist ein ger\u00e4umigeres Rally-Vorzelt. Es hat eine Tiefe von 300 cm und verf\u00fcgt im Vergleich zum Rally \u00fcber je ein zus\u00e4tzliches Fenster auf jeder Seite. Hergestellt aus dem Material Stay, bietet dieses Vorzelt ein rei\u00dffestes Ripstop-Gewebe, eine hohe UV-Best\u00e4ndigkeit sowie unsere Kombination aus atmungsaktiven Polycotton-Seitenw\u00e4nden und einem besonders langlebigen Polypropylen-Dach. Der Grande ist zudem mit Panoramafenstern und abnehmbaren, leicht zu montierenden Vorh\u00e4ngen ausgestattet.<\/p>\n","protected":false},"excerpt":{"rendered":"<p>Der Grande ist ein ger\u00e4umigeres Rally-Vorzelt. Es hat eine Tiefe von 300 cm und verf\u00fcgt im Vergleich zum Rally \u00fcber je ein zus\u00e4tzliches Fenster auf jeder Seite. Hergestellt aus dem Material Stay, bietet dieses Vorzelt ein rei\u00dffestes Ripstop-Gewebe, eine hohe UV-Best\u00e4ndigkeit sowie unsere Kombination aus atmungsaktiven Polycotton-Seitenw\u00e4nden und einem besonders langlebigen Polypropylen-Dach. Der Grande ist [&hellip;]<\/p>\n","protected":false},"featured_media":234665,"template":"","meta":{"_acf_changed":false},"product_featured_cat":[],"product_brand":[3717],"product_cat":[4248],"product_tag":[],"class_list":{"0":"post-234669","1":"product","2":"type-product","3":"status-publish","4":"has-post-thumbnail","6":"product_brand-kundert-de","7":"product_cat-vorzelte-zelte","9":"first","10":"instock","11":"taxable","12":"shipping-taxable","13":"purchasable","14":"product-type-simple"},"acf":[],"yoast_head":"<!-- This site is optimized with the Yoast SEO plugin v27.4 - https:\/\/yoast.com\/product\/yoast-seo-wordpress\/ -->\n<title>Vorzelt Grande AIR Stay 390 S - Bantam Camping AG<\/title>\n<meta name=\"robots\" content=\"index, follow, max-snippet:-1, max-image-preview:large, max-video-preview:-1\" \/>\n<link rel=\"canonical\" href=\"https:\/\/shop.bantam.ch\/de\/produkt\/vorzelt-grande-air-stay-390-s\/\" \/>\n<meta property=\"og:locale\" content=\"de_DE\" \/>\n<meta property=\"og:type\" content=\"article\" \/>\n<meta property=\"og:title\" content=\"Vorzelt Grande AIR Stay 390 S - Bantam Camping AG\" \/>\n<meta property=\"og:description\" content=\"Der Grande ist ein ger\u00e4umigeres Rally-Vorzelt. Es hat eine Tiefe von 300 cm und verf\u00fcgt im Vergleich zum Rally \u00fcber je ein zus\u00e4tzliches Fenster auf jeder Seite. Hergestellt aus dem Material Stay, bietet dieses Vorzelt ein rei\u00dffestes Ripstop-Gewebe, eine hohe UV-Best\u00e4ndigkeit sowie unsere Kombination aus atmungsaktiven Polycotton-Seitenw\u00e4nden und einem besonders langlebigen Polypropylen-Dach. Der Grande ist [&hellip;]\" \/>\n<meta property=\"og:url\" content=\"https:\/\/shop.bantam.ch\/de\/produkt\/vorzelt-grande-air-stay-390-s\/\" \/>\n<meta property=\"og:site_name\" content=\"Bantam Camping AG\" \/>\n<meta property=\"article:modified_time\" content=\"2026-04-18T22:02:02+00:00\" \/>\n<meta property=\"og:image\" content=\"https:\/\/shop.bantam.ch\/wp-content\/uploads\/2026\/03\/15026011.jpg\" \/>\n\t<meta property=\"og:image:width\" content=\"800\" \/>\n\t<meta property=\"og:image:height\" content=\"800\" \/>\n\t<meta property=\"og:image:type\" content=\"image\/jpeg\" \/>\n<meta name=\"twitter:card\" content=\"summary_large_image\" \/>\n<script type=\"application\/ld+json\" class=\"yoast-schema-graph\">{\"@context\":\"https:\\\/\\\/schema.org\",\"@graph\":[{\"@type\":\"WebPage\",\"@id\":\"https:\\\/\\\/shop.bantam.ch\\\/de\\\/produkt\\\/vorzelt-grande-air-stay-390-s\\\/\",\"url\":\"https:\\\/\\\/shop.bantam.ch\\\/de\\\/produkt\\\/vorzelt-grande-air-stay-390-s\\\/\",\"name\":\"Vorzelt Grande AIR Stay 390 S - Bantam Camping AG\",\"isPartOf\":{\"@id\":\"https:\\\/\\\/shop.bantam.ch\\\/de\\\/#website\"},\"primaryImageOfPage\":{\"@id\":\"https:\\\/\\\/shop.bantam.ch\\\/de\\\/produkt\\\/vorzelt-grande-air-stay-390-s\\\/#primaryimage\"},\"image\":{\"@id\":\"https:\\\/\\\/shop.bantam.ch\\\/de\\\/produkt\\\/vorzelt-grande-air-stay-390-s\\\/#primaryimage\"},\"thumbnailUrl\":\"https:\\\/\\\/shop.bantam.ch\\\/wp-content\\\/uploads\\\/2026\\\/03\\\/15026011.jpg\",\"datePublished\":\"2026-03-09T09:31:08+00:00\",\"dateModified\":\"2026-04-18T22:02:02+00:00\",\"breadcrumb\":{\"@id\":\"https:\\\/\\\/shop.bantam.ch\\\/de\\\/produkt\\\/vorzelt-grande-air-stay-390-s\\\/#breadcrumb\"},\"inLanguage\":\"de\",\"potentialAction\":[{\"@type\":\"ReadAction\",\"target\":[\"https:\\\/\\\/shop.bantam.ch\\\/de\\\/produkt\\\/vorzelt-grande-air-stay-390-s\\\/\"]}]},{\"@type\":\"ImageObject\",\"inLanguage\":\"de\",\"@id\":\"https:\\\/\\\/shop.bantam.ch\\\/de\\\/produkt\\\/vorzelt-grande-air-stay-390-s\\\/#primaryimage\",\"url\":\"https:\\\/\\\/shop.bantam.ch\\\/wp-content\\\/uploads\\\/2026\\\/03\\\/15026011.jpg\",\"contentUrl\":\"https:\\\/\\\/shop.bantam.ch\\\/wp-content\\\/uploads\\\/2026\\\/03\\\/15026011.jpg\",\"width\":800,\"height\":800},{\"@type\":\"BreadcrumbList\",\"@id\":\"https:\\\/\\\/shop.bantam.ch\\\/de\\\/produkt\\\/vorzelt-grande-air-stay-390-s\\\/#breadcrumb\",\"itemListElement\":[{\"@type\":\"ListItem\",\"position\":1,\"name\":\"Accueil\",\"item\":\"https:\\\/\\\/shop.bantam.ch\\\/de\\\/\"},{\"@type\":\"ListItem\",\"position\":2,\"name\":\"Shop\",\"item\":\"https:\\\/\\\/shop.bantam.ch\\\/de\\\/shop\\\/\"},{\"@type\":\"ListItem\",\"position\":3,\"name\":\"Vorzelt Grande AIR Stay 390 S\"}]},{\"@type\":\"WebSite\",\"@id\":\"https:\\\/\\\/shop.bantam.ch\\\/de\\\/#website\",\"url\":\"https:\\\/\\\/shop.bantam.ch\\\/de\\\/\",\"name\":\"Bantam Camping AG\",\"description\":\"\",\"publisher\":{\"@id\":\"https:\\\/\\\/shop.bantam.ch\\\/de\\\/#organization\"},\"inLanguage\":\"de\"},{\"@type\":\"Organization\",\"@id\":\"https:\\\/\\\/shop.bantam.ch\\\/de\\\/#organization\",\"name\":\"Bantam Camping AG\",\"url\":\"https:\\\/\\\/shop.bantam.ch\\\/de\\\/\",\"logo\":{\"@type\":\"ImageObject\",\"inLanguage\":\"de\",\"@id\":\"https:\\\/\\\/shop.bantam.ch\\\/de\\\/#\\\/schema\\\/logo\\\/image\\\/\",\"url\":\"https:\\\/\\\/shop.bantam.ch\\\/wp-content\\\/uploads\\\/2022\\\/12\\\/bantam-logo.png\",\"contentUrl\":\"https:\\\/\\\/shop.bantam.ch\\\/wp-content\\\/uploads\\\/2022\\\/12\\\/bantam-logo.png\",\"width\":320,\"height\":71,\"caption\":\"Bantam Camping AG\"},\"image\":{\"@id\":\"https:\\\/\\\/shop.bantam.ch\\\/de\\\/#\\\/schema\\\/logo\\\/image\\\/\"}}]}<\/script>\n<!-- \/ Yoast SEO plugin. -->","yoast_head_json":{"title":"Vorzelt Grande AIR Stay 390 S - Bantam Camping AG","robots":{"index":"index","follow":"follow","max-snippet":"max-snippet:-1","max-image-preview":"max-image-preview:large","max-video-preview":"max-video-preview:-1"},"canonical":"https:\/\/shop.bantam.ch\/de\/produkt\/vorzelt-grande-air-stay-390-s\/","og_locale":"de_DE","og_type":"article","og_title":"Vorzelt Grande AIR Stay 390 S - Bantam Camping AG","og_description":"Der Grande ist ein ger\u00e4umigeres Rally-Vorzelt. Es hat eine Tiefe von 300 cm und verf\u00fcgt im Vergleich zum Rally \u00fcber je ein zus\u00e4tzliches Fenster auf jeder Seite. Hergestellt aus dem Material Stay, bietet dieses Vorzelt ein rei\u00dffestes Ripstop-Gewebe, eine hohe UV-Best\u00e4ndigkeit sowie unsere Kombination aus atmungsaktiven Polycotton-Seitenw\u00e4nden und einem besonders langlebigen Polypropylen-Dach. Der Grande ist [&hellip;]","og_url":"https:\/\/shop.bantam.ch\/de\/produkt\/vorzelt-grande-air-stay-390-s\/","og_site_name":"Bantam Camping AG","article_modified_time":"2026-04-18T22:02:02+00:00","og_image":[{"width":800,"height":800,"url":"https:\/\/shop.bantam.ch\/wp-content\/uploads\/2026\/03\/15026011.jpg","type":"image\/jpeg"}],"twitter_card":"summary_large_image","schema":{"@context":"https:\/\/schema.org","@graph":[{"@type":"WebPage","@id":"https:\/\/shop.bantam.ch\/de\/produkt\/vorzelt-grande-air-stay-390-s\/","url":"https:\/\/shop.bantam.ch\/de\/produkt\/vorzelt-grande-air-stay-390-s\/","name":"Vorzelt Grande AIR Stay 390 S - Bantam Camping AG","isPartOf":{"@id":"https:\/\/shop.bantam.ch\/de\/#website"},"primaryImageOfPage":{"@id":"https:\/\/shop.bantam.ch\/de\/produkt\/vorzelt-grande-air-stay-390-s\/#primaryimage"},"image":{"@id":"https:\/\/shop.bantam.ch\/de\/produkt\/vorzelt-grande-air-stay-390-s\/#primaryimage"},"thumbnailUrl":"https:\/\/shop.bantam.ch\/wp-content\/uploads\/2026\/03\/15026011.jpg","datePublished":"2026-03-09T09:31:08+00:00","dateModified":"2026-04-18T22:02:02+00:00","breadcrumb":{"@id":"https:\/\/shop.bantam.ch\/de\/produkt\/vorzelt-grande-air-stay-390-s\/#breadcrumb"},"inLanguage":"de","potentialAction":[{"@type":"ReadAction","target":["https:\/\/shop.bantam.ch\/de\/produkt\/vorzelt-grande-air-stay-390-s\/"]}]},{"@type":"ImageObject","inLanguage":"de","@id":"https:\/\/shop.bantam.ch\/de\/produkt\/vorzelt-grande-air-stay-390-s\/#primaryimage","url":"https:\/\/shop.bantam.ch\/wp-content\/uploads\/2026\/03\/15026011.jpg","contentUrl":"https:\/\/shop.bantam.ch\/wp-content\/uploads\/2026\/03\/15026011.jpg","width":800,"height":800},{"@type":"BreadcrumbList","@id":"https:\/\/shop.bantam.ch\/de\/produkt\/vorzelt-grande-air-stay-390-s\/#breadcrumb","itemListElement":[{"@type":"ListItem","position":1,"name":"Accueil","item":"https:\/\/shop.bantam.ch\/de\/"},{"@type":"ListItem","position":2,"name":"Shop","item":"https:\/\/shop.bantam.ch\/de\/shop\/"},{"@type":"ListItem","position":3,"name":"Vorzelt Grande AIR Stay 390 S"}]},{"@type":"WebSite","@id":"https:\/\/shop.bantam.ch\/de\/#website","url":"https:\/\/shop.bantam.ch\/de\/","name":"Bantam Camping AG","description":"","publisher":{"@id":"https:\/\/shop.bantam.ch\/de\/#organization"},"inLanguage":"de"},{"@type":"Organization","@id":"https:\/\/shop.bantam.ch\/de\/#organization","name":"Bantam Camping AG","url":"https:\/\/shop.bantam.ch\/de\/","logo":{"@type":"ImageObject","inLanguage":"de","@id":"https:\/\/shop.bantam.ch\/de\/#\/schema\/logo\/image\/","url":"https:\/\/shop.bantam.ch\/wp-content\/uploads\/2022\/12\/bantam-logo.png","contentUrl":"https:\/\/shop.bantam.ch\/wp-content\/uploads\/2022\/12\/bantam-logo.png","width":320,"height":71,"caption":"Bantam Camping AG"},"image":{"@id":"https:\/\/shop.bantam.ch\/de\/#\/schema\/logo\/image\/"}}]}},"_links":{"self":[{"href":"https:\/\/shop.bantam.ch\/de\/wp-json\/wp\/v2\/product\/234669","targetHints":{"allow":["GET"]}}],"collection":[{"href":"https:\/\/shop.bantam.ch\/de\/wp-json\/wp\/v2\/product"}],"about":[{"href":"https:\/\/shop.bantam.ch\/de\/wp-json\/wp\/v2\/types\/product"}],"wp:featuredmedia":[{"embeddable":true,"href":"https:\/\/shop.bantam.ch\/de\/wp-json\/wp\/v2\/media\/234665"}],"wp:attachment":[{"href":"https:\/\/shop.bantam.ch\/de\/wp-json\/wp\/v2\/media?parent=234669"}],"wp:term":[{"taxonomy":"product_featured_cat","embeddable":true,"href":"https:\/\/shop.bantam.ch\/de\/wp-json\/wp\/v2\/product_featured_cat?post=234669"},{"taxonomy":"product_brand","embeddable":true,"href":"https:\/\/shop.bantam.ch\/de\/wp-json\/wp\/v2\/product_brand?post=234669"},{"taxonomy":"product_cat","embeddable":true,"href":"https:\/\/shop.bantam.ch\/de\/wp-json\/wp\/v2\/product_cat?post=234669"},{"taxonomy":"product_tag","embeddable":true,"href":"https:\/\/shop.bantam.ch\/de\/wp-json\/wp\/v2\/product_tag?post=234669"}],"curies":[{"name":"wp","href":"https:\/\/api.w.org\/{rel}","templated":true}]}}