{"id":234657,"date":"2026-03-09T10:20:32","date_gmt":"2026-03-09T09:20:32","guid":{"rendered":"https:\/\/shop.bantam.ch\/produit\/vorzelt-winter-air-pvc-180-m\/"},"modified":"2026-04-19T00:02:01","modified_gmt":"2026-04-18T22:02:01","slug":"vorzelt-winter-air-pvc-180-m","status":"publish","type":"product","link":"https:\/\/shop.bantam.ch\/de\/produkt\/vorzelt-winter-air-pvc-180-m\/","title":{"rendered":"Vorzelt Winter AIR PVC 180 M"},"content":{"rendered":"<p>Das Schleusenvorzelt Winter AIR PVC wurde f\u00fcr Wohnmobile und Wohnwagen entwickelt und ist daf\u00fcr ausgelegt, den winterlichen Witterungsbedingungen standzuhalten. Gefertigt aus robustem Weathershield\u2122 PVC, ist es serienm\u00e4\u00dfig mit praktischen Funktionen ausgestattet, darunter eine doppelte Schmutzschutzwand, Sturmabspannungen sowie stabile Heringe. Durchdachte Details \u2013 wie eine seitlich aufrollbare Frontt\u00fcr f\u00fcr einen einfachen Zugang und \u00fcbergro\u00dfe Rei\u00dfverschluss-Zipper, die auch mit Handschuhen leicht zu bedienen sind \u2013 sorgen f\u00fcr zus\u00e4tzlichen Komfort und Funktionalit\u00e4t und machen dieses Vorzelt ideal f\u00fcr Winterabenteuer.<\/p>\n","protected":false},"excerpt":{"rendered":"<p>Das Schleusenvorzelt Winter AIR PVC wurde f\u00fcr Wohnmobile und Wohnwagen entwickelt und ist daf\u00fcr ausgelegt, den winterlichen Witterungsbedingungen standzuhalten. Gefertigt aus robustem Weathershield\u2122 PVC, ist es serienm\u00e4\u00dfig mit praktischen Funktionen ausgestattet, darunter eine doppelte Schmutzschutzwand, Sturmabspannungen sowie stabile Heringe. Durchdachte Details \u2013 wie eine seitlich aufrollbare Frontt\u00fcr f\u00fcr einen einfachen Zugang und \u00fcbergro\u00dfe Rei\u00dfverschluss-Zipper, die [&hellip;]<\/p>\n","protected":false},"featured_media":234653,"template":"","meta":{"_acf_changed":false},"product_featured_cat":[],"product_brand":[3717],"product_cat":[4248],"product_tag":[],"class_list":{"0":"post-234657","1":"product","2":"type-product","3":"status-publish","4":"has-post-thumbnail","6":"product_brand-kundert-de","7":"product_cat-vorzelte-zelte","9":"first","10":"instock","11":"taxable","12":"shipping-taxable","13":"purchasable","14":"product-type-simple"},"acf":[],"yoast_head":"<!-- This site is optimized with the Yoast SEO plugin v27.4 - https:\/\/yoast.com\/product\/yoast-seo-wordpress\/ -->\n<title>Vorzelt Winter AIR PVC 180 M - Bantam Camping AG<\/title>\n<meta name=\"robots\" content=\"index, follow, max-snippet:-1, max-image-preview:large, max-video-preview:-1\" \/>\n<link rel=\"canonical\" href=\"https:\/\/shop.bantam.ch\/de\/produkt\/vorzelt-winter-air-pvc-180-m\/\" \/>\n<meta property=\"og:locale\" content=\"de_DE\" \/>\n<meta property=\"og:type\" content=\"article\" \/>\n<meta property=\"og:title\" content=\"Vorzelt Winter AIR PVC 180 M - Bantam Camping AG\" \/>\n<meta property=\"og:description\" content=\"Das Schleusenvorzelt Winter AIR PVC wurde f\u00fcr Wohnmobile und Wohnwagen entwickelt und ist daf\u00fcr ausgelegt, den winterlichen Witterungsbedingungen standzuhalten. Gefertigt aus robustem Weathershield\u2122 PVC, ist es serienm\u00e4\u00dfig mit praktischen Funktionen ausgestattet, darunter eine doppelte Schmutzschutzwand, Sturmabspannungen sowie stabile Heringe. Durchdachte Details \u2013 wie eine seitlich aufrollbare Frontt\u00fcr f\u00fcr einen einfachen Zugang und \u00fcbergro\u00dfe Rei\u00dfverschluss-Zipper, die [&hellip;]\" \/>\n<meta property=\"og:url\" content=\"https:\/\/shop.bantam.ch\/de\/produkt\/vorzelt-winter-air-pvc-180-m\/\" \/>\n<meta property=\"og:site_name\" content=\"Bantam Camping AG\" \/>\n<meta property=\"article:modified_time\" content=\"2026-04-18T22:02:01+00:00\" \/>\n<meta property=\"og:image\" content=\"https:\/\/shop.bantam.ch\/wp-content\/uploads\/2026\/03\/15026009.jpg\" \/>\n\t<meta property=\"og:image:width\" content=\"800\" \/>\n\t<meta property=\"og:image:height\" content=\"800\" \/>\n\t<meta property=\"og:image:type\" content=\"image\/jpeg\" \/>\n<meta name=\"twitter:card\" content=\"summary_large_image\" \/>\n<script type=\"application\/ld+json\" class=\"yoast-schema-graph\">{\"@context\":\"https:\\\/\\\/schema.org\",\"@graph\":[{\"@type\":\"WebPage\",\"@id\":\"https:\\\/\\\/shop.bantam.ch\\\/de\\\/produkt\\\/vorzelt-winter-air-pvc-180-m\\\/\",\"url\":\"https:\\\/\\\/shop.bantam.ch\\\/de\\\/produkt\\\/vorzelt-winter-air-pvc-180-m\\\/\",\"name\":\"Vorzelt Winter AIR PVC 180 M - Bantam Camping AG\",\"isPartOf\":{\"@id\":\"https:\\\/\\\/shop.bantam.ch\\\/de\\\/#website\"},\"primaryImageOfPage\":{\"@id\":\"https:\\\/\\\/shop.bantam.ch\\\/de\\\/produkt\\\/vorzelt-winter-air-pvc-180-m\\\/#primaryimage\"},\"image\":{\"@id\":\"https:\\\/\\\/shop.bantam.ch\\\/de\\\/produkt\\\/vorzelt-winter-air-pvc-180-m\\\/#primaryimage\"},\"thumbnailUrl\":\"https:\\\/\\\/shop.bantam.ch\\\/wp-content\\\/uploads\\\/2026\\\/03\\\/15026009.jpg\",\"datePublished\":\"2026-03-09T09:20:32+00:00\",\"dateModified\":\"2026-04-18T22:02:01+00:00\",\"breadcrumb\":{\"@id\":\"https:\\\/\\\/shop.bantam.ch\\\/de\\\/produkt\\\/vorzelt-winter-air-pvc-180-m\\\/#breadcrumb\"},\"inLanguage\":\"de\",\"potentialAction\":[{\"@type\":\"ReadAction\",\"target\":[\"https:\\\/\\\/shop.bantam.ch\\\/de\\\/produkt\\\/vorzelt-winter-air-pvc-180-m\\\/\"]}]},{\"@type\":\"ImageObject\",\"inLanguage\":\"de\",\"@id\":\"https:\\\/\\\/shop.bantam.ch\\\/de\\\/produkt\\\/vorzelt-winter-air-pvc-180-m\\\/#primaryimage\",\"url\":\"https:\\\/\\\/shop.bantam.ch\\\/wp-content\\\/uploads\\\/2026\\\/03\\\/15026009.jpg\",\"contentUrl\":\"https:\\\/\\\/shop.bantam.ch\\\/wp-content\\\/uploads\\\/2026\\\/03\\\/15026009.jpg\",\"width\":800,\"height\":800},{\"@type\":\"BreadcrumbList\",\"@id\":\"https:\\\/\\\/shop.bantam.ch\\\/de\\\/produkt\\\/vorzelt-winter-air-pvc-180-m\\\/#breadcrumb\",\"itemListElement\":[{\"@type\":\"ListItem\",\"position\":1,\"name\":\"Accueil\",\"item\":\"https:\\\/\\\/shop.bantam.ch\\\/de\\\/\"},{\"@type\":\"ListItem\",\"position\":2,\"name\":\"Shop\",\"item\":\"https:\\\/\\\/shop.bantam.ch\\\/de\\\/shop\\\/\"},{\"@type\":\"ListItem\",\"position\":3,\"name\":\"Vorzelt Winter AIR PVC 180 M\"}]},{\"@type\":\"WebSite\",\"@id\":\"https:\\\/\\\/shop.bantam.ch\\\/de\\\/#website\",\"url\":\"https:\\\/\\\/shop.bantam.ch\\\/de\\\/\",\"name\":\"Bantam Camping AG\",\"description\":\"\",\"publisher\":{\"@id\":\"https:\\\/\\\/shop.bantam.ch\\\/de\\\/#organization\"},\"inLanguage\":\"de\"},{\"@type\":\"Organization\",\"@id\":\"https:\\\/\\\/shop.bantam.ch\\\/de\\\/#organization\",\"name\":\"Bantam Camping AG\",\"url\":\"https:\\\/\\\/shop.bantam.ch\\\/de\\\/\",\"logo\":{\"@type\":\"ImageObject\",\"inLanguage\":\"de\",\"@id\":\"https:\\\/\\\/shop.bantam.ch\\\/de\\\/#\\\/schema\\\/logo\\\/image\\\/\",\"url\":\"https:\\\/\\\/shop.bantam.ch\\\/wp-content\\\/uploads\\\/2022\\\/12\\\/bantam-logo.png\",\"contentUrl\":\"https:\\\/\\\/shop.bantam.ch\\\/wp-content\\\/uploads\\\/2022\\\/12\\\/bantam-logo.png\",\"width\":320,\"height\":71,\"caption\":\"Bantam Camping AG\"},\"image\":{\"@id\":\"https:\\\/\\\/shop.bantam.ch\\\/de\\\/#\\\/schema\\\/logo\\\/image\\\/\"}}]}<\/script>\n<!-- \/ Yoast SEO plugin. -->","yoast_head_json":{"title":"Vorzelt Winter AIR PVC 180 M - Bantam Camping AG","robots":{"index":"index","follow":"follow","max-snippet":"max-snippet:-1","max-image-preview":"max-image-preview:large","max-video-preview":"max-video-preview:-1"},"canonical":"https:\/\/shop.bantam.ch\/de\/produkt\/vorzelt-winter-air-pvc-180-m\/","og_locale":"de_DE","og_type":"article","og_title":"Vorzelt Winter AIR PVC 180 M - Bantam Camping AG","og_description":"Das Schleusenvorzelt Winter AIR PVC wurde f\u00fcr Wohnmobile und Wohnwagen entwickelt und ist daf\u00fcr ausgelegt, den winterlichen Witterungsbedingungen standzuhalten. Gefertigt aus robustem Weathershield\u2122 PVC, ist es serienm\u00e4\u00dfig mit praktischen Funktionen ausgestattet, darunter eine doppelte Schmutzschutzwand, Sturmabspannungen sowie stabile Heringe. Durchdachte Details \u2013 wie eine seitlich aufrollbare Frontt\u00fcr f\u00fcr einen einfachen Zugang und \u00fcbergro\u00dfe Rei\u00dfverschluss-Zipper, die [&hellip;]","og_url":"https:\/\/shop.bantam.ch\/de\/produkt\/vorzelt-winter-air-pvc-180-m\/","og_site_name":"Bantam Camping AG","article_modified_time":"2026-04-18T22:02:01+00:00","og_image":[{"width":800,"height":800,"url":"https:\/\/shop.bantam.ch\/wp-content\/uploads\/2026\/03\/15026009.jpg","type":"image\/jpeg"}],"twitter_card":"summary_large_image","schema":{"@context":"https:\/\/schema.org","@graph":[{"@type":"WebPage","@id":"https:\/\/shop.bantam.ch\/de\/produkt\/vorzelt-winter-air-pvc-180-m\/","url":"https:\/\/shop.bantam.ch\/de\/produkt\/vorzelt-winter-air-pvc-180-m\/","name":"Vorzelt Winter AIR PVC 180 M - Bantam Camping AG","isPartOf":{"@id":"https:\/\/shop.bantam.ch\/de\/#website"},"primaryImageOfPage":{"@id":"https:\/\/shop.bantam.ch\/de\/produkt\/vorzelt-winter-air-pvc-180-m\/#primaryimage"},"image":{"@id":"https:\/\/shop.bantam.ch\/de\/produkt\/vorzelt-winter-air-pvc-180-m\/#primaryimage"},"thumbnailUrl":"https:\/\/shop.bantam.ch\/wp-content\/uploads\/2026\/03\/15026009.jpg","datePublished":"2026-03-09T09:20:32+00:00","dateModified":"2026-04-18T22:02:01+00:00","breadcrumb":{"@id":"https:\/\/shop.bantam.ch\/de\/produkt\/vorzelt-winter-air-pvc-180-m\/#breadcrumb"},"inLanguage":"de","potentialAction":[{"@type":"ReadAction","target":["https:\/\/shop.bantam.ch\/de\/produkt\/vorzelt-winter-air-pvc-180-m\/"]}]},{"@type":"ImageObject","inLanguage":"de","@id":"https:\/\/shop.bantam.ch\/de\/produkt\/vorzelt-winter-air-pvc-180-m\/#primaryimage","url":"https:\/\/shop.bantam.ch\/wp-content\/uploads\/2026\/03\/15026009.jpg","contentUrl":"https:\/\/shop.bantam.ch\/wp-content\/uploads\/2026\/03\/15026009.jpg","width":800,"height":800},{"@type":"BreadcrumbList","@id":"https:\/\/shop.bantam.ch\/de\/produkt\/vorzelt-winter-air-pvc-180-m\/#breadcrumb","itemListElement":[{"@type":"ListItem","position":1,"name":"Accueil","item":"https:\/\/shop.bantam.ch\/de\/"},{"@type":"ListItem","position":2,"name":"Shop","item":"https:\/\/shop.bantam.ch\/de\/shop\/"},{"@type":"ListItem","position":3,"name":"Vorzelt Winter AIR PVC 180 M"}]},{"@type":"WebSite","@id":"https:\/\/shop.bantam.ch\/de\/#website","url":"https:\/\/shop.bantam.ch\/de\/","name":"Bantam Camping AG","description":"","publisher":{"@id":"https:\/\/shop.bantam.ch\/de\/#organization"},"inLanguage":"de"},{"@type":"Organization","@id":"https:\/\/shop.bantam.ch\/de\/#organization","name":"Bantam Camping AG","url":"https:\/\/shop.bantam.ch\/de\/","logo":{"@type":"ImageObject","inLanguage":"de","@id":"https:\/\/shop.bantam.ch\/de\/#\/schema\/logo\/image\/","url":"https:\/\/shop.bantam.ch\/wp-content\/uploads\/2022\/12\/bantam-logo.png","contentUrl":"https:\/\/shop.bantam.ch\/wp-content\/uploads\/2022\/12\/bantam-logo.png","width":320,"height":71,"caption":"Bantam Camping AG"},"image":{"@id":"https:\/\/shop.bantam.ch\/de\/#\/schema\/logo\/image\/"}}]}},"_links":{"self":[{"href":"https:\/\/shop.bantam.ch\/de\/wp-json\/wp\/v2\/product\/234657","targetHints":{"allow":["GET"]}}],"collection":[{"href":"https:\/\/shop.bantam.ch\/de\/wp-json\/wp\/v2\/product"}],"about":[{"href":"https:\/\/shop.bantam.ch\/de\/wp-json\/wp\/v2\/types\/product"}],"wp:featuredmedia":[{"embeddable":true,"href":"https:\/\/shop.bantam.ch\/de\/wp-json\/wp\/v2\/media\/234653"}],"wp:attachment":[{"href":"https:\/\/shop.bantam.ch\/de\/wp-json\/wp\/v2\/media?parent=234657"}],"wp:term":[{"taxonomy":"product_featured_cat","embeddable":true,"href":"https:\/\/shop.bantam.ch\/de\/wp-json\/wp\/v2\/product_featured_cat?post=234657"},{"taxonomy":"product_brand","embeddable":true,"href":"https:\/\/shop.bantam.ch\/de\/wp-json\/wp\/v2\/product_brand?post=234657"},{"taxonomy":"product_cat","embeddable":true,"href":"https:\/\/shop.bantam.ch\/de\/wp-json\/wp\/v2\/product_cat?post=234657"},{"taxonomy":"product_tag","embeddable":true,"href":"https:\/\/shop.bantam.ch\/de\/wp-json\/wp\/v2\/product_tag?post=234657"}],"curies":[{"name":"wp","href":"https:\/\/api.w.org\/{rel}","templated":true}]}}