{"id":234636,"date":"2026-03-09T10:05:28","date_gmt":"2026-03-09T09:05:28","guid":{"rendered":"https:\/\/shop.bantam.ch\/produit\/vorzelt-residence-air-tour-17\/"},"modified":"2026-04-19T00:01:55","modified_gmt":"2026-04-18T22:01:55","slug":"vorzelt-residence-air-tour-17","status":"publish","type":"product","link":"https:\/\/shop.bantam.ch\/de\/produkt\/vorzelt-residence-air-tour-17\/","title":{"rendered":"Vorzelt Residence AIR Tour 17"},"content":{"rendered":"<p>Das Vorzelt Dometic Residence Tour nutzt \u2013 wie alle Modelle der Residence-Serie \u2013 die gesamte L\u00e4nge der Kederschiene des Wohnwagens. Allerdings haben wir das robuste Polyester-Baumwollgewebe durch rei\u00dffestes und UV-best\u00e4ndiges Polyester ersetzt, die Fenster modernisiert und unsere neue dreiseitige Vorbau-Konstruktion eingef\u00fchrt. Ein atmungsaktiver Innenhimmel (V\u00e9lum) sowie eine wasserdichte Schutzbodenplane sind serienm\u00e4\u00dfig im Lieferumfang enthalten. Gr\u00f6\u00dfe 17<\/p>\n","protected":false},"excerpt":{"rendered":"<p>Das Vorzelt Dometic Residence Tour nutzt \u2013 wie alle Modelle der Residence-Serie \u2013 die gesamte L\u00e4nge der Kederschiene des Wohnwagens. Allerdings haben wir das robuste Polyester-Baumwollgewebe durch rei\u00dffestes und UV-best\u00e4ndiges Polyester ersetzt, die Fenster modernisiert und unsere neue dreiseitige Vorbau-Konstruktion eingef\u00fchrt. Ein atmungsaktiver Innenhimmel (V\u00e9lum) sowie eine wasserdichte Schutzbodenplane sind serienm\u00e4\u00dfig im Lieferumfang enthalten. Gr\u00f6\u00dfe [&hellip;]<\/p>\n","protected":false},"featured_media":234676,"template":"","meta":{"_acf_changed":false},"product_featured_cat":[],"product_brand":[3717],"product_cat":[4248],"product_tag":[],"class_list":{"0":"post-234636","1":"product","2":"type-product","3":"status-publish","4":"has-post-thumbnail","6":"product_brand-kundert-de","7":"product_cat-vorzelte-zelte","9":"first","10":"instock","11":"taxable","12":"shipping-taxable","13":"purchasable","14":"product-type-simple"},"acf":[],"yoast_head":"<!-- This site is optimized with the Yoast SEO plugin v27.4 - https:\/\/yoast.com\/product\/yoast-seo-wordpress\/ -->\n<title>Vorzelt Residence AIR Tour 17 - Bantam Camping AG<\/title>\n<meta name=\"robots\" content=\"index, follow, max-snippet:-1, max-image-preview:large, max-video-preview:-1\" \/>\n<link rel=\"canonical\" href=\"https:\/\/shop.bantam.ch\/de\/produkt\/vorzelt-residence-air-tour-17\/\" \/>\n<meta property=\"og:locale\" content=\"de_DE\" \/>\n<meta property=\"og:type\" content=\"article\" \/>\n<meta property=\"og:title\" content=\"Vorzelt Residence AIR Tour 17 - Bantam Camping AG\" \/>\n<meta property=\"og:description\" content=\"Das Vorzelt Dometic Residence Tour nutzt \u2013 wie alle Modelle der Residence-Serie \u2013 die gesamte L\u00e4nge der Kederschiene des Wohnwagens. Allerdings haben wir das robuste Polyester-Baumwollgewebe durch rei\u00dffestes und UV-best\u00e4ndiges Polyester ersetzt, die Fenster modernisiert und unsere neue dreiseitige Vorbau-Konstruktion eingef\u00fchrt. Ein atmungsaktiver Innenhimmel (V\u00e9lum) sowie eine wasserdichte Schutzbodenplane sind serienm\u00e4\u00dfig im Lieferumfang enthalten. Gr\u00f6\u00dfe [&hellip;]\" \/>\n<meta property=\"og:url\" content=\"https:\/\/shop.bantam.ch\/de\/produkt\/vorzelt-residence-air-tour-17\/\" \/>\n<meta property=\"og:site_name\" content=\"Bantam Camping AG\" \/>\n<meta property=\"article:modified_time\" content=\"2026-04-18T22:01:55+00:00\" \/>\n<meta property=\"og:image\" content=\"https:\/\/shop.bantam.ch\/wp-content\/uploads\/2026\/03\/15026004-3.jpg\" \/>\n\t<meta property=\"og:image:width\" content=\"800\" \/>\n\t<meta property=\"og:image:height\" content=\"800\" \/>\n\t<meta property=\"og:image:type\" content=\"image\/jpeg\" \/>\n<meta name=\"twitter:card\" content=\"summary_large_image\" \/>\n<script type=\"application\/ld+json\" class=\"yoast-schema-graph\">{\"@context\":\"https:\\\/\\\/schema.org\",\"@graph\":[{\"@type\":\"WebPage\",\"@id\":\"https:\\\/\\\/shop.bantam.ch\\\/de\\\/produkt\\\/vorzelt-residence-air-tour-17\\\/\",\"url\":\"https:\\\/\\\/shop.bantam.ch\\\/de\\\/produkt\\\/vorzelt-residence-air-tour-17\\\/\",\"name\":\"Vorzelt Residence AIR Tour 17 - Bantam Camping AG\",\"isPartOf\":{\"@id\":\"https:\\\/\\\/shop.bantam.ch\\\/de\\\/#website\"},\"primaryImageOfPage\":{\"@id\":\"https:\\\/\\\/shop.bantam.ch\\\/de\\\/produkt\\\/vorzelt-residence-air-tour-17\\\/#primaryimage\"},\"image\":{\"@id\":\"https:\\\/\\\/shop.bantam.ch\\\/de\\\/produkt\\\/vorzelt-residence-air-tour-17\\\/#primaryimage\"},\"thumbnailUrl\":\"https:\\\/\\\/shop.bantam.ch\\\/wp-content\\\/uploads\\\/2026\\\/03\\\/15026004-3.jpg\",\"datePublished\":\"2026-03-09T09:05:28+00:00\",\"dateModified\":\"2026-04-18T22:01:55+00:00\",\"breadcrumb\":{\"@id\":\"https:\\\/\\\/shop.bantam.ch\\\/de\\\/produkt\\\/vorzelt-residence-air-tour-17\\\/#breadcrumb\"},\"inLanguage\":\"de\",\"potentialAction\":[{\"@type\":\"ReadAction\",\"target\":[\"https:\\\/\\\/shop.bantam.ch\\\/de\\\/produkt\\\/vorzelt-residence-air-tour-17\\\/\"]}]},{\"@type\":\"ImageObject\",\"inLanguage\":\"de\",\"@id\":\"https:\\\/\\\/shop.bantam.ch\\\/de\\\/produkt\\\/vorzelt-residence-air-tour-17\\\/#primaryimage\",\"url\":\"https:\\\/\\\/shop.bantam.ch\\\/wp-content\\\/uploads\\\/2026\\\/03\\\/15026004-3.jpg\",\"contentUrl\":\"https:\\\/\\\/shop.bantam.ch\\\/wp-content\\\/uploads\\\/2026\\\/03\\\/15026004-3.jpg\",\"width\":800,\"height\":800},{\"@type\":\"BreadcrumbList\",\"@id\":\"https:\\\/\\\/shop.bantam.ch\\\/de\\\/produkt\\\/vorzelt-residence-air-tour-17\\\/#breadcrumb\",\"itemListElement\":[{\"@type\":\"ListItem\",\"position\":1,\"name\":\"Accueil\",\"item\":\"https:\\\/\\\/shop.bantam.ch\\\/de\\\/\"},{\"@type\":\"ListItem\",\"position\":2,\"name\":\"Shop\",\"item\":\"https:\\\/\\\/shop.bantam.ch\\\/de\\\/shop\\\/\"},{\"@type\":\"ListItem\",\"position\":3,\"name\":\"Vorzelt Residence AIR Tour 17\"}]},{\"@type\":\"WebSite\",\"@id\":\"https:\\\/\\\/shop.bantam.ch\\\/de\\\/#website\",\"url\":\"https:\\\/\\\/shop.bantam.ch\\\/de\\\/\",\"name\":\"Bantam Camping AG\",\"description\":\"\",\"publisher\":{\"@id\":\"https:\\\/\\\/shop.bantam.ch\\\/de\\\/#organization\"},\"inLanguage\":\"de\"},{\"@type\":\"Organization\",\"@id\":\"https:\\\/\\\/shop.bantam.ch\\\/de\\\/#organization\",\"name\":\"Bantam Camping AG\",\"url\":\"https:\\\/\\\/shop.bantam.ch\\\/de\\\/\",\"logo\":{\"@type\":\"ImageObject\",\"inLanguage\":\"de\",\"@id\":\"https:\\\/\\\/shop.bantam.ch\\\/de\\\/#\\\/schema\\\/logo\\\/image\\\/\",\"url\":\"https:\\\/\\\/shop.bantam.ch\\\/wp-content\\\/uploads\\\/2022\\\/12\\\/bantam-logo.png\",\"contentUrl\":\"https:\\\/\\\/shop.bantam.ch\\\/wp-content\\\/uploads\\\/2022\\\/12\\\/bantam-logo.png\",\"width\":320,\"height\":71,\"caption\":\"Bantam Camping AG\"},\"image\":{\"@id\":\"https:\\\/\\\/shop.bantam.ch\\\/de\\\/#\\\/schema\\\/logo\\\/image\\\/\"}}]}<\/script>\n<!-- \/ Yoast SEO plugin. -->","yoast_head_json":{"title":"Vorzelt Residence AIR Tour 17 - Bantam Camping AG","robots":{"index":"index","follow":"follow","max-snippet":"max-snippet:-1","max-image-preview":"max-image-preview:large","max-video-preview":"max-video-preview:-1"},"canonical":"https:\/\/shop.bantam.ch\/de\/produkt\/vorzelt-residence-air-tour-17\/","og_locale":"de_DE","og_type":"article","og_title":"Vorzelt Residence AIR Tour 17 - Bantam Camping AG","og_description":"Das Vorzelt Dometic Residence Tour nutzt \u2013 wie alle Modelle der Residence-Serie \u2013 die gesamte L\u00e4nge der Kederschiene des Wohnwagens. Allerdings haben wir das robuste Polyester-Baumwollgewebe durch rei\u00dffestes und UV-best\u00e4ndiges Polyester ersetzt, die Fenster modernisiert und unsere neue dreiseitige Vorbau-Konstruktion eingef\u00fchrt. Ein atmungsaktiver Innenhimmel (V\u00e9lum) sowie eine wasserdichte Schutzbodenplane sind serienm\u00e4\u00dfig im Lieferumfang enthalten. Gr\u00f6\u00dfe [&hellip;]","og_url":"https:\/\/shop.bantam.ch\/de\/produkt\/vorzelt-residence-air-tour-17\/","og_site_name":"Bantam Camping AG","article_modified_time":"2026-04-18T22:01:55+00:00","og_image":[{"width":800,"height":800,"url":"https:\/\/shop.bantam.ch\/wp-content\/uploads\/2026\/03\/15026004-3.jpg","type":"image\/jpeg"}],"twitter_card":"summary_large_image","schema":{"@context":"https:\/\/schema.org","@graph":[{"@type":"WebPage","@id":"https:\/\/shop.bantam.ch\/de\/produkt\/vorzelt-residence-air-tour-17\/","url":"https:\/\/shop.bantam.ch\/de\/produkt\/vorzelt-residence-air-tour-17\/","name":"Vorzelt Residence AIR Tour 17 - Bantam Camping AG","isPartOf":{"@id":"https:\/\/shop.bantam.ch\/de\/#website"},"primaryImageOfPage":{"@id":"https:\/\/shop.bantam.ch\/de\/produkt\/vorzelt-residence-air-tour-17\/#primaryimage"},"image":{"@id":"https:\/\/shop.bantam.ch\/de\/produkt\/vorzelt-residence-air-tour-17\/#primaryimage"},"thumbnailUrl":"https:\/\/shop.bantam.ch\/wp-content\/uploads\/2026\/03\/15026004-3.jpg","datePublished":"2026-03-09T09:05:28+00:00","dateModified":"2026-04-18T22:01:55+00:00","breadcrumb":{"@id":"https:\/\/shop.bantam.ch\/de\/produkt\/vorzelt-residence-air-tour-17\/#breadcrumb"},"inLanguage":"de","potentialAction":[{"@type":"ReadAction","target":["https:\/\/shop.bantam.ch\/de\/produkt\/vorzelt-residence-air-tour-17\/"]}]},{"@type":"ImageObject","inLanguage":"de","@id":"https:\/\/shop.bantam.ch\/de\/produkt\/vorzelt-residence-air-tour-17\/#primaryimage","url":"https:\/\/shop.bantam.ch\/wp-content\/uploads\/2026\/03\/15026004-3.jpg","contentUrl":"https:\/\/shop.bantam.ch\/wp-content\/uploads\/2026\/03\/15026004-3.jpg","width":800,"height":800},{"@type":"BreadcrumbList","@id":"https:\/\/shop.bantam.ch\/de\/produkt\/vorzelt-residence-air-tour-17\/#breadcrumb","itemListElement":[{"@type":"ListItem","position":1,"name":"Accueil","item":"https:\/\/shop.bantam.ch\/de\/"},{"@type":"ListItem","position":2,"name":"Shop","item":"https:\/\/shop.bantam.ch\/de\/shop\/"},{"@type":"ListItem","position":3,"name":"Vorzelt Residence AIR Tour 17"}]},{"@type":"WebSite","@id":"https:\/\/shop.bantam.ch\/de\/#website","url":"https:\/\/shop.bantam.ch\/de\/","name":"Bantam Camping AG","description":"","publisher":{"@id":"https:\/\/shop.bantam.ch\/de\/#organization"},"inLanguage":"de"},{"@type":"Organization","@id":"https:\/\/shop.bantam.ch\/de\/#organization","name":"Bantam Camping AG","url":"https:\/\/shop.bantam.ch\/de\/","logo":{"@type":"ImageObject","inLanguage":"de","@id":"https:\/\/shop.bantam.ch\/de\/#\/schema\/logo\/image\/","url":"https:\/\/shop.bantam.ch\/wp-content\/uploads\/2022\/12\/bantam-logo.png","contentUrl":"https:\/\/shop.bantam.ch\/wp-content\/uploads\/2022\/12\/bantam-logo.png","width":320,"height":71,"caption":"Bantam Camping AG"},"image":{"@id":"https:\/\/shop.bantam.ch\/de\/#\/schema\/logo\/image\/"}}]}},"_links":{"self":[{"href":"https:\/\/shop.bantam.ch\/de\/wp-json\/wp\/v2\/product\/234636","targetHints":{"allow":["GET"]}}],"collection":[{"href":"https:\/\/shop.bantam.ch\/de\/wp-json\/wp\/v2\/product"}],"about":[{"href":"https:\/\/shop.bantam.ch\/de\/wp-json\/wp\/v2\/types\/product"}],"wp:featuredmedia":[{"embeddable":true,"href":"https:\/\/shop.bantam.ch\/de\/wp-json\/wp\/v2\/media\/234676"}],"wp:attachment":[{"href":"https:\/\/shop.bantam.ch\/de\/wp-json\/wp\/v2\/media?parent=234636"}],"wp:term":[{"taxonomy":"product_featured_cat","embeddable":true,"href":"https:\/\/shop.bantam.ch\/de\/wp-json\/wp\/v2\/product_featured_cat?post=234636"},{"taxonomy":"product_brand","embeddable":true,"href":"https:\/\/shop.bantam.ch\/de\/wp-json\/wp\/v2\/product_brand?post=234636"},{"taxonomy":"product_cat","embeddable":true,"href":"https:\/\/shop.bantam.ch\/de\/wp-json\/wp\/v2\/product_cat?post=234636"},{"taxonomy":"product_tag","embeddable":true,"href":"https:\/\/shop.bantam.ch\/de\/wp-json\/wp\/v2\/product_tag?post=234636"}],"curies":[{"name":"wp","href":"https:\/\/api.w.org\/{rel}","templated":true}]}}