{"id":234592,"date":"2026-03-06T11:56:26","date_gmt":"2026-03-06T10:56:26","guid":{"rendered":"https:\/\/shop.bantam.ch\/produit\/smart-soundsystem-webos-tv-full-hd-alden-3\/"},"modified":"2026-05-11T23:55:50","modified_gmt":"2026-05-11T21:55:50","slug":"smart-soundsystem-webos-tv-full-hd-alden-3","status":"publish","type":"product","link":"https:\/\/shop.bantam.ch\/de\/produkt\/smart-soundsystem-webos-tv-full-hd-alden-3\/","title":{"rendered":"SMART-Soundsystem WebOS TV Full HD ALDEN 3"},"content":{"rendered":"<p>Die Alden WebOS Smart TVs sind weit mehr als nur Fernseher: Sie sind echte Entertainment-Hubs, speziell f\u00fcr Wohnmobilreisende entwickelt. Robust, intuitiv und vernetzt bieten sie direkten Zugang zu Netflix, Prime Video, MyCanal, YouTube, Radiosendern und vielem mehr. Bereit f\u00fcr die Stra\u00dfe, sind sie vibrationsresistent und erm\u00f6glichen den kostenlosen Satelliten-TNT-Empfang oder Streaming \u00fcber 4G\/5G. In Verbindung mit den automatischen Alden-Antennen und dem I-Net-Router bieten sie ein vollst\u00e4ndiges Unterhaltungserlebnis \u2013 egal, wo Sie sich in Europa befinden. Sie passen sich allen Fahrzeugtypen an.<\/p>\n","protected":false},"excerpt":{"rendered":"<p>Die Alden WebOS Smart TVs sind weit mehr als nur Fernseher: Sie sind echte Entertainment-Hubs, speziell f\u00fcr Wohnmobilreisende entwickelt. Robust, intuitiv und vernetzt bieten sie direkten Zugang zu Netflix, Prime Video, MyCanal, YouTube, Radiosendern und vielem mehr. Bereit f\u00fcr die Stra\u00dfe, sind sie vibrationsresistent und erm\u00f6glichen den kostenlosen Satelliten-TNT-Empfang oder Streaming \u00fcber 4G\/5G. In Verbindung [&hellip;]<\/p>\n","protected":false},"featured_media":234590,"template":"","meta":{"_acf_changed":false},"product_featured_cat":[],"product_brand":[3077],"product_cat":[4506],"product_tag":[],"class_list":{"0":"post-234592","1":"product","2":"type-product","3":"status-publish","4":"has-post-thumbnail","6":"product_brand-alden-de","7":"product_cat-led-tv","9":"first","10":"instock","11":"taxable","12":"shipping-taxable","13":"purchasable","14":"product-type-simple"},"acf":[],"yoast_head":"<!-- This site is optimized with the Yoast SEO plugin v27.5 - https:\/\/yoast.com\/product\/yoast-seo-wordpress\/ -->\n<title>SMART-Soundsystem WebOS TV Full HD ALDEN 3 - Bantam<\/title>\n<meta name=\"robots\" content=\"index, follow, max-snippet:-1, max-image-preview:large, max-video-preview:-1\" \/>\n<link rel=\"canonical\" href=\"https:\/\/shop.bantam.ch\/de\/produkt\/smart-soundsystem-webos-tv-full-hd-alden-3\/\" \/>\n<meta property=\"og:locale\" content=\"de_DE\" \/>\n<meta property=\"og:type\" content=\"article\" \/>\n<meta property=\"og:title\" content=\"SMART-Soundsystem WebOS TV Full HD ALDEN 3 - Bantam\" \/>\n<meta property=\"og:description\" content=\"Die Alden WebOS Smart TVs sind weit mehr als nur Fernseher: Sie sind echte Entertainment-Hubs, speziell f\u00fcr Wohnmobilreisende entwickelt. Robust, intuitiv und vernetzt bieten sie direkten Zugang zu Netflix, Prime Video, MyCanal, YouTube, Radiosendern und vielem mehr. Bereit f\u00fcr die Stra\u00dfe, sind sie vibrationsresistent und erm\u00f6glichen den kostenlosen Satelliten-TNT-Empfang oder Streaming \u00fcber 4G\/5G. In Verbindung [&hellip;]\" \/>\n<meta property=\"og:url\" content=\"https:\/\/shop.bantam.ch\/de\/produkt\/smart-soundsystem-webos-tv-full-hd-alden-3\/\" \/>\n<meta property=\"og:site_name\" content=\"Bantam\" \/>\n<meta property=\"article:modified_time\" content=\"2026-05-11T21:55:50+00:00\" \/>\n<meta property=\"og:image\" content=\"https:\/\/shop.bantam.ch\/wp-content\/uploads\/2026\/03\/77326014.jpg\" \/>\n\t<meta property=\"og:image:width\" content=\"563\" \/>\n\t<meta property=\"og:image:height\" content=\"791\" \/>\n\t<meta property=\"og:image:type\" content=\"image\/jpeg\" \/>\n<meta name=\"twitter:card\" content=\"summary_large_image\" \/>\n<script type=\"application\/ld+json\" class=\"yoast-schema-graph\">{\"@context\":\"https:\\\/\\\/schema.org\",\"@graph\":[{\"@type\":\"WebPage\",\"@id\":\"https:\\\/\\\/shop.bantam.ch\\\/de\\\/produkt\\\/smart-soundsystem-webos-tv-full-hd-alden-3\\\/\",\"url\":\"https:\\\/\\\/shop.bantam.ch\\\/de\\\/produkt\\\/smart-soundsystem-webos-tv-full-hd-alden-3\\\/\",\"name\":\"SMART-Soundsystem WebOS TV Full HD ALDEN 3 - Bantam\",\"isPartOf\":{\"@id\":\"https:\\\/\\\/shop.bantam.ch\\\/de\\\/#website\"},\"primaryImageOfPage\":{\"@id\":\"https:\\\/\\\/shop.bantam.ch\\\/de\\\/produkt\\\/smart-soundsystem-webos-tv-full-hd-alden-3\\\/#primaryimage\"},\"image\":{\"@id\":\"https:\\\/\\\/shop.bantam.ch\\\/de\\\/produkt\\\/smart-soundsystem-webos-tv-full-hd-alden-3\\\/#primaryimage\"},\"thumbnailUrl\":\"https:\\\/\\\/shop.bantam.ch\\\/wp-content\\\/uploads\\\/2026\\\/03\\\/77326014.jpg\",\"datePublished\":\"2026-03-06T10:56:26+00:00\",\"dateModified\":\"2026-05-11T21:55:50+00:00\",\"breadcrumb\":{\"@id\":\"https:\\\/\\\/shop.bantam.ch\\\/de\\\/produkt\\\/smart-soundsystem-webos-tv-full-hd-alden-3\\\/#breadcrumb\"},\"inLanguage\":\"de\",\"potentialAction\":[{\"@type\":\"ReadAction\",\"target\":[\"https:\\\/\\\/shop.bantam.ch\\\/de\\\/produkt\\\/smart-soundsystem-webos-tv-full-hd-alden-3\\\/\"]}]},{\"@type\":\"ImageObject\",\"inLanguage\":\"de\",\"@id\":\"https:\\\/\\\/shop.bantam.ch\\\/de\\\/produkt\\\/smart-soundsystem-webos-tv-full-hd-alden-3\\\/#primaryimage\",\"url\":\"https:\\\/\\\/shop.bantam.ch\\\/wp-content\\\/uploads\\\/2026\\\/03\\\/77326014.jpg\",\"contentUrl\":\"https:\\\/\\\/shop.bantam.ch\\\/wp-content\\\/uploads\\\/2026\\\/03\\\/77326014.jpg\",\"width\":563,\"height\":791},{\"@type\":\"BreadcrumbList\",\"@id\":\"https:\\\/\\\/shop.bantam.ch\\\/de\\\/produkt\\\/smart-soundsystem-webos-tv-full-hd-alden-3\\\/#breadcrumb\",\"itemListElement\":[{\"@type\":\"ListItem\",\"position\":1,\"name\":\"Accueil\",\"item\":\"https:\\\/\\\/shop.bantam.ch\\\/de\\\/\"},{\"@type\":\"ListItem\",\"position\":2,\"name\":\"Shop\",\"item\":\"https:\\\/\\\/shop.bantam.ch\\\/de\\\/shop\\\/\"},{\"@type\":\"ListItem\",\"position\":3,\"name\":\"SMART-Soundsystem WebOS TV Full HD ALDEN 3\"}]},{\"@type\":\"WebSite\",\"@id\":\"https:\\\/\\\/shop.bantam.ch\\\/de\\\/#website\",\"url\":\"https:\\\/\\\/shop.bantam.ch\\\/de\\\/\",\"name\":\"Bantam\",\"description\":\"\",\"publisher\":{\"@id\":\"https:\\\/\\\/shop.bantam.ch\\\/de\\\/#organization\"},\"inLanguage\":\"de\"},{\"@type\":\"Organization\",\"@id\":\"https:\\\/\\\/shop.bantam.ch\\\/de\\\/#organization\",\"name\":\"Bantam\",\"url\":\"https:\\\/\\\/shop.bantam.ch\\\/de\\\/\",\"logo\":{\"@type\":\"ImageObject\",\"inLanguage\":\"de\",\"@id\":\"https:\\\/\\\/shop.bantam.ch\\\/de\\\/#\\\/schema\\\/logo\\\/image\\\/\",\"url\":\"https:\\\/\\\/shop.bantam.ch\\\/wp-content\\\/uploads\\\/2022\\\/12\\\/bantam-logo.png\",\"contentUrl\":\"https:\\\/\\\/shop.bantam.ch\\\/wp-content\\\/uploads\\\/2022\\\/12\\\/bantam-logo.png\",\"width\":320,\"height\":71,\"caption\":\"Bantam\"},\"image\":{\"@id\":\"https:\\\/\\\/shop.bantam.ch\\\/de\\\/#\\\/schema\\\/logo\\\/image\\\/\"}}]}<\/script>\n<!-- \/ Yoast SEO plugin. -->","yoast_head_json":{"title":"SMART-Soundsystem WebOS TV Full HD ALDEN 3 - Bantam","robots":{"index":"index","follow":"follow","max-snippet":"max-snippet:-1","max-image-preview":"max-image-preview:large","max-video-preview":"max-video-preview:-1"},"canonical":"https:\/\/shop.bantam.ch\/de\/produkt\/smart-soundsystem-webos-tv-full-hd-alden-3\/","og_locale":"de_DE","og_type":"article","og_title":"SMART-Soundsystem WebOS TV Full HD ALDEN 3 - Bantam","og_description":"Die Alden WebOS Smart TVs sind weit mehr als nur Fernseher: Sie sind echte Entertainment-Hubs, speziell f\u00fcr Wohnmobilreisende entwickelt. Robust, intuitiv und vernetzt bieten sie direkten Zugang zu Netflix, Prime Video, MyCanal, YouTube, Radiosendern und vielem mehr. Bereit f\u00fcr die Stra\u00dfe, sind sie vibrationsresistent und erm\u00f6glichen den kostenlosen Satelliten-TNT-Empfang oder Streaming \u00fcber 4G\/5G. In Verbindung [&hellip;]","og_url":"https:\/\/shop.bantam.ch\/de\/produkt\/smart-soundsystem-webos-tv-full-hd-alden-3\/","og_site_name":"Bantam","article_modified_time":"2026-05-11T21:55:50+00:00","og_image":[{"width":563,"height":791,"url":"https:\/\/shop.bantam.ch\/wp-content\/uploads\/2026\/03\/77326014.jpg","type":"image\/jpeg"}],"twitter_card":"summary_large_image","schema":{"@context":"https:\/\/schema.org","@graph":[{"@type":"WebPage","@id":"https:\/\/shop.bantam.ch\/de\/produkt\/smart-soundsystem-webos-tv-full-hd-alden-3\/","url":"https:\/\/shop.bantam.ch\/de\/produkt\/smart-soundsystem-webos-tv-full-hd-alden-3\/","name":"SMART-Soundsystem WebOS TV Full HD ALDEN 3 - Bantam","isPartOf":{"@id":"https:\/\/shop.bantam.ch\/de\/#website"},"primaryImageOfPage":{"@id":"https:\/\/shop.bantam.ch\/de\/produkt\/smart-soundsystem-webos-tv-full-hd-alden-3\/#primaryimage"},"image":{"@id":"https:\/\/shop.bantam.ch\/de\/produkt\/smart-soundsystem-webos-tv-full-hd-alden-3\/#primaryimage"},"thumbnailUrl":"https:\/\/shop.bantam.ch\/wp-content\/uploads\/2026\/03\/77326014.jpg","datePublished":"2026-03-06T10:56:26+00:00","dateModified":"2026-05-11T21:55:50+00:00","breadcrumb":{"@id":"https:\/\/shop.bantam.ch\/de\/produkt\/smart-soundsystem-webos-tv-full-hd-alden-3\/#breadcrumb"},"inLanguage":"de","potentialAction":[{"@type":"ReadAction","target":["https:\/\/shop.bantam.ch\/de\/produkt\/smart-soundsystem-webos-tv-full-hd-alden-3\/"]}]},{"@type":"ImageObject","inLanguage":"de","@id":"https:\/\/shop.bantam.ch\/de\/produkt\/smart-soundsystem-webos-tv-full-hd-alden-3\/#primaryimage","url":"https:\/\/shop.bantam.ch\/wp-content\/uploads\/2026\/03\/77326014.jpg","contentUrl":"https:\/\/shop.bantam.ch\/wp-content\/uploads\/2026\/03\/77326014.jpg","width":563,"height":791},{"@type":"BreadcrumbList","@id":"https:\/\/shop.bantam.ch\/de\/produkt\/smart-soundsystem-webos-tv-full-hd-alden-3\/#breadcrumb","itemListElement":[{"@type":"ListItem","position":1,"name":"Accueil","item":"https:\/\/shop.bantam.ch\/de\/"},{"@type":"ListItem","position":2,"name":"Shop","item":"https:\/\/shop.bantam.ch\/de\/shop\/"},{"@type":"ListItem","position":3,"name":"SMART-Soundsystem WebOS TV Full HD ALDEN 3"}]},{"@type":"WebSite","@id":"https:\/\/shop.bantam.ch\/de\/#website","url":"https:\/\/shop.bantam.ch\/de\/","name":"Bantam","description":"","publisher":{"@id":"https:\/\/shop.bantam.ch\/de\/#organization"},"inLanguage":"de"},{"@type":"Organization","@id":"https:\/\/shop.bantam.ch\/de\/#organization","name":"Bantam","url":"https:\/\/shop.bantam.ch\/de\/","logo":{"@type":"ImageObject","inLanguage":"de","@id":"https:\/\/shop.bantam.ch\/de\/#\/schema\/logo\/image\/","url":"https:\/\/shop.bantam.ch\/wp-content\/uploads\/2022\/12\/bantam-logo.png","contentUrl":"https:\/\/shop.bantam.ch\/wp-content\/uploads\/2022\/12\/bantam-logo.png","width":320,"height":71,"caption":"Bantam"},"image":{"@id":"https:\/\/shop.bantam.ch\/de\/#\/schema\/logo\/image\/"}}]}},"_links":{"self":[{"href":"https:\/\/shop.bantam.ch\/de\/wp-json\/wp\/v2\/product\/234592","targetHints":{"allow":["GET"]}}],"collection":[{"href":"https:\/\/shop.bantam.ch\/de\/wp-json\/wp\/v2\/product"}],"about":[{"href":"https:\/\/shop.bantam.ch\/de\/wp-json\/wp\/v2\/types\/product"}],"wp:featuredmedia":[{"embeddable":true,"href":"https:\/\/shop.bantam.ch\/de\/wp-json\/wp\/v2\/media\/234590"}],"wp:attachment":[{"href":"https:\/\/shop.bantam.ch\/de\/wp-json\/wp\/v2\/media?parent=234592"}],"wp:term":[{"taxonomy":"product_featured_cat","embeddable":true,"href":"https:\/\/shop.bantam.ch\/de\/wp-json\/wp\/v2\/product_featured_cat?post=234592"},{"taxonomy":"product_brand","embeddable":true,"href":"https:\/\/shop.bantam.ch\/de\/wp-json\/wp\/v2\/product_brand?post=234592"},{"taxonomy":"product_cat","embeddable":true,"href":"https:\/\/shop.bantam.ch\/de\/wp-json\/wp\/v2\/product_cat?post=234592"},{"taxonomy":"product_tag","embeddable":true,"href":"https:\/\/shop.bantam.ch\/de\/wp-json\/wp\/v2\/product_tag?post=234592"}],"curies":[{"name":"wp","href":"https:\/\/api.w.org\/{rel}","templated":true}]}}