{"id":234569,"date":"2026-03-06T11:36:50","date_gmt":"2026-03-06T10:36:50","guid":{"rendered":"https:\/\/shop.bantam.ch\/produit\/satanlage-orbiter-65-satma-aio-tv-22p\/"},"modified":"2026-04-19T00:01:48","modified_gmt":"2026-04-18T22:01:48","slug":"satanlage-orbiter-65-satma-aio-tv-22p","status":"publish","type":"product","link":"https:\/\/shop.bantam.ch\/de\/produkt\/satanlage-orbiter-65-satma-aio-tv-22p\/","title":{"rendered":"Satanlage Orbiter 65 Satma AIO TV 22p"},"content":{"rendered":"<p>Automatische Satellitenantenne Orbiter \u2013 Alden. Die automatische Satellitenantenne Orbiter von Alden ist f\u00fcr die Installation auf dem Fahrzeugdach konzipiert. Sie zeichnet sich durch ihre franz\u00f6sische Fertigung, ihr funktionales Design und ihre geringe \u00dcberstandsh\u00f6he aus. Design und Platzbedarf. Die Orbiter-Antenne hat eine begrenzte \u00dcberstandsh\u00f6he von 21 cm. Ihr Design ist leicht und langlebig. Die Parabolantennen wurden so konzipiert, dass sie den Windwiderstand minimieren. Versionen und Steuerungssysteme. Je nach gew\u00e4hlter Version stehen vier Steuerungsmodi zur Auswahl. Die Version Satmatic HD Fransat erm\u00f6glicht den Zugang zum Fransat-Paket \u00fcber den Satelliten EUTELSAT 5WB. Die Version Satmatic HD TNTSAT erm\u00f6glicht den Zugang zum TNTSAT-Paket \u00fcber den Satelliten ASTRA 19,2E. Die Version AIO Satmatic-HD umfasst einen \u201eAll-in-One\u201d-Fernseher mit Fransat-Empf\u00e4nger und Antennensteuerungssystem. Die Version S.S.C. HD wird mit einer Steuerbox geliefert, ohne Terminal.<br \/>\nParabolantennengr\u00f6\u00dfen und Ausf\u00fchrungen. Die Orbiter-Antenne ist in vier Parabolspiegelgr\u00f6\u00dfen erh\u00e4ltlich: 60, 65, 80 und 85 cm.<br \/>\nEs stehen zwei Ausf\u00fchrungen zur Verf\u00fcgung: Wei\u00df oder Platinium.<\/p>\n","protected":false},"excerpt":{"rendered":"<p>Automatische Satellitenantenne Orbiter \u2013 Alden. Die automatische Satellitenantenne Orbiter von Alden ist f\u00fcr die Installation auf dem Fahrzeugdach konzipiert. Sie zeichnet sich durch ihre franz\u00f6sische Fertigung, ihr funktionales Design und ihre geringe \u00dcberstandsh\u00f6he aus. Design und Platzbedarf. Die Orbiter-Antenne hat eine begrenzte \u00dcberstandsh\u00f6he von 21 cm. Ihr Design ist leicht und langlebig. Die Parabolantennen wurden [&hellip;]<\/p>\n","protected":false},"featured_media":234575,"template":"","meta":{"_acf_changed":false},"product_featured_cat":[],"product_brand":[3077],"product_cat":[4524],"product_tag":[],"class_list":{"0":"post-234569","1":"product","2":"type-product","3":"status-publish","4":"has-post-thumbnail","6":"product_brand-alden-de","7":"product_cat-sat-anlagen","9":"first","10":"instock","11":"taxable","12":"shipping-taxable","13":"purchasable","14":"product-type-simple"},"acf":[],"yoast_head":"<!-- This site is optimized with the Yoast SEO plugin v27.4 - https:\/\/yoast.com\/product\/yoast-seo-wordpress\/ -->\n<title>Satanlage Orbiter 65 Satma AIO TV 22p - Bantam Camping AG<\/title>\n<meta name=\"robots\" content=\"index, follow, max-snippet:-1, max-image-preview:large, max-video-preview:-1\" \/>\n<link rel=\"canonical\" href=\"https:\/\/shop.bantam.ch\/de\/produkt\/satanlage-orbiter-65-satma-aio-tv-22p\/\" \/>\n<meta property=\"og:locale\" content=\"de_DE\" \/>\n<meta property=\"og:type\" content=\"article\" \/>\n<meta property=\"og:title\" content=\"Satanlage Orbiter 65 Satma AIO TV 22p - Bantam Camping AG\" \/>\n<meta property=\"og:description\" content=\"Automatische Satellitenantenne Orbiter \u2013 Alden. Die automatische Satellitenantenne Orbiter von Alden ist f\u00fcr die Installation auf dem Fahrzeugdach konzipiert. Sie zeichnet sich durch ihre franz\u00f6sische Fertigung, ihr funktionales Design und ihre geringe \u00dcberstandsh\u00f6he aus. Design und Platzbedarf. Die Orbiter-Antenne hat eine begrenzte \u00dcberstandsh\u00f6he von 21 cm. Ihr Design ist leicht und langlebig. Die Parabolantennen wurden [&hellip;]\" \/>\n<meta property=\"og:url\" content=\"https:\/\/shop.bantam.ch\/de\/produkt\/satanlage-orbiter-65-satma-aio-tv-22p\/\" \/>\n<meta property=\"og:site_name\" content=\"Bantam Camping AG\" \/>\n<meta property=\"article:modified_time\" content=\"2026-04-18T22:01:48+00:00\" \/>\n<meta property=\"og:image\" content=\"https:\/\/shop.bantam.ch\/wp-content\/uploads\/2026\/03\/77326012.jpg\" \/>\n\t<meta property=\"og:image:width\" content=\"455\" \/>\n\t<meta property=\"og:image:height\" content=\"460\" \/>\n\t<meta property=\"og:image:type\" content=\"image\/jpeg\" \/>\n<meta name=\"twitter:card\" content=\"summary_large_image\" \/>\n<meta name=\"twitter:label1\" content=\"Gesch\u00e4tzte Lesezeit\" \/>\n\t<meta name=\"twitter:data1\" content=\"1\u00a0Minute\" \/>\n<script type=\"application\/ld+json\" class=\"yoast-schema-graph\">{\"@context\":\"https:\\\/\\\/schema.org\",\"@graph\":[{\"@type\":\"WebPage\",\"@id\":\"https:\\\/\\\/shop.bantam.ch\\\/de\\\/produkt\\\/satanlage-orbiter-65-satma-aio-tv-22p\\\/\",\"url\":\"https:\\\/\\\/shop.bantam.ch\\\/de\\\/produkt\\\/satanlage-orbiter-65-satma-aio-tv-22p\\\/\",\"name\":\"Satanlage Orbiter 65 Satma AIO TV 22p - Bantam Camping AG\",\"isPartOf\":{\"@id\":\"https:\\\/\\\/shop.bantam.ch\\\/de\\\/#website\"},\"primaryImageOfPage\":{\"@id\":\"https:\\\/\\\/shop.bantam.ch\\\/de\\\/produkt\\\/satanlage-orbiter-65-satma-aio-tv-22p\\\/#primaryimage\"},\"image\":{\"@id\":\"https:\\\/\\\/shop.bantam.ch\\\/de\\\/produkt\\\/satanlage-orbiter-65-satma-aio-tv-22p\\\/#primaryimage\"},\"thumbnailUrl\":\"https:\\\/\\\/shop.bantam.ch\\\/wp-content\\\/uploads\\\/2026\\\/03\\\/77326012.jpg\",\"datePublished\":\"2026-03-06T10:36:50+00:00\",\"dateModified\":\"2026-04-18T22:01:48+00:00\",\"breadcrumb\":{\"@id\":\"https:\\\/\\\/shop.bantam.ch\\\/de\\\/produkt\\\/satanlage-orbiter-65-satma-aio-tv-22p\\\/#breadcrumb\"},\"inLanguage\":\"de\",\"potentialAction\":[{\"@type\":\"ReadAction\",\"target\":[\"https:\\\/\\\/shop.bantam.ch\\\/de\\\/produkt\\\/satanlage-orbiter-65-satma-aio-tv-22p\\\/\"]}]},{\"@type\":\"ImageObject\",\"inLanguage\":\"de\",\"@id\":\"https:\\\/\\\/shop.bantam.ch\\\/de\\\/produkt\\\/satanlage-orbiter-65-satma-aio-tv-22p\\\/#primaryimage\",\"url\":\"https:\\\/\\\/shop.bantam.ch\\\/wp-content\\\/uploads\\\/2026\\\/03\\\/77326012.jpg\",\"contentUrl\":\"https:\\\/\\\/shop.bantam.ch\\\/wp-content\\\/uploads\\\/2026\\\/03\\\/77326012.jpg\",\"width\":455,\"height\":460},{\"@type\":\"BreadcrumbList\",\"@id\":\"https:\\\/\\\/shop.bantam.ch\\\/de\\\/produkt\\\/satanlage-orbiter-65-satma-aio-tv-22p\\\/#breadcrumb\",\"itemListElement\":[{\"@type\":\"ListItem\",\"position\":1,\"name\":\"Accueil\",\"item\":\"https:\\\/\\\/shop.bantam.ch\\\/de\\\/\"},{\"@type\":\"ListItem\",\"position\":2,\"name\":\"Shop\",\"item\":\"https:\\\/\\\/shop.bantam.ch\\\/de\\\/shop\\\/\"},{\"@type\":\"ListItem\",\"position\":3,\"name\":\"Satanlage Orbiter 65 Satma AIO TV 22p\"}]},{\"@type\":\"WebSite\",\"@id\":\"https:\\\/\\\/shop.bantam.ch\\\/de\\\/#website\",\"url\":\"https:\\\/\\\/shop.bantam.ch\\\/de\\\/\",\"name\":\"Bantam Camping AG\",\"description\":\"\",\"publisher\":{\"@id\":\"https:\\\/\\\/shop.bantam.ch\\\/de\\\/#organization\"},\"inLanguage\":\"de\"},{\"@type\":\"Organization\",\"@id\":\"https:\\\/\\\/shop.bantam.ch\\\/de\\\/#organization\",\"name\":\"Bantam Camping AG\",\"url\":\"https:\\\/\\\/shop.bantam.ch\\\/de\\\/\",\"logo\":{\"@type\":\"ImageObject\",\"inLanguage\":\"de\",\"@id\":\"https:\\\/\\\/shop.bantam.ch\\\/de\\\/#\\\/schema\\\/logo\\\/image\\\/\",\"url\":\"https:\\\/\\\/shop.bantam.ch\\\/wp-content\\\/uploads\\\/2022\\\/12\\\/bantam-logo.png\",\"contentUrl\":\"https:\\\/\\\/shop.bantam.ch\\\/wp-content\\\/uploads\\\/2022\\\/12\\\/bantam-logo.png\",\"width\":320,\"height\":71,\"caption\":\"Bantam Camping AG\"},\"image\":{\"@id\":\"https:\\\/\\\/shop.bantam.ch\\\/de\\\/#\\\/schema\\\/logo\\\/image\\\/\"}}]}<\/script>\n<!-- \/ Yoast SEO plugin. -->","yoast_head_json":{"title":"Satanlage Orbiter 65 Satma AIO TV 22p - Bantam Camping AG","robots":{"index":"index","follow":"follow","max-snippet":"max-snippet:-1","max-image-preview":"max-image-preview:large","max-video-preview":"max-video-preview:-1"},"canonical":"https:\/\/shop.bantam.ch\/de\/produkt\/satanlage-orbiter-65-satma-aio-tv-22p\/","og_locale":"de_DE","og_type":"article","og_title":"Satanlage Orbiter 65 Satma AIO TV 22p - Bantam Camping AG","og_description":"Automatische Satellitenantenne Orbiter \u2013 Alden. Die automatische Satellitenantenne Orbiter von Alden ist f\u00fcr die Installation auf dem Fahrzeugdach konzipiert. Sie zeichnet sich durch ihre franz\u00f6sische Fertigung, ihr funktionales Design und ihre geringe \u00dcberstandsh\u00f6he aus. Design und Platzbedarf. Die Orbiter-Antenne hat eine begrenzte \u00dcberstandsh\u00f6he von 21 cm. Ihr Design ist leicht und langlebig. Die Parabolantennen wurden [&hellip;]","og_url":"https:\/\/shop.bantam.ch\/de\/produkt\/satanlage-orbiter-65-satma-aio-tv-22p\/","og_site_name":"Bantam Camping AG","article_modified_time":"2026-04-18T22:01:48+00:00","og_image":[{"width":455,"height":460,"url":"https:\/\/shop.bantam.ch\/wp-content\/uploads\/2026\/03\/77326012.jpg","type":"image\/jpeg"}],"twitter_card":"summary_large_image","twitter_misc":{"Gesch\u00e4tzte Lesezeit":"1\u00a0Minute"},"schema":{"@context":"https:\/\/schema.org","@graph":[{"@type":"WebPage","@id":"https:\/\/shop.bantam.ch\/de\/produkt\/satanlage-orbiter-65-satma-aio-tv-22p\/","url":"https:\/\/shop.bantam.ch\/de\/produkt\/satanlage-orbiter-65-satma-aio-tv-22p\/","name":"Satanlage Orbiter 65 Satma AIO TV 22p - Bantam Camping AG","isPartOf":{"@id":"https:\/\/shop.bantam.ch\/de\/#website"},"primaryImageOfPage":{"@id":"https:\/\/shop.bantam.ch\/de\/produkt\/satanlage-orbiter-65-satma-aio-tv-22p\/#primaryimage"},"image":{"@id":"https:\/\/shop.bantam.ch\/de\/produkt\/satanlage-orbiter-65-satma-aio-tv-22p\/#primaryimage"},"thumbnailUrl":"https:\/\/shop.bantam.ch\/wp-content\/uploads\/2026\/03\/77326012.jpg","datePublished":"2026-03-06T10:36:50+00:00","dateModified":"2026-04-18T22:01:48+00:00","breadcrumb":{"@id":"https:\/\/shop.bantam.ch\/de\/produkt\/satanlage-orbiter-65-satma-aio-tv-22p\/#breadcrumb"},"inLanguage":"de","potentialAction":[{"@type":"ReadAction","target":["https:\/\/shop.bantam.ch\/de\/produkt\/satanlage-orbiter-65-satma-aio-tv-22p\/"]}]},{"@type":"ImageObject","inLanguage":"de","@id":"https:\/\/shop.bantam.ch\/de\/produkt\/satanlage-orbiter-65-satma-aio-tv-22p\/#primaryimage","url":"https:\/\/shop.bantam.ch\/wp-content\/uploads\/2026\/03\/77326012.jpg","contentUrl":"https:\/\/shop.bantam.ch\/wp-content\/uploads\/2026\/03\/77326012.jpg","width":455,"height":460},{"@type":"BreadcrumbList","@id":"https:\/\/shop.bantam.ch\/de\/produkt\/satanlage-orbiter-65-satma-aio-tv-22p\/#breadcrumb","itemListElement":[{"@type":"ListItem","position":1,"name":"Accueil","item":"https:\/\/shop.bantam.ch\/de\/"},{"@type":"ListItem","position":2,"name":"Shop","item":"https:\/\/shop.bantam.ch\/de\/shop\/"},{"@type":"ListItem","position":3,"name":"Satanlage Orbiter 65 Satma AIO TV 22p"}]},{"@type":"WebSite","@id":"https:\/\/shop.bantam.ch\/de\/#website","url":"https:\/\/shop.bantam.ch\/de\/","name":"Bantam Camping AG","description":"","publisher":{"@id":"https:\/\/shop.bantam.ch\/de\/#organization"},"inLanguage":"de"},{"@type":"Organization","@id":"https:\/\/shop.bantam.ch\/de\/#organization","name":"Bantam Camping AG","url":"https:\/\/shop.bantam.ch\/de\/","logo":{"@type":"ImageObject","inLanguage":"de","@id":"https:\/\/shop.bantam.ch\/de\/#\/schema\/logo\/image\/","url":"https:\/\/shop.bantam.ch\/wp-content\/uploads\/2022\/12\/bantam-logo.png","contentUrl":"https:\/\/shop.bantam.ch\/wp-content\/uploads\/2022\/12\/bantam-logo.png","width":320,"height":71,"caption":"Bantam Camping AG"},"image":{"@id":"https:\/\/shop.bantam.ch\/de\/#\/schema\/logo\/image\/"}}]}},"_links":{"self":[{"href":"https:\/\/shop.bantam.ch\/de\/wp-json\/wp\/v2\/product\/234569","targetHints":{"allow":["GET"]}}],"collection":[{"href":"https:\/\/shop.bantam.ch\/de\/wp-json\/wp\/v2\/product"}],"about":[{"href":"https:\/\/shop.bantam.ch\/de\/wp-json\/wp\/v2\/types\/product"}],"wp:featuredmedia":[{"embeddable":true,"href":"https:\/\/shop.bantam.ch\/de\/wp-json\/wp\/v2\/media\/234575"}],"wp:attachment":[{"href":"https:\/\/shop.bantam.ch\/de\/wp-json\/wp\/v2\/media?parent=234569"}],"wp:term":[{"taxonomy":"product_featured_cat","embeddable":true,"href":"https:\/\/shop.bantam.ch\/de\/wp-json\/wp\/v2\/product_featured_cat?post=234569"},{"taxonomy":"product_brand","embeddable":true,"href":"https:\/\/shop.bantam.ch\/de\/wp-json\/wp\/v2\/product_brand?post=234569"},{"taxonomy":"product_cat","embeddable":true,"href":"https:\/\/shop.bantam.ch\/de\/wp-json\/wp\/v2\/product_cat?post=234569"},{"taxonomy":"product_tag","embeddable":true,"href":"https:\/\/shop.bantam.ch\/de\/wp-json\/wp\/v2\/product_tag?post=234569"}],"curies":[{"name":"wp","href":"https:\/\/api.w.org\/{rel}","templated":true}]}}