{"id":234556,"date":"2026-03-06T11:18:56","date_gmt":"2026-03-06T10:18:56","guid":{"rendered":"https:\/\/shop.bantam.ch\/produit\/back-contact-solarmodul-ibc-130w\/"},"modified":"2026-04-17T23:57:56","modified_gmt":"2026-04-17T21:57:56","slug":"back-contact-solarmodul-ibc-130w","status":"publish","type":"product","link":"https:\/\/shop.bantam.ch\/de\/produkt\/back-contact-solarmodul-ibc-130w\/","title":{"rendered":"Back-Contact-Solarmodul IBC 130W"},"content":{"rendered":"<p>Die Energiewende in Ihrem Freizeitfahrzeug. Begeben Sie sich mit den Solarmodulen von EZA, die mit der revolution\u00e4ren IBC-Technologie ausgestattet sind, in eine neue \u00c4ra der Energieunabh\u00e4ngigkeit. Diese Module wurden entwickelt, um neue Ma\u00dfst\u00e4be in Sachen Leistung und Effizienz zu setzen, und sind der Schl\u00fcssel zu einer gr\u00fcneren Zukunft und einer beispiellosen Energieunabh\u00e4ngigkeit. Innovation und Leistung mit der IBC-Technologie. Die IBC-Technologie (Interdigitated Back Contact) ist das Herzst\u00fcck dieser Solarmodule und erm\u00f6glicht eine maximale Umwandlung von Sonnenlicht in Strom. Durch die Verlagerung aller Metallkontakte auf die R\u00fcckseite profitieren die Solarzellen von einer maximalen Lichtaufnahmefl\u00e4che, wodurch Verluste reduziert und die Gesamteffizienz verbessert werden. Bew\u00e4hrte Langlebigkeit. Die Solarmodule von EZA mit IBC-Technologie sind auf Langlebigkeit ausgelegt und zeichnen sich durch ihre Robustheit und Widerstandsf\u00e4higkeit auch unter extremsten Bedingungen aus. Ihr hochwertiger Aluminiumrahmen garantiert eine lange Lebensdauer und zuverl\u00e4ssige Leistung auch unter schwierigsten Umgebungsbedingungen. Diese Spitzentechnologie macht die Solarmodule von EZA zu einer sauberen Energiel\u00f6sung mit au\u00dfergew\u00f6hnlicher Leistung. Dank ihres innovativen Designs \u00fcbertreffen diese Module herk\u00f6mmliche Modelle und liefern selbst bei wechselnden Lichtverh\u00e4ltnissen hohe Ertr\u00e4ge. \u00c4sthetik und Leistung vereint. Diese Module bieten nicht nur eine un\u00fcbertroffene Energieausbeute, sondern \u00fcberzeugen auch durch ihr Design. Ihre vollst\u00e4ndig schwarze Vorderseite sorgt f\u00fcr eine perfekte \u00e4sthetische Integration in Ihr Freizeitfahrzeug und verbindet modernste Technologie mit Eleganz. Mit der Entscheidungf\u00fcr Solarmodule der Marke EZA investieren Sie in die Zukunft sauberer Energie. Definieren Sie Ihren CO2-Fu\u00dfabdruck neu und profitieren Sie von einer zuverl\u00e4ssigen und nachhaltigen Energiequelle dank unserer Produktpalette an hochmodernen Solarmodulen. <\/p>\n","protected":false},"excerpt":{"rendered":"<p>Die Energiewende in Ihrem Freizeitfahrzeug. Begeben Sie sich mit den Solarmodulen von EZA, die mit der revolution\u00e4ren IBC-Technologie ausgestattet sind, in eine neue \u00c4ra der Energieunabh\u00e4ngigkeit. Diese Module wurden entwickelt, um neue Ma\u00dfst\u00e4be in Sachen Leistung und Effizienz zu setzen, und sind der Schl\u00fcssel zu einer gr\u00fcneren Zukunft und einer beispiellosen Energieunabh\u00e4ngigkeit. Innovation und Leistung [&hellip;]<\/p>\n","protected":false},"featured_media":234554,"template":"","meta":{"_acf_changed":false},"product_featured_cat":[],"product_brand":[3677],"product_cat":[4880],"product_tag":[],"class_list":{"0":"post-234556","1":"product","2":"type-product","3":"status-publish","4":"has-post-thumbnail","6":"product_brand-eza-de","7":"product_cat-solar-sets","9":"first","10":"instock","11":"taxable","12":"shipping-taxable","13":"purchasable","14":"product-type-simple"},"acf":[],"yoast_head":"<!-- This site is optimized with the Yoast SEO plugin v27.4 - https:\/\/yoast.com\/product\/yoast-seo-wordpress\/ -->\n<title>Back-Contact-Solarmodul IBC 130W - Bantam Camping AG<\/title>\n<meta name=\"robots\" content=\"index, follow, max-snippet:-1, max-image-preview:large, max-video-preview:-1\" \/>\n<link rel=\"canonical\" href=\"https:\/\/shop.bantam.ch\/de\/produkt\/back-contact-solarmodul-ibc-130w\/\" \/>\n<meta property=\"og:locale\" content=\"de_DE\" \/>\n<meta property=\"og:type\" content=\"article\" \/>\n<meta property=\"og:title\" content=\"Back-Contact-Solarmodul IBC 130W - Bantam Camping AG\" \/>\n<meta property=\"og:description\" content=\"Die Energiewende in Ihrem Freizeitfahrzeug. Begeben Sie sich mit den Solarmodulen von EZA, die mit der revolution\u00e4ren IBC-Technologie ausgestattet sind, in eine neue \u00c4ra der Energieunabh\u00e4ngigkeit. Diese Module wurden entwickelt, um neue Ma\u00dfst\u00e4be in Sachen Leistung und Effizienz zu setzen, und sind der Schl\u00fcssel zu einer gr\u00fcneren Zukunft und einer beispiellosen Energieunabh\u00e4ngigkeit. Innovation und Leistung [&hellip;]\" \/>\n<meta property=\"og:url\" content=\"https:\/\/shop.bantam.ch\/de\/produkt\/back-contact-solarmodul-ibc-130w\/\" \/>\n<meta property=\"og:site_name\" content=\"Bantam Camping AG\" \/>\n<meta property=\"article:modified_time\" content=\"2026-04-17T21:57:56+00:00\" \/>\n<meta property=\"og:image\" content=\"https:\/\/shop.bantam.ch\/wp-content\/uploads\/2026\/03\/77326008.jpg\" \/>\n\t<meta property=\"og:image:width\" content=\"455\" \/>\n\t<meta property=\"og:image:height\" content=\"460\" \/>\n\t<meta property=\"og:image:type\" content=\"image\/jpeg\" \/>\n<meta name=\"twitter:card\" content=\"summary_large_image\" \/>\n<meta name=\"twitter:label1\" content=\"Gesch\u00e4tzte Lesezeit\" \/>\n\t<meta name=\"twitter:data1\" content=\"1\u00a0Minute\" \/>\n<script type=\"application\/ld+json\" class=\"yoast-schema-graph\">{\"@context\":\"https:\\\/\\\/schema.org\",\"@graph\":[{\"@type\":\"WebPage\",\"@id\":\"https:\\\/\\\/shop.bantam.ch\\\/de\\\/produkt\\\/back-contact-solarmodul-ibc-130w\\\/\",\"url\":\"https:\\\/\\\/shop.bantam.ch\\\/de\\\/produkt\\\/back-contact-solarmodul-ibc-130w\\\/\",\"name\":\"Back-Contact-Solarmodul IBC 130W - Bantam Camping AG\",\"isPartOf\":{\"@id\":\"https:\\\/\\\/shop.bantam.ch\\\/de\\\/#website\"},\"primaryImageOfPage\":{\"@id\":\"https:\\\/\\\/shop.bantam.ch\\\/de\\\/produkt\\\/back-contact-solarmodul-ibc-130w\\\/#primaryimage\"},\"image\":{\"@id\":\"https:\\\/\\\/shop.bantam.ch\\\/de\\\/produkt\\\/back-contact-solarmodul-ibc-130w\\\/#primaryimage\"},\"thumbnailUrl\":\"https:\\\/\\\/shop.bantam.ch\\\/wp-content\\\/uploads\\\/2026\\\/03\\\/77326008.jpg\",\"datePublished\":\"2026-03-06T10:18:56+00:00\",\"dateModified\":\"2026-04-17T21:57:56+00:00\",\"breadcrumb\":{\"@id\":\"https:\\\/\\\/shop.bantam.ch\\\/de\\\/produkt\\\/back-contact-solarmodul-ibc-130w\\\/#breadcrumb\"},\"inLanguage\":\"de\",\"potentialAction\":[{\"@type\":\"ReadAction\",\"target\":[\"https:\\\/\\\/shop.bantam.ch\\\/de\\\/produkt\\\/back-contact-solarmodul-ibc-130w\\\/\"]}]},{\"@type\":\"ImageObject\",\"inLanguage\":\"de\",\"@id\":\"https:\\\/\\\/shop.bantam.ch\\\/de\\\/produkt\\\/back-contact-solarmodul-ibc-130w\\\/#primaryimage\",\"url\":\"https:\\\/\\\/shop.bantam.ch\\\/wp-content\\\/uploads\\\/2026\\\/03\\\/77326008.jpg\",\"contentUrl\":\"https:\\\/\\\/shop.bantam.ch\\\/wp-content\\\/uploads\\\/2026\\\/03\\\/77326008.jpg\",\"width\":455,\"height\":460},{\"@type\":\"BreadcrumbList\",\"@id\":\"https:\\\/\\\/shop.bantam.ch\\\/de\\\/produkt\\\/back-contact-solarmodul-ibc-130w\\\/#breadcrumb\",\"itemListElement\":[{\"@type\":\"ListItem\",\"position\":1,\"name\":\"Accueil\",\"item\":\"https:\\\/\\\/shop.bantam.ch\\\/de\\\/\"},{\"@type\":\"ListItem\",\"position\":2,\"name\":\"Shop\",\"item\":\"https:\\\/\\\/shop.bantam.ch\\\/de\\\/shop\\\/\"},{\"@type\":\"ListItem\",\"position\":3,\"name\":\"Back-Contact-Solarmodul IBC 130W\"}]},{\"@type\":\"WebSite\",\"@id\":\"https:\\\/\\\/shop.bantam.ch\\\/de\\\/#website\",\"url\":\"https:\\\/\\\/shop.bantam.ch\\\/de\\\/\",\"name\":\"Bantam Camping AG\",\"description\":\"\",\"publisher\":{\"@id\":\"https:\\\/\\\/shop.bantam.ch\\\/de\\\/#organization\"},\"inLanguage\":\"de\"},{\"@type\":\"Organization\",\"@id\":\"https:\\\/\\\/shop.bantam.ch\\\/de\\\/#organization\",\"name\":\"Bantam Camping AG\",\"url\":\"https:\\\/\\\/shop.bantam.ch\\\/de\\\/\",\"logo\":{\"@type\":\"ImageObject\",\"inLanguage\":\"de\",\"@id\":\"https:\\\/\\\/shop.bantam.ch\\\/de\\\/#\\\/schema\\\/logo\\\/image\\\/\",\"url\":\"https:\\\/\\\/shop.bantam.ch\\\/wp-content\\\/uploads\\\/2022\\\/12\\\/bantam-logo.png\",\"contentUrl\":\"https:\\\/\\\/shop.bantam.ch\\\/wp-content\\\/uploads\\\/2022\\\/12\\\/bantam-logo.png\",\"width\":320,\"height\":71,\"caption\":\"Bantam Camping AG\"},\"image\":{\"@id\":\"https:\\\/\\\/shop.bantam.ch\\\/de\\\/#\\\/schema\\\/logo\\\/image\\\/\"}}]}<\/script>\n<!-- \/ Yoast SEO plugin. -->","yoast_head_json":{"title":"Back-Contact-Solarmodul IBC 130W - Bantam Camping AG","robots":{"index":"index","follow":"follow","max-snippet":"max-snippet:-1","max-image-preview":"max-image-preview:large","max-video-preview":"max-video-preview:-1"},"canonical":"https:\/\/shop.bantam.ch\/de\/produkt\/back-contact-solarmodul-ibc-130w\/","og_locale":"de_DE","og_type":"article","og_title":"Back-Contact-Solarmodul IBC 130W - Bantam Camping AG","og_description":"Die Energiewende in Ihrem Freizeitfahrzeug. Begeben Sie sich mit den Solarmodulen von EZA, die mit der revolution\u00e4ren IBC-Technologie ausgestattet sind, in eine neue \u00c4ra der Energieunabh\u00e4ngigkeit. Diese Module wurden entwickelt, um neue Ma\u00dfst\u00e4be in Sachen Leistung und Effizienz zu setzen, und sind der Schl\u00fcssel zu einer gr\u00fcneren Zukunft und einer beispiellosen Energieunabh\u00e4ngigkeit. Innovation und Leistung [&hellip;]","og_url":"https:\/\/shop.bantam.ch\/de\/produkt\/back-contact-solarmodul-ibc-130w\/","og_site_name":"Bantam Camping AG","article_modified_time":"2026-04-17T21:57:56+00:00","og_image":[{"width":455,"height":460,"url":"https:\/\/shop.bantam.ch\/wp-content\/uploads\/2026\/03\/77326008.jpg","type":"image\/jpeg"}],"twitter_card":"summary_large_image","twitter_misc":{"Gesch\u00e4tzte Lesezeit":"1\u00a0Minute"},"schema":{"@context":"https:\/\/schema.org","@graph":[{"@type":"WebPage","@id":"https:\/\/shop.bantam.ch\/de\/produkt\/back-contact-solarmodul-ibc-130w\/","url":"https:\/\/shop.bantam.ch\/de\/produkt\/back-contact-solarmodul-ibc-130w\/","name":"Back-Contact-Solarmodul IBC 130W - Bantam Camping AG","isPartOf":{"@id":"https:\/\/shop.bantam.ch\/de\/#website"},"primaryImageOfPage":{"@id":"https:\/\/shop.bantam.ch\/de\/produkt\/back-contact-solarmodul-ibc-130w\/#primaryimage"},"image":{"@id":"https:\/\/shop.bantam.ch\/de\/produkt\/back-contact-solarmodul-ibc-130w\/#primaryimage"},"thumbnailUrl":"https:\/\/shop.bantam.ch\/wp-content\/uploads\/2026\/03\/77326008.jpg","datePublished":"2026-03-06T10:18:56+00:00","dateModified":"2026-04-17T21:57:56+00:00","breadcrumb":{"@id":"https:\/\/shop.bantam.ch\/de\/produkt\/back-contact-solarmodul-ibc-130w\/#breadcrumb"},"inLanguage":"de","potentialAction":[{"@type":"ReadAction","target":["https:\/\/shop.bantam.ch\/de\/produkt\/back-contact-solarmodul-ibc-130w\/"]}]},{"@type":"ImageObject","inLanguage":"de","@id":"https:\/\/shop.bantam.ch\/de\/produkt\/back-contact-solarmodul-ibc-130w\/#primaryimage","url":"https:\/\/shop.bantam.ch\/wp-content\/uploads\/2026\/03\/77326008.jpg","contentUrl":"https:\/\/shop.bantam.ch\/wp-content\/uploads\/2026\/03\/77326008.jpg","width":455,"height":460},{"@type":"BreadcrumbList","@id":"https:\/\/shop.bantam.ch\/de\/produkt\/back-contact-solarmodul-ibc-130w\/#breadcrumb","itemListElement":[{"@type":"ListItem","position":1,"name":"Accueil","item":"https:\/\/shop.bantam.ch\/de\/"},{"@type":"ListItem","position":2,"name":"Shop","item":"https:\/\/shop.bantam.ch\/de\/shop\/"},{"@type":"ListItem","position":3,"name":"Back-Contact-Solarmodul IBC 130W"}]},{"@type":"WebSite","@id":"https:\/\/shop.bantam.ch\/de\/#website","url":"https:\/\/shop.bantam.ch\/de\/","name":"Bantam Camping AG","description":"","publisher":{"@id":"https:\/\/shop.bantam.ch\/de\/#organization"},"inLanguage":"de"},{"@type":"Organization","@id":"https:\/\/shop.bantam.ch\/de\/#organization","name":"Bantam Camping AG","url":"https:\/\/shop.bantam.ch\/de\/","logo":{"@type":"ImageObject","inLanguage":"de","@id":"https:\/\/shop.bantam.ch\/de\/#\/schema\/logo\/image\/","url":"https:\/\/shop.bantam.ch\/wp-content\/uploads\/2022\/12\/bantam-logo.png","contentUrl":"https:\/\/shop.bantam.ch\/wp-content\/uploads\/2022\/12\/bantam-logo.png","width":320,"height":71,"caption":"Bantam Camping AG"},"image":{"@id":"https:\/\/shop.bantam.ch\/de\/#\/schema\/logo\/image\/"}}]}},"_links":{"self":[{"href":"https:\/\/shop.bantam.ch\/de\/wp-json\/wp\/v2\/product\/234556","targetHints":{"allow":["GET"]}}],"collection":[{"href":"https:\/\/shop.bantam.ch\/de\/wp-json\/wp\/v2\/product"}],"about":[{"href":"https:\/\/shop.bantam.ch\/de\/wp-json\/wp\/v2\/types\/product"}],"wp:featuredmedia":[{"embeddable":true,"href":"https:\/\/shop.bantam.ch\/de\/wp-json\/wp\/v2\/media\/234554"}],"wp:attachment":[{"href":"https:\/\/shop.bantam.ch\/de\/wp-json\/wp\/v2\/media?parent=234556"}],"wp:term":[{"taxonomy":"product_featured_cat","embeddable":true,"href":"https:\/\/shop.bantam.ch\/de\/wp-json\/wp\/v2\/product_featured_cat?post=234556"},{"taxonomy":"product_brand","embeddable":true,"href":"https:\/\/shop.bantam.ch\/de\/wp-json\/wp\/v2\/product_brand?post=234556"},{"taxonomy":"product_cat","embeddable":true,"href":"https:\/\/shop.bantam.ch\/de\/wp-json\/wp\/v2\/product_cat?post=234556"},{"taxonomy":"product_tag","embeddable":true,"href":"https:\/\/shop.bantam.ch\/de\/wp-json\/wp\/v2\/product_tag?post=234556"}],"curies":[{"name":"wp","href":"https:\/\/api.w.org\/{rel}","templated":true}]}}