{"id":234534,"date":"2026-03-06T11:01:22","date_gmt":"2026-03-06T10:01:22","guid":{"rendered":"https:\/\/shop.bantam.ch\/produit\/weiches-dachzelt-star-night\/"},"modified":"2026-04-17T23:57:55","modified_gmt":"2026-04-17T21:57:55","slug":"weiches-dachzelt-star-night","status":"publish","type":"product","link":"https:\/\/shop.bantam.ch\/de\/produkt\/weiches-dachzelt-star-night\/","title":{"rendered":"Weiches Dachzelt Star Night"},"content":{"rendered":"<p>DESIGN UND MATERIALIEN. Das Hauptgewebe besteht aus Polycotton mit einem Fl\u00e4chengewicht von 320 g\/m\u00b2 und einer PU-Beschichtung von 3000 mm. Ein integrierter Regenschutz aus Polyester 160 g\/m\u00b2 mit einer PU-Beschichtung von 10000 mm verst\u00e4rkt die Wasserdichtigkeit. Eine Schutzplane aus PVC ist im Lieferumfang enthalten. Das Gewebe ist grau und der Regenschutz schwarz. SCHLAFBEREICH UND BEL\u00dcFTUNG. Der Schlafbereich misst 130 x 220 cm und bietet Platz f\u00fcr zwei Personen. Der Innenraum ist mit atmungsaktivem Stoff ausgestattet und verf\u00fcgt \u00fcber Moskitonetze. Die Matratze besteht aus 3,5 cm dickem Schaumstoff mit hoher Dichte. Der Bezug ist abnehmbar. ABMESSUNGEN, ZUGANG UND AUFBAU. Im geschlossenen Zustand ist das Zelt 110 cm lang, 130 cm breit und 32 cm hoch. Im ge\u00f6ffneten Zustand betr\u00e4gt seine Gr\u00f6\u00dfe 220 x 130 x 125 cm. Der Zugang erfolgt \u00fcber eine Teleskopleiter aus Aluminium, die bis zu 230 cm verstellbar ist. Das Nettogewicht des Zeltes betr\u00e4gt 58,8 kg.<\/p>\n","protected":false},"excerpt":{"rendered":"<p>DESIGN UND MATERIALIEN. Das Hauptgewebe besteht aus Polycotton mit einem Fl\u00e4chengewicht von 320 g\/m\u00b2 und einer PU-Beschichtung von 3000 mm. Ein integrierter Regenschutz aus Polyester 160 g\/m\u00b2 mit einer PU-Beschichtung von 10000 mm verst\u00e4rkt die Wasserdichtigkeit. Eine Schutzplane aus PVC ist im Lieferumfang enthalten. Das Gewebe ist grau und der Regenschutz schwarz. SCHLAFBEREICH UND BEL\u00dcFTUNG. [&hellip;]<\/p>\n","protected":false},"featured_media":234524,"template":"","meta":{"_acf_changed":false},"product_featured_cat":[],"product_brand":[5372],"product_cat":[4244],"product_tag":[],"class_list":{"0":"post-234534","1":"product","2":"type-product","3":"status-publish","4":"has-post-thumbnail","6":"product_brand-soplair-de","7":"product_cat-dachzelte","9":"first","10":"instock","11":"taxable","12":"shipping-taxable","13":"purchasable","14":"product-type-simple"},"acf":[],"yoast_head":"<!-- This site is optimized with the Yoast SEO plugin v27.4 - https:\/\/yoast.com\/product\/yoast-seo-wordpress\/ -->\n<title>Weiches Dachzelt Star Night - Bantam Camping AG<\/title>\n<meta name=\"robots\" content=\"index, follow, max-snippet:-1, max-image-preview:large, max-video-preview:-1\" \/>\n<link rel=\"canonical\" href=\"https:\/\/shop.bantam.ch\/de\/produkt\/weiches-dachzelt-star-night\/\" \/>\n<meta property=\"og:locale\" content=\"de_DE\" \/>\n<meta property=\"og:type\" content=\"article\" \/>\n<meta property=\"og:title\" content=\"Weiches Dachzelt Star Night - Bantam Camping AG\" \/>\n<meta property=\"og:description\" content=\"DESIGN UND MATERIALIEN. Das Hauptgewebe besteht aus Polycotton mit einem Fl\u00e4chengewicht von 320 g\/m\u00b2 und einer PU-Beschichtung von 3000 mm. Ein integrierter Regenschutz aus Polyester 160 g\/m\u00b2 mit einer PU-Beschichtung von 10000 mm verst\u00e4rkt die Wasserdichtigkeit. Eine Schutzplane aus PVC ist im Lieferumfang enthalten. Das Gewebe ist grau und der Regenschutz schwarz. SCHLAFBEREICH UND BEL\u00dcFTUNG. [&hellip;]\" \/>\n<meta property=\"og:url\" content=\"https:\/\/shop.bantam.ch\/de\/produkt\/weiches-dachzelt-star-night\/\" \/>\n<meta property=\"og:site_name\" content=\"Bantam Camping AG\" \/>\n<meta property=\"article:modified_time\" content=\"2026-04-17T21:57:55+00:00\" \/>\n<meta property=\"og:image\" content=\"https:\/\/shop.bantam.ch\/wp-content\/uploads\/2026\/03\/77326005.jpg\" \/>\n\t<meta property=\"og:image:width\" content=\"455\" \/>\n\t<meta property=\"og:image:height\" content=\"460\" \/>\n\t<meta property=\"og:image:type\" content=\"image\/jpeg\" \/>\n<meta name=\"twitter:card\" content=\"summary_large_image\" \/>\n<meta name=\"twitter:label1\" content=\"Gesch\u00e4tzte Lesezeit\" \/>\n\t<meta name=\"twitter:data1\" content=\"1\u00a0Minute\" \/>\n<script type=\"application\/ld+json\" class=\"yoast-schema-graph\">{\"@context\":\"https:\\\/\\\/schema.org\",\"@graph\":[{\"@type\":\"WebPage\",\"@id\":\"https:\\\/\\\/shop.bantam.ch\\\/de\\\/produkt\\\/weiches-dachzelt-star-night\\\/\",\"url\":\"https:\\\/\\\/shop.bantam.ch\\\/de\\\/produkt\\\/weiches-dachzelt-star-night\\\/\",\"name\":\"Weiches Dachzelt Star Night - Bantam Camping AG\",\"isPartOf\":{\"@id\":\"https:\\\/\\\/shop.bantam.ch\\\/de\\\/#website\"},\"primaryImageOfPage\":{\"@id\":\"https:\\\/\\\/shop.bantam.ch\\\/de\\\/produkt\\\/weiches-dachzelt-star-night\\\/#primaryimage\"},\"image\":{\"@id\":\"https:\\\/\\\/shop.bantam.ch\\\/de\\\/produkt\\\/weiches-dachzelt-star-night\\\/#primaryimage\"},\"thumbnailUrl\":\"https:\\\/\\\/shop.bantam.ch\\\/wp-content\\\/uploads\\\/2026\\\/03\\\/77326005.jpg\",\"datePublished\":\"2026-03-06T10:01:22+00:00\",\"dateModified\":\"2026-04-17T21:57:55+00:00\",\"breadcrumb\":{\"@id\":\"https:\\\/\\\/shop.bantam.ch\\\/de\\\/produkt\\\/weiches-dachzelt-star-night\\\/#breadcrumb\"},\"inLanguage\":\"de\",\"potentialAction\":[{\"@type\":\"ReadAction\",\"target\":[\"https:\\\/\\\/shop.bantam.ch\\\/de\\\/produkt\\\/weiches-dachzelt-star-night\\\/\"]}]},{\"@type\":\"ImageObject\",\"inLanguage\":\"de\",\"@id\":\"https:\\\/\\\/shop.bantam.ch\\\/de\\\/produkt\\\/weiches-dachzelt-star-night\\\/#primaryimage\",\"url\":\"https:\\\/\\\/shop.bantam.ch\\\/wp-content\\\/uploads\\\/2026\\\/03\\\/77326005.jpg\",\"contentUrl\":\"https:\\\/\\\/shop.bantam.ch\\\/wp-content\\\/uploads\\\/2026\\\/03\\\/77326005.jpg\",\"width\":455,\"height\":460},{\"@type\":\"BreadcrumbList\",\"@id\":\"https:\\\/\\\/shop.bantam.ch\\\/de\\\/produkt\\\/weiches-dachzelt-star-night\\\/#breadcrumb\",\"itemListElement\":[{\"@type\":\"ListItem\",\"position\":1,\"name\":\"Accueil\",\"item\":\"https:\\\/\\\/shop.bantam.ch\\\/de\\\/\"},{\"@type\":\"ListItem\",\"position\":2,\"name\":\"Shop\",\"item\":\"https:\\\/\\\/shop.bantam.ch\\\/de\\\/shop\\\/\"},{\"@type\":\"ListItem\",\"position\":3,\"name\":\"Weiches Dachzelt Star Night\"}]},{\"@type\":\"WebSite\",\"@id\":\"https:\\\/\\\/shop.bantam.ch\\\/de\\\/#website\",\"url\":\"https:\\\/\\\/shop.bantam.ch\\\/de\\\/\",\"name\":\"Bantam Camping AG\",\"description\":\"\",\"publisher\":{\"@id\":\"https:\\\/\\\/shop.bantam.ch\\\/de\\\/#organization\"},\"inLanguage\":\"de\"},{\"@type\":\"Organization\",\"@id\":\"https:\\\/\\\/shop.bantam.ch\\\/de\\\/#organization\",\"name\":\"Bantam Camping AG\",\"url\":\"https:\\\/\\\/shop.bantam.ch\\\/de\\\/\",\"logo\":{\"@type\":\"ImageObject\",\"inLanguage\":\"de\",\"@id\":\"https:\\\/\\\/shop.bantam.ch\\\/de\\\/#\\\/schema\\\/logo\\\/image\\\/\",\"url\":\"https:\\\/\\\/shop.bantam.ch\\\/wp-content\\\/uploads\\\/2022\\\/12\\\/bantam-logo.png\",\"contentUrl\":\"https:\\\/\\\/shop.bantam.ch\\\/wp-content\\\/uploads\\\/2022\\\/12\\\/bantam-logo.png\",\"width\":320,\"height\":71,\"caption\":\"Bantam Camping AG\"},\"image\":{\"@id\":\"https:\\\/\\\/shop.bantam.ch\\\/de\\\/#\\\/schema\\\/logo\\\/image\\\/\"}}]}<\/script>\n<!-- \/ Yoast SEO plugin. -->","yoast_head_json":{"title":"Weiches Dachzelt Star Night - Bantam Camping AG","robots":{"index":"index","follow":"follow","max-snippet":"max-snippet:-1","max-image-preview":"max-image-preview:large","max-video-preview":"max-video-preview:-1"},"canonical":"https:\/\/shop.bantam.ch\/de\/produkt\/weiches-dachzelt-star-night\/","og_locale":"de_DE","og_type":"article","og_title":"Weiches Dachzelt Star Night - Bantam Camping AG","og_description":"DESIGN UND MATERIALIEN. Das Hauptgewebe besteht aus Polycotton mit einem Fl\u00e4chengewicht von 320 g\/m\u00b2 und einer PU-Beschichtung von 3000 mm. Ein integrierter Regenschutz aus Polyester 160 g\/m\u00b2 mit einer PU-Beschichtung von 10000 mm verst\u00e4rkt die Wasserdichtigkeit. Eine Schutzplane aus PVC ist im Lieferumfang enthalten. Das Gewebe ist grau und der Regenschutz schwarz. SCHLAFBEREICH UND BEL\u00dcFTUNG. [&hellip;]","og_url":"https:\/\/shop.bantam.ch\/de\/produkt\/weiches-dachzelt-star-night\/","og_site_name":"Bantam Camping AG","article_modified_time":"2026-04-17T21:57:55+00:00","og_image":[{"width":455,"height":460,"url":"https:\/\/shop.bantam.ch\/wp-content\/uploads\/2026\/03\/77326005.jpg","type":"image\/jpeg"}],"twitter_card":"summary_large_image","twitter_misc":{"Gesch\u00e4tzte Lesezeit":"1\u00a0Minute"},"schema":{"@context":"https:\/\/schema.org","@graph":[{"@type":"WebPage","@id":"https:\/\/shop.bantam.ch\/de\/produkt\/weiches-dachzelt-star-night\/","url":"https:\/\/shop.bantam.ch\/de\/produkt\/weiches-dachzelt-star-night\/","name":"Weiches Dachzelt Star Night - Bantam Camping AG","isPartOf":{"@id":"https:\/\/shop.bantam.ch\/de\/#website"},"primaryImageOfPage":{"@id":"https:\/\/shop.bantam.ch\/de\/produkt\/weiches-dachzelt-star-night\/#primaryimage"},"image":{"@id":"https:\/\/shop.bantam.ch\/de\/produkt\/weiches-dachzelt-star-night\/#primaryimage"},"thumbnailUrl":"https:\/\/shop.bantam.ch\/wp-content\/uploads\/2026\/03\/77326005.jpg","datePublished":"2026-03-06T10:01:22+00:00","dateModified":"2026-04-17T21:57:55+00:00","breadcrumb":{"@id":"https:\/\/shop.bantam.ch\/de\/produkt\/weiches-dachzelt-star-night\/#breadcrumb"},"inLanguage":"de","potentialAction":[{"@type":"ReadAction","target":["https:\/\/shop.bantam.ch\/de\/produkt\/weiches-dachzelt-star-night\/"]}]},{"@type":"ImageObject","inLanguage":"de","@id":"https:\/\/shop.bantam.ch\/de\/produkt\/weiches-dachzelt-star-night\/#primaryimage","url":"https:\/\/shop.bantam.ch\/wp-content\/uploads\/2026\/03\/77326005.jpg","contentUrl":"https:\/\/shop.bantam.ch\/wp-content\/uploads\/2026\/03\/77326005.jpg","width":455,"height":460},{"@type":"BreadcrumbList","@id":"https:\/\/shop.bantam.ch\/de\/produkt\/weiches-dachzelt-star-night\/#breadcrumb","itemListElement":[{"@type":"ListItem","position":1,"name":"Accueil","item":"https:\/\/shop.bantam.ch\/de\/"},{"@type":"ListItem","position":2,"name":"Shop","item":"https:\/\/shop.bantam.ch\/de\/shop\/"},{"@type":"ListItem","position":3,"name":"Weiches Dachzelt Star Night"}]},{"@type":"WebSite","@id":"https:\/\/shop.bantam.ch\/de\/#website","url":"https:\/\/shop.bantam.ch\/de\/","name":"Bantam Camping AG","description":"","publisher":{"@id":"https:\/\/shop.bantam.ch\/de\/#organization"},"inLanguage":"de"},{"@type":"Organization","@id":"https:\/\/shop.bantam.ch\/de\/#organization","name":"Bantam Camping AG","url":"https:\/\/shop.bantam.ch\/de\/","logo":{"@type":"ImageObject","inLanguage":"de","@id":"https:\/\/shop.bantam.ch\/de\/#\/schema\/logo\/image\/","url":"https:\/\/shop.bantam.ch\/wp-content\/uploads\/2022\/12\/bantam-logo.png","contentUrl":"https:\/\/shop.bantam.ch\/wp-content\/uploads\/2022\/12\/bantam-logo.png","width":320,"height":71,"caption":"Bantam Camping AG"},"image":{"@id":"https:\/\/shop.bantam.ch\/de\/#\/schema\/logo\/image\/"}}]}},"_links":{"self":[{"href":"https:\/\/shop.bantam.ch\/de\/wp-json\/wp\/v2\/product\/234534","targetHints":{"allow":["GET"]}}],"collection":[{"href":"https:\/\/shop.bantam.ch\/de\/wp-json\/wp\/v2\/product"}],"about":[{"href":"https:\/\/shop.bantam.ch\/de\/wp-json\/wp\/v2\/types\/product"}],"wp:featuredmedia":[{"embeddable":true,"href":"https:\/\/shop.bantam.ch\/de\/wp-json\/wp\/v2\/media\/234524"}],"wp:attachment":[{"href":"https:\/\/shop.bantam.ch\/de\/wp-json\/wp\/v2\/media?parent=234534"}],"wp:term":[{"taxonomy":"product_featured_cat","embeddable":true,"href":"https:\/\/shop.bantam.ch\/de\/wp-json\/wp\/v2\/product_featured_cat?post=234534"},{"taxonomy":"product_brand","embeddable":true,"href":"https:\/\/shop.bantam.ch\/de\/wp-json\/wp\/v2\/product_brand?post=234534"},{"taxonomy":"product_cat","embeddable":true,"href":"https:\/\/shop.bantam.ch\/de\/wp-json\/wp\/v2\/product_cat?post=234534"},{"taxonomy":"product_tag","embeddable":true,"href":"https:\/\/shop.bantam.ch\/de\/wp-json\/wp\/v2\/product_tag?post=234534"}],"curies":[{"name":"wp","href":"https:\/\/api.w.org\/{rel}","templated":true}]}}