{"id":234468,"date":"2026-03-05T10:54:44","date_gmt":"2026-03-05T09:54:44","guid":{"rendered":"https:\/\/shop.bantam.ch\/produit\/wasserglas-smoke-350ml-set-mit-2-glaesern\/"},"modified":"2026-04-17T23:57:43","modified_gmt":"2026-04-17T21:57:43","slug":"wasserglas-smoke-350ml-set-mit-2-glaesern","status":"publish","type":"product","link":"https:\/\/shop.bantam.ch\/de\/produkt\/wasserglas-smoke-350ml-set-mit-2-glaesern\/","title":{"rendered":"Wasserglas Smoke 350ml, Set mit 2 Gl\u00e4sern"},"content":{"rendered":"<p>Das Wasserglas Smoke 350ml wird als 2er-Set geliefert und besteht aus hochwertigem Acryl \u2013 ideal f\u00fcr Zuhause, Camping oder unterwegs. Die Gl\u00e4ser sind: Leicht, Einfach zu reinigen, Komplett BPA-frei, Sicher f\u00fcr den t\u00e4glichen Gebrauch. Set aus 2 stabilen und langlebigen Acrylgl\u00e4sern. Leicht, ideal f\u00fcr Camping und unterwegs. BPA-frei und sicher f\u00fcr den t\u00e4glichen Gebrauch. Stilvolle Smoke-Farbe. Einfach zu reinigen und wiederverwendbar. Technische Daten: Volumen: 350 ml. Material: Hochwertiges Acryl. Farbe: Smoke. Lieferumfang: 2 x Wasserglas Smoke 350 ml<\/p>\n","protected":false},"excerpt":{"rendered":"<p>Das Wasserglas Smoke 350ml wird als 2er-Set geliefert und besteht aus hochwertigem Acryl \u2013 ideal f\u00fcr Zuhause, Camping oder unterwegs. Die Gl\u00e4ser sind: Leicht, Einfach zu reinigen, Komplett BPA-frei, Sicher f\u00fcr den t\u00e4glichen Gebrauch. Set aus 2 stabilen und langlebigen Acrylgl\u00e4sern. Leicht, ideal f\u00fcr Camping und unterwegs. BPA-frei und sicher f\u00fcr den t\u00e4glichen Gebrauch. Stilvolle [&hellip;]<\/p>\n","protected":false},"featured_media":234466,"template":"","meta":{"_acf_changed":false},"product_featured_cat":[],"product_brand":[3075],"product_cat":[5338],"product_tag":[],"class_list":{"0":"post-234468","1":"product","2":"type-product","3":"status-publish","4":"has-post-thumbnail","6":"product_brand-eurotrail-de","7":"product_cat-glaeser","9":"first","10":"instock","11":"taxable","12":"shipping-taxable","13":"purchasable","14":"product-type-simple"},"acf":[],"yoast_head":"<!-- This site is optimized with the Yoast SEO plugin v27.4 - https:\/\/yoast.com\/product\/yoast-seo-wordpress\/ -->\n<title>Wasserglas Smoke 350ml, Set mit 2 Gl\u00e4sern - Bantam Camping AG<\/title>\n<meta name=\"robots\" content=\"index, follow, max-snippet:-1, max-image-preview:large, max-video-preview:-1\" \/>\n<link rel=\"canonical\" href=\"https:\/\/shop.bantam.ch\/de\/produkt\/wasserglas-smoke-350ml-set-mit-2-glaesern\/\" \/>\n<meta property=\"og:locale\" content=\"de_DE\" \/>\n<meta property=\"og:type\" content=\"article\" \/>\n<meta property=\"og:title\" content=\"Wasserglas Smoke 350ml, Set mit 2 Gl\u00e4sern - Bantam Camping AG\" \/>\n<meta property=\"og:description\" content=\"Das Wasserglas Smoke 350ml wird als 2er-Set geliefert und besteht aus hochwertigem Acryl \u2013 ideal f\u00fcr Zuhause, Camping oder unterwegs. Die Gl\u00e4ser sind: Leicht, Einfach zu reinigen, Komplett BPA-frei, Sicher f\u00fcr den t\u00e4glichen Gebrauch. Set aus 2 stabilen und langlebigen Acrylgl\u00e4sern. Leicht, ideal f\u00fcr Camping und unterwegs. BPA-frei und sicher f\u00fcr den t\u00e4glichen Gebrauch. Stilvolle [&hellip;]\" \/>\n<meta property=\"og:url\" content=\"https:\/\/shop.bantam.ch\/de\/produkt\/wasserglas-smoke-350ml-set-mit-2-glaesern\/\" \/>\n<meta property=\"og:site_name\" content=\"Bantam Camping AG\" \/>\n<meta property=\"article:modified_time\" content=\"2026-04-17T21:57:43+00:00\" \/>\n<meta property=\"og:image\" content=\"https:\/\/shop.bantam.ch\/wp-content\/uploads\/2026\/03\/76626011.jpg\" \/>\n\t<meta property=\"og:image:width\" content=\"602\" \/>\n\t<meta property=\"og:image:height\" content=\"800\" \/>\n\t<meta property=\"og:image:type\" content=\"image\/jpeg\" \/>\n<meta name=\"twitter:card\" content=\"summary_large_image\" \/>\n<script type=\"application\/ld+json\" class=\"yoast-schema-graph\">{\"@context\":\"https:\\\/\\\/schema.org\",\"@graph\":[{\"@type\":\"WebPage\",\"@id\":\"https:\\\/\\\/shop.bantam.ch\\\/de\\\/produkt\\\/wasserglas-smoke-350ml-set-mit-2-glaesern\\\/\",\"url\":\"https:\\\/\\\/shop.bantam.ch\\\/de\\\/produkt\\\/wasserglas-smoke-350ml-set-mit-2-glaesern\\\/\",\"name\":\"Wasserglas Smoke 350ml, Set mit 2 Gl\u00e4sern - Bantam Camping AG\",\"isPartOf\":{\"@id\":\"https:\\\/\\\/shop.bantam.ch\\\/de\\\/#website\"},\"primaryImageOfPage\":{\"@id\":\"https:\\\/\\\/shop.bantam.ch\\\/de\\\/produkt\\\/wasserglas-smoke-350ml-set-mit-2-glaesern\\\/#primaryimage\"},\"image\":{\"@id\":\"https:\\\/\\\/shop.bantam.ch\\\/de\\\/produkt\\\/wasserglas-smoke-350ml-set-mit-2-glaesern\\\/#primaryimage\"},\"thumbnailUrl\":\"https:\\\/\\\/shop.bantam.ch\\\/wp-content\\\/uploads\\\/2026\\\/03\\\/76626011.jpg\",\"datePublished\":\"2026-03-05T09:54:44+00:00\",\"dateModified\":\"2026-04-17T21:57:43+00:00\",\"breadcrumb\":{\"@id\":\"https:\\\/\\\/shop.bantam.ch\\\/de\\\/produkt\\\/wasserglas-smoke-350ml-set-mit-2-glaesern\\\/#breadcrumb\"},\"inLanguage\":\"de\",\"potentialAction\":[{\"@type\":\"ReadAction\",\"target\":[\"https:\\\/\\\/shop.bantam.ch\\\/de\\\/produkt\\\/wasserglas-smoke-350ml-set-mit-2-glaesern\\\/\"]}]},{\"@type\":\"ImageObject\",\"inLanguage\":\"de\",\"@id\":\"https:\\\/\\\/shop.bantam.ch\\\/de\\\/produkt\\\/wasserglas-smoke-350ml-set-mit-2-glaesern\\\/#primaryimage\",\"url\":\"https:\\\/\\\/shop.bantam.ch\\\/wp-content\\\/uploads\\\/2026\\\/03\\\/76626011.jpg\",\"contentUrl\":\"https:\\\/\\\/shop.bantam.ch\\\/wp-content\\\/uploads\\\/2026\\\/03\\\/76626011.jpg\",\"width\":602,\"height\":800},{\"@type\":\"BreadcrumbList\",\"@id\":\"https:\\\/\\\/shop.bantam.ch\\\/de\\\/produkt\\\/wasserglas-smoke-350ml-set-mit-2-glaesern\\\/#breadcrumb\",\"itemListElement\":[{\"@type\":\"ListItem\",\"position\":1,\"name\":\"Accueil\",\"item\":\"https:\\\/\\\/shop.bantam.ch\\\/de\\\/\"},{\"@type\":\"ListItem\",\"position\":2,\"name\":\"Shop\",\"item\":\"https:\\\/\\\/shop.bantam.ch\\\/de\\\/shop\\\/\"},{\"@type\":\"ListItem\",\"position\":3,\"name\":\"Wasserglas Smoke 350ml, Set mit 2 Gl\u00e4sern\"}]},{\"@type\":\"WebSite\",\"@id\":\"https:\\\/\\\/shop.bantam.ch\\\/de\\\/#website\",\"url\":\"https:\\\/\\\/shop.bantam.ch\\\/de\\\/\",\"name\":\"Bantam Camping AG\",\"description\":\"\",\"publisher\":{\"@id\":\"https:\\\/\\\/shop.bantam.ch\\\/de\\\/#organization\"},\"inLanguage\":\"de\"},{\"@type\":\"Organization\",\"@id\":\"https:\\\/\\\/shop.bantam.ch\\\/de\\\/#organization\",\"name\":\"Bantam Camping AG\",\"url\":\"https:\\\/\\\/shop.bantam.ch\\\/de\\\/\",\"logo\":{\"@type\":\"ImageObject\",\"inLanguage\":\"de\",\"@id\":\"https:\\\/\\\/shop.bantam.ch\\\/de\\\/#\\\/schema\\\/logo\\\/image\\\/\",\"url\":\"https:\\\/\\\/shop.bantam.ch\\\/wp-content\\\/uploads\\\/2022\\\/12\\\/bantam-logo.png\",\"contentUrl\":\"https:\\\/\\\/shop.bantam.ch\\\/wp-content\\\/uploads\\\/2022\\\/12\\\/bantam-logo.png\",\"width\":320,\"height\":71,\"caption\":\"Bantam Camping AG\"},\"image\":{\"@id\":\"https:\\\/\\\/shop.bantam.ch\\\/de\\\/#\\\/schema\\\/logo\\\/image\\\/\"}}]}<\/script>\n<!-- \/ Yoast SEO plugin. -->","yoast_head_json":{"title":"Wasserglas Smoke 350ml, Set mit 2 Gl\u00e4sern - Bantam Camping AG","robots":{"index":"index","follow":"follow","max-snippet":"max-snippet:-1","max-image-preview":"max-image-preview:large","max-video-preview":"max-video-preview:-1"},"canonical":"https:\/\/shop.bantam.ch\/de\/produkt\/wasserglas-smoke-350ml-set-mit-2-glaesern\/","og_locale":"de_DE","og_type":"article","og_title":"Wasserglas Smoke 350ml, Set mit 2 Gl\u00e4sern - Bantam Camping AG","og_description":"Das Wasserglas Smoke 350ml wird als 2er-Set geliefert und besteht aus hochwertigem Acryl \u2013 ideal f\u00fcr Zuhause, Camping oder unterwegs. Die Gl\u00e4ser sind: Leicht, Einfach zu reinigen, Komplett BPA-frei, Sicher f\u00fcr den t\u00e4glichen Gebrauch. Set aus 2 stabilen und langlebigen Acrylgl\u00e4sern. Leicht, ideal f\u00fcr Camping und unterwegs. BPA-frei und sicher f\u00fcr den t\u00e4glichen Gebrauch. Stilvolle [&hellip;]","og_url":"https:\/\/shop.bantam.ch\/de\/produkt\/wasserglas-smoke-350ml-set-mit-2-glaesern\/","og_site_name":"Bantam Camping AG","article_modified_time":"2026-04-17T21:57:43+00:00","og_image":[{"width":602,"height":800,"url":"https:\/\/shop.bantam.ch\/wp-content\/uploads\/2026\/03\/76626011.jpg","type":"image\/jpeg"}],"twitter_card":"summary_large_image","schema":{"@context":"https:\/\/schema.org","@graph":[{"@type":"WebPage","@id":"https:\/\/shop.bantam.ch\/de\/produkt\/wasserglas-smoke-350ml-set-mit-2-glaesern\/","url":"https:\/\/shop.bantam.ch\/de\/produkt\/wasserglas-smoke-350ml-set-mit-2-glaesern\/","name":"Wasserglas Smoke 350ml, Set mit 2 Gl\u00e4sern - Bantam Camping AG","isPartOf":{"@id":"https:\/\/shop.bantam.ch\/de\/#website"},"primaryImageOfPage":{"@id":"https:\/\/shop.bantam.ch\/de\/produkt\/wasserglas-smoke-350ml-set-mit-2-glaesern\/#primaryimage"},"image":{"@id":"https:\/\/shop.bantam.ch\/de\/produkt\/wasserglas-smoke-350ml-set-mit-2-glaesern\/#primaryimage"},"thumbnailUrl":"https:\/\/shop.bantam.ch\/wp-content\/uploads\/2026\/03\/76626011.jpg","datePublished":"2026-03-05T09:54:44+00:00","dateModified":"2026-04-17T21:57:43+00:00","breadcrumb":{"@id":"https:\/\/shop.bantam.ch\/de\/produkt\/wasserglas-smoke-350ml-set-mit-2-glaesern\/#breadcrumb"},"inLanguage":"de","potentialAction":[{"@type":"ReadAction","target":["https:\/\/shop.bantam.ch\/de\/produkt\/wasserglas-smoke-350ml-set-mit-2-glaesern\/"]}]},{"@type":"ImageObject","inLanguage":"de","@id":"https:\/\/shop.bantam.ch\/de\/produkt\/wasserglas-smoke-350ml-set-mit-2-glaesern\/#primaryimage","url":"https:\/\/shop.bantam.ch\/wp-content\/uploads\/2026\/03\/76626011.jpg","contentUrl":"https:\/\/shop.bantam.ch\/wp-content\/uploads\/2026\/03\/76626011.jpg","width":602,"height":800},{"@type":"BreadcrumbList","@id":"https:\/\/shop.bantam.ch\/de\/produkt\/wasserglas-smoke-350ml-set-mit-2-glaesern\/#breadcrumb","itemListElement":[{"@type":"ListItem","position":1,"name":"Accueil","item":"https:\/\/shop.bantam.ch\/de\/"},{"@type":"ListItem","position":2,"name":"Shop","item":"https:\/\/shop.bantam.ch\/de\/shop\/"},{"@type":"ListItem","position":3,"name":"Wasserglas Smoke 350ml, Set mit 2 Gl\u00e4sern"}]},{"@type":"WebSite","@id":"https:\/\/shop.bantam.ch\/de\/#website","url":"https:\/\/shop.bantam.ch\/de\/","name":"Bantam Camping AG","description":"","publisher":{"@id":"https:\/\/shop.bantam.ch\/de\/#organization"},"inLanguage":"de"},{"@type":"Organization","@id":"https:\/\/shop.bantam.ch\/de\/#organization","name":"Bantam Camping AG","url":"https:\/\/shop.bantam.ch\/de\/","logo":{"@type":"ImageObject","inLanguage":"de","@id":"https:\/\/shop.bantam.ch\/de\/#\/schema\/logo\/image\/","url":"https:\/\/shop.bantam.ch\/wp-content\/uploads\/2022\/12\/bantam-logo.png","contentUrl":"https:\/\/shop.bantam.ch\/wp-content\/uploads\/2022\/12\/bantam-logo.png","width":320,"height":71,"caption":"Bantam Camping AG"},"image":{"@id":"https:\/\/shop.bantam.ch\/de\/#\/schema\/logo\/image\/"}}]}},"_links":{"self":[{"href":"https:\/\/shop.bantam.ch\/de\/wp-json\/wp\/v2\/product\/234468","targetHints":{"allow":["GET"]}}],"collection":[{"href":"https:\/\/shop.bantam.ch\/de\/wp-json\/wp\/v2\/product"}],"about":[{"href":"https:\/\/shop.bantam.ch\/de\/wp-json\/wp\/v2\/types\/product"}],"wp:featuredmedia":[{"embeddable":true,"href":"https:\/\/shop.bantam.ch\/de\/wp-json\/wp\/v2\/media\/234466"}],"wp:attachment":[{"href":"https:\/\/shop.bantam.ch\/de\/wp-json\/wp\/v2\/media?parent=234468"}],"wp:term":[{"taxonomy":"product_featured_cat","embeddable":true,"href":"https:\/\/shop.bantam.ch\/de\/wp-json\/wp\/v2\/product_featured_cat?post=234468"},{"taxonomy":"product_brand","embeddable":true,"href":"https:\/\/shop.bantam.ch\/de\/wp-json\/wp\/v2\/product_brand?post=234468"},{"taxonomy":"product_cat","embeddable":true,"href":"https:\/\/shop.bantam.ch\/de\/wp-json\/wp\/v2\/product_cat?post=234468"},{"taxonomy":"product_tag","embeddable":true,"href":"https:\/\/shop.bantam.ch\/de\/wp-json\/wp\/v2\/product_tag?post=234468"}],"curies":[{"name":"wp","href":"https:\/\/api.w.org\/{rel}","templated":true}]}}