{"id":234464,"date":"2026-03-05T10:48:03","date_gmt":"2026-03-05T09:48:03","guid":{"rendered":"https:\/\/shop.bantam.ch\/produit\/vienne-alu-klapptisch\/"},"modified":"2026-04-17T23:57:42","modified_gmt":"2026-04-17T21:57:42","slug":"vienne-alu-klapptisch","status":"publish","type":"product","link":"https:\/\/shop.bantam.ch\/de\/produkt\/vienne-alu-klapptisch\/","title":{"rendered":"Vienne Alu-Klapptisch"},"content":{"rendered":"<p>Aluminium-Klapptisch. Dieser praktische Klapptisch aus Aluminium ist ideal f\u00fcr jeden Campingausflug. Dank seines geringen Gewichts und seines kompakten Designs l\u00e4sst er sich leicht verstauen und \u00fcberall hin mitnehmen. Der Tisch ist einfach zu bedienen und auf zwei H\u00f6hen einstellbar: 45 und 62 cm. Material: Aluminium. Gestell: Aluminium. Abmessungen: 50x48x45\/62cm. Zusammengeklappt: 52\u00d754,5\u00d76,5cm. Gewicht: 1,95 kg. Max. Belastung: 25 kg.<\/p>\n","protected":false},"excerpt":{"rendered":"<p>Aluminium-Klapptisch. Dieser praktische Klapptisch aus Aluminium ist ideal f\u00fcr jeden Campingausflug. Dank seines geringen Gewichts und seines kompakten Designs l\u00e4sst er sich leicht verstauen und \u00fcberall hin mitnehmen. Der Tisch ist einfach zu bedienen und auf zwei H\u00f6hen einstellbar: 45 und 62 cm. Material: Aluminium. Gestell: Aluminium. Abmessungen: 50x48x45\/62cm. Zusammengeklappt: 52\u00d754,5\u00d76,5cm. Gewicht: 1,95 kg. Max. [&hellip;]<\/p>\n","protected":false},"featured_media":234456,"template":"","meta":{"_acf_changed":false},"product_featured_cat":[],"product_brand":[3075],"product_cat":[4054],"product_tag":[],"class_list":{"0":"post-234464","1":"product","2":"type-product","3":"status-publish","4":"has-post-thumbnail","6":"product_brand-eurotrail-de","7":"product_cat-campingtische","9":"first","10":"instock","11":"taxable","12":"shipping-taxable","13":"purchasable","14":"product-type-simple"},"acf":[],"yoast_head":"<!-- This site is optimized with the Yoast SEO plugin v27.4 - https:\/\/yoast.com\/product\/yoast-seo-wordpress\/ -->\n<title>Vienne Alu-Klapptisch - Bantam Camping AG<\/title>\n<meta name=\"robots\" content=\"index, follow, max-snippet:-1, max-image-preview:large, max-video-preview:-1\" \/>\n<link rel=\"canonical\" href=\"https:\/\/shop.bantam.ch\/de\/produkt\/vienne-alu-klapptisch\/\" \/>\n<meta property=\"og:locale\" content=\"de_DE\" \/>\n<meta property=\"og:type\" content=\"article\" \/>\n<meta property=\"og:title\" content=\"Vienne Alu-Klapptisch - Bantam Camping AG\" \/>\n<meta property=\"og:description\" content=\"Aluminium-Klapptisch. Dieser praktische Klapptisch aus Aluminium ist ideal f\u00fcr jeden Campingausflug. Dank seines geringen Gewichts und seines kompakten Designs l\u00e4sst er sich leicht verstauen und \u00fcberall hin mitnehmen. Der Tisch ist einfach zu bedienen und auf zwei H\u00f6hen einstellbar: 45 und 62 cm. Material: Aluminium. Gestell: Aluminium. Abmessungen: 50x48x45\/62cm. Zusammengeklappt: 52\u00d754,5\u00d76,5cm. Gewicht: 1,95 kg. Max. [&hellip;]\" \/>\n<meta property=\"og:url\" content=\"https:\/\/shop.bantam.ch\/de\/produkt\/vienne-alu-klapptisch\/\" \/>\n<meta property=\"og:site_name\" content=\"Bantam Camping AG\" \/>\n<meta property=\"article:modified_time\" content=\"2026-04-17T21:57:42+00:00\" \/>\n<meta property=\"og:image\" content=\"https:\/\/shop.bantam.ch\/wp-content\/uploads\/2026\/03\/76626015-scaled.jpg\" \/>\n\t<meta property=\"og:image:width\" content=\"1525\" \/>\n\t<meta property=\"og:image:height\" content=\"2048\" \/>\n\t<meta property=\"og:image:type\" content=\"image\/jpeg\" \/>\n<meta name=\"twitter:card\" content=\"summary_large_image\" \/>\n<script type=\"application\/ld+json\" class=\"yoast-schema-graph\">{\"@context\":\"https:\\\/\\\/schema.org\",\"@graph\":[{\"@type\":\"WebPage\",\"@id\":\"https:\\\/\\\/shop.bantam.ch\\\/de\\\/produkt\\\/vienne-alu-klapptisch\\\/\",\"url\":\"https:\\\/\\\/shop.bantam.ch\\\/de\\\/produkt\\\/vienne-alu-klapptisch\\\/\",\"name\":\"Vienne Alu-Klapptisch - Bantam Camping AG\",\"isPartOf\":{\"@id\":\"https:\\\/\\\/shop.bantam.ch\\\/de\\\/#website\"},\"primaryImageOfPage\":{\"@id\":\"https:\\\/\\\/shop.bantam.ch\\\/de\\\/produkt\\\/vienne-alu-klapptisch\\\/#primaryimage\"},\"image\":{\"@id\":\"https:\\\/\\\/shop.bantam.ch\\\/de\\\/produkt\\\/vienne-alu-klapptisch\\\/#primaryimage\"},\"thumbnailUrl\":\"https:\\\/\\\/shop.bantam.ch\\\/wp-content\\\/uploads\\\/2026\\\/03\\\/76626015-scaled.jpg\",\"datePublished\":\"2026-03-05T09:48:03+00:00\",\"dateModified\":\"2026-04-17T21:57:42+00:00\",\"breadcrumb\":{\"@id\":\"https:\\\/\\\/shop.bantam.ch\\\/de\\\/produkt\\\/vienne-alu-klapptisch\\\/#breadcrumb\"},\"inLanguage\":\"de\",\"potentialAction\":[{\"@type\":\"ReadAction\",\"target\":[\"https:\\\/\\\/shop.bantam.ch\\\/de\\\/produkt\\\/vienne-alu-klapptisch\\\/\"]}]},{\"@type\":\"ImageObject\",\"inLanguage\":\"de\",\"@id\":\"https:\\\/\\\/shop.bantam.ch\\\/de\\\/produkt\\\/vienne-alu-klapptisch\\\/#primaryimage\",\"url\":\"https:\\\/\\\/shop.bantam.ch\\\/wp-content\\\/uploads\\\/2026\\\/03\\\/76626015-scaled.jpg\",\"contentUrl\":\"https:\\\/\\\/shop.bantam.ch\\\/wp-content\\\/uploads\\\/2026\\\/03\\\/76626015-scaled.jpg\",\"width\":1525,\"height\":2048},{\"@type\":\"BreadcrumbList\",\"@id\":\"https:\\\/\\\/shop.bantam.ch\\\/de\\\/produkt\\\/vienne-alu-klapptisch\\\/#breadcrumb\",\"itemListElement\":[{\"@type\":\"ListItem\",\"position\":1,\"name\":\"Accueil\",\"item\":\"https:\\\/\\\/shop.bantam.ch\\\/de\\\/\"},{\"@type\":\"ListItem\",\"position\":2,\"name\":\"Shop\",\"item\":\"https:\\\/\\\/shop.bantam.ch\\\/de\\\/shop\\\/\"},{\"@type\":\"ListItem\",\"position\":3,\"name\":\"Vienne Alu-Klapptisch\"}]},{\"@type\":\"WebSite\",\"@id\":\"https:\\\/\\\/shop.bantam.ch\\\/de\\\/#website\",\"url\":\"https:\\\/\\\/shop.bantam.ch\\\/de\\\/\",\"name\":\"Bantam Camping AG\",\"description\":\"\",\"publisher\":{\"@id\":\"https:\\\/\\\/shop.bantam.ch\\\/de\\\/#organization\"},\"inLanguage\":\"de\"},{\"@type\":\"Organization\",\"@id\":\"https:\\\/\\\/shop.bantam.ch\\\/de\\\/#organization\",\"name\":\"Bantam Camping AG\",\"url\":\"https:\\\/\\\/shop.bantam.ch\\\/de\\\/\",\"logo\":{\"@type\":\"ImageObject\",\"inLanguage\":\"de\",\"@id\":\"https:\\\/\\\/shop.bantam.ch\\\/de\\\/#\\\/schema\\\/logo\\\/image\\\/\",\"url\":\"https:\\\/\\\/shop.bantam.ch\\\/wp-content\\\/uploads\\\/2022\\\/12\\\/bantam-logo.png\",\"contentUrl\":\"https:\\\/\\\/shop.bantam.ch\\\/wp-content\\\/uploads\\\/2022\\\/12\\\/bantam-logo.png\",\"width\":320,\"height\":71,\"caption\":\"Bantam Camping AG\"},\"image\":{\"@id\":\"https:\\\/\\\/shop.bantam.ch\\\/de\\\/#\\\/schema\\\/logo\\\/image\\\/\"}}]}<\/script>\n<!-- \/ Yoast SEO plugin. -->","yoast_head_json":{"title":"Vienne Alu-Klapptisch - Bantam Camping AG","robots":{"index":"index","follow":"follow","max-snippet":"max-snippet:-1","max-image-preview":"max-image-preview:large","max-video-preview":"max-video-preview:-1"},"canonical":"https:\/\/shop.bantam.ch\/de\/produkt\/vienne-alu-klapptisch\/","og_locale":"de_DE","og_type":"article","og_title":"Vienne Alu-Klapptisch - Bantam Camping AG","og_description":"Aluminium-Klapptisch. Dieser praktische Klapptisch aus Aluminium ist ideal f\u00fcr jeden Campingausflug. Dank seines geringen Gewichts und seines kompakten Designs l\u00e4sst er sich leicht verstauen und \u00fcberall hin mitnehmen. Der Tisch ist einfach zu bedienen und auf zwei H\u00f6hen einstellbar: 45 und 62 cm. Material: Aluminium. Gestell: Aluminium. Abmessungen: 50x48x45\/62cm. Zusammengeklappt: 52\u00d754,5\u00d76,5cm. Gewicht: 1,95 kg. Max. [&hellip;]","og_url":"https:\/\/shop.bantam.ch\/de\/produkt\/vienne-alu-klapptisch\/","og_site_name":"Bantam Camping AG","article_modified_time":"2026-04-17T21:57:42+00:00","og_image":[{"width":1525,"height":2048,"url":"https:\/\/shop.bantam.ch\/wp-content\/uploads\/2026\/03\/76626015-scaled.jpg","type":"image\/jpeg"}],"twitter_card":"summary_large_image","schema":{"@context":"https:\/\/schema.org","@graph":[{"@type":"WebPage","@id":"https:\/\/shop.bantam.ch\/de\/produkt\/vienne-alu-klapptisch\/","url":"https:\/\/shop.bantam.ch\/de\/produkt\/vienne-alu-klapptisch\/","name":"Vienne Alu-Klapptisch - Bantam Camping AG","isPartOf":{"@id":"https:\/\/shop.bantam.ch\/de\/#website"},"primaryImageOfPage":{"@id":"https:\/\/shop.bantam.ch\/de\/produkt\/vienne-alu-klapptisch\/#primaryimage"},"image":{"@id":"https:\/\/shop.bantam.ch\/de\/produkt\/vienne-alu-klapptisch\/#primaryimage"},"thumbnailUrl":"https:\/\/shop.bantam.ch\/wp-content\/uploads\/2026\/03\/76626015-scaled.jpg","datePublished":"2026-03-05T09:48:03+00:00","dateModified":"2026-04-17T21:57:42+00:00","breadcrumb":{"@id":"https:\/\/shop.bantam.ch\/de\/produkt\/vienne-alu-klapptisch\/#breadcrumb"},"inLanguage":"de","potentialAction":[{"@type":"ReadAction","target":["https:\/\/shop.bantam.ch\/de\/produkt\/vienne-alu-klapptisch\/"]}]},{"@type":"ImageObject","inLanguage":"de","@id":"https:\/\/shop.bantam.ch\/de\/produkt\/vienne-alu-klapptisch\/#primaryimage","url":"https:\/\/shop.bantam.ch\/wp-content\/uploads\/2026\/03\/76626015-scaled.jpg","contentUrl":"https:\/\/shop.bantam.ch\/wp-content\/uploads\/2026\/03\/76626015-scaled.jpg","width":1525,"height":2048},{"@type":"BreadcrumbList","@id":"https:\/\/shop.bantam.ch\/de\/produkt\/vienne-alu-klapptisch\/#breadcrumb","itemListElement":[{"@type":"ListItem","position":1,"name":"Accueil","item":"https:\/\/shop.bantam.ch\/de\/"},{"@type":"ListItem","position":2,"name":"Shop","item":"https:\/\/shop.bantam.ch\/de\/shop\/"},{"@type":"ListItem","position":3,"name":"Vienne Alu-Klapptisch"}]},{"@type":"WebSite","@id":"https:\/\/shop.bantam.ch\/de\/#website","url":"https:\/\/shop.bantam.ch\/de\/","name":"Bantam Camping AG","description":"","publisher":{"@id":"https:\/\/shop.bantam.ch\/de\/#organization"},"inLanguage":"de"},{"@type":"Organization","@id":"https:\/\/shop.bantam.ch\/de\/#organization","name":"Bantam Camping AG","url":"https:\/\/shop.bantam.ch\/de\/","logo":{"@type":"ImageObject","inLanguage":"de","@id":"https:\/\/shop.bantam.ch\/de\/#\/schema\/logo\/image\/","url":"https:\/\/shop.bantam.ch\/wp-content\/uploads\/2022\/12\/bantam-logo.png","contentUrl":"https:\/\/shop.bantam.ch\/wp-content\/uploads\/2022\/12\/bantam-logo.png","width":320,"height":71,"caption":"Bantam Camping AG"},"image":{"@id":"https:\/\/shop.bantam.ch\/de\/#\/schema\/logo\/image\/"}}]}},"_links":{"self":[{"href":"https:\/\/shop.bantam.ch\/de\/wp-json\/wp\/v2\/product\/234464","targetHints":{"allow":["GET"]}}],"collection":[{"href":"https:\/\/shop.bantam.ch\/de\/wp-json\/wp\/v2\/product"}],"about":[{"href":"https:\/\/shop.bantam.ch\/de\/wp-json\/wp\/v2\/types\/product"}],"wp:featuredmedia":[{"embeddable":true,"href":"https:\/\/shop.bantam.ch\/de\/wp-json\/wp\/v2\/media\/234456"}],"wp:attachment":[{"href":"https:\/\/shop.bantam.ch\/de\/wp-json\/wp\/v2\/media?parent=234464"}],"wp:term":[{"taxonomy":"product_featured_cat","embeddable":true,"href":"https:\/\/shop.bantam.ch\/de\/wp-json\/wp\/v2\/product_featured_cat?post=234464"},{"taxonomy":"product_brand","embeddable":true,"href":"https:\/\/shop.bantam.ch\/de\/wp-json\/wp\/v2\/product_brand?post=234464"},{"taxonomy":"product_cat","embeddable":true,"href":"https:\/\/shop.bantam.ch\/de\/wp-json\/wp\/v2\/product_cat?post=234464"},{"taxonomy":"product_tag","embeddable":true,"href":"https:\/\/shop.bantam.ch\/de\/wp-json\/wp\/v2\/product_tag?post=234464"}],"curies":[{"name":"wp","href":"https:\/\/api.w.org\/{rel}","templated":true}]}}