{"id":234444,"date":"2026-03-05T10:38:00","date_gmt":"2026-03-05T09:38:00","guid":{"rendered":"https:\/\/shop.bantam.ch\/produit\/564-bari-hocker-mit-tischplatte\/"},"modified":"2026-04-20T23:58:34","modified_gmt":"2026-04-20T21:58:34","slug":"564-bari-hocker-mit-tischplatte","status":"publish","type":"product","link":"https:\/\/shop.bantam.ch\/de\/produkt\/564-bari-hocker-mit-tischplatte\/","title":{"rendered":"564 Bari Hocker mit Tischplatte"},"content":{"rendered":"<p>Praktischer Hocker mit Tischplatte \u2013 Kompakt &amp; Vielseitig. Dieser smarte Hocker mit stabiler Tischplatte ist ein unverzichtbares Accessoire f\u00fcr jeden Camper. Das stabile U-Gestell verhindert das Einsinken im weichen Boden, und der erh\u00f6hte Rand sorgt daf\u00fcr, dass Ihre Sachen sicher an ihrem Platz bleiben. Nach Gebrauch l\u00e4sst sich der Hocker einfach und kompakt zusammenklappen \u2013 ideal f\u00fcr unterwegs oder als zus\u00e4tzliche Sitzgelegenheit oder Beistelltisch auf dem Campingplatz. Material: 100 % Polyester. Gestell: \u00d8 12 mm Stahl. Aufgeklappt: 39 x 39 x 47,5 cm. Zusammengeklappt: 65 x 41 x 7 cm. Gewicht: 1,7 kg. Maximale Belastung: 80 kg<\/p>\n","protected":false},"excerpt":{"rendered":"<p>Praktischer Hocker mit Tischplatte \u2013 Kompakt &amp; Vielseitig. Dieser smarte Hocker mit stabiler Tischplatte ist ein unverzichtbares Accessoire f\u00fcr jeden Camper. Das stabile U-Gestell verhindert das Einsinken im weichen Boden, und der erh\u00f6hte Rand sorgt daf\u00fcr, dass Ihre Sachen sicher an ihrem Platz bleiben. Nach Gebrauch l\u00e4sst sich der Hocker einfach und kompakt zusammenklappen \u2013 [&hellip;]<\/p>\n","protected":false},"featured_media":234440,"template":"","meta":{"_acf_changed":false},"product_featured_cat":[],"product_brand":[3075],"product_cat":[4976],"product_tag":[],"class_list":{"0":"post-234444","1":"product","2":"type-product","3":"status-publish","4":"has-post-thumbnail","6":"product_brand-eurotrail-de","7":"product_cat-hocker","9":"first","10":"instock","11":"taxable","12":"shipping-taxable","13":"purchasable","14":"product-type-simple"},"acf":[],"yoast_head":"<!-- This site is optimized with the Yoast SEO plugin v27.4 - https:\/\/yoast.com\/product\/yoast-seo-wordpress\/ -->\n<title>564 Bari Hocker mit Tischplatte - Bantam Camping AG<\/title>\n<meta name=\"robots\" content=\"index, follow, max-snippet:-1, max-image-preview:large, max-video-preview:-1\" \/>\n<link rel=\"canonical\" href=\"https:\/\/shop.bantam.ch\/de\/produkt\/564-bari-hocker-mit-tischplatte\/\" \/>\n<meta property=\"og:locale\" content=\"de_DE\" \/>\n<meta property=\"og:type\" content=\"article\" \/>\n<meta property=\"og:title\" content=\"564 Bari Hocker mit Tischplatte - Bantam Camping AG\" \/>\n<meta property=\"og:description\" content=\"Praktischer Hocker mit Tischplatte \u2013 Kompakt &amp; Vielseitig. Dieser smarte Hocker mit stabiler Tischplatte ist ein unverzichtbares Accessoire f\u00fcr jeden Camper. Das stabile U-Gestell verhindert das Einsinken im weichen Boden, und der erh\u00f6hte Rand sorgt daf\u00fcr, dass Ihre Sachen sicher an ihrem Platz bleiben. Nach Gebrauch l\u00e4sst sich der Hocker einfach und kompakt zusammenklappen \u2013 [&hellip;]\" \/>\n<meta property=\"og:url\" content=\"https:\/\/shop.bantam.ch\/de\/produkt\/564-bari-hocker-mit-tischplatte\/\" \/>\n<meta property=\"og:site_name\" content=\"Bantam Camping AG\" \/>\n<meta property=\"article:modified_time\" content=\"2026-04-20T21:58:34+00:00\" \/>\n<meta property=\"og:image\" content=\"https:\/\/shop.bantam.ch\/wp-content\/uploads\/2026\/03\/76626013.jpg\" \/>\n\t<meta property=\"og:image:width\" content=\"669\" \/>\n\t<meta property=\"og:image:height\" content=\"800\" \/>\n\t<meta property=\"og:image:type\" content=\"image\/jpeg\" \/>\n<meta name=\"twitter:card\" content=\"summary_large_image\" \/>\n<script type=\"application\/ld+json\" class=\"yoast-schema-graph\">{\"@context\":\"https:\\\/\\\/schema.org\",\"@graph\":[{\"@type\":\"WebPage\",\"@id\":\"https:\\\/\\\/shop.bantam.ch\\\/de\\\/produkt\\\/564-bari-hocker-mit-tischplatte\\\/\",\"url\":\"https:\\\/\\\/shop.bantam.ch\\\/de\\\/produkt\\\/564-bari-hocker-mit-tischplatte\\\/\",\"name\":\"564 Bari Hocker mit Tischplatte - Bantam Camping AG\",\"isPartOf\":{\"@id\":\"https:\\\/\\\/shop.bantam.ch\\\/de\\\/#website\"},\"primaryImageOfPage\":{\"@id\":\"https:\\\/\\\/shop.bantam.ch\\\/de\\\/produkt\\\/564-bari-hocker-mit-tischplatte\\\/#primaryimage\"},\"image\":{\"@id\":\"https:\\\/\\\/shop.bantam.ch\\\/de\\\/produkt\\\/564-bari-hocker-mit-tischplatte\\\/#primaryimage\"},\"thumbnailUrl\":\"https:\\\/\\\/shop.bantam.ch\\\/wp-content\\\/uploads\\\/2026\\\/03\\\/76626013.jpg\",\"datePublished\":\"2026-03-05T09:38:00+00:00\",\"dateModified\":\"2026-04-20T21:58:34+00:00\",\"breadcrumb\":{\"@id\":\"https:\\\/\\\/shop.bantam.ch\\\/de\\\/produkt\\\/564-bari-hocker-mit-tischplatte\\\/#breadcrumb\"},\"inLanguage\":\"de\",\"potentialAction\":[{\"@type\":\"ReadAction\",\"target\":[\"https:\\\/\\\/shop.bantam.ch\\\/de\\\/produkt\\\/564-bari-hocker-mit-tischplatte\\\/\"]}]},{\"@type\":\"ImageObject\",\"inLanguage\":\"de\",\"@id\":\"https:\\\/\\\/shop.bantam.ch\\\/de\\\/produkt\\\/564-bari-hocker-mit-tischplatte\\\/#primaryimage\",\"url\":\"https:\\\/\\\/shop.bantam.ch\\\/wp-content\\\/uploads\\\/2026\\\/03\\\/76626013.jpg\",\"contentUrl\":\"https:\\\/\\\/shop.bantam.ch\\\/wp-content\\\/uploads\\\/2026\\\/03\\\/76626013.jpg\",\"width\":669,\"height\":800},{\"@type\":\"BreadcrumbList\",\"@id\":\"https:\\\/\\\/shop.bantam.ch\\\/de\\\/produkt\\\/564-bari-hocker-mit-tischplatte\\\/#breadcrumb\",\"itemListElement\":[{\"@type\":\"ListItem\",\"position\":1,\"name\":\"Accueil\",\"item\":\"https:\\\/\\\/shop.bantam.ch\\\/de\\\/\"},{\"@type\":\"ListItem\",\"position\":2,\"name\":\"Shop\",\"item\":\"https:\\\/\\\/shop.bantam.ch\\\/de\\\/shop\\\/\"},{\"@type\":\"ListItem\",\"position\":3,\"name\":\"564 Bari Hocker mit Tischplatte\"}]},{\"@type\":\"WebSite\",\"@id\":\"https:\\\/\\\/shop.bantam.ch\\\/de\\\/#website\",\"url\":\"https:\\\/\\\/shop.bantam.ch\\\/de\\\/\",\"name\":\"Bantam Camping AG\",\"description\":\"\",\"publisher\":{\"@id\":\"https:\\\/\\\/shop.bantam.ch\\\/de\\\/#organization\"},\"inLanguage\":\"de\"},{\"@type\":\"Organization\",\"@id\":\"https:\\\/\\\/shop.bantam.ch\\\/de\\\/#organization\",\"name\":\"Bantam Camping AG\",\"url\":\"https:\\\/\\\/shop.bantam.ch\\\/de\\\/\",\"logo\":{\"@type\":\"ImageObject\",\"inLanguage\":\"de\",\"@id\":\"https:\\\/\\\/shop.bantam.ch\\\/de\\\/#\\\/schema\\\/logo\\\/image\\\/\",\"url\":\"https:\\\/\\\/shop.bantam.ch\\\/wp-content\\\/uploads\\\/2022\\\/12\\\/bantam-logo.png\",\"contentUrl\":\"https:\\\/\\\/shop.bantam.ch\\\/wp-content\\\/uploads\\\/2022\\\/12\\\/bantam-logo.png\",\"width\":320,\"height\":71,\"caption\":\"Bantam Camping AG\"},\"image\":{\"@id\":\"https:\\\/\\\/shop.bantam.ch\\\/de\\\/#\\\/schema\\\/logo\\\/image\\\/\"}}]}<\/script>\n<!-- \/ Yoast SEO plugin. -->","yoast_head_json":{"title":"564 Bari Hocker mit Tischplatte - Bantam Camping AG","robots":{"index":"index","follow":"follow","max-snippet":"max-snippet:-1","max-image-preview":"max-image-preview:large","max-video-preview":"max-video-preview:-1"},"canonical":"https:\/\/shop.bantam.ch\/de\/produkt\/564-bari-hocker-mit-tischplatte\/","og_locale":"de_DE","og_type":"article","og_title":"564 Bari Hocker mit Tischplatte - Bantam Camping AG","og_description":"Praktischer Hocker mit Tischplatte \u2013 Kompakt &amp; Vielseitig. Dieser smarte Hocker mit stabiler Tischplatte ist ein unverzichtbares Accessoire f\u00fcr jeden Camper. Das stabile U-Gestell verhindert das Einsinken im weichen Boden, und der erh\u00f6hte Rand sorgt daf\u00fcr, dass Ihre Sachen sicher an ihrem Platz bleiben. Nach Gebrauch l\u00e4sst sich der Hocker einfach und kompakt zusammenklappen \u2013 [&hellip;]","og_url":"https:\/\/shop.bantam.ch\/de\/produkt\/564-bari-hocker-mit-tischplatte\/","og_site_name":"Bantam Camping AG","article_modified_time":"2026-04-20T21:58:34+00:00","og_image":[{"width":669,"height":800,"url":"https:\/\/shop.bantam.ch\/wp-content\/uploads\/2026\/03\/76626013.jpg","type":"image\/jpeg"}],"twitter_card":"summary_large_image","schema":{"@context":"https:\/\/schema.org","@graph":[{"@type":"WebPage","@id":"https:\/\/shop.bantam.ch\/de\/produkt\/564-bari-hocker-mit-tischplatte\/","url":"https:\/\/shop.bantam.ch\/de\/produkt\/564-bari-hocker-mit-tischplatte\/","name":"564 Bari Hocker mit Tischplatte - Bantam Camping AG","isPartOf":{"@id":"https:\/\/shop.bantam.ch\/de\/#website"},"primaryImageOfPage":{"@id":"https:\/\/shop.bantam.ch\/de\/produkt\/564-bari-hocker-mit-tischplatte\/#primaryimage"},"image":{"@id":"https:\/\/shop.bantam.ch\/de\/produkt\/564-bari-hocker-mit-tischplatte\/#primaryimage"},"thumbnailUrl":"https:\/\/shop.bantam.ch\/wp-content\/uploads\/2026\/03\/76626013.jpg","datePublished":"2026-03-05T09:38:00+00:00","dateModified":"2026-04-20T21:58:34+00:00","breadcrumb":{"@id":"https:\/\/shop.bantam.ch\/de\/produkt\/564-bari-hocker-mit-tischplatte\/#breadcrumb"},"inLanguage":"de","potentialAction":[{"@type":"ReadAction","target":["https:\/\/shop.bantam.ch\/de\/produkt\/564-bari-hocker-mit-tischplatte\/"]}]},{"@type":"ImageObject","inLanguage":"de","@id":"https:\/\/shop.bantam.ch\/de\/produkt\/564-bari-hocker-mit-tischplatte\/#primaryimage","url":"https:\/\/shop.bantam.ch\/wp-content\/uploads\/2026\/03\/76626013.jpg","contentUrl":"https:\/\/shop.bantam.ch\/wp-content\/uploads\/2026\/03\/76626013.jpg","width":669,"height":800},{"@type":"BreadcrumbList","@id":"https:\/\/shop.bantam.ch\/de\/produkt\/564-bari-hocker-mit-tischplatte\/#breadcrumb","itemListElement":[{"@type":"ListItem","position":1,"name":"Accueil","item":"https:\/\/shop.bantam.ch\/de\/"},{"@type":"ListItem","position":2,"name":"Shop","item":"https:\/\/shop.bantam.ch\/de\/shop\/"},{"@type":"ListItem","position":3,"name":"564 Bari Hocker mit Tischplatte"}]},{"@type":"WebSite","@id":"https:\/\/shop.bantam.ch\/de\/#website","url":"https:\/\/shop.bantam.ch\/de\/","name":"Bantam Camping AG","description":"","publisher":{"@id":"https:\/\/shop.bantam.ch\/de\/#organization"},"inLanguage":"de"},{"@type":"Organization","@id":"https:\/\/shop.bantam.ch\/de\/#organization","name":"Bantam Camping AG","url":"https:\/\/shop.bantam.ch\/de\/","logo":{"@type":"ImageObject","inLanguage":"de","@id":"https:\/\/shop.bantam.ch\/de\/#\/schema\/logo\/image\/","url":"https:\/\/shop.bantam.ch\/wp-content\/uploads\/2022\/12\/bantam-logo.png","contentUrl":"https:\/\/shop.bantam.ch\/wp-content\/uploads\/2022\/12\/bantam-logo.png","width":320,"height":71,"caption":"Bantam Camping AG"},"image":{"@id":"https:\/\/shop.bantam.ch\/de\/#\/schema\/logo\/image\/"}}]}},"_links":{"self":[{"href":"https:\/\/shop.bantam.ch\/de\/wp-json\/wp\/v2\/product\/234444","targetHints":{"allow":["GET"]}}],"collection":[{"href":"https:\/\/shop.bantam.ch\/de\/wp-json\/wp\/v2\/product"}],"about":[{"href":"https:\/\/shop.bantam.ch\/de\/wp-json\/wp\/v2\/types\/product"}],"wp:featuredmedia":[{"embeddable":true,"href":"https:\/\/shop.bantam.ch\/de\/wp-json\/wp\/v2\/media\/234440"}],"wp:attachment":[{"href":"https:\/\/shop.bantam.ch\/de\/wp-json\/wp\/v2\/media?parent=234444"}],"wp:term":[{"taxonomy":"product_featured_cat","embeddable":true,"href":"https:\/\/shop.bantam.ch\/de\/wp-json\/wp\/v2\/product_featured_cat?post=234444"},{"taxonomy":"product_brand","embeddable":true,"href":"https:\/\/shop.bantam.ch\/de\/wp-json\/wp\/v2\/product_brand?post=234444"},{"taxonomy":"product_cat","embeddable":true,"href":"https:\/\/shop.bantam.ch\/de\/wp-json\/wp\/v2\/product_cat?post=234444"},{"taxonomy":"product_tag","embeddable":true,"href":"https:\/\/shop.bantam.ch\/de\/wp-json\/wp\/v2\/product_tag?post=234444"}],"curies":[{"name":"wp","href":"https:\/\/api.w.org\/{rel}","templated":true}]}}