{"id":234434,"date":"2026-03-05T10:27:07","date_gmt":"2026-03-05T09:27:07","guid":{"rendered":"https:\/\/shop.bantam.ch\/produit\/intelligentes-spuelset\/"},"modified":"2026-04-20T23:58:28","modified_gmt":"2026-04-20T21:58:28","slug":"intelligentes-spuelset","status":"publish","type":"product","link":"https:\/\/shop.bantam.ch\/de\/produkt\/intelligentes-spuelset\/","title":{"rendered":"Intelligentes Sp\u00fclset"},"content":{"rendered":"<p>Sauber im Handumdrehen \u2013 \u00fcberall und jederzeit! Mit diesem intelligenten und kompakten Sp\u00fclset reinigen Sie m\u00fchelos Ihr Auto, Ihren Wohnwagen oder Ihr Fahrrad. Das Set enth\u00e4lt einen faltbaren Silikoneimer mit integrierter, wiederaufladbarer Kompressorpumpe sowie einen Schlauch mit verstellbarer D\u00fcse. Der kr\u00e4ftige Wasserstrahl entfernt Schmutz und Schlamm ganz einfach. Die D\u00fcse bietet mehrere Modi, darunter einen praktischen Duschmodus, sodass Sie den Wasserstrahl optimal an jede Reinigungsaufgabe anpassen k\u00f6nnen. Der flexible Eimer ist vollst\u00e4ndig zusammenfaltbar und l\u00e4sst sich daher besonders leicht verstauen oder transportieren. Dank der wiederaufladbaren Pumpe ben\u00f6tigen Sie keinen Wasseranschluss \u2013 dieses Set kann \u00fcberall und jederzeit verwendet werden. Kompakt, leistungsstark und benutzerfreundlich \u2013 dieses Sp\u00fclset ist die ideale L\u00f6sung f\u00fcr unterwegs, beim Camping oder einfach zu Hause. Abmessungen : 36 \u00d7 36 \u00d7 33 cm. Gefaltet : 36 \u00d7 36 \u00d7 7,5 cm. Gewicht : 1900 g. Materialien : Silikon \/ PP. Batterie : 2000 mAh. Ladezeit : 6 h (USB-Kabel). Betriebsdauer : 50\u201360 Minuten. Schlauchl\u00e4nge : 5 m. D\u00fcse : 7 Positionen. Durchfluss : 3,5 l\/min (offener Strahl). Kapazit\u00e4t : 15 l. Wasserdruck : 87 psi (6 bar).<\/p>\n","protected":false},"excerpt":{"rendered":"<p>Sauber im Handumdrehen \u2013 \u00fcberall und jederzeit! Mit diesem intelligenten und kompakten Sp\u00fclset reinigen Sie m\u00fchelos Ihr Auto, Ihren Wohnwagen oder Ihr Fahrrad. Das Set enth\u00e4lt einen faltbaren Silikoneimer mit integrierter, wiederaufladbarer Kompressorpumpe sowie einen Schlauch mit verstellbarer D\u00fcse. Der kr\u00e4ftige Wasserstrahl entfernt Schmutz und Schlamm ganz einfach. Die D\u00fcse bietet mehrere Modi, darunter einen [&hellip;]<\/p>\n","protected":false},"featured_media":234424,"template":"","meta":{"_acf_changed":false},"product_featured_cat":[],"product_brand":[3075],"product_cat":[4000],"product_tag":[],"class_list":{"0":"post-234434","1":"product","2":"type-product","3":"status-publish","4":"has-post-thumbnail","6":"product_brand-eurotrail-de","7":"product_cat-haushaltsartikel","9":"first","10":"instock","11":"taxable","12":"shipping-taxable","13":"purchasable","14":"product-type-simple"},"acf":[],"yoast_head":"<!-- This site is optimized with the Yoast SEO plugin v27.4 - https:\/\/yoast.com\/product\/yoast-seo-wordpress\/ -->\n<title>Intelligentes Sp\u00fclset - Bantam Camping AG<\/title>\n<meta name=\"robots\" content=\"index, follow, max-snippet:-1, max-image-preview:large, max-video-preview:-1\" \/>\n<link rel=\"canonical\" href=\"https:\/\/shop.bantam.ch\/de\/produkt\/intelligentes-spuelset\/\" \/>\n<meta property=\"og:locale\" content=\"de_DE\" \/>\n<meta property=\"og:type\" content=\"article\" \/>\n<meta property=\"og:title\" content=\"Intelligentes Sp\u00fclset - Bantam Camping AG\" \/>\n<meta property=\"og:description\" content=\"Sauber im Handumdrehen \u2013 \u00fcberall und jederzeit! Mit diesem intelligenten und kompakten Sp\u00fclset reinigen Sie m\u00fchelos Ihr Auto, Ihren Wohnwagen oder Ihr Fahrrad. Das Set enth\u00e4lt einen faltbaren Silikoneimer mit integrierter, wiederaufladbarer Kompressorpumpe sowie einen Schlauch mit verstellbarer D\u00fcse. Der kr\u00e4ftige Wasserstrahl entfernt Schmutz und Schlamm ganz einfach. Die D\u00fcse bietet mehrere Modi, darunter einen [&hellip;]\" \/>\n<meta property=\"og:url\" content=\"https:\/\/shop.bantam.ch\/de\/produkt\/intelligentes-spuelset\/\" \/>\n<meta property=\"og:site_name\" content=\"Bantam Camping AG\" \/>\n<meta property=\"article:modified_time\" content=\"2026-04-20T21:58:28+00:00\" \/>\n<meta property=\"og:image\" content=\"https:\/\/shop.bantam.ch\/wp-content\/uploads\/2026\/03\/76626010-1.jpg\" \/>\n\t<meta property=\"og:image:width\" content=\"671\" \/>\n\t<meta property=\"og:image:height\" content=\"800\" \/>\n\t<meta property=\"og:image:type\" content=\"image\/jpeg\" \/>\n<meta name=\"twitter:card\" content=\"summary_large_image\" \/>\n<meta name=\"twitter:label1\" content=\"Gesch\u00e4tzte Lesezeit\" \/>\n\t<meta name=\"twitter:data1\" content=\"1\u00a0Minute\" \/>\n<script type=\"application\/ld+json\" class=\"yoast-schema-graph\">{\"@context\":\"https:\\\/\\\/schema.org\",\"@graph\":[{\"@type\":\"WebPage\",\"@id\":\"https:\\\/\\\/shop.bantam.ch\\\/de\\\/produkt\\\/intelligentes-spuelset\\\/\",\"url\":\"https:\\\/\\\/shop.bantam.ch\\\/de\\\/produkt\\\/intelligentes-spuelset\\\/\",\"name\":\"Intelligentes Sp\u00fclset - Bantam Camping AG\",\"isPartOf\":{\"@id\":\"https:\\\/\\\/shop.bantam.ch\\\/de\\\/#website\"},\"primaryImageOfPage\":{\"@id\":\"https:\\\/\\\/shop.bantam.ch\\\/de\\\/produkt\\\/intelligentes-spuelset\\\/#primaryimage\"},\"image\":{\"@id\":\"https:\\\/\\\/shop.bantam.ch\\\/de\\\/produkt\\\/intelligentes-spuelset\\\/#primaryimage\"},\"thumbnailUrl\":\"https:\\\/\\\/shop.bantam.ch\\\/wp-content\\\/uploads\\\/2026\\\/03\\\/76626010-1.jpg\",\"datePublished\":\"2026-03-05T09:27:07+00:00\",\"dateModified\":\"2026-04-20T21:58:28+00:00\",\"breadcrumb\":{\"@id\":\"https:\\\/\\\/shop.bantam.ch\\\/de\\\/produkt\\\/intelligentes-spuelset\\\/#breadcrumb\"},\"inLanguage\":\"de\",\"potentialAction\":[{\"@type\":\"ReadAction\",\"target\":[\"https:\\\/\\\/shop.bantam.ch\\\/de\\\/produkt\\\/intelligentes-spuelset\\\/\"]}]},{\"@type\":\"ImageObject\",\"inLanguage\":\"de\",\"@id\":\"https:\\\/\\\/shop.bantam.ch\\\/de\\\/produkt\\\/intelligentes-spuelset\\\/#primaryimage\",\"url\":\"https:\\\/\\\/shop.bantam.ch\\\/wp-content\\\/uploads\\\/2026\\\/03\\\/76626010-1.jpg\",\"contentUrl\":\"https:\\\/\\\/shop.bantam.ch\\\/wp-content\\\/uploads\\\/2026\\\/03\\\/76626010-1.jpg\",\"width\":671,\"height\":800},{\"@type\":\"BreadcrumbList\",\"@id\":\"https:\\\/\\\/shop.bantam.ch\\\/de\\\/produkt\\\/intelligentes-spuelset\\\/#breadcrumb\",\"itemListElement\":[{\"@type\":\"ListItem\",\"position\":1,\"name\":\"Accueil\",\"item\":\"https:\\\/\\\/shop.bantam.ch\\\/de\\\/\"},{\"@type\":\"ListItem\",\"position\":2,\"name\":\"Shop\",\"item\":\"https:\\\/\\\/shop.bantam.ch\\\/de\\\/shop\\\/\"},{\"@type\":\"ListItem\",\"position\":3,\"name\":\"Intelligentes Sp\u00fclset\"}]},{\"@type\":\"WebSite\",\"@id\":\"https:\\\/\\\/shop.bantam.ch\\\/de\\\/#website\",\"url\":\"https:\\\/\\\/shop.bantam.ch\\\/de\\\/\",\"name\":\"Bantam Camping AG\",\"description\":\"\",\"publisher\":{\"@id\":\"https:\\\/\\\/shop.bantam.ch\\\/de\\\/#organization\"},\"inLanguage\":\"de\"},{\"@type\":\"Organization\",\"@id\":\"https:\\\/\\\/shop.bantam.ch\\\/de\\\/#organization\",\"name\":\"Bantam Camping AG\",\"url\":\"https:\\\/\\\/shop.bantam.ch\\\/de\\\/\",\"logo\":{\"@type\":\"ImageObject\",\"inLanguage\":\"de\",\"@id\":\"https:\\\/\\\/shop.bantam.ch\\\/de\\\/#\\\/schema\\\/logo\\\/image\\\/\",\"url\":\"https:\\\/\\\/shop.bantam.ch\\\/wp-content\\\/uploads\\\/2022\\\/12\\\/bantam-logo.png\",\"contentUrl\":\"https:\\\/\\\/shop.bantam.ch\\\/wp-content\\\/uploads\\\/2022\\\/12\\\/bantam-logo.png\",\"width\":320,\"height\":71,\"caption\":\"Bantam Camping AG\"},\"image\":{\"@id\":\"https:\\\/\\\/shop.bantam.ch\\\/de\\\/#\\\/schema\\\/logo\\\/image\\\/\"}}]}<\/script>\n<!-- \/ Yoast SEO plugin. -->","yoast_head_json":{"title":"Intelligentes Sp\u00fclset - Bantam Camping AG","robots":{"index":"index","follow":"follow","max-snippet":"max-snippet:-1","max-image-preview":"max-image-preview:large","max-video-preview":"max-video-preview:-1"},"canonical":"https:\/\/shop.bantam.ch\/de\/produkt\/intelligentes-spuelset\/","og_locale":"de_DE","og_type":"article","og_title":"Intelligentes Sp\u00fclset - Bantam Camping AG","og_description":"Sauber im Handumdrehen \u2013 \u00fcberall und jederzeit! Mit diesem intelligenten und kompakten Sp\u00fclset reinigen Sie m\u00fchelos Ihr Auto, Ihren Wohnwagen oder Ihr Fahrrad. Das Set enth\u00e4lt einen faltbaren Silikoneimer mit integrierter, wiederaufladbarer Kompressorpumpe sowie einen Schlauch mit verstellbarer D\u00fcse. Der kr\u00e4ftige Wasserstrahl entfernt Schmutz und Schlamm ganz einfach. Die D\u00fcse bietet mehrere Modi, darunter einen [&hellip;]","og_url":"https:\/\/shop.bantam.ch\/de\/produkt\/intelligentes-spuelset\/","og_site_name":"Bantam Camping AG","article_modified_time":"2026-04-20T21:58:28+00:00","og_image":[{"width":671,"height":800,"url":"https:\/\/shop.bantam.ch\/wp-content\/uploads\/2026\/03\/76626010-1.jpg","type":"image\/jpeg"}],"twitter_card":"summary_large_image","twitter_misc":{"Gesch\u00e4tzte Lesezeit":"1\u00a0Minute"},"schema":{"@context":"https:\/\/schema.org","@graph":[{"@type":"WebPage","@id":"https:\/\/shop.bantam.ch\/de\/produkt\/intelligentes-spuelset\/","url":"https:\/\/shop.bantam.ch\/de\/produkt\/intelligentes-spuelset\/","name":"Intelligentes Sp\u00fclset - Bantam Camping AG","isPartOf":{"@id":"https:\/\/shop.bantam.ch\/de\/#website"},"primaryImageOfPage":{"@id":"https:\/\/shop.bantam.ch\/de\/produkt\/intelligentes-spuelset\/#primaryimage"},"image":{"@id":"https:\/\/shop.bantam.ch\/de\/produkt\/intelligentes-spuelset\/#primaryimage"},"thumbnailUrl":"https:\/\/shop.bantam.ch\/wp-content\/uploads\/2026\/03\/76626010-1.jpg","datePublished":"2026-03-05T09:27:07+00:00","dateModified":"2026-04-20T21:58:28+00:00","breadcrumb":{"@id":"https:\/\/shop.bantam.ch\/de\/produkt\/intelligentes-spuelset\/#breadcrumb"},"inLanguage":"de","potentialAction":[{"@type":"ReadAction","target":["https:\/\/shop.bantam.ch\/de\/produkt\/intelligentes-spuelset\/"]}]},{"@type":"ImageObject","inLanguage":"de","@id":"https:\/\/shop.bantam.ch\/de\/produkt\/intelligentes-spuelset\/#primaryimage","url":"https:\/\/shop.bantam.ch\/wp-content\/uploads\/2026\/03\/76626010-1.jpg","contentUrl":"https:\/\/shop.bantam.ch\/wp-content\/uploads\/2026\/03\/76626010-1.jpg","width":671,"height":800},{"@type":"BreadcrumbList","@id":"https:\/\/shop.bantam.ch\/de\/produkt\/intelligentes-spuelset\/#breadcrumb","itemListElement":[{"@type":"ListItem","position":1,"name":"Accueil","item":"https:\/\/shop.bantam.ch\/de\/"},{"@type":"ListItem","position":2,"name":"Shop","item":"https:\/\/shop.bantam.ch\/de\/shop\/"},{"@type":"ListItem","position":3,"name":"Intelligentes Sp\u00fclset"}]},{"@type":"WebSite","@id":"https:\/\/shop.bantam.ch\/de\/#website","url":"https:\/\/shop.bantam.ch\/de\/","name":"Bantam Camping AG","description":"","publisher":{"@id":"https:\/\/shop.bantam.ch\/de\/#organization"},"inLanguage":"de"},{"@type":"Organization","@id":"https:\/\/shop.bantam.ch\/de\/#organization","name":"Bantam Camping AG","url":"https:\/\/shop.bantam.ch\/de\/","logo":{"@type":"ImageObject","inLanguage":"de","@id":"https:\/\/shop.bantam.ch\/de\/#\/schema\/logo\/image\/","url":"https:\/\/shop.bantam.ch\/wp-content\/uploads\/2022\/12\/bantam-logo.png","contentUrl":"https:\/\/shop.bantam.ch\/wp-content\/uploads\/2022\/12\/bantam-logo.png","width":320,"height":71,"caption":"Bantam Camping AG"},"image":{"@id":"https:\/\/shop.bantam.ch\/de\/#\/schema\/logo\/image\/"}}]}},"_links":{"self":[{"href":"https:\/\/shop.bantam.ch\/de\/wp-json\/wp\/v2\/product\/234434","targetHints":{"allow":["GET"]}}],"collection":[{"href":"https:\/\/shop.bantam.ch\/de\/wp-json\/wp\/v2\/product"}],"about":[{"href":"https:\/\/shop.bantam.ch\/de\/wp-json\/wp\/v2\/types\/product"}],"wp:featuredmedia":[{"embeddable":true,"href":"https:\/\/shop.bantam.ch\/de\/wp-json\/wp\/v2\/media\/234424"}],"wp:attachment":[{"href":"https:\/\/shop.bantam.ch\/de\/wp-json\/wp\/v2\/media?parent=234434"}],"wp:term":[{"taxonomy":"product_featured_cat","embeddable":true,"href":"https:\/\/shop.bantam.ch\/de\/wp-json\/wp\/v2\/product_featured_cat?post=234434"},{"taxonomy":"product_brand","embeddable":true,"href":"https:\/\/shop.bantam.ch\/de\/wp-json\/wp\/v2\/product_brand?post=234434"},{"taxonomy":"product_cat","embeddable":true,"href":"https:\/\/shop.bantam.ch\/de\/wp-json\/wp\/v2\/product_cat?post=234434"},{"taxonomy":"product_tag","embeddable":true,"href":"https:\/\/shop.bantam.ch\/de\/wp-json\/wp\/v2\/product_tag?post=234434"}],"curies":[{"name":"wp","href":"https:\/\/api.w.org\/{rel}","templated":true}]}}