{"id":234422,"date":"2026-03-05T10:12:27","date_gmt":"2026-03-05T09:12:27","guid":{"rendered":"https:\/\/shop.bantam.ch\/produit\/beleuchtete-deko-abspannleinen-wiederaufladbar\/"},"modified":"2026-04-19T00:01:20","modified_gmt":"2026-04-18T22:01:20","slug":"beleuchtete-deko-abspannleinen-wiederaufladbar","status":"publish","type":"product","link":"https:\/\/shop.bantam.ch\/de\/produkt\/beleuchtete-deko-abspannleinen-wiederaufladbar\/","title":{"rendered":"Beleuchtete Deko-Abspannleinen, wiederaufladbar"},"content":{"rendered":"<p>Beleuchtete Deko-Abspannleinen \u2013 Sicherheit im Dunkeln. Diese 5 mm dicken und 5 Meter langen Abspannleinen sind \u00fcber ihre gesamte L\u00e4nge mit hellen LED-Leuchten ausgestattet. Ideal f\u00fcr zus\u00e4tzliche Sichtbarkeit und Sicherheit rund um Ihr Zelt, Ihre Plane oder Ihre Markise. Kein Stolpern mehr im Dunkeln! Funktioniert mit einem wiederaufladbaren Akku und l\u00e4sst sich mit dem integrierten Karabinerhaken einfach befestigen. Die LED-Leine verf\u00fcgt \u00fcber nicht weniger als 8 verschiedene Lichtmodi \u2013 von dezentem Stimmungslicht bis hin zu gut sichtbarem Blinklicht. Material: Nylonseil mit 33 LEDs. Gr\u00f6\u00dfe: 5 mm x 5 m. Akku: 800 mAH 18650. Ladezeit: \u00b1 2-3 Stunden. Betriebsdauer: \u00b1 20 Stunden. Wasserbest\u00e4ndigkeit: IPX 44<\/p>\n","protected":false},"excerpt":{"rendered":"<p>Beleuchtete Deko-Abspannleinen \u2013 Sicherheit im Dunkeln. Diese 5 mm dicken und 5 Meter langen Abspannleinen sind \u00fcber ihre gesamte L\u00e4nge mit hellen LED-Leuchten ausgestattet. Ideal f\u00fcr zus\u00e4tzliche Sichtbarkeit und Sicherheit rund um Ihr Zelt, Ihre Plane oder Ihre Markise. Kein Stolpern mehr im Dunkeln! Funktioniert mit einem wiederaufladbaren Akku und l\u00e4sst sich mit dem integrierten [&hellip;]<\/p>\n","protected":false},"featured_media":234412,"template":"","meta":{"_acf_changed":false},"product_featured_cat":[],"product_brand":[3075],"product_cat":[3988],"product_tag":[],"class_list":{"0":"post-234422","1":"product","2":"type-product","3":"status-publish","4":"has-post-thumbnail","6":"product_brand-eurotrail-de","7":"product_cat-zelte-vorzelte-zubehoer","9":"first","10":"instock","11":"taxable","12":"shipping-taxable","13":"purchasable","14":"product-type-simple"},"acf":[],"yoast_head":"<!-- This site is optimized with the Yoast SEO plugin v27.4 - https:\/\/yoast.com\/product\/yoast-seo-wordpress\/ -->\n<title>Beleuchtete Deko-Abspannleinen, wiederaufladbar - Bantam Camping AG<\/title>\n<meta name=\"robots\" content=\"index, follow, max-snippet:-1, max-image-preview:large, max-video-preview:-1\" \/>\n<link rel=\"canonical\" href=\"https:\/\/shop.bantam.ch\/de\/produkt\/beleuchtete-deko-abspannleinen-wiederaufladbar\/\" \/>\n<meta property=\"og:locale\" content=\"de_DE\" \/>\n<meta property=\"og:type\" content=\"article\" \/>\n<meta property=\"og:title\" content=\"Beleuchtete Deko-Abspannleinen, wiederaufladbar - Bantam Camping AG\" \/>\n<meta property=\"og:description\" content=\"Beleuchtete Deko-Abspannleinen \u2013 Sicherheit im Dunkeln. Diese 5 mm dicken und 5 Meter langen Abspannleinen sind \u00fcber ihre gesamte L\u00e4nge mit hellen LED-Leuchten ausgestattet. Ideal f\u00fcr zus\u00e4tzliche Sichtbarkeit und Sicherheit rund um Ihr Zelt, Ihre Plane oder Ihre Markise. Kein Stolpern mehr im Dunkeln! Funktioniert mit einem wiederaufladbaren Akku und l\u00e4sst sich mit dem integrierten [&hellip;]\" \/>\n<meta property=\"og:url\" content=\"https:\/\/shop.bantam.ch\/de\/produkt\/beleuchtete-deko-abspannleinen-wiederaufladbar\/\" \/>\n<meta property=\"og:site_name\" content=\"Bantam Camping AG\" \/>\n<meta property=\"article:modified_time\" content=\"2026-04-18T22:01:20+00:00\" \/>\n<meta property=\"og:image\" content=\"https:\/\/shop.bantam.ch\/wp-content\/uploads\/2026\/03\/76626009.jpg\" \/>\n\t<meta property=\"og:image:width\" content=\"600\" \/>\n\t<meta property=\"og:image:height\" content=\"800\" \/>\n\t<meta property=\"og:image:type\" content=\"image\/jpeg\" \/>\n<meta name=\"twitter:card\" content=\"summary_large_image\" \/>\n<script type=\"application\/ld+json\" class=\"yoast-schema-graph\">{\"@context\":\"https:\\\/\\\/schema.org\",\"@graph\":[{\"@type\":\"WebPage\",\"@id\":\"https:\\\/\\\/shop.bantam.ch\\\/de\\\/produkt\\\/beleuchtete-deko-abspannleinen-wiederaufladbar\\\/\",\"url\":\"https:\\\/\\\/shop.bantam.ch\\\/de\\\/produkt\\\/beleuchtete-deko-abspannleinen-wiederaufladbar\\\/\",\"name\":\"Beleuchtete Deko-Abspannleinen, wiederaufladbar - Bantam Camping AG\",\"isPartOf\":{\"@id\":\"https:\\\/\\\/shop.bantam.ch\\\/de\\\/#website\"},\"primaryImageOfPage\":{\"@id\":\"https:\\\/\\\/shop.bantam.ch\\\/de\\\/produkt\\\/beleuchtete-deko-abspannleinen-wiederaufladbar\\\/#primaryimage\"},\"image\":{\"@id\":\"https:\\\/\\\/shop.bantam.ch\\\/de\\\/produkt\\\/beleuchtete-deko-abspannleinen-wiederaufladbar\\\/#primaryimage\"},\"thumbnailUrl\":\"https:\\\/\\\/shop.bantam.ch\\\/wp-content\\\/uploads\\\/2026\\\/03\\\/76626009.jpg\",\"datePublished\":\"2026-03-05T09:12:27+00:00\",\"dateModified\":\"2026-04-18T22:01:20+00:00\",\"breadcrumb\":{\"@id\":\"https:\\\/\\\/shop.bantam.ch\\\/de\\\/produkt\\\/beleuchtete-deko-abspannleinen-wiederaufladbar\\\/#breadcrumb\"},\"inLanguage\":\"de\",\"potentialAction\":[{\"@type\":\"ReadAction\",\"target\":[\"https:\\\/\\\/shop.bantam.ch\\\/de\\\/produkt\\\/beleuchtete-deko-abspannleinen-wiederaufladbar\\\/\"]}]},{\"@type\":\"ImageObject\",\"inLanguage\":\"de\",\"@id\":\"https:\\\/\\\/shop.bantam.ch\\\/de\\\/produkt\\\/beleuchtete-deko-abspannleinen-wiederaufladbar\\\/#primaryimage\",\"url\":\"https:\\\/\\\/shop.bantam.ch\\\/wp-content\\\/uploads\\\/2026\\\/03\\\/76626009.jpg\",\"contentUrl\":\"https:\\\/\\\/shop.bantam.ch\\\/wp-content\\\/uploads\\\/2026\\\/03\\\/76626009.jpg\",\"width\":600,\"height\":800},{\"@type\":\"BreadcrumbList\",\"@id\":\"https:\\\/\\\/shop.bantam.ch\\\/de\\\/produkt\\\/beleuchtete-deko-abspannleinen-wiederaufladbar\\\/#breadcrumb\",\"itemListElement\":[{\"@type\":\"ListItem\",\"position\":1,\"name\":\"Accueil\",\"item\":\"https:\\\/\\\/shop.bantam.ch\\\/de\\\/\"},{\"@type\":\"ListItem\",\"position\":2,\"name\":\"Shop\",\"item\":\"https:\\\/\\\/shop.bantam.ch\\\/de\\\/shop\\\/\"},{\"@type\":\"ListItem\",\"position\":3,\"name\":\"Beleuchtete Deko-Abspannleinen, wiederaufladbar\"}]},{\"@type\":\"WebSite\",\"@id\":\"https:\\\/\\\/shop.bantam.ch\\\/de\\\/#website\",\"url\":\"https:\\\/\\\/shop.bantam.ch\\\/de\\\/\",\"name\":\"Bantam Camping AG\",\"description\":\"\",\"publisher\":{\"@id\":\"https:\\\/\\\/shop.bantam.ch\\\/de\\\/#organization\"},\"inLanguage\":\"de\"},{\"@type\":\"Organization\",\"@id\":\"https:\\\/\\\/shop.bantam.ch\\\/de\\\/#organization\",\"name\":\"Bantam Camping AG\",\"url\":\"https:\\\/\\\/shop.bantam.ch\\\/de\\\/\",\"logo\":{\"@type\":\"ImageObject\",\"inLanguage\":\"de\",\"@id\":\"https:\\\/\\\/shop.bantam.ch\\\/de\\\/#\\\/schema\\\/logo\\\/image\\\/\",\"url\":\"https:\\\/\\\/shop.bantam.ch\\\/wp-content\\\/uploads\\\/2022\\\/12\\\/bantam-logo.png\",\"contentUrl\":\"https:\\\/\\\/shop.bantam.ch\\\/wp-content\\\/uploads\\\/2022\\\/12\\\/bantam-logo.png\",\"width\":320,\"height\":71,\"caption\":\"Bantam Camping AG\"},\"image\":{\"@id\":\"https:\\\/\\\/shop.bantam.ch\\\/de\\\/#\\\/schema\\\/logo\\\/image\\\/\"}}]}<\/script>\n<!-- \/ Yoast SEO plugin. -->","yoast_head_json":{"title":"Beleuchtete Deko-Abspannleinen, wiederaufladbar - Bantam Camping AG","robots":{"index":"index","follow":"follow","max-snippet":"max-snippet:-1","max-image-preview":"max-image-preview:large","max-video-preview":"max-video-preview:-1"},"canonical":"https:\/\/shop.bantam.ch\/de\/produkt\/beleuchtete-deko-abspannleinen-wiederaufladbar\/","og_locale":"de_DE","og_type":"article","og_title":"Beleuchtete Deko-Abspannleinen, wiederaufladbar - Bantam Camping AG","og_description":"Beleuchtete Deko-Abspannleinen \u2013 Sicherheit im Dunkeln. Diese 5 mm dicken und 5 Meter langen Abspannleinen sind \u00fcber ihre gesamte L\u00e4nge mit hellen LED-Leuchten ausgestattet. Ideal f\u00fcr zus\u00e4tzliche Sichtbarkeit und Sicherheit rund um Ihr Zelt, Ihre Plane oder Ihre Markise. Kein Stolpern mehr im Dunkeln! Funktioniert mit einem wiederaufladbaren Akku und l\u00e4sst sich mit dem integrierten [&hellip;]","og_url":"https:\/\/shop.bantam.ch\/de\/produkt\/beleuchtete-deko-abspannleinen-wiederaufladbar\/","og_site_name":"Bantam Camping AG","article_modified_time":"2026-04-18T22:01:20+00:00","og_image":[{"width":600,"height":800,"url":"https:\/\/shop.bantam.ch\/wp-content\/uploads\/2026\/03\/76626009.jpg","type":"image\/jpeg"}],"twitter_card":"summary_large_image","schema":{"@context":"https:\/\/schema.org","@graph":[{"@type":"WebPage","@id":"https:\/\/shop.bantam.ch\/de\/produkt\/beleuchtete-deko-abspannleinen-wiederaufladbar\/","url":"https:\/\/shop.bantam.ch\/de\/produkt\/beleuchtete-deko-abspannleinen-wiederaufladbar\/","name":"Beleuchtete Deko-Abspannleinen, wiederaufladbar - Bantam Camping AG","isPartOf":{"@id":"https:\/\/shop.bantam.ch\/de\/#website"},"primaryImageOfPage":{"@id":"https:\/\/shop.bantam.ch\/de\/produkt\/beleuchtete-deko-abspannleinen-wiederaufladbar\/#primaryimage"},"image":{"@id":"https:\/\/shop.bantam.ch\/de\/produkt\/beleuchtete-deko-abspannleinen-wiederaufladbar\/#primaryimage"},"thumbnailUrl":"https:\/\/shop.bantam.ch\/wp-content\/uploads\/2026\/03\/76626009.jpg","datePublished":"2026-03-05T09:12:27+00:00","dateModified":"2026-04-18T22:01:20+00:00","breadcrumb":{"@id":"https:\/\/shop.bantam.ch\/de\/produkt\/beleuchtete-deko-abspannleinen-wiederaufladbar\/#breadcrumb"},"inLanguage":"de","potentialAction":[{"@type":"ReadAction","target":["https:\/\/shop.bantam.ch\/de\/produkt\/beleuchtete-deko-abspannleinen-wiederaufladbar\/"]}]},{"@type":"ImageObject","inLanguage":"de","@id":"https:\/\/shop.bantam.ch\/de\/produkt\/beleuchtete-deko-abspannleinen-wiederaufladbar\/#primaryimage","url":"https:\/\/shop.bantam.ch\/wp-content\/uploads\/2026\/03\/76626009.jpg","contentUrl":"https:\/\/shop.bantam.ch\/wp-content\/uploads\/2026\/03\/76626009.jpg","width":600,"height":800},{"@type":"BreadcrumbList","@id":"https:\/\/shop.bantam.ch\/de\/produkt\/beleuchtete-deko-abspannleinen-wiederaufladbar\/#breadcrumb","itemListElement":[{"@type":"ListItem","position":1,"name":"Accueil","item":"https:\/\/shop.bantam.ch\/de\/"},{"@type":"ListItem","position":2,"name":"Shop","item":"https:\/\/shop.bantam.ch\/de\/shop\/"},{"@type":"ListItem","position":3,"name":"Beleuchtete Deko-Abspannleinen, wiederaufladbar"}]},{"@type":"WebSite","@id":"https:\/\/shop.bantam.ch\/de\/#website","url":"https:\/\/shop.bantam.ch\/de\/","name":"Bantam Camping AG","description":"","publisher":{"@id":"https:\/\/shop.bantam.ch\/de\/#organization"},"inLanguage":"de"},{"@type":"Organization","@id":"https:\/\/shop.bantam.ch\/de\/#organization","name":"Bantam Camping AG","url":"https:\/\/shop.bantam.ch\/de\/","logo":{"@type":"ImageObject","inLanguage":"de","@id":"https:\/\/shop.bantam.ch\/de\/#\/schema\/logo\/image\/","url":"https:\/\/shop.bantam.ch\/wp-content\/uploads\/2022\/12\/bantam-logo.png","contentUrl":"https:\/\/shop.bantam.ch\/wp-content\/uploads\/2022\/12\/bantam-logo.png","width":320,"height":71,"caption":"Bantam Camping AG"},"image":{"@id":"https:\/\/shop.bantam.ch\/de\/#\/schema\/logo\/image\/"}}]}},"_links":{"self":[{"href":"https:\/\/shop.bantam.ch\/de\/wp-json\/wp\/v2\/product\/234422","targetHints":{"allow":["GET"]}}],"collection":[{"href":"https:\/\/shop.bantam.ch\/de\/wp-json\/wp\/v2\/product"}],"about":[{"href":"https:\/\/shop.bantam.ch\/de\/wp-json\/wp\/v2\/types\/product"}],"wp:featuredmedia":[{"embeddable":true,"href":"https:\/\/shop.bantam.ch\/de\/wp-json\/wp\/v2\/media\/234412"}],"wp:attachment":[{"href":"https:\/\/shop.bantam.ch\/de\/wp-json\/wp\/v2\/media?parent=234422"}],"wp:term":[{"taxonomy":"product_featured_cat","embeddable":true,"href":"https:\/\/shop.bantam.ch\/de\/wp-json\/wp\/v2\/product_featured_cat?post=234422"},{"taxonomy":"product_brand","embeddable":true,"href":"https:\/\/shop.bantam.ch\/de\/wp-json\/wp\/v2\/product_brand?post=234422"},{"taxonomy":"product_cat","embeddable":true,"href":"https:\/\/shop.bantam.ch\/de\/wp-json\/wp\/v2\/product_cat?post=234422"},{"taxonomy":"product_tag","embeddable":true,"href":"https:\/\/shop.bantam.ch\/de\/wp-json\/wp\/v2\/product_tag?post=234422"}],"curies":[{"name":"wp","href":"https:\/\/api.w.org\/{rel}","templated":true}]}}