{"id":234408,"date":"2026-03-05T10:01:16","date_gmt":"2026-03-05T09:01:16","guid":{"rendered":"https:\/\/shop.bantam.ch\/produit\/deckenventilator-mit-lampe-fernbedienung-wiederaufladbar\/"},"modified":"2026-04-22T00:02:50","modified_gmt":"2026-04-21T22:02:50","slug":"deckenventilator-mit-lampe-fernbedienung-wiederaufladbar","status":"publish","type":"product","link":"https:\/\/shop.bantam.ch\/de\/produkt\/deckenventilator-mit-lampe-fernbedienung-wiederaufladbar\/","title":{"rendered":"Deckenventilator mit Lampe\/Fernbedienung wiederaufladbar"},"content":{"rendered":"<p>Dieser praktische, wiederaufladbare Deckenventilator ist ideal f\u00fcr die Verwendung im Vorzelt, unter dem Vordach oder auf der Veranda. Dank seiner abnehmbaren Klingen ist er kompakt zu verstauen und leicht zu transportieren \u2013 perfekt f\u00fcr Camper und Outdoor-Fans. Verf\u00fcgt \u00fcber eine integrierte Lampe mit mehreren Lichtmodi, damit Sie immer die richtige Atmosph\u00e4re schaffen.<br \/>\nMit der mitgelieferten Fernbedienung k\u00f6nnen Sie ganz einfach die Helligkeit, die Ventilationsgeschwindigkeit und den Timer einstellen. Der Ventilator wird mit einem praktischen Haken zum Befestigen an einer Zeltstange und einer Montageplatte zum Anbringen an der Decke geliefert. So genie\u00dfen Sie immer K\u00fchlung und Beleuchtung, egal wo Sie sind. Der Luftstrom sorgt nicht nur f\u00fcr eine wunderbare Bel\u00fcftung, sondern vertreibt auch die M\u00fccken! Material : ABS. Abmessungen : 27,5 \u00d7 \u00d8 54 cm. Ventilator : \u00d8 54 cm. LED-Beleuchtung : 36 LEDs, wei\u00dfes und warmes Licht. Lichtstrom : 950 lm (wei\u00dfes Licht), 350 lm (warmes Licht).<br \/>\nStromversorgung : 13,5 V, 1,5 A. Wiederaufladbarer Akku : 11,1 V, 2200 mAh, Lithium-Ion 18650. Ventilator-Betriebsdauer : 3 h (hoch). 4,5 h (mittel). 6 h (niedrig). Beleuchtungs-Betriebsdauer : 5 h (hoch). 8 h (mittel). 12 h (niedrig). Ladespannung : 110\u2013220 V (Adapter inklusive).<\/p>\n","protected":false},"excerpt":{"rendered":"<p>Dieser praktische, wiederaufladbare Deckenventilator ist ideal f\u00fcr die Verwendung im Vorzelt, unter dem Vordach oder auf der Veranda. Dank seiner abnehmbaren Klingen ist er kompakt zu verstauen und leicht zu transportieren \u2013 perfekt f\u00fcr Camper und Outdoor-Fans. Verf\u00fcgt \u00fcber eine integrierte Lampe mit mehreren Lichtmodi, damit Sie immer die richtige Atmosph\u00e4re schaffen. Mit der mitgelieferten [&hellip;]<\/p>\n","protected":false},"featured_media":234400,"template":"","meta":{"_acf_changed":false},"product_featured_cat":[],"product_brand":[3075],"product_cat":[4094],"product_tag":[],"class_list":{"0":"post-234408","1":"product","2":"type-product","3":"status-publish","4":"has-post-thumbnail","6":"product_brand-eurotrail-de","7":"product_cat-ventilatoren","9":"first","10":"instock","11":"taxable","12":"shipping-taxable","13":"purchasable","14":"product-type-simple"},"acf":[],"yoast_head":"<!-- This site is optimized with the Yoast SEO plugin v27.4 - https:\/\/yoast.com\/product\/yoast-seo-wordpress\/ -->\n<title>Deckenventilator mit Lampe\/Fernbedienung wiederaufladbar - Bantam Camping AG<\/title>\n<meta name=\"robots\" content=\"index, follow, max-snippet:-1, max-image-preview:large, max-video-preview:-1\" \/>\n<link rel=\"canonical\" href=\"https:\/\/shop.bantam.ch\/de\/produkt\/deckenventilator-mit-lampe-fernbedienung-wiederaufladbar\/\" \/>\n<meta property=\"og:locale\" content=\"de_DE\" \/>\n<meta property=\"og:type\" content=\"article\" \/>\n<meta property=\"og:title\" content=\"Deckenventilator mit Lampe\/Fernbedienung wiederaufladbar - Bantam Camping AG\" \/>\n<meta property=\"og:description\" content=\"Dieser praktische, wiederaufladbare Deckenventilator ist ideal f\u00fcr die Verwendung im Vorzelt, unter dem Vordach oder auf der Veranda. Dank seiner abnehmbaren Klingen ist er kompakt zu verstauen und leicht zu transportieren \u2013 perfekt f\u00fcr Camper und Outdoor-Fans. Verf\u00fcgt \u00fcber eine integrierte Lampe mit mehreren Lichtmodi, damit Sie immer die richtige Atmosph\u00e4re schaffen. Mit der mitgelieferten [&hellip;]\" \/>\n<meta property=\"og:url\" content=\"https:\/\/shop.bantam.ch\/de\/produkt\/deckenventilator-mit-lampe-fernbedienung-wiederaufladbar\/\" \/>\n<meta property=\"og:site_name\" content=\"Bantam Camping AG\" \/>\n<meta property=\"article:modified_time\" content=\"2026-04-21T22:02:50+00:00\" \/>\n<meta property=\"og:image\" content=\"https:\/\/shop.bantam.ch\/wp-content\/uploads\/2026\/03\/76626007.jpg\" \/>\n\t<meta property=\"og:image:width\" content=\"800\" \/>\n\t<meta property=\"og:image:height\" content=\"559\" \/>\n\t<meta property=\"og:image:type\" content=\"image\/jpeg\" \/>\n<meta name=\"twitter:card\" content=\"summary_large_image\" \/>\n<meta name=\"twitter:label1\" content=\"Gesch\u00e4tzte Lesezeit\" \/>\n\t<meta name=\"twitter:data1\" content=\"1\u00a0Minute\" \/>\n<script type=\"application\/ld+json\" class=\"yoast-schema-graph\">{\"@context\":\"https:\\\/\\\/schema.org\",\"@graph\":[{\"@type\":\"WebPage\",\"@id\":\"https:\\\/\\\/shop.bantam.ch\\\/de\\\/produkt\\\/deckenventilator-mit-lampe-fernbedienung-wiederaufladbar\\\/\",\"url\":\"https:\\\/\\\/shop.bantam.ch\\\/de\\\/produkt\\\/deckenventilator-mit-lampe-fernbedienung-wiederaufladbar\\\/\",\"name\":\"Deckenventilator mit Lampe\\\/Fernbedienung wiederaufladbar - Bantam Camping AG\",\"isPartOf\":{\"@id\":\"https:\\\/\\\/shop.bantam.ch\\\/de\\\/#website\"},\"primaryImageOfPage\":{\"@id\":\"https:\\\/\\\/shop.bantam.ch\\\/de\\\/produkt\\\/deckenventilator-mit-lampe-fernbedienung-wiederaufladbar\\\/#primaryimage\"},\"image\":{\"@id\":\"https:\\\/\\\/shop.bantam.ch\\\/de\\\/produkt\\\/deckenventilator-mit-lampe-fernbedienung-wiederaufladbar\\\/#primaryimage\"},\"thumbnailUrl\":\"https:\\\/\\\/shop.bantam.ch\\\/wp-content\\\/uploads\\\/2026\\\/03\\\/76626007.jpg\",\"datePublished\":\"2026-03-05T09:01:16+00:00\",\"dateModified\":\"2026-04-21T22:02:50+00:00\",\"breadcrumb\":{\"@id\":\"https:\\\/\\\/shop.bantam.ch\\\/de\\\/produkt\\\/deckenventilator-mit-lampe-fernbedienung-wiederaufladbar\\\/#breadcrumb\"},\"inLanguage\":\"de\",\"potentialAction\":[{\"@type\":\"ReadAction\",\"target\":[\"https:\\\/\\\/shop.bantam.ch\\\/de\\\/produkt\\\/deckenventilator-mit-lampe-fernbedienung-wiederaufladbar\\\/\"]}]},{\"@type\":\"ImageObject\",\"inLanguage\":\"de\",\"@id\":\"https:\\\/\\\/shop.bantam.ch\\\/de\\\/produkt\\\/deckenventilator-mit-lampe-fernbedienung-wiederaufladbar\\\/#primaryimage\",\"url\":\"https:\\\/\\\/shop.bantam.ch\\\/wp-content\\\/uploads\\\/2026\\\/03\\\/76626007.jpg\",\"contentUrl\":\"https:\\\/\\\/shop.bantam.ch\\\/wp-content\\\/uploads\\\/2026\\\/03\\\/76626007.jpg\",\"width\":800,\"height\":559},{\"@type\":\"BreadcrumbList\",\"@id\":\"https:\\\/\\\/shop.bantam.ch\\\/de\\\/produkt\\\/deckenventilator-mit-lampe-fernbedienung-wiederaufladbar\\\/#breadcrumb\",\"itemListElement\":[{\"@type\":\"ListItem\",\"position\":1,\"name\":\"Accueil\",\"item\":\"https:\\\/\\\/shop.bantam.ch\\\/de\\\/\"},{\"@type\":\"ListItem\",\"position\":2,\"name\":\"Shop\",\"item\":\"https:\\\/\\\/shop.bantam.ch\\\/de\\\/shop\\\/\"},{\"@type\":\"ListItem\",\"position\":3,\"name\":\"Deckenventilator mit Lampe\\\/Fernbedienung wiederaufladbar\"}]},{\"@type\":\"WebSite\",\"@id\":\"https:\\\/\\\/shop.bantam.ch\\\/de\\\/#website\",\"url\":\"https:\\\/\\\/shop.bantam.ch\\\/de\\\/\",\"name\":\"Bantam Camping AG\",\"description\":\"\",\"publisher\":{\"@id\":\"https:\\\/\\\/shop.bantam.ch\\\/de\\\/#organization\"},\"inLanguage\":\"de\"},{\"@type\":\"Organization\",\"@id\":\"https:\\\/\\\/shop.bantam.ch\\\/de\\\/#organization\",\"name\":\"Bantam Camping AG\",\"url\":\"https:\\\/\\\/shop.bantam.ch\\\/de\\\/\",\"logo\":{\"@type\":\"ImageObject\",\"inLanguage\":\"de\",\"@id\":\"https:\\\/\\\/shop.bantam.ch\\\/de\\\/#\\\/schema\\\/logo\\\/image\\\/\",\"url\":\"https:\\\/\\\/shop.bantam.ch\\\/wp-content\\\/uploads\\\/2022\\\/12\\\/bantam-logo.png\",\"contentUrl\":\"https:\\\/\\\/shop.bantam.ch\\\/wp-content\\\/uploads\\\/2022\\\/12\\\/bantam-logo.png\",\"width\":320,\"height\":71,\"caption\":\"Bantam Camping AG\"},\"image\":{\"@id\":\"https:\\\/\\\/shop.bantam.ch\\\/de\\\/#\\\/schema\\\/logo\\\/image\\\/\"}}]}<\/script>\n<!-- \/ Yoast SEO plugin. -->","yoast_head_json":{"title":"Deckenventilator mit Lampe\/Fernbedienung wiederaufladbar - Bantam Camping AG","robots":{"index":"index","follow":"follow","max-snippet":"max-snippet:-1","max-image-preview":"max-image-preview:large","max-video-preview":"max-video-preview:-1"},"canonical":"https:\/\/shop.bantam.ch\/de\/produkt\/deckenventilator-mit-lampe-fernbedienung-wiederaufladbar\/","og_locale":"de_DE","og_type":"article","og_title":"Deckenventilator mit Lampe\/Fernbedienung wiederaufladbar - Bantam Camping AG","og_description":"Dieser praktische, wiederaufladbare Deckenventilator ist ideal f\u00fcr die Verwendung im Vorzelt, unter dem Vordach oder auf der Veranda. Dank seiner abnehmbaren Klingen ist er kompakt zu verstauen und leicht zu transportieren \u2013 perfekt f\u00fcr Camper und Outdoor-Fans. Verf\u00fcgt \u00fcber eine integrierte Lampe mit mehreren Lichtmodi, damit Sie immer die richtige Atmosph\u00e4re schaffen. Mit der mitgelieferten [&hellip;]","og_url":"https:\/\/shop.bantam.ch\/de\/produkt\/deckenventilator-mit-lampe-fernbedienung-wiederaufladbar\/","og_site_name":"Bantam Camping AG","article_modified_time":"2026-04-21T22:02:50+00:00","og_image":[{"width":800,"height":559,"url":"https:\/\/shop.bantam.ch\/wp-content\/uploads\/2026\/03\/76626007.jpg","type":"image\/jpeg"}],"twitter_card":"summary_large_image","twitter_misc":{"Gesch\u00e4tzte Lesezeit":"1\u00a0Minute"},"schema":{"@context":"https:\/\/schema.org","@graph":[{"@type":"WebPage","@id":"https:\/\/shop.bantam.ch\/de\/produkt\/deckenventilator-mit-lampe-fernbedienung-wiederaufladbar\/","url":"https:\/\/shop.bantam.ch\/de\/produkt\/deckenventilator-mit-lampe-fernbedienung-wiederaufladbar\/","name":"Deckenventilator mit Lampe\/Fernbedienung wiederaufladbar - Bantam Camping AG","isPartOf":{"@id":"https:\/\/shop.bantam.ch\/de\/#website"},"primaryImageOfPage":{"@id":"https:\/\/shop.bantam.ch\/de\/produkt\/deckenventilator-mit-lampe-fernbedienung-wiederaufladbar\/#primaryimage"},"image":{"@id":"https:\/\/shop.bantam.ch\/de\/produkt\/deckenventilator-mit-lampe-fernbedienung-wiederaufladbar\/#primaryimage"},"thumbnailUrl":"https:\/\/shop.bantam.ch\/wp-content\/uploads\/2026\/03\/76626007.jpg","datePublished":"2026-03-05T09:01:16+00:00","dateModified":"2026-04-21T22:02:50+00:00","breadcrumb":{"@id":"https:\/\/shop.bantam.ch\/de\/produkt\/deckenventilator-mit-lampe-fernbedienung-wiederaufladbar\/#breadcrumb"},"inLanguage":"de","potentialAction":[{"@type":"ReadAction","target":["https:\/\/shop.bantam.ch\/de\/produkt\/deckenventilator-mit-lampe-fernbedienung-wiederaufladbar\/"]}]},{"@type":"ImageObject","inLanguage":"de","@id":"https:\/\/shop.bantam.ch\/de\/produkt\/deckenventilator-mit-lampe-fernbedienung-wiederaufladbar\/#primaryimage","url":"https:\/\/shop.bantam.ch\/wp-content\/uploads\/2026\/03\/76626007.jpg","contentUrl":"https:\/\/shop.bantam.ch\/wp-content\/uploads\/2026\/03\/76626007.jpg","width":800,"height":559},{"@type":"BreadcrumbList","@id":"https:\/\/shop.bantam.ch\/de\/produkt\/deckenventilator-mit-lampe-fernbedienung-wiederaufladbar\/#breadcrumb","itemListElement":[{"@type":"ListItem","position":1,"name":"Accueil","item":"https:\/\/shop.bantam.ch\/de\/"},{"@type":"ListItem","position":2,"name":"Shop","item":"https:\/\/shop.bantam.ch\/de\/shop\/"},{"@type":"ListItem","position":3,"name":"Deckenventilator mit Lampe\/Fernbedienung wiederaufladbar"}]},{"@type":"WebSite","@id":"https:\/\/shop.bantam.ch\/de\/#website","url":"https:\/\/shop.bantam.ch\/de\/","name":"Bantam Camping AG","description":"","publisher":{"@id":"https:\/\/shop.bantam.ch\/de\/#organization"},"inLanguage":"de"},{"@type":"Organization","@id":"https:\/\/shop.bantam.ch\/de\/#organization","name":"Bantam Camping AG","url":"https:\/\/shop.bantam.ch\/de\/","logo":{"@type":"ImageObject","inLanguage":"de","@id":"https:\/\/shop.bantam.ch\/de\/#\/schema\/logo\/image\/","url":"https:\/\/shop.bantam.ch\/wp-content\/uploads\/2022\/12\/bantam-logo.png","contentUrl":"https:\/\/shop.bantam.ch\/wp-content\/uploads\/2022\/12\/bantam-logo.png","width":320,"height":71,"caption":"Bantam Camping AG"},"image":{"@id":"https:\/\/shop.bantam.ch\/de\/#\/schema\/logo\/image\/"}}]}},"_links":{"self":[{"href":"https:\/\/shop.bantam.ch\/de\/wp-json\/wp\/v2\/product\/234408","targetHints":{"allow":["GET"]}}],"collection":[{"href":"https:\/\/shop.bantam.ch\/de\/wp-json\/wp\/v2\/product"}],"about":[{"href":"https:\/\/shop.bantam.ch\/de\/wp-json\/wp\/v2\/types\/product"}],"wp:featuredmedia":[{"embeddable":true,"href":"https:\/\/shop.bantam.ch\/de\/wp-json\/wp\/v2\/media\/234400"}],"wp:attachment":[{"href":"https:\/\/shop.bantam.ch\/de\/wp-json\/wp\/v2\/media?parent=234408"}],"wp:term":[{"taxonomy":"product_featured_cat","embeddable":true,"href":"https:\/\/shop.bantam.ch\/de\/wp-json\/wp\/v2\/product_featured_cat?post=234408"},{"taxonomy":"product_brand","embeddable":true,"href":"https:\/\/shop.bantam.ch\/de\/wp-json\/wp\/v2\/product_brand?post=234408"},{"taxonomy":"product_cat","embeddable":true,"href":"https:\/\/shop.bantam.ch\/de\/wp-json\/wp\/v2\/product_cat?post=234408"},{"taxonomy":"product_tag","embeddable":true,"href":"https:\/\/shop.bantam.ch\/de\/wp-json\/wp\/v2\/product_tag?post=234408"}],"curies":[{"name":"wp","href":"https:\/\/api.w.org\/{rel}","templated":true}]}}