{"id":234398,"date":"2026-03-05T09:52:26","date_gmt":"2026-03-05T08:52:26","guid":{"rendered":"https:\/\/shop.bantam.ch\/produit\/innenraum-anti-muecken-lampe\/"},"modified":"2026-04-17T23:57:35","modified_gmt":"2026-04-17T21:57:35","slug":"innenraum-anti-muecken-lampe","status":"publish","type":"product","link":"https:\/\/shop.bantam.ch\/de\/produkt\/innenraum-anti-muecken-lampe\/","title":{"rendered":"Innenraum-Anti-M\u00fccken-Lampe"},"content":{"rendered":"<p>Haben Sie genug von M\u00fccken in Ihrem Zelt beim Camping? Diese kompakte und wiederaufladbare Anti-M\u00fccken-Lampe kombiniert einen wirksamen Insektenschutz mit stimmungsvoller Beleuchtung. Das UV-Licht zieht M\u00fccken und andere fliegende Insekten an, die anschlie\u00dfend sicher durch das interne Gitter elektrisch beseitigt werden. Neben ihrer Anti-M\u00fccken-Funktion verbreitet die Lampe ein warmes, sanftes Licht, das eine gem\u00fctliche Atmosph\u00e4re schafft \u2013 ideal f\u00fcr Abende im Freien. Sie k\u00f6nnen die Lampe \u00fcberall aufh\u00e4ngen: im Zelt, unter dem Vorzelt oder an einem Ast. Materialien : ABS + PC, IPX4. LED : UV SMD2835 \u00d7 6, Flammeneffekt SD2835 \u00d7 36. Leistung : 3 W. Netzspannung : 800 V. Abmessungen : 13 \u00d7 \u00d8 9 cm. Gewicht : 240 g. Batterie : Polymer-Batterie 803040, 1.000 mAh. Betriebsdauer : UV 10\u201311 h, Flamme 10 h, kombiniert 7 h. Ladezeit : Mini-USB, 3 h<\/p>\n","protected":false},"excerpt":{"rendered":"<p>Haben Sie genug von M\u00fccken in Ihrem Zelt beim Camping? Diese kompakte und wiederaufladbare Anti-M\u00fccken-Lampe kombiniert einen wirksamen Insektenschutz mit stimmungsvoller Beleuchtung. Das UV-Licht zieht M\u00fccken und andere fliegende Insekten an, die anschlie\u00dfend sicher durch das interne Gitter elektrisch beseitigt werden. Neben ihrer Anti-M\u00fccken-Funktion verbreitet die Lampe ein warmes, sanftes Licht, das eine gem\u00fctliche Atmosph\u00e4re [&hellip;]<\/p>\n","protected":false},"featured_media":234388,"template":"","meta":{"_acf_changed":false},"product_featured_cat":[],"product_brand":[3075],"product_cat":[4934],"product_tag":[],"class_list":{"0":"post-234398","1":"product","2":"type-product","3":"status-publish","4":"has-post-thumbnail","6":"product_brand-eurotrail-de","7":"product_cat-insektenfallen-abwehr","9":"first","10":"instock","11":"taxable","12":"shipping-taxable","13":"purchasable","14":"product-type-simple"},"acf":[],"yoast_head":"<!-- This site is optimized with the Yoast SEO plugin v27.4 - https:\/\/yoast.com\/product\/yoast-seo-wordpress\/ -->\n<title>Innenraum-Anti-M\u00fccken-Lampe - Bantam Camping AG<\/title>\n<meta name=\"robots\" content=\"index, follow, max-snippet:-1, max-image-preview:large, max-video-preview:-1\" \/>\n<link rel=\"canonical\" href=\"https:\/\/shop.bantam.ch\/de\/produkt\/innenraum-anti-muecken-lampe\/\" \/>\n<meta property=\"og:locale\" content=\"de_DE\" \/>\n<meta property=\"og:type\" content=\"article\" \/>\n<meta property=\"og:title\" content=\"Innenraum-Anti-M\u00fccken-Lampe - Bantam Camping AG\" \/>\n<meta property=\"og:description\" content=\"Haben Sie genug von M\u00fccken in Ihrem Zelt beim Camping? Diese kompakte und wiederaufladbare Anti-M\u00fccken-Lampe kombiniert einen wirksamen Insektenschutz mit stimmungsvoller Beleuchtung. Das UV-Licht zieht M\u00fccken und andere fliegende Insekten an, die anschlie\u00dfend sicher durch das interne Gitter elektrisch beseitigt werden. Neben ihrer Anti-M\u00fccken-Funktion verbreitet die Lampe ein warmes, sanftes Licht, das eine gem\u00fctliche Atmosph\u00e4re [&hellip;]\" \/>\n<meta property=\"og:url\" content=\"https:\/\/shop.bantam.ch\/de\/produkt\/innenraum-anti-muecken-lampe\/\" \/>\n<meta property=\"og:site_name\" content=\"Bantam Camping AG\" \/>\n<meta property=\"article:modified_time\" content=\"2026-04-17T21:57:35+00:00\" \/>\n<meta property=\"og:image\" content=\"https:\/\/shop.bantam.ch\/wp-content\/uploads\/2026\/03\/76626006-1.jpg\" \/>\n\t<meta property=\"og:image:width\" content=\"592\" \/>\n\t<meta property=\"og:image:height\" content=\"800\" \/>\n\t<meta property=\"og:image:type\" content=\"image\/jpeg\" \/>\n<meta name=\"twitter:card\" content=\"summary_large_image\" \/>\n<meta name=\"twitter:label1\" content=\"Gesch\u00e4tzte Lesezeit\" \/>\n\t<meta name=\"twitter:data1\" content=\"1\u00a0Minute\" \/>\n<script type=\"application\/ld+json\" class=\"yoast-schema-graph\">{\"@context\":\"https:\\\/\\\/schema.org\",\"@graph\":[{\"@type\":\"WebPage\",\"@id\":\"https:\\\/\\\/shop.bantam.ch\\\/de\\\/produkt\\\/innenraum-anti-muecken-lampe\\\/\",\"url\":\"https:\\\/\\\/shop.bantam.ch\\\/de\\\/produkt\\\/innenraum-anti-muecken-lampe\\\/\",\"name\":\"Innenraum-Anti-M\u00fccken-Lampe - Bantam Camping AG\",\"isPartOf\":{\"@id\":\"https:\\\/\\\/shop.bantam.ch\\\/de\\\/#website\"},\"primaryImageOfPage\":{\"@id\":\"https:\\\/\\\/shop.bantam.ch\\\/de\\\/produkt\\\/innenraum-anti-muecken-lampe\\\/#primaryimage\"},\"image\":{\"@id\":\"https:\\\/\\\/shop.bantam.ch\\\/de\\\/produkt\\\/innenraum-anti-muecken-lampe\\\/#primaryimage\"},\"thumbnailUrl\":\"https:\\\/\\\/shop.bantam.ch\\\/wp-content\\\/uploads\\\/2026\\\/03\\\/76626006-1.jpg\",\"datePublished\":\"2026-03-05T08:52:26+00:00\",\"dateModified\":\"2026-04-17T21:57:35+00:00\",\"breadcrumb\":{\"@id\":\"https:\\\/\\\/shop.bantam.ch\\\/de\\\/produkt\\\/innenraum-anti-muecken-lampe\\\/#breadcrumb\"},\"inLanguage\":\"de\",\"potentialAction\":[{\"@type\":\"ReadAction\",\"target\":[\"https:\\\/\\\/shop.bantam.ch\\\/de\\\/produkt\\\/innenraum-anti-muecken-lampe\\\/\"]}]},{\"@type\":\"ImageObject\",\"inLanguage\":\"de\",\"@id\":\"https:\\\/\\\/shop.bantam.ch\\\/de\\\/produkt\\\/innenraum-anti-muecken-lampe\\\/#primaryimage\",\"url\":\"https:\\\/\\\/shop.bantam.ch\\\/wp-content\\\/uploads\\\/2026\\\/03\\\/76626006-1.jpg\",\"contentUrl\":\"https:\\\/\\\/shop.bantam.ch\\\/wp-content\\\/uploads\\\/2026\\\/03\\\/76626006-1.jpg\",\"width\":592,\"height\":800},{\"@type\":\"BreadcrumbList\",\"@id\":\"https:\\\/\\\/shop.bantam.ch\\\/de\\\/produkt\\\/innenraum-anti-muecken-lampe\\\/#breadcrumb\",\"itemListElement\":[{\"@type\":\"ListItem\",\"position\":1,\"name\":\"Accueil\",\"item\":\"https:\\\/\\\/shop.bantam.ch\\\/de\\\/\"},{\"@type\":\"ListItem\",\"position\":2,\"name\":\"Shop\",\"item\":\"https:\\\/\\\/shop.bantam.ch\\\/de\\\/shop\\\/\"},{\"@type\":\"ListItem\",\"position\":3,\"name\":\"Innenraum-Anti-M\u00fccken-Lampe\"}]},{\"@type\":\"WebSite\",\"@id\":\"https:\\\/\\\/shop.bantam.ch\\\/de\\\/#website\",\"url\":\"https:\\\/\\\/shop.bantam.ch\\\/de\\\/\",\"name\":\"Bantam Camping AG\",\"description\":\"\",\"publisher\":{\"@id\":\"https:\\\/\\\/shop.bantam.ch\\\/de\\\/#organization\"},\"inLanguage\":\"de\"},{\"@type\":\"Organization\",\"@id\":\"https:\\\/\\\/shop.bantam.ch\\\/de\\\/#organization\",\"name\":\"Bantam Camping AG\",\"url\":\"https:\\\/\\\/shop.bantam.ch\\\/de\\\/\",\"logo\":{\"@type\":\"ImageObject\",\"inLanguage\":\"de\",\"@id\":\"https:\\\/\\\/shop.bantam.ch\\\/de\\\/#\\\/schema\\\/logo\\\/image\\\/\",\"url\":\"https:\\\/\\\/shop.bantam.ch\\\/wp-content\\\/uploads\\\/2022\\\/12\\\/bantam-logo.png\",\"contentUrl\":\"https:\\\/\\\/shop.bantam.ch\\\/wp-content\\\/uploads\\\/2022\\\/12\\\/bantam-logo.png\",\"width\":320,\"height\":71,\"caption\":\"Bantam Camping AG\"},\"image\":{\"@id\":\"https:\\\/\\\/shop.bantam.ch\\\/de\\\/#\\\/schema\\\/logo\\\/image\\\/\"}}]}<\/script>\n<!-- \/ Yoast SEO plugin. -->","yoast_head_json":{"title":"Innenraum-Anti-M\u00fccken-Lampe - Bantam Camping AG","robots":{"index":"index","follow":"follow","max-snippet":"max-snippet:-1","max-image-preview":"max-image-preview:large","max-video-preview":"max-video-preview:-1"},"canonical":"https:\/\/shop.bantam.ch\/de\/produkt\/innenraum-anti-muecken-lampe\/","og_locale":"de_DE","og_type":"article","og_title":"Innenraum-Anti-M\u00fccken-Lampe - Bantam Camping AG","og_description":"Haben Sie genug von M\u00fccken in Ihrem Zelt beim Camping? Diese kompakte und wiederaufladbare Anti-M\u00fccken-Lampe kombiniert einen wirksamen Insektenschutz mit stimmungsvoller Beleuchtung. Das UV-Licht zieht M\u00fccken und andere fliegende Insekten an, die anschlie\u00dfend sicher durch das interne Gitter elektrisch beseitigt werden. Neben ihrer Anti-M\u00fccken-Funktion verbreitet die Lampe ein warmes, sanftes Licht, das eine gem\u00fctliche Atmosph\u00e4re [&hellip;]","og_url":"https:\/\/shop.bantam.ch\/de\/produkt\/innenraum-anti-muecken-lampe\/","og_site_name":"Bantam Camping AG","article_modified_time":"2026-04-17T21:57:35+00:00","og_image":[{"width":592,"height":800,"url":"https:\/\/shop.bantam.ch\/wp-content\/uploads\/2026\/03\/76626006-1.jpg","type":"image\/jpeg"}],"twitter_card":"summary_large_image","twitter_misc":{"Gesch\u00e4tzte Lesezeit":"1\u00a0Minute"},"schema":{"@context":"https:\/\/schema.org","@graph":[{"@type":"WebPage","@id":"https:\/\/shop.bantam.ch\/de\/produkt\/innenraum-anti-muecken-lampe\/","url":"https:\/\/shop.bantam.ch\/de\/produkt\/innenraum-anti-muecken-lampe\/","name":"Innenraum-Anti-M\u00fccken-Lampe - Bantam Camping AG","isPartOf":{"@id":"https:\/\/shop.bantam.ch\/de\/#website"},"primaryImageOfPage":{"@id":"https:\/\/shop.bantam.ch\/de\/produkt\/innenraum-anti-muecken-lampe\/#primaryimage"},"image":{"@id":"https:\/\/shop.bantam.ch\/de\/produkt\/innenraum-anti-muecken-lampe\/#primaryimage"},"thumbnailUrl":"https:\/\/shop.bantam.ch\/wp-content\/uploads\/2026\/03\/76626006-1.jpg","datePublished":"2026-03-05T08:52:26+00:00","dateModified":"2026-04-17T21:57:35+00:00","breadcrumb":{"@id":"https:\/\/shop.bantam.ch\/de\/produkt\/innenraum-anti-muecken-lampe\/#breadcrumb"},"inLanguage":"de","potentialAction":[{"@type":"ReadAction","target":["https:\/\/shop.bantam.ch\/de\/produkt\/innenraum-anti-muecken-lampe\/"]}]},{"@type":"ImageObject","inLanguage":"de","@id":"https:\/\/shop.bantam.ch\/de\/produkt\/innenraum-anti-muecken-lampe\/#primaryimage","url":"https:\/\/shop.bantam.ch\/wp-content\/uploads\/2026\/03\/76626006-1.jpg","contentUrl":"https:\/\/shop.bantam.ch\/wp-content\/uploads\/2026\/03\/76626006-1.jpg","width":592,"height":800},{"@type":"BreadcrumbList","@id":"https:\/\/shop.bantam.ch\/de\/produkt\/innenraum-anti-muecken-lampe\/#breadcrumb","itemListElement":[{"@type":"ListItem","position":1,"name":"Accueil","item":"https:\/\/shop.bantam.ch\/de\/"},{"@type":"ListItem","position":2,"name":"Shop","item":"https:\/\/shop.bantam.ch\/de\/shop\/"},{"@type":"ListItem","position":3,"name":"Innenraum-Anti-M\u00fccken-Lampe"}]},{"@type":"WebSite","@id":"https:\/\/shop.bantam.ch\/de\/#website","url":"https:\/\/shop.bantam.ch\/de\/","name":"Bantam Camping AG","description":"","publisher":{"@id":"https:\/\/shop.bantam.ch\/de\/#organization"},"inLanguage":"de"},{"@type":"Organization","@id":"https:\/\/shop.bantam.ch\/de\/#organization","name":"Bantam Camping AG","url":"https:\/\/shop.bantam.ch\/de\/","logo":{"@type":"ImageObject","inLanguage":"de","@id":"https:\/\/shop.bantam.ch\/de\/#\/schema\/logo\/image\/","url":"https:\/\/shop.bantam.ch\/wp-content\/uploads\/2022\/12\/bantam-logo.png","contentUrl":"https:\/\/shop.bantam.ch\/wp-content\/uploads\/2022\/12\/bantam-logo.png","width":320,"height":71,"caption":"Bantam Camping AG"},"image":{"@id":"https:\/\/shop.bantam.ch\/de\/#\/schema\/logo\/image\/"}}]}},"_links":{"self":[{"href":"https:\/\/shop.bantam.ch\/de\/wp-json\/wp\/v2\/product\/234398","targetHints":{"allow":["GET"]}}],"collection":[{"href":"https:\/\/shop.bantam.ch\/de\/wp-json\/wp\/v2\/product"}],"about":[{"href":"https:\/\/shop.bantam.ch\/de\/wp-json\/wp\/v2\/types\/product"}],"wp:featuredmedia":[{"embeddable":true,"href":"https:\/\/shop.bantam.ch\/de\/wp-json\/wp\/v2\/media\/234388"}],"wp:attachment":[{"href":"https:\/\/shop.bantam.ch\/de\/wp-json\/wp\/v2\/media?parent=234398"}],"wp:term":[{"taxonomy":"product_featured_cat","embeddable":true,"href":"https:\/\/shop.bantam.ch\/de\/wp-json\/wp\/v2\/product_featured_cat?post=234398"},{"taxonomy":"product_brand","embeddable":true,"href":"https:\/\/shop.bantam.ch\/de\/wp-json\/wp\/v2\/product_brand?post=234398"},{"taxonomy":"product_cat","embeddable":true,"href":"https:\/\/shop.bantam.ch\/de\/wp-json\/wp\/v2\/product_cat?post=234398"},{"taxonomy":"product_tag","embeddable":true,"href":"https:\/\/shop.bantam.ch\/de\/wp-json\/wp\/v2\/product_tag?post=234398"}],"curies":[{"name":"wp","href":"https:\/\/api.w.org\/{rel}","templated":true}]}}