{"id":234377,"date":"2026-03-05T09:23:11","date_gmt":"2026-03-05T08:23:11","guid":{"rendered":"https:\/\/shop.bantam.ch\/produit\/stone-bratpfanne-mit-abnehmbarem-griff\/"},"modified":"2026-04-20T23:58:21","modified_gmt":"2026-04-20T21:58:21","slug":"stone-bratpfanne-mit-abnehmbarem-griff","status":"publish","type":"product","link":"https:\/\/shop.bantam.ch\/de\/produkt\/stone-bratpfanne-mit-abnehmbarem-griff\/","title":{"rendered":"Stone, Bratpfanne mit abnehmbarem Griff"},"content":{"rendered":"<p>Bratpfanne mit abnehmbarem Griff (geeignet f\u00fcr Induktion). Diese Bratpfanne vereint durchdachtes Design mit hochwertigen Materialien. Dank des abnehmbaren Griffs ben\u00f6tigt sie weniger Platz in K\u00fcchenschr\u00e4nken oder beim Camping und l\u00e4sst sich einfach verstauen und transportieren. Die Pfanne ist f\u00fcr alle Herdarten geeignet, einschlie\u00dflich Induktion, und in zwei praktischen Gr\u00f6\u00dfen erh\u00e4ltlich. Die Au\u00dfenseite besticht durch ein stilvolles Stone-Look-Design, w\u00e4hrend die Innenseite mit einer keramischen Antihaftbeschichtung in Marmoroptik versehen ist. Diese langlebige Beschichtung verhindert das Anhaften von Speisen und erleichtert die Reinigung erheblich. Dank ihrer hervorragenden Antihaft-Eigenschaften ist die Pfanne ideal zum fettarmen Braten \u2013 Sie ben\u00f6tigen deutlich weniger \u00d6l oder Butter. Ob Fleisch, Fisch oder Gem\u00fcse: Mit dieser Pfanne kochen Sie ges\u00fcnder und m\u00fchelos. Material: 3003 Aluminium mit Induktionsboden aus Stahl, Griff aus Bakelit. \u00d8 24 x 4,8 cm, Gewicht: 695 gr.<\/p>\n","protected":false},"excerpt":{"rendered":"<p>Bratpfanne mit abnehmbarem Griff (geeignet f\u00fcr Induktion). Diese Bratpfanne vereint durchdachtes Design mit hochwertigen Materialien. Dank des abnehmbaren Griffs ben\u00f6tigt sie weniger Platz in K\u00fcchenschr\u00e4nken oder beim Camping und l\u00e4sst sich einfach verstauen und transportieren. Die Pfanne ist f\u00fcr alle Herdarten geeignet, einschlie\u00dflich Induktion, und in zwei praktischen Gr\u00f6\u00dfen erh\u00e4ltlich. Die Au\u00dfenseite besticht durch ein [&hellip;]<\/p>\n","protected":false},"featured_media":234369,"template":"","meta":{"_acf_changed":false},"product_featured_cat":[],"product_brand":[3075],"product_cat":[4266],"product_tag":[],"class_list":{"0":"post-234377","1":"product","2":"type-product","3":"status-publish","4":"has-post-thumbnail","6":"product_brand-eurotrail-de","7":"product_cat-kochtoepfe-pfannen-sets","9":"first","10":"instock","11":"taxable","12":"shipping-taxable","13":"purchasable","14":"product-type-simple"},"acf":[],"yoast_head":"<!-- This site is optimized with the Yoast SEO plugin v27.4 - https:\/\/yoast.com\/product\/yoast-seo-wordpress\/ -->\n<title>Stone, Bratpfanne mit abnehmbarem Griff - Bantam Camping AG<\/title>\n<meta name=\"robots\" content=\"index, follow, max-snippet:-1, max-image-preview:large, max-video-preview:-1\" \/>\n<link rel=\"canonical\" href=\"https:\/\/shop.bantam.ch\/de\/produkt\/stone-bratpfanne-mit-abnehmbarem-griff\/\" \/>\n<meta property=\"og:locale\" content=\"de_DE\" \/>\n<meta property=\"og:type\" content=\"article\" \/>\n<meta property=\"og:title\" content=\"Stone, Bratpfanne mit abnehmbarem Griff - Bantam Camping AG\" \/>\n<meta property=\"og:description\" content=\"Bratpfanne mit abnehmbarem Griff (geeignet f\u00fcr Induktion). Diese Bratpfanne vereint durchdachtes Design mit hochwertigen Materialien. Dank des abnehmbaren Griffs ben\u00f6tigt sie weniger Platz in K\u00fcchenschr\u00e4nken oder beim Camping und l\u00e4sst sich einfach verstauen und transportieren. Die Pfanne ist f\u00fcr alle Herdarten geeignet, einschlie\u00dflich Induktion, und in zwei praktischen Gr\u00f6\u00dfen erh\u00e4ltlich. Die Au\u00dfenseite besticht durch ein [&hellip;]\" \/>\n<meta property=\"og:url\" content=\"https:\/\/shop.bantam.ch\/de\/produkt\/stone-bratpfanne-mit-abnehmbarem-griff\/\" \/>\n<meta property=\"og:site_name\" content=\"Bantam Camping AG\" \/>\n<meta property=\"article:modified_time\" content=\"2026-04-20T21:58:21+00:00\" \/>\n<meta property=\"og:image\" content=\"https:\/\/shop.bantam.ch\/wp-content\/uploads\/2026\/03\/76626003.jpg\" \/>\n\t<meta property=\"og:image:width\" content=\"800\" \/>\n\t<meta property=\"og:image:height\" content=\"220\" \/>\n\t<meta property=\"og:image:type\" content=\"image\/jpeg\" \/>\n<meta name=\"twitter:card\" content=\"summary_large_image\" \/>\n<meta name=\"twitter:label1\" content=\"Gesch\u00e4tzte Lesezeit\" \/>\n\t<meta name=\"twitter:data1\" content=\"1\u00a0Minute\" \/>\n<script type=\"application\/ld+json\" class=\"yoast-schema-graph\">{\"@context\":\"https:\\\/\\\/schema.org\",\"@graph\":[{\"@type\":\"WebPage\",\"@id\":\"https:\\\/\\\/shop.bantam.ch\\\/de\\\/produkt\\\/stone-bratpfanne-mit-abnehmbarem-griff\\\/\",\"url\":\"https:\\\/\\\/shop.bantam.ch\\\/de\\\/produkt\\\/stone-bratpfanne-mit-abnehmbarem-griff\\\/\",\"name\":\"Stone, Bratpfanne mit abnehmbarem Griff - Bantam Camping AG\",\"isPartOf\":{\"@id\":\"https:\\\/\\\/shop.bantam.ch\\\/de\\\/#website\"},\"primaryImageOfPage\":{\"@id\":\"https:\\\/\\\/shop.bantam.ch\\\/de\\\/produkt\\\/stone-bratpfanne-mit-abnehmbarem-griff\\\/#primaryimage\"},\"image\":{\"@id\":\"https:\\\/\\\/shop.bantam.ch\\\/de\\\/produkt\\\/stone-bratpfanne-mit-abnehmbarem-griff\\\/#primaryimage\"},\"thumbnailUrl\":\"https:\\\/\\\/shop.bantam.ch\\\/wp-content\\\/uploads\\\/2026\\\/03\\\/76626003.jpg\",\"datePublished\":\"2026-03-05T08:23:11+00:00\",\"dateModified\":\"2026-04-20T21:58:21+00:00\",\"breadcrumb\":{\"@id\":\"https:\\\/\\\/shop.bantam.ch\\\/de\\\/produkt\\\/stone-bratpfanne-mit-abnehmbarem-griff\\\/#breadcrumb\"},\"inLanguage\":\"de\",\"potentialAction\":[{\"@type\":\"ReadAction\",\"target\":[\"https:\\\/\\\/shop.bantam.ch\\\/de\\\/produkt\\\/stone-bratpfanne-mit-abnehmbarem-griff\\\/\"]}]},{\"@type\":\"ImageObject\",\"inLanguage\":\"de\",\"@id\":\"https:\\\/\\\/shop.bantam.ch\\\/de\\\/produkt\\\/stone-bratpfanne-mit-abnehmbarem-griff\\\/#primaryimage\",\"url\":\"https:\\\/\\\/shop.bantam.ch\\\/wp-content\\\/uploads\\\/2026\\\/03\\\/76626003.jpg\",\"contentUrl\":\"https:\\\/\\\/shop.bantam.ch\\\/wp-content\\\/uploads\\\/2026\\\/03\\\/76626003.jpg\",\"width\":800,\"height\":220},{\"@type\":\"BreadcrumbList\",\"@id\":\"https:\\\/\\\/shop.bantam.ch\\\/de\\\/produkt\\\/stone-bratpfanne-mit-abnehmbarem-griff\\\/#breadcrumb\",\"itemListElement\":[{\"@type\":\"ListItem\",\"position\":1,\"name\":\"Accueil\",\"item\":\"https:\\\/\\\/shop.bantam.ch\\\/de\\\/\"},{\"@type\":\"ListItem\",\"position\":2,\"name\":\"Shop\",\"item\":\"https:\\\/\\\/shop.bantam.ch\\\/de\\\/shop\\\/\"},{\"@type\":\"ListItem\",\"position\":3,\"name\":\"Stone, Bratpfanne mit abnehmbarem Griff\"}]},{\"@type\":\"WebSite\",\"@id\":\"https:\\\/\\\/shop.bantam.ch\\\/de\\\/#website\",\"url\":\"https:\\\/\\\/shop.bantam.ch\\\/de\\\/\",\"name\":\"Bantam Camping AG\",\"description\":\"\",\"publisher\":{\"@id\":\"https:\\\/\\\/shop.bantam.ch\\\/de\\\/#organization\"},\"inLanguage\":\"de\"},{\"@type\":\"Organization\",\"@id\":\"https:\\\/\\\/shop.bantam.ch\\\/de\\\/#organization\",\"name\":\"Bantam Camping AG\",\"url\":\"https:\\\/\\\/shop.bantam.ch\\\/de\\\/\",\"logo\":{\"@type\":\"ImageObject\",\"inLanguage\":\"de\",\"@id\":\"https:\\\/\\\/shop.bantam.ch\\\/de\\\/#\\\/schema\\\/logo\\\/image\\\/\",\"url\":\"https:\\\/\\\/shop.bantam.ch\\\/wp-content\\\/uploads\\\/2022\\\/12\\\/bantam-logo.png\",\"contentUrl\":\"https:\\\/\\\/shop.bantam.ch\\\/wp-content\\\/uploads\\\/2022\\\/12\\\/bantam-logo.png\",\"width\":320,\"height\":71,\"caption\":\"Bantam Camping AG\"},\"image\":{\"@id\":\"https:\\\/\\\/shop.bantam.ch\\\/de\\\/#\\\/schema\\\/logo\\\/image\\\/\"}}]}<\/script>\n<!-- \/ Yoast SEO plugin. -->","yoast_head_json":{"title":"Stone, Bratpfanne mit abnehmbarem Griff - Bantam Camping AG","robots":{"index":"index","follow":"follow","max-snippet":"max-snippet:-1","max-image-preview":"max-image-preview:large","max-video-preview":"max-video-preview:-1"},"canonical":"https:\/\/shop.bantam.ch\/de\/produkt\/stone-bratpfanne-mit-abnehmbarem-griff\/","og_locale":"de_DE","og_type":"article","og_title":"Stone, Bratpfanne mit abnehmbarem Griff - Bantam Camping AG","og_description":"Bratpfanne mit abnehmbarem Griff (geeignet f\u00fcr Induktion). Diese Bratpfanne vereint durchdachtes Design mit hochwertigen Materialien. Dank des abnehmbaren Griffs ben\u00f6tigt sie weniger Platz in K\u00fcchenschr\u00e4nken oder beim Camping und l\u00e4sst sich einfach verstauen und transportieren. Die Pfanne ist f\u00fcr alle Herdarten geeignet, einschlie\u00dflich Induktion, und in zwei praktischen Gr\u00f6\u00dfen erh\u00e4ltlich. Die Au\u00dfenseite besticht durch ein [&hellip;]","og_url":"https:\/\/shop.bantam.ch\/de\/produkt\/stone-bratpfanne-mit-abnehmbarem-griff\/","og_site_name":"Bantam Camping AG","article_modified_time":"2026-04-20T21:58:21+00:00","og_image":[{"width":800,"height":220,"url":"https:\/\/shop.bantam.ch\/wp-content\/uploads\/2026\/03\/76626003.jpg","type":"image\/jpeg"}],"twitter_card":"summary_large_image","twitter_misc":{"Gesch\u00e4tzte Lesezeit":"1\u00a0Minute"},"schema":{"@context":"https:\/\/schema.org","@graph":[{"@type":"WebPage","@id":"https:\/\/shop.bantam.ch\/de\/produkt\/stone-bratpfanne-mit-abnehmbarem-griff\/","url":"https:\/\/shop.bantam.ch\/de\/produkt\/stone-bratpfanne-mit-abnehmbarem-griff\/","name":"Stone, Bratpfanne mit abnehmbarem Griff - Bantam Camping AG","isPartOf":{"@id":"https:\/\/shop.bantam.ch\/de\/#website"},"primaryImageOfPage":{"@id":"https:\/\/shop.bantam.ch\/de\/produkt\/stone-bratpfanne-mit-abnehmbarem-griff\/#primaryimage"},"image":{"@id":"https:\/\/shop.bantam.ch\/de\/produkt\/stone-bratpfanne-mit-abnehmbarem-griff\/#primaryimage"},"thumbnailUrl":"https:\/\/shop.bantam.ch\/wp-content\/uploads\/2026\/03\/76626003.jpg","datePublished":"2026-03-05T08:23:11+00:00","dateModified":"2026-04-20T21:58:21+00:00","breadcrumb":{"@id":"https:\/\/shop.bantam.ch\/de\/produkt\/stone-bratpfanne-mit-abnehmbarem-griff\/#breadcrumb"},"inLanguage":"de","potentialAction":[{"@type":"ReadAction","target":["https:\/\/shop.bantam.ch\/de\/produkt\/stone-bratpfanne-mit-abnehmbarem-griff\/"]}]},{"@type":"ImageObject","inLanguage":"de","@id":"https:\/\/shop.bantam.ch\/de\/produkt\/stone-bratpfanne-mit-abnehmbarem-griff\/#primaryimage","url":"https:\/\/shop.bantam.ch\/wp-content\/uploads\/2026\/03\/76626003.jpg","contentUrl":"https:\/\/shop.bantam.ch\/wp-content\/uploads\/2026\/03\/76626003.jpg","width":800,"height":220},{"@type":"BreadcrumbList","@id":"https:\/\/shop.bantam.ch\/de\/produkt\/stone-bratpfanne-mit-abnehmbarem-griff\/#breadcrumb","itemListElement":[{"@type":"ListItem","position":1,"name":"Accueil","item":"https:\/\/shop.bantam.ch\/de\/"},{"@type":"ListItem","position":2,"name":"Shop","item":"https:\/\/shop.bantam.ch\/de\/shop\/"},{"@type":"ListItem","position":3,"name":"Stone, Bratpfanne mit abnehmbarem Griff"}]},{"@type":"WebSite","@id":"https:\/\/shop.bantam.ch\/de\/#website","url":"https:\/\/shop.bantam.ch\/de\/","name":"Bantam Camping AG","description":"","publisher":{"@id":"https:\/\/shop.bantam.ch\/de\/#organization"},"inLanguage":"de"},{"@type":"Organization","@id":"https:\/\/shop.bantam.ch\/de\/#organization","name":"Bantam Camping AG","url":"https:\/\/shop.bantam.ch\/de\/","logo":{"@type":"ImageObject","inLanguage":"de","@id":"https:\/\/shop.bantam.ch\/de\/#\/schema\/logo\/image\/","url":"https:\/\/shop.bantam.ch\/wp-content\/uploads\/2022\/12\/bantam-logo.png","contentUrl":"https:\/\/shop.bantam.ch\/wp-content\/uploads\/2022\/12\/bantam-logo.png","width":320,"height":71,"caption":"Bantam Camping AG"},"image":{"@id":"https:\/\/shop.bantam.ch\/de\/#\/schema\/logo\/image\/"}}]}},"_links":{"self":[{"href":"https:\/\/shop.bantam.ch\/de\/wp-json\/wp\/v2\/product\/234377","targetHints":{"allow":["GET"]}}],"collection":[{"href":"https:\/\/shop.bantam.ch\/de\/wp-json\/wp\/v2\/product"}],"about":[{"href":"https:\/\/shop.bantam.ch\/de\/wp-json\/wp\/v2\/types\/product"}],"wp:featuredmedia":[{"embeddable":true,"href":"https:\/\/shop.bantam.ch\/de\/wp-json\/wp\/v2\/media\/234369"}],"wp:attachment":[{"href":"https:\/\/shop.bantam.ch\/de\/wp-json\/wp\/v2\/media?parent=234377"}],"wp:term":[{"taxonomy":"product_featured_cat","embeddable":true,"href":"https:\/\/shop.bantam.ch\/de\/wp-json\/wp\/v2\/product_featured_cat?post=234377"},{"taxonomy":"product_brand","embeddable":true,"href":"https:\/\/shop.bantam.ch\/de\/wp-json\/wp\/v2\/product_brand?post=234377"},{"taxonomy":"product_cat","embeddable":true,"href":"https:\/\/shop.bantam.ch\/de\/wp-json\/wp\/v2\/product_cat?post=234377"},{"taxonomy":"product_tag","embeddable":true,"href":"https:\/\/shop.bantam.ch\/de\/wp-json\/wp\/v2\/product_tag?post=234377"}],"curies":[{"name":"wp","href":"https:\/\/api.w.org\/{rel}","templated":true}]}}