{"id":234359,"date":"2026-03-05T09:09:42","date_gmt":"2026-03-05T08:09:42","guid":{"rendered":"https:\/\/shop.bantam.ch\/produit\/topfet-dublin-3-teilig-mit-faltgriffe\/"},"modified":"2026-04-19T00:01:12","modified_gmt":"2026-04-18T22:01:12","slug":"topfet-dublin-3-teilig-mit-faltgriffe","status":"publish","type":"product","link":"https:\/\/shop.bantam.ch\/de\/produkt\/topfet-dublin-3-teilig-mit-faltgriffe\/","title":{"rendered":"Topfet Dublin, 3 Teilig, mit Faltgriffe"},"content":{"rendered":"<p>Praktisches und Platzsparendes Camping-Kochtopfset. Kochen beim Camping war noch nie so einfach! Unser 3-teiliges Camping-Kochtopfset wurde speziell f\u00fcr Camper entwickelt, die Komfort und Qualit\u00e4t sch\u00e4tzen. Mit drei verschiedenen Topfgr\u00f6\u00dfen und einem Glasdeckel hast du f\u00fcr jede Mahlzeit den passenden Topf zur Hand. Warum dieses Kochtopfset?<br \/>\n3 verschiedene Topfgr\u00f6\u00dfen \u2013 Ideal f\u00fcr Suppen, Pasta und viele andere Gerichte. Hohe Form \u2013 Perfekt f\u00fcr effizientes Kochen auf begrenztem Raum. Klappgriff &amp; Stapelbares Design \u2013 Die T\u00f6pfe passen perfekt ineinander und sparen Platz. Geeignet f\u00fcr alle Gaskocher \u2013 Funktioniert auf jedem Gaskochfeld, ideal f\u00fcrs Camping. Glasdeckel \u2013 Behalte den Kochvorgang stets im Blick. Mit diesem leichten und robusten Kochtopfset kochst du genauso einfach in der Natur wie zu Hause. Praktisch, kompakt und unverzichtbar f\u00fcr jede Campingreise! Verf\u00fcgbar in 2 Gr\u00f6\u00dfen. Dublin. \u00d812 x 12 cm, Fassungsverm\u00f6gen 1,3 Liter. \u00d816 x 15 cm, Fassungsverm\u00f6gen 2,5 Liter. \u00d820 x 17 cm, Fassungsverm\u00f6gen 4,5 Liter<\/p>\n","protected":false},"excerpt":{"rendered":"<p>Praktisches und Platzsparendes Camping-Kochtopfset. Kochen beim Camping war noch nie so einfach! Unser 3-teiliges Camping-Kochtopfset wurde speziell f\u00fcr Camper entwickelt, die Komfort und Qualit\u00e4t sch\u00e4tzen. Mit drei verschiedenen Topfgr\u00f6\u00dfen und einem Glasdeckel hast du f\u00fcr jede Mahlzeit den passenden Topf zur Hand. Warum dieses Kochtopfset? 3 verschiedene Topfgr\u00f6\u00dfen \u2013 Ideal f\u00fcr Suppen, Pasta und viele [&hellip;]<\/p>\n","protected":false},"featured_media":234353,"template":"","meta":{"_acf_changed":false},"product_featured_cat":[],"product_brand":[3075],"product_cat":[4266],"product_tag":[],"class_list":{"0":"post-234359","1":"product","2":"type-product","3":"status-publish","4":"has-post-thumbnail","6":"product_brand-eurotrail-de","7":"product_cat-kochtoepfe-pfannen-sets","9":"first","10":"instock","11":"taxable","12":"shipping-taxable","13":"purchasable","14":"product-type-simple"},"acf":[],"yoast_head":"<!-- This site is optimized with the Yoast SEO plugin v27.4 - https:\/\/yoast.com\/product\/yoast-seo-wordpress\/ -->\n<title>Topfet Dublin, 3 Teilig, mit Faltgriffe - Bantam Camping AG<\/title>\n<meta name=\"robots\" content=\"index, follow, max-snippet:-1, max-image-preview:large, max-video-preview:-1\" \/>\n<link rel=\"canonical\" href=\"https:\/\/shop.bantam.ch\/de\/produkt\/topfet-dublin-3-teilig-mit-faltgriffe\/\" \/>\n<meta property=\"og:locale\" content=\"de_DE\" \/>\n<meta property=\"og:type\" content=\"article\" \/>\n<meta property=\"og:title\" content=\"Topfet Dublin, 3 Teilig, mit Faltgriffe - Bantam Camping AG\" \/>\n<meta property=\"og:description\" content=\"Praktisches und Platzsparendes Camping-Kochtopfset. Kochen beim Camping war noch nie so einfach! Unser 3-teiliges Camping-Kochtopfset wurde speziell f\u00fcr Camper entwickelt, die Komfort und Qualit\u00e4t sch\u00e4tzen. Mit drei verschiedenen Topfgr\u00f6\u00dfen und einem Glasdeckel hast du f\u00fcr jede Mahlzeit den passenden Topf zur Hand. Warum dieses Kochtopfset? 3 verschiedene Topfgr\u00f6\u00dfen \u2013 Ideal f\u00fcr Suppen, Pasta und viele [&hellip;]\" \/>\n<meta property=\"og:url\" content=\"https:\/\/shop.bantam.ch\/de\/produkt\/topfet-dublin-3-teilig-mit-faltgriffe\/\" \/>\n<meta property=\"og:site_name\" content=\"Bantam Camping AG\" \/>\n<meta property=\"article:modified_time\" content=\"2026-04-18T22:01:12+00:00\" \/>\n<meta property=\"og:image\" content=\"https:\/\/shop.bantam.ch\/wp-content\/uploads\/2026\/03\/76626001-1.jpg\" \/>\n\t<meta property=\"og:image:width\" content=\"800\" \/>\n\t<meta property=\"og:image:height\" content=\"756\" \/>\n\t<meta property=\"og:image:type\" content=\"image\/jpeg\" \/>\n<meta name=\"twitter:card\" content=\"summary_large_image\" \/>\n<meta name=\"twitter:label1\" content=\"Gesch\u00e4tzte Lesezeit\" \/>\n\t<meta name=\"twitter:data1\" content=\"1\u00a0Minute\" \/>\n<script type=\"application\/ld+json\" class=\"yoast-schema-graph\">{\"@context\":\"https:\\\/\\\/schema.org\",\"@graph\":[{\"@type\":\"WebPage\",\"@id\":\"https:\\\/\\\/shop.bantam.ch\\\/de\\\/produkt\\\/topfet-dublin-3-teilig-mit-faltgriffe\\\/\",\"url\":\"https:\\\/\\\/shop.bantam.ch\\\/de\\\/produkt\\\/topfet-dublin-3-teilig-mit-faltgriffe\\\/\",\"name\":\"Topfet Dublin, 3 Teilig, mit Faltgriffe - Bantam Camping AG\",\"isPartOf\":{\"@id\":\"https:\\\/\\\/shop.bantam.ch\\\/de\\\/#website\"},\"primaryImageOfPage\":{\"@id\":\"https:\\\/\\\/shop.bantam.ch\\\/de\\\/produkt\\\/topfet-dublin-3-teilig-mit-faltgriffe\\\/#primaryimage\"},\"image\":{\"@id\":\"https:\\\/\\\/shop.bantam.ch\\\/de\\\/produkt\\\/topfet-dublin-3-teilig-mit-faltgriffe\\\/#primaryimage\"},\"thumbnailUrl\":\"https:\\\/\\\/shop.bantam.ch\\\/wp-content\\\/uploads\\\/2026\\\/03\\\/76626001-1.jpg\",\"datePublished\":\"2026-03-05T08:09:42+00:00\",\"dateModified\":\"2026-04-18T22:01:12+00:00\",\"breadcrumb\":{\"@id\":\"https:\\\/\\\/shop.bantam.ch\\\/de\\\/produkt\\\/topfet-dublin-3-teilig-mit-faltgriffe\\\/#breadcrumb\"},\"inLanguage\":\"de\",\"potentialAction\":[{\"@type\":\"ReadAction\",\"target\":[\"https:\\\/\\\/shop.bantam.ch\\\/de\\\/produkt\\\/topfet-dublin-3-teilig-mit-faltgriffe\\\/\"]}]},{\"@type\":\"ImageObject\",\"inLanguage\":\"de\",\"@id\":\"https:\\\/\\\/shop.bantam.ch\\\/de\\\/produkt\\\/topfet-dublin-3-teilig-mit-faltgriffe\\\/#primaryimage\",\"url\":\"https:\\\/\\\/shop.bantam.ch\\\/wp-content\\\/uploads\\\/2026\\\/03\\\/76626001-1.jpg\",\"contentUrl\":\"https:\\\/\\\/shop.bantam.ch\\\/wp-content\\\/uploads\\\/2026\\\/03\\\/76626001-1.jpg\",\"width\":800,\"height\":756},{\"@type\":\"BreadcrumbList\",\"@id\":\"https:\\\/\\\/shop.bantam.ch\\\/de\\\/produkt\\\/topfet-dublin-3-teilig-mit-faltgriffe\\\/#breadcrumb\",\"itemListElement\":[{\"@type\":\"ListItem\",\"position\":1,\"name\":\"Accueil\",\"item\":\"https:\\\/\\\/shop.bantam.ch\\\/de\\\/\"},{\"@type\":\"ListItem\",\"position\":2,\"name\":\"Shop\",\"item\":\"https:\\\/\\\/shop.bantam.ch\\\/de\\\/shop\\\/\"},{\"@type\":\"ListItem\",\"position\":3,\"name\":\"Topfet Dublin, 3 Teilig, mit Faltgriffe\"}]},{\"@type\":\"WebSite\",\"@id\":\"https:\\\/\\\/shop.bantam.ch\\\/de\\\/#website\",\"url\":\"https:\\\/\\\/shop.bantam.ch\\\/de\\\/\",\"name\":\"Bantam Camping AG\",\"description\":\"\",\"publisher\":{\"@id\":\"https:\\\/\\\/shop.bantam.ch\\\/de\\\/#organization\"},\"inLanguage\":\"de\"},{\"@type\":\"Organization\",\"@id\":\"https:\\\/\\\/shop.bantam.ch\\\/de\\\/#organization\",\"name\":\"Bantam Camping AG\",\"url\":\"https:\\\/\\\/shop.bantam.ch\\\/de\\\/\",\"logo\":{\"@type\":\"ImageObject\",\"inLanguage\":\"de\",\"@id\":\"https:\\\/\\\/shop.bantam.ch\\\/de\\\/#\\\/schema\\\/logo\\\/image\\\/\",\"url\":\"https:\\\/\\\/shop.bantam.ch\\\/wp-content\\\/uploads\\\/2022\\\/12\\\/bantam-logo.png\",\"contentUrl\":\"https:\\\/\\\/shop.bantam.ch\\\/wp-content\\\/uploads\\\/2022\\\/12\\\/bantam-logo.png\",\"width\":320,\"height\":71,\"caption\":\"Bantam Camping AG\"},\"image\":{\"@id\":\"https:\\\/\\\/shop.bantam.ch\\\/de\\\/#\\\/schema\\\/logo\\\/image\\\/\"}}]}<\/script>\n<!-- \/ Yoast SEO plugin. -->","yoast_head_json":{"title":"Topfet Dublin, 3 Teilig, mit Faltgriffe - Bantam Camping AG","robots":{"index":"index","follow":"follow","max-snippet":"max-snippet:-1","max-image-preview":"max-image-preview:large","max-video-preview":"max-video-preview:-1"},"canonical":"https:\/\/shop.bantam.ch\/de\/produkt\/topfet-dublin-3-teilig-mit-faltgriffe\/","og_locale":"de_DE","og_type":"article","og_title":"Topfet Dublin, 3 Teilig, mit Faltgriffe - Bantam Camping AG","og_description":"Praktisches und Platzsparendes Camping-Kochtopfset. Kochen beim Camping war noch nie so einfach! Unser 3-teiliges Camping-Kochtopfset wurde speziell f\u00fcr Camper entwickelt, die Komfort und Qualit\u00e4t sch\u00e4tzen. Mit drei verschiedenen Topfgr\u00f6\u00dfen und einem Glasdeckel hast du f\u00fcr jede Mahlzeit den passenden Topf zur Hand. Warum dieses Kochtopfset? 3 verschiedene Topfgr\u00f6\u00dfen \u2013 Ideal f\u00fcr Suppen, Pasta und viele [&hellip;]","og_url":"https:\/\/shop.bantam.ch\/de\/produkt\/topfet-dublin-3-teilig-mit-faltgriffe\/","og_site_name":"Bantam Camping AG","article_modified_time":"2026-04-18T22:01:12+00:00","og_image":[{"width":800,"height":756,"url":"https:\/\/shop.bantam.ch\/wp-content\/uploads\/2026\/03\/76626001-1.jpg","type":"image\/jpeg"}],"twitter_card":"summary_large_image","twitter_misc":{"Gesch\u00e4tzte Lesezeit":"1\u00a0Minute"},"schema":{"@context":"https:\/\/schema.org","@graph":[{"@type":"WebPage","@id":"https:\/\/shop.bantam.ch\/de\/produkt\/topfet-dublin-3-teilig-mit-faltgriffe\/","url":"https:\/\/shop.bantam.ch\/de\/produkt\/topfet-dublin-3-teilig-mit-faltgriffe\/","name":"Topfet Dublin, 3 Teilig, mit Faltgriffe - Bantam Camping AG","isPartOf":{"@id":"https:\/\/shop.bantam.ch\/de\/#website"},"primaryImageOfPage":{"@id":"https:\/\/shop.bantam.ch\/de\/produkt\/topfet-dublin-3-teilig-mit-faltgriffe\/#primaryimage"},"image":{"@id":"https:\/\/shop.bantam.ch\/de\/produkt\/topfet-dublin-3-teilig-mit-faltgriffe\/#primaryimage"},"thumbnailUrl":"https:\/\/shop.bantam.ch\/wp-content\/uploads\/2026\/03\/76626001-1.jpg","datePublished":"2026-03-05T08:09:42+00:00","dateModified":"2026-04-18T22:01:12+00:00","breadcrumb":{"@id":"https:\/\/shop.bantam.ch\/de\/produkt\/topfet-dublin-3-teilig-mit-faltgriffe\/#breadcrumb"},"inLanguage":"de","potentialAction":[{"@type":"ReadAction","target":["https:\/\/shop.bantam.ch\/de\/produkt\/topfet-dublin-3-teilig-mit-faltgriffe\/"]}]},{"@type":"ImageObject","inLanguage":"de","@id":"https:\/\/shop.bantam.ch\/de\/produkt\/topfet-dublin-3-teilig-mit-faltgriffe\/#primaryimage","url":"https:\/\/shop.bantam.ch\/wp-content\/uploads\/2026\/03\/76626001-1.jpg","contentUrl":"https:\/\/shop.bantam.ch\/wp-content\/uploads\/2026\/03\/76626001-1.jpg","width":800,"height":756},{"@type":"BreadcrumbList","@id":"https:\/\/shop.bantam.ch\/de\/produkt\/topfet-dublin-3-teilig-mit-faltgriffe\/#breadcrumb","itemListElement":[{"@type":"ListItem","position":1,"name":"Accueil","item":"https:\/\/shop.bantam.ch\/de\/"},{"@type":"ListItem","position":2,"name":"Shop","item":"https:\/\/shop.bantam.ch\/de\/shop\/"},{"@type":"ListItem","position":3,"name":"Topfet Dublin, 3 Teilig, mit Faltgriffe"}]},{"@type":"WebSite","@id":"https:\/\/shop.bantam.ch\/de\/#website","url":"https:\/\/shop.bantam.ch\/de\/","name":"Bantam Camping AG","description":"","publisher":{"@id":"https:\/\/shop.bantam.ch\/de\/#organization"},"inLanguage":"de"},{"@type":"Organization","@id":"https:\/\/shop.bantam.ch\/de\/#organization","name":"Bantam Camping AG","url":"https:\/\/shop.bantam.ch\/de\/","logo":{"@type":"ImageObject","inLanguage":"de","@id":"https:\/\/shop.bantam.ch\/de\/#\/schema\/logo\/image\/","url":"https:\/\/shop.bantam.ch\/wp-content\/uploads\/2022\/12\/bantam-logo.png","contentUrl":"https:\/\/shop.bantam.ch\/wp-content\/uploads\/2022\/12\/bantam-logo.png","width":320,"height":71,"caption":"Bantam Camping AG"},"image":{"@id":"https:\/\/shop.bantam.ch\/de\/#\/schema\/logo\/image\/"}}]}},"_links":{"self":[{"href":"https:\/\/shop.bantam.ch\/de\/wp-json\/wp\/v2\/product\/234359","targetHints":{"allow":["GET"]}}],"collection":[{"href":"https:\/\/shop.bantam.ch\/de\/wp-json\/wp\/v2\/product"}],"about":[{"href":"https:\/\/shop.bantam.ch\/de\/wp-json\/wp\/v2\/types\/product"}],"wp:featuredmedia":[{"embeddable":true,"href":"https:\/\/shop.bantam.ch\/de\/wp-json\/wp\/v2\/media\/234353"}],"wp:attachment":[{"href":"https:\/\/shop.bantam.ch\/de\/wp-json\/wp\/v2\/media?parent=234359"}],"wp:term":[{"taxonomy":"product_featured_cat","embeddable":true,"href":"https:\/\/shop.bantam.ch\/de\/wp-json\/wp\/v2\/product_featured_cat?post=234359"},{"taxonomy":"product_brand","embeddable":true,"href":"https:\/\/shop.bantam.ch\/de\/wp-json\/wp\/v2\/product_brand?post=234359"},{"taxonomy":"product_cat","embeddable":true,"href":"https:\/\/shop.bantam.ch\/de\/wp-json\/wp\/v2\/product_cat?post=234359"},{"taxonomy":"product_tag","embeddable":true,"href":"https:\/\/shop.bantam.ch\/de\/wp-json\/wp\/v2\/product_tag?post=234359"}],"curies":[{"name":"wp","href":"https:\/\/api.w.org\/{rel}","templated":true}]}}