{"id":234242,"date":"2026-03-04T09:50:49","date_gmt":"2026-03-04T08:50:49","guid":{"rendered":"https:\/\/shop.bantam.ch\/produit\/1-kochfeld-turbo-pro-ffd-combo-30-mbar\/"},"modified":"2026-04-17T23:57:00","modified_gmt":"2026-04-17T21:57:00","slug":"1-kochfeld-turbo-pro-ffd-combo-30-mbar","status":"publish","type":"product","link":"https:\/\/shop.bantam.ch\/de\/produkt\/1-kochfeld-turbo-pro-ffd-combo-30-mbar\/","title":{"rendered":"1 Kochfeld Turbo PRO FFD Combo 30 mbar"},"content":{"rendered":"<p>Leichter Kocher mit Turbo-Brenner. Hochwertige PRO-Edition. Flammenausfallsicherung (FFD \/ Thermoelement) f\u00fcr erh\u00f6hte Sicherheit. Geh\u00e4use aus Nylon mit Kochfl\u00e4che aus Edelstahl. Automatische Z\u00fcndung. Zwei verschiedene Quick-Release-(QR)-Anschl\u00fcsse, geeignet zum Anschluss aller Arten von Gasschl\u00e4uchen. Inklusive: mit Edelstahl ummantelter Gasschlauch mit Druckregler. Inklusive: Topfhalter, Kochplatte, Kaffeekannenhalter, Windschutz und Deckel. Premium-Transporttasche. 2 Jahre Garantie.<\/p>\n","protected":false},"excerpt":{"rendered":"<p>Leichter Kocher mit Turbo-Brenner. Hochwertige PRO-Edition. Flammenausfallsicherung (FFD \/ Thermoelement) f\u00fcr erh\u00f6hte Sicherheit. Geh\u00e4use aus Nylon mit Kochfl\u00e4che aus Edelstahl. Automatische Z\u00fcndung. Zwei verschiedene Quick-Release-(QR)-Anschl\u00fcsse, geeignet zum Anschluss aller Arten von Gasschl\u00e4uchen. Inklusive: mit Edelstahl ummantelter Gasschlauch mit Druckregler. Inklusive: Topfhalter, Kochplatte, Kaffeekannenhalter, Windschutz und Deckel. Premium-Transporttasche. 2 Jahre Garantie.<\/p>\n","protected":false},"featured_media":234240,"template":"","meta":{"_acf_changed":false},"product_featured_cat":[],"product_brand":[3669],"product_cat":[4280],"product_tag":[],"class_list":{"0":"post-234242","1":"product","2":"type-product","3":"status-publish","4":"has-post-thumbnail","6":"product_brand-cadac-de","7":"product_cat-gasgrills","9":"first","10":"instock","11":"taxable","12":"shipping-taxable","13":"purchasable","14":"product-type-simple"},"acf":[],"yoast_head":"<!-- This site is optimized with the Yoast SEO plugin v27.4 - https:\/\/yoast.com\/product\/yoast-seo-wordpress\/ -->\n<title>1 Kochfeld Turbo PRO FFD Combo 30 mbar - Bantam Camping AG<\/title>\n<meta name=\"robots\" content=\"index, follow, max-snippet:-1, max-image-preview:large, max-video-preview:-1\" \/>\n<link rel=\"canonical\" href=\"https:\/\/shop.bantam.ch\/de\/produkt\/1-kochfeld-turbo-pro-ffd-combo-30-mbar\/\" \/>\n<meta property=\"og:locale\" content=\"de_DE\" \/>\n<meta property=\"og:type\" content=\"article\" \/>\n<meta property=\"og:title\" content=\"1 Kochfeld Turbo PRO FFD Combo 30 mbar - Bantam Camping AG\" \/>\n<meta property=\"og:description\" content=\"Leichter Kocher mit Turbo-Brenner. Hochwertige PRO-Edition. Flammenausfallsicherung (FFD \/ Thermoelement) f\u00fcr erh\u00f6hte Sicherheit. Geh\u00e4use aus Nylon mit Kochfl\u00e4che aus Edelstahl. Automatische Z\u00fcndung. Zwei verschiedene Quick-Release-(QR)-Anschl\u00fcsse, geeignet zum Anschluss aller Arten von Gasschl\u00e4uchen. Inklusive: mit Edelstahl ummantelter Gasschlauch mit Druckregler. Inklusive: Topfhalter, Kochplatte, Kaffeekannenhalter, Windschutz und Deckel. Premium-Transporttasche. 2 Jahre Garantie.\" \/>\n<meta property=\"og:url\" content=\"https:\/\/shop.bantam.ch\/de\/produkt\/1-kochfeld-turbo-pro-ffd-combo-30-mbar\/\" \/>\n<meta property=\"og:site_name\" content=\"Bantam Camping AG\" \/>\n<meta property=\"article:modified_time\" content=\"2026-04-17T21:57:00+00:00\" \/>\n<meta property=\"og:image\" content=\"https:\/\/shop.bantam.ch\/wp-content\/uploads\/2026\/03\/78726002.jpg\" \/>\n\t<meta property=\"og:image:width\" content=\"392\" \/>\n\t<meta property=\"og:image:height\" content=\"492\" \/>\n\t<meta property=\"og:image:type\" content=\"image\/jpeg\" \/>\n<meta name=\"twitter:card\" content=\"summary_large_image\" \/>\n<script type=\"application\/ld+json\" class=\"yoast-schema-graph\">{\"@context\":\"https:\\\/\\\/schema.org\",\"@graph\":[{\"@type\":\"WebPage\",\"@id\":\"https:\\\/\\\/shop.bantam.ch\\\/de\\\/produkt\\\/1-kochfeld-turbo-pro-ffd-combo-30-mbar\\\/\",\"url\":\"https:\\\/\\\/shop.bantam.ch\\\/de\\\/produkt\\\/1-kochfeld-turbo-pro-ffd-combo-30-mbar\\\/\",\"name\":\"1 Kochfeld Turbo PRO FFD Combo 30 mbar - Bantam Camping AG\",\"isPartOf\":{\"@id\":\"https:\\\/\\\/shop.bantam.ch\\\/de\\\/#website\"},\"primaryImageOfPage\":{\"@id\":\"https:\\\/\\\/shop.bantam.ch\\\/de\\\/produkt\\\/1-kochfeld-turbo-pro-ffd-combo-30-mbar\\\/#primaryimage\"},\"image\":{\"@id\":\"https:\\\/\\\/shop.bantam.ch\\\/de\\\/produkt\\\/1-kochfeld-turbo-pro-ffd-combo-30-mbar\\\/#primaryimage\"},\"thumbnailUrl\":\"https:\\\/\\\/shop.bantam.ch\\\/wp-content\\\/uploads\\\/2026\\\/03\\\/78726002.jpg\",\"datePublished\":\"2026-03-04T08:50:49+00:00\",\"dateModified\":\"2026-04-17T21:57:00+00:00\",\"breadcrumb\":{\"@id\":\"https:\\\/\\\/shop.bantam.ch\\\/de\\\/produkt\\\/1-kochfeld-turbo-pro-ffd-combo-30-mbar\\\/#breadcrumb\"},\"inLanguage\":\"de\",\"potentialAction\":[{\"@type\":\"ReadAction\",\"target\":[\"https:\\\/\\\/shop.bantam.ch\\\/de\\\/produkt\\\/1-kochfeld-turbo-pro-ffd-combo-30-mbar\\\/\"]}]},{\"@type\":\"ImageObject\",\"inLanguage\":\"de\",\"@id\":\"https:\\\/\\\/shop.bantam.ch\\\/de\\\/produkt\\\/1-kochfeld-turbo-pro-ffd-combo-30-mbar\\\/#primaryimage\",\"url\":\"https:\\\/\\\/shop.bantam.ch\\\/wp-content\\\/uploads\\\/2026\\\/03\\\/78726002.jpg\",\"contentUrl\":\"https:\\\/\\\/shop.bantam.ch\\\/wp-content\\\/uploads\\\/2026\\\/03\\\/78726002.jpg\",\"width\":392,\"height\":492},{\"@type\":\"BreadcrumbList\",\"@id\":\"https:\\\/\\\/shop.bantam.ch\\\/de\\\/produkt\\\/1-kochfeld-turbo-pro-ffd-combo-30-mbar\\\/#breadcrumb\",\"itemListElement\":[{\"@type\":\"ListItem\",\"position\":1,\"name\":\"Accueil\",\"item\":\"https:\\\/\\\/shop.bantam.ch\\\/de\\\/\"},{\"@type\":\"ListItem\",\"position\":2,\"name\":\"Shop\",\"item\":\"https:\\\/\\\/shop.bantam.ch\\\/de\\\/shop\\\/\"},{\"@type\":\"ListItem\",\"position\":3,\"name\":\"1 Kochfeld Turbo PRO FFD Combo 30 mbar\"}]},{\"@type\":\"WebSite\",\"@id\":\"https:\\\/\\\/shop.bantam.ch\\\/de\\\/#website\",\"url\":\"https:\\\/\\\/shop.bantam.ch\\\/de\\\/\",\"name\":\"Bantam Camping AG\",\"description\":\"\",\"publisher\":{\"@id\":\"https:\\\/\\\/shop.bantam.ch\\\/de\\\/#organization\"},\"inLanguage\":\"de\"},{\"@type\":\"Organization\",\"@id\":\"https:\\\/\\\/shop.bantam.ch\\\/de\\\/#organization\",\"name\":\"Bantam Camping AG\",\"url\":\"https:\\\/\\\/shop.bantam.ch\\\/de\\\/\",\"logo\":{\"@type\":\"ImageObject\",\"inLanguage\":\"de\",\"@id\":\"https:\\\/\\\/shop.bantam.ch\\\/de\\\/#\\\/schema\\\/logo\\\/image\\\/\",\"url\":\"https:\\\/\\\/shop.bantam.ch\\\/wp-content\\\/uploads\\\/2022\\\/12\\\/bantam-logo.png\",\"contentUrl\":\"https:\\\/\\\/shop.bantam.ch\\\/wp-content\\\/uploads\\\/2022\\\/12\\\/bantam-logo.png\",\"width\":320,\"height\":71,\"caption\":\"Bantam Camping AG\"},\"image\":{\"@id\":\"https:\\\/\\\/shop.bantam.ch\\\/de\\\/#\\\/schema\\\/logo\\\/image\\\/\"}}]}<\/script>\n<!-- \/ Yoast SEO plugin. -->","yoast_head_json":{"title":"1 Kochfeld Turbo PRO FFD Combo 30 mbar - Bantam Camping AG","robots":{"index":"index","follow":"follow","max-snippet":"max-snippet:-1","max-image-preview":"max-image-preview:large","max-video-preview":"max-video-preview:-1"},"canonical":"https:\/\/shop.bantam.ch\/de\/produkt\/1-kochfeld-turbo-pro-ffd-combo-30-mbar\/","og_locale":"de_DE","og_type":"article","og_title":"1 Kochfeld Turbo PRO FFD Combo 30 mbar - Bantam Camping AG","og_description":"Leichter Kocher mit Turbo-Brenner. Hochwertige PRO-Edition. Flammenausfallsicherung (FFD \/ Thermoelement) f\u00fcr erh\u00f6hte Sicherheit. Geh\u00e4use aus Nylon mit Kochfl\u00e4che aus Edelstahl. Automatische Z\u00fcndung. Zwei verschiedene Quick-Release-(QR)-Anschl\u00fcsse, geeignet zum Anschluss aller Arten von Gasschl\u00e4uchen. Inklusive: mit Edelstahl ummantelter Gasschlauch mit Druckregler. Inklusive: Topfhalter, Kochplatte, Kaffeekannenhalter, Windschutz und Deckel. Premium-Transporttasche. 2 Jahre Garantie.","og_url":"https:\/\/shop.bantam.ch\/de\/produkt\/1-kochfeld-turbo-pro-ffd-combo-30-mbar\/","og_site_name":"Bantam Camping AG","article_modified_time":"2026-04-17T21:57:00+00:00","og_image":[{"width":392,"height":492,"url":"https:\/\/shop.bantam.ch\/wp-content\/uploads\/2026\/03\/78726002.jpg","type":"image\/jpeg"}],"twitter_card":"summary_large_image","schema":{"@context":"https:\/\/schema.org","@graph":[{"@type":"WebPage","@id":"https:\/\/shop.bantam.ch\/de\/produkt\/1-kochfeld-turbo-pro-ffd-combo-30-mbar\/","url":"https:\/\/shop.bantam.ch\/de\/produkt\/1-kochfeld-turbo-pro-ffd-combo-30-mbar\/","name":"1 Kochfeld Turbo PRO FFD Combo 30 mbar - Bantam Camping AG","isPartOf":{"@id":"https:\/\/shop.bantam.ch\/de\/#website"},"primaryImageOfPage":{"@id":"https:\/\/shop.bantam.ch\/de\/produkt\/1-kochfeld-turbo-pro-ffd-combo-30-mbar\/#primaryimage"},"image":{"@id":"https:\/\/shop.bantam.ch\/de\/produkt\/1-kochfeld-turbo-pro-ffd-combo-30-mbar\/#primaryimage"},"thumbnailUrl":"https:\/\/shop.bantam.ch\/wp-content\/uploads\/2026\/03\/78726002.jpg","datePublished":"2026-03-04T08:50:49+00:00","dateModified":"2026-04-17T21:57:00+00:00","breadcrumb":{"@id":"https:\/\/shop.bantam.ch\/de\/produkt\/1-kochfeld-turbo-pro-ffd-combo-30-mbar\/#breadcrumb"},"inLanguage":"de","potentialAction":[{"@type":"ReadAction","target":["https:\/\/shop.bantam.ch\/de\/produkt\/1-kochfeld-turbo-pro-ffd-combo-30-mbar\/"]}]},{"@type":"ImageObject","inLanguage":"de","@id":"https:\/\/shop.bantam.ch\/de\/produkt\/1-kochfeld-turbo-pro-ffd-combo-30-mbar\/#primaryimage","url":"https:\/\/shop.bantam.ch\/wp-content\/uploads\/2026\/03\/78726002.jpg","contentUrl":"https:\/\/shop.bantam.ch\/wp-content\/uploads\/2026\/03\/78726002.jpg","width":392,"height":492},{"@type":"BreadcrumbList","@id":"https:\/\/shop.bantam.ch\/de\/produkt\/1-kochfeld-turbo-pro-ffd-combo-30-mbar\/#breadcrumb","itemListElement":[{"@type":"ListItem","position":1,"name":"Accueil","item":"https:\/\/shop.bantam.ch\/de\/"},{"@type":"ListItem","position":2,"name":"Shop","item":"https:\/\/shop.bantam.ch\/de\/shop\/"},{"@type":"ListItem","position":3,"name":"1 Kochfeld Turbo PRO FFD Combo 30 mbar"}]},{"@type":"WebSite","@id":"https:\/\/shop.bantam.ch\/de\/#website","url":"https:\/\/shop.bantam.ch\/de\/","name":"Bantam Camping AG","description":"","publisher":{"@id":"https:\/\/shop.bantam.ch\/de\/#organization"},"inLanguage":"de"},{"@type":"Organization","@id":"https:\/\/shop.bantam.ch\/de\/#organization","name":"Bantam Camping AG","url":"https:\/\/shop.bantam.ch\/de\/","logo":{"@type":"ImageObject","inLanguage":"de","@id":"https:\/\/shop.bantam.ch\/de\/#\/schema\/logo\/image\/","url":"https:\/\/shop.bantam.ch\/wp-content\/uploads\/2022\/12\/bantam-logo.png","contentUrl":"https:\/\/shop.bantam.ch\/wp-content\/uploads\/2022\/12\/bantam-logo.png","width":320,"height":71,"caption":"Bantam Camping AG"},"image":{"@id":"https:\/\/shop.bantam.ch\/de\/#\/schema\/logo\/image\/"}}]}},"_links":{"self":[{"href":"https:\/\/shop.bantam.ch\/de\/wp-json\/wp\/v2\/product\/234242","targetHints":{"allow":["GET"]}}],"collection":[{"href":"https:\/\/shop.bantam.ch\/de\/wp-json\/wp\/v2\/product"}],"about":[{"href":"https:\/\/shop.bantam.ch\/de\/wp-json\/wp\/v2\/types\/product"}],"wp:featuredmedia":[{"embeddable":true,"href":"https:\/\/shop.bantam.ch\/de\/wp-json\/wp\/v2\/media\/234240"}],"wp:attachment":[{"href":"https:\/\/shop.bantam.ch\/de\/wp-json\/wp\/v2\/media?parent=234242"}],"wp:term":[{"taxonomy":"product_featured_cat","embeddable":true,"href":"https:\/\/shop.bantam.ch\/de\/wp-json\/wp\/v2\/product_featured_cat?post=234242"},{"taxonomy":"product_brand","embeddable":true,"href":"https:\/\/shop.bantam.ch\/de\/wp-json\/wp\/v2\/product_brand?post=234242"},{"taxonomy":"product_cat","embeddable":true,"href":"https:\/\/shop.bantam.ch\/de\/wp-json\/wp\/v2\/product_cat?post=234242"},{"taxonomy":"product_tag","embeddable":true,"href":"https:\/\/shop.bantam.ch\/de\/wp-json\/wp\/v2\/product_tag?post=234242"}],"curies":[{"name":"wp","href":"https:\/\/api.w.org\/{rel}","templated":true}]}}