{"id":234180,"date":"2026-03-03T14:44:19","date_gmt":"2026-03-03T13:44:19","guid":{"rendered":"https:\/\/shop.bantam.ch\/produit\/lithium-ionen-akku-lifepo4-150-ah-bluetooth\/"},"modified":"2026-04-17T23:56:52","modified_gmt":"2026-04-17T21:56:52","slug":"lithium-ionen-akku-lifepo4-150-ah-bluetooth","status":"publish","type":"product","link":"https:\/\/shop.bantam.ch\/de\/produkt\/lithium-ionen-akku-lifepo4-150-ah-bluetooth\/","title":{"rendered":"Lithium Ionen Akku Lifepo4 150 Ah Bluetooth"},"content":{"rendered":"<p>L\u00e4ngere Lebensdauer: Bietet eine bis zu 20-mal l\u00e4ngere Lebensdauer und eine f\u00fcnfmal l\u00e4ngere Schwimm-\/Kalenderlebensdauer im Vergleich zu Bleiakkus, wodurch Ersatzkosten minimiert und die Gesamtbetriebskosten gesenkt werden. Leichteres Gewicht: Etwa 40\u202f?s Gewichts einer vergleichbaren Bleiakku-Batterie. Ersatz f\u00fcr Bleiakkus. H\u00f6here Leistung: Liefert die doppelte Leistung einer Bleiakku-Batterie, selbst bei hohen Entladeraten, und beh\u00e4lt gleichzeitig eine hohe Energiekapazit\u00e4t. Gr\u00f6\u00dferer Temperaturbereich: -20\u202f\u00b0C bis 60\u202f\u00b0C. \u00dcberlegene Sicherheit: Die Lithium-Eisenphosphat-Technologie eliminiert Explosions- oder Brandrisiken durch starke St\u00f6\u00dfe, \u00dcberladung oder Kurzschluss. Erh\u00f6hte Flexibilit\u00e4t: Modulares Design erm\u00f6glicht den Einsatz von bis zu vier Batterien in Serie und bis zu zehn Batterien parallel. Sicherheitsfunktionen: \u00dcberspannungserkennung. Tiefentladungserkennung. \u00dcberstromerkennung. Temperatur\u00fcberwachung. Kurzschlusserkennung. Balancierfunktion.<\/p>\n","protected":false},"excerpt":{"rendered":"<p>L\u00e4ngere Lebensdauer: Bietet eine bis zu 20-mal l\u00e4ngere Lebensdauer und eine f\u00fcnfmal l\u00e4ngere Schwimm-\/Kalenderlebensdauer im Vergleich zu Bleiakkus, wodurch Ersatzkosten minimiert und die Gesamtbetriebskosten gesenkt werden. Leichteres Gewicht: Etwa 40\u202f?s Gewichts einer vergleichbaren Bleiakku-Batterie. Ersatz f\u00fcr Bleiakkus. H\u00f6here Leistung: Liefert die doppelte Leistung einer Bleiakku-Batterie, selbst bei hohen Entladeraten, und beh\u00e4lt gleichzeitig eine hohe Energiekapazit\u00e4t. [&hellip;]<\/p>\n","protected":false},"featured_media":234174,"template":"","meta":{"_acf_changed":false},"product_featured_cat":[],"product_brand":[3797],"product_cat":[5114],"product_tag":[],"class_list":{"0":"post-234180","1":"product","2":"type-product","3":"status-publish","4":"has-post-thumbnail","6":"product_brand-lifepo4-de","7":"product_cat-lithium-batterien","9":"first","10":"instock","11":"taxable","12":"shipping-taxable","13":"purchasable","14":"product-type-simple"},"acf":[],"yoast_head":"<!-- This site is optimized with the Yoast SEO plugin v27.4 - https:\/\/yoast.com\/product\/yoast-seo-wordpress\/ -->\n<title>Lithium Ionen Akku Lifepo4 150 Ah Bluetooth - Bantam Camping AG<\/title>\n<meta name=\"robots\" content=\"index, follow, max-snippet:-1, max-image-preview:large, max-video-preview:-1\" \/>\n<link rel=\"canonical\" href=\"https:\/\/shop.bantam.ch\/de\/produkt\/lithium-ionen-akku-lifepo4-150-ah-bluetooth\/\" \/>\n<meta property=\"og:locale\" content=\"de_DE\" \/>\n<meta property=\"og:type\" content=\"article\" \/>\n<meta property=\"og:title\" content=\"Lithium Ionen Akku Lifepo4 150 Ah Bluetooth - Bantam Camping AG\" \/>\n<meta property=\"og:description\" content=\"L\u00e4ngere Lebensdauer: Bietet eine bis zu 20-mal l\u00e4ngere Lebensdauer und eine f\u00fcnfmal l\u00e4ngere Schwimm-\/Kalenderlebensdauer im Vergleich zu Bleiakkus, wodurch Ersatzkosten minimiert und die Gesamtbetriebskosten gesenkt werden. Leichteres Gewicht: Etwa 40\u202f?s Gewichts einer vergleichbaren Bleiakku-Batterie. Ersatz f\u00fcr Bleiakkus. H\u00f6here Leistung: Liefert die doppelte Leistung einer Bleiakku-Batterie, selbst bei hohen Entladeraten, und beh\u00e4lt gleichzeitig eine hohe Energiekapazit\u00e4t. [&hellip;]\" \/>\n<meta property=\"og:url\" content=\"https:\/\/shop.bantam.ch\/de\/produkt\/lithium-ionen-akku-lifepo4-150-ah-bluetooth\/\" \/>\n<meta property=\"og:site_name\" content=\"Bantam Camping AG\" \/>\n<meta property=\"article:modified_time\" content=\"2026-04-17T21:56:52+00:00\" \/>\n<meta property=\"og:image\" content=\"https:\/\/shop.bantam.ch\/wp-content\/uploads\/2026\/03\/55701500_1.jpg\" \/>\n\t<meta property=\"og:image:width\" content=\"800\" \/>\n\t<meta property=\"og:image:height\" content=\"718\" \/>\n\t<meta property=\"og:image:type\" content=\"image\/jpeg\" \/>\n<meta name=\"twitter:card\" content=\"summary_large_image\" \/>\n<meta name=\"twitter:label1\" content=\"Gesch\u00e4tzte Lesezeit\" \/>\n\t<meta name=\"twitter:data1\" content=\"1\u00a0Minute\" \/>\n<script type=\"application\/ld+json\" class=\"yoast-schema-graph\">{\"@context\":\"https:\\\/\\\/schema.org\",\"@graph\":[{\"@type\":\"WebPage\",\"@id\":\"https:\\\/\\\/shop.bantam.ch\\\/de\\\/produkt\\\/lithium-ionen-akku-lifepo4-150-ah-bluetooth\\\/\",\"url\":\"https:\\\/\\\/shop.bantam.ch\\\/de\\\/produkt\\\/lithium-ionen-akku-lifepo4-150-ah-bluetooth\\\/\",\"name\":\"Lithium Ionen Akku Lifepo4 150 Ah Bluetooth - Bantam Camping AG\",\"isPartOf\":{\"@id\":\"https:\\\/\\\/shop.bantam.ch\\\/de\\\/#website\"},\"primaryImageOfPage\":{\"@id\":\"https:\\\/\\\/shop.bantam.ch\\\/de\\\/produkt\\\/lithium-ionen-akku-lifepo4-150-ah-bluetooth\\\/#primaryimage\"},\"image\":{\"@id\":\"https:\\\/\\\/shop.bantam.ch\\\/de\\\/produkt\\\/lithium-ionen-akku-lifepo4-150-ah-bluetooth\\\/#primaryimage\"},\"thumbnailUrl\":\"https:\\\/\\\/shop.bantam.ch\\\/wp-content\\\/uploads\\\/2026\\\/03\\\/55701500_1.jpg\",\"datePublished\":\"2026-03-03T13:44:19+00:00\",\"dateModified\":\"2026-04-17T21:56:52+00:00\",\"breadcrumb\":{\"@id\":\"https:\\\/\\\/shop.bantam.ch\\\/de\\\/produkt\\\/lithium-ionen-akku-lifepo4-150-ah-bluetooth\\\/#breadcrumb\"},\"inLanguage\":\"de\",\"potentialAction\":[{\"@type\":\"ReadAction\",\"target\":[\"https:\\\/\\\/shop.bantam.ch\\\/de\\\/produkt\\\/lithium-ionen-akku-lifepo4-150-ah-bluetooth\\\/\"]}]},{\"@type\":\"ImageObject\",\"inLanguage\":\"de\",\"@id\":\"https:\\\/\\\/shop.bantam.ch\\\/de\\\/produkt\\\/lithium-ionen-akku-lifepo4-150-ah-bluetooth\\\/#primaryimage\",\"url\":\"https:\\\/\\\/shop.bantam.ch\\\/wp-content\\\/uploads\\\/2026\\\/03\\\/55701500_1.jpg\",\"contentUrl\":\"https:\\\/\\\/shop.bantam.ch\\\/wp-content\\\/uploads\\\/2026\\\/03\\\/55701500_1.jpg\",\"width\":800,\"height\":718},{\"@type\":\"BreadcrumbList\",\"@id\":\"https:\\\/\\\/shop.bantam.ch\\\/de\\\/produkt\\\/lithium-ionen-akku-lifepo4-150-ah-bluetooth\\\/#breadcrumb\",\"itemListElement\":[{\"@type\":\"ListItem\",\"position\":1,\"name\":\"Accueil\",\"item\":\"https:\\\/\\\/shop.bantam.ch\\\/de\\\/\"},{\"@type\":\"ListItem\",\"position\":2,\"name\":\"Shop\",\"item\":\"https:\\\/\\\/shop.bantam.ch\\\/de\\\/shop\\\/\"},{\"@type\":\"ListItem\",\"position\":3,\"name\":\"Lithium Ionen Akku Lifepo4 150 Ah Bluetooth\"}]},{\"@type\":\"WebSite\",\"@id\":\"https:\\\/\\\/shop.bantam.ch\\\/de\\\/#website\",\"url\":\"https:\\\/\\\/shop.bantam.ch\\\/de\\\/\",\"name\":\"Bantam Camping AG\",\"description\":\"\",\"publisher\":{\"@id\":\"https:\\\/\\\/shop.bantam.ch\\\/de\\\/#organization\"},\"inLanguage\":\"de\"},{\"@type\":\"Organization\",\"@id\":\"https:\\\/\\\/shop.bantam.ch\\\/de\\\/#organization\",\"name\":\"Bantam Camping AG\",\"url\":\"https:\\\/\\\/shop.bantam.ch\\\/de\\\/\",\"logo\":{\"@type\":\"ImageObject\",\"inLanguage\":\"de\",\"@id\":\"https:\\\/\\\/shop.bantam.ch\\\/de\\\/#\\\/schema\\\/logo\\\/image\\\/\",\"url\":\"https:\\\/\\\/shop.bantam.ch\\\/wp-content\\\/uploads\\\/2022\\\/12\\\/bantam-logo.png\",\"contentUrl\":\"https:\\\/\\\/shop.bantam.ch\\\/wp-content\\\/uploads\\\/2022\\\/12\\\/bantam-logo.png\",\"width\":320,\"height\":71,\"caption\":\"Bantam Camping AG\"},\"image\":{\"@id\":\"https:\\\/\\\/shop.bantam.ch\\\/de\\\/#\\\/schema\\\/logo\\\/image\\\/\"}}]}<\/script>\n<!-- \/ Yoast SEO plugin. -->","yoast_head_json":{"title":"Lithium Ionen Akku Lifepo4 150 Ah Bluetooth - Bantam Camping AG","robots":{"index":"index","follow":"follow","max-snippet":"max-snippet:-1","max-image-preview":"max-image-preview:large","max-video-preview":"max-video-preview:-1"},"canonical":"https:\/\/shop.bantam.ch\/de\/produkt\/lithium-ionen-akku-lifepo4-150-ah-bluetooth\/","og_locale":"de_DE","og_type":"article","og_title":"Lithium Ionen Akku Lifepo4 150 Ah Bluetooth - Bantam Camping AG","og_description":"L\u00e4ngere Lebensdauer: Bietet eine bis zu 20-mal l\u00e4ngere Lebensdauer und eine f\u00fcnfmal l\u00e4ngere Schwimm-\/Kalenderlebensdauer im Vergleich zu Bleiakkus, wodurch Ersatzkosten minimiert und die Gesamtbetriebskosten gesenkt werden. Leichteres Gewicht: Etwa 40\u202f?s Gewichts einer vergleichbaren Bleiakku-Batterie. Ersatz f\u00fcr Bleiakkus. H\u00f6here Leistung: Liefert die doppelte Leistung einer Bleiakku-Batterie, selbst bei hohen Entladeraten, und beh\u00e4lt gleichzeitig eine hohe Energiekapazit\u00e4t. [&hellip;]","og_url":"https:\/\/shop.bantam.ch\/de\/produkt\/lithium-ionen-akku-lifepo4-150-ah-bluetooth\/","og_site_name":"Bantam Camping AG","article_modified_time":"2026-04-17T21:56:52+00:00","og_image":[{"width":800,"height":718,"url":"https:\/\/shop.bantam.ch\/wp-content\/uploads\/2026\/03\/55701500_1.jpg","type":"image\/jpeg"}],"twitter_card":"summary_large_image","twitter_misc":{"Gesch\u00e4tzte Lesezeit":"1\u00a0Minute"},"schema":{"@context":"https:\/\/schema.org","@graph":[{"@type":"WebPage","@id":"https:\/\/shop.bantam.ch\/de\/produkt\/lithium-ionen-akku-lifepo4-150-ah-bluetooth\/","url":"https:\/\/shop.bantam.ch\/de\/produkt\/lithium-ionen-akku-lifepo4-150-ah-bluetooth\/","name":"Lithium Ionen Akku Lifepo4 150 Ah Bluetooth - Bantam Camping AG","isPartOf":{"@id":"https:\/\/shop.bantam.ch\/de\/#website"},"primaryImageOfPage":{"@id":"https:\/\/shop.bantam.ch\/de\/produkt\/lithium-ionen-akku-lifepo4-150-ah-bluetooth\/#primaryimage"},"image":{"@id":"https:\/\/shop.bantam.ch\/de\/produkt\/lithium-ionen-akku-lifepo4-150-ah-bluetooth\/#primaryimage"},"thumbnailUrl":"https:\/\/shop.bantam.ch\/wp-content\/uploads\/2026\/03\/55701500_1.jpg","datePublished":"2026-03-03T13:44:19+00:00","dateModified":"2026-04-17T21:56:52+00:00","breadcrumb":{"@id":"https:\/\/shop.bantam.ch\/de\/produkt\/lithium-ionen-akku-lifepo4-150-ah-bluetooth\/#breadcrumb"},"inLanguage":"de","potentialAction":[{"@type":"ReadAction","target":["https:\/\/shop.bantam.ch\/de\/produkt\/lithium-ionen-akku-lifepo4-150-ah-bluetooth\/"]}]},{"@type":"ImageObject","inLanguage":"de","@id":"https:\/\/shop.bantam.ch\/de\/produkt\/lithium-ionen-akku-lifepo4-150-ah-bluetooth\/#primaryimage","url":"https:\/\/shop.bantam.ch\/wp-content\/uploads\/2026\/03\/55701500_1.jpg","contentUrl":"https:\/\/shop.bantam.ch\/wp-content\/uploads\/2026\/03\/55701500_1.jpg","width":800,"height":718},{"@type":"BreadcrumbList","@id":"https:\/\/shop.bantam.ch\/de\/produkt\/lithium-ionen-akku-lifepo4-150-ah-bluetooth\/#breadcrumb","itemListElement":[{"@type":"ListItem","position":1,"name":"Accueil","item":"https:\/\/shop.bantam.ch\/de\/"},{"@type":"ListItem","position":2,"name":"Shop","item":"https:\/\/shop.bantam.ch\/de\/shop\/"},{"@type":"ListItem","position":3,"name":"Lithium Ionen Akku Lifepo4 150 Ah Bluetooth"}]},{"@type":"WebSite","@id":"https:\/\/shop.bantam.ch\/de\/#website","url":"https:\/\/shop.bantam.ch\/de\/","name":"Bantam Camping AG","description":"","publisher":{"@id":"https:\/\/shop.bantam.ch\/de\/#organization"},"inLanguage":"de"},{"@type":"Organization","@id":"https:\/\/shop.bantam.ch\/de\/#organization","name":"Bantam Camping AG","url":"https:\/\/shop.bantam.ch\/de\/","logo":{"@type":"ImageObject","inLanguage":"de","@id":"https:\/\/shop.bantam.ch\/de\/#\/schema\/logo\/image\/","url":"https:\/\/shop.bantam.ch\/wp-content\/uploads\/2022\/12\/bantam-logo.png","contentUrl":"https:\/\/shop.bantam.ch\/wp-content\/uploads\/2022\/12\/bantam-logo.png","width":320,"height":71,"caption":"Bantam Camping AG"},"image":{"@id":"https:\/\/shop.bantam.ch\/de\/#\/schema\/logo\/image\/"}}]}},"_links":{"self":[{"href":"https:\/\/shop.bantam.ch\/de\/wp-json\/wp\/v2\/product\/234180","targetHints":{"allow":["GET"]}}],"collection":[{"href":"https:\/\/shop.bantam.ch\/de\/wp-json\/wp\/v2\/product"}],"about":[{"href":"https:\/\/shop.bantam.ch\/de\/wp-json\/wp\/v2\/types\/product"}],"wp:featuredmedia":[{"embeddable":true,"href":"https:\/\/shop.bantam.ch\/de\/wp-json\/wp\/v2\/media\/234174"}],"wp:attachment":[{"href":"https:\/\/shop.bantam.ch\/de\/wp-json\/wp\/v2\/media?parent=234180"}],"wp:term":[{"taxonomy":"product_featured_cat","embeddable":true,"href":"https:\/\/shop.bantam.ch\/de\/wp-json\/wp\/v2\/product_featured_cat?post=234180"},{"taxonomy":"product_brand","embeddable":true,"href":"https:\/\/shop.bantam.ch\/de\/wp-json\/wp\/v2\/product_brand?post=234180"},{"taxonomy":"product_cat","embeddable":true,"href":"https:\/\/shop.bantam.ch\/de\/wp-json\/wp\/v2\/product_cat?post=234180"},{"taxonomy":"product_tag","embeddable":true,"href":"https:\/\/shop.bantam.ch\/de\/wp-json\/wp\/v2\/product_tag?post=234180"}],"curies":[{"name":"wp","href":"https:\/\/api.w.org\/{rel}","templated":true}]}}