{"id":234148,"date":"2026-03-03T14:28:13","date_gmt":"2026-03-03T13:28:13","guid":{"rendered":"https:\/\/shop.bantam.ch\/produit\/ladegeraet-560-w-kabel-bluetti\/"},"modified":"2026-04-17T23:56:45","modified_gmt":"2026-04-17T21:56:45","slug":"ladegeraet-560-w-kabel-bluetti","status":"publish","type":"product","link":"https:\/\/shop.bantam.ch\/de\/produkt\/ladegeraet-560-w-kabel-bluetti\/","title":{"rendered":"Ladeger\u00e4t 560 W + Kabel Bluetti"},"content":{"rendered":"<p>Umfassende Kompatibilit\u00e4t: Funktioniert mit allen BLUETTI-Powerstations und den meisten Marken auf dem Markt. Schnellladung: Liefert eine maximale Leistung von 560\u202fW \u2013 6-mal schneller als herk\u00f6mmliche Auto-Zigarettenanz\u00fcnder-Ladeger\u00e4te. Verbessertes K\u00fchlmanagement: Aktive L\u00fcfterk\u00fchlung f\u00fcr optimale Leistung und l\u00e4ngere Lebensdauer. Sicherheitsfunktionen: Sch\u00fctzt die Fahrzeugbatterie und die Powerstation vor Kurzschl\u00fcssen, Verpolung, Unterspannung, \u00dcberhitzung u.\u202fv.\u202fm. Intelligenter Schutz: Automatische Ein-\/Ausschaltfunktionen verhindern das Entladen der Fahrzeugbatterie. App-Steuerung: Erm\u00f6glicht die Anpassung der Ausgangsspannung und die Echtzeit\u00fcberwachung des Batteriezustands des Fahrzeugs. Einfache Installation: Schnelle Verbindung und Konfiguration in wenigen Schritten. Sorgenfreiheit: 2 Jahre Garantie f\u00fcr zuverl\u00e4ssige Leistung.<\/p>\n","protected":false},"excerpt":{"rendered":"<p>Umfassende Kompatibilit\u00e4t: Funktioniert mit allen BLUETTI-Powerstations und den meisten Marken auf dem Markt. Schnellladung: Liefert eine maximale Leistung von 560\u202fW \u2013 6-mal schneller als herk\u00f6mmliche Auto-Zigarettenanz\u00fcnder-Ladeger\u00e4te. Verbessertes K\u00fchlmanagement: Aktive L\u00fcfterk\u00fchlung f\u00fcr optimale Leistung und l\u00e4ngere Lebensdauer. Sicherheitsfunktionen: Sch\u00fctzt die Fahrzeugbatterie und die Powerstation vor Kurzschl\u00fcssen, Verpolung, Unterspannung, \u00dcberhitzung u.\u202fv.\u202fm. Intelligenter Schutz: Automatische Ein-\/Ausschaltfunktionen verhindern das [&hellip;]<\/p>\n","protected":false},"featured_media":234146,"template":"","meta":{"_acf_changed":false},"product_featured_cat":[],"product_brand":[5366],"product_cat":[4912],"product_tag":[],"class_list":{"0":"post-234148","1":"product","2":"type-product","3":"status-publish","4":"has-post-thumbnail","6":"product_brand-bluetti-de","7":"product_cat-ladegeraete","9":"first","10":"instock","11":"taxable","12":"shipping-taxable","13":"purchasable","14":"product-type-simple"},"acf":[],"yoast_head":"<!-- This site is optimized with the Yoast SEO plugin v27.4 - https:\/\/yoast.com\/product\/yoast-seo-wordpress\/ -->\n<title>Ladeger\u00e4t 560 W + Kabel Bluetti - Bantam Camping AG<\/title>\n<meta name=\"robots\" content=\"index, follow, max-snippet:-1, max-image-preview:large, max-video-preview:-1\" \/>\n<link rel=\"canonical\" href=\"https:\/\/shop.bantam.ch\/de\/produkt\/ladegeraet-560-w-kabel-bluetti\/\" \/>\n<meta property=\"og:locale\" content=\"de_DE\" \/>\n<meta property=\"og:type\" content=\"article\" \/>\n<meta property=\"og:title\" content=\"Ladeger\u00e4t 560 W + Kabel Bluetti - Bantam Camping AG\" \/>\n<meta property=\"og:description\" content=\"Umfassende Kompatibilit\u00e4t: Funktioniert mit allen BLUETTI-Powerstations und den meisten Marken auf dem Markt. Schnellladung: Liefert eine maximale Leistung von 560\u202fW \u2013 6-mal schneller als herk\u00f6mmliche Auto-Zigarettenanz\u00fcnder-Ladeger\u00e4te. Verbessertes K\u00fchlmanagement: Aktive L\u00fcfterk\u00fchlung f\u00fcr optimale Leistung und l\u00e4ngere Lebensdauer. Sicherheitsfunktionen: Sch\u00fctzt die Fahrzeugbatterie und die Powerstation vor Kurzschl\u00fcssen, Verpolung, Unterspannung, \u00dcberhitzung u.\u202fv.\u202fm. Intelligenter Schutz: Automatische Ein-\/Ausschaltfunktionen verhindern das [&hellip;]\" \/>\n<meta property=\"og:url\" content=\"https:\/\/shop.bantam.ch\/de\/produkt\/ladegeraet-560-w-kabel-bluetti\/\" \/>\n<meta property=\"og:site_name\" content=\"Bantam Camping AG\" \/>\n<meta property=\"article:modified_time\" content=\"2026-04-17T21:56:45+00:00\" \/>\n<meta property=\"og:image\" content=\"https:\/\/shop.bantam.ch\/wp-content\/uploads\/2026\/03\/55611124_1.jpg\" \/>\n\t<meta property=\"og:image:width\" content=\"800\" \/>\n\t<meta property=\"og:image:height\" content=\"800\" \/>\n\t<meta property=\"og:image:type\" content=\"image\/jpeg\" \/>\n<meta name=\"twitter:card\" content=\"summary_large_image\" \/>\n<meta name=\"twitter:label1\" content=\"Gesch\u00e4tzte Lesezeit\" \/>\n\t<meta name=\"twitter:data1\" content=\"1\u00a0Minute\" \/>\n<script type=\"application\/ld+json\" class=\"yoast-schema-graph\">{\"@context\":\"https:\\\/\\\/schema.org\",\"@graph\":[{\"@type\":\"WebPage\",\"@id\":\"https:\\\/\\\/shop.bantam.ch\\\/de\\\/produkt\\\/ladegeraet-560-w-kabel-bluetti\\\/\",\"url\":\"https:\\\/\\\/shop.bantam.ch\\\/de\\\/produkt\\\/ladegeraet-560-w-kabel-bluetti\\\/\",\"name\":\"Ladeger\u00e4t 560 W + Kabel Bluetti - Bantam Camping AG\",\"isPartOf\":{\"@id\":\"https:\\\/\\\/shop.bantam.ch\\\/de\\\/#website\"},\"primaryImageOfPage\":{\"@id\":\"https:\\\/\\\/shop.bantam.ch\\\/de\\\/produkt\\\/ladegeraet-560-w-kabel-bluetti\\\/#primaryimage\"},\"image\":{\"@id\":\"https:\\\/\\\/shop.bantam.ch\\\/de\\\/produkt\\\/ladegeraet-560-w-kabel-bluetti\\\/#primaryimage\"},\"thumbnailUrl\":\"https:\\\/\\\/shop.bantam.ch\\\/wp-content\\\/uploads\\\/2026\\\/03\\\/55611124_1.jpg\",\"datePublished\":\"2026-03-03T13:28:13+00:00\",\"dateModified\":\"2026-04-17T21:56:45+00:00\",\"breadcrumb\":{\"@id\":\"https:\\\/\\\/shop.bantam.ch\\\/de\\\/produkt\\\/ladegeraet-560-w-kabel-bluetti\\\/#breadcrumb\"},\"inLanguage\":\"de\",\"potentialAction\":[{\"@type\":\"ReadAction\",\"target\":[\"https:\\\/\\\/shop.bantam.ch\\\/de\\\/produkt\\\/ladegeraet-560-w-kabel-bluetti\\\/\"]}]},{\"@type\":\"ImageObject\",\"inLanguage\":\"de\",\"@id\":\"https:\\\/\\\/shop.bantam.ch\\\/de\\\/produkt\\\/ladegeraet-560-w-kabel-bluetti\\\/#primaryimage\",\"url\":\"https:\\\/\\\/shop.bantam.ch\\\/wp-content\\\/uploads\\\/2026\\\/03\\\/55611124_1.jpg\",\"contentUrl\":\"https:\\\/\\\/shop.bantam.ch\\\/wp-content\\\/uploads\\\/2026\\\/03\\\/55611124_1.jpg\",\"width\":800,\"height\":800},{\"@type\":\"BreadcrumbList\",\"@id\":\"https:\\\/\\\/shop.bantam.ch\\\/de\\\/produkt\\\/ladegeraet-560-w-kabel-bluetti\\\/#breadcrumb\",\"itemListElement\":[{\"@type\":\"ListItem\",\"position\":1,\"name\":\"Accueil\",\"item\":\"https:\\\/\\\/shop.bantam.ch\\\/de\\\/\"},{\"@type\":\"ListItem\",\"position\":2,\"name\":\"Shop\",\"item\":\"https:\\\/\\\/shop.bantam.ch\\\/de\\\/shop\\\/\"},{\"@type\":\"ListItem\",\"position\":3,\"name\":\"Ladeger\u00e4t 560 W + Kabel Bluetti\"}]},{\"@type\":\"WebSite\",\"@id\":\"https:\\\/\\\/shop.bantam.ch\\\/de\\\/#website\",\"url\":\"https:\\\/\\\/shop.bantam.ch\\\/de\\\/\",\"name\":\"Bantam Camping AG\",\"description\":\"\",\"publisher\":{\"@id\":\"https:\\\/\\\/shop.bantam.ch\\\/de\\\/#organization\"},\"inLanguage\":\"de\"},{\"@type\":\"Organization\",\"@id\":\"https:\\\/\\\/shop.bantam.ch\\\/de\\\/#organization\",\"name\":\"Bantam Camping AG\",\"url\":\"https:\\\/\\\/shop.bantam.ch\\\/de\\\/\",\"logo\":{\"@type\":\"ImageObject\",\"inLanguage\":\"de\",\"@id\":\"https:\\\/\\\/shop.bantam.ch\\\/de\\\/#\\\/schema\\\/logo\\\/image\\\/\",\"url\":\"https:\\\/\\\/shop.bantam.ch\\\/wp-content\\\/uploads\\\/2022\\\/12\\\/bantam-logo.png\",\"contentUrl\":\"https:\\\/\\\/shop.bantam.ch\\\/wp-content\\\/uploads\\\/2022\\\/12\\\/bantam-logo.png\",\"width\":320,\"height\":71,\"caption\":\"Bantam Camping AG\"},\"image\":{\"@id\":\"https:\\\/\\\/shop.bantam.ch\\\/de\\\/#\\\/schema\\\/logo\\\/image\\\/\"}}]}<\/script>\n<!-- \/ Yoast SEO plugin. -->","yoast_head_json":{"title":"Ladeger\u00e4t 560 W + Kabel Bluetti - Bantam Camping AG","robots":{"index":"index","follow":"follow","max-snippet":"max-snippet:-1","max-image-preview":"max-image-preview:large","max-video-preview":"max-video-preview:-1"},"canonical":"https:\/\/shop.bantam.ch\/de\/produkt\/ladegeraet-560-w-kabel-bluetti\/","og_locale":"de_DE","og_type":"article","og_title":"Ladeger\u00e4t 560 W + Kabel Bluetti - Bantam Camping AG","og_description":"Umfassende Kompatibilit\u00e4t: Funktioniert mit allen BLUETTI-Powerstations und den meisten Marken auf dem Markt. Schnellladung: Liefert eine maximale Leistung von 560\u202fW \u2013 6-mal schneller als herk\u00f6mmliche Auto-Zigarettenanz\u00fcnder-Ladeger\u00e4te. Verbessertes K\u00fchlmanagement: Aktive L\u00fcfterk\u00fchlung f\u00fcr optimale Leistung und l\u00e4ngere Lebensdauer. Sicherheitsfunktionen: Sch\u00fctzt die Fahrzeugbatterie und die Powerstation vor Kurzschl\u00fcssen, Verpolung, Unterspannung, \u00dcberhitzung u.\u202fv.\u202fm. Intelligenter Schutz: Automatische Ein-\/Ausschaltfunktionen verhindern das [&hellip;]","og_url":"https:\/\/shop.bantam.ch\/de\/produkt\/ladegeraet-560-w-kabel-bluetti\/","og_site_name":"Bantam Camping AG","article_modified_time":"2026-04-17T21:56:45+00:00","og_image":[{"width":800,"height":800,"url":"https:\/\/shop.bantam.ch\/wp-content\/uploads\/2026\/03\/55611124_1.jpg","type":"image\/jpeg"}],"twitter_card":"summary_large_image","twitter_misc":{"Gesch\u00e4tzte Lesezeit":"1\u00a0Minute"},"schema":{"@context":"https:\/\/schema.org","@graph":[{"@type":"WebPage","@id":"https:\/\/shop.bantam.ch\/de\/produkt\/ladegeraet-560-w-kabel-bluetti\/","url":"https:\/\/shop.bantam.ch\/de\/produkt\/ladegeraet-560-w-kabel-bluetti\/","name":"Ladeger\u00e4t 560 W + Kabel Bluetti - Bantam Camping AG","isPartOf":{"@id":"https:\/\/shop.bantam.ch\/de\/#website"},"primaryImageOfPage":{"@id":"https:\/\/shop.bantam.ch\/de\/produkt\/ladegeraet-560-w-kabel-bluetti\/#primaryimage"},"image":{"@id":"https:\/\/shop.bantam.ch\/de\/produkt\/ladegeraet-560-w-kabel-bluetti\/#primaryimage"},"thumbnailUrl":"https:\/\/shop.bantam.ch\/wp-content\/uploads\/2026\/03\/55611124_1.jpg","datePublished":"2026-03-03T13:28:13+00:00","dateModified":"2026-04-17T21:56:45+00:00","breadcrumb":{"@id":"https:\/\/shop.bantam.ch\/de\/produkt\/ladegeraet-560-w-kabel-bluetti\/#breadcrumb"},"inLanguage":"de","potentialAction":[{"@type":"ReadAction","target":["https:\/\/shop.bantam.ch\/de\/produkt\/ladegeraet-560-w-kabel-bluetti\/"]}]},{"@type":"ImageObject","inLanguage":"de","@id":"https:\/\/shop.bantam.ch\/de\/produkt\/ladegeraet-560-w-kabel-bluetti\/#primaryimage","url":"https:\/\/shop.bantam.ch\/wp-content\/uploads\/2026\/03\/55611124_1.jpg","contentUrl":"https:\/\/shop.bantam.ch\/wp-content\/uploads\/2026\/03\/55611124_1.jpg","width":800,"height":800},{"@type":"BreadcrumbList","@id":"https:\/\/shop.bantam.ch\/de\/produkt\/ladegeraet-560-w-kabel-bluetti\/#breadcrumb","itemListElement":[{"@type":"ListItem","position":1,"name":"Accueil","item":"https:\/\/shop.bantam.ch\/de\/"},{"@type":"ListItem","position":2,"name":"Shop","item":"https:\/\/shop.bantam.ch\/de\/shop\/"},{"@type":"ListItem","position":3,"name":"Ladeger\u00e4t 560 W + Kabel Bluetti"}]},{"@type":"WebSite","@id":"https:\/\/shop.bantam.ch\/de\/#website","url":"https:\/\/shop.bantam.ch\/de\/","name":"Bantam Camping AG","description":"","publisher":{"@id":"https:\/\/shop.bantam.ch\/de\/#organization"},"inLanguage":"de"},{"@type":"Organization","@id":"https:\/\/shop.bantam.ch\/de\/#organization","name":"Bantam Camping AG","url":"https:\/\/shop.bantam.ch\/de\/","logo":{"@type":"ImageObject","inLanguage":"de","@id":"https:\/\/shop.bantam.ch\/de\/#\/schema\/logo\/image\/","url":"https:\/\/shop.bantam.ch\/wp-content\/uploads\/2022\/12\/bantam-logo.png","contentUrl":"https:\/\/shop.bantam.ch\/wp-content\/uploads\/2022\/12\/bantam-logo.png","width":320,"height":71,"caption":"Bantam Camping AG"},"image":{"@id":"https:\/\/shop.bantam.ch\/de\/#\/schema\/logo\/image\/"}}]}},"_links":{"self":[{"href":"https:\/\/shop.bantam.ch\/de\/wp-json\/wp\/v2\/product\/234148","targetHints":{"allow":["GET"]}}],"collection":[{"href":"https:\/\/shop.bantam.ch\/de\/wp-json\/wp\/v2\/product"}],"about":[{"href":"https:\/\/shop.bantam.ch\/de\/wp-json\/wp\/v2\/types\/product"}],"wp:featuredmedia":[{"embeddable":true,"href":"https:\/\/shop.bantam.ch\/de\/wp-json\/wp\/v2\/media\/234146"}],"wp:attachment":[{"href":"https:\/\/shop.bantam.ch\/de\/wp-json\/wp\/v2\/media?parent=234148"}],"wp:term":[{"taxonomy":"product_featured_cat","embeddable":true,"href":"https:\/\/shop.bantam.ch\/de\/wp-json\/wp\/v2\/product_featured_cat?post=234148"},{"taxonomy":"product_brand","embeddable":true,"href":"https:\/\/shop.bantam.ch\/de\/wp-json\/wp\/v2\/product_brand?post=234148"},{"taxonomy":"product_cat","embeddable":true,"href":"https:\/\/shop.bantam.ch\/de\/wp-json\/wp\/v2\/product_cat?post=234148"},{"taxonomy":"product_tag","embeddable":true,"href":"https:\/\/shop.bantam.ch\/de\/wp-json\/wp\/v2\/product_tag?post=234148"}],"curies":[{"name":"wp","href":"https:\/\/api.w.org\/{rel}","templated":true}]}}