{"id":234126,"date":"2026-03-03T14:03:24","date_gmt":"2026-03-03T13:03:24","guid":{"rendered":"https:\/\/shop.bantam.ch\/produit\/tragbare-energiestation-premium-240s-ac240p-2400-w-1843-wh-bluetti\/"},"modified":"2026-04-17T23:56:38","modified_gmt":"2026-04-17T21:56:38","slug":"tragbare-energiestation-premium-240s-ac240p-2400-w-1843-wh-bluetti","status":"publish","type":"product","link":"https:\/\/shop.bantam.ch\/de\/produkt\/tragbare-energiestation-premium-240s-ac240p-2400-w-1843-wh-bluetti\/","title":{"rendered":"Tragbare Energiestation Premium 240s Ac240p 2400 W 1843 Wh Bluetti"},"content":{"rendered":"<p>\u00dcber 20 innovative Patente: Das einzigartige Design macht das Ger\u00e4t staub-, wasser- (IP65) und korrosionsbest\u00e4ndig. Somit kann es auch bei schlechtem Wetter sicher betrieben werden. Ideal f\u00fcr Outdoor-Aktivit\u00e4ten wie Camping, Vanlife oder Angeln.<br \/>\nErweiterbare Kapazit\u00e4t: Schlie\u00dfen Sie bis zu 4 B210P-Batterien an, um die Kapazit\u00e4t von 1.843 Wh auf 10.443 Wh zu erh\u00f6hen.<br \/>\nGeeignete Ger\u00e4te: Der AC240P kann Ger\u00e4te mit einer Leistung von bis zu 2.400 W versorgen. Im \u201ePower-Lifting\u201c-Modus k\u00f6nnen auch Widerstandsger\u00e4te bis zu 3.600 W betrieben werden, z.\u202fB. Wasserkocher oder Haartrockner. Schnellladung: 0\u201380\u202f% in 45 Minuten bei 2.300 W Netzstrom-Eingang. Auch mit Solarpanels aufladbar, maximal 1.200 W. UPS in 15 ms: Dank der UPS-Funktion versorgt der AC240P Ger\u00e4te bei Stromausfall automatisch innerhalb von 15 ms. App-Steuerung (Bluetooth &amp; WiFi): Das intelligente Steuerungssystem erm\u00f6glicht die Echtzeit\u00fcberwachung des AC240 aus der Ferne.<\/p>\n","protected":false},"excerpt":{"rendered":"<p>\u00dcber 20 innovative Patente: Das einzigartige Design macht das Ger\u00e4t staub-, wasser- (IP65) und korrosionsbest\u00e4ndig. Somit kann es auch bei schlechtem Wetter sicher betrieben werden. Ideal f\u00fcr Outdoor-Aktivit\u00e4ten wie Camping, Vanlife oder Angeln. Erweiterbare Kapazit\u00e4t: Schlie\u00dfen Sie bis zu 4 B210P-Batterien an, um die Kapazit\u00e4t von 1.843 Wh auf 10.443 Wh zu erh\u00f6hen. Geeignete Ger\u00e4te: [&hellip;]<\/p>\n","protected":false},"featured_media":234124,"template":"","meta":{"_acf_changed":false},"product_featured_cat":[],"product_brand":[5366],"product_cat":[5130],"product_tag":[],"class_list":{"0":"post-234126","1":"product","2":"type-product","3":"status-publish","4":"has-post-thumbnail","6":"product_brand-bluetti-de","7":"product_cat-powerstationen","9":"first","10":"instock","11":"taxable","12":"shipping-taxable","13":"purchasable","14":"product-type-simple"},"acf":[],"yoast_head":"<!-- This site is optimized with the Yoast SEO plugin v27.4 - https:\/\/yoast.com\/product\/yoast-seo-wordpress\/ -->\n<title>Tragbare Energiestation Premium 240s Ac240p 2400 W 1843 Wh Bluetti - Bantam Camping AG<\/title>\n<meta name=\"robots\" content=\"index, follow, max-snippet:-1, max-image-preview:large, max-video-preview:-1\" \/>\n<link rel=\"canonical\" href=\"https:\/\/shop.bantam.ch\/de\/produkt\/tragbare-energiestation-premium-240s-ac240p-2400-w-1843-wh-bluetti\/\" \/>\n<meta property=\"og:locale\" content=\"de_DE\" \/>\n<meta property=\"og:type\" content=\"article\" \/>\n<meta property=\"og:title\" content=\"Tragbare Energiestation Premium 240s Ac240p 2400 W 1843 Wh Bluetti - Bantam Camping AG\" \/>\n<meta property=\"og:description\" content=\"\u00dcber 20 innovative Patente: Das einzigartige Design macht das Ger\u00e4t staub-, wasser- (IP65) und korrosionsbest\u00e4ndig. Somit kann es auch bei schlechtem Wetter sicher betrieben werden. Ideal f\u00fcr Outdoor-Aktivit\u00e4ten wie Camping, Vanlife oder Angeln. Erweiterbare Kapazit\u00e4t: Schlie\u00dfen Sie bis zu 4 B210P-Batterien an, um die Kapazit\u00e4t von 1.843 Wh auf 10.443 Wh zu erh\u00f6hen. Geeignete Ger\u00e4te: [&hellip;]\" \/>\n<meta property=\"og:url\" content=\"https:\/\/shop.bantam.ch\/de\/produkt\/tragbare-energiestation-premium-240s-ac240p-2400-w-1843-wh-bluetti\/\" \/>\n<meta property=\"og:site_name\" content=\"Bantam Camping AG\" \/>\n<meta property=\"article:modified_time\" content=\"2026-04-17T21:56:38+00:00\" \/>\n<meta property=\"og:image\" content=\"https:\/\/shop.bantam.ch\/wp-content\/uploads\/2026\/03\/55611120_1.jpg\" \/>\n\t<meta property=\"og:image:width\" content=\"758\" \/>\n\t<meta property=\"og:image:height\" content=\"742\" \/>\n\t<meta property=\"og:image:type\" content=\"image\/jpeg\" \/>\n<meta name=\"twitter:card\" content=\"summary_large_image\" \/>\n<meta name=\"twitter:label1\" content=\"Gesch\u00e4tzte Lesezeit\" \/>\n\t<meta name=\"twitter:data1\" content=\"1\u00a0Minute\" \/>\n<script type=\"application\/ld+json\" class=\"yoast-schema-graph\">{\"@context\":\"https:\\\/\\\/schema.org\",\"@graph\":[{\"@type\":\"WebPage\",\"@id\":\"https:\\\/\\\/shop.bantam.ch\\\/de\\\/produkt\\\/tragbare-energiestation-premium-240s-ac240p-2400-w-1843-wh-bluetti\\\/\",\"url\":\"https:\\\/\\\/shop.bantam.ch\\\/de\\\/produkt\\\/tragbare-energiestation-premium-240s-ac240p-2400-w-1843-wh-bluetti\\\/\",\"name\":\"Tragbare Energiestation Premium 240s Ac240p 2400 W 1843 Wh Bluetti - Bantam Camping AG\",\"isPartOf\":{\"@id\":\"https:\\\/\\\/shop.bantam.ch\\\/de\\\/#website\"},\"primaryImageOfPage\":{\"@id\":\"https:\\\/\\\/shop.bantam.ch\\\/de\\\/produkt\\\/tragbare-energiestation-premium-240s-ac240p-2400-w-1843-wh-bluetti\\\/#primaryimage\"},\"image\":{\"@id\":\"https:\\\/\\\/shop.bantam.ch\\\/de\\\/produkt\\\/tragbare-energiestation-premium-240s-ac240p-2400-w-1843-wh-bluetti\\\/#primaryimage\"},\"thumbnailUrl\":\"https:\\\/\\\/shop.bantam.ch\\\/wp-content\\\/uploads\\\/2026\\\/03\\\/55611120_1.jpg\",\"datePublished\":\"2026-03-03T13:03:24+00:00\",\"dateModified\":\"2026-04-17T21:56:38+00:00\",\"breadcrumb\":{\"@id\":\"https:\\\/\\\/shop.bantam.ch\\\/de\\\/produkt\\\/tragbare-energiestation-premium-240s-ac240p-2400-w-1843-wh-bluetti\\\/#breadcrumb\"},\"inLanguage\":\"de\",\"potentialAction\":[{\"@type\":\"ReadAction\",\"target\":[\"https:\\\/\\\/shop.bantam.ch\\\/de\\\/produkt\\\/tragbare-energiestation-premium-240s-ac240p-2400-w-1843-wh-bluetti\\\/\"]}]},{\"@type\":\"ImageObject\",\"inLanguage\":\"de\",\"@id\":\"https:\\\/\\\/shop.bantam.ch\\\/de\\\/produkt\\\/tragbare-energiestation-premium-240s-ac240p-2400-w-1843-wh-bluetti\\\/#primaryimage\",\"url\":\"https:\\\/\\\/shop.bantam.ch\\\/wp-content\\\/uploads\\\/2026\\\/03\\\/55611120_1.jpg\",\"contentUrl\":\"https:\\\/\\\/shop.bantam.ch\\\/wp-content\\\/uploads\\\/2026\\\/03\\\/55611120_1.jpg\",\"width\":758,\"height\":742},{\"@type\":\"BreadcrumbList\",\"@id\":\"https:\\\/\\\/shop.bantam.ch\\\/de\\\/produkt\\\/tragbare-energiestation-premium-240s-ac240p-2400-w-1843-wh-bluetti\\\/#breadcrumb\",\"itemListElement\":[{\"@type\":\"ListItem\",\"position\":1,\"name\":\"Accueil\",\"item\":\"https:\\\/\\\/shop.bantam.ch\\\/de\\\/\"},{\"@type\":\"ListItem\",\"position\":2,\"name\":\"Shop\",\"item\":\"https:\\\/\\\/shop.bantam.ch\\\/de\\\/shop\\\/\"},{\"@type\":\"ListItem\",\"position\":3,\"name\":\"Tragbare Energiestation Premium 240s Ac240p 2400 W 1843 Wh Bluetti\"}]},{\"@type\":\"WebSite\",\"@id\":\"https:\\\/\\\/shop.bantam.ch\\\/de\\\/#website\",\"url\":\"https:\\\/\\\/shop.bantam.ch\\\/de\\\/\",\"name\":\"Bantam Camping AG\",\"description\":\"\",\"publisher\":{\"@id\":\"https:\\\/\\\/shop.bantam.ch\\\/de\\\/#organization\"},\"inLanguage\":\"de\"},{\"@type\":\"Organization\",\"@id\":\"https:\\\/\\\/shop.bantam.ch\\\/de\\\/#organization\",\"name\":\"Bantam Camping AG\",\"url\":\"https:\\\/\\\/shop.bantam.ch\\\/de\\\/\",\"logo\":{\"@type\":\"ImageObject\",\"inLanguage\":\"de\",\"@id\":\"https:\\\/\\\/shop.bantam.ch\\\/de\\\/#\\\/schema\\\/logo\\\/image\\\/\",\"url\":\"https:\\\/\\\/shop.bantam.ch\\\/wp-content\\\/uploads\\\/2022\\\/12\\\/bantam-logo.png\",\"contentUrl\":\"https:\\\/\\\/shop.bantam.ch\\\/wp-content\\\/uploads\\\/2022\\\/12\\\/bantam-logo.png\",\"width\":320,\"height\":71,\"caption\":\"Bantam Camping AG\"},\"image\":{\"@id\":\"https:\\\/\\\/shop.bantam.ch\\\/de\\\/#\\\/schema\\\/logo\\\/image\\\/\"}}]}<\/script>\n<!-- \/ Yoast SEO plugin. -->","yoast_head_json":{"title":"Tragbare Energiestation Premium 240s Ac240p 2400 W 1843 Wh Bluetti - Bantam Camping AG","robots":{"index":"index","follow":"follow","max-snippet":"max-snippet:-1","max-image-preview":"max-image-preview:large","max-video-preview":"max-video-preview:-1"},"canonical":"https:\/\/shop.bantam.ch\/de\/produkt\/tragbare-energiestation-premium-240s-ac240p-2400-w-1843-wh-bluetti\/","og_locale":"de_DE","og_type":"article","og_title":"Tragbare Energiestation Premium 240s Ac240p 2400 W 1843 Wh Bluetti - Bantam Camping AG","og_description":"\u00dcber 20 innovative Patente: Das einzigartige Design macht das Ger\u00e4t staub-, wasser- (IP65) und korrosionsbest\u00e4ndig. Somit kann es auch bei schlechtem Wetter sicher betrieben werden. Ideal f\u00fcr Outdoor-Aktivit\u00e4ten wie Camping, Vanlife oder Angeln. Erweiterbare Kapazit\u00e4t: Schlie\u00dfen Sie bis zu 4 B210P-Batterien an, um die Kapazit\u00e4t von 1.843 Wh auf 10.443 Wh zu erh\u00f6hen. Geeignete Ger\u00e4te: [&hellip;]","og_url":"https:\/\/shop.bantam.ch\/de\/produkt\/tragbare-energiestation-premium-240s-ac240p-2400-w-1843-wh-bluetti\/","og_site_name":"Bantam Camping AG","article_modified_time":"2026-04-17T21:56:38+00:00","og_image":[{"width":758,"height":742,"url":"https:\/\/shop.bantam.ch\/wp-content\/uploads\/2026\/03\/55611120_1.jpg","type":"image\/jpeg"}],"twitter_card":"summary_large_image","twitter_misc":{"Gesch\u00e4tzte Lesezeit":"1\u00a0Minute"},"schema":{"@context":"https:\/\/schema.org","@graph":[{"@type":"WebPage","@id":"https:\/\/shop.bantam.ch\/de\/produkt\/tragbare-energiestation-premium-240s-ac240p-2400-w-1843-wh-bluetti\/","url":"https:\/\/shop.bantam.ch\/de\/produkt\/tragbare-energiestation-premium-240s-ac240p-2400-w-1843-wh-bluetti\/","name":"Tragbare Energiestation Premium 240s Ac240p 2400 W 1843 Wh Bluetti - Bantam Camping AG","isPartOf":{"@id":"https:\/\/shop.bantam.ch\/de\/#website"},"primaryImageOfPage":{"@id":"https:\/\/shop.bantam.ch\/de\/produkt\/tragbare-energiestation-premium-240s-ac240p-2400-w-1843-wh-bluetti\/#primaryimage"},"image":{"@id":"https:\/\/shop.bantam.ch\/de\/produkt\/tragbare-energiestation-premium-240s-ac240p-2400-w-1843-wh-bluetti\/#primaryimage"},"thumbnailUrl":"https:\/\/shop.bantam.ch\/wp-content\/uploads\/2026\/03\/55611120_1.jpg","datePublished":"2026-03-03T13:03:24+00:00","dateModified":"2026-04-17T21:56:38+00:00","breadcrumb":{"@id":"https:\/\/shop.bantam.ch\/de\/produkt\/tragbare-energiestation-premium-240s-ac240p-2400-w-1843-wh-bluetti\/#breadcrumb"},"inLanguage":"de","potentialAction":[{"@type":"ReadAction","target":["https:\/\/shop.bantam.ch\/de\/produkt\/tragbare-energiestation-premium-240s-ac240p-2400-w-1843-wh-bluetti\/"]}]},{"@type":"ImageObject","inLanguage":"de","@id":"https:\/\/shop.bantam.ch\/de\/produkt\/tragbare-energiestation-premium-240s-ac240p-2400-w-1843-wh-bluetti\/#primaryimage","url":"https:\/\/shop.bantam.ch\/wp-content\/uploads\/2026\/03\/55611120_1.jpg","contentUrl":"https:\/\/shop.bantam.ch\/wp-content\/uploads\/2026\/03\/55611120_1.jpg","width":758,"height":742},{"@type":"BreadcrumbList","@id":"https:\/\/shop.bantam.ch\/de\/produkt\/tragbare-energiestation-premium-240s-ac240p-2400-w-1843-wh-bluetti\/#breadcrumb","itemListElement":[{"@type":"ListItem","position":1,"name":"Accueil","item":"https:\/\/shop.bantam.ch\/de\/"},{"@type":"ListItem","position":2,"name":"Shop","item":"https:\/\/shop.bantam.ch\/de\/shop\/"},{"@type":"ListItem","position":3,"name":"Tragbare Energiestation Premium 240s Ac240p 2400 W 1843 Wh Bluetti"}]},{"@type":"WebSite","@id":"https:\/\/shop.bantam.ch\/de\/#website","url":"https:\/\/shop.bantam.ch\/de\/","name":"Bantam Camping AG","description":"","publisher":{"@id":"https:\/\/shop.bantam.ch\/de\/#organization"},"inLanguage":"de"},{"@type":"Organization","@id":"https:\/\/shop.bantam.ch\/de\/#organization","name":"Bantam Camping AG","url":"https:\/\/shop.bantam.ch\/de\/","logo":{"@type":"ImageObject","inLanguage":"de","@id":"https:\/\/shop.bantam.ch\/de\/#\/schema\/logo\/image\/","url":"https:\/\/shop.bantam.ch\/wp-content\/uploads\/2022\/12\/bantam-logo.png","contentUrl":"https:\/\/shop.bantam.ch\/wp-content\/uploads\/2022\/12\/bantam-logo.png","width":320,"height":71,"caption":"Bantam Camping AG"},"image":{"@id":"https:\/\/shop.bantam.ch\/de\/#\/schema\/logo\/image\/"}}]}},"_links":{"self":[{"href":"https:\/\/shop.bantam.ch\/de\/wp-json\/wp\/v2\/product\/234126","targetHints":{"allow":["GET"]}}],"collection":[{"href":"https:\/\/shop.bantam.ch\/de\/wp-json\/wp\/v2\/product"}],"about":[{"href":"https:\/\/shop.bantam.ch\/de\/wp-json\/wp\/v2\/types\/product"}],"wp:featuredmedia":[{"embeddable":true,"href":"https:\/\/shop.bantam.ch\/de\/wp-json\/wp\/v2\/media\/234124"}],"wp:attachment":[{"href":"https:\/\/shop.bantam.ch\/de\/wp-json\/wp\/v2\/media?parent=234126"}],"wp:term":[{"taxonomy":"product_featured_cat","embeddable":true,"href":"https:\/\/shop.bantam.ch\/de\/wp-json\/wp\/v2\/product_featured_cat?post=234126"},{"taxonomy":"product_brand","embeddable":true,"href":"https:\/\/shop.bantam.ch\/de\/wp-json\/wp\/v2\/product_brand?post=234126"},{"taxonomy":"product_cat","embeddable":true,"href":"https:\/\/shop.bantam.ch\/de\/wp-json\/wp\/v2\/product_cat?post=234126"},{"taxonomy":"product_tag","embeddable":true,"href":"https:\/\/shop.bantam.ch\/de\/wp-json\/wp\/v2\/product_tag?post=234126"}],"curies":[{"name":"wp","href":"https:\/\/api.w.org\/{rel}","templated":true}]}}