{"id":234107,"date":"2026-03-03T11:52:27","date_gmt":"2026-03-03T10:52:27","guid":{"rendered":"https:\/\/shop.bantam.ch\/produit\/tragbare-premium-energiestation-50-ac50p-700-w-504-wh-bluetti\/"},"modified":"2026-04-17T23:56:32","modified_gmt":"2026-04-17T21:56:32","slug":"tragbare-premium-energiestation-50-ac50p-700-w-504-wh-bluetti","status":"publish","type":"product","link":"https:\/\/shop.bantam.ch\/de\/produkt\/tragbare-premium-energiestation-50-ac50p-700-w-504-wh-bluetti\/","title":{"rendered":"Tragbare Premium Energiestation 50 Ac50p 700 W, 504 Wh Bluetti"},"content":{"rendered":"<p>Zuverl\u00e4ssige Batterie: 504 Wh Kapazit\u00e4t f\u00fcr eine verl\u00e4ngerte Laufzeit. Un\u00fcbertroffene Leistung: 700 W Dauerleistung, 1.200 W Spitzenleistung (Power-Lifting). Smart Turbo Charging: 0\u201380 % Kapazit\u00e4t in nur 50 Minuten. Auf Langlebigkeit ausgelegt: Ultra-sichere LiFePO4-Batterie mit \u00fcber 3.000 Ladezyklen. Solarbereit: Durchgangsladung und effiziente Nutzung von Solarenergie.<br \/>\n6 Ladem\u00f6glichkeiten: Flexibel aufladbar \u00fcber Netzstrom, Solar, Auto, Generator, B80-Batterie oder doppelt AC + Solar. Intelligente Steuerung: \u00dcberwachung und Verwaltung per BLUETTI-App. Sorgenfreiheit: Unterst\u00fctzt durch eine 5-j\u00e4hrige Garantie \u2013 branchenf\u00fchrend.<\/p>\n","protected":false},"excerpt":{"rendered":"<p>Zuverl\u00e4ssige Batterie: 504 Wh Kapazit\u00e4t f\u00fcr eine verl\u00e4ngerte Laufzeit. Un\u00fcbertroffene Leistung: 700 W Dauerleistung, 1.200 W Spitzenleistung (Power-Lifting). Smart Turbo Charging: 0\u201380 % Kapazit\u00e4t in nur 50 Minuten. Auf Langlebigkeit ausgelegt: Ultra-sichere LiFePO4-Batterie mit \u00fcber 3.000 Ladezyklen. Solarbereit: Durchgangsladung und effiziente Nutzung von Solarenergie. 6 Ladem\u00f6glichkeiten: Flexibel aufladbar \u00fcber Netzstrom, Solar, Auto, Generator, B80-Batterie oder [&hellip;]<\/p>\n","protected":false},"featured_media":234097,"template":"","meta":{"_acf_changed":false},"product_featured_cat":[],"product_brand":[5366],"product_cat":[5130],"product_tag":[],"class_list":{"0":"post-234107","1":"product","2":"type-product","3":"status-publish","4":"has-post-thumbnail","6":"product_brand-bluetti-de","7":"product_cat-powerstationen","9":"first","10":"instock","11":"taxable","12":"shipping-taxable","13":"purchasable","14":"product-type-simple"},"acf":[],"yoast_head":"<!-- This site is optimized with the Yoast SEO plugin v27.4 - https:\/\/yoast.com\/product\/yoast-seo-wordpress\/ -->\n<title>Tragbare Premium Energiestation 50 Ac50p 700 W, 504 Wh Bluetti - Bantam Camping AG<\/title>\n<meta name=\"robots\" content=\"index, follow, max-snippet:-1, max-image-preview:large, max-video-preview:-1\" \/>\n<link rel=\"canonical\" href=\"https:\/\/shop.bantam.ch\/de\/produkt\/tragbare-premium-energiestation-50-ac50p-700-w-504-wh-bluetti\/\" \/>\n<meta property=\"og:locale\" content=\"de_DE\" \/>\n<meta property=\"og:type\" content=\"article\" \/>\n<meta property=\"og:title\" content=\"Tragbare Premium Energiestation 50 Ac50p 700 W, 504 Wh Bluetti - Bantam Camping AG\" \/>\n<meta property=\"og:description\" content=\"Zuverl\u00e4ssige Batterie: 504 Wh Kapazit\u00e4t f\u00fcr eine verl\u00e4ngerte Laufzeit. Un\u00fcbertroffene Leistung: 700 W Dauerleistung, 1.200 W Spitzenleistung (Power-Lifting). Smart Turbo Charging: 0\u201380 % Kapazit\u00e4t in nur 50 Minuten. Auf Langlebigkeit ausgelegt: Ultra-sichere LiFePO4-Batterie mit \u00fcber 3.000 Ladezyklen. Solarbereit: Durchgangsladung und effiziente Nutzung von Solarenergie. 6 Ladem\u00f6glichkeiten: Flexibel aufladbar \u00fcber Netzstrom, Solar, Auto, Generator, B80-Batterie oder [&hellip;]\" \/>\n<meta property=\"og:url\" content=\"https:\/\/shop.bantam.ch\/de\/produkt\/tragbare-premium-energiestation-50-ac50p-700-w-504-wh-bluetti\/\" \/>\n<meta property=\"og:site_name\" content=\"Bantam Camping AG\" \/>\n<meta property=\"article:modified_time\" content=\"2026-04-17T21:56:32+00:00\" \/>\n<meta property=\"og:image\" content=\"https:\/\/shop.bantam.ch\/wp-content\/uploads\/2026\/03\/55611104_1.jpg\" \/>\n\t<meta property=\"og:image:width\" content=\"800\" \/>\n\t<meta property=\"og:image:height\" content=\"647\" \/>\n\t<meta property=\"og:image:type\" content=\"image\/jpeg\" \/>\n<meta name=\"twitter:card\" content=\"summary_large_image\" \/>\n<script type=\"application\/ld+json\" class=\"yoast-schema-graph\">{\"@context\":\"https:\\\/\\\/schema.org\",\"@graph\":[{\"@type\":\"WebPage\",\"@id\":\"https:\\\/\\\/shop.bantam.ch\\\/de\\\/produkt\\\/tragbare-premium-energiestation-50-ac50p-700-w-504-wh-bluetti\\\/\",\"url\":\"https:\\\/\\\/shop.bantam.ch\\\/de\\\/produkt\\\/tragbare-premium-energiestation-50-ac50p-700-w-504-wh-bluetti\\\/\",\"name\":\"Tragbare Premium Energiestation 50 Ac50p 700 W, 504 Wh Bluetti - Bantam Camping AG\",\"isPartOf\":{\"@id\":\"https:\\\/\\\/shop.bantam.ch\\\/de\\\/#website\"},\"primaryImageOfPage\":{\"@id\":\"https:\\\/\\\/shop.bantam.ch\\\/de\\\/produkt\\\/tragbare-premium-energiestation-50-ac50p-700-w-504-wh-bluetti\\\/#primaryimage\"},\"image\":{\"@id\":\"https:\\\/\\\/shop.bantam.ch\\\/de\\\/produkt\\\/tragbare-premium-energiestation-50-ac50p-700-w-504-wh-bluetti\\\/#primaryimage\"},\"thumbnailUrl\":\"https:\\\/\\\/shop.bantam.ch\\\/wp-content\\\/uploads\\\/2026\\\/03\\\/55611104_1.jpg\",\"datePublished\":\"2026-03-03T10:52:27+00:00\",\"dateModified\":\"2026-04-17T21:56:32+00:00\",\"breadcrumb\":{\"@id\":\"https:\\\/\\\/shop.bantam.ch\\\/de\\\/produkt\\\/tragbare-premium-energiestation-50-ac50p-700-w-504-wh-bluetti\\\/#breadcrumb\"},\"inLanguage\":\"de\",\"potentialAction\":[{\"@type\":\"ReadAction\",\"target\":[\"https:\\\/\\\/shop.bantam.ch\\\/de\\\/produkt\\\/tragbare-premium-energiestation-50-ac50p-700-w-504-wh-bluetti\\\/\"]}]},{\"@type\":\"ImageObject\",\"inLanguage\":\"de\",\"@id\":\"https:\\\/\\\/shop.bantam.ch\\\/de\\\/produkt\\\/tragbare-premium-energiestation-50-ac50p-700-w-504-wh-bluetti\\\/#primaryimage\",\"url\":\"https:\\\/\\\/shop.bantam.ch\\\/wp-content\\\/uploads\\\/2026\\\/03\\\/55611104_1.jpg\",\"contentUrl\":\"https:\\\/\\\/shop.bantam.ch\\\/wp-content\\\/uploads\\\/2026\\\/03\\\/55611104_1.jpg\",\"width\":800,\"height\":647},{\"@type\":\"BreadcrumbList\",\"@id\":\"https:\\\/\\\/shop.bantam.ch\\\/de\\\/produkt\\\/tragbare-premium-energiestation-50-ac50p-700-w-504-wh-bluetti\\\/#breadcrumb\",\"itemListElement\":[{\"@type\":\"ListItem\",\"position\":1,\"name\":\"Accueil\",\"item\":\"https:\\\/\\\/shop.bantam.ch\\\/de\\\/\"},{\"@type\":\"ListItem\",\"position\":2,\"name\":\"Shop\",\"item\":\"https:\\\/\\\/shop.bantam.ch\\\/de\\\/shop\\\/\"},{\"@type\":\"ListItem\",\"position\":3,\"name\":\"Tragbare Premium Energiestation 50 Ac50p 700 W, 504 Wh Bluetti\"}]},{\"@type\":\"WebSite\",\"@id\":\"https:\\\/\\\/shop.bantam.ch\\\/de\\\/#website\",\"url\":\"https:\\\/\\\/shop.bantam.ch\\\/de\\\/\",\"name\":\"Bantam Camping AG\",\"description\":\"\",\"publisher\":{\"@id\":\"https:\\\/\\\/shop.bantam.ch\\\/de\\\/#organization\"},\"inLanguage\":\"de\"},{\"@type\":\"Organization\",\"@id\":\"https:\\\/\\\/shop.bantam.ch\\\/de\\\/#organization\",\"name\":\"Bantam Camping AG\",\"url\":\"https:\\\/\\\/shop.bantam.ch\\\/de\\\/\",\"logo\":{\"@type\":\"ImageObject\",\"inLanguage\":\"de\",\"@id\":\"https:\\\/\\\/shop.bantam.ch\\\/de\\\/#\\\/schema\\\/logo\\\/image\\\/\",\"url\":\"https:\\\/\\\/shop.bantam.ch\\\/wp-content\\\/uploads\\\/2022\\\/12\\\/bantam-logo.png\",\"contentUrl\":\"https:\\\/\\\/shop.bantam.ch\\\/wp-content\\\/uploads\\\/2022\\\/12\\\/bantam-logo.png\",\"width\":320,\"height\":71,\"caption\":\"Bantam Camping AG\"},\"image\":{\"@id\":\"https:\\\/\\\/shop.bantam.ch\\\/de\\\/#\\\/schema\\\/logo\\\/image\\\/\"}}]}<\/script>\n<!-- \/ Yoast SEO plugin. -->","yoast_head_json":{"title":"Tragbare Premium Energiestation 50 Ac50p 700 W, 504 Wh Bluetti - Bantam Camping AG","robots":{"index":"index","follow":"follow","max-snippet":"max-snippet:-1","max-image-preview":"max-image-preview:large","max-video-preview":"max-video-preview:-1"},"canonical":"https:\/\/shop.bantam.ch\/de\/produkt\/tragbare-premium-energiestation-50-ac50p-700-w-504-wh-bluetti\/","og_locale":"de_DE","og_type":"article","og_title":"Tragbare Premium Energiestation 50 Ac50p 700 W, 504 Wh Bluetti - Bantam Camping AG","og_description":"Zuverl\u00e4ssige Batterie: 504 Wh Kapazit\u00e4t f\u00fcr eine verl\u00e4ngerte Laufzeit. Un\u00fcbertroffene Leistung: 700 W Dauerleistung, 1.200 W Spitzenleistung (Power-Lifting). Smart Turbo Charging: 0\u201380 % Kapazit\u00e4t in nur 50 Minuten. Auf Langlebigkeit ausgelegt: Ultra-sichere LiFePO4-Batterie mit \u00fcber 3.000 Ladezyklen. Solarbereit: Durchgangsladung und effiziente Nutzung von Solarenergie. 6 Ladem\u00f6glichkeiten: Flexibel aufladbar \u00fcber Netzstrom, Solar, Auto, Generator, B80-Batterie oder [&hellip;]","og_url":"https:\/\/shop.bantam.ch\/de\/produkt\/tragbare-premium-energiestation-50-ac50p-700-w-504-wh-bluetti\/","og_site_name":"Bantam Camping AG","article_modified_time":"2026-04-17T21:56:32+00:00","og_image":[{"width":800,"height":647,"url":"https:\/\/shop.bantam.ch\/wp-content\/uploads\/2026\/03\/55611104_1.jpg","type":"image\/jpeg"}],"twitter_card":"summary_large_image","schema":{"@context":"https:\/\/schema.org","@graph":[{"@type":"WebPage","@id":"https:\/\/shop.bantam.ch\/de\/produkt\/tragbare-premium-energiestation-50-ac50p-700-w-504-wh-bluetti\/","url":"https:\/\/shop.bantam.ch\/de\/produkt\/tragbare-premium-energiestation-50-ac50p-700-w-504-wh-bluetti\/","name":"Tragbare Premium Energiestation 50 Ac50p 700 W, 504 Wh Bluetti - Bantam Camping AG","isPartOf":{"@id":"https:\/\/shop.bantam.ch\/de\/#website"},"primaryImageOfPage":{"@id":"https:\/\/shop.bantam.ch\/de\/produkt\/tragbare-premium-energiestation-50-ac50p-700-w-504-wh-bluetti\/#primaryimage"},"image":{"@id":"https:\/\/shop.bantam.ch\/de\/produkt\/tragbare-premium-energiestation-50-ac50p-700-w-504-wh-bluetti\/#primaryimage"},"thumbnailUrl":"https:\/\/shop.bantam.ch\/wp-content\/uploads\/2026\/03\/55611104_1.jpg","datePublished":"2026-03-03T10:52:27+00:00","dateModified":"2026-04-17T21:56:32+00:00","breadcrumb":{"@id":"https:\/\/shop.bantam.ch\/de\/produkt\/tragbare-premium-energiestation-50-ac50p-700-w-504-wh-bluetti\/#breadcrumb"},"inLanguage":"de","potentialAction":[{"@type":"ReadAction","target":["https:\/\/shop.bantam.ch\/de\/produkt\/tragbare-premium-energiestation-50-ac50p-700-w-504-wh-bluetti\/"]}]},{"@type":"ImageObject","inLanguage":"de","@id":"https:\/\/shop.bantam.ch\/de\/produkt\/tragbare-premium-energiestation-50-ac50p-700-w-504-wh-bluetti\/#primaryimage","url":"https:\/\/shop.bantam.ch\/wp-content\/uploads\/2026\/03\/55611104_1.jpg","contentUrl":"https:\/\/shop.bantam.ch\/wp-content\/uploads\/2026\/03\/55611104_1.jpg","width":800,"height":647},{"@type":"BreadcrumbList","@id":"https:\/\/shop.bantam.ch\/de\/produkt\/tragbare-premium-energiestation-50-ac50p-700-w-504-wh-bluetti\/#breadcrumb","itemListElement":[{"@type":"ListItem","position":1,"name":"Accueil","item":"https:\/\/shop.bantam.ch\/de\/"},{"@type":"ListItem","position":2,"name":"Shop","item":"https:\/\/shop.bantam.ch\/de\/shop\/"},{"@type":"ListItem","position":3,"name":"Tragbare Premium Energiestation 50 Ac50p 700 W, 504 Wh Bluetti"}]},{"@type":"WebSite","@id":"https:\/\/shop.bantam.ch\/de\/#website","url":"https:\/\/shop.bantam.ch\/de\/","name":"Bantam Camping AG","description":"","publisher":{"@id":"https:\/\/shop.bantam.ch\/de\/#organization"},"inLanguage":"de"},{"@type":"Organization","@id":"https:\/\/shop.bantam.ch\/de\/#organization","name":"Bantam Camping AG","url":"https:\/\/shop.bantam.ch\/de\/","logo":{"@type":"ImageObject","inLanguage":"de","@id":"https:\/\/shop.bantam.ch\/de\/#\/schema\/logo\/image\/","url":"https:\/\/shop.bantam.ch\/wp-content\/uploads\/2022\/12\/bantam-logo.png","contentUrl":"https:\/\/shop.bantam.ch\/wp-content\/uploads\/2022\/12\/bantam-logo.png","width":320,"height":71,"caption":"Bantam Camping AG"},"image":{"@id":"https:\/\/shop.bantam.ch\/de\/#\/schema\/logo\/image\/"}}]}},"_links":{"self":[{"href":"https:\/\/shop.bantam.ch\/de\/wp-json\/wp\/v2\/product\/234107","targetHints":{"allow":["GET"]}}],"collection":[{"href":"https:\/\/shop.bantam.ch\/de\/wp-json\/wp\/v2\/product"}],"about":[{"href":"https:\/\/shop.bantam.ch\/de\/wp-json\/wp\/v2\/types\/product"}],"wp:featuredmedia":[{"embeddable":true,"href":"https:\/\/shop.bantam.ch\/de\/wp-json\/wp\/v2\/media\/234097"}],"wp:attachment":[{"href":"https:\/\/shop.bantam.ch\/de\/wp-json\/wp\/v2\/media?parent=234107"}],"wp:term":[{"taxonomy":"product_featured_cat","embeddable":true,"href":"https:\/\/shop.bantam.ch\/de\/wp-json\/wp\/v2\/product_featured_cat?post=234107"},{"taxonomy":"product_brand","embeddable":true,"href":"https:\/\/shop.bantam.ch\/de\/wp-json\/wp\/v2\/product_brand?post=234107"},{"taxonomy":"product_cat","embeddable":true,"href":"https:\/\/shop.bantam.ch\/de\/wp-json\/wp\/v2\/product_cat?post=234107"},{"taxonomy":"product_tag","embeddable":true,"href":"https:\/\/shop.bantam.ch\/de\/wp-json\/wp\/v2\/product_tag?post=234107"}],"curies":[{"name":"wp","href":"https:\/\/api.w.org\/{rel}","templated":true}]}}