{"id":234013,"date":"2026-02-24T14:32:52","date_gmt":"2026-02-24T13:32:52","guid":{"rendered":"https:\/\/shop.bantam.ch\/produit\/aussenisolierung-fuer-ausstelldach-passend-fuer-vw-t5-t6-t6-1\/"},"modified":"2026-04-19T00:00:15","modified_gmt":"2026-04-18T22:00:15","slug":"aussenisolierung-fuer-ausstelldach-passend-fuer-vw-t5-t6-t6-1","status":"publish","type":"product","link":"https:\/\/shop.bantam.ch\/de\/produkt\/aussenisolierung-fuer-ausstelldach-passend-fuer-vw-t5-t6-t6-1\/","title":{"rendered":"Au\u00dfenisolierung f\u00fcr Ausstelldach passend f\u00fcr VW T5\/T6\/T6.1"},"content":{"rendered":"<p>Die Au\u00dfenisolierung f\u00fcr Aufstelld\u00e4cher isoliert ihr Aufstelldach gegen K\u00e4lte und Zugluft von au\u00dfen. Sie sorgt f\u00fcr ein angenehmes Raumklima und verbessert den Schlafkomfort in der kalten Jahreszeit. Die Isolierung liegt dicht an der Stoffwand des Schlafdachs an und verhindert so, dass unangenehme Eindringen von K\u00e4lte. Einfache Montage und Befestigung: Aufstellen an der Vorderseite des Dachs, dann an beiden Seiten l\u00e4ngsseitig hinter D\u00e4mpfer und Schlafdachscheren durchziehen und im leicht erreichbaren Heckbereich verkletten.\u00a0<\/p>\n<ul>\n<li>Optimale Passform<\/li>\n<li>Isolierend<\/li>\n<li>Angenehmes Raumklima<\/li>\n<li>Schutz vor K\u00e4lte<\/li>\n<li>Klettbefestigung<\/li>\n<li>Einfache Montage<\/li>\n<\/ul>\n","protected":false},"excerpt":{"rendered":"<p>Die Au\u00dfenisolierung f\u00fcr Aufstelld\u00e4cher isoliert ihr Aufstelldach gegen K\u00e4lte und Zugluft von au\u00dfen. Sie sorgt f\u00fcr ein angenehmes Raumklima und verbessert den Schlafkomfort in der kalten Jahreszeit. Die Isolierung liegt dicht an der Stoffwand des Schlafdachs an und verhindert so, dass unangenehme Eindringen von K\u00e4lte. Einfache Montage und Befestigung: Aufstellen an der Vorderseite des Dachs, [&hellip;]<\/p>\n","protected":false},"featured_media":234003,"template":"","meta":{"_acf_changed":false},"product_featured_cat":[],"product_brand":[3041],"product_cat":[4642],"product_tag":[],"class_list":{"0":"post-234013","1":"product","2":"type-product","3":"status-publish","4":"has-post-thumbnail","6":"product_brand-hindermann-de","7":"product_cat-thermomatten-vorhaenge","9":"first","10":"instock","11":"taxable","12":"shipping-taxable","13":"purchasable","14":"product-type-simple"},"acf":[],"yoast_head":"<!-- This site is optimized with the Yoast SEO plugin v27.4 - https:\/\/yoast.com\/product\/yoast-seo-wordpress\/ -->\n<title>Au\u00dfenisolierung f\u00fcr Ausstelldach passend f\u00fcr VW T5\/T6\/T6.1 - Bantam Camping AG<\/title>\n<meta name=\"robots\" content=\"index, follow, max-snippet:-1, max-image-preview:large, max-video-preview:-1\" \/>\n<link rel=\"canonical\" href=\"https:\/\/shop.bantam.ch\/de\/produkt\/aussenisolierung-fuer-ausstelldach-passend-fuer-vw-t5-t6-t6-1\/\" \/>\n<meta property=\"og:locale\" content=\"de_DE\" \/>\n<meta property=\"og:type\" content=\"article\" \/>\n<meta property=\"og:title\" content=\"Au\u00dfenisolierung f\u00fcr Ausstelldach passend f\u00fcr VW T5\/T6\/T6.1 - Bantam Camping AG\" \/>\n<meta property=\"og:description\" content=\"Die Au\u00dfenisolierung f\u00fcr Aufstelld\u00e4cher isoliert ihr Aufstelldach gegen K\u00e4lte und Zugluft von au\u00dfen. Sie sorgt f\u00fcr ein angenehmes Raumklima und verbessert den Schlafkomfort in der kalten Jahreszeit. Die Isolierung liegt dicht an der Stoffwand des Schlafdachs an und verhindert so, dass unangenehme Eindringen von K\u00e4lte. Einfache Montage und Befestigung: Aufstellen an der Vorderseite des Dachs, [&hellip;]\" \/>\n<meta property=\"og:url\" content=\"https:\/\/shop.bantam.ch\/de\/produkt\/aussenisolierung-fuer-ausstelldach-passend-fuer-vw-t5-t6-t6-1\/\" \/>\n<meta property=\"og:site_name\" content=\"Bantam Camping AG\" \/>\n<meta property=\"article:modified_time\" content=\"2026-04-18T22:00:15+00:00\" \/>\n<meta property=\"og:image\" content=\"https:\/\/shop.bantam.ch\/wp-content\/uploads\/2026\/02\/Movera-L-9949626100.jpg\" \/>\n\t<meta property=\"og:image:width\" content=\"640\" \/>\n\t<meta property=\"og:image:height\" content=\"445\" \/>\n\t<meta property=\"og:image:type\" content=\"image\/jpeg\" \/>\n<meta name=\"twitter:card\" content=\"summary_large_image\" \/>\n<script type=\"application\/ld+json\" class=\"yoast-schema-graph\">{\"@context\":\"https:\\\/\\\/schema.org\",\"@graph\":[{\"@type\":\"WebPage\",\"@id\":\"https:\\\/\\\/shop.bantam.ch\\\/de\\\/produkt\\\/aussenisolierung-fuer-ausstelldach-passend-fuer-vw-t5-t6-t6-1\\\/\",\"url\":\"https:\\\/\\\/shop.bantam.ch\\\/de\\\/produkt\\\/aussenisolierung-fuer-ausstelldach-passend-fuer-vw-t5-t6-t6-1\\\/\",\"name\":\"Au\u00dfenisolierung f\u00fcr Ausstelldach passend f\u00fcr VW T5\\\/T6\\\/T6.1 - Bantam Camping AG\",\"isPartOf\":{\"@id\":\"https:\\\/\\\/shop.bantam.ch\\\/de\\\/#website\"},\"primaryImageOfPage\":{\"@id\":\"https:\\\/\\\/shop.bantam.ch\\\/de\\\/produkt\\\/aussenisolierung-fuer-ausstelldach-passend-fuer-vw-t5-t6-t6-1\\\/#primaryimage\"},\"image\":{\"@id\":\"https:\\\/\\\/shop.bantam.ch\\\/de\\\/produkt\\\/aussenisolierung-fuer-ausstelldach-passend-fuer-vw-t5-t6-t6-1\\\/#primaryimage\"},\"thumbnailUrl\":\"https:\\\/\\\/shop.bantam.ch\\\/wp-content\\\/uploads\\\/2026\\\/02\\\/Movera-L-9949626100.jpg\",\"datePublished\":\"2026-02-24T13:32:52+00:00\",\"dateModified\":\"2026-04-18T22:00:15+00:00\",\"breadcrumb\":{\"@id\":\"https:\\\/\\\/shop.bantam.ch\\\/de\\\/produkt\\\/aussenisolierung-fuer-ausstelldach-passend-fuer-vw-t5-t6-t6-1\\\/#breadcrumb\"},\"inLanguage\":\"de\",\"potentialAction\":[{\"@type\":\"ReadAction\",\"target\":[\"https:\\\/\\\/shop.bantam.ch\\\/de\\\/produkt\\\/aussenisolierung-fuer-ausstelldach-passend-fuer-vw-t5-t6-t6-1\\\/\"]}]},{\"@type\":\"ImageObject\",\"inLanguage\":\"de\",\"@id\":\"https:\\\/\\\/shop.bantam.ch\\\/de\\\/produkt\\\/aussenisolierung-fuer-ausstelldach-passend-fuer-vw-t5-t6-t6-1\\\/#primaryimage\",\"url\":\"https:\\\/\\\/shop.bantam.ch\\\/wp-content\\\/uploads\\\/2026\\\/02\\\/Movera-L-9949626100.jpg\",\"contentUrl\":\"https:\\\/\\\/shop.bantam.ch\\\/wp-content\\\/uploads\\\/2026\\\/02\\\/Movera-L-9949626100.jpg\",\"width\":640,\"height\":445},{\"@type\":\"BreadcrumbList\",\"@id\":\"https:\\\/\\\/shop.bantam.ch\\\/de\\\/produkt\\\/aussenisolierung-fuer-ausstelldach-passend-fuer-vw-t5-t6-t6-1\\\/#breadcrumb\",\"itemListElement\":[{\"@type\":\"ListItem\",\"position\":1,\"name\":\"Accueil\",\"item\":\"https:\\\/\\\/shop.bantam.ch\\\/de\\\/\"},{\"@type\":\"ListItem\",\"position\":2,\"name\":\"Shop\",\"item\":\"https:\\\/\\\/shop.bantam.ch\\\/de\\\/shop\\\/\"},{\"@type\":\"ListItem\",\"position\":3,\"name\":\"Au\u00dfenisolierung f\u00fcr Ausstelldach passend f\u00fcr VW T5\\\/T6\\\/T6.1\"}]},{\"@type\":\"WebSite\",\"@id\":\"https:\\\/\\\/shop.bantam.ch\\\/de\\\/#website\",\"url\":\"https:\\\/\\\/shop.bantam.ch\\\/de\\\/\",\"name\":\"Bantam Camping AG\",\"description\":\"\",\"publisher\":{\"@id\":\"https:\\\/\\\/shop.bantam.ch\\\/de\\\/#organization\"},\"inLanguage\":\"de\"},{\"@type\":\"Organization\",\"@id\":\"https:\\\/\\\/shop.bantam.ch\\\/de\\\/#organization\",\"name\":\"Bantam Camping AG\",\"url\":\"https:\\\/\\\/shop.bantam.ch\\\/de\\\/\",\"logo\":{\"@type\":\"ImageObject\",\"inLanguage\":\"de\",\"@id\":\"https:\\\/\\\/shop.bantam.ch\\\/de\\\/#\\\/schema\\\/logo\\\/image\\\/\",\"url\":\"https:\\\/\\\/shop.bantam.ch\\\/wp-content\\\/uploads\\\/2022\\\/12\\\/bantam-logo.png\",\"contentUrl\":\"https:\\\/\\\/shop.bantam.ch\\\/wp-content\\\/uploads\\\/2022\\\/12\\\/bantam-logo.png\",\"width\":320,\"height\":71,\"caption\":\"Bantam Camping AG\"},\"image\":{\"@id\":\"https:\\\/\\\/shop.bantam.ch\\\/de\\\/#\\\/schema\\\/logo\\\/image\\\/\"}}]}<\/script>\n<!-- \/ Yoast SEO plugin. -->","yoast_head_json":{"title":"Au\u00dfenisolierung f\u00fcr Ausstelldach passend f\u00fcr VW T5\/T6\/T6.1 - Bantam Camping AG","robots":{"index":"index","follow":"follow","max-snippet":"max-snippet:-1","max-image-preview":"max-image-preview:large","max-video-preview":"max-video-preview:-1"},"canonical":"https:\/\/shop.bantam.ch\/de\/produkt\/aussenisolierung-fuer-ausstelldach-passend-fuer-vw-t5-t6-t6-1\/","og_locale":"de_DE","og_type":"article","og_title":"Au\u00dfenisolierung f\u00fcr Ausstelldach passend f\u00fcr VW T5\/T6\/T6.1 - Bantam Camping AG","og_description":"Die Au\u00dfenisolierung f\u00fcr Aufstelld\u00e4cher isoliert ihr Aufstelldach gegen K\u00e4lte und Zugluft von au\u00dfen. Sie sorgt f\u00fcr ein angenehmes Raumklima und verbessert den Schlafkomfort in der kalten Jahreszeit. Die Isolierung liegt dicht an der Stoffwand des Schlafdachs an und verhindert so, dass unangenehme Eindringen von K\u00e4lte. Einfache Montage und Befestigung: Aufstellen an der Vorderseite des Dachs, [&hellip;]","og_url":"https:\/\/shop.bantam.ch\/de\/produkt\/aussenisolierung-fuer-ausstelldach-passend-fuer-vw-t5-t6-t6-1\/","og_site_name":"Bantam Camping AG","article_modified_time":"2026-04-18T22:00:15+00:00","og_image":[{"width":640,"height":445,"url":"https:\/\/shop.bantam.ch\/wp-content\/uploads\/2026\/02\/Movera-L-9949626100.jpg","type":"image\/jpeg"}],"twitter_card":"summary_large_image","schema":{"@context":"https:\/\/schema.org","@graph":[{"@type":"WebPage","@id":"https:\/\/shop.bantam.ch\/de\/produkt\/aussenisolierung-fuer-ausstelldach-passend-fuer-vw-t5-t6-t6-1\/","url":"https:\/\/shop.bantam.ch\/de\/produkt\/aussenisolierung-fuer-ausstelldach-passend-fuer-vw-t5-t6-t6-1\/","name":"Au\u00dfenisolierung f\u00fcr Ausstelldach passend f\u00fcr VW T5\/T6\/T6.1 - Bantam Camping AG","isPartOf":{"@id":"https:\/\/shop.bantam.ch\/de\/#website"},"primaryImageOfPage":{"@id":"https:\/\/shop.bantam.ch\/de\/produkt\/aussenisolierung-fuer-ausstelldach-passend-fuer-vw-t5-t6-t6-1\/#primaryimage"},"image":{"@id":"https:\/\/shop.bantam.ch\/de\/produkt\/aussenisolierung-fuer-ausstelldach-passend-fuer-vw-t5-t6-t6-1\/#primaryimage"},"thumbnailUrl":"https:\/\/shop.bantam.ch\/wp-content\/uploads\/2026\/02\/Movera-L-9949626100.jpg","datePublished":"2026-02-24T13:32:52+00:00","dateModified":"2026-04-18T22:00:15+00:00","breadcrumb":{"@id":"https:\/\/shop.bantam.ch\/de\/produkt\/aussenisolierung-fuer-ausstelldach-passend-fuer-vw-t5-t6-t6-1\/#breadcrumb"},"inLanguage":"de","potentialAction":[{"@type":"ReadAction","target":["https:\/\/shop.bantam.ch\/de\/produkt\/aussenisolierung-fuer-ausstelldach-passend-fuer-vw-t5-t6-t6-1\/"]}]},{"@type":"ImageObject","inLanguage":"de","@id":"https:\/\/shop.bantam.ch\/de\/produkt\/aussenisolierung-fuer-ausstelldach-passend-fuer-vw-t5-t6-t6-1\/#primaryimage","url":"https:\/\/shop.bantam.ch\/wp-content\/uploads\/2026\/02\/Movera-L-9949626100.jpg","contentUrl":"https:\/\/shop.bantam.ch\/wp-content\/uploads\/2026\/02\/Movera-L-9949626100.jpg","width":640,"height":445},{"@type":"BreadcrumbList","@id":"https:\/\/shop.bantam.ch\/de\/produkt\/aussenisolierung-fuer-ausstelldach-passend-fuer-vw-t5-t6-t6-1\/#breadcrumb","itemListElement":[{"@type":"ListItem","position":1,"name":"Accueil","item":"https:\/\/shop.bantam.ch\/de\/"},{"@type":"ListItem","position":2,"name":"Shop","item":"https:\/\/shop.bantam.ch\/de\/shop\/"},{"@type":"ListItem","position":3,"name":"Au\u00dfenisolierung f\u00fcr Ausstelldach passend f\u00fcr VW T5\/T6\/T6.1"}]},{"@type":"WebSite","@id":"https:\/\/shop.bantam.ch\/de\/#website","url":"https:\/\/shop.bantam.ch\/de\/","name":"Bantam Camping AG","description":"","publisher":{"@id":"https:\/\/shop.bantam.ch\/de\/#organization"},"inLanguage":"de"},{"@type":"Organization","@id":"https:\/\/shop.bantam.ch\/de\/#organization","name":"Bantam Camping AG","url":"https:\/\/shop.bantam.ch\/de\/","logo":{"@type":"ImageObject","inLanguage":"de","@id":"https:\/\/shop.bantam.ch\/de\/#\/schema\/logo\/image\/","url":"https:\/\/shop.bantam.ch\/wp-content\/uploads\/2022\/12\/bantam-logo.png","contentUrl":"https:\/\/shop.bantam.ch\/wp-content\/uploads\/2022\/12\/bantam-logo.png","width":320,"height":71,"caption":"Bantam Camping AG"},"image":{"@id":"https:\/\/shop.bantam.ch\/de\/#\/schema\/logo\/image\/"}}]}},"_links":{"self":[{"href":"https:\/\/shop.bantam.ch\/de\/wp-json\/wp\/v2\/product\/234013","targetHints":{"allow":["GET"]}}],"collection":[{"href":"https:\/\/shop.bantam.ch\/de\/wp-json\/wp\/v2\/product"}],"about":[{"href":"https:\/\/shop.bantam.ch\/de\/wp-json\/wp\/v2\/types\/product"}],"wp:featuredmedia":[{"embeddable":true,"href":"https:\/\/shop.bantam.ch\/de\/wp-json\/wp\/v2\/media\/234003"}],"wp:attachment":[{"href":"https:\/\/shop.bantam.ch\/de\/wp-json\/wp\/v2\/media?parent=234013"}],"wp:term":[{"taxonomy":"product_featured_cat","embeddable":true,"href":"https:\/\/shop.bantam.ch\/de\/wp-json\/wp\/v2\/product_featured_cat?post=234013"},{"taxonomy":"product_brand","embeddable":true,"href":"https:\/\/shop.bantam.ch\/de\/wp-json\/wp\/v2\/product_brand?post=234013"},{"taxonomy":"product_cat","embeddable":true,"href":"https:\/\/shop.bantam.ch\/de\/wp-json\/wp\/v2\/product_cat?post=234013"},{"taxonomy":"product_tag","embeddable":true,"href":"https:\/\/shop.bantam.ch\/de\/wp-json\/wp\/v2\/product_tag?post=234013"}],"curies":[{"name":"wp","href":"https:\/\/api.w.org\/{rel}","templated":true}]}}