{"id":233869,"date":"2026-02-06T10:04:04","date_gmt":"2026-02-06T09:04:04","guid":{"rendered":"https:\/\/shop.bantam.ch\/produit\/batterien-caratec-ceb\/"},"modified":"2026-04-18T02:55:19","modified_gmt":"2026-04-18T00:55:19","slug":"batterien-caratec-ceb","status":"publish","type":"product","link":"https:\/\/shop.bantam.ch\/de\/produkt\/batterien-caratec-ceb\/","title":{"rendered":"Batterien Caratec CEB"},"content":{"rendered":"<p><!--StartFragment -->Kompakte Lithium-Eisenphosphat-Batterie (LiFePO4) mit Bluetooth-App und integrierter Heizung.<\/p>\n<p>&nbsp;<\/p>\n<p>Vorteile gegen\u00fcber herk\u00f6mmlichen Batterien:<\/p>\n<ul>\n<li>Nur ca. 40 % des Gewichts einer vergleichbaren Bleibatterie<\/li>\n<li>Integriertes Batteriemanagementsystem (BMS<\/li>\n<li>Umfassender Schutz vor Kurzschluss, \u00dcber- und Unterspannung, \u00dcberstrom sowie \u00dcber- und Untertemperatur<\/li>\n<li>Nahezu vollst\u00e4ndige Nutzung der Kapazit\u00e4t ohne Sch\u00e4digung der Batterie<\/li>\n<li>Schnellere Ladung dank hoher Ladestr\u00f6me<\/li>\n<li>Stabile Spannung \u00fcber den gesamten Entladebereich \u2013 ideal f\u00fcr den Einsatz mit Wechselrichtern<\/li>\n<li>Sehr geringe Selbstentladung bei Nichtbenutzung<\/li>\n<li>Wartungsarm<\/li>\n<li>Bluetooth-Modul zur \u00dcberwachung per App auf dem Smartphone<\/li>\n<li>Deutlich l\u00e4ngere Lebensdauer: Nach 3.000 Ladezyklen sind noch ca. 80 % der urspr\u00fcnglichen Kapazit\u00e4t verf\u00fcgbar<\/li>\n<li>Lageunabh\u00e4ngiger Einbau m\u00f6glich<\/li>\n<li>Bis zu 4 Batterien parallel schaltbar<\/li>\n<li>Reihenschaltung nicht m\u00f6glich<\/li>\n<li>In vielen F\u00e4llen kann das vorhandene Ladeger\u00e4t weiterverwendet werden<\/li>\n<li>F\u00fcr Euro-6-Fahrzeuge ist zum Laden \u00fcber die Lichtmaschine ein Ladebooster erforderlich<\/li>\n<li>Integrierte Zellheizung<\/li>\n<\/ul>\n<p>Weitere Merkmale:<\/p>\n<ul>\n<li>Hohe Sendeabfrage des Bluetooth-Moduls (Sendefrequenz 2 Hz im 2,4 GHz-Bereich) f\u00fcr kontinuierliche Statusupdates<\/li>\n<li>Klar definierte Schutzmechanismen im BMS sorgen f\u00fcr hohe Betriebssicherheit<\/li>\n<li>Erweiterter Temperaturbereich durch hochwertige BMS-Komponenten<\/li>\n<li>Einfache Integration in bestehende Fahrzeugelektrik<\/li>\n<li>Die Batterie kann dank \u201eON\/OFF-Raster\u201c spannungsfrei eingebunden werden<\/li>\n<li>DIN-genormtes L5-Geh\u00e4use erm\u00f6glicht einfachen 1:1-Austausch<\/li>\n<li>Fest montierte Bodenleisten f\u00fcr sicheren Halt<\/li>\n<li>Genormte Rundpole f\u00fcr schnelle Montage mit Rundpolklemmen<\/li>\n<\/ul>\n<p>Integriertes Batterie-Management-System (BMS)<\/p>\n<p>Das BMS sch\u00fctzt die Batterie zuverl\u00e4ssig vor Sch\u00e4den durch unsachgem\u00e4\u00dfe Handhabung oder kritische Betriebsbedingungen:<\/p>\n<ul>\n<li>Schutz vor \u00dcberlastung (zu hoher Lade- oder Entladestrom)<\/li>\n<li>Schutz vor \u00dcberspannung und zu hoher Ladespannung<\/li>\n<li>Schutz vor Unterspannung<\/li>\n<li>Schutz vor \u00dcber- und Untertemperatur<\/li>\n<li>Schutz vor Kurzschluss<\/li>\n<li>Automatisches Zellbalancing \u2013 sorgt f\u00fcr gleichm\u00e4\u00dfigen Ladezustand aller Zellen<\/li>\n<\/ul>\n<p><!--EndFragment --><\/p>\n","protected":false},"excerpt":{"rendered":"<p>Kompakte Lithium-Eisenphosphat-Batterie (LiFePO4) mit Bluetooth-App und integrierter Heizung. &nbsp; Vorteile gegen\u00fcber herk\u00f6mmlichen Batterien: Nur ca. 40 % des Gewichts einer vergleichbaren Bleibatterie Integriertes Batteriemanagementsystem (BMS Umfassender Schutz vor Kurzschluss, \u00dcber- und Unterspannung, \u00dcberstrom sowie \u00dcber- und Untertemperatur Nahezu vollst\u00e4ndige Nutzung der Kapazit\u00e4t ohne Sch\u00e4digung der Batterie Schnellere Ladung dank hoher Ladestr\u00f6me Stabile Spannung \u00fcber den [&hellip;]<\/p>\n","protected":false},"featured_media":233865,"template":"","meta":{"_acf_changed":false},"product_featured_cat":[],"product_brand":[],"product_cat":[4188,4904],"product_tag":[],"class_list":{"0":"post-233869","1":"product","2":"type-product","3":"status-publish","4":"has-post-thumbnail","6":"product_cat-batterien","7":"product_cat-bordbatterien","9":"first","10":"instock","11":"taxable","12":"shipping-taxable","13":"purchasable","14":"product-type-variable"},"acf":[],"yoast_head":"<!-- This site is optimized with the Yoast SEO plugin v27.4 - https:\/\/yoast.com\/product\/yoast-seo-wordpress\/ -->\n<title>Batterien Caratec CEB - Bantam Camping AG<\/title>\n<meta name=\"robots\" content=\"index, follow, max-snippet:-1, max-image-preview:large, max-video-preview:-1\" \/>\n<link rel=\"canonical\" href=\"https:\/\/shop.bantam.ch\/de\/produkt\/batterien-caratec-ceb\/\" \/>\n<meta property=\"og:locale\" content=\"de_DE\" \/>\n<meta property=\"og:type\" content=\"article\" \/>\n<meta property=\"og:title\" content=\"Batterien Caratec CEB - Bantam Camping AG\" \/>\n<meta property=\"og:description\" content=\"Kompakte Lithium-Eisenphosphat-Batterie (LiFePO4) mit Bluetooth-App und integrierter Heizung. &nbsp; Vorteile gegen\u00fcber herk\u00f6mmlichen Batterien: Nur ca. 40 % des Gewichts einer vergleichbaren Bleibatterie Integriertes Batteriemanagementsystem (BMS Umfassender Schutz vor Kurzschluss, \u00dcber- und Unterspannung, \u00dcberstrom sowie \u00dcber- und Untertemperatur Nahezu vollst\u00e4ndige Nutzung der Kapazit\u00e4t ohne Sch\u00e4digung der Batterie Schnellere Ladung dank hoher Ladestr\u00f6me Stabile Spannung \u00fcber den [&hellip;]\" \/>\n<meta property=\"og:url\" content=\"https:\/\/shop.bantam.ch\/de\/produkt\/batterien-caratec-ceb\/\" \/>\n<meta property=\"og:site_name\" content=\"Bantam Camping AG\" \/>\n<meta property=\"article:modified_time\" content=\"2026-04-18T00:55:19+00:00\" \/>\n<meta name=\"twitter:card\" content=\"summary_large_image\" \/>\n<meta name=\"twitter:label1\" content=\"Gesch\u00e4tzte Lesezeit\" \/>\n\t<meta name=\"twitter:data1\" content=\"1\u00a0Minute\" \/>\n<script type=\"application\/ld+json\" class=\"yoast-schema-graph\">{\"@context\":\"https:\\\/\\\/schema.org\",\"@graph\":[{\"@type\":\"WebPage\",\"@id\":\"https:\\\/\\\/shop.bantam.ch\\\/de\\\/produkt\\\/batterien-caratec-ceb\\\/\",\"url\":\"https:\\\/\\\/shop.bantam.ch\\\/de\\\/produkt\\\/batterien-caratec-ceb\\\/\",\"name\":\"Batterien Caratec CEB - Bantam Camping AG\",\"isPartOf\":{\"@id\":\"https:\\\/\\\/shop.bantam.ch\\\/de\\\/#website\"},\"primaryImageOfPage\":{\"@id\":\"https:\\\/\\\/shop.bantam.ch\\\/de\\\/produkt\\\/batterien-caratec-ceb\\\/#primaryimage\"},\"image\":{\"@id\":\"https:\\\/\\\/shop.bantam.ch\\\/de\\\/produkt\\\/batterien-caratec-ceb\\\/#primaryimage\"},\"thumbnailUrl\":\"https:\\\/\\\/shop.bantam.ch\\\/wp-content\\\/uploads\\\/2026\\\/02\\\/Movera-L-9964231100.jpg\",\"datePublished\":\"2026-02-06T09:04:04+00:00\",\"dateModified\":\"2026-04-18T00:55:19+00:00\",\"breadcrumb\":{\"@id\":\"https:\\\/\\\/shop.bantam.ch\\\/de\\\/produkt\\\/batterien-caratec-ceb\\\/#breadcrumb\"},\"inLanguage\":\"de\",\"potentialAction\":[{\"@type\":\"ReadAction\",\"target\":[\"https:\\\/\\\/shop.bantam.ch\\\/de\\\/produkt\\\/batterien-caratec-ceb\\\/\"]}]},{\"@type\":\"ImageObject\",\"inLanguage\":\"de\",\"@id\":\"https:\\\/\\\/shop.bantam.ch\\\/de\\\/produkt\\\/batterien-caratec-ceb\\\/#primaryimage\",\"url\":\"https:\\\/\\\/shop.bantam.ch\\\/wp-content\\\/uploads\\\/2026\\\/02\\\/Movera-L-9964231100.jpg\",\"contentUrl\":\"https:\\\/\\\/shop.bantam.ch\\\/wp-content\\\/uploads\\\/2026\\\/02\\\/Movera-L-9964231100.jpg\",\"width\":640,\"height\":427},{\"@type\":\"BreadcrumbList\",\"@id\":\"https:\\\/\\\/shop.bantam.ch\\\/de\\\/produkt\\\/batterien-caratec-ceb\\\/#breadcrumb\",\"itemListElement\":[{\"@type\":\"ListItem\",\"position\":1,\"name\":\"Accueil\",\"item\":\"https:\\\/\\\/shop.bantam.ch\\\/de\\\/\"},{\"@type\":\"ListItem\",\"position\":2,\"name\":\"Shop\",\"item\":\"https:\\\/\\\/shop.bantam.ch\\\/de\\\/shop\\\/\"},{\"@type\":\"ListItem\",\"position\":3,\"name\":\"Batterien Caratec CEB\"}]},{\"@type\":\"WebSite\",\"@id\":\"https:\\\/\\\/shop.bantam.ch\\\/de\\\/#website\",\"url\":\"https:\\\/\\\/shop.bantam.ch\\\/de\\\/\",\"name\":\"Bantam Camping AG\",\"description\":\"\",\"publisher\":{\"@id\":\"https:\\\/\\\/shop.bantam.ch\\\/de\\\/#organization\"},\"inLanguage\":\"de\"},{\"@type\":\"Organization\",\"@id\":\"https:\\\/\\\/shop.bantam.ch\\\/de\\\/#organization\",\"name\":\"Bantam Camping AG\",\"url\":\"https:\\\/\\\/shop.bantam.ch\\\/de\\\/\",\"logo\":{\"@type\":\"ImageObject\",\"inLanguage\":\"de\",\"@id\":\"https:\\\/\\\/shop.bantam.ch\\\/de\\\/#\\\/schema\\\/logo\\\/image\\\/\",\"url\":\"https:\\\/\\\/shop.bantam.ch\\\/wp-content\\\/uploads\\\/2022\\\/12\\\/bantam-logo.png\",\"contentUrl\":\"https:\\\/\\\/shop.bantam.ch\\\/wp-content\\\/uploads\\\/2022\\\/12\\\/bantam-logo.png\",\"width\":320,\"height\":71,\"caption\":\"Bantam Camping AG\"},\"image\":{\"@id\":\"https:\\\/\\\/shop.bantam.ch\\\/de\\\/#\\\/schema\\\/logo\\\/image\\\/\"}}]}<\/script>\n<!-- \/ Yoast SEO plugin. -->","yoast_head_json":{"title":"Batterien Caratec CEB - Bantam Camping AG","robots":{"index":"index","follow":"follow","max-snippet":"max-snippet:-1","max-image-preview":"max-image-preview:large","max-video-preview":"max-video-preview:-1"},"canonical":"https:\/\/shop.bantam.ch\/de\/produkt\/batterien-caratec-ceb\/","og_locale":"de_DE","og_type":"article","og_title":"Batterien Caratec CEB - Bantam Camping AG","og_description":"Kompakte Lithium-Eisenphosphat-Batterie (LiFePO4) mit Bluetooth-App und integrierter Heizung. &nbsp; Vorteile gegen\u00fcber herk\u00f6mmlichen Batterien: Nur ca. 40 % des Gewichts einer vergleichbaren Bleibatterie Integriertes Batteriemanagementsystem (BMS Umfassender Schutz vor Kurzschluss, \u00dcber- und Unterspannung, \u00dcberstrom sowie \u00dcber- und Untertemperatur Nahezu vollst\u00e4ndige Nutzung der Kapazit\u00e4t ohne Sch\u00e4digung der Batterie Schnellere Ladung dank hoher Ladestr\u00f6me Stabile Spannung \u00fcber den [&hellip;]","og_url":"https:\/\/shop.bantam.ch\/de\/produkt\/batterien-caratec-ceb\/","og_site_name":"Bantam Camping AG","article_modified_time":"2026-04-18T00:55:19+00:00","twitter_card":"summary_large_image","twitter_misc":{"Gesch\u00e4tzte Lesezeit":"1\u00a0Minute"},"schema":{"@context":"https:\/\/schema.org","@graph":[{"@type":"WebPage","@id":"https:\/\/shop.bantam.ch\/de\/produkt\/batterien-caratec-ceb\/","url":"https:\/\/shop.bantam.ch\/de\/produkt\/batterien-caratec-ceb\/","name":"Batterien Caratec CEB - Bantam Camping AG","isPartOf":{"@id":"https:\/\/shop.bantam.ch\/de\/#website"},"primaryImageOfPage":{"@id":"https:\/\/shop.bantam.ch\/de\/produkt\/batterien-caratec-ceb\/#primaryimage"},"image":{"@id":"https:\/\/shop.bantam.ch\/de\/produkt\/batterien-caratec-ceb\/#primaryimage"},"thumbnailUrl":"https:\/\/shop.bantam.ch\/wp-content\/uploads\/2026\/02\/Movera-L-9964231100.jpg","datePublished":"2026-02-06T09:04:04+00:00","dateModified":"2026-04-18T00:55:19+00:00","breadcrumb":{"@id":"https:\/\/shop.bantam.ch\/de\/produkt\/batterien-caratec-ceb\/#breadcrumb"},"inLanguage":"de","potentialAction":[{"@type":"ReadAction","target":["https:\/\/shop.bantam.ch\/de\/produkt\/batterien-caratec-ceb\/"]}]},{"@type":"ImageObject","inLanguage":"de","@id":"https:\/\/shop.bantam.ch\/de\/produkt\/batterien-caratec-ceb\/#primaryimage","url":"https:\/\/shop.bantam.ch\/wp-content\/uploads\/2026\/02\/Movera-L-9964231100.jpg","contentUrl":"https:\/\/shop.bantam.ch\/wp-content\/uploads\/2026\/02\/Movera-L-9964231100.jpg","width":640,"height":427},{"@type":"BreadcrumbList","@id":"https:\/\/shop.bantam.ch\/de\/produkt\/batterien-caratec-ceb\/#breadcrumb","itemListElement":[{"@type":"ListItem","position":1,"name":"Accueil","item":"https:\/\/shop.bantam.ch\/de\/"},{"@type":"ListItem","position":2,"name":"Shop","item":"https:\/\/shop.bantam.ch\/de\/shop\/"},{"@type":"ListItem","position":3,"name":"Batterien Caratec CEB"}]},{"@type":"WebSite","@id":"https:\/\/shop.bantam.ch\/de\/#website","url":"https:\/\/shop.bantam.ch\/de\/","name":"Bantam Camping AG","description":"","publisher":{"@id":"https:\/\/shop.bantam.ch\/de\/#organization"},"inLanguage":"de"},{"@type":"Organization","@id":"https:\/\/shop.bantam.ch\/de\/#organization","name":"Bantam Camping AG","url":"https:\/\/shop.bantam.ch\/de\/","logo":{"@type":"ImageObject","inLanguage":"de","@id":"https:\/\/shop.bantam.ch\/de\/#\/schema\/logo\/image\/","url":"https:\/\/shop.bantam.ch\/wp-content\/uploads\/2022\/12\/bantam-logo.png","contentUrl":"https:\/\/shop.bantam.ch\/wp-content\/uploads\/2022\/12\/bantam-logo.png","width":320,"height":71,"caption":"Bantam Camping AG"},"image":{"@id":"https:\/\/shop.bantam.ch\/de\/#\/schema\/logo\/image\/"}}]}},"_links":{"self":[{"href":"https:\/\/shop.bantam.ch\/de\/wp-json\/wp\/v2\/product\/233869","targetHints":{"allow":["GET"]}}],"collection":[{"href":"https:\/\/shop.bantam.ch\/de\/wp-json\/wp\/v2\/product"}],"about":[{"href":"https:\/\/shop.bantam.ch\/de\/wp-json\/wp\/v2\/types\/product"}],"wp:featuredmedia":[{"embeddable":true,"href":"https:\/\/shop.bantam.ch\/de\/wp-json\/wp\/v2\/media\/233865"}],"wp:attachment":[{"href":"https:\/\/shop.bantam.ch\/de\/wp-json\/wp\/v2\/media?parent=233869"}],"wp:term":[{"taxonomy":"product_featured_cat","embeddable":true,"href":"https:\/\/shop.bantam.ch\/de\/wp-json\/wp\/v2\/product_featured_cat?post=233869"},{"taxonomy":"product_brand","embeddable":true,"href":"https:\/\/shop.bantam.ch\/de\/wp-json\/wp\/v2\/product_brand?post=233869"},{"taxonomy":"product_cat","embeddable":true,"href":"https:\/\/shop.bantam.ch\/de\/wp-json\/wp\/v2\/product_cat?post=233869"},{"taxonomy":"product_tag","embeddable":true,"href":"https:\/\/shop.bantam.ch\/de\/wp-json\/wp\/v2\/product_tag?post=233869"}],"curies":[{"name":"wp","href":"https:\/\/api.w.org\/{rel}","templated":true}]}}