{"id":233856,"date":"2026-02-05T16:41:01","date_gmt":"2026-02-05T15:41:01","guid":{"rendered":"https:\/\/shop.bantam.ch\/produit\/hallwag-panoramakarte-panoramakarte-schweiz-1300000\/"},"modified":"2026-04-19T00:00:09","modified_gmt":"2026-04-18T22:00:09","slug":"hallwag-panoramakarte-panoramakarte-schweiz-1300000","status":"publish","type":"product","link":"https:\/\/shop.bantam.ch\/de\/produkt\/hallwag-panoramakarte-panoramakarte-schweiz-1300000\/","title":{"rendered":"Hallwag Panoramakarte Panoramakarte Schweiz. 1:300&#8217;000"},"content":{"rendered":"<p>Die Hallwag Panoramakarte Schweiz gibt die Schweiz mit ihrem typischen Charakter und ihrer ganzen Sch\u00f6nheit wieder. Sie zeigt das Land in einem 3D-Bild und hebt dadurch besondere Merkmale hervor. Mit visualisierten Bergen, T\u00e4lern, W\u00e4ldern und Seen wird die Karte zu etwas ganz Besonderem. Die Karte zeigt die gesamte Schweiz von Basel. Luzern, Z\u00fcrich, Bern, Lausanne, Lugano, etc. die wichtigsten Gebiete von Interesse und gibt deren Merkmale m\u00f6glichst realistisch wieder. Dank der 3D-Grafik und der detailgetreuen Abbildung wird dem Betrachter genau das gezeigt, was die Region ausmacht, was ihn dort erwartet oder was er wiedererkennt. Eine Vielzahl von Hinweisen auf Sehensw\u00fcrdigkeiten, Aussichtspunkte, Bergbahnen und auf das Angebot f\u00fcr aktive Freizeitgestaltung vervollst\u00e4ndigt die Karte. Die Panoramakarte f\u00fcr Landschaftsliebhaber:Innen besteht aus einem stabilen Cover und sehr angenehmem Papier. Ob als Poster an der Wand oder als Hilfsmittel zur Regionenerkennung: die Karte wird Sie nicht entt\u00e4uschen.<\/p>\n","protected":false},"excerpt":{"rendered":"<p>Die Hallwag Panoramakarte Schweiz gibt die Schweiz mit ihrem typischen Charakter und ihrer ganzen Sch\u00f6nheit wieder. Sie zeigt das Land in einem 3D-Bild und hebt dadurch besondere Merkmale hervor. Mit visualisierten Bergen, T\u00e4lern, W\u00e4ldern und Seen wird die Karte zu etwas ganz Besonderem. Die Karte zeigt die gesamte Schweiz von Basel. Luzern, Z\u00fcrich, Bern, Lausanne, [&hellip;]<\/p>\n","protected":false},"featured_media":233854,"template":"","meta":{"_acf_changed":false},"product_featured_cat":[],"product_brand":[3695],"product_cat":[4352],"product_tag":[],"class_list":{"0":"post-233856","1":"product","2":"type-product","3":"status-publish","4":"has-post-thumbnail","6":"product_brand-hallwag-kummerlyfrey-de","7":"product_cat-reisefuehrer","9":"first","10":"instock","11":"taxable","12":"shipping-taxable","13":"purchasable","14":"product-type-simple"},"acf":[],"yoast_head":"<!-- This site is optimized with the Yoast SEO plugin v27.4 - https:\/\/yoast.com\/product\/yoast-seo-wordpress\/ -->\n<title>Hallwag Panoramakarte Panoramakarte Schweiz. 1:300&#039;000 - Bantam Camping AG<\/title>\n<meta name=\"robots\" content=\"index, follow, max-snippet:-1, max-image-preview:large, max-video-preview:-1\" \/>\n<link rel=\"canonical\" href=\"https:\/\/shop.bantam.ch\/de\/produkt\/hallwag-panoramakarte-panoramakarte-schweiz-1300000\/\" \/>\n<meta property=\"og:locale\" content=\"de_DE\" \/>\n<meta property=\"og:type\" content=\"article\" \/>\n<meta property=\"og:title\" content=\"Hallwag Panoramakarte Panoramakarte Schweiz. 1:300&#039;000 - Bantam Camping AG\" \/>\n<meta property=\"og:description\" content=\"Die Hallwag Panoramakarte Schweiz gibt die Schweiz mit ihrem typischen Charakter und ihrer ganzen Sch\u00f6nheit wieder. Sie zeigt das Land in einem 3D-Bild und hebt dadurch besondere Merkmale hervor. Mit visualisierten Bergen, T\u00e4lern, W\u00e4ldern und Seen wird die Karte zu etwas ganz Besonderem. Die Karte zeigt die gesamte Schweiz von Basel. Luzern, Z\u00fcrich, Bern, Lausanne, [&hellip;]\" \/>\n<meta property=\"og:url\" content=\"https:\/\/shop.bantam.ch\/de\/produkt\/hallwag-panoramakarte-panoramakarte-schweiz-1300000\/\" \/>\n<meta property=\"og:site_name\" content=\"Bantam Camping AG\" \/>\n<meta property=\"article:modified_time\" content=\"2026-04-18T22:00:09+00:00\" \/>\n<meta property=\"og:image\" content=\"https:\/\/shop.bantam.ch\/wp-content\/uploads\/2026\/02\/Hallwag-Panoramakarte-Panoramakarte-Schweiz.jpg\" \/>\n\t<meta property=\"og:image:width\" content=\"93\" \/>\n\t<meta property=\"og:image:height\" content=\"180\" \/>\n\t<meta property=\"og:image:type\" content=\"image\/jpeg\" \/>\n<meta name=\"twitter:card\" content=\"summary_large_image\" \/>\n<meta name=\"twitter:label1\" content=\"Gesch\u00e4tzte Lesezeit\" \/>\n\t<meta name=\"twitter:data1\" content=\"1\u00a0Minute\" \/>\n<script type=\"application\/ld+json\" class=\"yoast-schema-graph\">{\"@context\":\"https:\\\/\\\/schema.org\",\"@graph\":[{\"@type\":\"WebPage\",\"@id\":\"https:\\\/\\\/shop.bantam.ch\\\/de\\\/produkt\\\/hallwag-panoramakarte-panoramakarte-schweiz-1300000\\\/\",\"url\":\"https:\\\/\\\/shop.bantam.ch\\\/de\\\/produkt\\\/hallwag-panoramakarte-panoramakarte-schweiz-1300000\\\/\",\"name\":\"Hallwag Panoramakarte Panoramakarte Schweiz. 1:300'000 - Bantam Camping AG\",\"isPartOf\":{\"@id\":\"https:\\\/\\\/shop.bantam.ch\\\/de\\\/#website\"},\"primaryImageOfPage\":{\"@id\":\"https:\\\/\\\/shop.bantam.ch\\\/de\\\/produkt\\\/hallwag-panoramakarte-panoramakarte-schweiz-1300000\\\/#primaryimage\"},\"image\":{\"@id\":\"https:\\\/\\\/shop.bantam.ch\\\/de\\\/produkt\\\/hallwag-panoramakarte-panoramakarte-schweiz-1300000\\\/#primaryimage\"},\"thumbnailUrl\":\"https:\\\/\\\/shop.bantam.ch\\\/wp-content\\\/uploads\\\/2026\\\/02\\\/Hallwag-Panoramakarte-Panoramakarte-Schweiz.jpg\",\"datePublished\":\"2026-02-05T15:41:01+00:00\",\"dateModified\":\"2026-04-18T22:00:09+00:00\",\"breadcrumb\":{\"@id\":\"https:\\\/\\\/shop.bantam.ch\\\/de\\\/produkt\\\/hallwag-panoramakarte-panoramakarte-schweiz-1300000\\\/#breadcrumb\"},\"inLanguage\":\"de\",\"potentialAction\":[{\"@type\":\"ReadAction\",\"target\":[\"https:\\\/\\\/shop.bantam.ch\\\/de\\\/produkt\\\/hallwag-panoramakarte-panoramakarte-schweiz-1300000\\\/\"]}]},{\"@type\":\"ImageObject\",\"inLanguage\":\"de\",\"@id\":\"https:\\\/\\\/shop.bantam.ch\\\/de\\\/produkt\\\/hallwag-panoramakarte-panoramakarte-schweiz-1300000\\\/#primaryimage\",\"url\":\"https:\\\/\\\/shop.bantam.ch\\\/wp-content\\\/uploads\\\/2026\\\/02\\\/Hallwag-Panoramakarte-Panoramakarte-Schweiz.jpg\",\"contentUrl\":\"https:\\\/\\\/shop.bantam.ch\\\/wp-content\\\/uploads\\\/2026\\\/02\\\/Hallwag-Panoramakarte-Panoramakarte-Schweiz.jpg\",\"width\":93,\"height\":180},{\"@type\":\"BreadcrumbList\",\"@id\":\"https:\\\/\\\/shop.bantam.ch\\\/de\\\/produkt\\\/hallwag-panoramakarte-panoramakarte-schweiz-1300000\\\/#breadcrumb\",\"itemListElement\":[{\"@type\":\"ListItem\",\"position\":1,\"name\":\"Accueil\",\"item\":\"https:\\\/\\\/shop.bantam.ch\\\/de\\\/\"},{\"@type\":\"ListItem\",\"position\":2,\"name\":\"Shop\",\"item\":\"https:\\\/\\\/shop.bantam.ch\\\/de\\\/shop\\\/\"},{\"@type\":\"ListItem\",\"position\":3,\"name\":\"Hallwag Panoramakarte Panoramakarte Schweiz. 1:300&rsquo;000\"}]},{\"@type\":\"WebSite\",\"@id\":\"https:\\\/\\\/shop.bantam.ch\\\/de\\\/#website\",\"url\":\"https:\\\/\\\/shop.bantam.ch\\\/de\\\/\",\"name\":\"Bantam Camping AG\",\"description\":\"\",\"publisher\":{\"@id\":\"https:\\\/\\\/shop.bantam.ch\\\/de\\\/#organization\"},\"inLanguage\":\"de\"},{\"@type\":\"Organization\",\"@id\":\"https:\\\/\\\/shop.bantam.ch\\\/de\\\/#organization\",\"name\":\"Bantam Camping AG\",\"url\":\"https:\\\/\\\/shop.bantam.ch\\\/de\\\/\",\"logo\":{\"@type\":\"ImageObject\",\"inLanguage\":\"de\",\"@id\":\"https:\\\/\\\/shop.bantam.ch\\\/de\\\/#\\\/schema\\\/logo\\\/image\\\/\",\"url\":\"https:\\\/\\\/shop.bantam.ch\\\/wp-content\\\/uploads\\\/2022\\\/12\\\/bantam-logo.png\",\"contentUrl\":\"https:\\\/\\\/shop.bantam.ch\\\/wp-content\\\/uploads\\\/2022\\\/12\\\/bantam-logo.png\",\"width\":320,\"height\":71,\"caption\":\"Bantam Camping AG\"},\"image\":{\"@id\":\"https:\\\/\\\/shop.bantam.ch\\\/de\\\/#\\\/schema\\\/logo\\\/image\\\/\"}}]}<\/script>\n<!-- \/ Yoast SEO plugin. -->","yoast_head_json":{"title":"Hallwag Panoramakarte Panoramakarte Schweiz. 1:300'000 - Bantam Camping AG","robots":{"index":"index","follow":"follow","max-snippet":"max-snippet:-1","max-image-preview":"max-image-preview:large","max-video-preview":"max-video-preview:-1"},"canonical":"https:\/\/shop.bantam.ch\/de\/produkt\/hallwag-panoramakarte-panoramakarte-schweiz-1300000\/","og_locale":"de_DE","og_type":"article","og_title":"Hallwag Panoramakarte Panoramakarte Schweiz. 1:300'000 - Bantam Camping AG","og_description":"Die Hallwag Panoramakarte Schweiz gibt die Schweiz mit ihrem typischen Charakter und ihrer ganzen Sch\u00f6nheit wieder. Sie zeigt das Land in einem 3D-Bild und hebt dadurch besondere Merkmale hervor. Mit visualisierten Bergen, T\u00e4lern, W\u00e4ldern und Seen wird die Karte zu etwas ganz Besonderem. Die Karte zeigt die gesamte Schweiz von Basel. Luzern, Z\u00fcrich, Bern, Lausanne, [&hellip;]","og_url":"https:\/\/shop.bantam.ch\/de\/produkt\/hallwag-panoramakarte-panoramakarte-schweiz-1300000\/","og_site_name":"Bantam Camping AG","article_modified_time":"2026-04-18T22:00:09+00:00","og_image":[{"width":93,"height":180,"url":"https:\/\/shop.bantam.ch\/wp-content\/uploads\/2026\/02\/Hallwag-Panoramakarte-Panoramakarte-Schweiz.jpg","type":"image\/jpeg"}],"twitter_card":"summary_large_image","twitter_misc":{"Gesch\u00e4tzte Lesezeit":"1\u00a0Minute"},"schema":{"@context":"https:\/\/schema.org","@graph":[{"@type":"WebPage","@id":"https:\/\/shop.bantam.ch\/de\/produkt\/hallwag-panoramakarte-panoramakarte-schweiz-1300000\/","url":"https:\/\/shop.bantam.ch\/de\/produkt\/hallwag-panoramakarte-panoramakarte-schweiz-1300000\/","name":"Hallwag Panoramakarte Panoramakarte Schweiz. 1:300'000 - Bantam Camping AG","isPartOf":{"@id":"https:\/\/shop.bantam.ch\/de\/#website"},"primaryImageOfPage":{"@id":"https:\/\/shop.bantam.ch\/de\/produkt\/hallwag-panoramakarte-panoramakarte-schweiz-1300000\/#primaryimage"},"image":{"@id":"https:\/\/shop.bantam.ch\/de\/produkt\/hallwag-panoramakarte-panoramakarte-schweiz-1300000\/#primaryimage"},"thumbnailUrl":"https:\/\/shop.bantam.ch\/wp-content\/uploads\/2026\/02\/Hallwag-Panoramakarte-Panoramakarte-Schweiz.jpg","datePublished":"2026-02-05T15:41:01+00:00","dateModified":"2026-04-18T22:00:09+00:00","breadcrumb":{"@id":"https:\/\/shop.bantam.ch\/de\/produkt\/hallwag-panoramakarte-panoramakarte-schweiz-1300000\/#breadcrumb"},"inLanguage":"de","potentialAction":[{"@type":"ReadAction","target":["https:\/\/shop.bantam.ch\/de\/produkt\/hallwag-panoramakarte-panoramakarte-schweiz-1300000\/"]}]},{"@type":"ImageObject","inLanguage":"de","@id":"https:\/\/shop.bantam.ch\/de\/produkt\/hallwag-panoramakarte-panoramakarte-schweiz-1300000\/#primaryimage","url":"https:\/\/shop.bantam.ch\/wp-content\/uploads\/2026\/02\/Hallwag-Panoramakarte-Panoramakarte-Schweiz.jpg","contentUrl":"https:\/\/shop.bantam.ch\/wp-content\/uploads\/2026\/02\/Hallwag-Panoramakarte-Panoramakarte-Schweiz.jpg","width":93,"height":180},{"@type":"BreadcrumbList","@id":"https:\/\/shop.bantam.ch\/de\/produkt\/hallwag-panoramakarte-panoramakarte-schweiz-1300000\/#breadcrumb","itemListElement":[{"@type":"ListItem","position":1,"name":"Accueil","item":"https:\/\/shop.bantam.ch\/de\/"},{"@type":"ListItem","position":2,"name":"Shop","item":"https:\/\/shop.bantam.ch\/de\/shop\/"},{"@type":"ListItem","position":3,"name":"Hallwag Panoramakarte Panoramakarte Schweiz. 1:300&rsquo;000"}]},{"@type":"WebSite","@id":"https:\/\/shop.bantam.ch\/de\/#website","url":"https:\/\/shop.bantam.ch\/de\/","name":"Bantam Camping AG","description":"","publisher":{"@id":"https:\/\/shop.bantam.ch\/de\/#organization"},"inLanguage":"de"},{"@type":"Organization","@id":"https:\/\/shop.bantam.ch\/de\/#organization","name":"Bantam Camping AG","url":"https:\/\/shop.bantam.ch\/de\/","logo":{"@type":"ImageObject","inLanguage":"de","@id":"https:\/\/shop.bantam.ch\/de\/#\/schema\/logo\/image\/","url":"https:\/\/shop.bantam.ch\/wp-content\/uploads\/2022\/12\/bantam-logo.png","contentUrl":"https:\/\/shop.bantam.ch\/wp-content\/uploads\/2022\/12\/bantam-logo.png","width":320,"height":71,"caption":"Bantam Camping AG"},"image":{"@id":"https:\/\/shop.bantam.ch\/de\/#\/schema\/logo\/image\/"}}]}},"_links":{"self":[{"href":"https:\/\/shop.bantam.ch\/de\/wp-json\/wp\/v2\/product\/233856","targetHints":{"allow":["GET"]}}],"collection":[{"href":"https:\/\/shop.bantam.ch\/de\/wp-json\/wp\/v2\/product"}],"about":[{"href":"https:\/\/shop.bantam.ch\/de\/wp-json\/wp\/v2\/types\/product"}],"wp:featuredmedia":[{"embeddable":true,"href":"https:\/\/shop.bantam.ch\/de\/wp-json\/wp\/v2\/media\/233854"}],"wp:attachment":[{"href":"https:\/\/shop.bantam.ch\/de\/wp-json\/wp\/v2\/media?parent=233856"}],"wp:term":[{"taxonomy":"product_featured_cat","embeddable":true,"href":"https:\/\/shop.bantam.ch\/de\/wp-json\/wp\/v2\/product_featured_cat?post=233856"},{"taxonomy":"product_brand","embeddable":true,"href":"https:\/\/shop.bantam.ch\/de\/wp-json\/wp\/v2\/product_brand?post=233856"},{"taxonomy":"product_cat","embeddable":true,"href":"https:\/\/shop.bantam.ch\/de\/wp-json\/wp\/v2\/product_cat?post=233856"},{"taxonomy":"product_tag","embeddable":true,"href":"https:\/\/shop.bantam.ch\/de\/wp-json\/wp\/v2\/product_tag?post=233856"}],"curies":[{"name":"wp","href":"https:\/\/api.w.org\/{rel}","templated":true}]}}