{"id":233848,"date":"2026-02-05T16:34:03","date_gmt":"2026-02-05T15:34:03","guid":{"rendered":"https:\/\/shop.bantam.ch\/produit\/kuemmerlyfrey-wandertourenkarte-13-zermatt-150-000-150000\/"},"modified":"2026-04-17T23:56:24","modified_gmt":"2026-04-17T21:56:24","slug":"kuemmerlyfrey-wandertourenkarte-13-zermatt-150-000-150000","status":"publish","type":"product","link":"https:\/\/shop.bantam.ch\/de\/produkt\/kuemmerlyfrey-wandertourenkarte-13-zermatt-150-000-150000\/","title":{"rendered":"K\u00fcmmerly+Frey Wandertourenkarte 13 Zermatt 1:50.000. 1:50&#8217;000"},"content":{"rendered":"<p>In der K\u00fcmmerly+Frey Wandertourenkarte Zermatt im Massstab 1:50&#8217;000 sind die sch\u00f6nsten Wanderrouten der Region f\u00fcr Sie zusammengetragen. Die Karte zeigt von Susten, Eischoll, Visp, Zermatt, Saas-Fee, Breithorn, Monte Rosa, etc. die wichtigsten Gebiete von Interesse. Dank den deutlich gekennzeichneten, leicht lesbaren und aktuellen Wanderwegen, dem aufger\u00e4umten Kartenbild und der \u00fcbersichtlichen Gel\u00e4ndedarstellung, ist die Karte das perfekte Hilfsmittel, um das Beste aus ihrem Besuch in dieser aussergew\u00f6hnlichen Region zu machen. Dank den in der Karte markierten Wanderroutenvorschl\u00e4gen finden Sie einfach ein Abenteuer in Ihrer Region. Die Karte enth\u00e4lt detaillierte topografische Informationen wie H\u00f6henlinien sowie H\u00f6henangaben zu Berggipfeln, P\u00e4ssen und gr\u00f6sseren Seen und gibt dadurch eine pr\u00e4zise Abbildung vom Gel\u00e4nde. In Zusammenarbeit mit Outdooractive haben wir alles Wissenswerte \u00fcber die vorgeschlagenen, sch\u00f6nsten Touren einfliessen lassen: Wichtige Angaben \u00fcber H\u00f6henprofile, Zeitangaben der Wanderung, Restaurants, Postautohaltestellen und vieles mehr! Die Faltkarte f\u00fcr Wanderer besteht aus einem robusten, weitgehend wasserresistenten und reissfesten Papier. Auch bei schwierigen Wetterbedingungen l\u00e4sst sie Sie nicht im Stich. Sollte das GPS mal nicht funktionieren oder das Handy keinen Akku mehr haben, helfen Ihnen die auf der Karte deutlich verzeichneten Wanderwegen, Aussichtspunkten, Bahnh\u00f6fen, Einkehrm\u00f6glichkeiten, Campingpl\u00e4tzen, Parkpl\u00e4tzen, etc. stets die Orientierung zu behalten<\/p>\n","protected":false},"excerpt":{"rendered":"<p>In der K\u00fcmmerly+Frey Wandertourenkarte Zermatt im Massstab 1:50&#8217;000 sind die sch\u00f6nsten Wanderrouten der Region f\u00fcr Sie zusammengetragen. Die Karte zeigt von Susten, Eischoll, Visp, Zermatt, Saas-Fee, Breithorn, Monte Rosa, etc. die wichtigsten Gebiete von Interesse. Dank den deutlich gekennzeichneten, leicht lesbaren und aktuellen Wanderwegen, dem aufger\u00e4umten Kartenbild und der \u00fcbersichtlichen Gel\u00e4ndedarstellung, ist die Karte das [&hellip;]<\/p>\n","protected":false},"featured_media":233846,"template":"","meta":{"_acf_changed":false},"product_featured_cat":[],"product_brand":[3693],"product_cat":[4352],"product_tag":[],"class_list":{"0":"post-233848","1":"product","2":"type-product","3":"status-publish","4":"has-post-thumbnail","6":"product_brand-kummerly-frey-de","7":"product_cat-reisefuehrer","9":"first","10":"instock","11":"taxable","12":"shipping-taxable","13":"purchasable","14":"product-type-simple"},"acf":[],"yoast_head":"<!-- This site is optimized with the Yoast SEO plugin v27.4 - https:\/\/yoast.com\/product\/yoast-seo-wordpress\/ -->\n<title>K\u00fcmmerly+Frey Wandertourenkarte 13 Zermatt 1:50.000. 1:50&#039;000 - Bantam Camping AG<\/title>\n<meta name=\"robots\" content=\"index, follow, max-snippet:-1, max-image-preview:large, max-video-preview:-1\" \/>\n<link rel=\"canonical\" href=\"https:\/\/shop.bantam.ch\/de\/produkt\/kuemmerlyfrey-wandertourenkarte-13-zermatt-150-000-150000\/\" \/>\n<meta property=\"og:locale\" content=\"de_DE\" \/>\n<meta property=\"og:type\" content=\"article\" \/>\n<meta property=\"og:title\" content=\"K\u00fcmmerly+Frey Wandertourenkarte 13 Zermatt 1:50.000. 1:50&#039;000 - Bantam Camping AG\" \/>\n<meta property=\"og:description\" content=\"In der K\u00fcmmerly+Frey Wandertourenkarte Zermatt im Massstab 1:50&#8217;000 sind die sch\u00f6nsten Wanderrouten der Region f\u00fcr Sie zusammengetragen. Die Karte zeigt von Susten, Eischoll, Visp, Zermatt, Saas-Fee, Breithorn, Monte Rosa, etc. die wichtigsten Gebiete von Interesse. Dank den deutlich gekennzeichneten, leicht lesbaren und aktuellen Wanderwegen, dem aufger\u00e4umten Kartenbild und der \u00fcbersichtlichen Gel\u00e4ndedarstellung, ist die Karte das [&hellip;]\" \/>\n<meta property=\"og:url\" content=\"https:\/\/shop.bantam.ch\/de\/produkt\/kuemmerlyfrey-wandertourenkarte-13-zermatt-150-000-150000\/\" \/>\n<meta property=\"og:site_name\" content=\"Bantam Camping AG\" \/>\n<meta property=\"article:modified_time\" content=\"2026-04-17T21:56:24+00:00\" \/>\n<meta property=\"og:image\" content=\"https:\/\/shop.bantam.ch\/wp-content\/uploads\/2026\/02\/KummerlyFrey-Wandertourenkarte-13-Zermatt.jpg\" \/>\n\t<meta property=\"og:image:width\" content=\"96\" \/>\n\t<meta property=\"og:image:height\" content=\"180\" \/>\n\t<meta property=\"og:image:type\" content=\"image\/jpeg\" \/>\n<meta name=\"twitter:card\" content=\"summary_large_image\" \/>\n<meta name=\"twitter:label1\" content=\"Gesch\u00e4tzte Lesezeit\" \/>\n\t<meta name=\"twitter:data1\" content=\"1\u00a0Minute\" \/>\n<script type=\"application\/ld+json\" class=\"yoast-schema-graph\">{\"@context\":\"https:\\\/\\\/schema.org\",\"@graph\":[{\"@type\":\"WebPage\",\"@id\":\"https:\\\/\\\/shop.bantam.ch\\\/de\\\/produkt\\\/kuemmerlyfrey-wandertourenkarte-13-zermatt-150-000-150000\\\/\",\"url\":\"https:\\\/\\\/shop.bantam.ch\\\/de\\\/produkt\\\/kuemmerlyfrey-wandertourenkarte-13-zermatt-150-000-150000\\\/\",\"name\":\"K\u00fcmmerly+Frey Wandertourenkarte 13 Zermatt 1:50.000. 1:50'000 - Bantam Camping AG\",\"isPartOf\":{\"@id\":\"https:\\\/\\\/shop.bantam.ch\\\/de\\\/#website\"},\"primaryImageOfPage\":{\"@id\":\"https:\\\/\\\/shop.bantam.ch\\\/de\\\/produkt\\\/kuemmerlyfrey-wandertourenkarte-13-zermatt-150-000-150000\\\/#primaryimage\"},\"image\":{\"@id\":\"https:\\\/\\\/shop.bantam.ch\\\/de\\\/produkt\\\/kuemmerlyfrey-wandertourenkarte-13-zermatt-150-000-150000\\\/#primaryimage\"},\"thumbnailUrl\":\"https:\\\/\\\/shop.bantam.ch\\\/wp-content\\\/uploads\\\/2026\\\/02\\\/KummerlyFrey-Wandertourenkarte-13-Zermatt.jpg\",\"datePublished\":\"2026-02-05T15:34:03+00:00\",\"dateModified\":\"2026-04-17T21:56:24+00:00\",\"breadcrumb\":{\"@id\":\"https:\\\/\\\/shop.bantam.ch\\\/de\\\/produkt\\\/kuemmerlyfrey-wandertourenkarte-13-zermatt-150-000-150000\\\/#breadcrumb\"},\"inLanguage\":\"de\",\"potentialAction\":[{\"@type\":\"ReadAction\",\"target\":[\"https:\\\/\\\/shop.bantam.ch\\\/de\\\/produkt\\\/kuemmerlyfrey-wandertourenkarte-13-zermatt-150-000-150000\\\/\"]}]},{\"@type\":\"ImageObject\",\"inLanguage\":\"de\",\"@id\":\"https:\\\/\\\/shop.bantam.ch\\\/de\\\/produkt\\\/kuemmerlyfrey-wandertourenkarte-13-zermatt-150-000-150000\\\/#primaryimage\",\"url\":\"https:\\\/\\\/shop.bantam.ch\\\/wp-content\\\/uploads\\\/2026\\\/02\\\/KummerlyFrey-Wandertourenkarte-13-Zermatt.jpg\",\"contentUrl\":\"https:\\\/\\\/shop.bantam.ch\\\/wp-content\\\/uploads\\\/2026\\\/02\\\/KummerlyFrey-Wandertourenkarte-13-Zermatt.jpg\",\"width\":96,\"height\":180},{\"@type\":\"BreadcrumbList\",\"@id\":\"https:\\\/\\\/shop.bantam.ch\\\/de\\\/produkt\\\/kuemmerlyfrey-wandertourenkarte-13-zermatt-150-000-150000\\\/#breadcrumb\",\"itemListElement\":[{\"@type\":\"ListItem\",\"position\":1,\"name\":\"Accueil\",\"item\":\"https:\\\/\\\/shop.bantam.ch\\\/de\\\/\"},{\"@type\":\"ListItem\",\"position\":2,\"name\":\"Shop\",\"item\":\"https:\\\/\\\/shop.bantam.ch\\\/de\\\/shop\\\/\"},{\"@type\":\"ListItem\",\"position\":3,\"name\":\"K\u00fcmmerly+Frey Wandertourenkarte 13 Zermatt 1:50.000. 1:50&rsquo;000\"}]},{\"@type\":\"WebSite\",\"@id\":\"https:\\\/\\\/shop.bantam.ch\\\/de\\\/#website\",\"url\":\"https:\\\/\\\/shop.bantam.ch\\\/de\\\/\",\"name\":\"Bantam Camping AG\",\"description\":\"\",\"publisher\":{\"@id\":\"https:\\\/\\\/shop.bantam.ch\\\/de\\\/#organization\"},\"inLanguage\":\"de\"},{\"@type\":\"Organization\",\"@id\":\"https:\\\/\\\/shop.bantam.ch\\\/de\\\/#organization\",\"name\":\"Bantam Camping AG\",\"url\":\"https:\\\/\\\/shop.bantam.ch\\\/de\\\/\",\"logo\":{\"@type\":\"ImageObject\",\"inLanguage\":\"de\",\"@id\":\"https:\\\/\\\/shop.bantam.ch\\\/de\\\/#\\\/schema\\\/logo\\\/image\\\/\",\"url\":\"https:\\\/\\\/shop.bantam.ch\\\/wp-content\\\/uploads\\\/2022\\\/12\\\/bantam-logo.png\",\"contentUrl\":\"https:\\\/\\\/shop.bantam.ch\\\/wp-content\\\/uploads\\\/2022\\\/12\\\/bantam-logo.png\",\"width\":320,\"height\":71,\"caption\":\"Bantam Camping AG\"},\"image\":{\"@id\":\"https:\\\/\\\/shop.bantam.ch\\\/de\\\/#\\\/schema\\\/logo\\\/image\\\/\"}}]}<\/script>\n<!-- \/ Yoast SEO plugin. -->","yoast_head_json":{"title":"K\u00fcmmerly+Frey Wandertourenkarte 13 Zermatt 1:50.000. 1:50'000 - Bantam Camping AG","robots":{"index":"index","follow":"follow","max-snippet":"max-snippet:-1","max-image-preview":"max-image-preview:large","max-video-preview":"max-video-preview:-1"},"canonical":"https:\/\/shop.bantam.ch\/de\/produkt\/kuemmerlyfrey-wandertourenkarte-13-zermatt-150-000-150000\/","og_locale":"de_DE","og_type":"article","og_title":"K\u00fcmmerly+Frey Wandertourenkarte 13 Zermatt 1:50.000. 1:50'000 - Bantam Camping AG","og_description":"In der K\u00fcmmerly+Frey Wandertourenkarte Zermatt im Massstab 1:50&#8217;000 sind die sch\u00f6nsten Wanderrouten der Region f\u00fcr Sie zusammengetragen. Die Karte zeigt von Susten, Eischoll, Visp, Zermatt, Saas-Fee, Breithorn, Monte Rosa, etc. die wichtigsten Gebiete von Interesse. Dank den deutlich gekennzeichneten, leicht lesbaren und aktuellen Wanderwegen, dem aufger\u00e4umten Kartenbild und der \u00fcbersichtlichen Gel\u00e4ndedarstellung, ist die Karte das [&hellip;]","og_url":"https:\/\/shop.bantam.ch\/de\/produkt\/kuemmerlyfrey-wandertourenkarte-13-zermatt-150-000-150000\/","og_site_name":"Bantam Camping AG","article_modified_time":"2026-04-17T21:56:24+00:00","og_image":[{"width":96,"height":180,"url":"https:\/\/shop.bantam.ch\/wp-content\/uploads\/2026\/02\/KummerlyFrey-Wandertourenkarte-13-Zermatt.jpg","type":"image\/jpeg"}],"twitter_card":"summary_large_image","twitter_misc":{"Gesch\u00e4tzte Lesezeit":"1\u00a0Minute"},"schema":{"@context":"https:\/\/schema.org","@graph":[{"@type":"WebPage","@id":"https:\/\/shop.bantam.ch\/de\/produkt\/kuemmerlyfrey-wandertourenkarte-13-zermatt-150-000-150000\/","url":"https:\/\/shop.bantam.ch\/de\/produkt\/kuemmerlyfrey-wandertourenkarte-13-zermatt-150-000-150000\/","name":"K\u00fcmmerly+Frey Wandertourenkarte 13 Zermatt 1:50.000. 1:50'000 - Bantam Camping AG","isPartOf":{"@id":"https:\/\/shop.bantam.ch\/de\/#website"},"primaryImageOfPage":{"@id":"https:\/\/shop.bantam.ch\/de\/produkt\/kuemmerlyfrey-wandertourenkarte-13-zermatt-150-000-150000\/#primaryimage"},"image":{"@id":"https:\/\/shop.bantam.ch\/de\/produkt\/kuemmerlyfrey-wandertourenkarte-13-zermatt-150-000-150000\/#primaryimage"},"thumbnailUrl":"https:\/\/shop.bantam.ch\/wp-content\/uploads\/2026\/02\/KummerlyFrey-Wandertourenkarte-13-Zermatt.jpg","datePublished":"2026-02-05T15:34:03+00:00","dateModified":"2026-04-17T21:56:24+00:00","breadcrumb":{"@id":"https:\/\/shop.bantam.ch\/de\/produkt\/kuemmerlyfrey-wandertourenkarte-13-zermatt-150-000-150000\/#breadcrumb"},"inLanguage":"de","potentialAction":[{"@type":"ReadAction","target":["https:\/\/shop.bantam.ch\/de\/produkt\/kuemmerlyfrey-wandertourenkarte-13-zermatt-150-000-150000\/"]}]},{"@type":"ImageObject","inLanguage":"de","@id":"https:\/\/shop.bantam.ch\/de\/produkt\/kuemmerlyfrey-wandertourenkarte-13-zermatt-150-000-150000\/#primaryimage","url":"https:\/\/shop.bantam.ch\/wp-content\/uploads\/2026\/02\/KummerlyFrey-Wandertourenkarte-13-Zermatt.jpg","contentUrl":"https:\/\/shop.bantam.ch\/wp-content\/uploads\/2026\/02\/KummerlyFrey-Wandertourenkarte-13-Zermatt.jpg","width":96,"height":180},{"@type":"BreadcrumbList","@id":"https:\/\/shop.bantam.ch\/de\/produkt\/kuemmerlyfrey-wandertourenkarte-13-zermatt-150-000-150000\/#breadcrumb","itemListElement":[{"@type":"ListItem","position":1,"name":"Accueil","item":"https:\/\/shop.bantam.ch\/de\/"},{"@type":"ListItem","position":2,"name":"Shop","item":"https:\/\/shop.bantam.ch\/de\/shop\/"},{"@type":"ListItem","position":3,"name":"K\u00fcmmerly+Frey Wandertourenkarte 13 Zermatt 1:50.000. 1:50&rsquo;000"}]},{"@type":"WebSite","@id":"https:\/\/shop.bantam.ch\/de\/#website","url":"https:\/\/shop.bantam.ch\/de\/","name":"Bantam Camping AG","description":"","publisher":{"@id":"https:\/\/shop.bantam.ch\/de\/#organization"},"inLanguage":"de"},{"@type":"Organization","@id":"https:\/\/shop.bantam.ch\/de\/#organization","name":"Bantam Camping AG","url":"https:\/\/shop.bantam.ch\/de\/","logo":{"@type":"ImageObject","inLanguage":"de","@id":"https:\/\/shop.bantam.ch\/de\/#\/schema\/logo\/image\/","url":"https:\/\/shop.bantam.ch\/wp-content\/uploads\/2022\/12\/bantam-logo.png","contentUrl":"https:\/\/shop.bantam.ch\/wp-content\/uploads\/2022\/12\/bantam-logo.png","width":320,"height":71,"caption":"Bantam Camping AG"},"image":{"@id":"https:\/\/shop.bantam.ch\/de\/#\/schema\/logo\/image\/"}}]}},"_links":{"self":[{"href":"https:\/\/shop.bantam.ch\/de\/wp-json\/wp\/v2\/product\/233848","targetHints":{"allow":["GET"]}}],"collection":[{"href":"https:\/\/shop.bantam.ch\/de\/wp-json\/wp\/v2\/product"}],"about":[{"href":"https:\/\/shop.bantam.ch\/de\/wp-json\/wp\/v2\/types\/product"}],"wp:featuredmedia":[{"embeddable":true,"href":"https:\/\/shop.bantam.ch\/de\/wp-json\/wp\/v2\/media\/233846"}],"wp:attachment":[{"href":"https:\/\/shop.bantam.ch\/de\/wp-json\/wp\/v2\/media?parent=233848"}],"wp:term":[{"taxonomy":"product_featured_cat","embeddable":true,"href":"https:\/\/shop.bantam.ch\/de\/wp-json\/wp\/v2\/product_featured_cat?post=233848"},{"taxonomy":"product_brand","embeddable":true,"href":"https:\/\/shop.bantam.ch\/de\/wp-json\/wp\/v2\/product_brand?post=233848"},{"taxonomy":"product_cat","embeddable":true,"href":"https:\/\/shop.bantam.ch\/de\/wp-json\/wp\/v2\/product_cat?post=233848"},{"taxonomy":"product_tag","embeddable":true,"href":"https:\/\/shop.bantam.ch\/de\/wp-json\/wp\/v2\/product_tag?post=233848"}],"curies":[{"name":"wp","href":"https:\/\/api.w.org\/{rel}","templated":true}]}}