{"id":233844,"date":"2026-02-05T16:30:10","date_gmt":"2026-02-05T15:30:10","guid":{"rendered":"https:\/\/shop.bantam.ch\/produit\/kuemmerlyfrey-wanderkarte-40-nendaz-crans-montana-140-000-140000\/"},"modified":"2026-04-17T23:56:23","modified_gmt":"2026-04-17T21:56:23","slug":"kuemmerlyfrey-wanderkarte-40-nendaz-crans-montana-140-000-140000","status":"publish","type":"product","link":"https:\/\/shop.bantam.ch\/de\/produkt\/kuemmerlyfrey-wanderkarte-40-nendaz-crans-montana-140-000-140000\/","title":{"rendered":"K\u00fcmmerly+Frey Wanderkarte 40 Nendaz, Crans-Montana 1:40.000. 1:40&#8217;000"},"content":{"rendered":"<p>Die sch\u00f6nsten Wandertouren erleben! Planen, entdecken und die besten Touren mitnehmen. Diese Wanderkarten im Massstab 1:40 000 sind die ideale Grundlage f\u00fcr die Planung einer Wandertour. Die pr\u00e4zise Kartografie zeigt die begehbaren Wanderwege inklusive Klassifizierung. Informationen zu Unterkunft und Verpflegung, Autobuslinien mit Haltestellen, Bergbahnen, Regionalparks, Sehensw\u00fcrdigkeiten und vieles mehr sind in der Karte enthalten. Dank der reiss- und wetterfesten Papierqualit\u00e4t ist die Karte \u00fcberall ein treuer Begleiter. GPS tauglich, 25 Meter H\u00f6henkurven. Format 111 x 200 mm, matt laminiert<\/p>\n","protected":false},"excerpt":{"rendered":"<p>Die sch\u00f6nsten Wandertouren erleben! Planen, entdecken und die besten Touren mitnehmen. Diese Wanderkarten im Massstab 1:40 000 sind die ideale Grundlage f\u00fcr die Planung einer Wandertour. Die pr\u00e4zise Kartografie zeigt die begehbaren Wanderwege inklusive Klassifizierung. Informationen zu Unterkunft und Verpflegung, Autobuslinien mit Haltestellen, Bergbahnen, Regionalparks, Sehensw\u00fcrdigkeiten und vieles mehr sind in der Karte enthalten. Dank [&hellip;]<\/p>\n","protected":false},"featured_media":233842,"template":"","meta":{"_acf_changed":false},"product_featured_cat":[],"product_brand":[3693],"product_cat":[4352],"product_tag":[],"class_list":{"0":"post-233844","1":"product","2":"type-product","3":"status-publish","4":"has-post-thumbnail","6":"product_brand-kummerly-frey-de","7":"product_cat-reisefuehrer","9":"first","10":"instock","11":"taxable","12":"shipping-taxable","13":"purchasable","14":"product-type-simple"},"acf":[],"yoast_head":"<!-- This site is optimized with the Yoast SEO plugin v27.4 - https:\/\/yoast.com\/product\/yoast-seo-wordpress\/ -->\n<title>K\u00fcmmerly+Frey Wanderkarte 40 Nendaz, Crans-Montana 1:40.000. 1:40&#039;000 - Bantam Camping AG<\/title>\n<meta name=\"robots\" content=\"index, follow, max-snippet:-1, max-image-preview:large, max-video-preview:-1\" \/>\n<link rel=\"canonical\" href=\"https:\/\/shop.bantam.ch\/de\/produkt\/kuemmerlyfrey-wanderkarte-40-nendaz-crans-montana-140-000-140000\/\" \/>\n<meta property=\"og:locale\" content=\"de_DE\" \/>\n<meta property=\"og:type\" content=\"article\" \/>\n<meta property=\"og:title\" content=\"K\u00fcmmerly+Frey Wanderkarte 40 Nendaz, Crans-Montana 1:40.000. 1:40&#039;000 - Bantam Camping AG\" \/>\n<meta property=\"og:description\" content=\"Die sch\u00f6nsten Wandertouren erleben! Planen, entdecken und die besten Touren mitnehmen. Diese Wanderkarten im Massstab 1:40 000 sind die ideale Grundlage f\u00fcr die Planung einer Wandertour. Die pr\u00e4zise Kartografie zeigt die begehbaren Wanderwege inklusive Klassifizierung. Informationen zu Unterkunft und Verpflegung, Autobuslinien mit Haltestellen, Bergbahnen, Regionalparks, Sehensw\u00fcrdigkeiten und vieles mehr sind in der Karte enthalten. Dank [&hellip;]\" \/>\n<meta property=\"og:url\" content=\"https:\/\/shop.bantam.ch\/de\/produkt\/kuemmerlyfrey-wanderkarte-40-nendaz-crans-montana-140-000-140000\/\" \/>\n<meta property=\"og:site_name\" content=\"Bantam Camping AG\" \/>\n<meta property=\"article:modified_time\" content=\"2026-04-17T21:56:23+00:00\" \/>\n<meta property=\"og:image\" content=\"https:\/\/shop.bantam.ch\/wp-content\/uploads\/2026\/02\/KummerlyFrey-Wanderkarte-40-Nendaz-Crans-Montana.jpg\" \/>\n\t<meta property=\"og:image:width\" content=\"101\" \/>\n\t<meta property=\"og:image:height\" content=\"180\" \/>\n\t<meta property=\"og:image:type\" content=\"image\/jpeg\" \/>\n<meta name=\"twitter:card\" content=\"summary_large_image\" \/>\n<script type=\"application\/ld+json\" class=\"yoast-schema-graph\">{\"@context\":\"https:\\\/\\\/schema.org\",\"@graph\":[{\"@type\":\"WebPage\",\"@id\":\"https:\\\/\\\/shop.bantam.ch\\\/de\\\/produkt\\\/kuemmerlyfrey-wanderkarte-40-nendaz-crans-montana-140-000-140000\\\/\",\"url\":\"https:\\\/\\\/shop.bantam.ch\\\/de\\\/produkt\\\/kuemmerlyfrey-wanderkarte-40-nendaz-crans-montana-140-000-140000\\\/\",\"name\":\"K\u00fcmmerly+Frey Wanderkarte 40 Nendaz, Crans-Montana 1:40.000. 1:40'000 - Bantam Camping AG\",\"isPartOf\":{\"@id\":\"https:\\\/\\\/shop.bantam.ch\\\/de\\\/#website\"},\"primaryImageOfPage\":{\"@id\":\"https:\\\/\\\/shop.bantam.ch\\\/de\\\/produkt\\\/kuemmerlyfrey-wanderkarte-40-nendaz-crans-montana-140-000-140000\\\/#primaryimage\"},\"image\":{\"@id\":\"https:\\\/\\\/shop.bantam.ch\\\/de\\\/produkt\\\/kuemmerlyfrey-wanderkarte-40-nendaz-crans-montana-140-000-140000\\\/#primaryimage\"},\"thumbnailUrl\":\"https:\\\/\\\/shop.bantam.ch\\\/wp-content\\\/uploads\\\/2026\\\/02\\\/KummerlyFrey-Wanderkarte-40-Nendaz-Crans-Montana.jpg\",\"datePublished\":\"2026-02-05T15:30:10+00:00\",\"dateModified\":\"2026-04-17T21:56:23+00:00\",\"breadcrumb\":{\"@id\":\"https:\\\/\\\/shop.bantam.ch\\\/de\\\/produkt\\\/kuemmerlyfrey-wanderkarte-40-nendaz-crans-montana-140-000-140000\\\/#breadcrumb\"},\"inLanguage\":\"de\",\"potentialAction\":[{\"@type\":\"ReadAction\",\"target\":[\"https:\\\/\\\/shop.bantam.ch\\\/de\\\/produkt\\\/kuemmerlyfrey-wanderkarte-40-nendaz-crans-montana-140-000-140000\\\/\"]}]},{\"@type\":\"ImageObject\",\"inLanguage\":\"de\",\"@id\":\"https:\\\/\\\/shop.bantam.ch\\\/de\\\/produkt\\\/kuemmerlyfrey-wanderkarte-40-nendaz-crans-montana-140-000-140000\\\/#primaryimage\",\"url\":\"https:\\\/\\\/shop.bantam.ch\\\/wp-content\\\/uploads\\\/2026\\\/02\\\/KummerlyFrey-Wanderkarte-40-Nendaz-Crans-Montana.jpg\",\"contentUrl\":\"https:\\\/\\\/shop.bantam.ch\\\/wp-content\\\/uploads\\\/2026\\\/02\\\/KummerlyFrey-Wanderkarte-40-Nendaz-Crans-Montana.jpg\",\"width\":101,\"height\":180},{\"@type\":\"BreadcrumbList\",\"@id\":\"https:\\\/\\\/shop.bantam.ch\\\/de\\\/produkt\\\/kuemmerlyfrey-wanderkarte-40-nendaz-crans-montana-140-000-140000\\\/#breadcrumb\",\"itemListElement\":[{\"@type\":\"ListItem\",\"position\":1,\"name\":\"Accueil\",\"item\":\"https:\\\/\\\/shop.bantam.ch\\\/de\\\/\"},{\"@type\":\"ListItem\",\"position\":2,\"name\":\"Shop\",\"item\":\"https:\\\/\\\/shop.bantam.ch\\\/de\\\/shop\\\/\"},{\"@type\":\"ListItem\",\"position\":3,\"name\":\"K\u00fcmmerly+Frey Wanderkarte 40 Nendaz, Crans-Montana 1:40.000. 1:40&rsquo;000\"}]},{\"@type\":\"WebSite\",\"@id\":\"https:\\\/\\\/shop.bantam.ch\\\/de\\\/#website\",\"url\":\"https:\\\/\\\/shop.bantam.ch\\\/de\\\/\",\"name\":\"Bantam Camping AG\",\"description\":\"\",\"publisher\":{\"@id\":\"https:\\\/\\\/shop.bantam.ch\\\/de\\\/#organization\"},\"inLanguage\":\"de\"},{\"@type\":\"Organization\",\"@id\":\"https:\\\/\\\/shop.bantam.ch\\\/de\\\/#organization\",\"name\":\"Bantam Camping AG\",\"url\":\"https:\\\/\\\/shop.bantam.ch\\\/de\\\/\",\"logo\":{\"@type\":\"ImageObject\",\"inLanguage\":\"de\",\"@id\":\"https:\\\/\\\/shop.bantam.ch\\\/de\\\/#\\\/schema\\\/logo\\\/image\\\/\",\"url\":\"https:\\\/\\\/shop.bantam.ch\\\/wp-content\\\/uploads\\\/2022\\\/12\\\/bantam-logo.png\",\"contentUrl\":\"https:\\\/\\\/shop.bantam.ch\\\/wp-content\\\/uploads\\\/2022\\\/12\\\/bantam-logo.png\",\"width\":320,\"height\":71,\"caption\":\"Bantam Camping AG\"},\"image\":{\"@id\":\"https:\\\/\\\/shop.bantam.ch\\\/de\\\/#\\\/schema\\\/logo\\\/image\\\/\"}}]}<\/script>\n<!-- \/ Yoast SEO plugin. -->","yoast_head_json":{"title":"K\u00fcmmerly+Frey Wanderkarte 40 Nendaz, Crans-Montana 1:40.000. 1:40'000 - Bantam Camping AG","robots":{"index":"index","follow":"follow","max-snippet":"max-snippet:-1","max-image-preview":"max-image-preview:large","max-video-preview":"max-video-preview:-1"},"canonical":"https:\/\/shop.bantam.ch\/de\/produkt\/kuemmerlyfrey-wanderkarte-40-nendaz-crans-montana-140-000-140000\/","og_locale":"de_DE","og_type":"article","og_title":"K\u00fcmmerly+Frey Wanderkarte 40 Nendaz, Crans-Montana 1:40.000. 1:40'000 - Bantam Camping AG","og_description":"Die sch\u00f6nsten Wandertouren erleben! Planen, entdecken und die besten Touren mitnehmen. Diese Wanderkarten im Massstab 1:40 000 sind die ideale Grundlage f\u00fcr die Planung einer Wandertour. Die pr\u00e4zise Kartografie zeigt die begehbaren Wanderwege inklusive Klassifizierung. Informationen zu Unterkunft und Verpflegung, Autobuslinien mit Haltestellen, Bergbahnen, Regionalparks, Sehensw\u00fcrdigkeiten und vieles mehr sind in der Karte enthalten. Dank [&hellip;]","og_url":"https:\/\/shop.bantam.ch\/de\/produkt\/kuemmerlyfrey-wanderkarte-40-nendaz-crans-montana-140-000-140000\/","og_site_name":"Bantam Camping AG","article_modified_time":"2026-04-17T21:56:23+00:00","og_image":[{"width":101,"height":180,"url":"https:\/\/shop.bantam.ch\/wp-content\/uploads\/2026\/02\/KummerlyFrey-Wanderkarte-40-Nendaz-Crans-Montana.jpg","type":"image\/jpeg"}],"twitter_card":"summary_large_image","schema":{"@context":"https:\/\/schema.org","@graph":[{"@type":"WebPage","@id":"https:\/\/shop.bantam.ch\/de\/produkt\/kuemmerlyfrey-wanderkarte-40-nendaz-crans-montana-140-000-140000\/","url":"https:\/\/shop.bantam.ch\/de\/produkt\/kuemmerlyfrey-wanderkarte-40-nendaz-crans-montana-140-000-140000\/","name":"K\u00fcmmerly+Frey Wanderkarte 40 Nendaz, Crans-Montana 1:40.000. 1:40'000 - Bantam Camping AG","isPartOf":{"@id":"https:\/\/shop.bantam.ch\/de\/#website"},"primaryImageOfPage":{"@id":"https:\/\/shop.bantam.ch\/de\/produkt\/kuemmerlyfrey-wanderkarte-40-nendaz-crans-montana-140-000-140000\/#primaryimage"},"image":{"@id":"https:\/\/shop.bantam.ch\/de\/produkt\/kuemmerlyfrey-wanderkarte-40-nendaz-crans-montana-140-000-140000\/#primaryimage"},"thumbnailUrl":"https:\/\/shop.bantam.ch\/wp-content\/uploads\/2026\/02\/KummerlyFrey-Wanderkarte-40-Nendaz-Crans-Montana.jpg","datePublished":"2026-02-05T15:30:10+00:00","dateModified":"2026-04-17T21:56:23+00:00","breadcrumb":{"@id":"https:\/\/shop.bantam.ch\/de\/produkt\/kuemmerlyfrey-wanderkarte-40-nendaz-crans-montana-140-000-140000\/#breadcrumb"},"inLanguage":"de","potentialAction":[{"@type":"ReadAction","target":["https:\/\/shop.bantam.ch\/de\/produkt\/kuemmerlyfrey-wanderkarte-40-nendaz-crans-montana-140-000-140000\/"]}]},{"@type":"ImageObject","inLanguage":"de","@id":"https:\/\/shop.bantam.ch\/de\/produkt\/kuemmerlyfrey-wanderkarte-40-nendaz-crans-montana-140-000-140000\/#primaryimage","url":"https:\/\/shop.bantam.ch\/wp-content\/uploads\/2026\/02\/KummerlyFrey-Wanderkarte-40-Nendaz-Crans-Montana.jpg","contentUrl":"https:\/\/shop.bantam.ch\/wp-content\/uploads\/2026\/02\/KummerlyFrey-Wanderkarte-40-Nendaz-Crans-Montana.jpg","width":101,"height":180},{"@type":"BreadcrumbList","@id":"https:\/\/shop.bantam.ch\/de\/produkt\/kuemmerlyfrey-wanderkarte-40-nendaz-crans-montana-140-000-140000\/#breadcrumb","itemListElement":[{"@type":"ListItem","position":1,"name":"Accueil","item":"https:\/\/shop.bantam.ch\/de\/"},{"@type":"ListItem","position":2,"name":"Shop","item":"https:\/\/shop.bantam.ch\/de\/shop\/"},{"@type":"ListItem","position":3,"name":"K\u00fcmmerly+Frey Wanderkarte 40 Nendaz, Crans-Montana 1:40.000. 1:40&rsquo;000"}]},{"@type":"WebSite","@id":"https:\/\/shop.bantam.ch\/de\/#website","url":"https:\/\/shop.bantam.ch\/de\/","name":"Bantam Camping AG","description":"","publisher":{"@id":"https:\/\/shop.bantam.ch\/de\/#organization"},"inLanguage":"de"},{"@type":"Organization","@id":"https:\/\/shop.bantam.ch\/de\/#organization","name":"Bantam Camping AG","url":"https:\/\/shop.bantam.ch\/de\/","logo":{"@type":"ImageObject","inLanguage":"de","@id":"https:\/\/shop.bantam.ch\/de\/#\/schema\/logo\/image\/","url":"https:\/\/shop.bantam.ch\/wp-content\/uploads\/2022\/12\/bantam-logo.png","contentUrl":"https:\/\/shop.bantam.ch\/wp-content\/uploads\/2022\/12\/bantam-logo.png","width":320,"height":71,"caption":"Bantam Camping AG"},"image":{"@id":"https:\/\/shop.bantam.ch\/de\/#\/schema\/logo\/image\/"}}]}},"_links":{"self":[{"href":"https:\/\/shop.bantam.ch\/de\/wp-json\/wp\/v2\/product\/233844","targetHints":{"allow":["GET"]}}],"collection":[{"href":"https:\/\/shop.bantam.ch\/de\/wp-json\/wp\/v2\/product"}],"about":[{"href":"https:\/\/shop.bantam.ch\/de\/wp-json\/wp\/v2\/types\/product"}],"wp:featuredmedia":[{"embeddable":true,"href":"https:\/\/shop.bantam.ch\/de\/wp-json\/wp\/v2\/media\/233842"}],"wp:attachment":[{"href":"https:\/\/shop.bantam.ch\/de\/wp-json\/wp\/v2\/media?parent=233844"}],"wp:term":[{"taxonomy":"product_featured_cat","embeddable":true,"href":"https:\/\/shop.bantam.ch\/de\/wp-json\/wp\/v2\/product_featured_cat?post=233844"},{"taxonomy":"product_brand","embeddable":true,"href":"https:\/\/shop.bantam.ch\/de\/wp-json\/wp\/v2\/product_brand?post=233844"},{"taxonomy":"product_cat","embeddable":true,"href":"https:\/\/shop.bantam.ch\/de\/wp-json\/wp\/v2\/product_cat?post=233844"},{"taxonomy":"product_tag","embeddable":true,"href":"https:\/\/shop.bantam.ch\/de\/wp-json\/wp\/v2\/product_tag?post=233844"}],"curies":[{"name":"wp","href":"https:\/\/api.w.org\/{rel}","templated":true}]}}