{"id":233832,"date":"2026-02-05T15:50:25","date_gmt":"2026-02-05T14:50:25","guid":{"rendered":"https:\/\/shop.bantam.ch\/produit\/hallwag-strassenkarte-deutschland-nord-1500-000-1500000\/"},"modified":"2026-04-20T00:03:30","modified_gmt":"2026-04-19T22:03:30","slug":"hallwag-strassenkarte-deutschland-nord-1500-000-1500000","status":"publish","type":"product","link":"https:\/\/shop.bantam.ch\/de\/produkt\/hallwag-strassenkarte-deutschland-nord-1500-000-1500000\/","title":{"rendered":"Hallwag Strassenkarte Deutschland Nord 1:500.000. 1:500&#8217;000"},"content":{"rendered":"<p>In der Hallwag Strassenkarte Deutschland Nord im Massstab 1:500&#8217;000 finden Sie alles was Sie zur Orientierung und Inspiration brauchen.Die Karte zeigt von K\u00f6ln bis Hamburg die wichtigsten Gebiete von Interesse.Dank den deutlich gekennzeichneten, leicht lesbaren und aktuellen Strassen, dem aufger\u00e4umten, aktuellen Kartenbild, der unvergleichbaren Schweizer Qualit\u00e4t der Kartografie sowie der Detailgenauigkeit, ist die Karte das perfekte Hilfsmittel, um das Beste aus Ihrem Besuch in diesem aussergew\u00f6hnlichen Land zu machen. Die thematische Karte enth\u00e4lt detaillierte Informationen \u00fcber Ortschaften und das verbindende Strassennetz.Reisende mit Auto oder Motorrad finden dank den gut erkennbaren, \u00fcbersichtlich dargestellten Autobahnen, Autostrassen, Hauptverkehrsstrassen, Landstrassen und Nebenstrassen immer den richtigen Weg. Die Faltkarte f\u00fcr Autofahrer oder Motorradfahrer besteht aus einem stabilen Cover und robustem Papier. Auch nach mehrmaligem Gebrauch l\u00e4sst sie Sie nicht im Stich.Sollte das GPS mal nicht funktionieren oder das Handy keinen Akku mehr haben, helfen Ihnen die auf der Karte deutlich verzeichneten Strassen, Aussichtspunkten, Bahnh\u00f6fen, Einkehrm\u00f6glichkeiten, Campingpl\u00e4tzen, Parkpl\u00e4tzen, etc. stets die Orientierung zu behalten.\u00dcber Hallwag K\u00fcmmerly+FreyWir, Hallwag K\u00fcmmerly+Frey, haben uns zum Ziel gesetzt Menschen dazu zu inspirieren die Welt zu erkunden. Unsere Strassenkarten, Stadtpl\u00e4nen, Wanderkarten, Fahrradkarten, etc. \u00fcberzeugen durch Aktualit\u00e4t, genaueste Kartografie, gut recherchierten Routen und \u00fcbersichtliches Layout, so dass die Planung und die Reise selbst optimal gelingt.Starten Sie mit uns gut vorbereitet in Ihr Abenteuer!Sprachen: Deutsch, Englisch, Franz\u00f6sisch, Italienisch, Niederl\u00e4ndisch, Schwedisch<\/p>\n","protected":false},"excerpt":{"rendered":"<p>In der Hallwag Strassenkarte Deutschland Nord im Massstab 1:500&#8217;000 finden Sie alles was Sie zur Orientierung und Inspiration brauchen.Die Karte zeigt von K\u00f6ln bis Hamburg die wichtigsten Gebiete von Interesse.Dank den deutlich gekennzeichneten, leicht lesbaren und aktuellen Strassen, dem aufger\u00e4umten, aktuellen Kartenbild, der unvergleichbaren Schweizer Qualit\u00e4t der Kartografie sowie der Detailgenauigkeit, ist die Karte das [&hellip;]<\/p>\n","protected":false},"featured_media":233862,"template":"","meta":{"_acf_changed":false},"product_featured_cat":[],"product_brand":[3695],"product_cat":[4352],"product_tag":[],"class_list":{"0":"post-233832","1":"product","2":"type-product","3":"status-publish","4":"has-post-thumbnail","6":"product_brand-hallwag-kummerlyfrey-de","7":"product_cat-reisefuehrer","9":"first","10":"instock","11":"taxable","12":"shipping-taxable","13":"purchasable","14":"product-type-simple"},"acf":[],"yoast_head":"<!-- This site is optimized with the Yoast SEO plugin v27.4 - https:\/\/yoast.com\/product\/yoast-seo-wordpress\/ -->\n<title>Hallwag Strassenkarte Deutschland Nord 1:500.000. 1:500&#039;000 - Bantam Camping AG<\/title>\n<meta name=\"robots\" content=\"index, follow, max-snippet:-1, max-image-preview:large, max-video-preview:-1\" \/>\n<link rel=\"canonical\" href=\"https:\/\/shop.bantam.ch\/de\/produkt\/hallwag-strassenkarte-deutschland-nord-1500-000-1500000\/\" \/>\n<meta property=\"og:locale\" content=\"de_DE\" \/>\n<meta property=\"og:type\" content=\"article\" \/>\n<meta property=\"og:title\" content=\"Hallwag Strassenkarte Deutschland Nord 1:500.000. 1:500&#039;000 - Bantam Camping AG\" \/>\n<meta property=\"og:description\" content=\"In der Hallwag Strassenkarte Deutschland Nord im Massstab 1:500&#8217;000 finden Sie alles was Sie zur Orientierung und Inspiration brauchen.Die Karte zeigt von K\u00f6ln bis Hamburg die wichtigsten Gebiete von Interesse.Dank den deutlich gekennzeichneten, leicht lesbaren und aktuellen Strassen, dem aufger\u00e4umten, aktuellen Kartenbild, der unvergleichbaren Schweizer Qualit\u00e4t der Kartografie sowie der Detailgenauigkeit, ist die Karte das [&hellip;]\" \/>\n<meta property=\"og:url\" content=\"https:\/\/shop.bantam.ch\/de\/produkt\/hallwag-strassenkarte-deutschland-nord-1500-000-1500000\/\" \/>\n<meta property=\"og:site_name\" content=\"Bantam Camping AG\" \/>\n<meta property=\"article:modified_time\" content=\"2026-04-19T22:03:30+00:00\" \/>\n<meta name=\"twitter:card\" content=\"summary_large_image\" \/>\n<meta name=\"twitter:label1\" content=\"Gesch\u00e4tzte Lesezeit\" \/>\n\t<meta name=\"twitter:data1\" content=\"1\u00a0Minute\" \/>\n<script type=\"application\/ld+json\" class=\"yoast-schema-graph\">{\"@context\":\"https:\\\/\\\/schema.org\",\"@graph\":[{\"@type\":\"WebPage\",\"@id\":\"https:\\\/\\\/shop.bantam.ch\\\/de\\\/produkt\\\/hallwag-strassenkarte-deutschland-nord-1500-000-1500000\\\/\",\"url\":\"https:\\\/\\\/shop.bantam.ch\\\/de\\\/produkt\\\/hallwag-strassenkarte-deutschland-nord-1500-000-1500000\\\/\",\"name\":\"Hallwag Strassenkarte Deutschland Nord 1:500.000. 1:500'000 - Bantam Camping AG\",\"isPartOf\":{\"@id\":\"https:\\\/\\\/shop.bantam.ch\\\/de\\\/#website\"},\"primaryImageOfPage\":{\"@id\":\"https:\\\/\\\/shop.bantam.ch\\\/de\\\/produkt\\\/hallwag-strassenkarte-deutschland-nord-1500-000-1500000\\\/#primaryimage\"},\"image\":{\"@id\":\"https:\\\/\\\/shop.bantam.ch\\\/de\\\/produkt\\\/hallwag-strassenkarte-deutschland-nord-1500-000-1500000\\\/#primaryimage\"},\"thumbnailUrl\":\"https:\\\/\\\/shop.bantam.ch\\\/wp-content\\\/uploads\\\/2026\\\/02\\\/Hallwag-Strassenkarte-Deutschland-Nord.jpg\",\"datePublished\":\"2026-02-05T14:50:25+00:00\",\"dateModified\":\"2026-04-19T22:03:30+00:00\",\"breadcrumb\":{\"@id\":\"https:\\\/\\\/shop.bantam.ch\\\/de\\\/produkt\\\/hallwag-strassenkarte-deutschland-nord-1500-000-1500000\\\/#breadcrumb\"},\"inLanguage\":\"de\",\"potentialAction\":[{\"@type\":\"ReadAction\",\"target\":[\"https:\\\/\\\/shop.bantam.ch\\\/de\\\/produkt\\\/hallwag-strassenkarte-deutschland-nord-1500-000-1500000\\\/\"]}]},{\"@type\":\"ImageObject\",\"inLanguage\":\"de\",\"@id\":\"https:\\\/\\\/shop.bantam.ch\\\/de\\\/produkt\\\/hallwag-strassenkarte-deutschland-nord-1500-000-1500000\\\/#primaryimage\",\"url\":\"https:\\\/\\\/shop.bantam.ch\\\/wp-content\\\/uploads\\\/2026\\\/02\\\/Hallwag-Strassenkarte-Deutschland-Nord.jpg\",\"contentUrl\":\"https:\\\/\\\/shop.bantam.ch\\\/wp-content\\\/uploads\\\/2026\\\/02\\\/Hallwag-Strassenkarte-Deutschland-Nord.jpg\",\"width\":93,\"height\":180},{\"@type\":\"BreadcrumbList\",\"@id\":\"https:\\\/\\\/shop.bantam.ch\\\/de\\\/produkt\\\/hallwag-strassenkarte-deutschland-nord-1500-000-1500000\\\/#breadcrumb\",\"itemListElement\":[{\"@type\":\"ListItem\",\"position\":1,\"name\":\"Accueil\",\"item\":\"https:\\\/\\\/shop.bantam.ch\\\/de\\\/\"},{\"@type\":\"ListItem\",\"position\":2,\"name\":\"Shop\",\"item\":\"https:\\\/\\\/shop.bantam.ch\\\/de\\\/shop\\\/\"},{\"@type\":\"ListItem\",\"position\":3,\"name\":\"Hallwag Strassenkarte Deutschland Nord 1:500.000. 1:500&rsquo;000\"}]},{\"@type\":\"WebSite\",\"@id\":\"https:\\\/\\\/shop.bantam.ch\\\/de\\\/#website\",\"url\":\"https:\\\/\\\/shop.bantam.ch\\\/de\\\/\",\"name\":\"Bantam Camping AG\",\"description\":\"\",\"publisher\":{\"@id\":\"https:\\\/\\\/shop.bantam.ch\\\/de\\\/#organization\"},\"inLanguage\":\"de\"},{\"@type\":\"Organization\",\"@id\":\"https:\\\/\\\/shop.bantam.ch\\\/de\\\/#organization\",\"name\":\"Bantam Camping AG\",\"url\":\"https:\\\/\\\/shop.bantam.ch\\\/de\\\/\",\"logo\":{\"@type\":\"ImageObject\",\"inLanguage\":\"de\",\"@id\":\"https:\\\/\\\/shop.bantam.ch\\\/de\\\/#\\\/schema\\\/logo\\\/image\\\/\",\"url\":\"https:\\\/\\\/shop.bantam.ch\\\/wp-content\\\/uploads\\\/2022\\\/12\\\/bantam-logo.png\",\"contentUrl\":\"https:\\\/\\\/shop.bantam.ch\\\/wp-content\\\/uploads\\\/2022\\\/12\\\/bantam-logo.png\",\"width\":320,\"height\":71,\"caption\":\"Bantam Camping AG\"},\"image\":{\"@id\":\"https:\\\/\\\/shop.bantam.ch\\\/de\\\/#\\\/schema\\\/logo\\\/image\\\/\"}}]}<\/script>\n<!-- \/ Yoast SEO plugin. -->","yoast_head_json":{"title":"Hallwag Strassenkarte Deutschland Nord 1:500.000. 1:500'000 - Bantam Camping AG","robots":{"index":"index","follow":"follow","max-snippet":"max-snippet:-1","max-image-preview":"max-image-preview:large","max-video-preview":"max-video-preview:-1"},"canonical":"https:\/\/shop.bantam.ch\/de\/produkt\/hallwag-strassenkarte-deutschland-nord-1500-000-1500000\/","og_locale":"de_DE","og_type":"article","og_title":"Hallwag Strassenkarte Deutschland Nord 1:500.000. 1:500'000 - Bantam Camping AG","og_description":"In der Hallwag Strassenkarte Deutschland Nord im Massstab 1:500&#8217;000 finden Sie alles was Sie zur Orientierung und Inspiration brauchen.Die Karte zeigt von K\u00f6ln bis Hamburg die wichtigsten Gebiete von Interesse.Dank den deutlich gekennzeichneten, leicht lesbaren und aktuellen Strassen, dem aufger\u00e4umten, aktuellen Kartenbild, der unvergleichbaren Schweizer Qualit\u00e4t der Kartografie sowie der Detailgenauigkeit, ist die Karte das [&hellip;]","og_url":"https:\/\/shop.bantam.ch\/de\/produkt\/hallwag-strassenkarte-deutschland-nord-1500-000-1500000\/","og_site_name":"Bantam Camping AG","article_modified_time":"2026-04-19T22:03:30+00:00","twitter_card":"summary_large_image","twitter_misc":{"Gesch\u00e4tzte Lesezeit":"1\u00a0Minute"},"schema":{"@context":"https:\/\/schema.org","@graph":[{"@type":"WebPage","@id":"https:\/\/shop.bantam.ch\/de\/produkt\/hallwag-strassenkarte-deutschland-nord-1500-000-1500000\/","url":"https:\/\/shop.bantam.ch\/de\/produkt\/hallwag-strassenkarte-deutschland-nord-1500-000-1500000\/","name":"Hallwag Strassenkarte Deutschland Nord 1:500.000. 1:500'000 - Bantam Camping AG","isPartOf":{"@id":"https:\/\/shop.bantam.ch\/de\/#website"},"primaryImageOfPage":{"@id":"https:\/\/shop.bantam.ch\/de\/produkt\/hallwag-strassenkarte-deutschland-nord-1500-000-1500000\/#primaryimage"},"image":{"@id":"https:\/\/shop.bantam.ch\/de\/produkt\/hallwag-strassenkarte-deutschland-nord-1500-000-1500000\/#primaryimage"},"thumbnailUrl":"https:\/\/shop.bantam.ch\/wp-content\/uploads\/2026\/02\/Hallwag-Strassenkarte-Deutschland-Nord.jpg","datePublished":"2026-02-05T14:50:25+00:00","dateModified":"2026-04-19T22:03:30+00:00","breadcrumb":{"@id":"https:\/\/shop.bantam.ch\/de\/produkt\/hallwag-strassenkarte-deutschland-nord-1500-000-1500000\/#breadcrumb"},"inLanguage":"de","potentialAction":[{"@type":"ReadAction","target":["https:\/\/shop.bantam.ch\/de\/produkt\/hallwag-strassenkarte-deutschland-nord-1500-000-1500000\/"]}]},{"@type":"ImageObject","inLanguage":"de","@id":"https:\/\/shop.bantam.ch\/de\/produkt\/hallwag-strassenkarte-deutschland-nord-1500-000-1500000\/#primaryimage","url":"https:\/\/shop.bantam.ch\/wp-content\/uploads\/2026\/02\/Hallwag-Strassenkarte-Deutschland-Nord.jpg","contentUrl":"https:\/\/shop.bantam.ch\/wp-content\/uploads\/2026\/02\/Hallwag-Strassenkarte-Deutschland-Nord.jpg","width":93,"height":180},{"@type":"BreadcrumbList","@id":"https:\/\/shop.bantam.ch\/de\/produkt\/hallwag-strassenkarte-deutschland-nord-1500-000-1500000\/#breadcrumb","itemListElement":[{"@type":"ListItem","position":1,"name":"Accueil","item":"https:\/\/shop.bantam.ch\/de\/"},{"@type":"ListItem","position":2,"name":"Shop","item":"https:\/\/shop.bantam.ch\/de\/shop\/"},{"@type":"ListItem","position":3,"name":"Hallwag Strassenkarte Deutschland Nord 1:500.000. 1:500&rsquo;000"}]},{"@type":"WebSite","@id":"https:\/\/shop.bantam.ch\/de\/#website","url":"https:\/\/shop.bantam.ch\/de\/","name":"Bantam Camping AG","description":"","publisher":{"@id":"https:\/\/shop.bantam.ch\/de\/#organization"},"inLanguage":"de"},{"@type":"Organization","@id":"https:\/\/shop.bantam.ch\/de\/#organization","name":"Bantam Camping AG","url":"https:\/\/shop.bantam.ch\/de\/","logo":{"@type":"ImageObject","inLanguage":"de","@id":"https:\/\/shop.bantam.ch\/de\/#\/schema\/logo\/image\/","url":"https:\/\/shop.bantam.ch\/wp-content\/uploads\/2022\/12\/bantam-logo.png","contentUrl":"https:\/\/shop.bantam.ch\/wp-content\/uploads\/2022\/12\/bantam-logo.png","width":320,"height":71,"caption":"Bantam Camping AG"},"image":{"@id":"https:\/\/shop.bantam.ch\/de\/#\/schema\/logo\/image\/"}}]}},"_links":{"self":[{"href":"https:\/\/shop.bantam.ch\/de\/wp-json\/wp\/v2\/product\/233832","targetHints":{"allow":["GET"]}}],"collection":[{"href":"https:\/\/shop.bantam.ch\/de\/wp-json\/wp\/v2\/product"}],"about":[{"href":"https:\/\/shop.bantam.ch\/de\/wp-json\/wp\/v2\/types\/product"}],"wp:featuredmedia":[{"embeddable":true,"href":"https:\/\/shop.bantam.ch\/de\/wp-json\/wp\/v2\/media\/233862"}],"wp:attachment":[{"href":"https:\/\/shop.bantam.ch\/de\/wp-json\/wp\/v2\/media?parent=233832"}],"wp:term":[{"taxonomy":"product_featured_cat","embeddable":true,"href":"https:\/\/shop.bantam.ch\/de\/wp-json\/wp\/v2\/product_featured_cat?post=233832"},{"taxonomy":"product_brand","embeddable":true,"href":"https:\/\/shop.bantam.ch\/de\/wp-json\/wp\/v2\/product_brand?post=233832"},{"taxonomy":"product_cat","embeddable":true,"href":"https:\/\/shop.bantam.ch\/de\/wp-json\/wp\/v2\/product_cat?post=233832"},{"taxonomy":"product_tag","embeddable":true,"href":"https:\/\/shop.bantam.ch\/de\/wp-json\/wp\/v2\/product_tag?post=233832"}],"curies":[{"name":"wp","href":"https:\/\/api.w.org\/{rel}","templated":true}]}}